{"id":25317,"date":"2025-09-18T01:49:25","date_gmt":"2025-09-18T01:49:25","guid":{"rendered":"https:\/\/vitablanca.ma\/?post_type=product&#038;p=25317"},"modified":"2025-09-22T18:10:28","modified_gmt":"2025-09-22T18:10:28","slug":"now-foods-vitamine-c-1000-mg-zinc-immuniseprotection-antioxydante-90-capsules","status":"publish","type":"product","link":"https:\/\/vitablanca.ma\/en\/product\/now-foods-vitamine-c-1000-mg-zinc-immuniseprotection-antioxydante-90-capsules\/","title":{"rendered":"Now Foods Vitamine C-1000 mg Zinc immunis\u00e9,Protection antioxydante 90 capsules"},"content":{"rendered":"<p><strong>Now Foods Vitamin C-1000 mg Zinc Immunis\u00e9<\/strong> est un suppl\u00e9ment puissant combinant <strong>1000 mg de vitamine C<\/strong> And <strong>zinc<\/strong>, con\u00e7u pour offrir un soutien maximal au <strong>immune system<\/strong> and <strong>antioxidant properties<\/strong> exceptionnelles. Ce complexe fournit des nutriments essentiels qui prot\u00e8gent les cellules contre les radicaux libres, renforcent les d\u00e9fenses naturelles du corps et favorisent une sant\u00e9 optimale.<\/p>\n\n\n\n<ul class=\"wp-block-list\">\n<li><strong>Soutien Immunitaire Renforc\u00e9<\/strong> : La <strong>vitamin C<\/strong> est un puissant antioxydant qui soutient la fonction du syst\u00e8me immunitaire en renfor\u00e7ant les d\u00e9fenses naturelles du corps et en stimulant la production de globules blancs.<\/li>\n\n\n\n<li><strong>Propri\u00e9t\u00e9s Antioxydantes<\/strong> : En neutralisant les radicaux libres, la vitamine C aide \u00e0 r\u00e9duire le stress oxydatif, ce qui prot\u00e8ge les cellules des dommages et ralentit le processus de vieillissement cellulaire.<\/li>\n\n\n\n<li><strong>Protection avec le Zinc<\/strong> : Le <strong>zinc<\/strong> est un min\u00e9ral essentiel qui joue un r\u00f4le cl\u00e9 dans la r\u00e9gulation de la r\u00e9ponse immunitaire, la gu\u00e9rison des blessures et la protection contre les infections.<\/li>\n\n\n\n<li><strong>Soutien \u00e0 la Sant\u00e9 Cutan\u00e9e et Oculaire<\/strong> : En plus de ses bienfaits immunitaires, la vitamine C favorise la production de <strong>collagen<\/strong>, contribuant \u00e0 la sant\u00e9 de la peau, des gencives et des articulations, tout en soutenant la sant\u00e9 oculaire.<\/li>\n\n\n\n<li><strong>Formule Pratique<\/strong> : Ce suppl\u00e9ment est disponible sous forme de <strong>capsules faciles \u00e0 prendre<\/strong>, fournissant un apport de vitamine C et de zinc de haute qualit\u00e9 pour des r\u00e9sultats optimaux.<\/li>\n<\/ul>\n\n\n\n<p><strong>Use<\/strong> : Prenez 1 capsule 1 \u00e0 2 fois par jour, de pr\u00e9f\u00e9rence pendant les repas, ou selon les recommandations d&rsquo;un professionnel de la sant\u00e9.<\/p>\n\n\n\n<h3 class=\"wp-block-heading\"><strong>Benefits<\/strong>:<\/h3>\n\n\n\n<ul class=\"wp-block-list\">\n<li><strong>Strengthens the immune system<\/strong> et prot\u00e8ge contre les infections.<\/li>\n\n\n\n<li><strong>Powerful antioxidant properties<\/strong> pour prot\u00e9ger les cellules contre le stress oxydatif.<\/li>\n\n\n\n<li><strong>Favorise la sant\u00e9 de la peau, des gencives et des os<\/strong>.<\/li>\n\n\n\n<li><strong>Soutient la fonction cognitive<\/strong> et le bien-\u00eatre g\u00e9n\u00e9ral.<\/li>\n\n\n\n<li><strong>Formule pratique<\/strong> avec vitamine C et zinc pour un soutien complet.<\/li>\n<\/ul>\n\n\n\n<p><strong>Now Foods Vitamin C-1000 mg Zinc Immunis\u00e9<\/strong> est id\u00e9al pour ceux qui cherchent \u00e0 renforcer leur syst\u00e8me immunitaire, prot\u00e9ger leurs cellules et am\u00e9liorer leur bien-\u00eatre g\u00e9n\u00e9ral gr\u00e2ce \u00e0 un soutien antioxydant naturel.<\/p>","protected":false},"excerpt":{"rendered":"<ul>\n<li>1 000 mg de VITAMINE C ET 15 mg de ZINC : C-1000 Zinc Immune combine la vitamine C et le zinc pour un puissant soutien du syst\u00e8me immunitaire.<\/li>\n<li>FORMULE DE SOUTIEN SAISONNIER : Ce produit utilise le bisglycinate de zinc TRAACS, une forme de zinc qui a \u00e9t\u00e9 d\u00e9montr\u00e9e dans des \u00e9tudes cliniques comme ayant une biodisponibilit\u00e9 sup\u00e9rieure par rapport \u00e0 d&rsquo;autres formes de zinc suppl\u00e9mentaire.<\/li>\n<li>PROTECTION ANTIOXYDANTE : Prendre une capsule par jour avec un repas.<\/li>\n<li>Qualit\u00e9 GMP assur\u00e9e : la certification GMP NPA A signifie que chaque aspect du processus de fabrication NOW a \u00e9t\u00e9 examin\u00e9, y compris nos m\u00e9thodes de laboratoire\/test (pour la stabilit\u00e9, la puissance et la formulation du produit).<\/li>\n<li>Emball\u00e9 aux \u00c9tats-Unis par une entreprise familiale d\u00e9tenue et exploit\u00e9e depuis 1968.<\/li>\n<\/ul>","protected":false},"featured_media":25354,"template":"","meta":{"om_disable_all_campaigns":false},"product_brand":[83],"product_cat":[18,3366],"product_tag":[3194,3491,3505,3506,3507,3508,3509,3510],"class_list":{"0":"post-25317","1":"product","2":"type-product","3":"status-publish","4":"has-post-thumbnail","6":"product_brand-now-foods-maroc-prix","7":"product_cat-beaute-sante","8":"product_cat-complements-alimentaires-au-maroc-vitablanca","9":"product_tag-complement-antioxydant-naturel","10":"product_tag-iherb","11":"product_tag-maroc-prix","12":"product_tag-now-foods-vitamine-c-1000-mg","13":"product_tag-prix-casa","14":"product_tag-protection-immunitaire-et-energie","15":"product_tag-vitamine-c-1000-mg-zinc-now-foods","16":"product_tag-vitamine-c-avec-zinc-immunite","18":"first","19":"instock","20":"sale","21":"taxable","22":"shipping-taxable","23":"purchasable","24":"product-type-simple"},"yoast_head":"<!-- This site is optimized with the Yoast SEO plugin v27.5 - https:\/\/yoast.com\/product\/yoast-seo-wordpress\/ -->\n<title>Now Foods Vitamine C-1000 mg Zinc immunis\u00e9 90 capsules - Maroc<\/title>\n<meta name=\"description\" content=\"D\u00e9couvrez Now Foods Vitamin C-1000 mg Zinc Immunis\u00e9, 90 capsules, un suppl\u00e9ment naturel pour soutenir le syst\u00e8me immunitaire, offrir des propri\u00e9t\u00e9s antioxydantes et prot\u00e9ger contre les radicaux libres gr\u00e2ce \u00e0 la vitamine C et au zinc.\" \/>\n<meta name=\"robots\" content=\"index, follow, max-snippet:-1, max-image-preview:large, max-video-preview:-1\" \/>\n<link rel=\"canonical\" href=\"https:\/\/vitablanca.ma\/en\/product\/now-foods-vitamine-c-1000-mg-zinc-immuniseprotection-antioxydante-90-capsules\/\" \/>\n<meta property=\"og:locale\" content=\"en_US\" \/>\n<meta property=\"og:type\" content=\"article\" \/>\n<meta property=\"og:title\" content=\"Now Foods Vitamine C-1000 mg Zinc immunis\u00e9 90 capsules - Maroc\" \/>\n<meta property=\"og:description\" content=\"D\u00e9couvrez Now Foods Vitamin C-1000 mg Zinc Immunis\u00e9, 90 capsules, un suppl\u00e9ment naturel pour soutenir le syst\u00e8me immunitaire, offrir des propri\u00e9t\u00e9s antioxydantes et prot\u00e9ger contre les radicaux libres gr\u00e2ce \u00e0 la vitamine C et au zinc.\" \/>\n<meta property=\"og:url\" content=\"https:\/\/vitablanca.ma\/en\/product\/now-foods-vitamine-c-1000-mg-zinc-immuniseprotection-antioxydante-90-capsules\/\" \/>\n<meta property=\"og:site_name\" content=\"Vitablanca.ma &ndash; Sant&eacute;, vitalit&eacute; et bien-&ecirc;tre pour tous les Marocains\" \/>\n<meta property=\"article:publisher\" content=\"https:\/\/www.facebook.com\/profile.php?id=61576678196717\" \/>\n<meta property=\"article:modified_time\" content=\"2025-09-22T18:10:28+00:00\" \/>\n<meta property=\"og:image\" content=\"https:\/\/vitablanca.ma\/wp-content\/uploads\/2025\/09\/WhatsApp-Image-2025-08-16-at-00.32.27.jpeg\" \/>\n\t<meta property=\"og:image:width\" content=\"1170\" \/>\n\t<meta property=\"og:image:height\" content=\"1491\" \/>\n\t<meta property=\"og:image:type\" content=\"image\/jpeg\" \/>\n<meta name=\"twitter:card\" content=\"summary_large_image\" \/>\n<meta name=\"twitter:label1\" content=\"Est. reading time\" \/>\n\t<meta name=\"twitter:data1\" content=\"2 minutes\" \/>\n<script type=\"application\/ld+json\" class=\"yoast-schema-graph\">{\"@context\":\"https:\\\/\\\/schema.org\",\"@graph\":[{\"@type\":[\"WebPage\",\"ItemPage\"],\"@id\":\"https:\\\/\\\/vitablanca.ma\\\/produit\\\/now-foods-vitamine-c-1000-mg-zinc-immuniseprotection-antioxydante-90-capsules\\\/\",\"url\":\"https:\\\/\\\/vitablanca.ma\\\/produit\\\/now-foods-vitamine-c-1000-mg-zinc-immuniseprotection-antioxydante-90-capsules\\\/\",\"name\":\"Now Foods Vitamine C-1000 mg Zinc immunis\u00e9 90 capsules - Maroc\",\"isPartOf\":{\"@id\":\"https:\\\/\\\/vitablanca.ma\\\/#website\"},\"primaryImageOfPage\":{\"@id\":\"https:\\\/\\\/vitablanca.ma\\\/produit\\\/now-foods-vitamine-c-1000-mg-zinc-immuniseprotection-antioxydante-90-capsules\\\/#primaryimage\"},\"image\":{\"@id\":\"https:\\\/\\\/vitablanca.ma\\\/produit\\\/now-foods-vitamine-c-1000-mg-zinc-immuniseprotection-antioxydante-90-capsules\\\/#primaryimage\"},\"thumbnailUrl\":\"https:\\\/\\\/vitablanca.ma\\\/wp-content\\\/uploads\\\/2025\\\/09\\\/WhatsApp-Image-2025-08-16-at-00.32.27.jpeg\",\"datePublished\":\"2025-09-18T01:49:25+00:00\",\"dateModified\":\"2025-09-22T18:10:28+00:00\",\"description\":\"D\u00e9couvrez Now Foods Vitamin C-1000 mg Zinc Immunis\u00e9, 90 capsules, un suppl\u00e9ment naturel pour soutenir le syst\u00e8me immunitaire, offrir des propri\u00e9t\u00e9s antioxydantes et prot\u00e9ger contre les radicaux libres gr\u00e2ce \u00e0 la vitamine C et au zinc.\",\"breadcrumb\":{\"@id\":\"https:\\\/\\\/vitablanca.ma\\\/produit\\\/now-foods-vitamine-c-1000-mg-zinc-immuniseprotection-antioxydante-90-capsules\\\/#breadcrumb\"},\"inLanguage\":\"en-US\",\"potentialAction\":[{\"@type\":\"ReadAction\",\"target\":[\"https:\\\/\\\/vitablanca.ma\\\/produit\\\/now-foods-vitamine-c-1000-mg-zinc-immuniseprotection-antioxydante-90-capsules\\\/\"]}]},{\"@type\":\"ImageObject\",\"inLanguage\":\"en-US\",\"@id\":\"https:\\\/\\\/vitablanca.ma\\\/produit\\\/now-foods-vitamine-c-1000-mg-zinc-immuniseprotection-antioxydante-90-capsules\\\/#primaryimage\",\"url\":\"https:\\\/\\\/vitablanca.ma\\\/wp-content\\\/uploads\\\/2025\\\/09\\\/WhatsApp-Image-2025-08-16-at-00.32.27.jpeg\",\"contentUrl\":\"https:\\\/\\\/vitablanca.ma\\\/wp-content\\\/uploads\\\/2025\\\/09\\\/WhatsApp-Image-2025-08-16-at-00.32.27.jpeg\",\"width\":1170,\"height\":1491},{\"@type\":\"BreadcrumbList\",\"@id\":\"https:\\\/\\\/vitablanca.ma\\\/produit\\\/now-foods-vitamine-c-1000-mg-zinc-immuniseprotection-antioxydante-90-capsules\\\/#breadcrumb\",\"itemListElement\":[{\"@type\":\"ListItem\",\"position\":1,\"name\":\"Home\",\"item\":\"https:\\\/\\\/vitablanca.ma\\\/\"},{\"@type\":\"ListItem\",\"position\":2,\"name\":\"Tous Les Produits\",\"item\":\"https:\\\/\\\/vitablanca.ma\\\/tous-les-produits\\\/\"},{\"@type\":\"ListItem\",\"position\":3,\"name\":\"Now Foods Vitamine C-1000 mg Zinc immunis\u00e9,Protection antioxydante 90 capsules\"}]},{\"@type\":\"WebSite\",\"@id\":\"https:\\\/\\\/vitablanca.ma\\\/#website\",\"url\":\"https:\\\/\\\/vitablanca.ma\\\/\",\"name\":\"VitaBlanca.ma | Compl\u00e9ments alimentaires, sant\u00e9 & beaut\u00e9 au Maroc\",\"description\":\"vendre vitamines et compl\u00e9ments premium des USA &amp; Canada, Nouvelle Z\u00e9lande,Maroc (NOW Foods, Solgar, Manuka). Livraison rapide partout au Maroc.\",\"publisher\":{\"@id\":\"https:\\\/\\\/vitablanca.ma\\\/#organization\"},\"alternateName\":\"VitaBlanca.ma\",\"potentialAction\":[{\"@type\":\"SearchAction\",\"target\":{\"@type\":\"EntryPoint\",\"urlTemplate\":\"https:\\\/\\\/vitablanca.ma\\\/?s={search_term_string}\"},\"query-input\":{\"@type\":\"PropertyValueSpecification\",\"valueRequired\":true,\"valueName\":\"search_term_string\"}}],\"inLanguage\":\"en-US\"},{\"@type\":\"Organization\",\"@id\":\"https:\\\/\\\/vitablanca.ma\\\/#organization\",\"name\":\"VitaBlanca\",\"url\":\"https:\\\/\\\/vitablanca.ma\\\/\",\"logo\":{\"@type\":\"ImageObject\",\"inLanguage\":\"en-US\",\"@id\":\"https:\\\/\\\/vitablanca.ma\\\/#\\\/schema\\\/logo\\\/image\\\/\",\"url\":\"https:\\\/\\\/vitablanca.ma\\\/wp-content\\\/uploads\\\/2025\\\/05\\\/cropped-vitablanca.png\",\"contentUrl\":\"https:\\\/\\\/vitablanca.ma\\\/wp-content\\\/uploads\\\/2025\\\/05\\\/cropped-vitablanca.png\",\"width\":360,\"height\":67,\"caption\":\"VitaBlanca\"},\"image\":{\"@id\":\"https:\\\/\\\/vitablanca.ma\\\/#\\\/schema\\\/logo\\\/image\\\/\"},\"sameAs\":[\"https:\\\/\\\/www.facebook.com\\\/profile.php?id=61576678196717\",\"https:\\\/\\\/www.tiktok.com\\\/@vitablanca.ma\",\"https:\\\/\\\/www.instagram.com\\\/vitablanca.ma\\\/\"]}]}<\/script>\n<!-- \/ Yoast SEO plugin. -->","yoast_head_json":{"title":"Now Foods Vitamine C-1000 mg Zinc immunis\u00e9 90 capsules - Maroc","description":"D\u00e9couvrez Now Foods Vitamin C-1000 mg Zinc Immunis\u00e9, 90 capsules, un suppl\u00e9ment naturel pour soutenir le syst\u00e8me immunitaire, offrir des propri\u00e9t\u00e9s antioxydantes et prot\u00e9ger contre les radicaux libres gr\u00e2ce \u00e0 la vitamine C et au zinc.","robots":{"index":"index","follow":"follow","max-snippet":"max-snippet:-1","max-image-preview":"max-image-preview:large","max-video-preview":"max-video-preview:-1"},"canonical":"https:\/\/vitablanca.ma\/en\/product\/now-foods-vitamine-c-1000-mg-zinc-immuniseprotection-antioxydante-90-capsules\/","og_locale":"en_US","og_type":"article","og_title":"Now Foods Vitamine C-1000 mg Zinc immunis\u00e9 90 capsules - Maroc","og_description":"D\u00e9couvrez Now Foods Vitamin C-1000 mg Zinc Immunis\u00e9, 90 capsules, un suppl\u00e9ment naturel pour soutenir le syst\u00e8me immunitaire, offrir des propri\u00e9t\u00e9s antioxydantes et prot\u00e9ger contre les radicaux libres gr\u00e2ce \u00e0 la vitamine C et au zinc.","og_url":"https:\/\/vitablanca.ma\/en\/product\/now-foods-vitamine-c-1000-mg-zinc-immuniseprotection-antioxydante-90-capsules\/","og_site_name":"Vitablanca.ma &ndash; Sant&eacute;, vitalit&eacute; et bien-&ecirc;tre pour tous les Marocains","article_publisher":"https:\/\/www.facebook.com\/profile.php?id=61576678196717","article_modified_time":"2025-09-22T18:10:28+00:00","og_image":[{"width":1170,"height":1491,"url":"https:\/\/vitablanca.ma\/wp-content\/uploads\/2025\/09\/WhatsApp-Image-2025-08-16-at-00.32.27.jpeg","type":"image\/jpeg"}],"twitter_card":"summary_large_image","twitter_misc":{"Est. reading time":"2 minutes"},"schema":{"@context":"https:\/\/schema.org","@graph":[{"@type":["WebPage","ItemPage"],"@id":"https:\/\/vitablanca.ma\/produit\/now-foods-vitamine-c-1000-mg-zinc-immuniseprotection-antioxydante-90-capsules\/","url":"https:\/\/vitablanca.ma\/produit\/now-foods-vitamine-c-1000-mg-zinc-immuniseprotection-antioxydante-90-capsules\/","name":"Now Foods Vitamine C-1000 mg Zinc immunis\u00e9 90 capsules - Maroc","isPartOf":{"@id":"https:\/\/vitablanca.ma\/#website"},"primaryImageOfPage":{"@id":"https:\/\/vitablanca.ma\/produit\/now-foods-vitamine-c-1000-mg-zinc-immuniseprotection-antioxydante-90-capsules\/#primaryimage"},"image":{"@id":"https:\/\/vitablanca.ma\/produit\/now-foods-vitamine-c-1000-mg-zinc-immuniseprotection-antioxydante-90-capsules\/#primaryimage"},"thumbnailUrl":"https:\/\/vitablanca.ma\/wp-content\/uploads\/2025\/09\/WhatsApp-Image-2025-08-16-at-00.32.27.jpeg","datePublished":"2025-09-18T01:49:25+00:00","dateModified":"2025-09-22T18:10:28+00:00","description":"D\u00e9couvrez Now Foods Vitamin C-1000 mg Zinc Immunis\u00e9, 90 capsules, un suppl\u00e9ment naturel pour soutenir le syst\u00e8me immunitaire, offrir des propri\u00e9t\u00e9s antioxydantes et prot\u00e9ger contre les radicaux libres gr\u00e2ce \u00e0 la vitamine C et au zinc.","breadcrumb":{"@id":"https:\/\/vitablanca.ma\/produit\/now-foods-vitamine-c-1000-mg-zinc-immuniseprotection-antioxydante-90-capsules\/#breadcrumb"},"inLanguage":"en-US","potentialAction":[{"@type":"ReadAction","target":["https:\/\/vitablanca.ma\/produit\/now-foods-vitamine-c-1000-mg-zinc-immuniseprotection-antioxydante-90-capsules\/"]}]},{"@type":"ImageObject","inLanguage":"en-US","@id":"https:\/\/vitablanca.ma\/produit\/now-foods-vitamine-c-1000-mg-zinc-immuniseprotection-antioxydante-90-capsules\/#primaryimage","url":"https:\/\/vitablanca.ma\/wp-content\/uploads\/2025\/09\/WhatsApp-Image-2025-08-16-at-00.32.27.jpeg","contentUrl":"https:\/\/vitablanca.ma\/wp-content\/uploads\/2025\/09\/WhatsApp-Image-2025-08-16-at-00.32.27.jpeg","width":1170,"height":1491},{"@type":"BreadcrumbList","@id":"https:\/\/vitablanca.ma\/produit\/now-foods-vitamine-c-1000-mg-zinc-immuniseprotection-antioxydante-90-capsules\/#breadcrumb","itemListElement":[{"@type":"ListItem","position":1,"name":"Home","item":"https:\/\/vitablanca.ma\/"},{"@type":"ListItem","position":2,"name":"Tous Les Produits","item":"https:\/\/vitablanca.ma\/tous-les-produits\/"},{"@type":"ListItem","position":3,"name":"Now Foods Vitamine C-1000 mg Zinc immunis\u00e9,Protection antioxydante 90 capsules"}]},{"@type":"WebSite","@id":"https:\/\/vitablanca.ma\/#website","url":"https:\/\/vitablanca.ma\/","name":"VitaBlanca.ma | Food supplements, health &amp; beauty in Morocco","description":"sell premium vitamins and supplements from USA &amp; Canada, New Zealand, Morocco (NOW Foods, Solgar, Manuka). Fast delivery anywhere in Morocco.","publisher":{"@id":"https:\/\/vitablanca.ma\/#organization"},"alternateName":"VitaBlanca.ma","potentialAction":[{"@type":"SearchAction","target":{"@type":"EntryPoint","urlTemplate":"https:\/\/vitablanca.ma\/?s={search_term_string}"},"query-input":{"@type":"PropertyValueSpecification","valueRequired":true,"valueName":"search_term_string"}}],"inLanguage":"en-US"},{"@type":"Organization","@id":"https:\/\/vitablanca.ma\/#organization","name":"VitaBlanca","url":"https:\/\/vitablanca.ma\/","logo":{"@type":"ImageObject","inLanguage":"en-US","@id":"https:\/\/vitablanca.ma\/#\/schema\/logo\/image\/","url":"https:\/\/vitablanca.ma\/wp-content\/uploads\/2025\/05\/cropped-vitablanca.png","contentUrl":"https:\/\/vitablanca.ma\/wp-content\/uploads\/2025\/05\/cropped-vitablanca.png","width":360,"height":67,"caption":"VitaBlanca"},"image":{"@id":"https:\/\/vitablanca.ma\/#\/schema\/logo\/image\/"},"sameAs":["https:\/\/www.facebook.com\/profile.php?id=61576678196717","https:\/\/www.tiktok.com\/@vitablanca.ma","https:\/\/www.instagram.com\/vitablanca.ma\/"]}]}},"jetpack_sharing_enabled":true,"_links":{"self":[{"href":"https:\/\/vitablanca.ma\/en\/wp-json\/wp\/v2\/product\/25317","targetHints":{"allow":["GET"]}}],"collection":[{"href":"https:\/\/vitablanca.ma\/en\/wp-json\/wp\/v2\/product"}],"about":[{"href":"https:\/\/vitablanca.ma\/en\/wp-json\/wp\/v2\/types\/product"}],"wp:featuredmedia":[{"embeddable":true,"href":"https:\/\/vitablanca.ma\/en\/wp-json\/wp\/v2\/media\/25354"}],"wp:attachment":[{"href":"https:\/\/vitablanca.ma\/en\/wp-json\/wp\/v2\/media?parent=25317"}],"wp:term":[{"taxonomy":"product_brand","embeddable":true,"href":"https:\/\/vitablanca.ma\/en\/wp-json\/wp\/v2\/product_brand?post=25317"},{"taxonomy":"product_cat","embeddable":true,"href":"https:\/\/vitablanca.ma\/en\/wp-json\/wp\/v2\/product_cat?post=25317"},{"taxonomy":"product_tag","embeddable":true,"href":"https:\/\/vitablanca.ma\/en\/wp-json\/wp\/v2\/product_tag?post=25317"}],"curies":[{"name":"wp","href":"https:\/\/api.w.org\/{rel}","templated":true}]}}