{"id":25312,"date":"2025-09-18T01:49:24","date_gmt":"2025-09-18T01:49:24","guid":{"rendered":"https:\/\/vitablanca.ma\/?post_type=product&#038;p=25312"},"modified":"2025-09-22T18:10:29","modified_gmt":"2025-09-22T18:10:29","slug":"now-foods-water-out-fluid-balance-100-capsules-vegetales","status":"publish","type":"product","link":"https:\/\/vitablanca.ma\/en\/product\/now-foods-water-out-fluid-balance-100-capsules-vegetales\/","title":{"rendered":"Now Foods Water Out Fluid Balance 100 capsules v\u00e9g\u00e9tales"},"content":{"rendered":"<p>NOW\u00ae Water Out\u2122 est un m\u00e9lange de plantes et de nutriments compl\u00e9mentaires formul\u00e9 pour favoriser le bon fonctionnement des voies urinaires et l&rsquo;\u00e9quilibre hydrique. Water Out\u2122 contient du pissenlit, traditionnellement utilis\u00e9 pour maintenir l&rsquo;\u00e9quilibre hydrique, ainsi que de l&rsquo;uva ursi et du gen\u00e9vrier, traditionnellement utilis\u00e9s par les herboristes pour favoriser la sant\u00e9 des voies urinaires. Associ\u00e9 \u00e0 la vitamine B-6 et au potassium, Water Out\u2122 contribue au bon fonctionnement des voies urinaires.<\/p>\n<ul data-start=\"471\" data-end=\"1408\">\n<li data-start=\"471\" data-end=\"692\">\n<p data-start=\"473\" data-end=\"692\"><strong data-start=\"473\" data-end=\"508\">R\u00e9duction de la R\u00e9tention d&rsquo;Eau<\/strong> : Ce suppl\u00e9ment aide \u00e0 \u00e9liminer l&rsquo;exc\u00e8s d&rsquo;eau du corps de mani\u00e8re naturelle, en soutenant les m\u00e9canismes d&rsquo;\u00e9limination des fluides et en r\u00e9duisant l&rsquo;inconfort d\u00fb \u00e0 la r\u00e9tention d&rsquo;eau.<\/p>\n<\/li>\n<li data-start=\"693\" data-end=\"866\">\n<p data-start=\"695\" data-end=\"866\"><strong data-start=\"695\" data-end=\"732\">Soutien \u00e0 l&rsquo;\u00c9quilibre des Fluides<\/strong> : Il aide \u00e0 maintenir l&rsquo;\u00e9quilibre des fluides corporels, essentiel pour une fonction cellulaire optimale et une bonne sant\u00e9 g\u00e9n\u00e9rale.<\/p>\n<\/li>\n<li data-start=\"867\" data-end=\"1074\">\n<p data-start=\"869\" data-end=\"1074\"><strong data-start=\"869\" data-end=\"893\">Ingr\u00e9dients Naturels<\/strong> : Compos\u00e9 de plantes diur\u00e9tiques et de nutriments comme le pissenlit, la racine de gingembre et le th\u00e9 vert, qui aident \u00e0 am\u00e9liorer la circulation et \u00e0 favoriser la d\u00e9toxification.<\/p>\n<\/li>\n<li data-start=\"1075\" data-end=\"1272\">\n<p data-start=\"1077\" data-end=\"1272\"><strong data-start=\"1077\" data-end=\"1105\">Soutien \u00e0 la Circulation<\/strong> : Ce suppl\u00e9ment soutient la circulation sanguine, ce qui peut \u00e9galement aider \u00e0 r\u00e9duire les gonflements et favoriser un meilleur confort dans les jambes et les pieds.<\/p>\n<\/li>\n<li data-start=\"1273\" data-end=\"1408\">\n<p data-start=\"1275\" data-end=\"1408\"><strong data-start=\"1275\" data-end=\"1299\">Formule V\u00e9g\u00e9talienne<\/strong> : Chaque capsule est v\u00e9g\u00e9talienne et formul\u00e9e pour garantir une absorption optimale, sans additifs inutiles.<\/p>\n<\/li>\n<\/ul>\n<p data-start=\"1410\" data-end=\"1559\"><strong data-start=\"1410\" data-end=\"1425\">Use<\/strong> : Prenez 1 capsule 1 \u00e0 2 fois par jour, de pr\u00e9f\u00e9rence pendant les repas, ou selon les recommandations d&rsquo;un professionnel de la sant\u00e9.<\/p>\n<h3 data-start=\"1561\" data-end=\"1579\"><strong data-start=\"1565\" data-end=\"1578\">Benefits<\/strong>:<\/h3>\n<ul data-start=\"1580\" data-end=\"1884\">\n<li data-start=\"1580\" data-end=\"1659\">\n<p data-start=\"1582\" data-end=\"1659\"><strong data-start=\"1582\" data-end=\"1611\">R\u00e9duit la r\u00e9tention d&rsquo;eau<\/strong> et aide \u00e0 \u00e9liminer l&rsquo;exc\u00e8s de liquide du corps.<\/p>\n<\/li>\n<li data-start=\"1660\" data-end=\"1737\">\n<p data-start=\"1662\" data-end=\"1737\"><strong data-start=\"1662\" data-end=\"1698\">Soutient l&rsquo;\u00e9quilibre des fluides<\/strong> pour une fonction corporelle optimale.<\/p>\n<\/li>\n<li data-start=\"1738\" data-end=\"1814\">\n<p data-start=\"1740\" data-end=\"1814\"><strong data-start=\"1740\" data-end=\"1767\">Am\u00e9liore la circulation<\/strong> et r\u00e9duit l&rsquo;inconfort d\u00fb \u00e0 la r\u00e9tention d&rsquo;eau.<\/p>\n<\/li>\n<li data-start=\"1815\" data-end=\"1884\">\n<p data-start=\"1817\" data-end=\"1884\"><strong data-start=\"1817\" data-end=\"1841\">Formule v\u00e9g\u00e9talienne<\/strong> et naturelle pour une absorption optimale.<\/p>\n<\/li>\n<\/ul>\n<p data-start=\"1886\" data-end=\"2103\" data-is-last-node=\"\" data-is-only-node=\"\"><strong data-start=\"1886\" data-end=\"1923\">Now Foods Water Out Fluid Balance<\/strong> est un excellent choix pour ceux qui cherchent \u00e0 r\u00e9duire la r\u00e9tention d&rsquo;eau, \u00e0 soutenir l&rsquo;\u00e9quilibre des fluides corporels et \u00e0 am\u00e9liorer leur confort g\u00e9n\u00e9ral de mani\u00e8re naturelle.<\/p>","protected":false},"excerpt":{"rendered":"<ul>\n<li>Favorise la sant\u00e9 des voies urinaires.<\/li>\n<li>Un compl\u00e9ment alimentaire.<\/li>\n<li>V\u00e9g\u00e9tarien\/V\u00e9g\u00e9talien.<\/li>\n<li>Plantes\/Herbes.<\/li>\n<li>Qualit\u00e9 assur\u00e9e &#8211; GMP.<\/li>\n<li>HALAL.<\/li>\n<\/ul>","protected":false},"featured_media":25342,"template":"","meta":{"om_disable_all_campaigns":false},"product_brand":[83],"product_cat":[18,3366],"product_tag":[3477,3478,3479,3480,92,3481,3482,3483],"class_list":{"0":"post-25312","1":"product","2":"type-product","3":"status-publish","4":"has-post-thumbnail","6":"product_brand-now-foods-maroc-prix","7":"product_cat-beaute-sante","8":"product_cat-complements-alimentaires-au-maroc-vitablanca","9":"product_tag-detox-water-out","10":"product_tag-diuretic-herbal-supplement","11":"product_tag-fluid-balance-supplement","12":"product_tag-herbal-fluid-balance-formula","13":"product_tag-now-foods-prix","14":"product_tag-prix-maroc","15":"product_tag-water-out","16":"product_tag-water-out-now-foods","18":"first","19":"instock","20":"sale","21":"taxable","22":"shipping-taxable","23":"purchasable","24":"product-type-simple"},"yoast_head":"<!-- This site is optimized with the Yoast SEO plugin v27.5 - https:\/\/yoast.com\/product\/yoast-seo-wordpress\/ -->\n<title>Now Foods Water Out Fluid Balance 100 capsules - Maroc Prix<\/title>\n<meta name=\"description\" content=\"D\u00e9couvrez Now Foods Water Out Fluid Balance, 100 capsules v\u00e9g\u00e9taliennes, un suppl\u00e9ment naturel con\u00e7u pour favoriser l&#039;\u00e9limination de l&#039;exc\u00e8s d&#039;eau,\" \/>\n<meta name=\"robots\" content=\"index, follow, max-snippet:-1, max-image-preview:large, max-video-preview:-1\" \/>\n<link rel=\"canonical\" href=\"https:\/\/vitablanca.ma\/en\/product\/now-foods-water-out-fluid-balance-100-capsules-vegetales\/\" \/>\n<meta property=\"og:locale\" content=\"en_US\" \/>\n<meta property=\"og:type\" content=\"article\" \/>\n<meta property=\"og:title\" content=\"Now Foods Water Out Fluid Balance 100 capsules - Maroc Prix\" \/>\n<meta property=\"og:description\" content=\"D\u00e9couvrez Now Foods Water Out Fluid Balance, 100 capsules v\u00e9g\u00e9taliennes, un suppl\u00e9ment naturel con\u00e7u pour favoriser l&#039;\u00e9limination de l&#039;exc\u00e8s d&#039;eau,\" \/>\n<meta property=\"og:url\" content=\"https:\/\/vitablanca.ma\/en\/product\/now-foods-water-out-fluid-balance-100-capsules-vegetales\/\" \/>\n<meta property=\"og:site_name\" content=\"Vitablanca.ma &ndash; Sant&eacute;, vitalit&eacute; et bien-&ecirc;tre pour tous les Marocains\" \/>\n<meta property=\"article:publisher\" content=\"https:\/\/www.facebook.com\/profile.php?id=61576678196717\" \/>\n<meta property=\"article:modified_time\" content=\"2025-09-22T18:10:29+00:00\" \/>\n<meta property=\"og:image\" content=\"https:\/\/vitablanca.ma\/wp-content\/uploads\/2025\/09\/now-foods-water-out-fluid-balance-100-capsules-vegetales-.jpg\" \/>\n\t<meta property=\"og:image:width\" content=\"680\" \/>\n\t<meta property=\"og:image:height\" content=\"680\" \/>\n\t<meta property=\"og:image:type\" content=\"image\/jpeg\" \/>\n<meta name=\"twitter:card\" content=\"summary_large_image\" \/>\n<meta name=\"twitter:label1\" content=\"Est. reading time\" \/>\n\t<meta name=\"twitter:data1\" content=\"2 minutes\" \/>\n<script type=\"application\/ld+json\" class=\"yoast-schema-graph\">{\"@context\":\"https:\\\/\\\/schema.org\",\"@graph\":[{\"@type\":[\"WebPage\",\"ItemPage\"],\"@id\":\"https:\\\/\\\/vitablanca.ma\\\/produit\\\/now-foods-water-out-fluid-balance-100-capsules-vegetales\\\/\",\"url\":\"https:\\\/\\\/vitablanca.ma\\\/produit\\\/now-foods-water-out-fluid-balance-100-capsules-vegetales\\\/\",\"name\":\"Now Foods Water Out Fluid Balance 100 capsules - Maroc Prix\",\"isPartOf\":{\"@id\":\"https:\\\/\\\/vitablanca.ma\\\/#website\"},\"primaryImageOfPage\":{\"@id\":\"https:\\\/\\\/vitablanca.ma\\\/produit\\\/now-foods-water-out-fluid-balance-100-capsules-vegetales\\\/#primaryimage\"},\"image\":{\"@id\":\"https:\\\/\\\/vitablanca.ma\\\/produit\\\/now-foods-water-out-fluid-balance-100-capsules-vegetales\\\/#primaryimage\"},\"thumbnailUrl\":\"https:\\\/\\\/vitablanca.ma\\\/wp-content\\\/uploads\\\/2025\\\/09\\\/now-foods-water-out-fluid-balance-100-capsules-vegetales-.jpg\",\"datePublished\":\"2025-09-18T01:49:24+00:00\",\"dateModified\":\"2025-09-22T18:10:29+00:00\",\"description\":\"D\u00e9couvrez Now Foods Water Out Fluid Balance, 100 capsules v\u00e9g\u00e9taliennes, un suppl\u00e9ment naturel con\u00e7u pour favoriser l'\u00e9limination de l'exc\u00e8s d'eau,\",\"breadcrumb\":{\"@id\":\"https:\\\/\\\/vitablanca.ma\\\/produit\\\/now-foods-water-out-fluid-balance-100-capsules-vegetales\\\/#breadcrumb\"},\"inLanguage\":\"en-US\",\"potentialAction\":[{\"@type\":\"ReadAction\",\"target\":[\"https:\\\/\\\/vitablanca.ma\\\/produit\\\/now-foods-water-out-fluid-balance-100-capsules-vegetales\\\/\"]}]},{\"@type\":\"ImageObject\",\"inLanguage\":\"en-US\",\"@id\":\"https:\\\/\\\/vitablanca.ma\\\/produit\\\/now-foods-water-out-fluid-balance-100-capsules-vegetales\\\/#primaryimage\",\"url\":\"https:\\\/\\\/vitablanca.ma\\\/wp-content\\\/uploads\\\/2025\\\/09\\\/now-foods-water-out-fluid-balance-100-capsules-vegetales-.jpg\",\"contentUrl\":\"https:\\\/\\\/vitablanca.ma\\\/wp-content\\\/uploads\\\/2025\\\/09\\\/now-foods-water-out-fluid-balance-100-capsules-vegetales-.jpg\",\"width\":680,\"height\":680},{\"@type\":\"BreadcrumbList\",\"@id\":\"https:\\\/\\\/vitablanca.ma\\\/produit\\\/now-foods-water-out-fluid-balance-100-capsules-vegetales\\\/#breadcrumb\",\"itemListElement\":[{\"@type\":\"ListItem\",\"position\":1,\"name\":\"Home\",\"item\":\"https:\\\/\\\/vitablanca.ma\\\/\"},{\"@type\":\"ListItem\",\"position\":2,\"name\":\"Tous Les Produits\",\"item\":\"https:\\\/\\\/vitablanca.ma\\\/tous-les-produits\\\/\"},{\"@type\":\"ListItem\",\"position\":3,\"name\":\"Now Foods Water Out Fluid Balance 100 capsules v\u00e9g\u00e9tales\"}]},{\"@type\":\"WebSite\",\"@id\":\"https:\\\/\\\/vitablanca.ma\\\/#website\",\"url\":\"https:\\\/\\\/vitablanca.ma\\\/\",\"name\":\"VitaBlanca.ma | Compl\u00e9ments alimentaires, sant\u00e9 & beaut\u00e9 au Maroc\",\"description\":\"vendre vitamines et compl\u00e9ments premium des USA &amp; Canada, Nouvelle Z\u00e9lande,Maroc (NOW Foods, Solgar, Manuka). Livraison rapide partout au Maroc.\",\"publisher\":{\"@id\":\"https:\\\/\\\/vitablanca.ma\\\/#organization\"},\"alternateName\":\"VitaBlanca.ma\",\"potentialAction\":[{\"@type\":\"SearchAction\",\"target\":{\"@type\":\"EntryPoint\",\"urlTemplate\":\"https:\\\/\\\/vitablanca.ma\\\/?s={search_term_string}\"},\"query-input\":{\"@type\":\"PropertyValueSpecification\",\"valueRequired\":true,\"valueName\":\"search_term_string\"}}],\"inLanguage\":\"en-US\"},{\"@type\":\"Organization\",\"@id\":\"https:\\\/\\\/vitablanca.ma\\\/#organization\",\"name\":\"VitaBlanca\",\"url\":\"https:\\\/\\\/vitablanca.ma\\\/\",\"logo\":{\"@type\":\"ImageObject\",\"inLanguage\":\"en-US\",\"@id\":\"https:\\\/\\\/vitablanca.ma\\\/#\\\/schema\\\/logo\\\/image\\\/\",\"url\":\"https:\\\/\\\/vitablanca.ma\\\/wp-content\\\/uploads\\\/2025\\\/05\\\/cropped-vitablanca.png\",\"contentUrl\":\"https:\\\/\\\/vitablanca.ma\\\/wp-content\\\/uploads\\\/2025\\\/05\\\/cropped-vitablanca.png\",\"width\":360,\"height\":67,\"caption\":\"VitaBlanca\"},\"image\":{\"@id\":\"https:\\\/\\\/vitablanca.ma\\\/#\\\/schema\\\/logo\\\/image\\\/\"},\"sameAs\":[\"https:\\\/\\\/www.facebook.com\\\/profile.php?id=61576678196717\",\"https:\\\/\\\/www.tiktok.com\\\/@vitablanca.ma\",\"https:\\\/\\\/www.instagram.com\\\/vitablanca.ma\\\/\"]}]}<\/script>\n<!-- \/ Yoast SEO plugin. -->","yoast_head_json":{"title":"Now Foods Water Out Fluid Balance 100 capsules - Maroc Prix","description":"D\u00e9couvrez Now Foods Water Out Fluid Balance, 100 capsules v\u00e9g\u00e9taliennes, un suppl\u00e9ment naturel con\u00e7u pour favoriser l'\u00e9limination de l'exc\u00e8s d'eau,","robots":{"index":"index","follow":"follow","max-snippet":"max-snippet:-1","max-image-preview":"max-image-preview:large","max-video-preview":"max-video-preview:-1"},"canonical":"https:\/\/vitablanca.ma\/en\/product\/now-foods-water-out-fluid-balance-100-capsules-vegetales\/","og_locale":"en_US","og_type":"article","og_title":"Now Foods Water Out Fluid Balance 100 capsules - Maroc Prix","og_description":"D\u00e9couvrez Now Foods Water Out Fluid Balance, 100 capsules v\u00e9g\u00e9taliennes, un suppl\u00e9ment naturel con\u00e7u pour favoriser l'\u00e9limination de l'exc\u00e8s d'eau,","og_url":"https:\/\/vitablanca.ma\/en\/product\/now-foods-water-out-fluid-balance-100-capsules-vegetales\/","og_site_name":"Vitablanca.ma &ndash; Sant&eacute;, vitalit&eacute; et bien-&ecirc;tre pour tous les Marocains","article_publisher":"https:\/\/www.facebook.com\/profile.php?id=61576678196717","article_modified_time":"2025-09-22T18:10:29+00:00","og_image":[{"width":680,"height":680,"url":"https:\/\/vitablanca.ma\/wp-content\/uploads\/2025\/09\/now-foods-water-out-fluid-balance-100-capsules-vegetales-.jpg","type":"image\/jpeg"}],"twitter_card":"summary_large_image","twitter_misc":{"Est. reading time":"2 minutes"},"schema":{"@context":"https:\/\/schema.org","@graph":[{"@type":["WebPage","ItemPage"],"@id":"https:\/\/vitablanca.ma\/produit\/now-foods-water-out-fluid-balance-100-capsules-vegetales\/","url":"https:\/\/vitablanca.ma\/produit\/now-foods-water-out-fluid-balance-100-capsules-vegetales\/","name":"Now Foods Water Out Fluid Balance 100 capsules - Maroc Prix","isPartOf":{"@id":"https:\/\/vitablanca.ma\/#website"},"primaryImageOfPage":{"@id":"https:\/\/vitablanca.ma\/produit\/now-foods-water-out-fluid-balance-100-capsules-vegetales\/#primaryimage"},"image":{"@id":"https:\/\/vitablanca.ma\/produit\/now-foods-water-out-fluid-balance-100-capsules-vegetales\/#primaryimage"},"thumbnailUrl":"https:\/\/vitablanca.ma\/wp-content\/uploads\/2025\/09\/now-foods-water-out-fluid-balance-100-capsules-vegetales-.jpg","datePublished":"2025-09-18T01:49:24+00:00","dateModified":"2025-09-22T18:10:29+00:00","description":"D\u00e9couvrez Now Foods Water Out Fluid Balance, 100 capsules v\u00e9g\u00e9taliennes, un suppl\u00e9ment naturel con\u00e7u pour favoriser l'\u00e9limination de l'exc\u00e8s d'eau,","breadcrumb":{"@id":"https:\/\/vitablanca.ma\/produit\/now-foods-water-out-fluid-balance-100-capsules-vegetales\/#breadcrumb"},"inLanguage":"en-US","potentialAction":[{"@type":"ReadAction","target":["https:\/\/vitablanca.ma\/produit\/now-foods-water-out-fluid-balance-100-capsules-vegetales\/"]}]},{"@type":"ImageObject","inLanguage":"en-US","@id":"https:\/\/vitablanca.ma\/produit\/now-foods-water-out-fluid-balance-100-capsules-vegetales\/#primaryimage","url":"https:\/\/vitablanca.ma\/wp-content\/uploads\/2025\/09\/now-foods-water-out-fluid-balance-100-capsules-vegetales-.jpg","contentUrl":"https:\/\/vitablanca.ma\/wp-content\/uploads\/2025\/09\/now-foods-water-out-fluid-balance-100-capsules-vegetales-.jpg","width":680,"height":680},{"@type":"BreadcrumbList","@id":"https:\/\/vitablanca.ma\/produit\/now-foods-water-out-fluid-balance-100-capsules-vegetales\/#breadcrumb","itemListElement":[{"@type":"ListItem","position":1,"name":"Home","item":"https:\/\/vitablanca.ma\/"},{"@type":"ListItem","position":2,"name":"Tous Les Produits","item":"https:\/\/vitablanca.ma\/tous-les-produits\/"},{"@type":"ListItem","position":3,"name":"Now Foods Water Out Fluid Balance 100 capsules v\u00e9g\u00e9tales"}]},{"@type":"WebSite","@id":"https:\/\/vitablanca.ma\/#website","url":"https:\/\/vitablanca.ma\/","name":"VitaBlanca.ma | Food supplements, health &amp; beauty in Morocco","description":"sell premium vitamins and supplements from USA &amp; Canada, New Zealand, Morocco (NOW Foods, Solgar, Manuka). Fast delivery anywhere in Morocco.","publisher":{"@id":"https:\/\/vitablanca.ma\/#organization"},"alternateName":"VitaBlanca.ma","potentialAction":[{"@type":"SearchAction","target":{"@type":"EntryPoint","urlTemplate":"https:\/\/vitablanca.ma\/?s={search_term_string}"},"query-input":{"@type":"PropertyValueSpecification","valueRequired":true,"valueName":"search_term_string"}}],"inLanguage":"en-US"},{"@type":"Organization","@id":"https:\/\/vitablanca.ma\/#organization","name":"VitaBlanca","url":"https:\/\/vitablanca.ma\/","logo":{"@type":"ImageObject","inLanguage":"en-US","@id":"https:\/\/vitablanca.ma\/#\/schema\/logo\/image\/","url":"https:\/\/vitablanca.ma\/wp-content\/uploads\/2025\/05\/cropped-vitablanca.png","contentUrl":"https:\/\/vitablanca.ma\/wp-content\/uploads\/2025\/05\/cropped-vitablanca.png","width":360,"height":67,"caption":"VitaBlanca"},"image":{"@id":"https:\/\/vitablanca.ma\/#\/schema\/logo\/image\/"},"sameAs":["https:\/\/www.facebook.com\/profile.php?id=61576678196717","https:\/\/www.tiktok.com\/@vitablanca.ma","https:\/\/www.instagram.com\/vitablanca.ma\/"]}]}},"jetpack_sharing_enabled":true,"_links":{"self":[{"href":"https:\/\/vitablanca.ma\/en\/wp-json\/wp\/v2\/product\/25312","targetHints":{"allow":["GET"]}}],"collection":[{"href":"https:\/\/vitablanca.ma\/en\/wp-json\/wp\/v2\/product"}],"about":[{"href":"https:\/\/vitablanca.ma\/en\/wp-json\/wp\/v2\/types\/product"}],"wp:featuredmedia":[{"embeddable":true,"href":"https:\/\/vitablanca.ma\/en\/wp-json\/wp\/v2\/media\/25342"}],"wp:attachment":[{"href":"https:\/\/vitablanca.ma\/en\/wp-json\/wp\/v2\/media?parent=25312"}],"wp:term":[{"taxonomy":"product_brand","embeddable":true,"href":"https:\/\/vitablanca.ma\/en\/wp-json\/wp\/v2\/product_brand?post=25312"},{"taxonomy":"product_cat","embeddable":true,"href":"https:\/\/vitablanca.ma\/en\/wp-json\/wp\/v2\/product_cat?post=25312"},{"taxonomy":"product_tag","embeddable":true,"href":"https:\/\/vitablanca.ma\/en\/wp-json\/wp\/v2\/product_tag?post=25312"}],"curies":[{"name":"wp","href":"https:\/\/api.w.org\/{rel}","templated":true}]}}