{"id":25015,"date":"2025-08-20T01:13:21","date_gmt":"2025-08-20T01:13:21","guid":{"rendered":"https:\/\/vitablanca.ma\/?post_type=product&#038;p=25015"},"modified":"2026-04-14T11:15:21","modified_gmt":"2026-04-14T11:15:21","slug":"nordic-naturals-omega-3-citron-1560-mg-237-ml-maroc-prix","status":"publish","type":"product","link":"https:\/\/vitablanca.ma\/en\/product\/nordic-naturals-omega-3-citron-1560-mg-237-ml-maroc-prix\/","title":{"rendered":"Nordic Naturals, Omega 3, Lemon Liquid 1560 mg, 237 ml"},"content":{"rendered":"<p>Nordic Naturals Omega-3 Liquid Lemon is a pure fish oil formula ideal for supporting the heart, brain, and joints. Each dose provides 1560 mg of omega-3s.<\/p>\r\n\r\n\r\n\r\n<ul class=\"wp-block-list\">\r\n<li>Cardiovascular health and cognitive function<\/li>\r\n\r\n\r\n\r\n<li>Joint mobility and general well-being<\/li>\r\n\r\n\r\n\r\n<li>Natural lemon flavor, no aftertaste<\/li>\r\n\r\n\r\n\r\n<li>Compact 237 ml format, easy to use every day<\/li>\r\n\r\n\r\n\r\n<li>\u00a0<\/li>\r\n<\/ul>\r\n\r\n\r\n\r\n<p>Brain health<\/p>\r\n\r\n\r\n\r\n<p>Optimal well-being<\/p>\r\n\r\n\r\n\r\n<p>A delicious lemon taste!<\/p>\r\n\r\n\r\n\r\n<p>1560 mg of omega-3<\/p>\r\n\r\n\r\n\r\n<p>Certified non-GMO product<\/p>\r\n\r\n\r\n\r\n<p>Purity tested by independent laboratories<\/p>\r\n\r\n\r\n\r\n<p>Higher form of triglycerides<\/p>\r\n\r\n\r\n\r\n<p>Food supplement<\/p>\r\n\r\n\r\n\r\n<p>Pharmaceutical Quality \u2013 Purity Guaranteed<\/p>\r\n\r\n\r\n\r\n<p>Caught in the open sea<\/p>\r\n\r\n\r\n\r\n<p>Pure<\/p>\r\n\r\n\r\n\r\n<p>No fishy aftertaste<\/p>\r\n\r\n\r\n\r\n<p>Certified \u201cFriend of the Sea\u201d<\/p>\r\n\r\n\r\n\r\n<p>A perfect omega-3 maintenance formula for brain and coronary health and immune system support.<\/p>\r\n\r\n\r\n\r\n<p>Nordic Naturals Omega-3s provide 1,560 mg of omega-3s per serving, far exceeding the expert-recommended intake of 500 mg per day. Adequate omega-3s are essential for maintaining good nutritional intake and overall well-being, including healthy heart and brain function, positive mood, cognition, and immune system function.<\/p>\r\n\r\n\r\n\r\n<p>Every batch of Nordic Naturals fish oils is tested by a certified independent laboratory that measures levels of environmental toxins, including heavy metals. All our fish oils are in triglyceride form and exceed the strictest international standards for purity and freshness.<\/p>\r\n\r\n\r\n\r\n<p>Suggested Use<\/p>\r\n\r\n\r\n\r\n<p>Take one teaspoon daily, with food<\/p>\r\n\r\n\r\n\r\n<p>Keep refrigerated after opening.<\/p>","protected":false},"excerpt":{"rendered":"<p data-start=\"498\" data-end=\"636\">Nordic Naturals Liquid Omega-3 Oil, rich in EPA and DHA, with a natural lemon flavor. Convenient 237 ml size.<\/p>\n<ul>\n<li>Heart health<\/li>\n<li>Brain health<\/li>\n<li>Optimal well-being<\/li>\n<li>A delicious lemon taste!<\/li>\n<li>1560 mg of omega-3<\/li>\n<li>Certified non-GMO product<\/li>\n<\/ul>","protected":false},"featured_media":25016,"template":"","meta":{"om_disable_all_campaigns":false},"product_brand":[17],"product_cat":[21,18,3366,22,175,20,19],"product_tag":[23,38,3413,3357,3354],"class_list":{"0":"post-25015","1":"product","2":"type-product","3":"status-publish","4":"has-post-thumbnail","6":"product_brand-nordic-naturals-maroc","7":"product_cat-acides-gras-essentiels","8":"product_cat-beaute-sante","9":"product_cat-complements-alimentaires-au-maroc-vitablanca","10":"product_cat-huiles-omega","11":"product_cat-omega-3","12":"product_cat-supplements","13":"product_cat-vitamines-supplements-dietetiques","14":"product_tag-nordic-naturals","15":"product_tag-nordic-naturals-maroc","16":"product_tag-nordic-naturals-morocco","17":"product_tag-nordic-naturals-omega-3-citron-237-ml","18":"product_tag-omega-3-liquide-maroc","20":"first","21":"instock","22":"sale","23":"taxable","24":"shipping-taxable","25":"purchasable","26":"product-type-simple"},"yoast_head":"<!-- This site is optimized with the Yoast SEO plugin v27.4 - https:\/\/yoast.com\/product\/yoast-seo-wordpress\/ -->\n<title>Nordic Naturals, Omega 3, liquide citron 1560 mg, 237 ml - Maroc<\/title>\n<meta name=\"description\" content=\"Nordic Naturals Huile de poisson Om\u00e9ga 3 1560 mg liquide citron. Soutient c\u0153ur, cerveau et articulations. Format 237 ml. Livraison rapide au Maroc.\" \/>\n<meta name=\"robots\" content=\"index, follow, max-snippet:-1, max-image-preview:large, max-video-preview:-1\" \/>\n<link rel=\"canonical\" href=\"https:\/\/vitablanca.ma\/en\/product\/nordic-naturals-omega-3-citron-1560-mg-237-ml-maroc-prix\/\" \/>\n<meta property=\"og:locale\" content=\"en_US\" \/>\n<meta property=\"og:type\" content=\"article\" \/>\n<meta property=\"og:title\" content=\"Nordic Naturals, Omega 3, liquide citron 1560 mg, 237 ml - Maroc\" \/>\n<meta property=\"og:description\" content=\"Nordic Naturals Huile de poisson Om\u00e9ga 3 1560 mg liquide citron. Soutient c\u0153ur, cerveau et articulations. Format 237 ml. Livraison rapide au Maroc.\" \/>\n<meta property=\"og:url\" content=\"https:\/\/vitablanca.ma\/en\/product\/nordic-naturals-omega-3-citron-1560-mg-237-ml-maroc-prix\/\" \/>\n<meta property=\"og:site_name\" content=\"Vitablanca.ma &ndash; Sant&eacute;, vitalit&eacute; et bien-&ecirc;tre pour tous les Marocains\" \/>\n<meta property=\"article:publisher\" content=\"https:\/\/www.facebook.com\/profile.php?id=61576678196717\" \/>\n<meta property=\"article:modified_time\" content=\"2026-04-14T11:15:21+00:00\" \/>\n<meta property=\"og:image\" content=\"https:\/\/vitablanca.ma\/wp-content\/uploads\/2025\/08\/maroc-naturals-omega-3.jpg\" \/>\n\t<meta property=\"og:image:width\" content=\"680\" \/>\n\t<meta property=\"og:image:height\" content=\"680\" \/>\n\t<meta property=\"og:image:type\" content=\"image\/jpeg\" \/>\n<meta name=\"twitter:card\" content=\"summary_large_image\" \/>\n<meta name=\"twitter:label1\" content=\"Est. reading time\" \/>\n\t<meta name=\"twitter:data1\" content=\"2 minutes\" \/>\n<script type=\"application\/ld+json\" class=\"yoast-schema-graph\">{\"@context\":\"https:\\\/\\\/schema.org\",\"@graph\":[{\"@type\":[\"WebPage\",\"ItemPage\"],\"@id\":\"https:\\\/\\\/vitablanca.ma\\\/produit\\\/nordic-naturals-omega-3-citron-1560-mg-237-ml-maroc-prix\\\/\",\"url\":\"https:\\\/\\\/vitablanca.ma\\\/produit\\\/nordic-naturals-omega-3-citron-1560-mg-237-ml-maroc-prix\\\/\",\"name\":\"Nordic Naturals, Omega 3, liquide citron 1560 mg, 237 ml - Maroc\",\"isPartOf\":{\"@id\":\"https:\\\/\\\/vitablanca.ma\\\/#website\"},\"primaryImageOfPage\":{\"@id\":\"https:\\\/\\\/vitablanca.ma\\\/produit\\\/nordic-naturals-omega-3-citron-1560-mg-237-ml-maroc-prix\\\/#primaryimage\"},\"image\":{\"@id\":\"https:\\\/\\\/vitablanca.ma\\\/produit\\\/nordic-naturals-omega-3-citron-1560-mg-237-ml-maroc-prix\\\/#primaryimage\"},\"thumbnailUrl\":\"https:\\\/\\\/vitablanca.ma\\\/wp-content\\\/uploads\\\/2025\\\/08\\\/maroc-naturals-omega-3.jpg\",\"datePublished\":\"2025-08-20T01:13:21+00:00\",\"dateModified\":\"2026-04-14T11:15:21+00:00\",\"description\":\"Nordic Naturals Huile de poisson Om\u00e9ga 3 1560 mg liquide citron. Soutient c\u0153ur, cerveau et articulations. Format 237 ml. Livraison rapide au Maroc.\",\"breadcrumb\":{\"@id\":\"https:\\\/\\\/vitablanca.ma\\\/produit\\\/nordic-naturals-omega-3-citron-1560-mg-237-ml-maroc-prix\\\/#breadcrumb\"},\"inLanguage\":\"en-US\",\"potentialAction\":[{\"@type\":\"ReadAction\",\"target\":[\"https:\\\/\\\/vitablanca.ma\\\/produit\\\/nordic-naturals-omega-3-citron-1560-mg-237-ml-maroc-prix\\\/\"]}]},{\"@type\":\"ImageObject\",\"inLanguage\":\"en-US\",\"@id\":\"https:\\\/\\\/vitablanca.ma\\\/produit\\\/nordic-naturals-omega-3-citron-1560-mg-237-ml-maroc-prix\\\/#primaryimage\",\"url\":\"https:\\\/\\\/vitablanca.ma\\\/wp-content\\\/uploads\\\/2025\\\/08\\\/maroc-naturals-omega-3.jpg\",\"contentUrl\":\"https:\\\/\\\/vitablanca.ma\\\/wp-content\\\/uploads\\\/2025\\\/08\\\/maroc-naturals-omega-3.jpg\",\"width\":680,\"height\":680},{\"@type\":\"BreadcrumbList\",\"@id\":\"https:\\\/\\\/vitablanca.ma\\\/produit\\\/nordic-naturals-omega-3-citron-1560-mg-237-ml-maroc-prix\\\/#breadcrumb\",\"itemListElement\":[{\"@type\":\"ListItem\",\"position\":1,\"name\":\"Home\",\"item\":\"https:\\\/\\\/vitablanca.ma\\\/\"},{\"@type\":\"ListItem\",\"position\":2,\"name\":\"Tous Les Produits\",\"item\":\"https:\\\/\\\/vitablanca.ma\\\/tous-les-produits\\\/\"},{\"@type\":\"ListItem\",\"position\":3,\"name\":\"Nordic Naturals, Omega 3, liquide citron 1560 mg, 237 ml\"}]},{\"@type\":\"WebSite\",\"@id\":\"https:\\\/\\\/vitablanca.ma\\\/#website\",\"url\":\"https:\\\/\\\/vitablanca.ma\\\/\",\"name\":\"VitaBlanca.ma | Compl\u00e9ments alimentaires, sant\u00e9 & beaut\u00e9 au Maroc\",\"description\":\"vendre vitamines et compl\u00e9ments premium des USA &amp; Canada, Nouvelle Z\u00e9lande,Maroc (NOW Foods, Solgar, Manuka). Livraison rapide partout au Maroc.\",\"publisher\":{\"@id\":\"https:\\\/\\\/vitablanca.ma\\\/#organization\"},\"alternateName\":\"VitaBlanca.ma\",\"potentialAction\":[{\"@type\":\"SearchAction\",\"target\":{\"@type\":\"EntryPoint\",\"urlTemplate\":\"https:\\\/\\\/vitablanca.ma\\\/?s={search_term_string}\"},\"query-input\":{\"@type\":\"PropertyValueSpecification\",\"valueRequired\":true,\"valueName\":\"search_term_string\"}}],\"inLanguage\":\"en-US\"},{\"@type\":\"Organization\",\"@id\":\"https:\\\/\\\/vitablanca.ma\\\/#organization\",\"name\":\"VitaBlanca\",\"url\":\"https:\\\/\\\/vitablanca.ma\\\/\",\"logo\":{\"@type\":\"ImageObject\",\"inLanguage\":\"en-US\",\"@id\":\"https:\\\/\\\/vitablanca.ma\\\/#\\\/schema\\\/logo\\\/image\\\/\",\"url\":\"https:\\\/\\\/vitablanca.ma\\\/wp-content\\\/uploads\\\/2025\\\/05\\\/cropped-vitablanca.png\",\"contentUrl\":\"https:\\\/\\\/vitablanca.ma\\\/wp-content\\\/uploads\\\/2025\\\/05\\\/cropped-vitablanca.png\",\"width\":360,\"height\":67,\"caption\":\"VitaBlanca\"},\"image\":{\"@id\":\"https:\\\/\\\/vitablanca.ma\\\/#\\\/schema\\\/logo\\\/image\\\/\"},\"sameAs\":[\"https:\\\/\\\/www.facebook.com\\\/profile.php?id=61576678196717\",\"https:\\\/\\\/www.tiktok.com\\\/@vitablanca.ma\",\"https:\\\/\\\/www.instagram.com\\\/vitablanca.ma\\\/\"]}]}<\/script>\n<!-- \/ Yoast SEO plugin. -->","yoast_head_json":{"title":"Nordic Naturals, Omega 3, lemon liquid 1560 mg, 237 ml - Morocco","description":"Nordic Naturals Omega 3 Fish Oil 1560 mg Liquid Lemon. Supports heart, brain, and joints. 237 ml size. Fast delivery to Morocco.","robots":{"index":"index","follow":"follow","max-snippet":"max-snippet:-1","max-image-preview":"max-image-preview:large","max-video-preview":"max-video-preview:-1"},"canonical":"https:\/\/vitablanca.ma\/en\/product\/nordic-naturals-omega-3-citron-1560-mg-237-ml-maroc-prix\/","og_locale":"en_US","og_type":"article","og_title":"Nordic Naturals, Omega 3, liquide citron 1560 mg, 237 ml - Maroc","og_description":"Nordic Naturals Huile de poisson Om\u00e9ga 3 1560 mg liquide citron. Soutient c\u0153ur, cerveau et articulations. Format 237 ml. Livraison rapide au Maroc.","og_url":"https:\/\/vitablanca.ma\/en\/product\/nordic-naturals-omega-3-citron-1560-mg-237-ml-maroc-prix\/","og_site_name":"Vitablanca.ma &ndash; Sant&eacute;, vitalit&eacute; et bien-&ecirc;tre pour tous les Marocains","article_publisher":"https:\/\/www.facebook.com\/profile.php?id=61576678196717","article_modified_time":"2026-04-14T11:15:21+00:00","og_image":[{"width":680,"height":680,"url":"https:\/\/vitablanca.ma\/wp-content\/uploads\/2025\/08\/maroc-naturals-omega-3.jpg","type":"image\/jpeg"}],"twitter_card":"summary_large_image","twitter_misc":{"Est. reading time":"2 minutes"},"schema":{"@context":"https:\/\/schema.org","@graph":[{"@type":["WebPage","ItemPage"],"@id":"https:\/\/vitablanca.ma\/produit\/nordic-naturals-omega-3-citron-1560-mg-237-ml-maroc-prix\/","url":"https:\/\/vitablanca.ma\/produit\/nordic-naturals-omega-3-citron-1560-mg-237-ml-maroc-prix\/","name":"Nordic Naturals, Omega 3, lemon liquid 1560 mg, 237 ml - Morocco","isPartOf":{"@id":"https:\/\/vitablanca.ma\/#website"},"primaryImageOfPage":{"@id":"https:\/\/vitablanca.ma\/produit\/nordic-naturals-omega-3-citron-1560-mg-237-ml-maroc-prix\/#primaryimage"},"image":{"@id":"https:\/\/vitablanca.ma\/produit\/nordic-naturals-omega-3-citron-1560-mg-237-ml-maroc-prix\/#primaryimage"},"thumbnailUrl":"https:\/\/vitablanca.ma\/wp-content\/uploads\/2025\/08\/maroc-naturals-omega-3.jpg","datePublished":"2025-08-20T01:13:21+00:00","dateModified":"2026-04-14T11:15:21+00:00","description":"Nordic Naturals Omega 3 Fish Oil 1560 mg Liquid Lemon. Supports heart, brain, and joints. 237 ml size. Fast delivery to Morocco.","breadcrumb":{"@id":"https:\/\/vitablanca.ma\/produit\/nordic-naturals-omega-3-citron-1560-mg-237-ml-maroc-prix\/#breadcrumb"},"inLanguage":"en-US","potentialAction":[{"@type":"ReadAction","target":["https:\/\/vitablanca.ma\/produit\/nordic-naturals-omega-3-citron-1560-mg-237-ml-maroc-prix\/"]}]},{"@type":"ImageObject","inLanguage":"en-US","@id":"https:\/\/vitablanca.ma\/produit\/nordic-naturals-omega-3-citron-1560-mg-237-ml-maroc-prix\/#primaryimage","url":"https:\/\/vitablanca.ma\/wp-content\/uploads\/2025\/08\/maroc-naturals-omega-3.jpg","contentUrl":"https:\/\/vitablanca.ma\/wp-content\/uploads\/2025\/08\/maroc-naturals-omega-3.jpg","width":680,"height":680},{"@type":"BreadcrumbList","@id":"https:\/\/vitablanca.ma\/produit\/nordic-naturals-omega-3-citron-1560-mg-237-ml-maroc-prix\/#breadcrumb","itemListElement":[{"@type":"ListItem","position":1,"name":"Home","item":"https:\/\/vitablanca.ma\/"},{"@type":"ListItem","position":2,"name":"Tous Les Produits","item":"https:\/\/vitablanca.ma\/tous-les-produits\/"},{"@type":"ListItem","position":3,"name":"Nordic Naturals, Omega 3, liquide citron 1560 mg, 237 ml"}]},{"@type":"WebSite","@id":"https:\/\/vitablanca.ma\/#website","url":"https:\/\/vitablanca.ma\/","name":"VitaBlanca.ma | Food supplements, health &amp; beauty in Morocco","description":"sell premium vitamins and supplements from USA &amp; Canada, New Zealand, Morocco (NOW Foods, Solgar, Manuka). Fast delivery anywhere in Morocco.","publisher":{"@id":"https:\/\/vitablanca.ma\/#organization"},"alternateName":"VitaBlanca.ma","potentialAction":[{"@type":"SearchAction","target":{"@type":"EntryPoint","urlTemplate":"https:\/\/vitablanca.ma\/?s={search_term_string}"},"query-input":{"@type":"PropertyValueSpecification","valueRequired":true,"valueName":"search_term_string"}}],"inLanguage":"en-US"},{"@type":"Organization","@id":"https:\/\/vitablanca.ma\/#organization","name":"VitaBlanca","url":"https:\/\/vitablanca.ma\/","logo":{"@type":"ImageObject","inLanguage":"en-US","@id":"https:\/\/vitablanca.ma\/#\/schema\/logo\/image\/","url":"https:\/\/vitablanca.ma\/wp-content\/uploads\/2025\/05\/cropped-vitablanca.png","contentUrl":"https:\/\/vitablanca.ma\/wp-content\/uploads\/2025\/05\/cropped-vitablanca.png","width":360,"height":67,"caption":"VitaBlanca"},"image":{"@id":"https:\/\/vitablanca.ma\/#\/schema\/logo\/image\/"},"sameAs":["https:\/\/www.facebook.com\/profile.php?id=61576678196717","https:\/\/www.tiktok.com\/@vitablanca.ma","https:\/\/www.instagram.com\/vitablanca.ma\/"]}]}},"jetpack_sharing_enabled":true,"_links":{"self":[{"href":"https:\/\/vitablanca.ma\/en\/wp-json\/wp\/v2\/product\/25015","targetHints":{"allow":["GET"]}}],"collection":[{"href":"https:\/\/vitablanca.ma\/en\/wp-json\/wp\/v2\/product"}],"about":[{"href":"https:\/\/vitablanca.ma\/en\/wp-json\/wp\/v2\/types\/product"}],"wp:featuredmedia":[{"embeddable":true,"href":"https:\/\/vitablanca.ma\/en\/wp-json\/wp\/v2\/media\/25016"}],"wp:attachment":[{"href":"https:\/\/vitablanca.ma\/en\/wp-json\/wp\/v2\/media?parent=25015"}],"wp:term":[{"taxonomy":"product_brand","embeddable":true,"href":"https:\/\/vitablanca.ma\/en\/wp-json\/wp\/v2\/product_brand?post=25015"},{"taxonomy":"product_cat","embeddable":true,"href":"https:\/\/vitablanca.ma\/en\/wp-json\/wp\/v2\/product_cat?post=25015"},{"taxonomy":"product_tag","embeddable":true,"href":"https:\/\/vitablanca.ma\/en\/wp-json\/wp\/v2\/product_tag?post=25015"}],"curies":[{"name":"wp","href":"https:\/\/api.w.org\/{rel}","templated":true}]}}