{"id":250,"date":"2025-04-18T15:25:07","date_gmt":"2025-04-18T15:25:07","guid":{"rendered":"https:\/\/vitablanca.ma\/?post_type=product&#038;p=250"},"modified":"2025-06-30T20:19:17","modified_gmt":"2025-06-30T20:19:17","slug":"solgar-l-arginine-forme-libre-500-mg-250-capsules-vegetales","status":"publish","type":"product","link":"https:\/\/vitablanca.ma\/en\/product\/solgar-l-arginine-forme-libre-500-mg-250-capsules-vegetales\/","title":{"rendered":"Solgar L-Arginine, Free Form, 500 mg, 250 Vegetable Capsules"},"content":{"rendered":"<p>La L-arginine est un acide amin\u00e9 qui favorise la sant\u00e9 cardiaque. Il stimule le monoxyde d\u2019azote, un compos\u00e9 impliqu\u00e9 dans la fonction circulatoire et immunitaire. Le monoxyde d\u2019azote se d\u00e9grade tr\u00e8s rapidement apr\u00e8s sa formation. La L-arginine sert de pr\u00e9curseur \u00e0 la production continue d\u2019oxyde nitrique. Ce produit fournit de la L-arginine sous forme libre pour favoriser une absorption et une assimilation optimales.<\/p>","protected":false},"excerpt":{"rendered":"<ul>\n<li>Free form<\/li>\n<li>Promotes circulatory health<\/li>\n<li>Nitric Oxide Booster<\/li>\n<li>Gluten, wheat, and dairy free<\/li>\n<li>Suitable for vegetarians<\/li>\n<li>Food supplement<\/li>\n<\/ul>","protected":false},"featured_media":251,"template":"","meta":{"om_disable_all_campaigns":false},"product_brand":[42],"product_cat":[198,18,257,85,259,258],"product_tag":[208,52,53,51,260,49],"class_list":{"0":"post-250","1":"product","2":"type-product","3":"status-publish","4":"has-post-thumbnail","6":"product_brand-solgar-prix-maroc","7":"product_cat-acides-amine","8":"product_cat-beaute-sante","9":"product_cat-l-arginine","10":"product_cat-nutrition-sportive-beaute-sante","11":"product_cat-solgar","12":"product_cat-solgar-l-arginine","13":"product_tag-solgar","14":"product_tag-solgar-amazon-maroc","15":"product_tag-solgar-casa","16":"product_tag-solgar-iherb","17":"product_tag-solgar-l-arginine","18":"product_tag-solgar-maroc","20":"first","21":"instock","22":"sale","23":"taxable","24":"shipping-taxable","25":"purchasable","26":"product-type-simple"},"yoast_head":"<!-- This site is optimized with the Yoast SEO plugin v27.5 - https:\/\/yoast.com\/product\/yoast-seo-wordpress\/ -->\n<title>Solgar L-arginine, Forme libre, 500 mg, 250 capsules - Maroc Prix<\/title>\n<meta name=\"description\" content=\"Achetez Solgar L-Arginine 500 mg (250 g\u00e9lules) au Maroc. Favorise la circulation sanguine, la performance sportive et la r\u00e9cup\u00e9ration musculaire.\" \/>\n<meta name=\"robots\" content=\"index, follow, max-snippet:-1, max-image-preview:large, max-video-preview:-1\" \/>\n<link rel=\"canonical\" href=\"https:\/\/vitablanca.ma\/en\/product\/solgar-l-arginine-forme-libre-500-mg-250-capsules-vegetales\/\" \/>\n<meta property=\"og:locale\" content=\"en_US\" \/>\n<meta property=\"og:type\" content=\"article\" \/>\n<meta property=\"og:title\" content=\"Solgar L-arginine, Forme libre, 500 mg, 250 capsules - Maroc Prix\" \/>\n<meta property=\"og:description\" content=\"Achetez Solgar L-Arginine 500 mg (250 g\u00e9lules) au Maroc. Favorise la circulation sanguine, la performance sportive et la r\u00e9cup\u00e9ration musculaire.\" \/>\n<meta property=\"og:url\" content=\"https:\/\/vitablanca.ma\/en\/product\/solgar-l-arginine-forme-libre-500-mg-250-capsules-vegetales\/\" \/>\n<meta property=\"og:site_name\" content=\"Vitablanca.ma &ndash; Sant&eacute;, vitalit&eacute; et bien-&ecirc;tre pour tous les Marocains\" \/>\n<meta property=\"article:publisher\" content=\"https:\/\/www.facebook.com\/profile.php?id=61576678196717\" \/>\n<meta property=\"article:modified_time\" content=\"2025-06-30T20:19:17+00:00\" \/>\n<meta property=\"og:image\" content=\"https:\/\/vitablanca.ma\/wp-content\/uploads\/2025\/04\/solgar-l-arginine-forme-libre-500-mg-250-capsules-vegetales-.jpg\" \/>\n\t<meta property=\"og:image:width\" content=\"680\" \/>\n\t<meta property=\"og:image:height\" content=\"680\" \/>\n\t<meta property=\"og:image:type\" content=\"image\/jpeg\" \/>\n<meta name=\"twitter:card\" content=\"summary_large_image\" \/>\n<meta name=\"twitter:label1\" content=\"Est. reading time\" \/>\n\t<meta name=\"twitter:data1\" content=\"1 minute\" \/>\n<script type=\"application\/ld+json\" class=\"yoast-schema-graph\">{\"@context\":\"https:\\\/\\\/schema.org\",\"@graph\":[{\"@type\":[\"WebPage\",\"ItemPage\"],\"@id\":\"https:\\\/\\\/vitablanca.ma\\\/produit\\\/solgar-l-arginine-forme-libre-500-mg-250-capsules-vegetales\\\/\",\"url\":\"https:\\\/\\\/vitablanca.ma\\\/produit\\\/solgar-l-arginine-forme-libre-500-mg-250-capsules-vegetales\\\/\",\"name\":\"Solgar L-arginine, Forme libre, 500 mg, 250 capsules - Maroc Prix\",\"isPartOf\":{\"@id\":\"https:\\\/\\\/vitablanca.ma\\\/#website\"},\"primaryImageOfPage\":{\"@id\":\"https:\\\/\\\/vitablanca.ma\\\/produit\\\/solgar-l-arginine-forme-libre-500-mg-250-capsules-vegetales\\\/#primaryimage\"},\"image\":{\"@id\":\"https:\\\/\\\/vitablanca.ma\\\/produit\\\/solgar-l-arginine-forme-libre-500-mg-250-capsules-vegetales\\\/#primaryimage\"},\"thumbnailUrl\":\"https:\\\/\\\/vitablanca.ma\\\/wp-content\\\/uploads\\\/2025\\\/04\\\/solgar-l-arginine-forme-libre-500-mg-250-capsules-vegetales-.jpg\",\"datePublished\":\"2025-04-18T15:25:07+00:00\",\"dateModified\":\"2025-06-30T20:19:17+00:00\",\"description\":\"Achetez Solgar L-Arginine 500 mg (250 g\u00e9lules) au Maroc. Favorise la circulation sanguine, la performance sportive et la r\u00e9cup\u00e9ration musculaire.\",\"breadcrumb\":{\"@id\":\"https:\\\/\\\/vitablanca.ma\\\/produit\\\/solgar-l-arginine-forme-libre-500-mg-250-capsules-vegetales\\\/#breadcrumb\"},\"inLanguage\":\"en-US\",\"potentialAction\":[{\"@type\":\"ReadAction\",\"target\":[\"https:\\\/\\\/vitablanca.ma\\\/produit\\\/solgar-l-arginine-forme-libre-500-mg-250-capsules-vegetales\\\/\"]}]},{\"@type\":\"ImageObject\",\"inLanguage\":\"en-US\",\"@id\":\"https:\\\/\\\/vitablanca.ma\\\/produit\\\/solgar-l-arginine-forme-libre-500-mg-250-capsules-vegetales\\\/#primaryimage\",\"url\":\"https:\\\/\\\/vitablanca.ma\\\/wp-content\\\/uploads\\\/2025\\\/04\\\/solgar-l-arginine-forme-libre-500-mg-250-capsules-vegetales-.jpg\",\"contentUrl\":\"https:\\\/\\\/vitablanca.ma\\\/wp-content\\\/uploads\\\/2025\\\/04\\\/solgar-l-arginine-forme-libre-500-mg-250-capsules-vegetales-.jpg\",\"width\":680,\"height\":680},{\"@type\":\"BreadcrumbList\",\"@id\":\"https:\\\/\\\/vitablanca.ma\\\/produit\\\/solgar-l-arginine-forme-libre-500-mg-250-capsules-vegetales\\\/#breadcrumb\",\"itemListElement\":[{\"@type\":\"ListItem\",\"position\":1,\"name\":\"Home\",\"item\":\"https:\\\/\\\/vitablanca.ma\\\/\"},{\"@type\":\"ListItem\",\"position\":2,\"name\":\"Tous Les Produits\",\"item\":\"https:\\\/\\\/vitablanca.ma\\\/tous-les-produits\\\/\"},{\"@type\":\"ListItem\",\"position\":3,\"name\":\"Solgar L-arginine, Forme libre, 500 mg, 250 capsules v\u00e9g\u00e9tales\"}]},{\"@type\":\"WebSite\",\"@id\":\"https:\\\/\\\/vitablanca.ma\\\/#website\",\"url\":\"https:\\\/\\\/vitablanca.ma\\\/\",\"name\":\"VitaBlanca.ma | Compl\u00e9ments alimentaires, sant\u00e9 & beaut\u00e9 au Maroc\",\"description\":\"vendre vitamines et compl\u00e9ments premium des USA &amp; Canada, Nouvelle Z\u00e9lande,Maroc (NOW Foods, Solgar, Manuka). Livraison rapide partout au Maroc.\",\"publisher\":{\"@id\":\"https:\\\/\\\/vitablanca.ma\\\/#organization\"},\"alternateName\":\"VitaBlanca.ma\",\"potentialAction\":[{\"@type\":\"SearchAction\",\"target\":{\"@type\":\"EntryPoint\",\"urlTemplate\":\"https:\\\/\\\/vitablanca.ma\\\/?s={search_term_string}\"},\"query-input\":{\"@type\":\"PropertyValueSpecification\",\"valueRequired\":true,\"valueName\":\"search_term_string\"}}],\"inLanguage\":\"en-US\"},{\"@type\":\"Organization\",\"@id\":\"https:\\\/\\\/vitablanca.ma\\\/#organization\",\"name\":\"VitaBlanca\",\"url\":\"https:\\\/\\\/vitablanca.ma\\\/\",\"logo\":{\"@type\":\"ImageObject\",\"inLanguage\":\"en-US\",\"@id\":\"https:\\\/\\\/vitablanca.ma\\\/#\\\/schema\\\/logo\\\/image\\\/\",\"url\":\"https:\\\/\\\/vitablanca.ma\\\/wp-content\\\/uploads\\\/2025\\\/05\\\/cropped-vitablanca.png\",\"contentUrl\":\"https:\\\/\\\/vitablanca.ma\\\/wp-content\\\/uploads\\\/2025\\\/05\\\/cropped-vitablanca.png\",\"width\":360,\"height\":67,\"caption\":\"VitaBlanca\"},\"image\":{\"@id\":\"https:\\\/\\\/vitablanca.ma\\\/#\\\/schema\\\/logo\\\/image\\\/\"},\"sameAs\":[\"https:\\\/\\\/www.facebook.com\\\/profile.php?id=61576678196717\",\"https:\\\/\\\/www.tiktok.com\\\/@vitablanca.ma\",\"https:\\\/\\\/www.instagram.com\\\/vitablanca.ma\\\/\"]}]}<\/script>\n<!-- \/ Yoast SEO plugin. -->","yoast_head_json":{"title":"Solgar L-arginine, Free Form, 500 mg, 250 Capsules - Morocco Price","description":"Buy Solgar L-Arginine 500 mg (250 capsules) in Morocco. Promotes blood circulation, athletic performance, and muscle recovery.","robots":{"index":"index","follow":"follow","max-snippet":"max-snippet:-1","max-image-preview":"max-image-preview:large","max-video-preview":"max-video-preview:-1"},"canonical":"https:\/\/vitablanca.ma\/en\/product\/solgar-l-arginine-forme-libre-500-mg-250-capsules-vegetales\/","og_locale":"en_US","og_type":"article","og_title":"Solgar L-arginine, Forme libre, 500 mg, 250 capsules - Maroc Prix","og_description":"Achetez Solgar L-Arginine 500 mg (250 g\u00e9lules) au Maroc. Favorise la circulation sanguine, la performance sportive et la r\u00e9cup\u00e9ration musculaire.","og_url":"https:\/\/vitablanca.ma\/en\/product\/solgar-l-arginine-forme-libre-500-mg-250-capsules-vegetales\/","og_site_name":"Vitablanca.ma &ndash; Sant&eacute;, vitalit&eacute; et bien-&ecirc;tre pour tous les Marocains","article_publisher":"https:\/\/www.facebook.com\/profile.php?id=61576678196717","article_modified_time":"2025-06-30T20:19:17+00:00","og_image":[{"width":680,"height":680,"url":"https:\/\/vitablanca.ma\/wp-content\/uploads\/2025\/04\/solgar-l-arginine-forme-libre-500-mg-250-capsules-vegetales-.jpg","type":"image\/jpeg"}],"twitter_card":"summary_large_image","twitter_misc":{"Est. reading time":"1 minute"},"schema":{"@context":"https:\/\/schema.org","@graph":[{"@type":["WebPage","ItemPage"],"@id":"https:\/\/vitablanca.ma\/produit\/solgar-l-arginine-forme-libre-500-mg-250-capsules-vegetales\/","url":"https:\/\/vitablanca.ma\/produit\/solgar-l-arginine-forme-libre-500-mg-250-capsules-vegetales\/","name":"Solgar L-arginine, Free Form, 500 mg, 250 Capsules - Morocco Price","isPartOf":{"@id":"https:\/\/vitablanca.ma\/#website"},"primaryImageOfPage":{"@id":"https:\/\/vitablanca.ma\/produit\/solgar-l-arginine-forme-libre-500-mg-250-capsules-vegetales\/#primaryimage"},"image":{"@id":"https:\/\/vitablanca.ma\/produit\/solgar-l-arginine-forme-libre-500-mg-250-capsules-vegetales\/#primaryimage"},"thumbnailUrl":"https:\/\/vitablanca.ma\/wp-content\/uploads\/2025\/04\/solgar-l-arginine-forme-libre-500-mg-250-capsules-vegetales-.jpg","datePublished":"2025-04-18T15:25:07+00:00","dateModified":"2025-06-30T20:19:17+00:00","description":"Buy Solgar L-Arginine 500 mg (250 capsules) in Morocco. Promotes blood circulation, athletic performance, and muscle recovery.","breadcrumb":{"@id":"https:\/\/vitablanca.ma\/produit\/solgar-l-arginine-forme-libre-500-mg-250-capsules-vegetales\/#breadcrumb"},"inLanguage":"en-US","potentialAction":[{"@type":"ReadAction","target":["https:\/\/vitablanca.ma\/produit\/solgar-l-arginine-forme-libre-500-mg-250-capsules-vegetales\/"]}]},{"@type":"ImageObject","inLanguage":"en-US","@id":"https:\/\/vitablanca.ma\/produit\/solgar-l-arginine-forme-libre-500-mg-250-capsules-vegetales\/#primaryimage","url":"https:\/\/vitablanca.ma\/wp-content\/uploads\/2025\/04\/solgar-l-arginine-forme-libre-500-mg-250-capsules-vegetales-.jpg","contentUrl":"https:\/\/vitablanca.ma\/wp-content\/uploads\/2025\/04\/solgar-l-arginine-forme-libre-500-mg-250-capsules-vegetales-.jpg","width":680,"height":680},{"@type":"BreadcrumbList","@id":"https:\/\/vitablanca.ma\/produit\/solgar-l-arginine-forme-libre-500-mg-250-capsules-vegetales\/#breadcrumb","itemListElement":[{"@type":"ListItem","position":1,"name":"Home","item":"https:\/\/vitablanca.ma\/"},{"@type":"ListItem","position":2,"name":"Tous Les Produits","item":"https:\/\/vitablanca.ma\/tous-les-produits\/"},{"@type":"ListItem","position":3,"name":"Solgar L-arginine, Forme libre, 500 mg, 250 capsules v\u00e9g\u00e9tales"}]},{"@type":"WebSite","@id":"https:\/\/vitablanca.ma\/#website","url":"https:\/\/vitablanca.ma\/","name":"VitaBlanca.ma | Food supplements, health &amp; beauty in Morocco","description":"sell premium vitamins and supplements from USA &amp; Canada, New Zealand, Morocco (NOW Foods, Solgar, Manuka). Fast delivery anywhere in Morocco.","publisher":{"@id":"https:\/\/vitablanca.ma\/#organization"},"alternateName":"VitaBlanca.ma","potentialAction":[{"@type":"SearchAction","target":{"@type":"EntryPoint","urlTemplate":"https:\/\/vitablanca.ma\/?s={search_term_string}"},"query-input":{"@type":"PropertyValueSpecification","valueRequired":true,"valueName":"search_term_string"}}],"inLanguage":"en-US"},{"@type":"Organization","@id":"https:\/\/vitablanca.ma\/#organization","name":"VitaBlanca","url":"https:\/\/vitablanca.ma\/","logo":{"@type":"ImageObject","inLanguage":"en-US","@id":"https:\/\/vitablanca.ma\/#\/schema\/logo\/image\/","url":"https:\/\/vitablanca.ma\/wp-content\/uploads\/2025\/05\/cropped-vitablanca.png","contentUrl":"https:\/\/vitablanca.ma\/wp-content\/uploads\/2025\/05\/cropped-vitablanca.png","width":360,"height":67,"caption":"VitaBlanca"},"image":{"@id":"https:\/\/vitablanca.ma\/#\/schema\/logo\/image\/"},"sameAs":["https:\/\/www.facebook.com\/profile.php?id=61576678196717","https:\/\/www.tiktok.com\/@vitablanca.ma","https:\/\/www.instagram.com\/vitablanca.ma\/"]}]}},"jetpack_sharing_enabled":true,"_links":{"self":[{"href":"https:\/\/vitablanca.ma\/en\/wp-json\/wp\/v2\/product\/250","targetHints":{"allow":["GET"]}}],"collection":[{"href":"https:\/\/vitablanca.ma\/en\/wp-json\/wp\/v2\/product"}],"about":[{"href":"https:\/\/vitablanca.ma\/en\/wp-json\/wp\/v2\/types\/product"}],"wp:featuredmedia":[{"embeddable":true,"href":"https:\/\/vitablanca.ma\/en\/wp-json\/wp\/v2\/media\/251"}],"wp:attachment":[{"href":"https:\/\/vitablanca.ma\/en\/wp-json\/wp\/v2\/media?parent=250"}],"wp:term":[{"taxonomy":"product_brand","embeddable":true,"href":"https:\/\/vitablanca.ma\/en\/wp-json\/wp\/v2\/product_brand?post=250"},{"taxonomy":"product_cat","embeddable":true,"href":"https:\/\/vitablanca.ma\/en\/wp-json\/wp\/v2\/product_cat?post=250"},{"taxonomy":"product_tag","embeddable":true,"href":"https:\/\/vitablanca.ma\/en\/wp-json\/wp\/v2\/product_tag?post=250"}],"curies":[{"name":"wp","href":"https:\/\/api.w.org\/{rel}","templated":true}]}}