{"id":24895,"date":"2025-07-26T00:31:24","date_gmt":"2025-07-26T00:31:24","guid":{"rendered":"https:\/\/vitablanca.ma\/?post_type=product&#038;p=24895"},"modified":"2025-08-30T20:55:31","modified_gmt":"2025-08-30T20:55:31","slug":"doctors-best-vitamine-b-12-entierement-actif-1500-mcg-favorise-une-memoire-saine-180-veggie_maroc","status":"publish","type":"product","link":"https:\/\/vitablanca.ma\/en\/product\/doctors-best-vitamine-b-12-entierement-actif-1500-mcg-favorise-une-memoire-saine-180-veggie_maroc\/","title":{"rendered":"Doctor&#039;s BEST Fully Active Vitamin B-12 1500 mcg Promotes Healthy Memory 180 Veggie"},"content":{"rendered":"<p>Vitamin B-12 (cyanocobalamin) is a water-soluble vitamin necessary for maintaining a healthy nervous system and producing energy from fats and proteins. Vitamin B-12 is also essential for DNA synthesis during cell division and is therefore particularly important for rapidly multiplying cells, such as blood cells. In addition, adequate intake of vitamin B-12, along with folic acid and vitamin B-6, is essential for the conversion of homocysteine to methionine, thus supporting a healthy cardiovascular system. While vitamin B-12 is stored in the liver, its dietary sources are exclusively animal-based (meat and dairy products). Therefore, taking vitamin B-12 supplements may be especially important for people following a strict vegetarian diet.<\/p>\n\n\n\n<p>Suggested Use<br>Take 1 lozenge daily with a meal. Chew the lozenge or let it dissolve in your mouth and swallow.<\/p>\n\n\n\n<p>Product not manufactured with wheat, gluten, soy, milk, eggs, fish, shellfish, or tree nuts. Manufactured in a facility that adheres to Good Manufacturing Practices and processes other ingredients containing these allergens.<\/p>\n\n\n\n<p>To Visit Our \u201cBest Of Jumia\u201d Store, Click Here<\/p>\n\n\n\n<p>NOW Foods, B-12, 1,000 mcg, 100 Lozenges<a href=\"https:\/\/www.jumia.ma\/customer\/account\/login\/?tkWl=DO700DV0996QGNAFAMZ-69579667&amp;return=%2Fdoctors-best-vitamine-b-12-entierement-actif-1500-mcg-favorise-une-memoire-saine-180-veggie-67154551.html\"><\/a><\/p>","protected":false},"excerpt":{"rendered":"<p>La vitamine B-12 (cyanocobalamine) est une vitamine hydrosoluble n\u00e9cessaire au maintien d&rsquo;un syst\u00e8me nerveux sain et \u00e0 la production d&rsquo;\u00e9nergie \u00e0 partir des lipides et des prot\u00e9ines. La vitamine B-12 est \u00e9galement essentielle \u00e0 la synth\u00e8se de l&rsquo;ADN pendant la division cellulaire et est donc particuli\u00e8rement importante pour les cellules \u00e0 multiplication rapide, telles que [&hellip;]<\/p>\n","protected":false},"featured_media":24897,"template":"","meta":{"om_disable_all_campaigns":false},"product_brand":[1982],"product_cat":[2255,18,3366,131,130,19],"product_tag":[],"class_list":{"0":"post-24895","1":"product","2":"type-product","3":"status-publish","4":"has-post-thumbnail","6":"product_brand-doctors-best-maroc-prix","7":"product_cat-b12","8":"product_cat-beaute-sante","9":"product_cat-complements-alimentaires-au-maroc-vitablanca","10":"product_cat-vitamine-b","11":"product_cat-vitamines","12":"product_cat-vitamines-supplements-dietetiques","14":"first","15":"instock","16":"taxable","17":"shipping-taxable","18":"purchasable","19":"product-type-simple"},"yoast_head":"<!-- This site is optimized with the Yoast SEO plugin v27.4 - https:\/\/yoast.com\/product\/yoast-seo-wordpress\/ -->\n<title>Doctor&#039;s Best Vitamine B12 1500 mcg 180 G\u00e9lules _ Maroc Prix<\/title>\n<meta name=\"description\" content=\"La Vitamine B-12 Enti\u00e8rement Active de Doctor&#039;s Best contient de la m\u00e9thylcobalamine, la forme la plus biodisponible de B12.\" \/>\n<meta name=\"robots\" content=\"index, follow, max-snippet:-1, max-image-preview:large, max-video-preview:-1\" \/>\n<link rel=\"canonical\" href=\"https:\/\/vitablanca.ma\/en\/product\/doctors-best-vitamine-b-12-entierement-actif-1500-mcg-favorise-une-memoire-saine-180-veggie_maroc\/\" \/>\n<meta property=\"og:locale\" content=\"en_US\" \/>\n<meta property=\"og:type\" content=\"article\" \/>\n<meta property=\"og:title\" content=\"Doctor&#039;s Best Vitamine B12 1500 mcg 180 G\u00e9lules _ Maroc Prix\" \/>\n<meta property=\"og:description\" content=\"La Vitamine B-12 Enti\u00e8rement Active de Doctor&#039;s Best contient de la m\u00e9thylcobalamine, la forme la plus biodisponible de B12.\" \/>\n<meta property=\"og:url\" content=\"https:\/\/vitablanca.ma\/en\/product\/doctors-best-vitamine-b-12-entierement-actif-1500-mcg-favorise-une-memoire-saine-180-veggie_maroc\/\" \/>\n<meta property=\"og:site_name\" content=\"Vitablanca.ma &ndash; Sant&eacute;, vitalit&eacute; et bien-&ecirc;tre pour tous les Marocains\" \/>\n<meta property=\"article:publisher\" content=\"https:\/\/www.facebook.com\/profile.php?id=61576678196717\" \/>\n<meta property=\"article:modified_time\" content=\"2025-08-30T20:55:31+00:00\" \/>\n<meta property=\"og:image\" content=\"https:\/\/vitablanca.ma\/wp-content\/uploads\/2025\/07\/doctors-best-vitamine-b-12-entierement-actif-1500-mcg-favorise-une-memoire-saine-.webp\" \/>\n\t<meta property=\"og:image:width\" content=\"680\" \/>\n\t<meta property=\"og:image:height\" content=\"680\" \/>\n\t<meta property=\"og:image:type\" content=\"image\/webp\" \/>\n<meta name=\"twitter:card\" content=\"summary_large_image\" \/>\n<meta name=\"twitter:label1\" content=\"Est. reading time\" \/>\n\t<meta name=\"twitter:data1\" content=\"2 minutes\" \/>\n<script type=\"application\/ld+json\" class=\"yoast-schema-graph\">{\"@context\":\"https:\\\/\\\/schema.org\",\"@graph\":[{\"@type\":[\"WebPage\",\"ItemPage\"],\"@id\":\"https:\\\/\\\/vitablanca.ma\\\/produit\\\/doctors-best-vitamine-b-12-entierement-actif-1500-mcg-favorise-une-memoire-saine-180-veggie_maroc\\\/\",\"url\":\"https:\\\/\\\/vitablanca.ma\\\/produit\\\/doctors-best-vitamine-b-12-entierement-actif-1500-mcg-favorise-une-memoire-saine-180-veggie_maroc\\\/\",\"name\":\"Doctor's Best Vitamine B12 1500 mcg 180 G\u00e9lules _ Maroc Prix\",\"isPartOf\":{\"@id\":\"https:\\\/\\\/vitablanca.ma\\\/#website\"},\"primaryImageOfPage\":{\"@id\":\"https:\\\/\\\/vitablanca.ma\\\/produit\\\/doctors-best-vitamine-b-12-entierement-actif-1500-mcg-favorise-une-memoire-saine-180-veggie_maroc\\\/#primaryimage\"},\"image\":{\"@id\":\"https:\\\/\\\/vitablanca.ma\\\/produit\\\/doctors-best-vitamine-b-12-entierement-actif-1500-mcg-favorise-une-memoire-saine-180-veggie_maroc\\\/#primaryimage\"},\"thumbnailUrl\":\"https:\\\/\\\/vitablanca.ma\\\/wp-content\\\/uploads\\\/2025\\\/07\\\/doctors-best-vitamine-b-12-entierement-actif-1500-mcg-favorise-une-memoire-saine-.webp\",\"datePublished\":\"2025-07-26T00:31:24+00:00\",\"dateModified\":\"2025-08-30T20:55:31+00:00\",\"description\":\"La Vitamine B-12 Enti\u00e8rement Active de Doctor's Best contient de la m\u00e9thylcobalamine, la forme la plus biodisponible de B12.\",\"breadcrumb\":{\"@id\":\"https:\\\/\\\/vitablanca.ma\\\/produit\\\/doctors-best-vitamine-b-12-entierement-actif-1500-mcg-favorise-une-memoire-saine-180-veggie_maroc\\\/#breadcrumb\"},\"inLanguage\":\"en-US\",\"potentialAction\":[{\"@type\":\"ReadAction\",\"target\":[\"https:\\\/\\\/vitablanca.ma\\\/produit\\\/doctors-best-vitamine-b-12-entierement-actif-1500-mcg-favorise-une-memoire-saine-180-veggie_maroc\\\/\"]}]},{\"@type\":\"ImageObject\",\"inLanguage\":\"en-US\",\"@id\":\"https:\\\/\\\/vitablanca.ma\\\/produit\\\/doctors-best-vitamine-b-12-entierement-actif-1500-mcg-favorise-une-memoire-saine-180-veggie_maroc\\\/#primaryimage\",\"url\":\"https:\\\/\\\/vitablanca.ma\\\/wp-content\\\/uploads\\\/2025\\\/07\\\/doctors-best-vitamine-b-12-entierement-actif-1500-mcg-favorise-une-memoire-saine-.webp\",\"contentUrl\":\"https:\\\/\\\/vitablanca.ma\\\/wp-content\\\/uploads\\\/2025\\\/07\\\/doctors-best-vitamine-b-12-entierement-actif-1500-mcg-favorise-une-memoire-saine-.webp\",\"width\":680,\"height\":680},{\"@type\":\"BreadcrumbList\",\"@id\":\"https:\\\/\\\/vitablanca.ma\\\/produit\\\/doctors-best-vitamine-b-12-entierement-actif-1500-mcg-favorise-une-memoire-saine-180-veggie_maroc\\\/#breadcrumb\",\"itemListElement\":[{\"@type\":\"ListItem\",\"position\":1,\"name\":\"Home\",\"item\":\"https:\\\/\\\/vitablanca.ma\\\/\"},{\"@type\":\"ListItem\",\"position\":2,\"name\":\"Tous Les Produits\",\"item\":\"https:\\\/\\\/vitablanca.ma\\\/tous-les-produits\\\/\"},{\"@type\":\"ListItem\",\"position\":3,\"name\":\"Doctor&#8217;s BEST Vitamine B-12 enti\u00e8rement actif 1500 mcg favorise une m\u00e9moire saine 180 veggie\"}]},{\"@type\":\"WebSite\",\"@id\":\"https:\\\/\\\/vitablanca.ma\\\/#website\",\"url\":\"https:\\\/\\\/vitablanca.ma\\\/\",\"name\":\"VitaBlanca.ma | Compl\u00e9ments alimentaires, sant\u00e9 & beaut\u00e9 au Maroc\",\"description\":\"vendre vitamines et compl\u00e9ments premium des USA &amp; Canada, Nouvelle Z\u00e9lande,Maroc (NOW Foods, Solgar, Manuka). Livraison rapide partout au Maroc.\",\"publisher\":{\"@id\":\"https:\\\/\\\/vitablanca.ma\\\/#organization\"},\"alternateName\":\"VitaBlanca.ma\",\"potentialAction\":[{\"@type\":\"SearchAction\",\"target\":{\"@type\":\"EntryPoint\",\"urlTemplate\":\"https:\\\/\\\/vitablanca.ma\\\/?s={search_term_string}\"},\"query-input\":{\"@type\":\"PropertyValueSpecification\",\"valueRequired\":true,\"valueName\":\"search_term_string\"}}],\"inLanguage\":\"en-US\"},{\"@type\":\"Organization\",\"@id\":\"https:\\\/\\\/vitablanca.ma\\\/#organization\",\"name\":\"VitaBlanca\",\"url\":\"https:\\\/\\\/vitablanca.ma\\\/\",\"logo\":{\"@type\":\"ImageObject\",\"inLanguage\":\"en-US\",\"@id\":\"https:\\\/\\\/vitablanca.ma\\\/#\\\/schema\\\/logo\\\/image\\\/\",\"url\":\"https:\\\/\\\/vitablanca.ma\\\/wp-content\\\/uploads\\\/2025\\\/05\\\/cropped-vitablanca.png\",\"contentUrl\":\"https:\\\/\\\/vitablanca.ma\\\/wp-content\\\/uploads\\\/2025\\\/05\\\/cropped-vitablanca.png\",\"width\":360,\"height\":67,\"caption\":\"VitaBlanca\"},\"image\":{\"@id\":\"https:\\\/\\\/vitablanca.ma\\\/#\\\/schema\\\/logo\\\/image\\\/\"},\"sameAs\":[\"https:\\\/\\\/www.facebook.com\\\/profile.php?id=61576678196717\",\"https:\\\/\\\/www.tiktok.com\\\/@vitablanca.ma\",\"https:\\\/\\\/www.instagram.com\\\/vitablanca.ma\\\/\"]}]}<\/script>\n<!-- \/ Yoast SEO plugin. -->","yoast_head_json":{"title":"Doctor&#039;s Best Vitamin B12 1500 mcg 180 Capsules - Morocco Price","description":"Doctor&#039;s Best Fully Active Vitamin B-12 contains methylcobalamin, the most bioavailable form of B12.","robots":{"index":"index","follow":"follow","max-snippet":"max-snippet:-1","max-image-preview":"max-image-preview:large","max-video-preview":"max-video-preview:-1"},"canonical":"https:\/\/vitablanca.ma\/en\/product\/doctors-best-vitamine-b-12-entierement-actif-1500-mcg-favorise-une-memoire-saine-180-veggie_maroc\/","og_locale":"en_US","og_type":"article","og_title":"Doctor's Best Vitamine B12 1500 mcg 180 G\u00e9lules _ Maroc Prix","og_description":"La Vitamine B-12 Enti\u00e8rement Active de Doctor's Best contient de la m\u00e9thylcobalamine, la forme la plus biodisponible de B12.","og_url":"https:\/\/vitablanca.ma\/en\/product\/doctors-best-vitamine-b-12-entierement-actif-1500-mcg-favorise-une-memoire-saine-180-veggie_maroc\/","og_site_name":"Vitablanca.ma &ndash; Sant&eacute;, vitalit&eacute; et bien-&ecirc;tre pour tous les Marocains","article_publisher":"https:\/\/www.facebook.com\/profile.php?id=61576678196717","article_modified_time":"2025-08-30T20:55:31+00:00","og_image":[{"width":680,"height":680,"url":"https:\/\/vitablanca.ma\/wp-content\/uploads\/2025\/07\/doctors-best-vitamine-b-12-entierement-actif-1500-mcg-favorise-une-memoire-saine-.webp","type":"image\/webp"}],"twitter_card":"summary_large_image","twitter_misc":{"Est. reading time":"2 minutes"},"schema":{"@context":"https:\/\/schema.org","@graph":[{"@type":["WebPage","ItemPage"],"@id":"https:\/\/vitablanca.ma\/produit\/doctors-best-vitamine-b-12-entierement-actif-1500-mcg-favorise-une-memoire-saine-180-veggie_maroc\/","url":"https:\/\/vitablanca.ma\/produit\/doctors-best-vitamine-b-12-entierement-actif-1500-mcg-favorise-une-memoire-saine-180-veggie_maroc\/","name":"Doctor&#039;s Best Vitamin B12 1500 mcg 180 Capsules - Morocco Price","isPartOf":{"@id":"https:\/\/vitablanca.ma\/#website"},"primaryImageOfPage":{"@id":"https:\/\/vitablanca.ma\/produit\/doctors-best-vitamine-b-12-entierement-actif-1500-mcg-favorise-une-memoire-saine-180-veggie_maroc\/#primaryimage"},"image":{"@id":"https:\/\/vitablanca.ma\/produit\/doctors-best-vitamine-b-12-entierement-actif-1500-mcg-favorise-une-memoire-saine-180-veggie_maroc\/#primaryimage"},"thumbnailUrl":"https:\/\/vitablanca.ma\/wp-content\/uploads\/2025\/07\/doctors-best-vitamine-b-12-entierement-actif-1500-mcg-favorise-une-memoire-saine-.webp","datePublished":"2025-07-26T00:31:24+00:00","dateModified":"2025-08-30T20:55:31+00:00","description":"Doctor&#039;s Best Fully Active Vitamin B-12 contains methylcobalamin, the most bioavailable form of B12.","breadcrumb":{"@id":"https:\/\/vitablanca.ma\/produit\/doctors-best-vitamine-b-12-entierement-actif-1500-mcg-favorise-une-memoire-saine-180-veggie_maroc\/#breadcrumb"},"inLanguage":"en-US","potentialAction":[{"@type":"ReadAction","target":["https:\/\/vitablanca.ma\/produit\/doctors-best-vitamine-b-12-entierement-actif-1500-mcg-favorise-une-memoire-saine-180-veggie_maroc\/"]}]},{"@type":"ImageObject","inLanguage":"en-US","@id":"https:\/\/vitablanca.ma\/produit\/doctors-best-vitamine-b-12-entierement-actif-1500-mcg-favorise-une-memoire-saine-180-veggie_maroc\/#primaryimage","url":"https:\/\/vitablanca.ma\/wp-content\/uploads\/2025\/07\/doctors-best-vitamine-b-12-entierement-actif-1500-mcg-favorise-une-memoire-saine-.webp","contentUrl":"https:\/\/vitablanca.ma\/wp-content\/uploads\/2025\/07\/doctors-best-vitamine-b-12-entierement-actif-1500-mcg-favorise-une-memoire-saine-.webp","width":680,"height":680},{"@type":"BreadcrumbList","@id":"https:\/\/vitablanca.ma\/produit\/doctors-best-vitamine-b-12-entierement-actif-1500-mcg-favorise-une-memoire-saine-180-veggie_maroc\/#breadcrumb","itemListElement":[{"@type":"ListItem","position":1,"name":"Home","item":"https:\/\/vitablanca.ma\/"},{"@type":"ListItem","position":2,"name":"Tous Les Produits","item":"https:\/\/vitablanca.ma\/tous-les-produits\/"},{"@type":"ListItem","position":3,"name":"Doctor&#8217;s BEST Vitamine B-12 enti\u00e8rement actif 1500 mcg favorise une m\u00e9moire saine 180 veggie"}]},{"@type":"WebSite","@id":"https:\/\/vitablanca.ma\/#website","url":"https:\/\/vitablanca.ma\/","name":"VitaBlanca.ma | Food supplements, health &amp; beauty in Morocco","description":"sell premium vitamins and supplements from USA &amp; Canada, New Zealand, Morocco (NOW Foods, Solgar, Manuka). Fast delivery anywhere in Morocco.","publisher":{"@id":"https:\/\/vitablanca.ma\/#organization"},"alternateName":"VitaBlanca.ma","potentialAction":[{"@type":"SearchAction","target":{"@type":"EntryPoint","urlTemplate":"https:\/\/vitablanca.ma\/?s={search_term_string}"},"query-input":{"@type":"PropertyValueSpecification","valueRequired":true,"valueName":"search_term_string"}}],"inLanguage":"en-US"},{"@type":"Organization","@id":"https:\/\/vitablanca.ma\/#organization","name":"VitaBlanca","url":"https:\/\/vitablanca.ma\/","logo":{"@type":"ImageObject","inLanguage":"en-US","@id":"https:\/\/vitablanca.ma\/#\/schema\/logo\/image\/","url":"https:\/\/vitablanca.ma\/wp-content\/uploads\/2025\/05\/cropped-vitablanca.png","contentUrl":"https:\/\/vitablanca.ma\/wp-content\/uploads\/2025\/05\/cropped-vitablanca.png","width":360,"height":67,"caption":"VitaBlanca"},"image":{"@id":"https:\/\/vitablanca.ma\/#\/schema\/logo\/image\/"},"sameAs":["https:\/\/www.facebook.com\/profile.php?id=61576678196717","https:\/\/www.tiktok.com\/@vitablanca.ma","https:\/\/www.instagram.com\/vitablanca.ma\/"]}]}},"jetpack_sharing_enabled":true,"_links":{"self":[{"href":"https:\/\/vitablanca.ma\/en\/wp-json\/wp\/v2\/product\/24895","targetHints":{"allow":["GET"]}}],"collection":[{"href":"https:\/\/vitablanca.ma\/en\/wp-json\/wp\/v2\/product"}],"about":[{"href":"https:\/\/vitablanca.ma\/en\/wp-json\/wp\/v2\/types\/product"}],"wp:featuredmedia":[{"embeddable":true,"href":"https:\/\/vitablanca.ma\/en\/wp-json\/wp\/v2\/media\/24897"}],"wp:attachment":[{"href":"https:\/\/vitablanca.ma\/en\/wp-json\/wp\/v2\/media?parent=24895"}],"wp:term":[{"taxonomy":"product_brand","embeddable":true,"href":"https:\/\/vitablanca.ma\/en\/wp-json\/wp\/v2\/product_brand?post=24895"},{"taxonomy":"product_cat","embeddable":true,"href":"https:\/\/vitablanca.ma\/en\/wp-json\/wp\/v2\/product_cat?post=24895"},{"taxonomy":"product_tag","embeddable":true,"href":"https:\/\/vitablanca.ma\/en\/wp-json\/wp\/v2\/product_tag?post=24895"}],"curies":[{"name":"wp","href":"https:\/\/api.w.org\/{rel}","templated":true}]}}