{"id":24891,"date":"2025-07-26T00:22:14","date_gmt":"2025-07-26T00:22:14","guid":{"rendered":"https:\/\/vitablanca.ma\/?post_type=product&#038;p=24891"},"modified":"2026-01-06T19:19:44","modified_gmt":"2026-01-06T19:19:44","slug":"jarrow-formulas-vitamine-b12-1000-micrograms-supporte-la-production-denergie_maroc","status":"publish","type":"product","link":"https:\/\/vitablanca.ma\/en\/product\/jarrow-formulas-vitamine-b12-1000-micrograms-supporte-la-production-denergie_maroc\/","title":{"rendered":"Jarrow Formulas Methyl\u00a0B12 -1000 Micrograms Supporte la production d&rsquo;\u00e9nergie"},"content":{"rendered":"<p>Bioactif B12 \u2013 Formules de Jarrow Le m\u00e9thyl B-12 (m\u00e9thylcobalamine) est la forme de coenzyme biologiquement active de la vitamine B12. Il prend en charge la sant\u00e9 et la fonction du cerveau et des nerfs, la production d\u2019\u00e9nergie, la r\u00e9plication cellulaire, la production de globules rouges et les cycles veille-sommeil.<\/p>\n\n\n\n<p>M\u00e9tabolisme homocyst\u00e9ine \u2013 Le m\u00e9thyl B-12 est \u00e9galement n\u00e9cessaire pour m\u00e9taboliser l\u2019homocyst\u00e9ine dans la L-m\u00e9thionine, un acide amin\u00e9 essentiel.<\/p>\n\n\n\n<p>Mieux conserv\u00e9 \u2013 La recherche sugg\u00e8re que le m\u00e9thyle B-12 est mieux conserv\u00e9 dans le corps que la cyanocobalamine, et une suppl\u00e9mentation peut \u00eatre n\u00e9cessaire pour certains v\u00e9g\u00e9tariens \/ v\u00e9g\u00e9taliens.<\/p>\n\n\n\n<p>Comprim\u00e9 \u00e0 croquer pratique \u2013 Chaque comprim\u00e9 \u00e0 croquer aromatis\u00e9 au citron d\u00e9livre 1000 microgrammes (mcg) de m\u00e9thyle B-12. Notre formule ne contient ni bl\u00e9, ni gluten, ni soja, ni produits laitiers, ni \u0153ufs, ni poisson \/ crustac\u00e9s, ni arachides \/ noix.<\/p>\n\n\n\n<p>Nutrition et formulation sup\u00e9rieures \u2013 L\u2019objectif de Jarrow Formulas est de promouvoir une sant\u00e9 optimale avec une formulation de compl\u00e9ments alimentaires de haute qualit\u00e9, efficace, abordable et sup\u00e9rieure. Nos clients peuvent \u00eatre assur\u00e9s de la puret\u00e9, de la valeur et de la puissance.<a href=\"https:\/\/www.jumia.ma\/customer\/account\/login\/?tkWl=JA700DV1839C8NAFAMZ-69580167&return=%2Fjarrow-formulas-vitamine-b12-1000-micrograms-supporte-la-production-denergie-67155047.html\"><\/a><\/p>","protected":false},"excerpt":{"rendered":"<p>Bioactif B12 \u2013 Formules de Jarrow Le m\u00e9thyl B-12 (m\u00e9thylcobalamine) est la forme de coenzyme biologiquement active de la vitamine B12. Il prend en charge la sant\u00e9 et la fonction du cerveau et des nerfs, la production d\u2019\u00e9nergie, la r\u00e9plication cellulaire, la production de globules rouges et les cycles veille-sommeil. M\u00e9tabolisme homocyst\u00e9ine \u2013 Le m\u00e9thyl [&hellip;]<\/p>\n","protected":false},"featured_media":24894,"template":"","meta":{"om_disable_all_campaigns":false},"product_brand":[1799],"product_cat":[2255,18,3366,131,130,19],"product_tag":[3305,3303,3309],"class_list":{"0":"post-24891","1":"product","2":"type-product","3":"status-publish","4":"has-post-thumbnail","6":"product_brand-jarrow-formulas-prix-maroc","7":"product_cat-b12","8":"product_cat-beaute-sante","9":"product_cat-complements-alimentaires-au-maroc-vitablanca","10":"product_cat-vitamine-b","11":"product_cat-vitamines","12":"product_cat-vitamines-supplements-dietetiques","13":"product_tag-contribue-a-une-fonction-nerveuse-optimale","14":"product_tag-favorise-la-production-denergie-cellulaire","15":"product_tag-ideal-pour-les-vegetariens-et-personnes-ayant-des-carences-en-b12","17":"first","18":"instock","19":"taxable","20":"shipping-taxable","21":"purchasable","22":"product-type-simple"},"yoast_head":"<!-- This site is optimized with the Yoast SEO plugin v27.5 - https:\/\/yoast.com\/product\/yoast-seo-wordpress\/ -->\n<title>Jarrow Formulas Vitamine B12 1000 mcg 100 Comprim\u00e9s Maroc<\/title>\n<meta name=\"description\" content=\"Jarrow Formulas B12 1000 mcg une forme hautement biodisponible de m\u00e9thylcobalamine, con\u00e7ue pour soutenir la production d\u2019\u00e9nergie, la fonction neurologique\" \/>\n<meta name=\"robots\" content=\"index, follow, max-snippet:-1, max-image-preview:large, max-video-preview:-1\" \/>\n<link rel=\"canonical\" href=\"https:\/\/vitablanca.ma\/en\/product\/jarrow-formulas-vitamine-b12-1000-micrograms-supporte-la-production-denergie_maroc\/\" \/>\n<meta property=\"og:locale\" content=\"en_US\" \/>\n<meta property=\"og:type\" content=\"article\" \/>\n<meta property=\"og:title\" content=\"Jarrow Formulas Vitamine B12 1000 mcg 100 Comprim\u00e9s Maroc\" \/>\n<meta property=\"og:description\" content=\"Jarrow Formulas B12 1000 mcg une forme hautement biodisponible de m\u00e9thylcobalamine, con\u00e7ue pour soutenir la production d\u2019\u00e9nergie, la fonction neurologique\" \/>\n<meta property=\"og:url\" content=\"https:\/\/vitablanca.ma\/en\/product\/jarrow-formulas-vitamine-b12-1000-micrograms-supporte-la-production-denergie_maroc\/\" \/>\n<meta property=\"og:site_name\" content=\"Vitablanca.ma &ndash; Sant&eacute;, vitalit&eacute; et bien-&ecirc;tre pour tous les Marocains\" \/>\n<meta property=\"article:publisher\" content=\"https:\/\/www.facebook.com\/profile.php?id=61576678196717\" \/>\n<meta property=\"article:modified_time\" content=\"2026-01-06T19:19:44+00:00\" \/>\n<meta property=\"og:image\" content=\"https:\/\/vitablanca.ma\/wp-content\/uploads\/2025\/07\/jarrow-formulas-vitamine-b12-1000-micrograms-supporte-la-production-denergie-.webp\" \/>\n\t<meta property=\"og:image:width\" content=\"680\" \/>\n\t<meta property=\"og:image:height\" content=\"680\" \/>\n\t<meta property=\"og:image:type\" content=\"image\/webp\" \/>\n<meta name=\"twitter:card\" content=\"summary_large_image\" \/>\n<meta name=\"twitter:label1\" content=\"Est. reading time\" \/>\n\t<meta name=\"twitter:data1\" content=\"2 minutes\" \/>\n<script type=\"application\/ld+json\" class=\"yoast-schema-graph\">{\"@context\":\"https:\\\/\\\/schema.org\",\"@graph\":[{\"@type\":[\"WebPage\",\"ItemPage\"],\"@id\":\"https:\\\/\\\/vitablanca.ma\\\/produit\\\/jarrow-formulas-vitamine-b12-1000-micrograms-supporte-la-production-denergie_maroc\\\/\",\"url\":\"https:\\\/\\\/vitablanca.ma\\\/produit\\\/jarrow-formulas-vitamine-b12-1000-micrograms-supporte-la-production-denergie_maroc\\\/\",\"name\":\"Jarrow Formulas Vitamine B12 1000 mcg 100 Comprim\u00e9s Maroc\",\"isPartOf\":{\"@id\":\"https:\\\/\\\/vitablanca.ma\\\/#website\"},\"primaryImageOfPage\":{\"@id\":\"https:\\\/\\\/vitablanca.ma\\\/produit\\\/jarrow-formulas-vitamine-b12-1000-micrograms-supporte-la-production-denergie_maroc\\\/#primaryimage\"},\"image\":{\"@id\":\"https:\\\/\\\/vitablanca.ma\\\/produit\\\/jarrow-formulas-vitamine-b12-1000-micrograms-supporte-la-production-denergie_maroc\\\/#primaryimage\"},\"thumbnailUrl\":\"https:\\\/\\\/vitablanca.ma\\\/wp-content\\\/uploads\\\/2025\\\/07\\\/jarrow-formulas-vitamine-b12-1000-micrograms-supporte-la-production-denergie-.webp\",\"datePublished\":\"2025-07-26T00:22:14+00:00\",\"dateModified\":\"2026-01-06T19:19:44+00:00\",\"description\":\"Jarrow Formulas B12 1000 mcg une forme hautement biodisponible de m\u00e9thylcobalamine, con\u00e7ue pour soutenir la production d\u2019\u00e9nergie, la fonction neurologique\",\"breadcrumb\":{\"@id\":\"https:\\\/\\\/vitablanca.ma\\\/produit\\\/jarrow-formulas-vitamine-b12-1000-micrograms-supporte-la-production-denergie_maroc\\\/#breadcrumb\"},\"inLanguage\":\"en-US\",\"potentialAction\":[{\"@type\":\"ReadAction\",\"target\":[\"https:\\\/\\\/vitablanca.ma\\\/produit\\\/jarrow-formulas-vitamine-b12-1000-micrograms-supporte-la-production-denergie_maroc\\\/\"]}]},{\"@type\":\"ImageObject\",\"inLanguage\":\"en-US\",\"@id\":\"https:\\\/\\\/vitablanca.ma\\\/produit\\\/jarrow-formulas-vitamine-b12-1000-micrograms-supporte-la-production-denergie_maroc\\\/#primaryimage\",\"url\":\"https:\\\/\\\/vitablanca.ma\\\/wp-content\\\/uploads\\\/2025\\\/07\\\/jarrow-formulas-vitamine-b12-1000-micrograms-supporte-la-production-denergie-.webp\",\"contentUrl\":\"https:\\\/\\\/vitablanca.ma\\\/wp-content\\\/uploads\\\/2025\\\/07\\\/jarrow-formulas-vitamine-b12-1000-micrograms-supporte-la-production-denergie-.webp\",\"width\":680,\"height\":680},{\"@type\":\"BreadcrumbList\",\"@id\":\"https:\\\/\\\/vitablanca.ma\\\/produit\\\/jarrow-formulas-vitamine-b12-1000-micrograms-supporte-la-production-denergie_maroc\\\/#breadcrumb\",\"itemListElement\":[{\"@type\":\"ListItem\",\"position\":1,\"name\":\"Home\",\"item\":\"https:\\\/\\\/vitablanca.ma\\\/\"},{\"@type\":\"ListItem\",\"position\":2,\"name\":\"Tous Les Produits\",\"item\":\"https:\\\/\\\/vitablanca.ma\\\/tous-les-produits\\\/\"},{\"@type\":\"ListItem\",\"position\":3,\"name\":\"Jarrow Formulas Methyl\u00a0B12 -1000 Micrograms Supporte la production d&#8217;\u00e9nergie\"}]},{\"@type\":\"WebSite\",\"@id\":\"https:\\\/\\\/vitablanca.ma\\\/#website\",\"url\":\"https:\\\/\\\/vitablanca.ma\\\/\",\"name\":\"VitaBlanca.ma | Compl\u00e9ments alimentaires, sant\u00e9 & beaut\u00e9 au Maroc\",\"description\":\"vendre vitamines et compl\u00e9ments premium des USA &amp; Canada, Nouvelle Z\u00e9lande,Maroc (NOW Foods, Solgar, Manuka). Livraison rapide partout au Maroc.\",\"publisher\":{\"@id\":\"https:\\\/\\\/vitablanca.ma\\\/#organization\"},\"alternateName\":\"VitaBlanca.ma\",\"potentialAction\":[{\"@type\":\"SearchAction\",\"target\":{\"@type\":\"EntryPoint\",\"urlTemplate\":\"https:\\\/\\\/vitablanca.ma\\\/?s={search_term_string}\"},\"query-input\":{\"@type\":\"PropertyValueSpecification\",\"valueRequired\":true,\"valueName\":\"search_term_string\"}}],\"inLanguage\":\"en-US\"},{\"@type\":\"Organization\",\"@id\":\"https:\\\/\\\/vitablanca.ma\\\/#organization\",\"name\":\"VitaBlanca\",\"url\":\"https:\\\/\\\/vitablanca.ma\\\/\",\"logo\":{\"@type\":\"ImageObject\",\"inLanguage\":\"en-US\",\"@id\":\"https:\\\/\\\/vitablanca.ma\\\/#\\\/schema\\\/logo\\\/image\\\/\",\"url\":\"https:\\\/\\\/vitablanca.ma\\\/wp-content\\\/uploads\\\/2025\\\/05\\\/cropped-vitablanca.png\",\"contentUrl\":\"https:\\\/\\\/vitablanca.ma\\\/wp-content\\\/uploads\\\/2025\\\/05\\\/cropped-vitablanca.png\",\"width\":360,\"height\":67,\"caption\":\"VitaBlanca\"},\"image\":{\"@id\":\"https:\\\/\\\/vitablanca.ma\\\/#\\\/schema\\\/logo\\\/image\\\/\"},\"sameAs\":[\"https:\\\/\\\/www.facebook.com\\\/profile.php?id=61576678196717\",\"https:\\\/\\\/www.tiktok.com\\\/@vitablanca.ma\",\"https:\\\/\\\/www.instagram.com\\\/vitablanca.ma\\\/\"]}]}<\/script>\n<!-- \/ Yoast SEO plugin. -->","yoast_head_json":{"title":"Jarrow Formulas Vitamin B12 1000 mcg 100 Tablets Morocco","description":"Jarrow Formulas B12 1000 mcg a highly bioavailable form of methylcobalamin, designed to support energy production, neurological function","robots":{"index":"index","follow":"follow","max-snippet":"max-snippet:-1","max-image-preview":"max-image-preview:large","max-video-preview":"max-video-preview:-1"},"canonical":"https:\/\/vitablanca.ma\/en\/product\/jarrow-formulas-vitamine-b12-1000-micrograms-supporte-la-production-denergie_maroc\/","og_locale":"en_US","og_type":"article","og_title":"Jarrow Formulas Vitamine B12 1000 mcg 100 Comprim\u00e9s Maroc","og_description":"Jarrow Formulas B12 1000 mcg une forme hautement biodisponible de m\u00e9thylcobalamine, con\u00e7ue pour soutenir la production d\u2019\u00e9nergie, la fonction neurologique","og_url":"https:\/\/vitablanca.ma\/en\/product\/jarrow-formulas-vitamine-b12-1000-micrograms-supporte-la-production-denergie_maroc\/","og_site_name":"Vitablanca.ma &ndash; Sant&eacute;, vitalit&eacute; et bien-&ecirc;tre pour tous les Marocains","article_publisher":"https:\/\/www.facebook.com\/profile.php?id=61576678196717","article_modified_time":"2026-01-06T19:19:44+00:00","og_image":[{"width":680,"height":680,"url":"https:\/\/vitablanca.ma\/wp-content\/uploads\/2025\/07\/jarrow-formulas-vitamine-b12-1000-micrograms-supporte-la-production-denergie-.webp","type":"image\/webp"}],"twitter_card":"summary_large_image","twitter_misc":{"Est. reading time":"2 minutes"},"schema":{"@context":"https:\/\/schema.org","@graph":[{"@type":["WebPage","ItemPage"],"@id":"https:\/\/vitablanca.ma\/produit\/jarrow-formulas-vitamine-b12-1000-micrograms-supporte-la-production-denergie_maroc\/","url":"https:\/\/vitablanca.ma\/produit\/jarrow-formulas-vitamine-b12-1000-micrograms-supporte-la-production-denergie_maroc\/","name":"Jarrow Formulas Vitamin B12 1000 mcg 100 Tablets Morocco","isPartOf":{"@id":"https:\/\/vitablanca.ma\/#website"},"primaryImageOfPage":{"@id":"https:\/\/vitablanca.ma\/produit\/jarrow-formulas-vitamine-b12-1000-micrograms-supporte-la-production-denergie_maroc\/#primaryimage"},"image":{"@id":"https:\/\/vitablanca.ma\/produit\/jarrow-formulas-vitamine-b12-1000-micrograms-supporte-la-production-denergie_maroc\/#primaryimage"},"thumbnailUrl":"https:\/\/vitablanca.ma\/wp-content\/uploads\/2025\/07\/jarrow-formulas-vitamine-b12-1000-micrograms-supporte-la-production-denergie-.webp","datePublished":"2025-07-26T00:22:14+00:00","dateModified":"2026-01-06T19:19:44+00:00","description":"Jarrow Formulas B12 1000 mcg a highly bioavailable form of methylcobalamin, designed to support energy production, neurological function","breadcrumb":{"@id":"https:\/\/vitablanca.ma\/produit\/jarrow-formulas-vitamine-b12-1000-micrograms-supporte-la-production-denergie_maroc\/#breadcrumb"},"inLanguage":"en-US","potentialAction":[{"@type":"ReadAction","target":["https:\/\/vitablanca.ma\/produit\/jarrow-formulas-vitamine-b12-1000-micrograms-supporte-la-production-denergie_maroc\/"]}]},{"@type":"ImageObject","inLanguage":"en-US","@id":"https:\/\/vitablanca.ma\/produit\/jarrow-formulas-vitamine-b12-1000-micrograms-supporte-la-production-denergie_maroc\/#primaryimage","url":"https:\/\/vitablanca.ma\/wp-content\/uploads\/2025\/07\/jarrow-formulas-vitamine-b12-1000-micrograms-supporte-la-production-denergie-.webp","contentUrl":"https:\/\/vitablanca.ma\/wp-content\/uploads\/2025\/07\/jarrow-formulas-vitamine-b12-1000-micrograms-supporte-la-production-denergie-.webp","width":680,"height":680},{"@type":"BreadcrumbList","@id":"https:\/\/vitablanca.ma\/produit\/jarrow-formulas-vitamine-b12-1000-micrograms-supporte-la-production-denergie_maroc\/#breadcrumb","itemListElement":[{"@type":"ListItem","position":1,"name":"Home","item":"https:\/\/vitablanca.ma\/"},{"@type":"ListItem","position":2,"name":"Tous Les Produits","item":"https:\/\/vitablanca.ma\/tous-les-produits\/"},{"@type":"ListItem","position":3,"name":"Jarrow Formulas Methyl\u00a0B12 -1000 Micrograms Supporte la production d&#8217;\u00e9nergie"}]},{"@type":"WebSite","@id":"https:\/\/vitablanca.ma\/#website","url":"https:\/\/vitablanca.ma\/","name":"VitaBlanca.ma | Food supplements, health &amp; beauty in Morocco","description":"sell premium vitamins and supplements from USA &amp; Canada, New Zealand, Morocco (NOW Foods, Solgar, Manuka). Fast delivery anywhere in Morocco.","publisher":{"@id":"https:\/\/vitablanca.ma\/#organization"},"alternateName":"VitaBlanca.ma","potentialAction":[{"@type":"SearchAction","target":{"@type":"EntryPoint","urlTemplate":"https:\/\/vitablanca.ma\/?s={search_term_string}"},"query-input":{"@type":"PropertyValueSpecification","valueRequired":true,"valueName":"search_term_string"}}],"inLanguage":"en-US"},{"@type":"Organization","@id":"https:\/\/vitablanca.ma\/#organization","name":"VitaBlanca","url":"https:\/\/vitablanca.ma\/","logo":{"@type":"ImageObject","inLanguage":"en-US","@id":"https:\/\/vitablanca.ma\/#\/schema\/logo\/image\/","url":"https:\/\/vitablanca.ma\/wp-content\/uploads\/2025\/05\/cropped-vitablanca.png","contentUrl":"https:\/\/vitablanca.ma\/wp-content\/uploads\/2025\/05\/cropped-vitablanca.png","width":360,"height":67,"caption":"VitaBlanca"},"image":{"@id":"https:\/\/vitablanca.ma\/#\/schema\/logo\/image\/"},"sameAs":["https:\/\/www.facebook.com\/profile.php?id=61576678196717","https:\/\/www.tiktok.com\/@vitablanca.ma","https:\/\/www.instagram.com\/vitablanca.ma\/"]}]}},"jetpack_sharing_enabled":true,"_links":{"self":[{"href":"https:\/\/vitablanca.ma\/en\/wp-json\/wp\/v2\/product\/24891","targetHints":{"allow":["GET"]}}],"collection":[{"href":"https:\/\/vitablanca.ma\/en\/wp-json\/wp\/v2\/product"}],"about":[{"href":"https:\/\/vitablanca.ma\/en\/wp-json\/wp\/v2\/types\/product"}],"wp:featuredmedia":[{"embeddable":true,"href":"https:\/\/vitablanca.ma\/en\/wp-json\/wp\/v2\/media\/24894"}],"wp:attachment":[{"href":"https:\/\/vitablanca.ma\/en\/wp-json\/wp\/v2\/media?parent=24891"}],"wp:term":[{"taxonomy":"product_brand","embeddable":true,"href":"https:\/\/vitablanca.ma\/en\/wp-json\/wp\/v2\/product_brand?post=24891"},{"taxonomy":"product_cat","embeddable":true,"href":"https:\/\/vitablanca.ma\/en\/wp-json\/wp\/v2\/product_cat?post=24891"},{"taxonomy":"product_tag","embeddable":true,"href":"https:\/\/vitablanca.ma\/en\/wp-json\/wp\/v2\/product_tag?post=24891"}],"curies":[{"name":"wp","href":"https:\/\/api.w.org\/{rel}","templated":true}]}}