{"id":24889,"date":"2025-07-26T00:12:56","date_gmt":"2025-07-26T00:12:56","guid":{"rendered":"https:\/\/vitablanca.ma\/?post_type=product&#038;p=24889"},"modified":"2026-03-21T19:04:08","modified_gmt":"2026-03-21T19:04:08","slug":"solgar-zinc-50-mg-100-comprimes-renforce-limmunite-_-maroc","status":"publish","type":"product","link":"https:\/\/vitablanca.ma\/en\/product\/solgar-zinc-50-mg-100-comprimes-renforce-limmunite-_-maroc\/","title":{"rendered":"Solgar Zinc 50 mg 100 tablets strengthens immunity"},"content":{"rendered":"<h2 class=\"wp-block-heading\">Le zinc favorise une peau saine, soutient le go\u00fbt normal et la vision, et est impliqu\u00e9 dans la synth\u00e8se du collag\u00e8ne est le tissu osseux. Il favorise \u00e9galement la croissance cellulaire et la formation de l\u2019ADN. Il agit comme un antioxydant et contribue \u00e0 pr\u00e9server un syst\u00e8me immunitaire sain.<\/h2>\n\n\n\n<h3 class=\"wp-block-heading\">Suggested Use<\/h3>\n\n\n\n<p>Comme compl\u00e9ment alimentaire pour adultes, prendre un (1) comprim\u00e9 par jour, de pr\u00e9f\u00e9rence au cours d\u2019un repas ou selon les recommandations d\u2019un professionnel de sant\u00e9.<\/p>\n\n\n\n<h3 class=\"wp-block-heading\">Other ingredients<\/h3>\n\n\n\n<p>Microcrystalline cellulose, vegetable cellulose, vegetable stearic acid, vegetable magnesium stearate.<\/p>\n\n\n\n<p>Free from: gluten, wheat, dairy, soy, yeast, sugar, sodium, artificial flavor, sweetener, preservative and color.<\/p>\n\n\n\n<h3 class=\"wp-block-heading\">Warnings<\/h3>\n\n\n\n<p>If you are pregnant, breastfeeding, taking medication, or have a medical condition, please consult your healthcare professional before taking a dietary supplement. Discontinue use and consult your healthcare professional if any adverse reactions occur. Keep out of reach of children. Store at room temperature. Do not use if the outer safety cap is missing or damaged.<\/p>","protected":false},"excerpt":{"rendered":"<p>Le zinc favorise une peau saine, soutient le go\u00fbt normal et la vision, et est impliqu\u00e9 dans la synth\u00e8se du collag\u00e8ne est le tissu osseux. Il favorise \u00e9galement la croissance cellulaire et la formation de l\u2019ADN. Il agit comme un antioxydant et contribue \u00e0 pr\u00e9server un syst\u00e8me immunitaire sain. Usage sugg\u00e9r\u00e9 Comme compl\u00e9ment alimentaire pour [&hellip;]<\/p>\n","protected":false},"featured_media":24890,"template":"","meta":{"om_disable_all_campaigns":false},"product_brand":[42],"product_cat":[18,3366,163,19,1992],"product_tag":[3300,3299,3301,1895,2063,3302],"class_list":{"0":"post-24889","1":"product","2":"type-product","3":"status-publish","4":"has-post-thumbnail","6":"product_brand-solgar-prix-maroc","7":"product_cat-beaute-sante","8":"product_cat-complements-alimentaires-au-maroc-vitablanca","9":"product_cat-mineraux","10":"product_cat-vitamines-supplements-dietetiques","11":"product_cat-zinc-mineraux","12":"product_tag-contribue-a-la-fertilite-et-reproduction","13":"product_tag-favorise-une-peau-saine","14":"product_tag-participe-a-une-fonction-cognitive","15":"product_tag-protege-contre-le-stress-oxydatif","16":"product_tag-renforce-le-systeme-immunitaire","17":"product_tag-soutient-la-synthese-des-proteines","19":"first","20":"outofstock","21":"taxable","22":"shipping-taxable","23":"purchasable","24":"product-type-simple"},"yoast_head":"<!-- This site is optimized with the Yoast SEO plugin v27.5 - https:\/\/yoast.com\/product\/yoast-seo-wordpress\/ -->\n<title>Solgar\u00a0Zinc 50 mg 100 comprim\u00e9s renforce l&#039;immunit\u00e9 - Maroc Prix<\/title>\n<meta name=\"description\" content=\"Solgar\u00a0Zinc 50 mg 100 comprim\u00e9s renforce l&#039;immunit\u00e9\" \/>\n<meta name=\"robots\" content=\"index, follow, max-snippet:-1, max-image-preview:large, max-video-preview:-1\" \/>\n<link rel=\"canonical\" href=\"https:\/\/vitablanca.ma\/en\/product\/solgar-zinc-50-mg-100-comprimes-renforce-limmunite-_-maroc\/\" \/>\n<meta property=\"og:locale\" content=\"en_US\" \/>\n<meta property=\"og:type\" content=\"article\" \/>\n<meta property=\"og:title\" content=\"Solgar\u00a0Zinc 50 mg 100 comprim\u00e9s renforce l&#039;immunit\u00e9 - Maroc Prix\" \/>\n<meta property=\"og:description\" content=\"Solgar\u00a0Zinc 50 mg 100 comprim\u00e9s renforce l&#039;immunit\u00e9\" \/>\n<meta property=\"og:url\" content=\"https:\/\/vitablanca.ma\/en\/product\/solgar-zinc-50-mg-100-comprimes-renforce-limmunite-_-maroc\/\" \/>\n<meta property=\"og:site_name\" content=\"Vitablanca.ma &ndash; Sant&eacute;, vitalit&eacute; et bien-&ecirc;tre pour tous les Marocains\" \/>\n<meta property=\"article:publisher\" content=\"https:\/\/www.facebook.com\/profile.php?id=61576678196717\" \/>\n<meta property=\"article:modified_time\" content=\"2026-03-21T19:04:08+00:00\" \/>\n<meta property=\"og:image\" content=\"https:\/\/vitablanca.ma\/wp-content\/uploads\/2025\/07\/solgar-zinc-50-mg-100-comprimes-renforce-limmunite-.webp\" \/>\n\t<meta property=\"og:image:width\" content=\"680\" \/>\n\t<meta property=\"og:image:height\" content=\"680\" \/>\n\t<meta property=\"og:image:type\" content=\"image\/webp\" \/>\n<meta name=\"twitter:card\" content=\"summary_large_image\" \/>\n<meta name=\"twitter:label1\" content=\"Est. reading time\" \/>\n\t<meta name=\"twitter:data1\" content=\"2 minutes\" \/>\n<script type=\"application\/ld+json\" class=\"yoast-schema-graph\">{\"@context\":\"https:\\\/\\\/schema.org\",\"@graph\":[{\"@type\":[\"WebPage\",\"ItemPage\"],\"@id\":\"https:\\\/\\\/vitablanca.ma\\\/produit\\\/solgar-zinc-50-mg-100-comprimes-renforce-limmunite-_-maroc\\\/\",\"url\":\"https:\\\/\\\/vitablanca.ma\\\/produit\\\/solgar-zinc-50-mg-100-comprimes-renforce-limmunite-_-maroc\\\/\",\"name\":\"Solgar\u00a0Zinc 50 mg 100 comprim\u00e9s renforce l'immunit\u00e9 - Maroc Prix\",\"isPartOf\":{\"@id\":\"https:\\\/\\\/vitablanca.ma\\\/#website\"},\"primaryImageOfPage\":{\"@id\":\"https:\\\/\\\/vitablanca.ma\\\/produit\\\/solgar-zinc-50-mg-100-comprimes-renforce-limmunite-_-maroc\\\/#primaryimage\"},\"image\":{\"@id\":\"https:\\\/\\\/vitablanca.ma\\\/produit\\\/solgar-zinc-50-mg-100-comprimes-renforce-limmunite-_-maroc\\\/#primaryimage\"},\"thumbnailUrl\":\"https:\\\/\\\/vitablanca.ma\\\/wp-content\\\/uploads\\\/2025\\\/07\\\/solgar-zinc-50-mg-100-comprimes-renforce-limmunite-.webp\",\"datePublished\":\"2025-07-26T00:12:56+00:00\",\"dateModified\":\"2026-03-21T19:04:08+00:00\",\"description\":\"Solgar\u00a0Zinc 50 mg 100 comprim\u00e9s renforce l'immunit\u00e9\",\"breadcrumb\":{\"@id\":\"https:\\\/\\\/vitablanca.ma\\\/produit\\\/solgar-zinc-50-mg-100-comprimes-renforce-limmunite-_-maroc\\\/#breadcrumb\"},\"inLanguage\":\"en-US\",\"potentialAction\":[{\"@type\":\"ReadAction\",\"target\":[\"https:\\\/\\\/vitablanca.ma\\\/produit\\\/solgar-zinc-50-mg-100-comprimes-renforce-limmunite-_-maroc\\\/\"]}]},{\"@type\":\"ImageObject\",\"inLanguage\":\"en-US\",\"@id\":\"https:\\\/\\\/vitablanca.ma\\\/produit\\\/solgar-zinc-50-mg-100-comprimes-renforce-limmunite-_-maroc\\\/#primaryimage\",\"url\":\"https:\\\/\\\/vitablanca.ma\\\/wp-content\\\/uploads\\\/2025\\\/07\\\/solgar-zinc-50-mg-100-comprimes-renforce-limmunite-.webp\",\"contentUrl\":\"https:\\\/\\\/vitablanca.ma\\\/wp-content\\\/uploads\\\/2025\\\/07\\\/solgar-zinc-50-mg-100-comprimes-renforce-limmunite-.webp\",\"width\":680,\"height\":680},{\"@type\":\"BreadcrumbList\",\"@id\":\"https:\\\/\\\/vitablanca.ma\\\/produit\\\/solgar-zinc-50-mg-100-comprimes-renforce-limmunite-_-maroc\\\/#breadcrumb\",\"itemListElement\":[{\"@type\":\"ListItem\",\"position\":1,\"name\":\"Home\",\"item\":\"https:\\\/\\\/vitablanca.ma\\\/\"},{\"@type\":\"ListItem\",\"position\":2,\"name\":\"Tous Les Produits\",\"item\":\"https:\\\/\\\/vitablanca.ma\\\/tous-les-produits\\\/\"},{\"@type\":\"ListItem\",\"position\":3,\"name\":\"Solgar\u00a0Zinc 50 mg 100 comprim\u00e9s renforce l&#8217;immunit\u00e9\"}]},{\"@type\":\"WebSite\",\"@id\":\"https:\\\/\\\/vitablanca.ma\\\/#website\",\"url\":\"https:\\\/\\\/vitablanca.ma\\\/\",\"name\":\"VitaBlanca.ma | Compl\u00e9ments alimentaires, sant\u00e9 & beaut\u00e9 au Maroc\",\"description\":\"vendre vitamines et compl\u00e9ments premium des USA &amp; Canada, Nouvelle Z\u00e9lande,Maroc (NOW Foods, Solgar, Manuka). Livraison rapide partout au Maroc.\",\"publisher\":{\"@id\":\"https:\\\/\\\/vitablanca.ma\\\/#organization\"},\"alternateName\":\"VitaBlanca.ma\",\"potentialAction\":[{\"@type\":\"SearchAction\",\"target\":{\"@type\":\"EntryPoint\",\"urlTemplate\":\"https:\\\/\\\/vitablanca.ma\\\/?s={search_term_string}\"},\"query-input\":{\"@type\":\"PropertyValueSpecification\",\"valueRequired\":true,\"valueName\":\"search_term_string\"}}],\"inLanguage\":\"en-US\"},{\"@type\":\"Organization\",\"@id\":\"https:\\\/\\\/vitablanca.ma\\\/#organization\",\"name\":\"VitaBlanca\",\"url\":\"https:\\\/\\\/vitablanca.ma\\\/\",\"logo\":{\"@type\":\"ImageObject\",\"inLanguage\":\"en-US\",\"@id\":\"https:\\\/\\\/vitablanca.ma\\\/#\\\/schema\\\/logo\\\/image\\\/\",\"url\":\"https:\\\/\\\/vitablanca.ma\\\/wp-content\\\/uploads\\\/2025\\\/05\\\/cropped-vitablanca.png\",\"contentUrl\":\"https:\\\/\\\/vitablanca.ma\\\/wp-content\\\/uploads\\\/2025\\\/05\\\/cropped-vitablanca.png\",\"width\":360,\"height\":67,\"caption\":\"VitaBlanca\"},\"image\":{\"@id\":\"https:\\\/\\\/vitablanca.ma\\\/#\\\/schema\\\/logo\\\/image\\\/\"},\"sameAs\":[\"https:\\\/\\\/www.facebook.com\\\/profile.php?id=61576678196717\",\"https:\\\/\\\/www.tiktok.com\\\/@vitablanca.ma\",\"https:\\\/\\\/www.instagram.com\\\/vitablanca.ma\\\/\"]}]}<\/script>\n<!-- \/ Yoast SEO plugin. -->","yoast_head_json":{"title":"Solgar Zinc 50 mg 100 Tablets Strengthens Immunity - Morocco Price","description":"Solgar Zinc 50 mg 100 tablets strengthens immunity","robots":{"index":"index","follow":"follow","max-snippet":"max-snippet:-1","max-image-preview":"max-image-preview:large","max-video-preview":"max-video-preview:-1"},"canonical":"https:\/\/vitablanca.ma\/en\/product\/solgar-zinc-50-mg-100-comprimes-renforce-limmunite-_-maroc\/","og_locale":"en_US","og_type":"article","og_title":"Solgar\u00a0Zinc 50 mg 100 comprim\u00e9s renforce l'immunit\u00e9 - Maroc Prix","og_description":"Solgar\u00a0Zinc 50 mg 100 comprim\u00e9s renforce l'immunit\u00e9","og_url":"https:\/\/vitablanca.ma\/en\/product\/solgar-zinc-50-mg-100-comprimes-renforce-limmunite-_-maroc\/","og_site_name":"Vitablanca.ma &ndash; Sant&eacute;, vitalit&eacute; et bien-&ecirc;tre pour tous les Marocains","article_publisher":"https:\/\/www.facebook.com\/profile.php?id=61576678196717","article_modified_time":"2026-03-21T19:04:08+00:00","og_image":[{"width":680,"height":680,"url":"https:\/\/vitablanca.ma\/wp-content\/uploads\/2025\/07\/solgar-zinc-50-mg-100-comprimes-renforce-limmunite-.webp","type":"image\/webp"}],"twitter_card":"summary_large_image","twitter_misc":{"Est. reading time":"2 minutes"},"schema":{"@context":"https:\/\/schema.org","@graph":[{"@type":["WebPage","ItemPage"],"@id":"https:\/\/vitablanca.ma\/produit\/solgar-zinc-50-mg-100-comprimes-renforce-limmunite-_-maroc\/","url":"https:\/\/vitablanca.ma\/produit\/solgar-zinc-50-mg-100-comprimes-renforce-limmunite-_-maroc\/","name":"Solgar Zinc 50 mg 100 Tablets Strengthens Immunity - Morocco Price","isPartOf":{"@id":"https:\/\/vitablanca.ma\/#website"},"primaryImageOfPage":{"@id":"https:\/\/vitablanca.ma\/produit\/solgar-zinc-50-mg-100-comprimes-renforce-limmunite-_-maroc\/#primaryimage"},"image":{"@id":"https:\/\/vitablanca.ma\/produit\/solgar-zinc-50-mg-100-comprimes-renforce-limmunite-_-maroc\/#primaryimage"},"thumbnailUrl":"https:\/\/vitablanca.ma\/wp-content\/uploads\/2025\/07\/solgar-zinc-50-mg-100-comprimes-renforce-limmunite-.webp","datePublished":"2025-07-26T00:12:56+00:00","dateModified":"2026-03-21T19:04:08+00:00","description":"Solgar Zinc 50 mg 100 tablets strengthens immunity","breadcrumb":{"@id":"https:\/\/vitablanca.ma\/produit\/solgar-zinc-50-mg-100-comprimes-renforce-limmunite-_-maroc\/#breadcrumb"},"inLanguage":"en-US","potentialAction":[{"@type":"ReadAction","target":["https:\/\/vitablanca.ma\/produit\/solgar-zinc-50-mg-100-comprimes-renforce-limmunite-_-maroc\/"]}]},{"@type":"ImageObject","inLanguage":"en-US","@id":"https:\/\/vitablanca.ma\/produit\/solgar-zinc-50-mg-100-comprimes-renforce-limmunite-_-maroc\/#primaryimage","url":"https:\/\/vitablanca.ma\/wp-content\/uploads\/2025\/07\/solgar-zinc-50-mg-100-comprimes-renforce-limmunite-.webp","contentUrl":"https:\/\/vitablanca.ma\/wp-content\/uploads\/2025\/07\/solgar-zinc-50-mg-100-comprimes-renforce-limmunite-.webp","width":680,"height":680},{"@type":"BreadcrumbList","@id":"https:\/\/vitablanca.ma\/produit\/solgar-zinc-50-mg-100-comprimes-renforce-limmunite-_-maroc\/#breadcrumb","itemListElement":[{"@type":"ListItem","position":1,"name":"Home","item":"https:\/\/vitablanca.ma\/"},{"@type":"ListItem","position":2,"name":"Tous Les Produits","item":"https:\/\/vitablanca.ma\/tous-les-produits\/"},{"@type":"ListItem","position":3,"name":"Solgar\u00a0Zinc 50 mg 100 comprim\u00e9s renforce l&#8217;immunit\u00e9"}]},{"@type":"WebSite","@id":"https:\/\/vitablanca.ma\/#website","url":"https:\/\/vitablanca.ma\/","name":"VitaBlanca.ma | Food supplements, health &amp; beauty in Morocco","description":"sell premium vitamins and supplements from USA &amp; Canada, New Zealand, Morocco (NOW Foods, Solgar, Manuka). Fast delivery anywhere in Morocco.","publisher":{"@id":"https:\/\/vitablanca.ma\/#organization"},"alternateName":"VitaBlanca.ma","potentialAction":[{"@type":"SearchAction","target":{"@type":"EntryPoint","urlTemplate":"https:\/\/vitablanca.ma\/?s={search_term_string}"},"query-input":{"@type":"PropertyValueSpecification","valueRequired":true,"valueName":"search_term_string"}}],"inLanguage":"en-US"},{"@type":"Organization","@id":"https:\/\/vitablanca.ma\/#organization","name":"VitaBlanca","url":"https:\/\/vitablanca.ma\/","logo":{"@type":"ImageObject","inLanguage":"en-US","@id":"https:\/\/vitablanca.ma\/#\/schema\/logo\/image\/","url":"https:\/\/vitablanca.ma\/wp-content\/uploads\/2025\/05\/cropped-vitablanca.png","contentUrl":"https:\/\/vitablanca.ma\/wp-content\/uploads\/2025\/05\/cropped-vitablanca.png","width":360,"height":67,"caption":"VitaBlanca"},"image":{"@id":"https:\/\/vitablanca.ma\/#\/schema\/logo\/image\/"},"sameAs":["https:\/\/www.facebook.com\/profile.php?id=61576678196717","https:\/\/www.tiktok.com\/@vitablanca.ma","https:\/\/www.instagram.com\/vitablanca.ma\/"]}]}},"jetpack_sharing_enabled":true,"_links":{"self":[{"href":"https:\/\/vitablanca.ma\/en\/wp-json\/wp\/v2\/product\/24889","targetHints":{"allow":["GET"]}}],"collection":[{"href":"https:\/\/vitablanca.ma\/en\/wp-json\/wp\/v2\/product"}],"about":[{"href":"https:\/\/vitablanca.ma\/en\/wp-json\/wp\/v2\/types\/product"}],"wp:featuredmedia":[{"embeddable":true,"href":"https:\/\/vitablanca.ma\/en\/wp-json\/wp\/v2\/media\/24890"}],"wp:attachment":[{"href":"https:\/\/vitablanca.ma\/en\/wp-json\/wp\/v2\/media?parent=24889"}],"wp:term":[{"taxonomy":"product_brand","embeddable":true,"href":"https:\/\/vitablanca.ma\/en\/wp-json\/wp\/v2\/product_brand?post=24889"},{"taxonomy":"product_cat","embeddable":true,"href":"https:\/\/vitablanca.ma\/en\/wp-json\/wp\/v2\/product_cat?post=24889"},{"taxonomy":"product_tag","embeddable":true,"href":"https:\/\/vitablanca.ma\/en\/wp-json\/wp\/v2\/product_tag?post=24889"}],"curies":[{"name":"wp","href":"https:\/\/api.w.org\/{rel}","templated":true}]}}