{"id":24885,"date":"2025-07-26T00:04:12","date_gmt":"2025-07-26T00:04:12","guid":{"rendered":"https:\/\/vitablanca.ma\/?post_type=product&#038;p=24885"},"modified":"2025-08-30T20:55:33","modified_gmt":"2025-08-30T20:55:33","slug":"now-foods-chlorophylle-liquide-menthe-naturelle-473-ml-maroc","status":"publish","type":"product","link":"https:\/\/vitablanca.ma\/en\/product\/now-foods-chlorophylle-liquide-menthe-naturelle-473-ml-maroc\/","title":{"rendered":"Now Foods Liquid Chlorophyll Natural Mint 473 ml"},"content":{"rendered":"<p>Chlorophyll is a green pigment naturally produced by plants and algae, giving them their characteristic green color. Chlorophyll is essential for photosynthesis, the process by which sunlight is converted into chemical energy. Traditionally used as an internal deodorizer, chlorophyll can act as a free radical neutralizer and help support the body&#039;s detoxification processes. This water-soluble extract is in the form of copper complexes of sodium chlorophylamines.<\/p>\n\n\n\n<h3 class=\"wp-block-heading\"><strong>Suggested Use<\/strong><\/h3>\n\n\n\n<p>Prenez 1\u00a0cuill\u00e8re \u00e0 caf\u00e9 (5\u00a0ml) par jour dans 225\u00a0ml d\u2019eau ou de jus.<a href=\"https:\/\/www.jumia.ma\/customer\/account\/login\/?tkWl=NO879DV0XTYL4NAFAMZ-69577777&return=%2Fnow-foods-chlorophylle-liquide-menthe-naturelle-473-ml-67152865.html\"><\/a><\/p>","protected":false},"excerpt":{"rendered":"<p>La chlorophylle est un pigment vert naturellement produit par les plantes et les algues et leur donne leur couleur verte caract\u00e9ristique. La chlorophylle est essentielle pour la photosynth\u00e8se, le processus par lequel la lumi\u00e8re du soleil est convertie en \u00e9nergie chimique. Traditionnellement utilis\u00e9e comme d\u00e9sodorisant interne, la chlorophylle peut fonctionner comme un neutralisant de radicaux [&hellip;]<\/p>\n","protected":false},"featured_media":24886,"template":"","meta":{"om_disable_all_campaigns":false},"product_brand":[83],"product_cat":[18,3290,3366,104,19],"product_tag":[3298,3291,3292,242,220,3297,3294],"class_list":{"0":"post-24885","1":"product","2":"type-product","3":"status-publish","4":"has-post-thumbnail","6":"product_brand-now-foods-maroc-prix","7":"product_cat-beaute-sante","8":"product_cat-chlorophylle","9":"product_cat-complements-alimentaires-au-maroc-vitablanca","10":"product_cat-supplements-a-base-de-plantes","11":"product_cat-vitamines-supplements-dietetiques","12":"product_tag-adapte-aux-vegetaliens","13":"product_tag-detox-naturelle-de-lorganisme","14":"product_tag-rafraichit-naturellement-lhaleine","15":"product_tag-sans-gluten","16":"product_tag-sans-ogm","17":"product_tag-source-denergie-naturelle","18":"product_tag-soutien-a-la-digestion","20":"first","21":"instock","22":"taxable","23":"shipping-taxable","24":"purchasable","25":"product-type-simple"},"yoast_head":"<!-- This site is optimized with the Yoast SEO plugin v27.5 - https:\/\/yoast.com\/product\/yoast-seo-wordpress\/ -->\n<title>Now Foods Chlorophylle Liquide Menthe Naturelle 473\u202fml - Maroc<\/title>\n<meta name=\"description\" content=\"Now Foods Chlorophylle Liquide Menthe est un compl\u00e9ment alimentaire naturel \u00e0 base de chlorophylline de sodium et cuivre.\" \/>\n<meta name=\"robots\" content=\"index, follow, max-snippet:-1, max-image-preview:large, max-video-preview:-1\" \/>\n<link rel=\"canonical\" href=\"https:\/\/vitablanca.ma\/en\/product\/now-foods-chlorophylle-liquide-menthe-naturelle-473-ml-maroc\/\" \/>\n<meta property=\"og:locale\" content=\"en_US\" \/>\n<meta property=\"og:type\" content=\"article\" \/>\n<meta property=\"og:title\" content=\"Now Foods Chlorophylle Liquide Menthe Naturelle 473\u202fml - Maroc\" \/>\n<meta property=\"og:description\" content=\"Now Foods Chlorophylle Liquide Menthe est un compl\u00e9ment alimentaire naturel \u00e0 base de chlorophylline de sodium et cuivre.\" \/>\n<meta property=\"og:url\" content=\"https:\/\/vitablanca.ma\/en\/product\/now-foods-chlorophylle-liquide-menthe-naturelle-473-ml-maroc\/\" \/>\n<meta property=\"og:site_name\" content=\"Vitablanca.ma &ndash; Sant&eacute;, vitalit&eacute; et bien-&ecirc;tre pour tous les Marocains\" \/>\n<meta property=\"article:publisher\" content=\"https:\/\/www.facebook.com\/profile.php?id=61576678196717\" \/>\n<meta property=\"article:modified_time\" content=\"2025-08-30T20:55:33+00:00\" \/>\n<meta property=\"og:image\" content=\"https:\/\/vitablanca.ma\/wp-content\/uploads\/2025\/07\/now-foods-chlorophylle-liquide-menthe-naturelle-473-m.webp\" \/>\n\t<meta property=\"og:image:width\" content=\"680\" \/>\n\t<meta property=\"og:image:height\" content=\"680\" \/>\n\t<meta property=\"og:image:type\" content=\"image\/webp\" \/>\n<meta name=\"twitter:card\" content=\"summary_large_image\" \/>\n<meta name=\"twitter:label1\" content=\"Est. reading time\" \/>\n\t<meta name=\"twitter:data1\" content=\"1 minute\" \/>\n<script type=\"application\/ld+json\" class=\"yoast-schema-graph\">{\"@context\":\"https:\\\/\\\/schema.org\",\"@graph\":[{\"@type\":[\"WebPage\",\"ItemPage\"],\"@id\":\"https:\\\/\\\/vitablanca.ma\\\/produit\\\/now-foods-chlorophylle-liquide-menthe-naturelle-473-ml-maroc\\\/\",\"url\":\"https:\\\/\\\/vitablanca.ma\\\/produit\\\/now-foods-chlorophylle-liquide-menthe-naturelle-473-ml-maroc\\\/\",\"name\":\"Now Foods Chlorophylle Liquide Menthe Naturelle 473\u202fml - Maroc\",\"isPartOf\":{\"@id\":\"https:\\\/\\\/vitablanca.ma\\\/#website\"},\"primaryImageOfPage\":{\"@id\":\"https:\\\/\\\/vitablanca.ma\\\/produit\\\/now-foods-chlorophylle-liquide-menthe-naturelle-473-ml-maroc\\\/#primaryimage\"},\"image\":{\"@id\":\"https:\\\/\\\/vitablanca.ma\\\/produit\\\/now-foods-chlorophylle-liquide-menthe-naturelle-473-ml-maroc\\\/#primaryimage\"},\"thumbnailUrl\":\"https:\\\/\\\/vitablanca.ma\\\/wp-content\\\/uploads\\\/2025\\\/07\\\/now-foods-chlorophylle-liquide-menthe-naturelle-473-m.webp\",\"datePublished\":\"2025-07-26T00:04:12+00:00\",\"dateModified\":\"2025-08-30T20:55:33+00:00\",\"description\":\"Now Foods Chlorophylle Liquide Menthe est un compl\u00e9ment alimentaire naturel \u00e0 base de chlorophylline de sodium et cuivre.\",\"breadcrumb\":{\"@id\":\"https:\\\/\\\/vitablanca.ma\\\/produit\\\/now-foods-chlorophylle-liquide-menthe-naturelle-473-ml-maroc\\\/#breadcrumb\"},\"inLanguage\":\"en-US\",\"potentialAction\":[{\"@type\":\"ReadAction\",\"target\":[\"https:\\\/\\\/vitablanca.ma\\\/produit\\\/now-foods-chlorophylle-liquide-menthe-naturelle-473-ml-maroc\\\/\"]}]},{\"@type\":\"ImageObject\",\"inLanguage\":\"en-US\",\"@id\":\"https:\\\/\\\/vitablanca.ma\\\/produit\\\/now-foods-chlorophylle-liquide-menthe-naturelle-473-ml-maroc\\\/#primaryimage\",\"url\":\"https:\\\/\\\/vitablanca.ma\\\/wp-content\\\/uploads\\\/2025\\\/07\\\/now-foods-chlorophylle-liquide-menthe-naturelle-473-m.webp\",\"contentUrl\":\"https:\\\/\\\/vitablanca.ma\\\/wp-content\\\/uploads\\\/2025\\\/07\\\/now-foods-chlorophylle-liquide-menthe-naturelle-473-m.webp\",\"width\":680,\"height\":680},{\"@type\":\"BreadcrumbList\",\"@id\":\"https:\\\/\\\/vitablanca.ma\\\/produit\\\/now-foods-chlorophylle-liquide-menthe-naturelle-473-ml-maroc\\\/#breadcrumb\",\"itemListElement\":[{\"@type\":\"ListItem\",\"position\":1,\"name\":\"Home\",\"item\":\"https:\\\/\\\/vitablanca.ma\\\/\"},{\"@type\":\"ListItem\",\"position\":2,\"name\":\"Tous Les Produits\",\"item\":\"https:\\\/\\\/vitablanca.ma\\\/tous-les-produits\\\/\"},{\"@type\":\"ListItem\",\"position\":3,\"name\":\"Now Foods Chlorophylle liquide Menthe naturelle 473 ml\"}]},{\"@type\":\"WebSite\",\"@id\":\"https:\\\/\\\/vitablanca.ma\\\/#website\",\"url\":\"https:\\\/\\\/vitablanca.ma\\\/\",\"name\":\"VitaBlanca.ma | Compl\u00e9ments alimentaires, sant\u00e9 & beaut\u00e9 au Maroc\",\"description\":\"vendre vitamines et compl\u00e9ments premium des USA &amp; Canada, Nouvelle Z\u00e9lande,Maroc (NOW Foods, Solgar, Manuka). Livraison rapide partout au Maroc.\",\"publisher\":{\"@id\":\"https:\\\/\\\/vitablanca.ma\\\/#organization\"},\"alternateName\":\"VitaBlanca.ma\",\"potentialAction\":[{\"@type\":\"SearchAction\",\"target\":{\"@type\":\"EntryPoint\",\"urlTemplate\":\"https:\\\/\\\/vitablanca.ma\\\/?s={search_term_string}\"},\"query-input\":{\"@type\":\"PropertyValueSpecification\",\"valueRequired\":true,\"valueName\":\"search_term_string\"}}],\"inLanguage\":\"en-US\"},{\"@type\":\"Organization\",\"@id\":\"https:\\\/\\\/vitablanca.ma\\\/#organization\",\"name\":\"VitaBlanca\",\"url\":\"https:\\\/\\\/vitablanca.ma\\\/\",\"logo\":{\"@type\":\"ImageObject\",\"inLanguage\":\"en-US\",\"@id\":\"https:\\\/\\\/vitablanca.ma\\\/#\\\/schema\\\/logo\\\/image\\\/\",\"url\":\"https:\\\/\\\/vitablanca.ma\\\/wp-content\\\/uploads\\\/2025\\\/05\\\/cropped-vitablanca.png\",\"contentUrl\":\"https:\\\/\\\/vitablanca.ma\\\/wp-content\\\/uploads\\\/2025\\\/05\\\/cropped-vitablanca.png\",\"width\":360,\"height\":67,\"caption\":\"VitaBlanca\"},\"image\":{\"@id\":\"https:\\\/\\\/vitablanca.ma\\\/#\\\/schema\\\/logo\\\/image\\\/\"},\"sameAs\":[\"https:\\\/\\\/www.facebook.com\\\/profile.php?id=61576678196717\",\"https:\\\/\\\/www.tiktok.com\\\/@vitablanca.ma\",\"https:\\\/\\\/www.instagram.com\\\/vitablanca.ma\\\/\"]}]}<\/script>\n<!-- \/ Yoast SEO plugin. -->","yoast_head_json":{"title":"Now Foods Liquid Chlorophyll Natural Mint 473 ml - Morocco","description":"Now Foods Liquid Chlorophyll Mint is a natural dietary supplement based on sodium and copper chlorophyllin.","robots":{"index":"index","follow":"follow","max-snippet":"max-snippet:-1","max-image-preview":"max-image-preview:large","max-video-preview":"max-video-preview:-1"},"canonical":"https:\/\/vitablanca.ma\/en\/product\/now-foods-chlorophylle-liquide-menthe-naturelle-473-ml-maroc\/","og_locale":"en_US","og_type":"article","og_title":"Now Foods Chlorophylle Liquide Menthe Naturelle 473\u202fml - Maroc","og_description":"Now Foods Chlorophylle Liquide Menthe est un compl\u00e9ment alimentaire naturel \u00e0 base de chlorophylline de sodium et cuivre.","og_url":"https:\/\/vitablanca.ma\/en\/product\/now-foods-chlorophylle-liquide-menthe-naturelle-473-ml-maroc\/","og_site_name":"Vitablanca.ma &ndash; Sant&eacute;, vitalit&eacute; et bien-&ecirc;tre pour tous les Marocains","article_publisher":"https:\/\/www.facebook.com\/profile.php?id=61576678196717","article_modified_time":"2025-08-30T20:55:33+00:00","og_image":[{"width":680,"height":680,"url":"https:\/\/vitablanca.ma\/wp-content\/uploads\/2025\/07\/now-foods-chlorophylle-liquide-menthe-naturelle-473-m.webp","type":"image\/webp"}],"twitter_card":"summary_large_image","twitter_misc":{"Est. reading time":"1 minute"},"schema":{"@context":"https:\/\/schema.org","@graph":[{"@type":["WebPage","ItemPage"],"@id":"https:\/\/vitablanca.ma\/produit\/now-foods-chlorophylle-liquide-menthe-naturelle-473-ml-maroc\/","url":"https:\/\/vitablanca.ma\/produit\/now-foods-chlorophylle-liquide-menthe-naturelle-473-ml-maroc\/","name":"Now Foods Liquid Chlorophyll Natural Mint 473 ml - Morocco","isPartOf":{"@id":"https:\/\/vitablanca.ma\/#website"},"primaryImageOfPage":{"@id":"https:\/\/vitablanca.ma\/produit\/now-foods-chlorophylle-liquide-menthe-naturelle-473-ml-maroc\/#primaryimage"},"image":{"@id":"https:\/\/vitablanca.ma\/produit\/now-foods-chlorophylle-liquide-menthe-naturelle-473-ml-maroc\/#primaryimage"},"thumbnailUrl":"https:\/\/vitablanca.ma\/wp-content\/uploads\/2025\/07\/now-foods-chlorophylle-liquide-menthe-naturelle-473-m.webp","datePublished":"2025-07-26T00:04:12+00:00","dateModified":"2025-08-30T20:55:33+00:00","description":"Now Foods Liquid Chlorophyll Mint is a natural dietary supplement based on sodium and copper chlorophyllin.","breadcrumb":{"@id":"https:\/\/vitablanca.ma\/produit\/now-foods-chlorophylle-liquide-menthe-naturelle-473-ml-maroc\/#breadcrumb"},"inLanguage":"en-US","potentialAction":[{"@type":"ReadAction","target":["https:\/\/vitablanca.ma\/produit\/now-foods-chlorophylle-liquide-menthe-naturelle-473-ml-maroc\/"]}]},{"@type":"ImageObject","inLanguage":"en-US","@id":"https:\/\/vitablanca.ma\/produit\/now-foods-chlorophylle-liquide-menthe-naturelle-473-ml-maroc\/#primaryimage","url":"https:\/\/vitablanca.ma\/wp-content\/uploads\/2025\/07\/now-foods-chlorophylle-liquide-menthe-naturelle-473-m.webp","contentUrl":"https:\/\/vitablanca.ma\/wp-content\/uploads\/2025\/07\/now-foods-chlorophylle-liquide-menthe-naturelle-473-m.webp","width":680,"height":680},{"@type":"BreadcrumbList","@id":"https:\/\/vitablanca.ma\/produit\/now-foods-chlorophylle-liquide-menthe-naturelle-473-ml-maroc\/#breadcrumb","itemListElement":[{"@type":"ListItem","position":1,"name":"Home","item":"https:\/\/vitablanca.ma\/"},{"@type":"ListItem","position":2,"name":"Tous Les Produits","item":"https:\/\/vitablanca.ma\/tous-les-produits\/"},{"@type":"ListItem","position":3,"name":"Now Foods Chlorophylle liquide Menthe naturelle 473 ml"}]},{"@type":"WebSite","@id":"https:\/\/vitablanca.ma\/#website","url":"https:\/\/vitablanca.ma\/","name":"VitaBlanca.ma | Food supplements, health &amp; beauty in Morocco","description":"sell premium vitamins and supplements from USA &amp; Canada, New Zealand, Morocco (NOW Foods, Solgar, Manuka). Fast delivery anywhere in Morocco.","publisher":{"@id":"https:\/\/vitablanca.ma\/#organization"},"alternateName":"VitaBlanca.ma","potentialAction":[{"@type":"SearchAction","target":{"@type":"EntryPoint","urlTemplate":"https:\/\/vitablanca.ma\/?s={search_term_string}"},"query-input":{"@type":"PropertyValueSpecification","valueRequired":true,"valueName":"search_term_string"}}],"inLanguage":"en-US"},{"@type":"Organization","@id":"https:\/\/vitablanca.ma\/#organization","name":"VitaBlanca","url":"https:\/\/vitablanca.ma\/","logo":{"@type":"ImageObject","inLanguage":"en-US","@id":"https:\/\/vitablanca.ma\/#\/schema\/logo\/image\/","url":"https:\/\/vitablanca.ma\/wp-content\/uploads\/2025\/05\/cropped-vitablanca.png","contentUrl":"https:\/\/vitablanca.ma\/wp-content\/uploads\/2025\/05\/cropped-vitablanca.png","width":360,"height":67,"caption":"VitaBlanca"},"image":{"@id":"https:\/\/vitablanca.ma\/#\/schema\/logo\/image\/"},"sameAs":["https:\/\/www.facebook.com\/profile.php?id=61576678196717","https:\/\/www.tiktok.com\/@vitablanca.ma","https:\/\/www.instagram.com\/vitablanca.ma\/"]}]}},"jetpack_sharing_enabled":true,"_links":{"self":[{"href":"https:\/\/vitablanca.ma\/en\/wp-json\/wp\/v2\/product\/24885","targetHints":{"allow":["GET"]}}],"collection":[{"href":"https:\/\/vitablanca.ma\/en\/wp-json\/wp\/v2\/product"}],"about":[{"href":"https:\/\/vitablanca.ma\/en\/wp-json\/wp\/v2\/types\/product"}],"wp:featuredmedia":[{"embeddable":true,"href":"https:\/\/vitablanca.ma\/en\/wp-json\/wp\/v2\/media\/24886"}],"wp:attachment":[{"href":"https:\/\/vitablanca.ma\/en\/wp-json\/wp\/v2\/media?parent=24885"}],"wp:term":[{"taxonomy":"product_brand","embeddable":true,"href":"https:\/\/vitablanca.ma\/en\/wp-json\/wp\/v2\/product_brand?post=24885"},{"taxonomy":"product_cat","embeddable":true,"href":"https:\/\/vitablanca.ma\/en\/wp-json\/wp\/v2\/product_cat?post=24885"},{"taxonomy":"product_tag","embeddable":true,"href":"https:\/\/vitablanca.ma\/en\/wp-json\/wp\/v2\/product_tag?post=24885"}],"curies":[{"name":"wp","href":"https:\/\/api.w.org\/{rel}","templated":true}]}}