{"id":24879,"date":"2025-07-25T02:43:33","date_gmt":"2025-07-25T02:43:33","guid":{"rendered":"https:\/\/vitablanca.ma\/?post_type=product&#038;p=24879"},"modified":"2026-02-23T05:51:23","modified_gmt":"2026-02-23T05:51:23","slug":"natura-nectar-brown-bee-propolis-60-vegetable-capsules-maroc-prix","status":"publish","type":"product","link":"https:\/\/vitablanca.ma\/en\/product\/natura-nectar-brown-bee-propolis-60-vegetable-capsules-maroc-prix\/","title":{"rendered":"Natura Nectar Brown Bee Propolis, 60 Vegetable Capsules"},"content":{"rendered":"\r\n<ul class=\"wp-block-list\">\r\n<li>Activateur &amp; protecteur naturel de bien-\u00eatre<\/li>\r\n\r\n\r\n\r\n<li>Propolis brune standardis\u00e9e<\/li>\r\n\r\n\r\n\r\n<li>Qualit\u00e9 in\u00e9gal\u00e9e pour le type de propolis le plus abondant<\/li>\r\n\r\n\r\n\r\n<li>100\u00a0%\u00a0naturel<\/li>\r\n\r\n\r\n\r\n<li>Sans gluten<\/li>\r\n\r\n\r\n\r\n<li>Compl\u00e9ment alimentaire quotidien<\/li>\r\n\r\n\r\n\r\n<li>Technologie du Danemark<\/li>\r\n\r\n\r\n\r\n<li>\u00c9tablissement certifi\u00e9 BPF<\/li>\r\n\r\n\r\n\r\n<li>Propolis br\u00e9silienne premium<\/li>\r\n<\/ul>\r\n\r\n\r\n\r\n<p><strong>Propolis d&rsquo;abeille brune<\/strong><\/p>\r\n\r\n\r\n\r\n<p>Aujourd&rsquo;hui, vous \u00eates expos\u00e9 \u00e0 plus de bruit, de pollution et de d\u00e9fis de la vie que jamais, cr\u00e9ant une surcharge potentielle qui peut menacer votre bien-\u00eatre, votre vivacit\u00e9 d&rsquo;esprit et votre bonheur. Comme les abeilles qui prot\u00e8gent leurs ruches et leur sant\u00e9 avec de la propolis, r\u00e9colt\u00e9e dans les for\u00eats du sud du Br\u00e9sil, la propolis d&rsquo;abeille brune de NaturaNectar peut activer votre bien-\u00eatre et votre sant\u00e9 au quotidien.<\/p>\r\n\r\n\r\n\r\n<p>La formule scientifique exclusive de NaturaNectar avec des flavono\u00efdes standardis\u00e9s et des acides aromatiques organiques (OAA) issus de la propolis brune br\u00e9silienne de qualit\u00e9 sup\u00e9rieure est une source naturelle de compos\u00e9 actif reconnu comme l\u2019ester ph\u00e9n\u00e9thylique d\u2019acide caf\u00e9ique et plus de 150 autres compos\u00e9s naturels b\u00e9n\u00e9fiques. Dans le cadre de votre alimentation quotidienne, la propolis d&rsquo;abeille brune de NaturaNectar est une solution \u00e9prouv\u00e9e et pratique pour renforcer votre immunit\u00e9 et votre sant\u00e9 respiratoire.<\/p>\r\n\r\n\r\n\r\n<p><strong>Ma zone de bien-\u00eatre<\/strong><\/p>\r\n\r\n\r\n\r\n<p>Ce produit favorise la sant\u00e9 du\/des\u00a0:<\/p>\r\n\r\n\r\n\r\n<ul class=\"wp-block-list\">\r\n<li>Syst\u00e8me immunitaire<\/li>\r\n\r\n\r\n\r\n<li>Syst\u00e8me respiratoire<\/li>\r\n\r\n\r\n\r\n<li>Cellules pulmonaires<\/li>\r\n\r\n\r\n\r\n<li>Cellules des muqueuses<\/li>\r\n<\/ul>\r\n\r\n\r\n\r\n<p><strong>NaturaNectar<\/strong><\/p>\r\n\r\n\r\n\r\n<p>Une marque de confiance bas\u00e9e sur notre compr\u00e9hension scientifique des magnifiques bienfaits des abeilles et de leur propolis d&rsquo;abeille<\/p>\r\n\r\n\r\n\r\n<p>Chez NaturaNectar, nous comprenons la nature et la science qui se cache derri\u00e8re la ruche et y trouvons notre inspiration. Avec la m\u00eame concentration et le m\u00eame d\u00e9vouement dont font preuve les abeilles pour construire des ruches durables et productives avec leur propolis, notre entreprise se consacre \u00e0 vous proposer des produits de bien-\u00eatre riches de cette m\u00eame propolis protectrice pour vous aider \u00e0 vivre une vie active et saine. Nous engageons les ressources de notre entreprise dans la recherche, qui est primordiale pour nous assurer que les abeilles continuent d&rsquo;\u00eatre de v\u00e9ritables merveilles de la nature, et pour soutenir les communaut\u00e9s environnantes qui aident \u00e0 r\u00e9colter notre propolis d&rsquo;abeille de mani\u00e8re durable.<\/p>\r\n\r\n\r\n\r\n<p><strong>La qualit\u00e9 directement \u00e0 la source.<\/strong><\/p>\r\n\r\n\r\n\r\n<p>La soci\u00e9t\u00e9 s\u0153ur de NaturaNectar, ALMAR Apiary, est situ\u00e9e au Br\u00e9sil, magnifique pays de for\u00eats tropicales verdoyantes, o\u00f9 la propolis d&rsquo;abeille la plus fine et la plus pure du monde est r\u00e9colt\u00e9e. Nos produits r\u00e9volutionnaires et efficaces proviennent directement des abeilles br\u00e9siliennes et de leurs for\u00eats biodiversifi\u00e9es\u00a0!<\/p>\r\n\r\n\r\n\r\n<p><strong>Plus de 30\u00a0ans \u00e0 perfectionner les extraits de propolis standardis\u00e9s les plus avanc\u00e9s<\/strong><\/p>\r\n\r\n\r\n\r\n<p>Gr\u00e2ce \u00e0 notre partenariat avec PRC-Propolis Research\u00a0Center, nos extraits de propolis standardis\u00e9s et purs, 100\u00a0% \u00e0 base d&rsquo;eau, sont devenus le socle de la vaste gamme de produits NaturaNectar.<\/p>\r\n\r\n\r\n\r\n<p>La mission de NaturaNectar est de prot\u00e9ger et d&rsquo;activer le bien-\u00eatre naturellement gr\u00e2ce \u00e0 notre engagement \u00e0 d\u00e9velopper des produits de confiance, qui s\u2019appuient sur la science et qui sont formul\u00e9s par des m\u00e9decins, tout en \u00e9tant socialement et \u00e9cologiquement responsable.<\/p>\r\n\r\n\r\n\r\n<h2 class=\"wp-block-heading\"><strong>D\u00e9tails<\/strong><\/h2>\r\n\r\n\r\n\r\n<h3 class=\"wp-block-heading\"><strong>Usage sugg\u00e9r\u00e9<\/strong><\/h3>\r\n\r\n\r\n\r\n<p>Prenez une capsule par voie orale une ou deux fois par jour pour favoriser votre sant\u00e9 en g\u00e9n\u00e9ral.<\/p>\r\n\r\n\r\n\r\n<h3 class=\"wp-block-heading\"><strong>Avertissements<\/strong><\/h3>\r\n\r\n\r\n\r\n<p><strong>Attention\u00a0:\u00a0<\/strong>Comme pour tout compl\u00e9ment alimentaire, il est conseill\u00e9 de consulter votre m\u00e9decin avant d&rsquo;en prendre, en particulier en cas d&rsquo;affections pr\u00e9existantes. Ne pas utiliser en cas de grossesse ou d&rsquo;allaitement. Utiliser avec prudence en cas d&rsquo;allergie aux produits de la ruche. \u00c0 conserver dans un endroit frais et sec. Tenir hors de port\u00e9e des enfants.<\/p>\r\n\r\n\r\n\r\n<p><br \/>\u00a0<strong>Informations sur les ingr\u00e9dients<\/strong><\/p>\r\n\r\n\r\n\r\n<figure class=\"wp-block-table\">\r\n<table class=\"has-fixed-layout\">\r\n<tbody>\r\n<tr>\r\n<td colspan=\"3\"><strong>Propri\u00e9t\u00e9s<\/strong><\/td>\r\n<\/tr>\r\n<tr>\r\n<td colspan=\"3\"><strong>Portion\u00a0:\u00a0<\/strong>1\u00a0capsule<\/td>\r\n<\/tr>\r\n<tr>\r\n<td colspan=\"3\"><strong>Portions par contenant\u00a0:\u00a0<\/strong>60<\/td>\r\n<\/tr>\r\n<tr>\r\n<td>\u00a0<\/td>\r\n<td><strong>Quantit\u00e9 par portion<\/strong><\/td>\r\n<td><strong>%\u00a0d&rsquo;apport journalier<\/strong><\/td>\r\n<\/tr>\r\n<tr>\r\n<td>Flavono\u00efdes de propolis brune du Br\u00e9sil (FLAV\u2122-B)<\/td>\r\n<td>100\u00a0mg<\/td>\r\n<td>\u2020<\/td>\r\n<\/tr>\r\n<tr>\r\n<td>Extrait aqueux de propolis brune du Br\u00e9sil (PWE\u2122-BD)<br \/>\u00a0<\/td>\r\n<td>3\u00a0mg<\/td>\r\n<td>\u2020<\/td>\r\n<\/tr>\r\n<tr>\r\n<td colspan=\"3\">[Chaque capsule est standardis\u00e9e pour contenir au moins 3,06 mg de flavono\u00efdes totaux et d&rsquo;acides aromatiques biologiques (AOA)]<\/td>\r\n<\/tr>\r\n<tr>\r\n<td colspan=\"3\">\u2020\u00a0Apport journalier (AJ) non \u00e9tabli<\/td>\r\n<\/tr>\r\n<tr>\r\n<td colspan=\"3\">Flav\u2122-B et PWE\u2122-BD sont obtenus par Green Extraction\u2122, un proc\u00e9d\u00e9 exclusif de NaturaNectar, pour conserver leur puret\u00e9, leur standardisation et leur efficacit\u00e9.<\/td>\r\n<\/tr>\r\n<\/tbody>\r\n<\/table>\r\n<\/figure>\r\n\r\n\r\n\r\n<h3 class=\"wp-block-heading\"><strong>Autres ingr\u00e9dients<\/strong><\/h3>\r\n\r\n\r\n\r\n<p>Cellulose (d&rsquo;origine v\u00e9g\u00e9tale), st\u00e9arate de magn\u00e9sium (d&rsquo;origine v\u00e9g\u00e9tale), dioxyde de silicium.<\/p>\r\n\r\n\r\n\r\n<p>La propolis brune d&rsquo;abeille de NaturaNectar est fabriqu\u00e9e sans : alcool, sucre, amidon, bl\u00e9, gluten, levure, lait (lactose), \u0153ufs, fruits de mer, conservateurs, ar\u00f4mes, teintures ou colorants artificiels.<\/p>\r\n\r\n\r\n\r\n<p>\u200bFabriqu\u00e9 aux \u00c9tats-Unis \u00e0 partir d&rsquo;ingr\u00e9dients internationaux.<\/p>\r\n","protected":false},"excerpt":{"rendered":"<ul>\n<li><strong>100 % genuine<\/strong><\/li>\n<li><strong>Standardized brown propolis<\/strong><\/li>\n<li><strong>Unparalleled quality for the most abundant type of propolis<\/strong><\/li>\n<li><strong>100 % natural<\/strong><\/li>\n<li><strong>Gluten free<\/strong><\/li>\n<\/ul>","protected":false},"featured_media":30291,"template":"","meta":{"om_disable_all_campaigns":false},"product_brand":[221],"product_cat":[18,3366,187,20,19],"product_tag":[3289],"class_list":{"0":"post-24879","1":"product","2":"type-product","3":"status-publish","4":"has-post-thumbnail","6":"product_brand-natural-nectar","7":"product_cat-beaute-sante","8":"product_cat-complements-alimentaires-au-maroc-vitablanca","9":"product_cat-gelee-royale","10":"product_cat-supplements","11":"product_cat-vitamines-supplements-dietetiques","12":"product_tag-complement-alimentaire-quotidien","14":"first","15":"instock","16":"sale","17":"taxable","18":"shipping-taxable","19":"purchasable","20":"product-type-simple"},"yoast_head":"<!-- This site is optimized with the Yoast SEO plugin v27.4 - https:\/\/yoast.com\/product\/yoast-seo-wordpress\/ -->\n<title>Natura Nectar Brown Bee Propolis, 60 Capsules - Maroc Prix<\/title>\n<meta name=\"description\" content=\"Renforcez naturellement votre immunit\u00e9 avec Natura Nectar Brown Bee Propolis. Formule pure et v\u00e9g\u00e9tale pour soutenir la d\u00e9fense de l\u2019organisme.\" \/>\n<meta name=\"robots\" content=\"index, follow, max-snippet:-1, max-image-preview:large, max-video-preview:-1\" \/>\n<link rel=\"canonical\" href=\"https:\/\/vitablanca.ma\/en\/product\/natura-nectar-brown-bee-propolis-60-vegetable-capsules-maroc-prix\/\" \/>\n<meta property=\"og:locale\" content=\"en_US\" \/>\n<meta property=\"og:type\" content=\"article\" \/>\n<meta property=\"og:title\" content=\"Natura Nectar Brown Bee Propolis, 60 Capsules - Maroc Prix\" \/>\n<meta property=\"og:description\" content=\"Renforcez naturellement votre immunit\u00e9 avec Natura Nectar Brown Bee Propolis. Formule pure et v\u00e9g\u00e9tale pour soutenir la d\u00e9fense de l\u2019organisme.\" \/>\n<meta property=\"og:url\" content=\"https:\/\/vitablanca.ma\/en\/product\/natura-nectar-brown-bee-propolis-60-vegetable-capsules-maroc-prix\/\" \/>\n<meta property=\"og:site_name\" content=\"Vitablanca.ma &ndash; Sant&eacute;, vitalit&eacute; et bien-&ecirc;tre pour tous les Marocains\" \/>\n<meta property=\"article:publisher\" content=\"https:\/\/www.facebook.com\/profile.php?id=61576678196717\" \/>\n<meta property=\"article:modified_time\" content=\"2026-02-23T05:51:23+00:00\" \/>\n<meta property=\"og:image\" content=\"https:\/\/vitablanca.ma\/wp-content\/uploads\/2025\/07\/naturanectar-propolis-dabeille-brune-60-capsules.jpg\" \/>\n\t<meta property=\"og:image:width\" content=\"680\" \/>\n\t<meta property=\"og:image:height\" content=\"680\" \/>\n\t<meta property=\"og:image:type\" content=\"image\/jpeg\" \/>\n<meta name=\"twitter:card\" content=\"summary_large_image\" \/>\n<meta name=\"twitter:label1\" content=\"Est. reading time\" \/>\n\t<meta name=\"twitter:data1\" content=\"4 minutes\" \/>\n<script type=\"application\/ld+json\" class=\"yoast-schema-graph\">{\"@context\":\"https:\\\/\\\/schema.org\",\"@graph\":[{\"@type\":[\"WebPage\",\"ItemPage\"],\"@id\":\"https:\\\/\\\/vitablanca.ma\\\/produit\\\/natura-nectar-brown-bee-propolis-60-vegetable-capsules-maroc-prix\\\/\",\"url\":\"https:\\\/\\\/vitablanca.ma\\\/produit\\\/natura-nectar-brown-bee-propolis-60-vegetable-capsules-maroc-prix\\\/\",\"name\":\"Natura Nectar Brown Bee Propolis, 60 Capsules - Maroc Prix\",\"isPartOf\":{\"@id\":\"https:\\\/\\\/vitablanca.ma\\\/#website\"},\"primaryImageOfPage\":{\"@id\":\"https:\\\/\\\/vitablanca.ma\\\/produit\\\/natura-nectar-brown-bee-propolis-60-vegetable-capsules-maroc-prix\\\/#primaryimage\"},\"image\":{\"@id\":\"https:\\\/\\\/vitablanca.ma\\\/produit\\\/natura-nectar-brown-bee-propolis-60-vegetable-capsules-maroc-prix\\\/#primaryimage\"},\"thumbnailUrl\":\"https:\\\/\\\/vitablanca.ma\\\/wp-content\\\/uploads\\\/2025\\\/07\\\/naturanectar-propolis-dabeille-brune-60-capsules.jpg\",\"datePublished\":\"2025-07-25T02:43:33+00:00\",\"dateModified\":\"2026-02-23T05:51:23+00:00\",\"description\":\"Renforcez naturellement votre immunit\u00e9 avec Natura Nectar Brown Bee Propolis. Formule pure et v\u00e9g\u00e9tale pour soutenir la d\u00e9fense de l\u2019organisme.\",\"breadcrumb\":{\"@id\":\"https:\\\/\\\/vitablanca.ma\\\/produit\\\/natura-nectar-brown-bee-propolis-60-vegetable-capsules-maroc-prix\\\/#breadcrumb\"},\"inLanguage\":\"en-US\",\"potentialAction\":[{\"@type\":\"ReadAction\",\"target\":[\"https:\\\/\\\/vitablanca.ma\\\/produit\\\/natura-nectar-brown-bee-propolis-60-vegetable-capsules-maroc-prix\\\/\"]}]},{\"@type\":\"ImageObject\",\"inLanguage\":\"en-US\",\"@id\":\"https:\\\/\\\/vitablanca.ma\\\/produit\\\/natura-nectar-brown-bee-propolis-60-vegetable-capsules-maroc-prix\\\/#primaryimage\",\"url\":\"https:\\\/\\\/vitablanca.ma\\\/wp-content\\\/uploads\\\/2025\\\/07\\\/naturanectar-propolis-dabeille-brune-60-capsules.jpg\",\"contentUrl\":\"https:\\\/\\\/vitablanca.ma\\\/wp-content\\\/uploads\\\/2025\\\/07\\\/naturanectar-propolis-dabeille-brune-60-capsules.jpg\",\"width\":680,\"height\":680},{\"@type\":\"BreadcrumbList\",\"@id\":\"https:\\\/\\\/vitablanca.ma\\\/produit\\\/natura-nectar-brown-bee-propolis-60-vegetable-capsules-maroc-prix\\\/#breadcrumb\",\"itemListElement\":[{\"@type\":\"ListItem\",\"position\":1,\"name\":\"Home\",\"item\":\"https:\\\/\\\/vitablanca.ma\\\/\"},{\"@type\":\"ListItem\",\"position\":2,\"name\":\"Tous Les Produits\",\"item\":\"https:\\\/\\\/vitablanca.ma\\\/tous-les-produits\\\/\"},{\"@type\":\"ListItem\",\"position\":3,\"name\":\"Natura Nectar Brown Bee Propolis, 60 Vegetable Capsules\"}]},{\"@type\":\"WebSite\",\"@id\":\"https:\\\/\\\/vitablanca.ma\\\/#website\",\"url\":\"https:\\\/\\\/vitablanca.ma\\\/\",\"name\":\"VitaBlanca.ma | Compl\u00e9ments alimentaires, sant\u00e9 & beaut\u00e9 au Maroc\",\"description\":\"vendre vitamines et compl\u00e9ments premium des USA &amp; Canada, Nouvelle Z\u00e9lande,Maroc (NOW Foods, Solgar, Manuka). Livraison rapide partout au Maroc.\",\"publisher\":{\"@id\":\"https:\\\/\\\/vitablanca.ma\\\/#organization\"},\"alternateName\":\"VitaBlanca.ma\",\"potentialAction\":[{\"@type\":\"SearchAction\",\"target\":{\"@type\":\"EntryPoint\",\"urlTemplate\":\"https:\\\/\\\/vitablanca.ma\\\/?s={search_term_string}\"},\"query-input\":{\"@type\":\"PropertyValueSpecification\",\"valueRequired\":true,\"valueName\":\"search_term_string\"}}],\"inLanguage\":\"en-US\"},{\"@type\":\"Organization\",\"@id\":\"https:\\\/\\\/vitablanca.ma\\\/#organization\",\"name\":\"VitaBlanca\",\"url\":\"https:\\\/\\\/vitablanca.ma\\\/\",\"logo\":{\"@type\":\"ImageObject\",\"inLanguage\":\"en-US\",\"@id\":\"https:\\\/\\\/vitablanca.ma\\\/#\\\/schema\\\/logo\\\/image\\\/\",\"url\":\"https:\\\/\\\/vitablanca.ma\\\/wp-content\\\/uploads\\\/2025\\\/05\\\/cropped-vitablanca.png\",\"contentUrl\":\"https:\\\/\\\/vitablanca.ma\\\/wp-content\\\/uploads\\\/2025\\\/05\\\/cropped-vitablanca.png\",\"width\":360,\"height\":67,\"caption\":\"VitaBlanca\"},\"image\":{\"@id\":\"https:\\\/\\\/vitablanca.ma\\\/#\\\/schema\\\/logo\\\/image\\\/\"},\"sameAs\":[\"https:\\\/\\\/www.facebook.com\\\/profile.php?id=61576678196717\",\"https:\\\/\\\/www.tiktok.com\\\/@vitablanca.ma\",\"https:\\\/\\\/www.instagram.com\\\/vitablanca.ma\\\/\"]}]}<\/script>\n<!-- \/ Yoast SEO plugin. -->","yoast_head_json":{"title":"Natura Nectar Brown Bee Propolis, 60 Capsules - Morocco Price","description":"Naturally boost your immunity with Natura Nectar Brown Bee Propolis. A pure, plant-based formula to support the body&#039;s defenses.","robots":{"index":"index","follow":"follow","max-snippet":"max-snippet:-1","max-image-preview":"max-image-preview:large","max-video-preview":"max-video-preview:-1"},"canonical":"https:\/\/vitablanca.ma\/en\/product\/natura-nectar-brown-bee-propolis-60-vegetable-capsules-maroc-prix\/","og_locale":"en_US","og_type":"article","og_title":"Natura Nectar Brown Bee Propolis, 60 Capsules - Maroc Prix","og_description":"Renforcez naturellement votre immunit\u00e9 avec Natura Nectar Brown Bee Propolis. Formule pure et v\u00e9g\u00e9tale pour soutenir la d\u00e9fense de l\u2019organisme.","og_url":"https:\/\/vitablanca.ma\/en\/product\/natura-nectar-brown-bee-propolis-60-vegetable-capsules-maroc-prix\/","og_site_name":"Vitablanca.ma &ndash; Sant&eacute;, vitalit&eacute; et bien-&ecirc;tre pour tous les Marocains","article_publisher":"https:\/\/www.facebook.com\/profile.php?id=61576678196717","article_modified_time":"2026-02-23T05:51:23+00:00","og_image":[{"width":680,"height":680,"url":"https:\/\/vitablanca.ma\/wp-content\/uploads\/2025\/07\/naturanectar-propolis-dabeille-brune-60-capsules.jpg","type":"image\/jpeg"}],"twitter_card":"summary_large_image","twitter_misc":{"Est. reading time":"4 minutes"},"schema":{"@context":"https:\/\/schema.org","@graph":[{"@type":["WebPage","ItemPage"],"@id":"https:\/\/vitablanca.ma\/produit\/natura-nectar-brown-bee-propolis-60-vegetable-capsules-maroc-prix\/","url":"https:\/\/vitablanca.ma\/produit\/natura-nectar-brown-bee-propolis-60-vegetable-capsules-maroc-prix\/","name":"Natura Nectar Brown Bee Propolis, 60 Capsules - Morocco Price","isPartOf":{"@id":"https:\/\/vitablanca.ma\/#website"},"primaryImageOfPage":{"@id":"https:\/\/vitablanca.ma\/produit\/natura-nectar-brown-bee-propolis-60-vegetable-capsules-maroc-prix\/#primaryimage"},"image":{"@id":"https:\/\/vitablanca.ma\/produit\/natura-nectar-brown-bee-propolis-60-vegetable-capsules-maroc-prix\/#primaryimage"},"thumbnailUrl":"https:\/\/vitablanca.ma\/wp-content\/uploads\/2025\/07\/naturanectar-propolis-dabeille-brune-60-capsules.jpg","datePublished":"2025-07-25T02:43:33+00:00","dateModified":"2026-02-23T05:51:23+00:00","description":"Naturally boost your immunity with Natura Nectar Brown Bee Propolis. A pure, plant-based formula to support the body&#039;s defenses.","breadcrumb":{"@id":"https:\/\/vitablanca.ma\/produit\/natura-nectar-brown-bee-propolis-60-vegetable-capsules-maroc-prix\/#breadcrumb"},"inLanguage":"en-US","potentialAction":[{"@type":"ReadAction","target":["https:\/\/vitablanca.ma\/produit\/natura-nectar-brown-bee-propolis-60-vegetable-capsules-maroc-prix\/"]}]},{"@type":"ImageObject","inLanguage":"en-US","@id":"https:\/\/vitablanca.ma\/produit\/natura-nectar-brown-bee-propolis-60-vegetable-capsules-maroc-prix\/#primaryimage","url":"https:\/\/vitablanca.ma\/wp-content\/uploads\/2025\/07\/naturanectar-propolis-dabeille-brune-60-capsules.jpg","contentUrl":"https:\/\/vitablanca.ma\/wp-content\/uploads\/2025\/07\/naturanectar-propolis-dabeille-brune-60-capsules.jpg","width":680,"height":680},{"@type":"BreadcrumbList","@id":"https:\/\/vitablanca.ma\/produit\/natura-nectar-brown-bee-propolis-60-vegetable-capsules-maroc-prix\/#breadcrumb","itemListElement":[{"@type":"ListItem","position":1,"name":"Home","item":"https:\/\/vitablanca.ma\/"},{"@type":"ListItem","position":2,"name":"Tous Les Produits","item":"https:\/\/vitablanca.ma\/tous-les-produits\/"},{"@type":"ListItem","position":3,"name":"Natura Nectar Brown Bee Propolis, 60 Vegetable Capsules"}]},{"@type":"WebSite","@id":"https:\/\/vitablanca.ma\/#website","url":"https:\/\/vitablanca.ma\/","name":"VitaBlanca.ma | Food supplements, health &amp; beauty in Morocco","description":"sell premium vitamins and supplements from USA &amp; Canada, New Zealand, Morocco (NOW Foods, Solgar, Manuka). Fast delivery anywhere in Morocco.","publisher":{"@id":"https:\/\/vitablanca.ma\/#organization"},"alternateName":"VitaBlanca.ma","potentialAction":[{"@type":"SearchAction","target":{"@type":"EntryPoint","urlTemplate":"https:\/\/vitablanca.ma\/?s={search_term_string}"},"query-input":{"@type":"PropertyValueSpecification","valueRequired":true,"valueName":"search_term_string"}}],"inLanguage":"en-US"},{"@type":"Organization","@id":"https:\/\/vitablanca.ma\/#organization","name":"VitaBlanca","url":"https:\/\/vitablanca.ma\/","logo":{"@type":"ImageObject","inLanguage":"en-US","@id":"https:\/\/vitablanca.ma\/#\/schema\/logo\/image\/","url":"https:\/\/vitablanca.ma\/wp-content\/uploads\/2025\/05\/cropped-vitablanca.png","contentUrl":"https:\/\/vitablanca.ma\/wp-content\/uploads\/2025\/05\/cropped-vitablanca.png","width":360,"height":67,"caption":"VitaBlanca"},"image":{"@id":"https:\/\/vitablanca.ma\/#\/schema\/logo\/image\/"},"sameAs":["https:\/\/www.facebook.com\/profile.php?id=61576678196717","https:\/\/www.tiktok.com\/@vitablanca.ma","https:\/\/www.instagram.com\/vitablanca.ma\/"]}]}},"jetpack_sharing_enabled":true,"_links":{"self":[{"href":"https:\/\/vitablanca.ma\/en\/wp-json\/wp\/v2\/product\/24879","targetHints":{"allow":["GET"]}}],"collection":[{"href":"https:\/\/vitablanca.ma\/en\/wp-json\/wp\/v2\/product"}],"about":[{"href":"https:\/\/vitablanca.ma\/en\/wp-json\/wp\/v2\/types\/product"}],"wp:featuredmedia":[{"embeddable":true,"href":"https:\/\/vitablanca.ma\/en\/wp-json\/wp\/v2\/media\/30291"}],"wp:attachment":[{"href":"https:\/\/vitablanca.ma\/en\/wp-json\/wp\/v2\/media?parent=24879"}],"wp:term":[{"taxonomy":"product_brand","embeddable":true,"href":"https:\/\/vitablanca.ma\/en\/wp-json\/wp\/v2\/product_brand?post=24879"},{"taxonomy":"product_cat","embeddable":true,"href":"https:\/\/vitablanca.ma\/en\/wp-json\/wp\/v2\/product_cat?post=24879"},{"taxonomy":"product_tag","embeddable":true,"href":"https:\/\/vitablanca.ma\/en\/wp-json\/wp\/v2\/product_tag?post=24879"}],"curies":[{"name":"wp","href":"https:\/\/api.w.org\/{rel}","templated":true}]}}