{"id":24401,"date":"2025-07-16T00:19:56","date_gmt":"2025-07-16T00:19:56","guid":{"rendered":"https:\/\/vitablanca.ma\/product\/arm-hammer-ultra-max\/"},"modified":"2026-03-24T20:36:49","modified_gmt":"2026-03-24T20:36:49","slug":"arm-hammer-ultra-max","status":"publish","type":"product","link":"https:\/\/vitablanca.ma\/en\/product\/arm-hammer-ultra-max\/","title":{"rendered":"Arm &amp; Hammer UltraMax Antiperspirant Solid Deodorant, Fresh, 28 g"},"content":{"rendered":"<p>ARM &amp; HAMMER Ultra Max Antiperspirant Deodorant provides reliable protection by effectively reducing underarm perspiration, especially that caused by stress. Formulated with Arm &amp; Hammer baking soda, a proven natural deodorizer, it helps neutralize and absorb body odor while providing a fresh, clean scent. Designed to support your active lifestyle, it helps keep you dry and feeling confident all day long.<\/p>","protected":false},"excerpt":{"rendered":"<p>Le d\u00e9odorant anti-transpirant ARM &amp; HAMMER Ultra Max offre une protection fiable en r\u00e9duisant efficacement la transpiration sous les aisselles, notamment celle caus\u00e9e par le stress. Formul\u00e9 \u00e0 base de bicarbonate de soude Arm &amp; Hammer, un d\u00e9sodorisant naturel reconnu, il aide \u00e0 neutraliser et absorber les odeurs corporelles tout en diffusant un parfum frais [&hellip;]<\/p>\n","protected":false},"featured_media":24400,"template":"","meta":{"om_disable_all_campaigns":false},"product_brand":[3421],"product_cat":[18],"product_tag":[3420,3418,3416,3415,3417,3414,3419],"class_list":{"0":"post-24401","1":"product","2":"type-product","3":"status-publish","4":"has-post-thumbnail","6":"product_brand-arm-hammer","7":"product_cat-beaute-sante","8":"product_tag-anti-odeurs-arm-hammer","9":"product_tag-arm-hammer-bicarbonate-maroc","10":"product_tag-arm-hammer-deodorant-maroc","11":"product_tag-arm-hammer-maroc","12":"product_tag-arm-hammer-original-maroc","13":"product_tag-deodorant-arm-hammer-ultra-max","14":"product_tag-deodorant-longue-duree-maroc","16":"first","17":"instock","18":"sale","19":"taxable","20":"shipping-taxable","21":"purchasable","22":"product-type-simple"},"yoast_head":"<!-- This site is optimized with the Yoast SEO plugin v27.4 - https:\/\/yoast.com\/product\/yoast-seo-wordpress\/ -->\n<title>Arm &amp; Hammer, D\u00e9odorant UltraMax, frais, 28 g - Maroc Prix<\/title>\n<meta name=\"description\" content=\"D\u00e9odorant solide antitranspirant Arm &amp; Hammer UltraMax Frais 28 g, formul\u00e9 au bicarbonate de soude pour neutraliser les odeurs\" \/>\n<meta name=\"robots\" content=\"index, follow, max-snippet:-1, max-image-preview:large, max-video-preview:-1\" \/>\n<link rel=\"canonical\" href=\"https:\/\/vitablanca.ma\/en\/product\/arm-hammer-ultra-max\/\" \/>\n<meta property=\"og:locale\" content=\"en_US\" \/>\n<meta property=\"og:type\" content=\"article\" \/>\n<meta property=\"og:title\" content=\"Arm &amp; Hammer, D\u00e9odorant UltraMax, frais, 28 g - Maroc Prix\" \/>\n<meta property=\"og:description\" content=\"D\u00e9odorant solide antitranspirant Arm &amp; Hammer UltraMax Frais 28 g, formul\u00e9 au bicarbonate de soude pour neutraliser les odeurs\" \/>\n<meta property=\"og:url\" content=\"https:\/\/vitablanca.ma\/en\/product\/arm-hammer-ultra-max\/\" \/>\n<meta property=\"og:site_name\" content=\"Vitablanca.ma &ndash; Sant&eacute;, vitalit&eacute; et bien-&ecirc;tre pour tous les Marocains\" \/>\n<meta property=\"article:publisher\" content=\"https:\/\/www.facebook.com\/profile.php?id=61576678196717\" \/>\n<meta property=\"article:modified_time\" content=\"2026-03-24T20:36:49+00:00\" \/>\n<meta property=\"og:image\" content=\"https:\/\/vitablanca.ma\/wp-content\/uploads\/2025\/07\/Arm-Hammer-Ultra-Max-Deodorant-Fresh-Antiperspirant-Deo-28g-700x700-1.jpg\" \/>\n\t<meta property=\"og:image:width\" content=\"700\" \/>\n\t<meta property=\"og:image:height\" content=\"700\" \/>\n\t<meta property=\"og:image:type\" content=\"image\/jpeg\" \/>\n<meta name=\"twitter:card\" content=\"summary_large_image\" \/>\n<meta name=\"twitter:label1\" content=\"Est. reading time\" \/>\n\t<meta name=\"twitter:data1\" content=\"1 minute\" \/>\n<script type=\"application\/ld+json\" class=\"yoast-schema-graph\">{\"@context\":\"https:\\\/\\\/schema.org\",\"@graph\":[{\"@type\":[\"WebPage\",\"ItemPage\"],\"@id\":\"https:\\\/\\\/vitablanca.ma\\\/produit\\\/arm-hammer-ultra-max\\\/\",\"url\":\"https:\\\/\\\/vitablanca.ma\\\/produit\\\/arm-hammer-ultra-max\\\/\",\"name\":\"Arm & Hammer, D\u00e9odorant UltraMax, frais, 28 g - Maroc Prix\",\"isPartOf\":{\"@id\":\"https:\\\/\\\/vitablanca.ma\\\/#website\"},\"primaryImageOfPage\":{\"@id\":\"https:\\\/\\\/vitablanca.ma\\\/produit\\\/arm-hammer-ultra-max\\\/#primaryimage\"},\"image\":{\"@id\":\"https:\\\/\\\/vitablanca.ma\\\/produit\\\/arm-hammer-ultra-max\\\/#primaryimage\"},\"thumbnailUrl\":\"https:\\\/\\\/vitablanca.ma\\\/wp-content\\\/uploads\\\/2025\\\/07\\\/Arm-Hammer-Ultra-Max-Deodorant-Fresh-Antiperspirant-Deo-28g-700x700-1.jpg\",\"datePublished\":\"2025-07-16T00:19:56+00:00\",\"dateModified\":\"2026-03-24T20:36:49+00:00\",\"description\":\"D\u00e9odorant solide antitranspirant Arm & Hammer UltraMax Frais 28 g, formul\u00e9 au bicarbonate de soude pour neutraliser les odeurs\",\"breadcrumb\":{\"@id\":\"https:\\\/\\\/vitablanca.ma\\\/produit\\\/arm-hammer-ultra-max\\\/#breadcrumb\"},\"inLanguage\":\"en-US\",\"potentialAction\":[{\"@type\":\"ReadAction\",\"target\":[\"https:\\\/\\\/vitablanca.ma\\\/produit\\\/arm-hammer-ultra-max\\\/\"]}]},{\"@type\":\"ImageObject\",\"inLanguage\":\"en-US\",\"@id\":\"https:\\\/\\\/vitablanca.ma\\\/produit\\\/arm-hammer-ultra-max\\\/#primaryimage\",\"url\":\"https:\\\/\\\/vitablanca.ma\\\/wp-content\\\/uploads\\\/2025\\\/07\\\/Arm-Hammer-Ultra-Max-Deodorant-Fresh-Antiperspirant-Deo-28g-700x700-1.jpg\",\"contentUrl\":\"https:\\\/\\\/vitablanca.ma\\\/wp-content\\\/uploads\\\/2025\\\/07\\\/Arm-Hammer-Ultra-Max-Deodorant-Fresh-Antiperspirant-Deo-28g-700x700-1.jpg\",\"width\":700,\"height\":700},{\"@type\":\"BreadcrumbList\",\"@id\":\"https:\\\/\\\/vitablanca.ma\\\/produit\\\/arm-hammer-ultra-max\\\/#breadcrumb\",\"itemListElement\":[{\"@type\":\"ListItem\",\"position\":1,\"name\":\"Home\",\"item\":\"https:\\\/\\\/vitablanca.ma\\\/\"},{\"@type\":\"ListItem\",\"position\":2,\"name\":\"Tous Les Produits\",\"item\":\"https:\\\/\\\/vitablanca.ma\\\/tous-les-produits\\\/\"},{\"@type\":\"ListItem\",\"position\":3,\"name\":\"Arm &amp; Hammer D\u00e9odorant solide antitranspirant UltraMax, frais, 28 g\"}]},{\"@type\":\"WebSite\",\"@id\":\"https:\\\/\\\/vitablanca.ma\\\/#website\",\"url\":\"https:\\\/\\\/vitablanca.ma\\\/\",\"name\":\"VitaBlanca.ma | Compl\u00e9ments alimentaires, sant\u00e9 & beaut\u00e9 au Maroc\",\"description\":\"vendre vitamines et compl\u00e9ments premium des USA &amp; Canada, Nouvelle Z\u00e9lande,Maroc (NOW Foods, Solgar, Manuka). Livraison rapide partout au Maroc.\",\"publisher\":{\"@id\":\"https:\\\/\\\/vitablanca.ma\\\/#organization\"},\"alternateName\":\"VitaBlanca.ma\",\"potentialAction\":[{\"@type\":\"SearchAction\",\"target\":{\"@type\":\"EntryPoint\",\"urlTemplate\":\"https:\\\/\\\/vitablanca.ma\\\/?s={search_term_string}\"},\"query-input\":{\"@type\":\"PropertyValueSpecification\",\"valueRequired\":true,\"valueName\":\"search_term_string\"}}],\"inLanguage\":\"en-US\"},{\"@type\":\"Organization\",\"@id\":\"https:\\\/\\\/vitablanca.ma\\\/#organization\",\"name\":\"VitaBlanca\",\"url\":\"https:\\\/\\\/vitablanca.ma\\\/\",\"logo\":{\"@type\":\"ImageObject\",\"inLanguage\":\"en-US\",\"@id\":\"https:\\\/\\\/vitablanca.ma\\\/#\\\/schema\\\/logo\\\/image\\\/\",\"url\":\"https:\\\/\\\/vitablanca.ma\\\/wp-content\\\/uploads\\\/2025\\\/05\\\/cropped-vitablanca.png\",\"contentUrl\":\"https:\\\/\\\/vitablanca.ma\\\/wp-content\\\/uploads\\\/2025\\\/05\\\/cropped-vitablanca.png\",\"width\":360,\"height\":67,\"caption\":\"VitaBlanca\"},\"image\":{\"@id\":\"https:\\\/\\\/vitablanca.ma\\\/#\\\/schema\\\/logo\\\/image\\\/\"},\"sameAs\":[\"https:\\\/\\\/www.facebook.com\\\/profile.php?id=61576678196717\",\"https:\\\/\\\/www.tiktok.com\\\/@vitablanca.ma\",\"https:\\\/\\\/www.instagram.com\\\/vitablanca.ma\\\/\"]}]}<\/script>\n<!-- \/ Yoast SEO plugin. -->","yoast_head_json":{"title":"Arm &amp; Hammer, UltraMax Deodorant, Fresh, 28 g - Morocco Price","description":"Arm &amp; Hammer UltraMax Fresh Antiperspirant Deodorant Solid 28g, formulated with baking soda to neutralize odors","robots":{"index":"index","follow":"follow","max-snippet":"max-snippet:-1","max-image-preview":"max-image-preview:large","max-video-preview":"max-video-preview:-1"},"canonical":"https:\/\/vitablanca.ma\/en\/product\/arm-hammer-ultra-max\/","og_locale":"en_US","og_type":"article","og_title":"Arm & Hammer, D\u00e9odorant UltraMax, frais, 28 g - Maroc Prix","og_description":"D\u00e9odorant solide antitranspirant Arm & Hammer UltraMax Frais 28 g, formul\u00e9 au bicarbonate de soude pour neutraliser les odeurs","og_url":"https:\/\/vitablanca.ma\/en\/product\/arm-hammer-ultra-max\/","og_site_name":"Vitablanca.ma &ndash; Sant&eacute;, vitalit&eacute; et bien-&ecirc;tre pour tous les Marocains","article_publisher":"https:\/\/www.facebook.com\/profile.php?id=61576678196717","article_modified_time":"2026-03-24T20:36:49+00:00","og_image":[{"width":700,"height":700,"url":"https:\/\/vitablanca.ma\/wp-content\/uploads\/2025\/07\/Arm-Hammer-Ultra-Max-Deodorant-Fresh-Antiperspirant-Deo-28g-700x700-1.jpg","type":"image\/jpeg"}],"twitter_card":"summary_large_image","twitter_misc":{"Est. reading time":"1 minute"},"schema":{"@context":"https:\/\/schema.org","@graph":[{"@type":["WebPage","ItemPage"],"@id":"https:\/\/vitablanca.ma\/produit\/arm-hammer-ultra-max\/","url":"https:\/\/vitablanca.ma\/produit\/arm-hammer-ultra-max\/","name":"Arm &amp; Hammer, UltraMax Deodorant, Fresh, 28 g - Morocco Price","isPartOf":{"@id":"https:\/\/vitablanca.ma\/#website"},"primaryImageOfPage":{"@id":"https:\/\/vitablanca.ma\/produit\/arm-hammer-ultra-max\/#primaryimage"},"image":{"@id":"https:\/\/vitablanca.ma\/produit\/arm-hammer-ultra-max\/#primaryimage"},"thumbnailUrl":"https:\/\/vitablanca.ma\/wp-content\/uploads\/2025\/07\/Arm-Hammer-Ultra-Max-Deodorant-Fresh-Antiperspirant-Deo-28g-700x700-1.jpg","datePublished":"2025-07-16T00:19:56+00:00","dateModified":"2026-03-24T20:36:49+00:00","description":"Arm &amp; Hammer UltraMax Fresh Antiperspirant Deodorant Solid 28g, formulated with baking soda to neutralize odors","breadcrumb":{"@id":"https:\/\/vitablanca.ma\/produit\/arm-hammer-ultra-max\/#breadcrumb"},"inLanguage":"en-US","potentialAction":[{"@type":"ReadAction","target":["https:\/\/vitablanca.ma\/produit\/arm-hammer-ultra-max\/"]}]},{"@type":"ImageObject","inLanguage":"en-US","@id":"https:\/\/vitablanca.ma\/produit\/arm-hammer-ultra-max\/#primaryimage","url":"https:\/\/vitablanca.ma\/wp-content\/uploads\/2025\/07\/Arm-Hammer-Ultra-Max-Deodorant-Fresh-Antiperspirant-Deo-28g-700x700-1.jpg","contentUrl":"https:\/\/vitablanca.ma\/wp-content\/uploads\/2025\/07\/Arm-Hammer-Ultra-Max-Deodorant-Fresh-Antiperspirant-Deo-28g-700x700-1.jpg","width":700,"height":700},{"@type":"BreadcrumbList","@id":"https:\/\/vitablanca.ma\/produit\/arm-hammer-ultra-max\/#breadcrumb","itemListElement":[{"@type":"ListItem","position":1,"name":"Home","item":"https:\/\/vitablanca.ma\/"},{"@type":"ListItem","position":2,"name":"Tous Les Produits","item":"https:\/\/vitablanca.ma\/tous-les-produits\/"},{"@type":"ListItem","position":3,"name":"Arm &amp; Hammer D\u00e9odorant solide antitranspirant UltraMax, frais, 28 g"}]},{"@type":"WebSite","@id":"https:\/\/vitablanca.ma\/#website","url":"https:\/\/vitablanca.ma\/","name":"VitaBlanca.ma | Food supplements, health &amp; beauty in Morocco","description":"sell premium vitamins and supplements from USA &amp; Canada, New Zealand, Morocco (NOW Foods, Solgar, Manuka). Fast delivery anywhere in Morocco.","publisher":{"@id":"https:\/\/vitablanca.ma\/#organization"},"alternateName":"VitaBlanca.ma","potentialAction":[{"@type":"SearchAction","target":{"@type":"EntryPoint","urlTemplate":"https:\/\/vitablanca.ma\/?s={search_term_string}"},"query-input":{"@type":"PropertyValueSpecification","valueRequired":true,"valueName":"search_term_string"}}],"inLanguage":"en-US"},{"@type":"Organization","@id":"https:\/\/vitablanca.ma\/#organization","name":"VitaBlanca","url":"https:\/\/vitablanca.ma\/","logo":{"@type":"ImageObject","inLanguage":"en-US","@id":"https:\/\/vitablanca.ma\/#\/schema\/logo\/image\/","url":"https:\/\/vitablanca.ma\/wp-content\/uploads\/2025\/05\/cropped-vitablanca.png","contentUrl":"https:\/\/vitablanca.ma\/wp-content\/uploads\/2025\/05\/cropped-vitablanca.png","width":360,"height":67,"caption":"VitaBlanca"},"image":{"@id":"https:\/\/vitablanca.ma\/#\/schema\/logo\/image\/"},"sameAs":["https:\/\/www.facebook.com\/profile.php?id=61576678196717","https:\/\/www.tiktok.com\/@vitablanca.ma","https:\/\/www.instagram.com\/vitablanca.ma\/"]}]}},"jetpack_sharing_enabled":true,"_links":{"self":[{"href":"https:\/\/vitablanca.ma\/en\/wp-json\/wp\/v2\/product\/24401","targetHints":{"allow":["GET"]}}],"collection":[{"href":"https:\/\/vitablanca.ma\/en\/wp-json\/wp\/v2\/product"}],"about":[{"href":"https:\/\/vitablanca.ma\/en\/wp-json\/wp\/v2\/types\/product"}],"wp:featuredmedia":[{"embeddable":true,"href":"https:\/\/vitablanca.ma\/en\/wp-json\/wp\/v2\/media\/24400"}],"wp:attachment":[{"href":"https:\/\/vitablanca.ma\/en\/wp-json\/wp\/v2\/media?parent=24401"}],"wp:term":[{"taxonomy":"product_brand","embeddable":true,"href":"https:\/\/vitablanca.ma\/en\/wp-json\/wp\/v2\/product_brand?post=24401"},{"taxonomy":"product_cat","embeddable":true,"href":"https:\/\/vitablanca.ma\/en\/wp-json\/wp\/v2\/product_cat?post=24401"},{"taxonomy":"product_tag","embeddable":true,"href":"https:\/\/vitablanca.ma\/en\/wp-json\/wp\/v2\/product_tag?post=24401"}],"curies":[{"name":"wp","href":"https:\/\/api.w.org\/{rel}","templated":true}]}}