{"id":24275,"date":"2025-07-10T19:20:42","date_gmt":"2025-07-10T19:20:42","guid":{"rendered":"https:\/\/vitablanca.ma\/product\/balea-huile-de-soins-repair-intensiv\/"},"modified":"2025-12-23T00:26:31","modified_gmt":"2025-12-23T00:26:31","slug":"balea-huile-de-soins-repair-intensiv","status":"publish","type":"product","link":"https:\/\/vitablanca.ma\/en\/product\/balea-huile-de-soins-repair-intensiv\/","title":{"rendered":"Balea Intensive Repair Care Oil 100 ml"},"content":{"rendered":"<h3><strong>Intense nutrition for dry and damaged hair\u00a0<\/strong><\/h3>\n<div>For well-groomed, healthy-looking hair!<\/div>\n<div>Balea Oil Repair Intensive hair oil conditions and protects your hair from heat up to 230\u00b0C. This intensive hair treatment is a true miracle: its ultra-light, non-greasy formula with argan oil provides rich care for your hair. It also helps tame extremely damaged and dry hair, ensuring a soft, supple result \u2013 without weighing it down.<\/div>\n<div>The result: intensely cared for and shiny hair!<\/div>\n<div><\/div>\n<h4><strong><span lang=\"EN-US\" style=\"font-size: 11pt; line-height: 104%; font-family: Arial, sans-serif;\">\u00a0Directions for use <\/span><\/strong><\/h4>\n<p>Can be used as a pre-shampoo treatment or on towel-dried hair. Distribute sparingly through the lengths and ends. Note: Due to the high content of natural oils, the product may vary in color or become cloudy. This has no effect on the quality. Please protect it from direct sunlight.<\/p>","protected":false},"excerpt":{"rendered":"<ul>\n<li>Argan Oil Hair Oil<\/li>\n<li>\n<div>heat protection up to 230\u00b0C<\/div>\n<\/li>\n<li>\n<div>ultra-light, non-greasy care formula<\/div>\n<\/li>\n<li>\n<div>For damaged and dry hair<\/div>\n<\/li>\n<li>Volume: 100 ml<\/li>\n<\/ul>","protected":false},"featured_media":24273,"template":"","meta":{"om_disable_all_campaigns":false},"product_brand":[3236],"product_cat":[18],"product_tag":[3237,3240,3242,3238,3239,3241],"class_list":{"0":"post-24275","1":"product","2":"type-product","3":"status-publish","4":"has-post-thumbnail","6":"product_brand-balea-dm-prix-maroc","7":"product_cat-beaute-sante","8":"product_tag-balea","9":"product_tag-balea-dm","10":"product_tag-balea-dm-maroc","11":"product_tag-balea-maroc","12":"product_tag-balea-morocco","13":"product_tag-dm-maroc","15":"first","16":"instock","17":"sale","18":"taxable","19":"shipping-taxable","20":"purchasable","21":"product-type-simple"},"yoast_head":"<!-- This site is optimized with the Yoast SEO plugin v27.4 - https:\/\/yoast.com\/product\/yoast-seo-wordpress\/ -->\n<title>Balea Huile de soins repair intensiv 100 ml - Maroc Prix<\/title>\n<meta name=\"description\" content=\"D\u00e9couvrez l&#039;huile de soin Balea Repair Intensiv au Maroc. Id\u00e9ale pour cheveux tr\u00e8s ab\u00eem\u00e9s, elle r\u00e9pare en profondeur, apporte brillance et souplesse\" \/>\n<meta name=\"robots\" content=\"index, follow, max-snippet:-1, max-image-preview:large, max-video-preview:-1\" \/>\n<link rel=\"canonical\" href=\"https:\/\/vitablanca.ma\/en\/product\/balea-huile-de-soins-repair-intensiv\/\" \/>\n<meta property=\"og:locale\" content=\"en_US\" \/>\n<meta property=\"og:type\" content=\"article\" \/>\n<meta property=\"og:title\" content=\"Balea Huile de soins repair intensiv 100 ml - Maroc Prix\" \/>\n<meta property=\"og:description\" content=\"D\u00e9couvrez l&#039;huile de soin Balea Repair Intensiv au Maroc. Id\u00e9ale pour cheveux tr\u00e8s ab\u00eem\u00e9s, elle r\u00e9pare en profondeur, apporte brillance et souplesse\" \/>\n<meta property=\"og:url\" content=\"https:\/\/vitablanca.ma\/en\/product\/balea-huile-de-soins-repair-intensiv\/\" \/>\n<meta property=\"og:site_name\" content=\"Vitablanca.ma &ndash; Sant&eacute;, vitalit&eacute; et bien-&ecirc;tre pour tous les Marocains\" \/>\n<meta property=\"article:publisher\" content=\"https:\/\/www.facebook.com\/profile.php?id=61576678196717\" \/>\n<meta property=\"article:modified_time\" content=\"2025-12-23T00:26:31+00:00\" \/>\n<meta property=\"og:image\" content=\"https:\/\/vitablanca.ma\/wp-content\/uploads\/2025\/07\/4066447365467-990129439_0181258e-8733-4731-b3d5-ae103a960a74.png\" \/>\n\t<meta property=\"og:image:width\" content=\"1199\" \/>\n\t<meta property=\"og:image:height\" content=\"1200\" \/>\n\t<meta property=\"og:image:type\" content=\"image\/png\" \/>\n<meta name=\"twitter:card\" content=\"summary_large_image\" \/>\n<meta name=\"twitter:label1\" content=\"Est. reading time\" \/>\n\t<meta name=\"twitter:data1\" content=\"1 minute\" \/>\n<script type=\"application\/ld+json\" class=\"yoast-schema-graph\">{\"@context\":\"https:\\\/\\\/schema.org\",\"@graph\":[{\"@type\":[\"WebPage\",\"ItemPage\"],\"@id\":\"https:\\\/\\\/vitablanca.ma\\\/produit\\\/balea-huile-de-soins-repair-intensiv\\\/\",\"url\":\"https:\\\/\\\/vitablanca.ma\\\/produit\\\/balea-huile-de-soins-repair-intensiv\\\/\",\"name\":\"Balea Huile de soins repair intensiv 100 ml - Maroc Prix\",\"isPartOf\":{\"@id\":\"https:\\\/\\\/vitablanca.ma\\\/#website\"},\"primaryImageOfPage\":{\"@id\":\"https:\\\/\\\/vitablanca.ma\\\/produit\\\/balea-huile-de-soins-repair-intensiv\\\/#primaryimage\"},\"image\":{\"@id\":\"https:\\\/\\\/vitablanca.ma\\\/produit\\\/balea-huile-de-soins-repair-intensiv\\\/#primaryimage\"},\"thumbnailUrl\":\"https:\\\/\\\/vitablanca.ma\\\/wp-content\\\/uploads\\\/2025\\\/07\\\/4066447365467-990129439_0181258e-8733-4731-b3d5-ae103a960a74.png\",\"datePublished\":\"2025-07-10T19:20:42+00:00\",\"dateModified\":\"2025-12-23T00:26:31+00:00\",\"description\":\"D\u00e9couvrez l'huile de soin Balea Repair Intensiv au Maroc. Id\u00e9ale pour cheveux tr\u00e8s ab\u00eem\u00e9s, elle r\u00e9pare en profondeur, apporte brillance et souplesse\",\"breadcrumb\":{\"@id\":\"https:\\\/\\\/vitablanca.ma\\\/produit\\\/balea-huile-de-soins-repair-intensiv\\\/#breadcrumb\"},\"inLanguage\":\"en-US\",\"potentialAction\":[{\"@type\":\"ReadAction\",\"target\":[\"https:\\\/\\\/vitablanca.ma\\\/produit\\\/balea-huile-de-soins-repair-intensiv\\\/\"]}]},{\"@type\":\"ImageObject\",\"inLanguage\":\"en-US\",\"@id\":\"https:\\\/\\\/vitablanca.ma\\\/produit\\\/balea-huile-de-soins-repair-intensiv\\\/#primaryimage\",\"url\":\"https:\\\/\\\/vitablanca.ma\\\/wp-content\\\/uploads\\\/2025\\\/07\\\/4066447365467-990129439_0181258e-8733-4731-b3d5-ae103a960a74.png\",\"contentUrl\":\"https:\\\/\\\/vitablanca.ma\\\/wp-content\\\/uploads\\\/2025\\\/07\\\/4066447365467-990129439_0181258e-8733-4731-b3d5-ae103a960a74.png\",\"width\":1199,\"height\":1200},{\"@type\":\"BreadcrumbList\",\"@id\":\"https:\\\/\\\/vitablanca.ma\\\/produit\\\/balea-huile-de-soins-repair-intensiv\\\/#breadcrumb\",\"itemListElement\":[{\"@type\":\"ListItem\",\"position\":1,\"name\":\"Home\",\"item\":\"https:\\\/\\\/vitablanca.ma\\\/\"},{\"@type\":\"ListItem\",\"position\":2,\"name\":\"Tous Les Produits\",\"item\":\"https:\\\/\\\/vitablanca.ma\\\/tous-les-produits\\\/\"},{\"@type\":\"ListItem\",\"position\":3,\"name\":\"Balea Huile de soins repair intensiv 100 ml\"}]},{\"@type\":\"WebSite\",\"@id\":\"https:\\\/\\\/vitablanca.ma\\\/#website\",\"url\":\"https:\\\/\\\/vitablanca.ma\\\/\",\"name\":\"VitaBlanca.ma | Compl\u00e9ments alimentaires, sant\u00e9 & beaut\u00e9 au Maroc\",\"description\":\"vendre vitamines et compl\u00e9ments premium des USA &amp; Canada, Nouvelle Z\u00e9lande,Maroc (NOW Foods, Solgar, Manuka). Livraison rapide partout au Maroc.\",\"publisher\":{\"@id\":\"https:\\\/\\\/vitablanca.ma\\\/#organization\"},\"alternateName\":\"VitaBlanca.ma\",\"potentialAction\":[{\"@type\":\"SearchAction\",\"target\":{\"@type\":\"EntryPoint\",\"urlTemplate\":\"https:\\\/\\\/vitablanca.ma\\\/?s={search_term_string}\"},\"query-input\":{\"@type\":\"PropertyValueSpecification\",\"valueRequired\":true,\"valueName\":\"search_term_string\"}}],\"inLanguage\":\"en-US\"},{\"@type\":\"Organization\",\"@id\":\"https:\\\/\\\/vitablanca.ma\\\/#organization\",\"name\":\"VitaBlanca\",\"url\":\"https:\\\/\\\/vitablanca.ma\\\/\",\"logo\":{\"@type\":\"ImageObject\",\"inLanguage\":\"en-US\",\"@id\":\"https:\\\/\\\/vitablanca.ma\\\/#\\\/schema\\\/logo\\\/image\\\/\",\"url\":\"https:\\\/\\\/vitablanca.ma\\\/wp-content\\\/uploads\\\/2025\\\/05\\\/cropped-vitablanca.png\",\"contentUrl\":\"https:\\\/\\\/vitablanca.ma\\\/wp-content\\\/uploads\\\/2025\\\/05\\\/cropped-vitablanca.png\",\"width\":360,\"height\":67,\"caption\":\"VitaBlanca\"},\"image\":{\"@id\":\"https:\\\/\\\/vitablanca.ma\\\/#\\\/schema\\\/logo\\\/image\\\/\"},\"sameAs\":[\"https:\\\/\\\/www.facebook.com\\\/profile.php?id=61576678196717\",\"https:\\\/\\\/www.tiktok.com\\\/@vitablanca.ma\",\"https:\\\/\\\/www.instagram.com\\\/vitablanca.ma\\\/\"]}]}<\/script>\n<!-- \/ Yoast SEO plugin. -->","yoast_head_json":{"title":"Balea Intensive Repair Care Oil 100 ml - Morocco Price","description":"Discover Balea Repair Intensiv treatment oil in Morocco. Ideal for very damaged hair, it deeply repairs, providing shine and suppleness.","robots":{"index":"index","follow":"follow","max-snippet":"max-snippet:-1","max-image-preview":"max-image-preview:large","max-video-preview":"max-video-preview:-1"},"canonical":"https:\/\/vitablanca.ma\/en\/product\/balea-huile-de-soins-repair-intensiv\/","og_locale":"en_US","og_type":"article","og_title":"Balea Huile de soins repair intensiv 100 ml - Maroc Prix","og_description":"D\u00e9couvrez l'huile de soin Balea Repair Intensiv au Maroc. Id\u00e9ale pour cheveux tr\u00e8s ab\u00eem\u00e9s, elle r\u00e9pare en profondeur, apporte brillance et souplesse","og_url":"https:\/\/vitablanca.ma\/en\/product\/balea-huile-de-soins-repair-intensiv\/","og_site_name":"Vitablanca.ma &ndash; Sant&eacute;, vitalit&eacute; et bien-&ecirc;tre pour tous les Marocains","article_publisher":"https:\/\/www.facebook.com\/profile.php?id=61576678196717","article_modified_time":"2025-12-23T00:26:31+00:00","og_image":[{"width":1199,"height":1200,"url":"https:\/\/vitablanca.ma\/wp-content\/uploads\/2025\/07\/4066447365467-990129439_0181258e-8733-4731-b3d5-ae103a960a74.png","type":"image\/png"}],"twitter_card":"summary_large_image","twitter_misc":{"Est. reading time":"1 minute"},"schema":{"@context":"https:\/\/schema.org","@graph":[{"@type":["WebPage","ItemPage"],"@id":"https:\/\/vitablanca.ma\/produit\/balea-huile-de-soins-repair-intensiv\/","url":"https:\/\/vitablanca.ma\/produit\/balea-huile-de-soins-repair-intensiv\/","name":"Balea Intensive Repair Care Oil 100 ml - Morocco Price","isPartOf":{"@id":"https:\/\/vitablanca.ma\/#website"},"primaryImageOfPage":{"@id":"https:\/\/vitablanca.ma\/produit\/balea-huile-de-soins-repair-intensiv\/#primaryimage"},"image":{"@id":"https:\/\/vitablanca.ma\/produit\/balea-huile-de-soins-repair-intensiv\/#primaryimage"},"thumbnailUrl":"https:\/\/vitablanca.ma\/wp-content\/uploads\/2025\/07\/4066447365467-990129439_0181258e-8733-4731-b3d5-ae103a960a74.png","datePublished":"2025-07-10T19:20:42+00:00","dateModified":"2025-12-23T00:26:31+00:00","description":"Discover Balea Repair Intensiv treatment oil in Morocco. Ideal for very damaged hair, it deeply repairs, providing shine and suppleness.","breadcrumb":{"@id":"https:\/\/vitablanca.ma\/produit\/balea-huile-de-soins-repair-intensiv\/#breadcrumb"},"inLanguage":"en-US","potentialAction":[{"@type":"ReadAction","target":["https:\/\/vitablanca.ma\/produit\/balea-huile-de-soins-repair-intensiv\/"]}]},{"@type":"ImageObject","inLanguage":"en-US","@id":"https:\/\/vitablanca.ma\/produit\/balea-huile-de-soins-repair-intensiv\/#primaryimage","url":"https:\/\/vitablanca.ma\/wp-content\/uploads\/2025\/07\/4066447365467-990129439_0181258e-8733-4731-b3d5-ae103a960a74.png","contentUrl":"https:\/\/vitablanca.ma\/wp-content\/uploads\/2025\/07\/4066447365467-990129439_0181258e-8733-4731-b3d5-ae103a960a74.png","width":1199,"height":1200},{"@type":"BreadcrumbList","@id":"https:\/\/vitablanca.ma\/produit\/balea-huile-de-soins-repair-intensiv\/#breadcrumb","itemListElement":[{"@type":"ListItem","position":1,"name":"Home","item":"https:\/\/vitablanca.ma\/"},{"@type":"ListItem","position":2,"name":"Tous Les Produits","item":"https:\/\/vitablanca.ma\/tous-les-produits\/"},{"@type":"ListItem","position":3,"name":"Balea Huile de soins repair intensiv 100 ml"}]},{"@type":"WebSite","@id":"https:\/\/vitablanca.ma\/#website","url":"https:\/\/vitablanca.ma\/","name":"VitaBlanca.ma | Food supplements, health &amp; beauty in Morocco","description":"sell premium vitamins and supplements from USA &amp; Canada, New Zealand, Morocco (NOW Foods, Solgar, Manuka). Fast delivery anywhere in Morocco.","publisher":{"@id":"https:\/\/vitablanca.ma\/#organization"},"alternateName":"VitaBlanca.ma","potentialAction":[{"@type":"SearchAction","target":{"@type":"EntryPoint","urlTemplate":"https:\/\/vitablanca.ma\/?s={search_term_string}"},"query-input":{"@type":"PropertyValueSpecification","valueRequired":true,"valueName":"search_term_string"}}],"inLanguage":"en-US"},{"@type":"Organization","@id":"https:\/\/vitablanca.ma\/#organization","name":"VitaBlanca","url":"https:\/\/vitablanca.ma\/","logo":{"@type":"ImageObject","inLanguage":"en-US","@id":"https:\/\/vitablanca.ma\/#\/schema\/logo\/image\/","url":"https:\/\/vitablanca.ma\/wp-content\/uploads\/2025\/05\/cropped-vitablanca.png","contentUrl":"https:\/\/vitablanca.ma\/wp-content\/uploads\/2025\/05\/cropped-vitablanca.png","width":360,"height":67,"caption":"VitaBlanca"},"image":{"@id":"https:\/\/vitablanca.ma\/#\/schema\/logo\/image\/"},"sameAs":["https:\/\/www.facebook.com\/profile.php?id=61576678196717","https:\/\/www.tiktok.com\/@vitablanca.ma","https:\/\/www.instagram.com\/vitablanca.ma\/"]}]}},"jetpack_sharing_enabled":true,"_links":{"self":[{"href":"https:\/\/vitablanca.ma\/en\/wp-json\/wp\/v2\/product\/24275","targetHints":{"allow":["GET"]}}],"collection":[{"href":"https:\/\/vitablanca.ma\/en\/wp-json\/wp\/v2\/product"}],"about":[{"href":"https:\/\/vitablanca.ma\/en\/wp-json\/wp\/v2\/types\/product"}],"wp:featuredmedia":[{"embeddable":true,"href":"https:\/\/vitablanca.ma\/en\/wp-json\/wp\/v2\/media\/24273"}],"wp:attachment":[{"href":"https:\/\/vitablanca.ma\/en\/wp-json\/wp\/v2\/media?parent=24275"}],"wp:term":[{"taxonomy":"product_brand","embeddable":true,"href":"https:\/\/vitablanca.ma\/en\/wp-json\/wp\/v2\/product_brand?post=24275"},{"taxonomy":"product_cat","embeddable":true,"href":"https:\/\/vitablanca.ma\/en\/wp-json\/wp\/v2\/product_cat?post=24275"},{"taxonomy":"product_tag","embeddable":true,"href":"https:\/\/vitablanca.ma\/en\/wp-json\/wp\/v2\/product_tag?post=24275"}],"curies":[{"name":"wp","href":"https:\/\/api.w.org\/{rel}","templated":true}]}}