{"id":24266,"date":"2025-07-10T19:19:49","date_gmt":"2025-07-10T19:19:49","guid":{"rendered":"https:\/\/vitablanca.ma\/product\/balea-concentre-de-la-vitamine-c\/"},"modified":"2025-07-13T17:26:47","modified_gmt":"2025-07-13T17:26:47","slug":"balea-concentre-de-la-vitamine-c","status":"publish","type":"product","link":"https:\/\/vitablanca.ma\/en\/product\/balea-concentre-de-la-vitamine-c\/","title":{"rendered":"Balea \u2013 Vitamin C concentrate"},"content":{"rendered":"<p>Indulgent specialist care with active power: Balea Vitamin C Concentrate provides your skin with valuable ingredients. This revitalizing concentrate, with a cocktail of vitamins C and E, is a true beauty booster. The radiant formula with orange oil moisturizes the skin and has a proven antioxidant effect. The active ingredient Collageneer, when used regularly, can stimulate the skin&#039;s natural collagen production. The velvety texture and invigorating citrus scent pamper the senses.<\/p>\n<h4><strong><span lang=\"EN-US\" style=\"font-size: 11pt; line-height: 106%; font-family: Arial, sans-serif;\">\u00a0Product usage advice<\/span><\/strong><\/h4>\n<p>Skin tolerance confirmed under dermatological control Unscrew or cut the cap of the capsule. Apply the concentrate to the face, neck and d\u00e9collet\u00e9 after cleansing, using your fingertips. Massage in gently. Regular use (morning and evening) is recommended. The contents of the capsule are sufficient for one application.<\/p>\n<h4><strong><span style=\"font-size: 11pt; line-height: 106%; font-family: Arial, sans-serif;\">\ufe0f<\/span><span style=\"font-size: 11pt; line-height: 106%; font-family: Arial, sans-serif;\"> <span lang=\"EN-US\">Warnings<\/span><\/span><\/strong><\/h4>\n<p>For external use only. Do not swallow. Keep out of reach of children. Do not get into eyes, mouth, or nose. Do not use if skin reactions occur. We recommend using products with SPF as daytime care.<\/p>\n<h4><strong><span lang=\"EN-US\" style=\"font-size: 11pt; line-height: 106%; font-family: Arial, sans-serif;\">\u00a0Storage tips<\/span><\/strong><\/h4>\n<p>Store in a cool, dry place away from light.<\/p>","protected":false},"excerpt":{"rendered":"<h3>A boost of vitamin C for radiant skin<\/h3>\n<ul>\n<li style=\"text-align: left;\">Power of vitamins<\/li>\n<li style=\"text-align: left;\">Radiant complexion<\/li>\n<li style=\"text-align: left;\">Antioxidant<\/li>\n<li style=\"text-align: left;\">7 pieces \/ Capsules<\/li>\n<\/ul>","protected":false},"featured_media":24263,"template":"","meta":{"om_disable_all_campaigns":false},"product_brand":[3236],"product_cat":[18],"product_tag":[3237,3240,3242,3238,3239,3241],"class_list":{"0":"post-24266","1":"product","2":"type-product","3":"status-publish","4":"has-post-thumbnail","6":"product_brand-balea-dm-prix-maroc","7":"product_cat-beaute-sante","8":"product_tag-balea","9":"product_tag-balea-dm","10":"product_tag-balea-dm-maroc","11":"product_tag-balea-maroc","12":"product_tag-balea-morocco","13":"product_tag-dm-maroc","15":"first","16":"instock","17":"taxable","18":"shipping-taxable","19":"purchasable","20":"product-type-simple"},"yoast_head":"<!-- This site is optimized with the Yoast SEO plugin v27.4 - https:\/\/yoast.com\/product\/yoast-seo-wordpress\/ -->\n<title>Balea - Concentr\u00e9 de la vitamine C - Maroc Prix<\/title>\n<meta name=\"description\" content=\"Boostez l&#039;\u00e9clat de votre peau avec le concentr\u00e9 de vitamine C Balea 7 pi\u00e8ces au Maroc. Ces capsules hydratent, prot\u00e8gent et unifient le teint\" \/>\n<meta name=\"robots\" content=\"index, follow, max-snippet:-1, max-image-preview:large, max-video-preview:-1\" \/>\n<link rel=\"canonical\" href=\"https:\/\/vitablanca.ma\/en\/product\/balea-concentre-de-la-vitamine-c\/\" \/>\n<meta property=\"og:locale\" content=\"en_US\" \/>\n<meta property=\"og:type\" content=\"article\" \/>\n<meta property=\"og:title\" content=\"Balea - Concentr\u00e9 de la vitamine C - Maroc Prix\" \/>\n<meta property=\"og:description\" content=\"Boostez l&#039;\u00e9clat de votre peau avec le concentr\u00e9 de vitamine C Balea 7 pi\u00e8ces au Maroc. Ces capsules hydratent, prot\u00e8gent et unifient le teint\" \/>\n<meta property=\"og:url\" content=\"https:\/\/vitablanca.ma\/en\/product\/balea-concentre-de-la-vitamine-c\/\" \/>\n<meta property=\"og:site_name\" content=\"Vitablanca.ma &ndash; Sant&eacute;, vitalit&eacute; et bien-&ecirc;tre pour tous les Marocains\" \/>\n<meta property=\"article:publisher\" content=\"https:\/\/www.facebook.com\/profile.php?id=61576678196717\" \/>\n<meta property=\"article:modified_time\" content=\"2025-07-13T17:26:47+00:00\" \/>\n<meta property=\"og:image\" content=\"https:\/\/vitablanca.ma\/wp-content\/uploads\/2025\/07\/konzentrat-vitamin-c.jpg\" \/>\n\t<meta property=\"og:image:width\" content=\"1201\" \/>\n\t<meta property=\"og:image:height\" content=\"1200\" \/>\n\t<meta property=\"og:image:type\" content=\"image\/jpeg\" \/>\n<meta name=\"twitter:card\" content=\"summary_large_image\" \/>\n<meta name=\"twitter:label1\" content=\"Est. reading time\" \/>\n\t<meta name=\"twitter:data1\" content=\"2 minutes\" \/>\n<script type=\"application\/ld+json\" class=\"yoast-schema-graph\">{\"@context\":\"https:\\\/\\\/schema.org\",\"@graph\":[{\"@type\":[\"WebPage\",\"ItemPage\"],\"@id\":\"https:\\\/\\\/vitablanca.ma\\\/en\\\/product\\\/balea-concentre-de-la-vitamine-c\\\/\",\"url\":\"https:\\\/\\\/vitablanca.ma\\\/en\\\/product\\\/balea-concentre-de-la-vitamine-c\\\/\",\"name\":\"Balea - Concentr\u00e9 de la vitamine C - Maroc Prix\",\"isPartOf\":{\"@id\":\"https:\\\/\\\/vitablanca.ma\\\/#website\"},\"primaryImageOfPage\":{\"@id\":\"https:\\\/\\\/vitablanca.ma\\\/en\\\/product\\\/balea-concentre-de-la-vitamine-c\\\/#primaryimage\"},\"image\":{\"@id\":\"https:\\\/\\\/vitablanca.ma\\\/en\\\/product\\\/balea-concentre-de-la-vitamine-c\\\/#primaryimage\"},\"thumbnailUrl\":\"https:\\\/\\\/vitablanca.ma\\\/wp-content\\\/uploads\\\/2025\\\/07\\\/konzentrat-vitamin-c.jpg\",\"datePublished\":\"2025-07-10T19:19:49+00:00\",\"dateModified\":\"2025-07-13T17:26:47+00:00\",\"description\":\"Boostez l'\u00e9clat de votre peau avec le concentr\u00e9 de vitamine C Balea 7 pi\u00e8ces au Maroc. Ces capsules hydratent, prot\u00e8gent et unifient le teint\",\"breadcrumb\":{\"@id\":\"https:\\\/\\\/vitablanca.ma\\\/en\\\/product\\\/balea-concentre-de-la-vitamine-c\\\/#breadcrumb\"},\"inLanguage\":\"en-US\",\"potentialAction\":[{\"@type\":\"ReadAction\",\"target\":[\"https:\\\/\\\/vitablanca.ma\\\/en\\\/product\\\/balea-concentre-de-la-vitamine-c\\\/\"]}]},{\"@type\":\"ImageObject\",\"inLanguage\":\"en-US\",\"@id\":\"https:\\\/\\\/vitablanca.ma\\\/en\\\/product\\\/balea-concentre-de-la-vitamine-c\\\/#primaryimage\",\"url\":\"https:\\\/\\\/vitablanca.ma\\\/wp-content\\\/uploads\\\/2025\\\/07\\\/konzentrat-vitamin-c.jpg\",\"contentUrl\":\"https:\\\/\\\/vitablanca.ma\\\/wp-content\\\/uploads\\\/2025\\\/07\\\/konzentrat-vitamin-c.jpg\",\"width\":1201,\"height\":1200},{\"@type\":\"BreadcrumbList\",\"@id\":\"https:\\\/\\\/vitablanca.ma\\\/en\\\/product\\\/balea-concentre-de-la-vitamine-c\\\/#breadcrumb\",\"itemListElement\":[{\"@type\":\"ListItem\",\"position\":1,\"name\":\"Home\",\"item\":\"https:\\\/\\\/vitablanca.ma\\\/\"},{\"@type\":\"ListItem\",\"position\":2,\"name\":\"Tous Les Produits\",\"item\":\"https:\\\/\\\/vitablanca.ma\\\/tous-les-produits\\\/\"},{\"@type\":\"ListItem\",\"position\":3,\"name\":\"Balea &#8211; Concentr\u00e9 de la vitamine C\"}]},{\"@type\":\"WebSite\",\"@id\":\"https:\\\/\\\/vitablanca.ma\\\/#website\",\"url\":\"https:\\\/\\\/vitablanca.ma\\\/\",\"name\":\"VitaBlanca.ma | Compl\u00e9ments alimentaires, sant\u00e9 & beaut\u00e9 au Maroc\",\"description\":\"vendre vitamines et compl\u00e9ments premium des USA &amp; Canada, Nouvelle Z\u00e9lande,Maroc (NOW Foods, Solgar, Manuka). Livraison rapide partout au Maroc.\",\"publisher\":{\"@id\":\"https:\\\/\\\/vitablanca.ma\\\/#organization\"},\"alternateName\":\"VitaBlanca.ma\",\"potentialAction\":[{\"@type\":\"SearchAction\",\"target\":{\"@type\":\"EntryPoint\",\"urlTemplate\":\"https:\\\/\\\/vitablanca.ma\\\/?s={search_term_string}\"},\"query-input\":{\"@type\":\"PropertyValueSpecification\",\"valueRequired\":true,\"valueName\":\"search_term_string\"}}],\"inLanguage\":\"en-US\"},{\"@type\":\"Organization\",\"@id\":\"https:\\\/\\\/vitablanca.ma\\\/#organization\",\"name\":\"VitaBlanca\",\"url\":\"https:\\\/\\\/vitablanca.ma\\\/\",\"logo\":{\"@type\":\"ImageObject\",\"inLanguage\":\"en-US\",\"@id\":\"https:\\\/\\\/vitablanca.ma\\\/#\\\/schema\\\/logo\\\/image\\\/\",\"url\":\"https:\\\/\\\/vitablanca.ma\\\/wp-content\\\/uploads\\\/2025\\\/05\\\/cropped-vitablanca.png\",\"contentUrl\":\"https:\\\/\\\/vitablanca.ma\\\/wp-content\\\/uploads\\\/2025\\\/05\\\/cropped-vitablanca.png\",\"width\":360,\"height\":67,\"caption\":\"VitaBlanca\"},\"image\":{\"@id\":\"https:\\\/\\\/vitablanca.ma\\\/#\\\/schema\\\/logo\\\/image\\\/\"},\"sameAs\":[\"https:\\\/\\\/www.facebook.com\\\/profile.php?id=61576678196717\",\"https:\\\/\\\/www.tiktok.com\\\/@vitablanca.ma\",\"https:\\\/\\\/www.instagram.com\\\/vitablanca.ma\\\/\"]}]}<\/script>\n<!-- \/ Yoast SEO plugin. -->","yoast_head_json":{"title":"Balea - Vitamin C Concentrate - Morocco Price","description":"Boost your skin&#039;s radiance with Balea&#039;s 7-piece Vitamin C Concentrate from Morocco. These capsules hydrate, protect, and even out skin tone.","robots":{"index":"index","follow":"follow","max-snippet":"max-snippet:-1","max-image-preview":"max-image-preview:large","max-video-preview":"max-video-preview:-1"},"canonical":"https:\/\/vitablanca.ma\/en\/product\/balea-concentre-de-la-vitamine-c\/","og_locale":"en_US","og_type":"article","og_title":"Balea - Concentr\u00e9 de la vitamine C - Maroc Prix","og_description":"Boostez l'\u00e9clat de votre peau avec le concentr\u00e9 de vitamine C Balea 7 pi\u00e8ces au Maroc. Ces capsules hydratent, prot\u00e8gent et unifient le teint","og_url":"https:\/\/vitablanca.ma\/en\/product\/balea-concentre-de-la-vitamine-c\/","og_site_name":"Vitablanca.ma &ndash; Sant&eacute;, vitalit&eacute; et bien-&ecirc;tre pour tous les Marocains","article_publisher":"https:\/\/www.facebook.com\/profile.php?id=61576678196717","article_modified_time":"2025-07-13T17:26:47+00:00","og_image":[{"width":1201,"height":1200,"url":"https:\/\/vitablanca.ma\/wp-content\/uploads\/2025\/07\/konzentrat-vitamin-c.jpg","type":"image\/jpeg"}],"twitter_card":"summary_large_image","twitter_misc":{"Est. reading time":"2 minutes"},"schema":{"@context":"https:\/\/schema.org","@graph":[{"@type":["WebPage","ItemPage"],"@id":"https:\/\/vitablanca.ma\/en\/product\/balea-concentre-de-la-vitamine-c\/","url":"https:\/\/vitablanca.ma\/en\/product\/balea-concentre-de-la-vitamine-c\/","name":"Balea - Vitamin C Concentrate - Morocco Price","isPartOf":{"@id":"https:\/\/vitablanca.ma\/#website"},"primaryImageOfPage":{"@id":"https:\/\/vitablanca.ma\/en\/product\/balea-concentre-de-la-vitamine-c\/#primaryimage"},"image":{"@id":"https:\/\/vitablanca.ma\/en\/product\/balea-concentre-de-la-vitamine-c\/#primaryimage"},"thumbnailUrl":"https:\/\/vitablanca.ma\/wp-content\/uploads\/2025\/07\/konzentrat-vitamin-c.jpg","datePublished":"2025-07-10T19:19:49+00:00","dateModified":"2025-07-13T17:26:47+00:00","description":"Boost your skin&#039;s radiance with Balea&#039;s 7-piece Vitamin C Concentrate from Morocco. These capsules hydrate, protect, and even out skin tone.","breadcrumb":{"@id":"https:\/\/vitablanca.ma\/en\/product\/balea-concentre-de-la-vitamine-c\/#breadcrumb"},"inLanguage":"en-US","potentialAction":[{"@type":"ReadAction","target":["https:\/\/vitablanca.ma\/en\/product\/balea-concentre-de-la-vitamine-c\/"]}]},{"@type":"ImageObject","inLanguage":"en-US","@id":"https:\/\/vitablanca.ma\/en\/product\/balea-concentre-de-la-vitamine-c\/#primaryimage","url":"https:\/\/vitablanca.ma\/wp-content\/uploads\/2025\/07\/konzentrat-vitamin-c.jpg","contentUrl":"https:\/\/vitablanca.ma\/wp-content\/uploads\/2025\/07\/konzentrat-vitamin-c.jpg","width":1201,"height":1200},{"@type":"BreadcrumbList","@id":"https:\/\/vitablanca.ma\/en\/product\/balea-concentre-de-la-vitamine-c\/#breadcrumb","itemListElement":[{"@type":"ListItem","position":1,"name":"Home","item":"https:\/\/vitablanca.ma\/"},{"@type":"ListItem","position":2,"name":"Tous Les Produits","item":"https:\/\/vitablanca.ma\/tous-les-produits\/"},{"@type":"ListItem","position":3,"name":"Balea &#8211; Concentr\u00e9 de la vitamine C"}]},{"@type":"WebSite","@id":"https:\/\/vitablanca.ma\/#website","url":"https:\/\/vitablanca.ma\/","name":"VitaBlanca.ma | Food supplements, health &amp; beauty in Morocco","description":"sell premium vitamins and supplements from USA &amp; Canada, New Zealand, Morocco (NOW Foods, Solgar, Manuka). Fast delivery anywhere in Morocco.","publisher":{"@id":"https:\/\/vitablanca.ma\/#organization"},"alternateName":"VitaBlanca.ma","potentialAction":[{"@type":"SearchAction","target":{"@type":"EntryPoint","urlTemplate":"https:\/\/vitablanca.ma\/?s={search_term_string}"},"query-input":{"@type":"PropertyValueSpecification","valueRequired":true,"valueName":"search_term_string"}}],"inLanguage":"en-US"},{"@type":"Organization","@id":"https:\/\/vitablanca.ma\/#organization","name":"VitaBlanca","url":"https:\/\/vitablanca.ma\/","logo":{"@type":"ImageObject","inLanguage":"en-US","@id":"https:\/\/vitablanca.ma\/#\/schema\/logo\/image\/","url":"https:\/\/vitablanca.ma\/wp-content\/uploads\/2025\/05\/cropped-vitablanca.png","contentUrl":"https:\/\/vitablanca.ma\/wp-content\/uploads\/2025\/05\/cropped-vitablanca.png","width":360,"height":67,"caption":"VitaBlanca"},"image":{"@id":"https:\/\/vitablanca.ma\/#\/schema\/logo\/image\/"},"sameAs":["https:\/\/www.facebook.com\/profile.php?id=61576678196717","https:\/\/www.tiktok.com\/@vitablanca.ma","https:\/\/www.instagram.com\/vitablanca.ma\/"]}]}},"jetpack_sharing_enabled":true,"_links":{"self":[{"href":"https:\/\/vitablanca.ma\/en\/wp-json\/wp\/v2\/product\/24266","targetHints":{"allow":["GET"]}}],"collection":[{"href":"https:\/\/vitablanca.ma\/en\/wp-json\/wp\/v2\/product"}],"about":[{"href":"https:\/\/vitablanca.ma\/en\/wp-json\/wp\/v2\/types\/product"}],"wp:featuredmedia":[{"embeddable":true,"href":"https:\/\/vitablanca.ma\/en\/wp-json\/wp\/v2\/media\/24263"}],"wp:attachment":[{"href":"https:\/\/vitablanca.ma\/en\/wp-json\/wp\/v2\/media?parent=24266"}],"wp:term":[{"taxonomy":"product_brand","embeddable":true,"href":"https:\/\/vitablanca.ma\/en\/wp-json\/wp\/v2\/product_brand?post=24266"},{"taxonomy":"product_cat","embeddable":true,"href":"https:\/\/vitablanca.ma\/en\/wp-json\/wp\/v2\/product_cat?post=24266"},{"taxonomy":"product_tag","embeddable":true,"href":"https:\/\/vitablanca.ma\/en\/wp-json\/wp\/v2\/product_tag?post=24266"}],"curies":[{"name":"wp","href":"https:\/\/api.w.org\/{rel}","templated":true}]}}