{"id":24262,"date":"2025-07-10T19:19:29","date_gmt":"2025-07-10T19:19:29","guid":{"rendered":"https:\/\/vitablanca.ma\/product\/balea-concentre-de-retinol\/"},"modified":"2025-07-13T17:26:47","modified_gmt":"2025-07-13T17:26:47","slug":"balea-concentre-de-retinol","status":"publish","type":"product","link":"https:\/\/vitablanca.ma\/en\/product\/balea-concentre-de-retinol\/","title":{"rendered":"Balea Retinol Concentrate 7 pieces \/ Capsules"},"content":{"rendered":"<p>Balea Retinol Concentrate, with its combination of retinol and bakuchiol, helps rejuvenate the skin&#039;s appearance when used regularly. Bakuchiol, a plant-derived collagen booster, also stimulates the skin&#039;s natural collagen synthesis and promotes skin regeneration. The concentrate actively combats fine lines and fine lines for smooth skin. It also provides increased firmness through improved elasticity, for a radiant and beautiful complexion.<\/p>\n<h4><strong><span lang=\"EN-US\" style=\"font-size: 11pt; line-height: 106%; font-family: Arial, sans-serif;\">Product usage advice<\/span><\/strong><\/h4>\n<p>Skin tolerance confirmed under dermatological control Unscrew or cut the cap of the capsule. Apply the concentrate with your fingertips to the face, neck and d\u00e9collet\u00e9 after cleansing. Avoid the eye and lip area. Massage in gently. Regular use (morning and evening) is recommended. The contents of the capsule are sufficient for one application.<\/p>\n<h4><strong><span style=\"font-size: 11pt; line-height: 106%; font-family: Arial, sans-serif;\"> <span lang=\"EN-US\">Warnings<\/span><\/span><\/strong><\/h4>\n<p>For external use only. Do not swallow. Keep out of reach of children. Do not get into eyes, mouth, or nose. Do not use if skin reactions occur. We recommend using products with SPF as daytime care.<\/p>\n<h4><strong><span lang=\"EN-US\" style=\"font-size: 11pt; line-height: 106%; font-family: Arial, sans-serif;\">Storage tips<\/span><\/strong><\/h4>\n<p>Store in a cool, dry place away from light.<\/p>","protected":false},"excerpt":{"rendered":"<ul>\n<li>Firming and smoothing<\/li>\n<li>Rejuvenates the appearance of the skin<\/li>\n<li>Particularly suitable for night use<\/li>\n<li>7 pieces \/ Capsules<\/li>\n<\/ul>","protected":false},"featured_media":24259,"template":"","meta":{"om_disable_all_campaigns":false},"product_brand":[3236],"product_cat":[18],"product_tag":[3237,3240,3242,3238,3239,3241],"class_list":{"0":"post-24262","1":"product","2":"type-product","3":"status-publish","4":"has-post-thumbnail","6":"product_brand-balea-dm-prix-maroc","7":"product_cat-beaute-sante","8":"product_tag-balea","9":"product_tag-balea-dm","10":"product_tag-balea-dm-maroc","11":"product_tag-balea-maroc","12":"product_tag-balea-morocco","13":"product_tag-dm-maroc","15":"first","16":"instock","17":"taxable","18":"shipping-taxable","19":"purchasable","20":"product-type-simple"},"yoast_head":"<!-- This site is optimized with the Yoast SEO plugin v27.4 - https:\/\/yoast.com\/product\/yoast-seo-wordpress\/ -->\n<title>Balea Concentr\u00e9 de r\u00e9tinol 7 pi\u00e8ces \/ Capsules - Maroc Prix<\/title>\n<meta name=\"description\" content=\"D\u00e9couvrez Balea Concentr\u00e9 de r\u00e9tinol 7 pi\u00e8ces au Maroc. Ces capsules puissantes r\u00e9duisent les rides, raffermissent la peau et stimulent .\" \/>\n<meta name=\"robots\" content=\"index, follow, max-snippet:-1, max-image-preview:large, max-video-preview:-1\" \/>\n<link rel=\"canonical\" href=\"https:\/\/vitablanca.ma\/en\/product\/balea-concentre-de-retinol\/\" \/>\n<meta property=\"og:locale\" content=\"en_US\" \/>\n<meta property=\"og:type\" content=\"article\" \/>\n<meta property=\"og:title\" content=\"Balea Concentr\u00e9 de r\u00e9tinol 7 pi\u00e8ces \/ Capsules - Maroc Prix\" \/>\n<meta property=\"og:description\" content=\"D\u00e9couvrez Balea Concentr\u00e9 de r\u00e9tinol 7 pi\u00e8ces au Maroc. Ces capsules puissantes r\u00e9duisent les rides, raffermissent la peau et stimulent .\" \/>\n<meta property=\"og:url\" content=\"https:\/\/vitablanca.ma\/en\/product\/balea-concentre-de-retinol\/\" \/>\n<meta property=\"og:site_name\" content=\"Vitablanca.ma &ndash; Sant&eacute;, vitalit&eacute; et bien-&ecirc;tre pour tous les Marocains\" \/>\n<meta property=\"article:publisher\" content=\"https:\/\/www.facebook.com\/profile.php?id=61576678196717\" \/>\n<meta property=\"article:modified_time\" content=\"2025-07-13T17:26:47+00:00\" \/>\n<meta property=\"og:image\" content=\"https:\/\/vitablanca.ma\/wp-content\/uploads\/2025\/07\/konzentrat-retinolssss.jpg\" \/>\n\t<meta property=\"og:image:width\" content=\"1200\" \/>\n\t<meta property=\"og:image:height\" content=\"1200\" \/>\n\t<meta property=\"og:image:type\" content=\"image\/jpeg\" \/>\n<meta name=\"twitter:card\" content=\"summary_large_image\" \/>\n<meta name=\"twitter:label1\" content=\"Est. reading time\" \/>\n\t<meta name=\"twitter:data1\" content=\"2 minutes\" \/>\n<script type=\"application\/ld+json\" class=\"yoast-schema-graph\">{\"@context\":\"https:\\\/\\\/schema.org\",\"@graph\":[{\"@type\":[\"WebPage\",\"ItemPage\"],\"@id\":\"https:\\\/\\\/vitablanca.ma\\\/en\\\/product\\\/balea-concentre-de-retinol\\\/\",\"url\":\"https:\\\/\\\/vitablanca.ma\\\/en\\\/product\\\/balea-concentre-de-retinol\\\/\",\"name\":\"Balea Concentr\u00e9 de r\u00e9tinol 7 pi\u00e8ces \\\/ Capsules - Maroc Prix\",\"isPartOf\":{\"@id\":\"https:\\\/\\\/vitablanca.ma\\\/#website\"},\"primaryImageOfPage\":{\"@id\":\"https:\\\/\\\/vitablanca.ma\\\/en\\\/product\\\/balea-concentre-de-retinol\\\/#primaryimage\"},\"image\":{\"@id\":\"https:\\\/\\\/vitablanca.ma\\\/en\\\/product\\\/balea-concentre-de-retinol\\\/#primaryimage\"},\"thumbnailUrl\":\"https:\\\/\\\/vitablanca.ma\\\/wp-content\\\/uploads\\\/2025\\\/07\\\/konzentrat-retinolssss.jpg\",\"datePublished\":\"2025-07-10T19:19:29+00:00\",\"dateModified\":\"2025-07-13T17:26:47+00:00\",\"description\":\"D\u00e9couvrez Balea Concentr\u00e9 de r\u00e9tinol 7 pi\u00e8ces au Maroc. Ces capsules puissantes r\u00e9duisent les rides, raffermissent la peau et stimulent .\",\"breadcrumb\":{\"@id\":\"https:\\\/\\\/vitablanca.ma\\\/en\\\/product\\\/balea-concentre-de-retinol\\\/#breadcrumb\"},\"inLanguage\":\"en-US\",\"potentialAction\":[{\"@type\":\"ReadAction\",\"target\":[\"https:\\\/\\\/vitablanca.ma\\\/en\\\/product\\\/balea-concentre-de-retinol\\\/\"]}]},{\"@type\":\"ImageObject\",\"inLanguage\":\"en-US\",\"@id\":\"https:\\\/\\\/vitablanca.ma\\\/en\\\/product\\\/balea-concentre-de-retinol\\\/#primaryimage\",\"url\":\"https:\\\/\\\/vitablanca.ma\\\/wp-content\\\/uploads\\\/2025\\\/07\\\/konzentrat-retinolssss.jpg\",\"contentUrl\":\"https:\\\/\\\/vitablanca.ma\\\/wp-content\\\/uploads\\\/2025\\\/07\\\/konzentrat-retinolssss.jpg\",\"width\":1200,\"height\":1200},{\"@type\":\"BreadcrumbList\",\"@id\":\"https:\\\/\\\/vitablanca.ma\\\/en\\\/product\\\/balea-concentre-de-retinol\\\/#breadcrumb\",\"itemListElement\":[{\"@type\":\"ListItem\",\"position\":1,\"name\":\"Home\",\"item\":\"https:\\\/\\\/vitablanca.ma\\\/\"},{\"@type\":\"ListItem\",\"position\":2,\"name\":\"Tous Les Produits\",\"item\":\"https:\\\/\\\/vitablanca.ma\\\/tous-les-produits\\\/\"},{\"@type\":\"ListItem\",\"position\":3,\"name\":\"Balea Concentr\u00e9 de r\u00e9tinol 7 pi\u00e8ces \\\/ Capsules\"}]},{\"@type\":\"WebSite\",\"@id\":\"https:\\\/\\\/vitablanca.ma\\\/#website\",\"url\":\"https:\\\/\\\/vitablanca.ma\\\/\",\"name\":\"VitaBlanca.ma | Compl\u00e9ments alimentaires, sant\u00e9 & beaut\u00e9 au Maroc\",\"description\":\"vendre vitamines et compl\u00e9ments premium des USA &amp; Canada, Nouvelle Z\u00e9lande,Maroc (NOW Foods, Solgar, Manuka). Livraison rapide partout au Maroc.\",\"publisher\":{\"@id\":\"https:\\\/\\\/vitablanca.ma\\\/#organization\"},\"alternateName\":\"VitaBlanca.ma\",\"potentialAction\":[{\"@type\":\"SearchAction\",\"target\":{\"@type\":\"EntryPoint\",\"urlTemplate\":\"https:\\\/\\\/vitablanca.ma\\\/?s={search_term_string}\"},\"query-input\":{\"@type\":\"PropertyValueSpecification\",\"valueRequired\":true,\"valueName\":\"search_term_string\"}}],\"inLanguage\":\"en-US\"},{\"@type\":\"Organization\",\"@id\":\"https:\\\/\\\/vitablanca.ma\\\/#organization\",\"name\":\"VitaBlanca\",\"url\":\"https:\\\/\\\/vitablanca.ma\\\/\",\"logo\":{\"@type\":\"ImageObject\",\"inLanguage\":\"en-US\",\"@id\":\"https:\\\/\\\/vitablanca.ma\\\/#\\\/schema\\\/logo\\\/image\\\/\",\"url\":\"https:\\\/\\\/vitablanca.ma\\\/wp-content\\\/uploads\\\/2025\\\/05\\\/cropped-vitablanca.png\",\"contentUrl\":\"https:\\\/\\\/vitablanca.ma\\\/wp-content\\\/uploads\\\/2025\\\/05\\\/cropped-vitablanca.png\",\"width\":360,\"height\":67,\"caption\":\"VitaBlanca\"},\"image\":{\"@id\":\"https:\\\/\\\/vitablanca.ma\\\/#\\\/schema\\\/logo\\\/image\\\/\"},\"sameAs\":[\"https:\\\/\\\/www.facebook.com\\\/profile.php?id=61576678196717\",\"https:\\\/\\\/www.tiktok.com\\\/@vitablanca.ma\",\"https:\\\/\\\/www.instagram.com\\\/vitablanca.ma\\\/\"]}]}<\/script>\n<!-- \/ Yoast SEO plugin. -->","yoast_head_json":{"title":"Balea Retinol Concentrate 7 Capsules - Morocco Price","description":"Discover Balea Retinol Concentrate 7 pieces in Morocco. These powerful capsules reduce wrinkles, firm skin and stimulate .","robots":{"index":"index","follow":"follow","max-snippet":"max-snippet:-1","max-image-preview":"max-image-preview:large","max-video-preview":"max-video-preview:-1"},"canonical":"https:\/\/vitablanca.ma\/en\/product\/balea-concentre-de-retinol\/","og_locale":"en_US","og_type":"article","og_title":"Balea Concentr\u00e9 de r\u00e9tinol 7 pi\u00e8ces \/ Capsules - Maroc Prix","og_description":"D\u00e9couvrez Balea Concentr\u00e9 de r\u00e9tinol 7 pi\u00e8ces au Maroc. Ces capsules puissantes r\u00e9duisent les rides, raffermissent la peau et stimulent .","og_url":"https:\/\/vitablanca.ma\/en\/product\/balea-concentre-de-retinol\/","og_site_name":"Vitablanca.ma &ndash; Sant&eacute;, vitalit&eacute; et bien-&ecirc;tre pour tous les Marocains","article_publisher":"https:\/\/www.facebook.com\/profile.php?id=61576678196717","article_modified_time":"2025-07-13T17:26:47+00:00","og_image":[{"width":1200,"height":1200,"url":"https:\/\/vitablanca.ma\/wp-content\/uploads\/2025\/07\/konzentrat-retinolssss.jpg","type":"image\/jpeg"}],"twitter_card":"summary_large_image","twitter_misc":{"Est. reading time":"2 minutes"},"schema":{"@context":"https:\/\/schema.org","@graph":[{"@type":["WebPage","ItemPage"],"@id":"https:\/\/vitablanca.ma\/en\/product\/balea-concentre-de-retinol\/","url":"https:\/\/vitablanca.ma\/en\/product\/balea-concentre-de-retinol\/","name":"Balea Retinol Concentrate 7 Capsules - Morocco Price","isPartOf":{"@id":"https:\/\/vitablanca.ma\/#website"},"primaryImageOfPage":{"@id":"https:\/\/vitablanca.ma\/en\/product\/balea-concentre-de-retinol\/#primaryimage"},"image":{"@id":"https:\/\/vitablanca.ma\/en\/product\/balea-concentre-de-retinol\/#primaryimage"},"thumbnailUrl":"https:\/\/vitablanca.ma\/wp-content\/uploads\/2025\/07\/konzentrat-retinolssss.jpg","datePublished":"2025-07-10T19:19:29+00:00","dateModified":"2025-07-13T17:26:47+00:00","description":"Discover Balea Retinol Concentrate 7 pieces in Morocco. These powerful capsules reduce wrinkles, firm skin and stimulate .","breadcrumb":{"@id":"https:\/\/vitablanca.ma\/en\/product\/balea-concentre-de-retinol\/#breadcrumb"},"inLanguage":"en-US","potentialAction":[{"@type":"ReadAction","target":["https:\/\/vitablanca.ma\/en\/product\/balea-concentre-de-retinol\/"]}]},{"@type":"ImageObject","inLanguage":"en-US","@id":"https:\/\/vitablanca.ma\/en\/product\/balea-concentre-de-retinol\/#primaryimage","url":"https:\/\/vitablanca.ma\/wp-content\/uploads\/2025\/07\/konzentrat-retinolssss.jpg","contentUrl":"https:\/\/vitablanca.ma\/wp-content\/uploads\/2025\/07\/konzentrat-retinolssss.jpg","width":1200,"height":1200},{"@type":"BreadcrumbList","@id":"https:\/\/vitablanca.ma\/en\/product\/balea-concentre-de-retinol\/#breadcrumb","itemListElement":[{"@type":"ListItem","position":1,"name":"Home","item":"https:\/\/vitablanca.ma\/"},{"@type":"ListItem","position":2,"name":"Tous Les Produits","item":"https:\/\/vitablanca.ma\/tous-les-produits\/"},{"@type":"ListItem","position":3,"name":"Balea Concentr\u00e9 de r\u00e9tinol 7 pi\u00e8ces \/ Capsules"}]},{"@type":"WebSite","@id":"https:\/\/vitablanca.ma\/#website","url":"https:\/\/vitablanca.ma\/","name":"VitaBlanca.ma | Food supplements, health &amp; beauty in Morocco","description":"sell premium vitamins and supplements from USA &amp; Canada, New Zealand, Morocco (NOW Foods, Solgar, Manuka). Fast delivery anywhere in Morocco.","publisher":{"@id":"https:\/\/vitablanca.ma\/#organization"},"alternateName":"VitaBlanca.ma","potentialAction":[{"@type":"SearchAction","target":{"@type":"EntryPoint","urlTemplate":"https:\/\/vitablanca.ma\/?s={search_term_string}"},"query-input":{"@type":"PropertyValueSpecification","valueRequired":true,"valueName":"search_term_string"}}],"inLanguage":"en-US"},{"@type":"Organization","@id":"https:\/\/vitablanca.ma\/#organization","name":"VitaBlanca","url":"https:\/\/vitablanca.ma\/","logo":{"@type":"ImageObject","inLanguage":"en-US","@id":"https:\/\/vitablanca.ma\/#\/schema\/logo\/image\/","url":"https:\/\/vitablanca.ma\/wp-content\/uploads\/2025\/05\/cropped-vitablanca.png","contentUrl":"https:\/\/vitablanca.ma\/wp-content\/uploads\/2025\/05\/cropped-vitablanca.png","width":360,"height":67,"caption":"VitaBlanca"},"image":{"@id":"https:\/\/vitablanca.ma\/#\/schema\/logo\/image\/"},"sameAs":["https:\/\/www.facebook.com\/profile.php?id=61576678196717","https:\/\/www.tiktok.com\/@vitablanca.ma","https:\/\/www.instagram.com\/vitablanca.ma\/"]}]}},"jetpack_sharing_enabled":true,"_links":{"self":[{"href":"https:\/\/vitablanca.ma\/en\/wp-json\/wp\/v2\/product\/24262","targetHints":{"allow":["GET"]}}],"collection":[{"href":"https:\/\/vitablanca.ma\/en\/wp-json\/wp\/v2\/product"}],"about":[{"href":"https:\/\/vitablanca.ma\/en\/wp-json\/wp\/v2\/types\/product"}],"wp:featuredmedia":[{"embeddable":true,"href":"https:\/\/vitablanca.ma\/en\/wp-json\/wp\/v2\/media\/24259"}],"wp:attachment":[{"href":"https:\/\/vitablanca.ma\/en\/wp-json\/wp\/v2\/media?parent=24262"}],"wp:term":[{"taxonomy":"product_brand","embeddable":true,"href":"https:\/\/vitablanca.ma\/en\/wp-json\/wp\/v2\/product_brand?post=24262"},{"taxonomy":"product_cat","embeddable":true,"href":"https:\/\/vitablanca.ma\/en\/wp-json\/wp\/v2\/product_cat?post=24262"},{"taxonomy":"product_tag","embeddable":true,"href":"https:\/\/vitablanca.ma\/en\/wp-json\/wp\/v2\/product_tag?post=24262"}],"curies":[{"name":"wp","href":"https:\/\/api.w.org\/{rel}","templated":true}]}}