{"id":24258,"date":"2025-07-10T19:19:13","date_gmt":"2025-07-10T19:19:13","guid":{"rendered":"https:\/\/vitablanca.ma\/product\/balea-concentre-anti-rides\/"},"modified":"2025-08-20T22:00:47","modified_gmt":"2025-08-20T22:00:47","slug":"balea-concentre-anti-rides","status":"publish","type":"product","link":"https:\/\/vitablanca.ma\/en\/product\/balea-concentre-anti-rides\/","title":{"rendered":"Balea Anti-wrinkle concentrate Q10, 7 pieces"},"content":{"rendered":"<h3><strong data-end=\"185\" data-start=\"124\">Visibly reduce wrinkles in just a few applications!<\/strong> \u2728<\/h3>\n<ul>\n<li>Smoothing<\/li>\n<li>Reduces the depth of wrinkles<\/li>\n<li>Firmer facial features<\/li>\n<li>Younger appearance<\/li>\n<li>7 pieces \/ capsule shape<\/li>\n<\/ul>\n<h4><strong><span lang=\"EN-US\" style=\"font-size: 11pt; line-height: 106%; font-family: Arial, sans-serif;\">\u00a0Product Description <\/span><\/strong><\/h4>\n<p>Comforting special care with active effectiveness: Balea Q10 Anti-Wrinkle Concentrate with Q10 and ginseng extract reduces the depth of wrinkles, increases skin elasticity and firmness. With regular and long-term use, the skin appears smoother and younger. Vitamin E has antioxidant properties and thus supports the skin&#039;s protection against UV-related environmental influences. Shambrilla oil is also absorbed very quickly and leaves the skin feeling silky soft.<\/p>\n<h4><strong><span lang=\"EN-US\" style=\"font-size: 11pt; line-height: 106%; font-family: Arial, sans-serif;\">\u00a0Directions for use <\/span><\/strong><\/h4>\n<p>Skin tolerance confirmed under dermatological control Unscrew or cut the cap of the capsule. Apply the concentrate to the face, neck and d\u00e9collet\u00e9 after cleansing, using your fingertips. Massage in gently. Regular use (morning and evening) is recommended. The contents of the capsule are sufficient for one application.<\/p>\n<h4><strong><span style=\"font-size: 11pt; line-height: 106%; font-family: Arial, sans-serif;\"><span lang=\"EN-US\">Warnings <\/span><\/span><\/strong><\/h4>\n<p>For external use only. Do not swallow. Keep out of reach of children. Do not get into eyes, mouth, or nose. Do not use if skin reactions occur. We recommend using products with SPF as daytime care.<\/p>\n<h4><strong><span lang=\"EN-US\" style=\"font-size: 11pt; line-height: 106%; font-family: Arial, sans-serif;\">\u00a0Storage tips <\/span><\/strong><\/h4>\n<p>Store in a cool, dry place away from light.<\/p>","protected":false},"excerpt":{"rendered":"<p>R\u00e9duisez visiblement les rides en quelques applications ! \u2728 Lissage R\u00e9duit la profondeur des rides Caract\u00e9ristiques faciales plus fermes Apparence plus jeune 7 pi\u00e8ces \/ forme capsules \u00a0Description du produit Soin sp\u00e9cial r\u00e9confortant \u00e0 l&rsquo;efficacit\u00e9 active : Le concentr\u00e9 anti-rides Balea Q10 avec du Q10 et de l&rsquo;extrait de ginseng r\u00e9duit la profondeur des rides, [&hellip;]<\/p>\n","protected":false},"featured_media":24255,"template":"","meta":{"om_disable_all_campaigns":false},"product_brand":[3236],"product_cat":[18],"product_tag":[3237,3240,3242,3238,3239,3241],"class_list":{"0":"post-24258","1":"product","2":"type-product","3":"status-publish","4":"has-post-thumbnail","6":"product_brand-balea-dm-prix-maroc","7":"product_cat-beaute-sante","8":"product_tag-balea","9":"product_tag-balea-dm","10":"product_tag-balea-dm-maroc","11":"product_tag-balea-maroc","12":"product_tag-balea-morocco","13":"product_tag-dm-maroc","15":"first","16":"instock","17":"taxable","18":"shipping-taxable","19":"purchasable","20":"product-type-simple"},"yoast_head":"<!-- This site is optimized with the Yoast SEO plugin v27.4 - https:\/\/yoast.com\/product\/yoast-seo-wordpress\/ -->\n<title>Balea Concentr\u00e9 anti rides Q10, 7 pi\u00e8ces - Maroc Prix<\/title>\n<meta name=\"description\" content=\"D\u00e9couvrez le concentr\u00e9 anti-rides Balea 7 pi\u00e8ces au Maroc. Ces capsules lissent la peau, r\u00e9duisent les rides et boostent l&#039;\u00e9lasticit\u00e9. Pour une peau\" \/>\n<meta name=\"robots\" content=\"index, follow, max-snippet:-1, max-image-preview:large, max-video-preview:-1\" \/>\n<link rel=\"canonical\" href=\"https:\/\/vitablanca.ma\/en\/product\/balea-concentre-anti-rides\/\" \/>\n<meta property=\"og:locale\" content=\"en_US\" \/>\n<meta property=\"og:type\" content=\"article\" \/>\n<meta property=\"og:title\" content=\"Balea Concentr\u00e9 anti rides Q10, 7 pi\u00e8ces - Maroc Prix\" \/>\n<meta property=\"og:description\" content=\"D\u00e9couvrez le concentr\u00e9 anti-rides Balea 7 pi\u00e8ces au Maroc. Ces capsules lissent la peau, r\u00e9duisent les rides et boostent l&#039;\u00e9lasticit\u00e9. Pour une peau\" \/>\n<meta property=\"og:url\" content=\"https:\/\/vitablanca.ma\/en\/product\/balea-concentre-anti-rides\/\" \/>\n<meta property=\"og:site_name\" content=\"Vitablanca.ma &ndash; Sant&eacute;, vitalit&eacute; et bien-&ecirc;tre pour tous les Marocains\" \/>\n<meta property=\"article:publisher\" content=\"https:\/\/www.facebook.com\/profile.php?id=61576678196717\" \/>\n<meta property=\"article:modified_time\" content=\"2025-08-20T22:00:47+00:00\" \/>\n<meta property=\"og:image\" content=\"https:\/\/vitablanca.ma\/wp-content\/uploads\/2025\/07\/konzentrat-q10-anti-falten.jpg\" \/>\n\t<meta property=\"og:image:width\" content=\"1202\" \/>\n\t<meta property=\"og:image:height\" content=\"1200\" \/>\n\t<meta property=\"og:image:type\" content=\"image\/jpeg\" \/>\n<meta name=\"twitter:card\" content=\"summary_large_image\" \/>\n<meta name=\"twitter:label1\" content=\"Est. reading time\" \/>\n\t<meta name=\"twitter:data1\" content=\"2 minutes\" \/>\n<script type=\"application\/ld+json\" class=\"yoast-schema-graph\">{\"@context\":\"https:\\\/\\\/schema.org\",\"@graph\":[{\"@type\":[\"WebPage\",\"ItemPage\"],\"@id\":\"https:\\\/\\\/vitablanca.ma\\\/en\\\/product\\\/balea-concentre-anti-rides\\\/\",\"url\":\"https:\\\/\\\/vitablanca.ma\\\/en\\\/product\\\/balea-concentre-anti-rides\\\/\",\"name\":\"Balea Concentr\u00e9 anti rides Q10, 7 pi\u00e8ces - Maroc Prix\",\"isPartOf\":{\"@id\":\"https:\\\/\\\/vitablanca.ma\\\/#website\"},\"primaryImageOfPage\":{\"@id\":\"https:\\\/\\\/vitablanca.ma\\\/en\\\/product\\\/balea-concentre-anti-rides\\\/#primaryimage\"},\"image\":{\"@id\":\"https:\\\/\\\/vitablanca.ma\\\/en\\\/product\\\/balea-concentre-anti-rides\\\/#primaryimage\"},\"thumbnailUrl\":\"https:\\\/\\\/vitablanca.ma\\\/wp-content\\\/uploads\\\/2025\\\/07\\\/konzentrat-q10-anti-falten.jpg\",\"datePublished\":\"2025-07-10T19:19:13+00:00\",\"dateModified\":\"2025-08-20T22:00:47+00:00\",\"description\":\"D\u00e9couvrez le concentr\u00e9 anti-rides Balea 7 pi\u00e8ces au Maroc. Ces capsules lissent la peau, r\u00e9duisent les rides et boostent l'\u00e9lasticit\u00e9. Pour une peau\",\"breadcrumb\":{\"@id\":\"https:\\\/\\\/vitablanca.ma\\\/en\\\/product\\\/balea-concentre-anti-rides\\\/#breadcrumb\"},\"inLanguage\":\"en-US\",\"potentialAction\":[{\"@type\":\"ReadAction\",\"target\":[\"https:\\\/\\\/vitablanca.ma\\\/en\\\/product\\\/balea-concentre-anti-rides\\\/\"]}]},{\"@type\":\"ImageObject\",\"inLanguage\":\"en-US\",\"@id\":\"https:\\\/\\\/vitablanca.ma\\\/en\\\/product\\\/balea-concentre-anti-rides\\\/#primaryimage\",\"url\":\"https:\\\/\\\/vitablanca.ma\\\/wp-content\\\/uploads\\\/2025\\\/07\\\/konzentrat-q10-anti-falten.jpg\",\"contentUrl\":\"https:\\\/\\\/vitablanca.ma\\\/wp-content\\\/uploads\\\/2025\\\/07\\\/konzentrat-q10-anti-falten.jpg\",\"width\":1202,\"height\":1200},{\"@type\":\"BreadcrumbList\",\"@id\":\"https:\\\/\\\/vitablanca.ma\\\/en\\\/product\\\/balea-concentre-anti-rides\\\/#breadcrumb\",\"itemListElement\":[{\"@type\":\"ListItem\",\"position\":1,\"name\":\"Home\",\"item\":\"https:\\\/\\\/vitablanca.ma\\\/\"},{\"@type\":\"ListItem\",\"position\":2,\"name\":\"Tous Les Produits\",\"item\":\"https:\\\/\\\/vitablanca.ma\\\/tous-les-produits\\\/\"},{\"@type\":\"ListItem\",\"position\":3,\"name\":\"Balea Concentr\u00e9 anti rides Q10, 7 pi\u00e8ces\"}]},{\"@type\":\"WebSite\",\"@id\":\"https:\\\/\\\/vitablanca.ma\\\/#website\",\"url\":\"https:\\\/\\\/vitablanca.ma\\\/\",\"name\":\"VitaBlanca.ma | Compl\u00e9ments alimentaires, sant\u00e9 & beaut\u00e9 au Maroc\",\"description\":\"vendre vitamines et compl\u00e9ments premium des USA &amp; Canada, Nouvelle Z\u00e9lande,Maroc (NOW Foods, Solgar, Manuka). Livraison rapide partout au Maroc.\",\"publisher\":{\"@id\":\"https:\\\/\\\/vitablanca.ma\\\/#organization\"},\"alternateName\":\"VitaBlanca.ma\",\"potentialAction\":[{\"@type\":\"SearchAction\",\"target\":{\"@type\":\"EntryPoint\",\"urlTemplate\":\"https:\\\/\\\/vitablanca.ma\\\/?s={search_term_string}\"},\"query-input\":{\"@type\":\"PropertyValueSpecification\",\"valueRequired\":true,\"valueName\":\"search_term_string\"}}],\"inLanguage\":\"en-US\"},{\"@type\":\"Organization\",\"@id\":\"https:\\\/\\\/vitablanca.ma\\\/#organization\",\"name\":\"VitaBlanca\",\"url\":\"https:\\\/\\\/vitablanca.ma\\\/\",\"logo\":{\"@type\":\"ImageObject\",\"inLanguage\":\"en-US\",\"@id\":\"https:\\\/\\\/vitablanca.ma\\\/#\\\/schema\\\/logo\\\/image\\\/\",\"url\":\"https:\\\/\\\/vitablanca.ma\\\/wp-content\\\/uploads\\\/2025\\\/05\\\/cropped-vitablanca.png\",\"contentUrl\":\"https:\\\/\\\/vitablanca.ma\\\/wp-content\\\/uploads\\\/2025\\\/05\\\/cropped-vitablanca.png\",\"width\":360,\"height\":67,\"caption\":\"VitaBlanca\"},\"image\":{\"@id\":\"https:\\\/\\\/vitablanca.ma\\\/#\\\/schema\\\/logo\\\/image\\\/\"},\"sameAs\":[\"https:\\\/\\\/www.facebook.com\\\/profile.php?id=61576678196717\",\"https:\\\/\\\/www.tiktok.com\\\/@vitablanca.ma\",\"https:\\\/\\\/www.instagram.com\\\/vitablanca.ma\\\/\"]}]}<\/script>\n<!-- \/ Yoast SEO plugin. -->","yoast_head_json":{"title":"Balea Q10 Anti-Wrinkle Concentrate, 7 pieces - Morocco Price","description":"Discover the Balea 7-piece anti-wrinkle concentrate in Morocco. These capsules smooth the skin, reduce wrinkles and boost elasticity. For skin","robots":{"index":"index","follow":"follow","max-snippet":"max-snippet:-1","max-image-preview":"max-image-preview:large","max-video-preview":"max-video-preview:-1"},"canonical":"https:\/\/vitablanca.ma\/en\/product\/balea-concentre-anti-rides\/","og_locale":"en_US","og_type":"article","og_title":"Balea Concentr\u00e9 anti rides Q10, 7 pi\u00e8ces - Maroc Prix","og_description":"D\u00e9couvrez le concentr\u00e9 anti-rides Balea 7 pi\u00e8ces au Maroc. Ces capsules lissent la peau, r\u00e9duisent les rides et boostent l'\u00e9lasticit\u00e9. Pour une peau","og_url":"https:\/\/vitablanca.ma\/en\/product\/balea-concentre-anti-rides\/","og_site_name":"Vitablanca.ma &ndash; Sant&eacute;, vitalit&eacute; et bien-&ecirc;tre pour tous les Marocains","article_publisher":"https:\/\/www.facebook.com\/profile.php?id=61576678196717","article_modified_time":"2025-08-20T22:00:47+00:00","og_image":[{"width":1202,"height":1200,"url":"https:\/\/vitablanca.ma\/wp-content\/uploads\/2025\/07\/konzentrat-q10-anti-falten.jpg","type":"image\/jpeg"}],"twitter_card":"summary_large_image","twitter_misc":{"Est. reading time":"2 minutes"},"schema":{"@context":"https:\/\/schema.org","@graph":[{"@type":["WebPage","ItemPage"],"@id":"https:\/\/vitablanca.ma\/en\/product\/balea-concentre-anti-rides\/","url":"https:\/\/vitablanca.ma\/en\/product\/balea-concentre-anti-rides\/","name":"Balea Q10 Anti-Wrinkle Concentrate, 7 pieces - Morocco Price","isPartOf":{"@id":"https:\/\/vitablanca.ma\/#website"},"primaryImageOfPage":{"@id":"https:\/\/vitablanca.ma\/en\/product\/balea-concentre-anti-rides\/#primaryimage"},"image":{"@id":"https:\/\/vitablanca.ma\/en\/product\/balea-concentre-anti-rides\/#primaryimage"},"thumbnailUrl":"https:\/\/vitablanca.ma\/wp-content\/uploads\/2025\/07\/konzentrat-q10-anti-falten.jpg","datePublished":"2025-07-10T19:19:13+00:00","dateModified":"2025-08-20T22:00:47+00:00","description":"Discover the Balea 7-piece anti-wrinkle concentrate in Morocco. These capsules smooth the skin, reduce wrinkles and boost elasticity. For skin","breadcrumb":{"@id":"https:\/\/vitablanca.ma\/en\/product\/balea-concentre-anti-rides\/#breadcrumb"},"inLanguage":"en-US","potentialAction":[{"@type":"ReadAction","target":["https:\/\/vitablanca.ma\/en\/product\/balea-concentre-anti-rides\/"]}]},{"@type":"ImageObject","inLanguage":"en-US","@id":"https:\/\/vitablanca.ma\/en\/product\/balea-concentre-anti-rides\/#primaryimage","url":"https:\/\/vitablanca.ma\/wp-content\/uploads\/2025\/07\/konzentrat-q10-anti-falten.jpg","contentUrl":"https:\/\/vitablanca.ma\/wp-content\/uploads\/2025\/07\/konzentrat-q10-anti-falten.jpg","width":1202,"height":1200},{"@type":"BreadcrumbList","@id":"https:\/\/vitablanca.ma\/en\/product\/balea-concentre-anti-rides\/#breadcrumb","itemListElement":[{"@type":"ListItem","position":1,"name":"Home","item":"https:\/\/vitablanca.ma\/"},{"@type":"ListItem","position":2,"name":"Tous Les Produits","item":"https:\/\/vitablanca.ma\/tous-les-produits\/"},{"@type":"ListItem","position":3,"name":"Balea Concentr\u00e9 anti rides Q10, 7 pi\u00e8ces"}]},{"@type":"WebSite","@id":"https:\/\/vitablanca.ma\/#website","url":"https:\/\/vitablanca.ma\/","name":"VitaBlanca.ma | Food supplements, health &amp; beauty in Morocco","description":"sell premium vitamins and supplements from USA &amp; Canada, New Zealand, Morocco (NOW Foods, Solgar, Manuka). Fast delivery anywhere in Morocco.","publisher":{"@id":"https:\/\/vitablanca.ma\/#organization"},"alternateName":"VitaBlanca.ma","potentialAction":[{"@type":"SearchAction","target":{"@type":"EntryPoint","urlTemplate":"https:\/\/vitablanca.ma\/?s={search_term_string}"},"query-input":{"@type":"PropertyValueSpecification","valueRequired":true,"valueName":"search_term_string"}}],"inLanguage":"en-US"},{"@type":"Organization","@id":"https:\/\/vitablanca.ma\/#organization","name":"VitaBlanca","url":"https:\/\/vitablanca.ma\/","logo":{"@type":"ImageObject","inLanguage":"en-US","@id":"https:\/\/vitablanca.ma\/#\/schema\/logo\/image\/","url":"https:\/\/vitablanca.ma\/wp-content\/uploads\/2025\/05\/cropped-vitablanca.png","contentUrl":"https:\/\/vitablanca.ma\/wp-content\/uploads\/2025\/05\/cropped-vitablanca.png","width":360,"height":67,"caption":"VitaBlanca"},"image":{"@id":"https:\/\/vitablanca.ma\/#\/schema\/logo\/image\/"},"sameAs":["https:\/\/www.facebook.com\/profile.php?id=61576678196717","https:\/\/www.tiktok.com\/@vitablanca.ma","https:\/\/www.instagram.com\/vitablanca.ma\/"]}]}},"jetpack_sharing_enabled":true,"_links":{"self":[{"href":"https:\/\/vitablanca.ma\/en\/wp-json\/wp\/v2\/product\/24258","targetHints":{"allow":["GET"]}}],"collection":[{"href":"https:\/\/vitablanca.ma\/en\/wp-json\/wp\/v2\/product"}],"about":[{"href":"https:\/\/vitablanca.ma\/en\/wp-json\/wp\/v2\/types\/product"}],"wp:featuredmedia":[{"embeddable":true,"href":"https:\/\/vitablanca.ma\/en\/wp-json\/wp\/v2\/media\/24255"}],"wp:attachment":[{"href":"https:\/\/vitablanca.ma\/en\/wp-json\/wp\/v2\/media?parent=24258"}],"wp:term":[{"taxonomy":"product_brand","embeddable":true,"href":"https:\/\/vitablanca.ma\/en\/wp-json\/wp\/v2\/product_brand?post=24258"},{"taxonomy":"product_cat","embeddable":true,"href":"https:\/\/vitablanca.ma\/en\/wp-json\/wp\/v2\/product_cat?post=24258"},{"taxonomy":"product_tag","embeddable":true,"href":"https:\/\/vitablanca.ma\/en\/wp-json\/wp\/v2\/product_tag?post=24258"}],"curies":[{"name":"wp","href":"https:\/\/api.w.org\/{rel}","templated":true}]}}