{"id":24254,"date":"2025-07-10T19:18:37","date_gmt":"2025-07-10T19:18:37","guid":{"rendered":"https:\/\/vitablanca.ma\/product\/mivolis-fer-vitamine-c-en-comprimes\/"},"modified":"2025-08-30T20:55:35","modified_gmt":"2025-08-30T20:55:35","slug":"mivolis-fer-vitamine-c-en-comprimes","status":"publish","type":"product","link":"https:\/\/vitablanca.ma\/en\/product\/mivolis-fer-vitamine-c-en-comprimes\/","title":{"rendered":"Balea Mivolis Iron + Vitamin C tablets"},"content":{"rendered":"<h3>Iron and vitamin C: the perfect combination for your well-being \ud83d\udc9b\ud83c\udf4a<\/h3>\n<ul>\n<li>Effervescent iron and vitamin C tablets<\/li>\n<li>Iron contributes to normal energy-yielding metabolism<\/li>\n<li>No added sugar<\/li>\n<li>Blackcurrant flavor<\/li>\n<\/ul>\n<h4><strong><span style=\"font-size: 11pt;line-height: 106%;font-family: 'Segoe UI Emoji', sans-serif\">\ud83d\udccc<\/span><span style=\"font-size: 11pt;line-height: 106%;font-family: Arial, sans-serif\" lang=\"EN-US\"> Product Description<\/span><\/strong><\/h4>\n<p>Iron contributes to normal red blood cell and hemoglobin formation, normal energy-yielding metabolism, and the reduction of tiredness and fatigue. Increased requirements may arise due to specific dietary habits or life situations.<\/p>\n<h4><strong><span style=\"font-size: 11pt;line-height: 106%;font-family: 'Segoe UI Emoji', sans-serif\">\ud83d\udca1<\/span><span style=\"font-size: 11pt;line-height: 106%;font-family: Arial, sans-serif\" lang=\"EN-US\"> Product usage advice<\/span><\/strong><\/h4>\n<p>Dissolve one effervescent tablet daily in a glass of water (200 ml) \u2013 refreshing and tastes good. If you have an increased need for iron, take two effervescent tablets spread out over the day. Do not exceed the daily intake. Men, postmenopausal women, and pregnant women should only take iron-containing food supplements after consulting their doctor. Food supplements should not be used as a substitute for a varied and balanced diet and a healthy lifestyle.<\/p>\n<h4><strong><span style=\"font-size: 11pt;line-height: 106%;font-family: 'Segoe UI Emoji', sans-serif\">\ud83d\udce6<\/span><span style=\"font-size: 11pt;line-height: 106%;font-family: Arial, sans-serif\" lang=\"EN-US\"> Storage tips<\/span><\/strong><\/h4>\n<p>Keep out of reach of young children. Store below 25\u00b0C, closed and dry.<\/p>","protected":false},"excerpt":{"rendered":"<p>Fer et vitamine C : l\u2019alliance parfaite pour votre bien-\u00eatre \ud83d\udc9b\ud83c\udf4a Comprim\u00e9s effervescents de fer et de vitamine C Le fer contribue au m\u00e9tabolisme \u00e9nerg\u00e9tique normal Sans sucre ajout\u00e9 Saveur de cassis \ud83d\udccc Description du produit Le fer contribue \u00e0 la formation normale de globules rouges et d&rsquo;h\u00e9moglobine, au m\u00e9tabolisme \u00e9nerg\u00e9tique normal et \u00e0 la [&hellip;]<\/p>\n","protected":false},"featured_media":24245,"template":"","meta":{"om_disable_all_campaigns":false},"product_brand":[3236,3246],"product_cat":[18,3366,440,130],"product_tag":[3237,3240,3242,3238,3239,3241,3268,3269,3270,470],"class_list":{"0":"post-24254","1":"product","2":"type-product","3":"status-publish","4":"has-post-thumbnail","6":"product_brand-balea-dm-prix-maroc","7":"product_brand-balea-mivolis-prix-maroc-omplements-alimentaires","8":"product_cat-beaute-sante","9":"product_cat-complements-alimentaires-au-maroc-vitablanca","10":"product_cat-vitamine-c","11":"product_cat-vitamines","12":"product_tag-balea","13":"product_tag-balea-dm","14":"product_tag-balea-dm-maroc","15":"product_tag-balea-maroc","16":"product_tag-balea-morocco","17":"product_tag-dm-maroc","18":"product_tag-mivolis","19":"product_tag-mivolis-maroc","20":"product_tag-mivolis-morocco","21":"product_tag-vitamine-c","23":"first","24":"instock","25":"taxable","26":"shipping-taxable","27":"purchasable","28":"product-type-simple"},"yoast_head":"<!-- This site is optimized with the Yoast SEO plugin v27.4 - https:\/\/yoast.com\/product\/yoast-seo-wordpress\/ -->\n<title>Balea\u00a0Mivolis Fer + Vitamine C en comprim\u00e9s - Maroc Prix<\/title>\n<meta name=\"description\" content=\"Boostez votre \u00e9nergie au Maroc avec Balea Mivolis Fer + Vitamine C. Id\u00e9al contre la fatigue, pour le sang, l&#039;immunit\u00e9 et une meilleure absorption du fer.\" \/>\n<meta name=\"robots\" content=\"index, follow, max-snippet:-1, max-image-preview:large, max-video-preview:-1\" \/>\n<link rel=\"canonical\" href=\"https:\/\/vitablanca.ma\/en\/product\/mivolis-fer-vitamine-c-en-comprimes\/\" \/>\n<meta property=\"og:locale\" content=\"en_US\" \/>\n<meta property=\"og:type\" content=\"article\" \/>\n<meta property=\"og:title\" content=\"Balea\u00a0Mivolis Fer + Vitamine C en comprim\u00e9s - Maroc Prix\" \/>\n<meta property=\"og:description\" content=\"Boostez votre \u00e9nergie au Maroc avec Balea Mivolis Fer + Vitamine C. Id\u00e9al contre la fatigue, pour le sang, l&#039;immunit\u00e9 et une meilleure absorption du fer.\" \/>\n<meta property=\"og:url\" content=\"https:\/\/vitablanca.ma\/en\/product\/mivolis-fer-vitamine-c-en-comprimes\/\" \/>\n<meta property=\"og:site_name\" content=\"Vitablanca.ma &ndash; Sant&eacute;, vitalit&eacute; et bien-&ecirc;tre pour tous les Marocains\" \/>\n<meta property=\"article:publisher\" content=\"https:\/\/www.facebook.com\/profile.php?id=61576678196717\" \/>\n<meta property=\"article:modified_time\" content=\"2025-08-30T20:55:35+00:00\" \/>\n<meta property=\"og:image\" content=\"https:\/\/vitablanca.ma\/wp-content\/uploads\/2025\/07\/4058172308277-2168607.png\" \/>\n\t<meta property=\"og:image:width\" content=\"1200\" \/>\n\t<meta property=\"og:image:height\" content=\"1200\" \/>\n\t<meta property=\"og:image:type\" content=\"image\/png\" \/>\n<meta name=\"twitter:card\" content=\"summary_large_image\" \/>\n<meta name=\"twitter:label1\" content=\"Est. reading time\" \/>\n\t<meta name=\"twitter:data1\" content=\"2 minutes\" \/>\n<script type=\"application\/ld+json\" class=\"yoast-schema-graph\">{\"@context\":\"https:\\\/\\\/schema.org\",\"@graph\":[{\"@type\":[\"WebPage\",\"ItemPage\"],\"@id\":\"https:\\\/\\\/vitablanca.ma\\\/produit\\\/mivolis-fer-vitamine-c-en-comprimes\\\/\",\"url\":\"https:\\\/\\\/vitablanca.ma\\\/produit\\\/mivolis-fer-vitamine-c-en-comprimes\\\/\",\"name\":\"Balea\u00a0Mivolis Fer + Vitamine C en comprim\u00e9s - Maroc Prix\",\"isPartOf\":{\"@id\":\"https:\\\/\\\/vitablanca.ma\\\/#website\"},\"primaryImageOfPage\":{\"@id\":\"https:\\\/\\\/vitablanca.ma\\\/produit\\\/mivolis-fer-vitamine-c-en-comprimes\\\/#primaryimage\"},\"image\":{\"@id\":\"https:\\\/\\\/vitablanca.ma\\\/produit\\\/mivolis-fer-vitamine-c-en-comprimes\\\/#primaryimage\"},\"thumbnailUrl\":\"https:\\\/\\\/vitablanca.ma\\\/wp-content\\\/uploads\\\/2025\\\/07\\\/4058172308277-2168607.png\",\"datePublished\":\"2025-07-10T19:18:37+00:00\",\"dateModified\":\"2025-08-30T20:55:35+00:00\",\"description\":\"Boostez votre \u00e9nergie au Maroc avec Balea Mivolis Fer + Vitamine C. Id\u00e9al contre la fatigue, pour le sang, l'immunit\u00e9 et une meilleure absorption du fer.\",\"breadcrumb\":{\"@id\":\"https:\\\/\\\/vitablanca.ma\\\/produit\\\/mivolis-fer-vitamine-c-en-comprimes\\\/#breadcrumb\"},\"inLanguage\":\"en-US\",\"potentialAction\":[{\"@type\":\"ReadAction\",\"target\":[\"https:\\\/\\\/vitablanca.ma\\\/produit\\\/mivolis-fer-vitamine-c-en-comprimes\\\/\"]}]},{\"@type\":\"ImageObject\",\"inLanguage\":\"en-US\",\"@id\":\"https:\\\/\\\/vitablanca.ma\\\/produit\\\/mivolis-fer-vitamine-c-en-comprimes\\\/#primaryimage\",\"url\":\"https:\\\/\\\/vitablanca.ma\\\/wp-content\\\/uploads\\\/2025\\\/07\\\/4058172308277-2168607.png\",\"contentUrl\":\"https:\\\/\\\/vitablanca.ma\\\/wp-content\\\/uploads\\\/2025\\\/07\\\/4058172308277-2168607.png\",\"width\":1200,\"height\":1200},{\"@type\":\"BreadcrumbList\",\"@id\":\"https:\\\/\\\/vitablanca.ma\\\/produit\\\/mivolis-fer-vitamine-c-en-comprimes\\\/#breadcrumb\",\"itemListElement\":[{\"@type\":\"ListItem\",\"position\":1,\"name\":\"Home\",\"item\":\"https:\\\/\\\/vitablanca.ma\\\/\"},{\"@type\":\"ListItem\",\"position\":2,\"name\":\"Tous Les Produits\",\"item\":\"https:\\\/\\\/vitablanca.ma\\\/tous-les-produits\\\/\"},{\"@type\":\"ListItem\",\"position\":3,\"name\":\"Balea\u00a0Mivolis Fer + Vitamine C en comprim\u00e9s\"}]},{\"@type\":\"WebSite\",\"@id\":\"https:\\\/\\\/vitablanca.ma\\\/#website\",\"url\":\"https:\\\/\\\/vitablanca.ma\\\/\",\"name\":\"VitaBlanca.ma | Compl\u00e9ments alimentaires, sant\u00e9 & beaut\u00e9 au Maroc\",\"description\":\"vendre vitamines et compl\u00e9ments premium des USA &amp; Canada, Nouvelle Z\u00e9lande,Maroc (NOW Foods, Solgar, Manuka). Livraison rapide partout au Maroc.\",\"publisher\":{\"@id\":\"https:\\\/\\\/vitablanca.ma\\\/#organization\"},\"alternateName\":\"VitaBlanca.ma\",\"potentialAction\":[{\"@type\":\"SearchAction\",\"target\":{\"@type\":\"EntryPoint\",\"urlTemplate\":\"https:\\\/\\\/vitablanca.ma\\\/?s={search_term_string}\"},\"query-input\":{\"@type\":\"PropertyValueSpecification\",\"valueRequired\":true,\"valueName\":\"search_term_string\"}}],\"inLanguage\":\"en-US\"},{\"@type\":\"Organization\",\"@id\":\"https:\\\/\\\/vitablanca.ma\\\/#organization\",\"name\":\"VitaBlanca\",\"url\":\"https:\\\/\\\/vitablanca.ma\\\/\",\"logo\":{\"@type\":\"ImageObject\",\"inLanguage\":\"en-US\",\"@id\":\"https:\\\/\\\/vitablanca.ma\\\/#\\\/schema\\\/logo\\\/image\\\/\",\"url\":\"https:\\\/\\\/vitablanca.ma\\\/wp-content\\\/uploads\\\/2025\\\/05\\\/cropped-vitablanca.png\",\"contentUrl\":\"https:\\\/\\\/vitablanca.ma\\\/wp-content\\\/uploads\\\/2025\\\/05\\\/cropped-vitablanca.png\",\"width\":360,\"height\":67,\"caption\":\"VitaBlanca\"},\"image\":{\"@id\":\"https:\\\/\\\/vitablanca.ma\\\/#\\\/schema\\\/logo\\\/image\\\/\"},\"sameAs\":[\"https:\\\/\\\/www.facebook.com\\\/profile.php?id=61576678196717\",\"https:\\\/\\\/www.tiktok.com\\\/@vitablanca.ma\",\"https:\\\/\\\/www.instagram.com\\\/vitablanca.ma\\\/\"]}]}<\/script>\n<!-- \/ Yoast SEO plugin. -->","yoast_head_json":{"title":"Balea Mivolis Iron + Vitamin C Tablets - Morocco Price","description":"Boost your energy in Morocco with Balea Mivolis Iron + Vitamin C. Ideal for combating fatigue, blood, immunity and better iron absorption.","robots":{"index":"index","follow":"follow","max-snippet":"max-snippet:-1","max-image-preview":"max-image-preview:large","max-video-preview":"max-video-preview:-1"},"canonical":"https:\/\/vitablanca.ma\/en\/product\/mivolis-fer-vitamine-c-en-comprimes\/","og_locale":"en_US","og_type":"article","og_title":"Balea\u00a0Mivolis Fer + Vitamine C en comprim\u00e9s - Maroc Prix","og_description":"Boostez votre \u00e9nergie au Maroc avec Balea Mivolis Fer + Vitamine C. Id\u00e9al contre la fatigue, pour le sang, l'immunit\u00e9 et une meilleure absorption du fer.","og_url":"https:\/\/vitablanca.ma\/en\/product\/mivolis-fer-vitamine-c-en-comprimes\/","og_site_name":"Vitablanca.ma &ndash; Sant&eacute;, vitalit&eacute; et bien-&ecirc;tre pour tous les Marocains","article_publisher":"https:\/\/www.facebook.com\/profile.php?id=61576678196717","article_modified_time":"2025-08-30T20:55:35+00:00","og_image":[{"width":1200,"height":1200,"url":"https:\/\/vitablanca.ma\/wp-content\/uploads\/2025\/07\/4058172308277-2168607.png","type":"image\/png"}],"twitter_card":"summary_large_image","twitter_misc":{"Est. reading time":"2 minutes"},"schema":{"@context":"https:\/\/schema.org","@graph":[{"@type":["WebPage","ItemPage"],"@id":"https:\/\/vitablanca.ma\/produit\/mivolis-fer-vitamine-c-en-comprimes\/","url":"https:\/\/vitablanca.ma\/produit\/mivolis-fer-vitamine-c-en-comprimes\/","name":"Balea Mivolis Iron + Vitamin C Tablets - Morocco Price","isPartOf":{"@id":"https:\/\/vitablanca.ma\/#website"},"primaryImageOfPage":{"@id":"https:\/\/vitablanca.ma\/produit\/mivolis-fer-vitamine-c-en-comprimes\/#primaryimage"},"image":{"@id":"https:\/\/vitablanca.ma\/produit\/mivolis-fer-vitamine-c-en-comprimes\/#primaryimage"},"thumbnailUrl":"https:\/\/vitablanca.ma\/wp-content\/uploads\/2025\/07\/4058172308277-2168607.png","datePublished":"2025-07-10T19:18:37+00:00","dateModified":"2025-08-30T20:55:35+00:00","description":"Boost your energy in Morocco with Balea Mivolis Iron + Vitamin C. Ideal for combating fatigue, blood, immunity and better iron absorption.","breadcrumb":{"@id":"https:\/\/vitablanca.ma\/produit\/mivolis-fer-vitamine-c-en-comprimes\/#breadcrumb"},"inLanguage":"en-US","potentialAction":[{"@type":"ReadAction","target":["https:\/\/vitablanca.ma\/produit\/mivolis-fer-vitamine-c-en-comprimes\/"]}]},{"@type":"ImageObject","inLanguage":"en-US","@id":"https:\/\/vitablanca.ma\/produit\/mivolis-fer-vitamine-c-en-comprimes\/#primaryimage","url":"https:\/\/vitablanca.ma\/wp-content\/uploads\/2025\/07\/4058172308277-2168607.png","contentUrl":"https:\/\/vitablanca.ma\/wp-content\/uploads\/2025\/07\/4058172308277-2168607.png","width":1200,"height":1200},{"@type":"BreadcrumbList","@id":"https:\/\/vitablanca.ma\/produit\/mivolis-fer-vitamine-c-en-comprimes\/#breadcrumb","itemListElement":[{"@type":"ListItem","position":1,"name":"Home","item":"https:\/\/vitablanca.ma\/"},{"@type":"ListItem","position":2,"name":"Tous Les Produits","item":"https:\/\/vitablanca.ma\/tous-les-produits\/"},{"@type":"ListItem","position":3,"name":"Balea\u00a0Mivolis Fer + Vitamine C en comprim\u00e9s"}]},{"@type":"WebSite","@id":"https:\/\/vitablanca.ma\/#website","url":"https:\/\/vitablanca.ma\/","name":"VitaBlanca.ma | Food supplements, health &amp; beauty in Morocco","description":"sell premium vitamins and supplements from USA &amp; Canada, New Zealand, Morocco (NOW Foods, Solgar, Manuka). Fast delivery anywhere in Morocco.","publisher":{"@id":"https:\/\/vitablanca.ma\/#organization"},"alternateName":"VitaBlanca.ma","potentialAction":[{"@type":"SearchAction","target":{"@type":"EntryPoint","urlTemplate":"https:\/\/vitablanca.ma\/?s={search_term_string}"},"query-input":{"@type":"PropertyValueSpecification","valueRequired":true,"valueName":"search_term_string"}}],"inLanguage":"en-US"},{"@type":"Organization","@id":"https:\/\/vitablanca.ma\/#organization","name":"VitaBlanca","url":"https:\/\/vitablanca.ma\/","logo":{"@type":"ImageObject","inLanguage":"en-US","@id":"https:\/\/vitablanca.ma\/#\/schema\/logo\/image\/","url":"https:\/\/vitablanca.ma\/wp-content\/uploads\/2025\/05\/cropped-vitablanca.png","contentUrl":"https:\/\/vitablanca.ma\/wp-content\/uploads\/2025\/05\/cropped-vitablanca.png","width":360,"height":67,"caption":"VitaBlanca"},"image":{"@id":"https:\/\/vitablanca.ma\/#\/schema\/logo\/image\/"},"sameAs":["https:\/\/www.facebook.com\/profile.php?id=61576678196717","https:\/\/www.tiktok.com\/@vitablanca.ma","https:\/\/www.instagram.com\/vitablanca.ma\/"]}]}},"jetpack_sharing_enabled":true,"_links":{"self":[{"href":"https:\/\/vitablanca.ma\/en\/wp-json\/wp\/v2\/product\/24254","targetHints":{"allow":["GET"]}}],"collection":[{"href":"https:\/\/vitablanca.ma\/en\/wp-json\/wp\/v2\/product"}],"about":[{"href":"https:\/\/vitablanca.ma\/en\/wp-json\/wp\/v2\/types\/product"}],"wp:featuredmedia":[{"embeddable":true,"href":"https:\/\/vitablanca.ma\/en\/wp-json\/wp\/v2\/media\/24245"}],"wp:attachment":[{"href":"https:\/\/vitablanca.ma\/en\/wp-json\/wp\/v2\/media?parent=24254"}],"wp:term":[{"taxonomy":"product_brand","embeddable":true,"href":"https:\/\/vitablanca.ma\/en\/wp-json\/wp\/v2\/product_brand?post=24254"},{"taxonomy":"product_cat","embeddable":true,"href":"https:\/\/vitablanca.ma\/en\/wp-json\/wp\/v2\/product_cat?post=24254"},{"taxonomy":"product_tag","embeddable":true,"href":"https:\/\/vitablanca.ma\/en\/wp-json\/wp\/v2\/product_tag?post=24254"}],"curies":[{"name":"wp","href":"https:\/\/api.w.org\/{rel}","templated":true}]}}