{"id":24249,"date":"2025-07-10T19:18:07","date_gmt":"2025-07-10T19:18:07","guid":{"rendered":"https:\/\/vitablanca.ma\/product\/sanotact-comprimes-de-levure-de-biere\/"},"modified":"2026-04-11T18:25:56","modified_gmt":"2026-04-11T18:25:56","slug":"sanotact-comprimes-de-levure-de-biere","status":"publish","type":"product","link":"https:\/\/vitablanca.ma\/en\/product\/sanotact-comprimes-de-levure-de-biere\/","title":{"rendered":"Sanotact \u2013 Brewer&#039;s Yeast Tablets"},"content":{"rendered":"<h3>Stimulates appetite and helps with weight gain\ud83c\udf3f<\/h3>\n<ul>\n<li>Lactose-free, Color-free, Vegan &amp; Vegetarian\u00a0<\/li>\n<li><span>Contains cereals containing gluten\u00a0<\/span><\/li>\n<li><span>Contains wheat and wheat derivatives.<\/span><\/li>\n<li><span>400 pcs<\/span><\/li>\n<li><span>Weight: 200 g<\/span><\/li>\n<\/ul>\n<h4><strong><span style=\"font-size: 11pt;line-height: 104%;font-family: 'Segoe UI Emoji', sans-serif\">\ud83d\udccc<\/span><span style=\"font-size: 11pt;line-height: 104%;font-family: Arial, sans-serif\" lang=\"EN-US\"> Product Description<\/span><\/strong><\/h4>\n<p>Sanotact Brewer&#039;s Yeast Tablets are a 100% natural dietary supplement for maintaining normal hair and skin. This 35-year-old classic naturally contains 6 B vitamins and is also ideal for vegans.<br \/>Contains barley and barley products<br \/><span>To maintain product freshness, please close the inner bag and folding carton tightly after use or store the tablets in a closed container.<\/span><\/p>\n<h4><strong><span style=\"font-size: 11pt;line-height: 104%;font-family: 'Segoe UI Emoji', sans-serif\">\ud83d\udca1<\/span><span style=\"font-size: 11pt;line-height: 104%;font-family: Arial, sans-serif\" lang=\"EN-US\"> Directions for use<\/span><\/strong><\/h4>\n<p><span>Take 5 tablets 3 times a day. If you wish, you can also chew the naturally spiced tablets. You can use sanotact brewer&#039;s yeast tablets continuously as a dietary supplement.<\/span><\/p>\n<h4><strong><span style=\"font-size: 11pt;line-height: 103%;font-family: 'Segoe UI Emoji', sans-serif\" lang=\"EN-US\">\u26a0<\/span><span style=\"font-size: 11pt;line-height: 103%;font-family: Arial, sans-serif\">\ufe0f<\/span><span style=\"font-size: 11pt;line-height: 103%;font-family: Arial, sans-serif\" lang=\"EN-US\"> Warnings <\/span><\/strong><\/h4>\n<p><span>Store in a cool, dry place. Keep out of reach of young children.<\/span><\/p>","protected":false},"excerpt":{"rendered":"<p>Stimule l\u2019app\u00e9tit et aide \u00e0 prendre du poids\ud83c\udf3f Sans lactose, Sans colorant, V\u00e9g\u00e9talien &amp; V\u00e9g\u00e9tarien\u00a0 Contient des c\u00e9r\u00e9ales contenant du gluten\u00a0 Contient du bl\u00e9 et des d\u00e9riv\u00e9s de bl\u00e9. 400 pcs Poids: 200 g \ud83d\udccc Description du produit Les comprim\u00e9s de levure de bi\u00e8re sanotact sont un produit de compl\u00e9ment alimentaire 100 % naturel pour [&hellip;]<\/p>\n","protected":false},"featured_media":24240,"template":"","meta":{"om_disable_all_campaigns":false},"product_brand":[],"product_cat":[18],"product_tag":[3237,3240,3242,3238,3239,3241],"class_list":{"0":"post-24249","1":"product","2":"type-product","3":"status-publish","4":"has-post-thumbnail","6":"product_cat-beaute-sante","7":"product_tag-balea","8":"product_tag-balea-dm","9":"product_tag-balea-dm-maroc","10":"product_tag-balea-maroc","11":"product_tag-balea-morocco","12":"product_tag-dm-maroc","14":"first","15":"outofstock","16":"taxable","17":"shipping-taxable","18":"purchasable","19":"product-type-simple"},"yoast_head":"<!-- This site is optimized with the Yoast SEO plugin v27.4 - https:\/\/yoast.com\/product\/yoast-seo-wordpress\/ -->\n<title>Sanotact - Comprim\u00e9s de levure de bi\u00e8re - Maroc Prix<\/title>\n<meta name=\"description\" content=\"D\u00e9couvrez les comprim\u00e9s Sanotact Levure de Bi\u00e8re au Maroc. Id\u00e9als pour fortifier cheveux &amp; ongles, purifier la peau, et booster la vitalit\u00e9.Vitamines B,\" \/>\n<meta name=\"robots\" content=\"index, follow, max-snippet:-1, max-image-preview:large, max-video-preview:-1\" \/>\n<link rel=\"canonical\" href=\"https:\/\/vitablanca.ma\/en\/product\/sanotact-comprimes-de-levure-de-biere\/\" \/>\n<meta property=\"og:locale\" content=\"en_US\" \/>\n<meta property=\"og:type\" content=\"article\" \/>\n<meta property=\"og:title\" content=\"Sanotact - Comprim\u00e9s de levure de bi\u00e8re - Maroc Prix\" \/>\n<meta property=\"og:description\" content=\"D\u00e9couvrez les comprim\u00e9s Sanotact Levure de Bi\u00e8re au Maroc. Id\u00e9als pour fortifier cheveux &amp; ongles, purifier la peau, et booster la vitalit\u00e9.Vitamines B,\" \/>\n<meta property=\"og:url\" content=\"https:\/\/vitablanca.ma\/en\/product\/sanotact-comprimes-de-levure-de-biere\/\" \/>\n<meta property=\"og:site_name\" content=\"Vitablanca.ma &ndash; Sant&eacute;, vitalit&eacute; et bien-&ecirc;tre pour tous les Marocains\" \/>\n<meta property=\"article:publisher\" content=\"https:\/\/www.facebook.com\/profile.php?id=61576678196717\" \/>\n<meta property=\"article:modified_time\" content=\"2026-04-11T18:25:56+00:00\" \/>\n<meta property=\"og:image\" content=\"https:\/\/vitablanca.ma\/wp-content\/uploads\/2025\/07\/4003087400158-3864064.png\" \/>\n\t<meta property=\"og:image:width\" content=\"1200\" \/>\n\t<meta property=\"og:image:height\" content=\"1200\" \/>\n\t<meta property=\"og:image:type\" content=\"image\/png\" \/>\n<meta name=\"twitter:card\" content=\"summary_large_image\" \/>\n<meta name=\"twitter:label1\" content=\"Est. reading time\" \/>\n\t<meta name=\"twitter:data1\" content=\"2 minutes\" \/>\n<script type=\"application\/ld+json\" class=\"yoast-schema-graph\">{\"@context\":\"https:\\\/\\\/schema.org\",\"@graph\":[{\"@type\":[\"WebPage\",\"ItemPage\"],\"@id\":\"https:\\\/\\\/vitablanca.ma\\\/produit\\\/sanotact-comprimes-de-levure-de-biere\\\/\",\"url\":\"https:\\\/\\\/vitablanca.ma\\\/produit\\\/sanotact-comprimes-de-levure-de-biere\\\/\",\"name\":\"Sanotact - Comprim\u00e9s de levure de bi\u00e8re - Maroc Prix\",\"isPartOf\":{\"@id\":\"https:\\\/\\\/vitablanca.ma\\\/#website\"},\"primaryImageOfPage\":{\"@id\":\"https:\\\/\\\/vitablanca.ma\\\/produit\\\/sanotact-comprimes-de-levure-de-biere\\\/#primaryimage\"},\"image\":{\"@id\":\"https:\\\/\\\/vitablanca.ma\\\/produit\\\/sanotact-comprimes-de-levure-de-biere\\\/#primaryimage\"},\"thumbnailUrl\":\"https:\\\/\\\/vitablanca.ma\\\/wp-content\\\/uploads\\\/2025\\\/07\\\/4003087400158-3864064.png\",\"datePublished\":\"2025-07-10T19:18:07+00:00\",\"dateModified\":\"2026-04-11T18:25:56+00:00\",\"description\":\"D\u00e9couvrez les comprim\u00e9s Sanotact Levure de Bi\u00e8re au Maroc. Id\u00e9als pour fortifier cheveux & ongles, purifier la peau, et booster la vitalit\u00e9.Vitamines B,\",\"breadcrumb\":{\"@id\":\"https:\\\/\\\/vitablanca.ma\\\/produit\\\/sanotact-comprimes-de-levure-de-biere\\\/#breadcrumb\"},\"inLanguage\":\"en-US\",\"potentialAction\":[{\"@type\":\"ReadAction\",\"target\":[\"https:\\\/\\\/vitablanca.ma\\\/produit\\\/sanotact-comprimes-de-levure-de-biere\\\/\"]}]},{\"@type\":\"ImageObject\",\"inLanguage\":\"en-US\",\"@id\":\"https:\\\/\\\/vitablanca.ma\\\/produit\\\/sanotact-comprimes-de-levure-de-biere\\\/#primaryimage\",\"url\":\"https:\\\/\\\/vitablanca.ma\\\/wp-content\\\/uploads\\\/2025\\\/07\\\/4003087400158-3864064.png\",\"contentUrl\":\"https:\\\/\\\/vitablanca.ma\\\/wp-content\\\/uploads\\\/2025\\\/07\\\/4003087400158-3864064.png\",\"width\":1200,\"height\":1200},{\"@type\":\"BreadcrumbList\",\"@id\":\"https:\\\/\\\/vitablanca.ma\\\/produit\\\/sanotact-comprimes-de-levure-de-biere\\\/#breadcrumb\",\"itemListElement\":[{\"@type\":\"ListItem\",\"position\":1,\"name\":\"Home\",\"item\":\"https:\\\/\\\/vitablanca.ma\\\/\"},{\"@type\":\"ListItem\",\"position\":2,\"name\":\"Tous Les Produits\",\"item\":\"https:\\\/\\\/vitablanca.ma\\\/tous-les-produits\\\/\"},{\"@type\":\"ListItem\",\"position\":3,\"name\":\"Sanotact &#8211; Comprim\u00e9s de levure de bi\u00e8re\"}]},{\"@type\":\"WebSite\",\"@id\":\"https:\\\/\\\/vitablanca.ma\\\/#website\",\"url\":\"https:\\\/\\\/vitablanca.ma\\\/\",\"name\":\"VitaBlanca.ma | Compl\u00e9ments alimentaires, sant\u00e9 & beaut\u00e9 au Maroc\",\"description\":\"vendre vitamines et compl\u00e9ments premium des USA &amp; Canada, Nouvelle Z\u00e9lande,Maroc (NOW Foods, Solgar, Manuka). Livraison rapide partout au Maroc.\",\"publisher\":{\"@id\":\"https:\\\/\\\/vitablanca.ma\\\/#organization\"},\"alternateName\":\"VitaBlanca.ma\",\"potentialAction\":[{\"@type\":\"SearchAction\",\"target\":{\"@type\":\"EntryPoint\",\"urlTemplate\":\"https:\\\/\\\/vitablanca.ma\\\/?s={search_term_string}\"},\"query-input\":{\"@type\":\"PropertyValueSpecification\",\"valueRequired\":true,\"valueName\":\"search_term_string\"}}],\"inLanguage\":\"en-US\"},{\"@type\":\"Organization\",\"@id\":\"https:\\\/\\\/vitablanca.ma\\\/#organization\",\"name\":\"VitaBlanca\",\"url\":\"https:\\\/\\\/vitablanca.ma\\\/\",\"logo\":{\"@type\":\"ImageObject\",\"inLanguage\":\"en-US\",\"@id\":\"https:\\\/\\\/vitablanca.ma\\\/#\\\/schema\\\/logo\\\/image\\\/\",\"url\":\"https:\\\/\\\/vitablanca.ma\\\/wp-content\\\/uploads\\\/2025\\\/05\\\/cropped-vitablanca.png\",\"contentUrl\":\"https:\\\/\\\/vitablanca.ma\\\/wp-content\\\/uploads\\\/2025\\\/05\\\/cropped-vitablanca.png\",\"width\":360,\"height\":67,\"caption\":\"VitaBlanca\"},\"image\":{\"@id\":\"https:\\\/\\\/vitablanca.ma\\\/#\\\/schema\\\/logo\\\/image\\\/\"},\"sameAs\":[\"https:\\\/\\\/www.facebook.com\\\/profile.php?id=61576678196717\",\"https:\\\/\\\/www.tiktok.com\\\/@vitablanca.ma\",\"https:\\\/\\\/www.instagram.com\\\/vitablanca.ma\\\/\"]}]}<\/script>\n<!-- \/ Yoast SEO plugin. -->","yoast_head_json":{"title":"Sanotact - Brewer&#039;s Yeast Tablets - Morocco Price","description":"Discover Sanotact Brewer&#039;s Yeast tablets from Morocco. Ideal for strengthening hair and nails, purifying the skin, and boosting vitality. Vitamin B,","robots":{"index":"index","follow":"follow","max-snippet":"max-snippet:-1","max-image-preview":"max-image-preview:large","max-video-preview":"max-video-preview:-1"},"canonical":"https:\/\/vitablanca.ma\/en\/product\/sanotact-comprimes-de-levure-de-biere\/","og_locale":"en_US","og_type":"article","og_title":"Sanotact - Comprim\u00e9s de levure de bi\u00e8re - Maroc Prix","og_description":"D\u00e9couvrez les comprim\u00e9s Sanotact Levure de Bi\u00e8re au Maroc. Id\u00e9als pour fortifier cheveux & ongles, purifier la peau, et booster la vitalit\u00e9.Vitamines B,","og_url":"https:\/\/vitablanca.ma\/en\/product\/sanotact-comprimes-de-levure-de-biere\/","og_site_name":"Vitablanca.ma &ndash; Sant&eacute;, vitalit&eacute; et bien-&ecirc;tre pour tous les Marocains","article_publisher":"https:\/\/www.facebook.com\/profile.php?id=61576678196717","article_modified_time":"2026-04-11T18:25:56+00:00","og_image":[{"width":1200,"height":1200,"url":"https:\/\/vitablanca.ma\/wp-content\/uploads\/2025\/07\/4003087400158-3864064.png","type":"image\/png"}],"twitter_card":"summary_large_image","twitter_misc":{"Est. reading time":"2 minutes"},"schema":{"@context":"https:\/\/schema.org","@graph":[{"@type":["WebPage","ItemPage"],"@id":"https:\/\/vitablanca.ma\/produit\/sanotact-comprimes-de-levure-de-biere\/","url":"https:\/\/vitablanca.ma\/produit\/sanotact-comprimes-de-levure-de-biere\/","name":"Sanotact - Brewer&#039;s Yeast Tablets - Morocco Price","isPartOf":{"@id":"https:\/\/vitablanca.ma\/#website"},"primaryImageOfPage":{"@id":"https:\/\/vitablanca.ma\/produit\/sanotact-comprimes-de-levure-de-biere\/#primaryimage"},"image":{"@id":"https:\/\/vitablanca.ma\/produit\/sanotact-comprimes-de-levure-de-biere\/#primaryimage"},"thumbnailUrl":"https:\/\/vitablanca.ma\/wp-content\/uploads\/2025\/07\/4003087400158-3864064.png","datePublished":"2025-07-10T19:18:07+00:00","dateModified":"2026-04-11T18:25:56+00:00","description":"Discover Sanotact Brewer&#039;s Yeast tablets from Morocco. Ideal for strengthening hair and nails, purifying the skin, and boosting vitality. Vitamin B,","breadcrumb":{"@id":"https:\/\/vitablanca.ma\/produit\/sanotact-comprimes-de-levure-de-biere\/#breadcrumb"},"inLanguage":"en-US","potentialAction":[{"@type":"ReadAction","target":["https:\/\/vitablanca.ma\/produit\/sanotact-comprimes-de-levure-de-biere\/"]}]},{"@type":"ImageObject","inLanguage":"en-US","@id":"https:\/\/vitablanca.ma\/produit\/sanotact-comprimes-de-levure-de-biere\/#primaryimage","url":"https:\/\/vitablanca.ma\/wp-content\/uploads\/2025\/07\/4003087400158-3864064.png","contentUrl":"https:\/\/vitablanca.ma\/wp-content\/uploads\/2025\/07\/4003087400158-3864064.png","width":1200,"height":1200},{"@type":"BreadcrumbList","@id":"https:\/\/vitablanca.ma\/produit\/sanotact-comprimes-de-levure-de-biere\/#breadcrumb","itemListElement":[{"@type":"ListItem","position":1,"name":"Home","item":"https:\/\/vitablanca.ma\/"},{"@type":"ListItem","position":2,"name":"Tous Les Produits","item":"https:\/\/vitablanca.ma\/tous-les-produits\/"},{"@type":"ListItem","position":3,"name":"Sanotact &#8211; Comprim\u00e9s de levure de bi\u00e8re"}]},{"@type":"WebSite","@id":"https:\/\/vitablanca.ma\/#website","url":"https:\/\/vitablanca.ma\/","name":"VitaBlanca.ma | Food supplements, health &amp; beauty in Morocco","description":"sell premium vitamins and supplements from USA &amp; Canada, New Zealand, Morocco (NOW Foods, Solgar, Manuka). Fast delivery anywhere in Morocco.","publisher":{"@id":"https:\/\/vitablanca.ma\/#organization"},"alternateName":"VitaBlanca.ma","potentialAction":[{"@type":"SearchAction","target":{"@type":"EntryPoint","urlTemplate":"https:\/\/vitablanca.ma\/?s={search_term_string}"},"query-input":{"@type":"PropertyValueSpecification","valueRequired":true,"valueName":"search_term_string"}}],"inLanguage":"en-US"},{"@type":"Organization","@id":"https:\/\/vitablanca.ma\/#organization","name":"VitaBlanca","url":"https:\/\/vitablanca.ma\/","logo":{"@type":"ImageObject","inLanguage":"en-US","@id":"https:\/\/vitablanca.ma\/#\/schema\/logo\/image\/","url":"https:\/\/vitablanca.ma\/wp-content\/uploads\/2025\/05\/cropped-vitablanca.png","contentUrl":"https:\/\/vitablanca.ma\/wp-content\/uploads\/2025\/05\/cropped-vitablanca.png","width":360,"height":67,"caption":"VitaBlanca"},"image":{"@id":"https:\/\/vitablanca.ma\/#\/schema\/logo\/image\/"},"sameAs":["https:\/\/www.facebook.com\/profile.php?id=61576678196717","https:\/\/www.tiktok.com\/@vitablanca.ma","https:\/\/www.instagram.com\/vitablanca.ma\/"]}]}},"jetpack_sharing_enabled":true,"_links":{"self":[{"href":"https:\/\/vitablanca.ma\/en\/wp-json\/wp\/v2\/product\/24249","targetHints":{"allow":["GET"]}}],"collection":[{"href":"https:\/\/vitablanca.ma\/en\/wp-json\/wp\/v2\/product"}],"about":[{"href":"https:\/\/vitablanca.ma\/en\/wp-json\/wp\/v2\/types\/product"}],"wp:featuredmedia":[{"embeddable":true,"href":"https:\/\/vitablanca.ma\/en\/wp-json\/wp\/v2\/media\/24240"}],"wp:attachment":[{"href":"https:\/\/vitablanca.ma\/en\/wp-json\/wp\/v2\/media?parent=24249"}],"wp:term":[{"taxonomy":"product_brand","embeddable":true,"href":"https:\/\/vitablanca.ma\/en\/wp-json\/wp\/v2\/product_brand?post=24249"},{"taxonomy":"product_cat","embeddable":true,"href":"https:\/\/vitablanca.ma\/en\/wp-json\/wp\/v2\/product_cat?post=24249"},{"taxonomy":"product_tag","embeddable":true,"href":"https:\/\/vitablanca.ma\/en\/wp-json\/wp\/v2\/product_tag?post=24249"}],"curies":[{"name":"wp","href":"https:\/\/api.w.org\/{rel}","templated":true}]}}