{"id":24238,"date":"2025-07-10T19:13:21","date_gmt":"2025-07-10T19:13:21","guid":{"rendered":"https:\/\/vitablanca.ma\/product\/balea-demeleur-boucles-de-reve\/"},"modified":"2025-08-20T22:00:46","modified_gmt":"2025-08-20T22:00:46","slug":"balea-demeleur-boucles-de-reve","status":"publish","type":"product","link":"https:\/\/vitablanca.ma\/en\/product\/balea-demeleur-boucles-de-reve\/","title":{"rendered":"Dm Balea Dream Curls Detangler"},"content":{"rendered":"<h3>Defined, soft and bouncy curls \ud83d\udca7\ud83c\udf00<\/h3>\n<ul>\n<li>Hair Type: Curly Hair, Unruly Hair<\/li>\n<li>Effect: Hydration, For curls, Shine, Easy to style, Care<\/li>\n<li>Product Properties: Alcohol-free, Silicone-free, Sulfate-free<\/li>\n<li>For defined, hydrated and easy-to-style curls.<\/li>\n<li>Specially designed for curly or wavy hair<\/li>\n<li>Care formula with keratin and shea butter<\/li>\n<li>Silicone-free formula<\/li>\n<li>200 ml<\/li>\n<\/ul>\n<h4><strong><span style=\"font-size: 11pt;line-height: 104%;font-family: 'Segoe UI Emoji', sans-serif\">\ud83d\udccc<\/span><span lang=\"EN-US\" style=\"font-size: 11pt;line-height: 104%;font-family: Arial, sans-serif\"> Product Description<\/span><\/strong><\/h4>\n<p>Balea Professional Traumlocken Conditioner specifically tames frizzy or unruly hair and cares for it, softening it for perfect detangling. It gives bounce, elasticity, and defined curls for up to 24 hours. Hair building blocks such as keratin are deposited in the hair structure, helping to strengthen the hair fibers and ensuring better hair quality. Skin compatibility has been confirmed under dermatological control.<\/p>","protected":false},"excerpt":{"rendered":"<p>Des boucles d\u00e9finies, souples et rebondies \ud83d\udca7\ud83c\udf00 Type de cheveux : Cheveux boucl\u00e9s, Cheveux rebelles Effet : Hydratation, Pour les boucles, Brillance, Facile \u00e0 coiffer, Soin Propri\u00e9t\u00e9s du produit : Sans alcool, Sans silicone, Sans sulfate Pour des boucles d\u00e9finies, hydrat\u00e9es et faciles \u00e0 coiffer. Sp\u00e9cialement con\u00e7u pour les cheveux boucl\u00e9s ou ondul\u00e9s Formule de [&hellip;]<\/p>\n","protected":false},"featured_media":24235,"template":"","meta":{"om_disable_all_campaigns":false},"product_brand":[3236],"product_cat":[18],"product_tag":[3237,3240,3242,3238,3239,3241],"class_list":{"0":"post-24238","1":"product","2":"type-product","3":"status-publish","4":"has-post-thumbnail","6":"product_brand-balea-dm-prix-maroc","7":"product_cat-beaute-sante","8":"product_tag-balea","9":"product_tag-balea-dm","10":"product_tag-balea-dm-maroc","11":"product_tag-balea-maroc","12":"product_tag-balea-morocco","13":"product_tag-dm-maroc","15":"first","16":"instock","17":"taxable","18":"shipping-taxable","19":"purchasable","20":"product-type-simple"},"yoast_head":"<!-- This site is optimized with the Yoast SEO plugin v27.4 - https:\/\/yoast.com\/product\/yoast-seo-wordpress\/ -->\n<title>Dm Balea traum locken D\u00e9m\u00ealeur boucles de r\u00eave - Maroc Prix<\/title>\n<meta name=\"description\" content=\"D\u00e9couvrez le d\u00e9m\u00ealeur Balea Boucles de R\u00eave au Maroc. Id\u00e9al pour cheveux boucl\u00e9s, il facilite le d\u00e9m\u00ealage, hydrate sans alourdir et d\u00e9finit vos boucles.\" \/>\n<meta name=\"robots\" content=\"index, follow, max-snippet:-1, max-image-preview:large, max-video-preview:-1\" \/>\n<link rel=\"canonical\" href=\"https:\/\/vitablanca.ma\/en\/product\/balea-demeleur-boucles-de-reve\/\" \/>\n<meta property=\"og:locale\" content=\"en_US\" \/>\n<meta property=\"og:type\" content=\"article\" \/>\n<meta property=\"og:title\" content=\"Dm Balea traum locken D\u00e9m\u00ealeur boucles de r\u00eave - Maroc Prix\" \/>\n<meta property=\"og:description\" content=\"D\u00e9couvrez le d\u00e9m\u00ealeur Balea Boucles de R\u00eave au Maroc. Id\u00e9al pour cheveux boucl\u00e9s, il facilite le d\u00e9m\u00ealage, hydrate sans alourdir et d\u00e9finit vos boucles.\" \/>\n<meta property=\"og:url\" content=\"https:\/\/vitablanca.ma\/en\/product\/balea-demeleur-boucles-de-reve\/\" \/>\n<meta property=\"og:site_name\" content=\"Vitablanca.ma &ndash; Sant&eacute;, vitalit&eacute; et bien-&ecirc;tre pour tous les Marocains\" \/>\n<meta property=\"article:publisher\" content=\"https:\/\/www.facebook.com\/profile.php?id=61576678196717\" \/>\n<meta property=\"article:modified_time\" content=\"2025-08-20T22:00:46+00:00\" \/>\n<meta property=\"og:image\" content=\"https:\/\/vitablanca.ma\/wp-content\/uploads\/2025\/07\/4066447240788-699247580.png\" \/>\n\t<meta property=\"og:image:width\" content=\"1201\" \/>\n\t<meta property=\"og:image:height\" content=\"1200\" \/>\n\t<meta property=\"og:image:type\" content=\"image\/png\" \/>\n<meta name=\"twitter:card\" content=\"summary_large_image\" \/>\n<meta name=\"twitter:label1\" content=\"Est. reading time\" \/>\n\t<meta name=\"twitter:data1\" content=\"1 minute\" \/>\n<script type=\"application\/ld+json\" class=\"yoast-schema-graph\">{\"@context\":\"https:\\\/\\\/schema.org\",\"@graph\":[{\"@type\":[\"WebPage\",\"ItemPage\"],\"@id\":\"https:\\\/\\\/vitablanca.ma\\\/produit\\\/balea-demeleur-boucles-de-reve\\\/\",\"url\":\"https:\\\/\\\/vitablanca.ma\\\/produit\\\/balea-demeleur-boucles-de-reve\\\/\",\"name\":\"Dm Balea traum locken D\u00e9m\u00ealeur boucles de r\u00eave - Maroc Prix\",\"isPartOf\":{\"@id\":\"https:\\\/\\\/vitablanca.ma\\\/#website\"},\"primaryImageOfPage\":{\"@id\":\"https:\\\/\\\/vitablanca.ma\\\/produit\\\/balea-demeleur-boucles-de-reve\\\/#primaryimage\"},\"image\":{\"@id\":\"https:\\\/\\\/vitablanca.ma\\\/produit\\\/balea-demeleur-boucles-de-reve\\\/#primaryimage\"},\"thumbnailUrl\":\"https:\\\/\\\/vitablanca.ma\\\/wp-content\\\/uploads\\\/2025\\\/07\\\/4066447240788-699247580.png\",\"datePublished\":\"2025-07-10T19:13:21+00:00\",\"dateModified\":\"2025-08-20T22:00:46+00:00\",\"description\":\"D\u00e9couvrez le d\u00e9m\u00ealeur Balea Boucles de R\u00eave au Maroc. Id\u00e9al pour cheveux boucl\u00e9s, il facilite le d\u00e9m\u00ealage, hydrate sans alourdir et d\u00e9finit vos boucles.\",\"breadcrumb\":{\"@id\":\"https:\\\/\\\/vitablanca.ma\\\/produit\\\/balea-demeleur-boucles-de-reve\\\/#breadcrumb\"},\"inLanguage\":\"en-US\",\"potentialAction\":[{\"@type\":\"ReadAction\",\"target\":[\"https:\\\/\\\/vitablanca.ma\\\/produit\\\/balea-demeleur-boucles-de-reve\\\/\"]}]},{\"@type\":\"ImageObject\",\"inLanguage\":\"en-US\",\"@id\":\"https:\\\/\\\/vitablanca.ma\\\/produit\\\/balea-demeleur-boucles-de-reve\\\/#primaryimage\",\"url\":\"https:\\\/\\\/vitablanca.ma\\\/wp-content\\\/uploads\\\/2025\\\/07\\\/4066447240788-699247580.png\",\"contentUrl\":\"https:\\\/\\\/vitablanca.ma\\\/wp-content\\\/uploads\\\/2025\\\/07\\\/4066447240788-699247580.png\",\"width\":1201,\"height\":1200},{\"@type\":\"BreadcrumbList\",\"@id\":\"https:\\\/\\\/vitablanca.ma\\\/produit\\\/balea-demeleur-boucles-de-reve\\\/#breadcrumb\",\"itemListElement\":[{\"@type\":\"ListItem\",\"position\":1,\"name\":\"Home\",\"item\":\"https:\\\/\\\/vitablanca.ma\\\/\"},{\"@type\":\"ListItem\",\"position\":2,\"name\":\"Tous Les Produits\",\"item\":\"https:\\\/\\\/vitablanca.ma\\\/tous-les-produits\\\/\"},{\"@type\":\"ListItem\",\"position\":3,\"name\":\"Dm Balea D\u00e9m\u00ealeur boucles de r\u00eave\"}]},{\"@type\":\"WebSite\",\"@id\":\"https:\\\/\\\/vitablanca.ma\\\/#website\",\"url\":\"https:\\\/\\\/vitablanca.ma\\\/\",\"name\":\"VitaBlanca.ma | Compl\u00e9ments alimentaires, sant\u00e9 & beaut\u00e9 au Maroc\",\"description\":\"vendre vitamines et compl\u00e9ments premium des USA &amp; Canada, Nouvelle Z\u00e9lande,Maroc (NOW Foods, Solgar, Manuka). Livraison rapide partout au Maroc.\",\"publisher\":{\"@id\":\"https:\\\/\\\/vitablanca.ma\\\/#organization\"},\"alternateName\":\"VitaBlanca.ma\",\"potentialAction\":[{\"@type\":\"SearchAction\",\"target\":{\"@type\":\"EntryPoint\",\"urlTemplate\":\"https:\\\/\\\/vitablanca.ma\\\/?s={search_term_string}\"},\"query-input\":{\"@type\":\"PropertyValueSpecification\",\"valueRequired\":true,\"valueName\":\"search_term_string\"}}],\"inLanguage\":\"en-US\"},{\"@type\":\"Organization\",\"@id\":\"https:\\\/\\\/vitablanca.ma\\\/#organization\",\"name\":\"VitaBlanca\",\"url\":\"https:\\\/\\\/vitablanca.ma\\\/\",\"logo\":{\"@type\":\"ImageObject\",\"inLanguage\":\"en-US\",\"@id\":\"https:\\\/\\\/vitablanca.ma\\\/#\\\/schema\\\/logo\\\/image\\\/\",\"url\":\"https:\\\/\\\/vitablanca.ma\\\/wp-content\\\/uploads\\\/2025\\\/05\\\/cropped-vitablanca.png\",\"contentUrl\":\"https:\\\/\\\/vitablanca.ma\\\/wp-content\\\/uploads\\\/2025\\\/05\\\/cropped-vitablanca.png\",\"width\":360,\"height\":67,\"caption\":\"VitaBlanca\"},\"image\":{\"@id\":\"https:\\\/\\\/vitablanca.ma\\\/#\\\/schema\\\/logo\\\/image\\\/\"},\"sameAs\":[\"https:\\\/\\\/www.facebook.com\\\/profile.php?id=61576678196717\",\"https:\\\/\\\/www.tiktok.com\\\/@vitablanca.ma\",\"https:\\\/\\\/www.instagram.com\\\/vitablanca.ma\\\/\"]}]}<\/script>\n<!-- \/ Yoast SEO plugin. -->","yoast_head_json":{"title":"Dm Balea Traum Locken Dream Curls Detangler - Morocco Price","description":"Discover the Balea Boucles de R\u00eave detangler in Morocco. Ideal for curly hair, it facilitates detangling, moisturizes without weighing it down, and defines your curls.","robots":{"index":"index","follow":"follow","max-snippet":"max-snippet:-1","max-image-preview":"max-image-preview:large","max-video-preview":"max-video-preview:-1"},"canonical":"https:\/\/vitablanca.ma\/en\/product\/balea-demeleur-boucles-de-reve\/","og_locale":"en_US","og_type":"article","og_title":"Dm Balea traum locken D\u00e9m\u00ealeur boucles de r\u00eave - Maroc Prix","og_description":"D\u00e9couvrez le d\u00e9m\u00ealeur Balea Boucles de R\u00eave au Maroc. Id\u00e9al pour cheveux boucl\u00e9s, il facilite le d\u00e9m\u00ealage, hydrate sans alourdir et d\u00e9finit vos boucles.","og_url":"https:\/\/vitablanca.ma\/en\/product\/balea-demeleur-boucles-de-reve\/","og_site_name":"Vitablanca.ma &ndash; Sant&eacute;, vitalit&eacute; et bien-&ecirc;tre pour tous les Marocains","article_publisher":"https:\/\/www.facebook.com\/profile.php?id=61576678196717","article_modified_time":"2025-08-20T22:00:46+00:00","og_image":[{"width":1201,"height":1200,"url":"https:\/\/vitablanca.ma\/wp-content\/uploads\/2025\/07\/4066447240788-699247580.png","type":"image\/png"}],"twitter_card":"summary_large_image","twitter_misc":{"Est. reading time":"1 minute"},"schema":{"@context":"https:\/\/schema.org","@graph":[{"@type":["WebPage","ItemPage"],"@id":"https:\/\/vitablanca.ma\/produit\/balea-demeleur-boucles-de-reve\/","url":"https:\/\/vitablanca.ma\/produit\/balea-demeleur-boucles-de-reve\/","name":"Dm Balea Traum Locken Dream Curls Detangler - Morocco Price","isPartOf":{"@id":"https:\/\/vitablanca.ma\/#website"},"primaryImageOfPage":{"@id":"https:\/\/vitablanca.ma\/produit\/balea-demeleur-boucles-de-reve\/#primaryimage"},"image":{"@id":"https:\/\/vitablanca.ma\/produit\/balea-demeleur-boucles-de-reve\/#primaryimage"},"thumbnailUrl":"https:\/\/vitablanca.ma\/wp-content\/uploads\/2025\/07\/4066447240788-699247580.png","datePublished":"2025-07-10T19:13:21+00:00","dateModified":"2025-08-20T22:00:46+00:00","description":"Discover the Balea Boucles de R\u00eave detangler in Morocco. Ideal for curly hair, it facilitates detangling, moisturizes without weighing it down, and defines your curls.","breadcrumb":{"@id":"https:\/\/vitablanca.ma\/produit\/balea-demeleur-boucles-de-reve\/#breadcrumb"},"inLanguage":"en-US","potentialAction":[{"@type":"ReadAction","target":["https:\/\/vitablanca.ma\/produit\/balea-demeleur-boucles-de-reve\/"]}]},{"@type":"ImageObject","inLanguage":"en-US","@id":"https:\/\/vitablanca.ma\/produit\/balea-demeleur-boucles-de-reve\/#primaryimage","url":"https:\/\/vitablanca.ma\/wp-content\/uploads\/2025\/07\/4066447240788-699247580.png","contentUrl":"https:\/\/vitablanca.ma\/wp-content\/uploads\/2025\/07\/4066447240788-699247580.png","width":1201,"height":1200},{"@type":"BreadcrumbList","@id":"https:\/\/vitablanca.ma\/produit\/balea-demeleur-boucles-de-reve\/#breadcrumb","itemListElement":[{"@type":"ListItem","position":1,"name":"Home","item":"https:\/\/vitablanca.ma\/"},{"@type":"ListItem","position":2,"name":"Tous Les Produits","item":"https:\/\/vitablanca.ma\/tous-les-produits\/"},{"@type":"ListItem","position":3,"name":"Dm Balea D\u00e9m\u00ealeur boucles de r\u00eave"}]},{"@type":"WebSite","@id":"https:\/\/vitablanca.ma\/#website","url":"https:\/\/vitablanca.ma\/","name":"VitaBlanca.ma | Food supplements, health &amp; beauty in Morocco","description":"sell premium vitamins and supplements from USA &amp; Canada, New Zealand, Morocco (NOW Foods, Solgar, Manuka). Fast delivery anywhere in Morocco.","publisher":{"@id":"https:\/\/vitablanca.ma\/#organization"},"alternateName":"VitaBlanca.ma","potentialAction":[{"@type":"SearchAction","target":{"@type":"EntryPoint","urlTemplate":"https:\/\/vitablanca.ma\/?s={search_term_string}"},"query-input":{"@type":"PropertyValueSpecification","valueRequired":true,"valueName":"search_term_string"}}],"inLanguage":"en-US"},{"@type":"Organization","@id":"https:\/\/vitablanca.ma\/#organization","name":"VitaBlanca","url":"https:\/\/vitablanca.ma\/","logo":{"@type":"ImageObject","inLanguage":"en-US","@id":"https:\/\/vitablanca.ma\/#\/schema\/logo\/image\/","url":"https:\/\/vitablanca.ma\/wp-content\/uploads\/2025\/05\/cropped-vitablanca.png","contentUrl":"https:\/\/vitablanca.ma\/wp-content\/uploads\/2025\/05\/cropped-vitablanca.png","width":360,"height":67,"caption":"VitaBlanca"},"image":{"@id":"https:\/\/vitablanca.ma\/#\/schema\/logo\/image\/"},"sameAs":["https:\/\/www.facebook.com\/profile.php?id=61576678196717","https:\/\/www.tiktok.com\/@vitablanca.ma","https:\/\/www.instagram.com\/vitablanca.ma\/"]}]}},"jetpack_sharing_enabled":true,"_links":{"self":[{"href":"https:\/\/vitablanca.ma\/en\/wp-json\/wp\/v2\/product\/24238","targetHints":{"allow":["GET"]}}],"collection":[{"href":"https:\/\/vitablanca.ma\/en\/wp-json\/wp\/v2\/product"}],"about":[{"href":"https:\/\/vitablanca.ma\/en\/wp-json\/wp\/v2\/types\/product"}],"wp:featuredmedia":[{"embeddable":true,"href":"https:\/\/vitablanca.ma\/en\/wp-json\/wp\/v2\/media\/24235"}],"wp:attachment":[{"href":"https:\/\/vitablanca.ma\/en\/wp-json\/wp\/v2\/media?parent=24238"}],"wp:term":[{"taxonomy":"product_brand","embeddable":true,"href":"https:\/\/vitablanca.ma\/en\/wp-json\/wp\/v2\/product_brand?post=24238"},{"taxonomy":"product_cat","embeddable":true,"href":"https:\/\/vitablanca.ma\/en\/wp-json\/wp\/v2\/product_cat?post=24238"},{"taxonomy":"product_tag","embeddable":true,"href":"https:\/\/vitablanca.ma\/en\/wp-json\/wp\/v2\/product_tag?post=24238"}],"curies":[{"name":"wp","href":"https:\/\/api.w.org\/{rel}","templated":true}]}}