{"id":24218,"date":"2025-07-10T19:11:14","date_gmt":"2025-07-10T19:11:14","guid":{"rendered":"https:\/\/vitablanca.ma\/product\/balea-serum-sans-rincage-plex-care\/"},"modified":"2025-07-13T17:26:49","modified_gmt":"2025-07-13T17:26:49","slug":"balea-serum-sans-rincage-plex-care","status":"publish","type":"product","link":"https:\/\/vitablanca.ma\/en\/product\/balea-serum-sans-rincage-plex-care\/","title":{"rendered":"Balea Plex Care Leave-In Serum 50ml"},"content":{"rendered":"<h3>Protects &amp; repairs No rinsing Up to 220\u00b0C protection<\/h3>\n<ul>\n<li>Hair Type: Damaged\/Blemished Hair<\/li>\n<li>Product Features: Alcohol-free<\/li>\n<li>Heat protection up to 220\u00b0C<\/li>\n<li>Helps fill gaps in damaged hair structure<\/li>\n<li>For chemically treated &amp; damaged hair<\/li>\n<li>Intense-Repair Technology<\/li>\n<li>With a triple complex of proteins &amp; amino acids<\/li>\n<li>Volume: 50 ml<\/li>\n<\/ul>\n<p>Balea Professional&#039;s Plex Care Leave-In Serum repairs, seals, and protects thanks to its powerful formula for noticeable and visible results. The Intense-Repair Technology with a triple protein complex and amino acids strengthens the hair and rebuilds damaged hair structure. This smooths the hair structure and reduces split ends, breakage, and other hair damage. It intensively cares for the hair and protects it from heat up to 220\u00b0C. The result is strengthened hair fibers and repaired, healthy-looking hair. In addition, hair-loving ingredients such as creatine are deposited in the hair structure, helping to strengthen the hair fibers and ensuring better hair quality.<\/p>\n<h4><strong><span lang=\"EN-US\" style=\"font-size: 11pt; line-height: 104%; font-family: Arial, sans-serif;\">\u00a0Directions for use<\/span><\/strong><\/h4>\n<p>Apply the serum to towel-dried or dry hair, massaging in.<\/p>","protected":false},"excerpt":{"rendered":"<p>Prot\u00e8ge &amp; r\u00e9pare Sans rin\u00e7age Jusqu\u2019\u00e0 220\u00b0C de protection Type de cheveux : Cheveux ab\u00eem\u00e9s\/ab\u00eem\u00e9s Caract\u00e9ristiques du produit : Sans alcool Protection contre la chaleur jusqu&rsquo;\u00e0 220\u00b0C Aide \u00e0 combler les lacunes de la structure capillaire ab\u00eem\u00e9e Pour les cheveux trait\u00e9s chimiquement &amp; ab\u00eem\u00e9s Technologie Intense-Repair Avec un complexe triple de prot\u00e9ines &amp; d&rsquo;acides amin\u00e9s [&hellip;]<\/p>\n","protected":false},"featured_media":24216,"template":"","meta":{"om_disable_all_campaigns":false},"product_brand":[3236],"product_cat":[18],"product_tag":[3237,3240,3238,3239,3241],"class_list":{"0":"post-24218","1":"product","2":"type-product","3":"status-publish","4":"has-post-thumbnail","6":"product_brand-balea-dm-prix-maroc","7":"product_cat-beaute-sante","8":"product_tag-balea","9":"product_tag-balea-dm","10":"product_tag-balea-maroc","11":"product_tag-balea-morocco","12":"product_tag-dm-maroc","14":"first","15":"instock","16":"taxable","17":"shipping-taxable","18":"purchasable","19":"product-type-simple"},"yoast_head":"<!-- This site is optimized with the Yoast SEO plugin v27.4 - https:\/\/yoast.com\/product\/yoast-seo-wordpress\/ -->\n<title>Balea Plex Care S\u00e9rum sans rin\u00e7age 50 ml - Maroc Prix<\/title>\n<meta name=\"description\" content=\"R\u00e9parez vos cheveux avec le s\u00e9rum sans rin\u00e7age Balea Plex Care au Maroc. Ce soin intensif renforce la fibre, prot\u00e8ge jusqu&#039;\u00e0 220\u00b0C, r\u00e9duit les pointes\" \/>\n<meta name=\"robots\" content=\"index, follow, max-snippet:-1, max-image-preview:large, max-video-preview:-1\" \/>\n<link rel=\"canonical\" href=\"https:\/\/vitablanca.ma\/en\/product\/balea-serum-sans-rincage-plex-care\/\" \/>\n<meta property=\"og:locale\" content=\"en_US\" \/>\n<meta property=\"og:type\" content=\"article\" \/>\n<meta property=\"og:title\" content=\"Balea Plex Care S\u00e9rum sans rin\u00e7age 50 ml - Maroc Prix\" \/>\n<meta property=\"og:description\" content=\"R\u00e9parez vos cheveux avec le s\u00e9rum sans rin\u00e7age Balea Plex Care au Maroc. Ce soin intensif renforce la fibre, prot\u00e8ge jusqu&#039;\u00e0 220\u00b0C, r\u00e9duit les pointes\" \/>\n<meta property=\"og:url\" content=\"https:\/\/vitablanca.ma\/en\/product\/balea-serum-sans-rincage-plex-care\/\" \/>\n<meta property=\"og:site_name\" content=\"Vitablanca.ma &ndash; Sant&eacute;, vitalit&eacute; et bien-&ecirc;tre pour tous les Marocains\" \/>\n<meta property=\"article:publisher\" content=\"https:\/\/www.facebook.com\/profile.php?id=61576678196717\" \/>\n<meta property=\"article:modified_time\" content=\"2025-07-13T17:26:49+00:00\" \/>\n<meta property=\"og:image\" content=\"https:\/\/vitablanca.ma\/wp-content\/uploads\/2025\/07\/4066447220476-3611765.png\" \/>\n\t<meta property=\"og:image:width\" content=\"1200\" \/>\n\t<meta property=\"og:image:height\" content=\"1200\" \/>\n\t<meta property=\"og:image:type\" content=\"image\/png\" \/>\n<meta name=\"twitter:card\" content=\"summary_large_image\" \/>\n<meta name=\"twitter:label1\" content=\"Est. reading time\" \/>\n\t<meta name=\"twitter:data1\" content=\"2 minutes\" \/>\n<script type=\"application\/ld+json\" class=\"yoast-schema-graph\">{\"@context\":\"https:\\\/\\\/schema.org\",\"@graph\":[{\"@type\":[\"WebPage\",\"ItemPage\"],\"@id\":\"https:\\\/\\\/vitablanca.ma\\\/produit\\\/balea-serum-sans-rincage-plex-care\\\/\",\"url\":\"https:\\\/\\\/vitablanca.ma\\\/produit\\\/balea-serum-sans-rincage-plex-care\\\/\",\"name\":\"Balea Plex Care S\u00e9rum sans rin\u00e7age 50 ml - Maroc Prix\",\"isPartOf\":{\"@id\":\"https:\\\/\\\/vitablanca.ma\\\/#website\"},\"primaryImageOfPage\":{\"@id\":\"https:\\\/\\\/vitablanca.ma\\\/produit\\\/balea-serum-sans-rincage-plex-care\\\/#primaryimage\"},\"image\":{\"@id\":\"https:\\\/\\\/vitablanca.ma\\\/produit\\\/balea-serum-sans-rincage-plex-care\\\/#primaryimage\"},\"thumbnailUrl\":\"https:\\\/\\\/vitablanca.ma\\\/wp-content\\\/uploads\\\/2025\\\/07\\\/4066447220476-3611765.png\",\"datePublished\":\"2025-07-10T19:11:14+00:00\",\"dateModified\":\"2025-07-13T17:26:49+00:00\",\"description\":\"R\u00e9parez vos cheveux avec le s\u00e9rum sans rin\u00e7age Balea Plex Care au Maroc. Ce soin intensif renforce la fibre, prot\u00e8ge jusqu'\u00e0 220\u00b0C, r\u00e9duit les pointes\",\"breadcrumb\":{\"@id\":\"https:\\\/\\\/vitablanca.ma\\\/produit\\\/balea-serum-sans-rincage-plex-care\\\/#breadcrumb\"},\"inLanguage\":\"en-US\",\"potentialAction\":[{\"@type\":\"ReadAction\",\"target\":[\"https:\\\/\\\/vitablanca.ma\\\/produit\\\/balea-serum-sans-rincage-plex-care\\\/\"]}]},{\"@type\":\"ImageObject\",\"inLanguage\":\"en-US\",\"@id\":\"https:\\\/\\\/vitablanca.ma\\\/produit\\\/balea-serum-sans-rincage-plex-care\\\/#primaryimage\",\"url\":\"https:\\\/\\\/vitablanca.ma\\\/wp-content\\\/uploads\\\/2025\\\/07\\\/4066447220476-3611765.png\",\"contentUrl\":\"https:\\\/\\\/vitablanca.ma\\\/wp-content\\\/uploads\\\/2025\\\/07\\\/4066447220476-3611765.png\",\"width\":1200,\"height\":1200},{\"@type\":\"BreadcrumbList\",\"@id\":\"https:\\\/\\\/vitablanca.ma\\\/produit\\\/balea-serum-sans-rincage-plex-care\\\/#breadcrumb\",\"itemListElement\":[{\"@type\":\"ListItem\",\"position\":1,\"name\":\"Home\",\"item\":\"https:\\\/\\\/vitablanca.ma\\\/\"},{\"@type\":\"ListItem\",\"position\":2,\"name\":\"Tous Les Produits\",\"item\":\"https:\\\/\\\/vitablanca.ma\\\/tous-les-produits\\\/\"},{\"@type\":\"ListItem\",\"position\":3,\"name\":\"Balea Plex Care S\u00e9rum sans rin\u00e7age 50 ml\"}]},{\"@type\":\"WebSite\",\"@id\":\"https:\\\/\\\/vitablanca.ma\\\/#website\",\"url\":\"https:\\\/\\\/vitablanca.ma\\\/\",\"name\":\"VitaBlanca.ma | Compl\u00e9ments alimentaires, sant\u00e9 & beaut\u00e9 au Maroc\",\"description\":\"vendre vitamines et compl\u00e9ments premium des USA &amp; Canada, Nouvelle Z\u00e9lande,Maroc (NOW Foods, Solgar, Manuka). Livraison rapide partout au Maroc.\",\"publisher\":{\"@id\":\"https:\\\/\\\/vitablanca.ma\\\/#organization\"},\"alternateName\":\"VitaBlanca.ma\",\"potentialAction\":[{\"@type\":\"SearchAction\",\"target\":{\"@type\":\"EntryPoint\",\"urlTemplate\":\"https:\\\/\\\/vitablanca.ma\\\/?s={search_term_string}\"},\"query-input\":{\"@type\":\"PropertyValueSpecification\",\"valueRequired\":true,\"valueName\":\"search_term_string\"}}],\"inLanguage\":\"en-US\"},{\"@type\":\"Organization\",\"@id\":\"https:\\\/\\\/vitablanca.ma\\\/#organization\",\"name\":\"VitaBlanca\",\"url\":\"https:\\\/\\\/vitablanca.ma\\\/\",\"logo\":{\"@type\":\"ImageObject\",\"inLanguage\":\"en-US\",\"@id\":\"https:\\\/\\\/vitablanca.ma\\\/#\\\/schema\\\/logo\\\/image\\\/\",\"url\":\"https:\\\/\\\/vitablanca.ma\\\/wp-content\\\/uploads\\\/2025\\\/05\\\/cropped-vitablanca.png\",\"contentUrl\":\"https:\\\/\\\/vitablanca.ma\\\/wp-content\\\/uploads\\\/2025\\\/05\\\/cropped-vitablanca.png\",\"width\":360,\"height\":67,\"caption\":\"VitaBlanca\"},\"image\":{\"@id\":\"https:\\\/\\\/vitablanca.ma\\\/#\\\/schema\\\/logo\\\/image\\\/\"},\"sameAs\":[\"https:\\\/\\\/www.facebook.com\\\/profile.php?id=61576678196717\",\"https:\\\/\\\/www.tiktok.com\\\/@vitablanca.ma\",\"https:\\\/\\\/www.instagram.com\\\/vitablanca.ma\\\/\"]}]}<\/script>\n<!-- \/ Yoast SEO plugin. -->","yoast_head_json":{"title":"Balea Plex Care Leave-In Serum 50ml - Morocco Price","description":"Repair your hair with Balea Plex Care leave-in serum from Morocco. This intensive treatment strengthens the fiber, protects up to 220\u00b0C, and reduces split ends.","robots":{"index":"index","follow":"follow","max-snippet":"max-snippet:-1","max-image-preview":"max-image-preview:large","max-video-preview":"max-video-preview:-1"},"canonical":"https:\/\/vitablanca.ma\/en\/product\/balea-serum-sans-rincage-plex-care\/","og_locale":"en_US","og_type":"article","og_title":"Balea Plex Care S\u00e9rum sans rin\u00e7age 50 ml - Maroc Prix","og_description":"R\u00e9parez vos cheveux avec le s\u00e9rum sans rin\u00e7age Balea Plex Care au Maroc. Ce soin intensif renforce la fibre, prot\u00e8ge jusqu'\u00e0 220\u00b0C, r\u00e9duit les pointes","og_url":"https:\/\/vitablanca.ma\/en\/product\/balea-serum-sans-rincage-plex-care\/","og_site_name":"Vitablanca.ma &ndash; Sant&eacute;, vitalit&eacute; et bien-&ecirc;tre pour tous les Marocains","article_publisher":"https:\/\/www.facebook.com\/profile.php?id=61576678196717","article_modified_time":"2025-07-13T17:26:49+00:00","og_image":[{"width":1200,"height":1200,"url":"https:\/\/vitablanca.ma\/wp-content\/uploads\/2025\/07\/4066447220476-3611765.png","type":"image\/png"}],"twitter_card":"summary_large_image","twitter_misc":{"Est. reading time":"2 minutes"},"schema":{"@context":"https:\/\/schema.org","@graph":[{"@type":["WebPage","ItemPage"],"@id":"https:\/\/vitablanca.ma\/produit\/balea-serum-sans-rincage-plex-care\/","url":"https:\/\/vitablanca.ma\/produit\/balea-serum-sans-rincage-plex-care\/","name":"Balea Plex Care Leave-In Serum 50ml - Morocco Price","isPartOf":{"@id":"https:\/\/vitablanca.ma\/#website"},"primaryImageOfPage":{"@id":"https:\/\/vitablanca.ma\/produit\/balea-serum-sans-rincage-plex-care\/#primaryimage"},"image":{"@id":"https:\/\/vitablanca.ma\/produit\/balea-serum-sans-rincage-plex-care\/#primaryimage"},"thumbnailUrl":"https:\/\/vitablanca.ma\/wp-content\/uploads\/2025\/07\/4066447220476-3611765.png","datePublished":"2025-07-10T19:11:14+00:00","dateModified":"2025-07-13T17:26:49+00:00","description":"Repair your hair with Balea Plex Care leave-in serum from Morocco. This intensive treatment strengthens the fiber, protects up to 220\u00b0C, and reduces split ends.","breadcrumb":{"@id":"https:\/\/vitablanca.ma\/produit\/balea-serum-sans-rincage-plex-care\/#breadcrumb"},"inLanguage":"en-US","potentialAction":[{"@type":"ReadAction","target":["https:\/\/vitablanca.ma\/produit\/balea-serum-sans-rincage-plex-care\/"]}]},{"@type":"ImageObject","inLanguage":"en-US","@id":"https:\/\/vitablanca.ma\/produit\/balea-serum-sans-rincage-plex-care\/#primaryimage","url":"https:\/\/vitablanca.ma\/wp-content\/uploads\/2025\/07\/4066447220476-3611765.png","contentUrl":"https:\/\/vitablanca.ma\/wp-content\/uploads\/2025\/07\/4066447220476-3611765.png","width":1200,"height":1200},{"@type":"BreadcrumbList","@id":"https:\/\/vitablanca.ma\/produit\/balea-serum-sans-rincage-plex-care\/#breadcrumb","itemListElement":[{"@type":"ListItem","position":1,"name":"Home","item":"https:\/\/vitablanca.ma\/"},{"@type":"ListItem","position":2,"name":"Tous Les Produits","item":"https:\/\/vitablanca.ma\/tous-les-produits\/"},{"@type":"ListItem","position":3,"name":"Balea Plex Care S\u00e9rum sans rin\u00e7age 50 ml"}]},{"@type":"WebSite","@id":"https:\/\/vitablanca.ma\/#website","url":"https:\/\/vitablanca.ma\/","name":"VitaBlanca.ma | Food supplements, health &amp; beauty in Morocco","description":"sell premium vitamins and supplements from USA &amp; Canada, New Zealand, Morocco (NOW Foods, Solgar, Manuka). Fast delivery anywhere in Morocco.","publisher":{"@id":"https:\/\/vitablanca.ma\/#organization"},"alternateName":"VitaBlanca.ma","potentialAction":[{"@type":"SearchAction","target":{"@type":"EntryPoint","urlTemplate":"https:\/\/vitablanca.ma\/?s={search_term_string}"},"query-input":{"@type":"PropertyValueSpecification","valueRequired":true,"valueName":"search_term_string"}}],"inLanguage":"en-US"},{"@type":"Organization","@id":"https:\/\/vitablanca.ma\/#organization","name":"VitaBlanca","url":"https:\/\/vitablanca.ma\/","logo":{"@type":"ImageObject","inLanguage":"en-US","@id":"https:\/\/vitablanca.ma\/#\/schema\/logo\/image\/","url":"https:\/\/vitablanca.ma\/wp-content\/uploads\/2025\/05\/cropped-vitablanca.png","contentUrl":"https:\/\/vitablanca.ma\/wp-content\/uploads\/2025\/05\/cropped-vitablanca.png","width":360,"height":67,"caption":"VitaBlanca"},"image":{"@id":"https:\/\/vitablanca.ma\/#\/schema\/logo\/image\/"},"sameAs":["https:\/\/www.facebook.com\/profile.php?id=61576678196717","https:\/\/www.tiktok.com\/@vitablanca.ma","https:\/\/www.instagram.com\/vitablanca.ma\/"]}]}},"jetpack_sharing_enabled":true,"_links":{"self":[{"href":"https:\/\/vitablanca.ma\/en\/wp-json\/wp\/v2\/product\/24218","targetHints":{"allow":["GET"]}}],"collection":[{"href":"https:\/\/vitablanca.ma\/en\/wp-json\/wp\/v2\/product"}],"about":[{"href":"https:\/\/vitablanca.ma\/en\/wp-json\/wp\/v2\/types\/product"}],"wp:featuredmedia":[{"embeddable":true,"href":"https:\/\/vitablanca.ma\/en\/wp-json\/wp\/v2\/media\/24216"}],"wp:attachment":[{"href":"https:\/\/vitablanca.ma\/en\/wp-json\/wp\/v2\/media?parent=24218"}],"wp:term":[{"taxonomy":"product_brand","embeddable":true,"href":"https:\/\/vitablanca.ma\/en\/wp-json\/wp\/v2\/product_brand?post=24218"},{"taxonomy":"product_cat","embeddable":true,"href":"https:\/\/vitablanca.ma\/en\/wp-json\/wp\/v2\/product_cat?post=24218"},{"taxonomy":"product_tag","embeddable":true,"href":"https:\/\/vitablanca.ma\/en\/wp-json\/wp\/v2\/product_tag?post=24218"}],"curies":[{"name":"wp","href":"https:\/\/api.w.org\/{rel}","templated":true}]}}