{"id":24215,"date":"2025-07-10T19:11:01","date_gmt":"2025-07-10T19:11:01","guid":{"rendered":"https:\/\/vitablanca.ma\/product\/dentifrice-clear-fresh-125-ml\/"},"modified":"2025-07-13T17:26:49","modified_gmt":"2025-07-13T17:26:49","slug":"dentifrice-clear-fresh-125-ml","status":"publish","type":"product","link":"https:\/\/vitablanca.ma\/en\/product\/dentifrice-clear-fresh-125-ml\/","title":{"rendered":"Balea Clear Fresh Toothpaste, 125 ml"},"content":{"rendered":"<ul data-mce-fragment=\"1\">\n<li data-mce-fragment=\"1\">With sugar acid protection \u2013 protects against cavities*.<\/li>\n<li data-mce-fragment=\"1\">Antibacterial with zinc**.<\/li>\n<li data-mce-fragment=\"1\">Removes plaque and protects against tartar buildup<\/li>\n<li data-mce-fragment=\"1\">For long-lasting extra-fresh breath<\/li>\n<li data-mce-fragment=\"1\">Contains sodium fluoride (1,450 ppm F-)<\/li>\n<li data-mce-fragment=\"1\"><span data-mce-fragment=\"1\">Formulated without microplastics or pure water-soluble synthetic polymers.<\/span><\/li>\n<li data-mce-fragment=\"1\"><span data-mce-fragment=\"1\">Suitable for adults only.<\/span><\/li>\n<\/ul>\n<p data-mce-fragment=\"1\">Dontodent Clear Fresh toothpaste leaves your mouth feeling clean and fresh. Mild cleaning agents gently and thoroughly remove plaque. The zinc contained in the product has an antibacterial effect. The pleasantly fresh, minty toothpaste hardens and remineralizes tooth enamel.<\/p>","protected":false},"excerpt":{"rendered":"<p>Avec protection contre les acides sucr\u00e9s &#8211; prot\u00e8ge contre les caries*. Antibact\u00e9rien avec du zinc**. \u00c9limine la plaque dentaire et prot\u00e8ge contre la formation de tartre Pour une haleine extra-fra\u00eeche de longue dur\u00e9e Contient du fluorure de sodium (1.450 ppm F-) Formule sans microplastiques ni polym\u00e8res synth\u00e9tiques purs solubles dans l&rsquo;eau. Convient uniquement aux adultes. [&hellip;]<\/p>\n","protected":false},"featured_media":24212,"template":"","meta":{"om_disable_all_campaigns":false},"product_brand":[3236],"product_cat":[18],"product_tag":[3237,3240,3238,3239,3241],"class_list":{"0":"post-24215","1":"product","2":"type-product","3":"status-publish","4":"has-post-thumbnail","6":"product_brand-balea-dm-prix-maroc","7":"product_cat-beaute-sante","8":"product_tag-balea","9":"product_tag-balea-dm","10":"product_tag-balea-maroc","11":"product_tag-balea-morocco","12":"product_tag-dm-maroc","14":"first","15":"instock","16":"taxable","17":"shipping-taxable","18":"purchasable","19":"product-type-simple"},"yoast_head":"<!-- This site is optimized with the Yoast SEO plugin v27.4 - https:\/\/yoast.com\/product\/yoast-seo-wordpress\/ -->\n<title>Balea Dentifrice Clear Fresh, 125 ml - Maroc Prix<\/title>\n<meta name=\"description\" content=\"D\u00e9couvrez le dentifrice Balea Clear Fresh 125 ml au Maroc. Il offre une haleine extra-fra\u00eeche longue dur\u00e9e, prot\u00e8ge contre les caries et le tartre,\" \/>\n<meta name=\"robots\" content=\"index, follow, max-snippet:-1, max-image-preview:large, max-video-preview:-1\" \/>\n<link rel=\"canonical\" href=\"https:\/\/vitablanca.ma\/en\/product\/dentifrice-clear-fresh-125-ml\/\" \/>\n<meta property=\"og:locale\" content=\"en_US\" \/>\n<meta property=\"og:type\" content=\"article\" \/>\n<meta property=\"og:title\" content=\"Balea Dentifrice Clear Fresh, 125 ml - Maroc Prix\" \/>\n<meta property=\"og:description\" content=\"D\u00e9couvrez le dentifrice Balea Clear Fresh 125 ml au Maroc. Il offre une haleine extra-fra\u00eeche longue dur\u00e9e, prot\u00e8ge contre les caries et le tartre,\" \/>\n<meta property=\"og:url\" content=\"https:\/\/vitablanca.ma\/en\/product\/dentifrice-clear-fresh-125-ml\/\" \/>\n<meta property=\"og:site_name\" content=\"Vitablanca.ma &ndash; Sant&eacute;, vitalit&eacute; et bien-&ecirc;tre pour tous les Marocains\" \/>\n<meta property=\"article:publisher\" content=\"https:\/\/www.facebook.com\/profile.php?id=61576678196717\" \/>\n<meta property=\"article:modified_time\" content=\"2025-07-13T17:26:49+00:00\" \/>\n<meta property=\"og:image\" content=\"https:\/\/vitablanca.ma\/wp-content\/uploads\/2025\/07\/4058172936746-3271505.png\" \/>\n\t<meta property=\"og:image:width\" content=\"1200\" \/>\n\t<meta property=\"og:image:height\" content=\"1200\" \/>\n\t<meta property=\"og:image:type\" content=\"image\/png\" \/>\n<meta name=\"twitter:card\" content=\"summary_large_image\" \/>\n<meta name=\"twitter:label1\" content=\"Est. reading time\" \/>\n\t<meta name=\"twitter:data1\" content=\"1 minute\" \/>\n<script type=\"application\/ld+json\" class=\"yoast-schema-graph\">{\"@context\":\"https:\\\/\\\/schema.org\",\"@graph\":[{\"@type\":[\"WebPage\",\"ItemPage\"],\"@id\":\"https:\\\/\\\/vitablanca.ma\\\/produit\\\/dentifrice-clear-fresh-125-ml\\\/\",\"url\":\"https:\\\/\\\/vitablanca.ma\\\/produit\\\/dentifrice-clear-fresh-125-ml\\\/\",\"name\":\"Balea Dentifrice Clear Fresh, 125 ml - Maroc Prix\",\"isPartOf\":{\"@id\":\"https:\\\/\\\/vitablanca.ma\\\/#website\"},\"primaryImageOfPage\":{\"@id\":\"https:\\\/\\\/vitablanca.ma\\\/produit\\\/dentifrice-clear-fresh-125-ml\\\/#primaryimage\"},\"image\":{\"@id\":\"https:\\\/\\\/vitablanca.ma\\\/produit\\\/dentifrice-clear-fresh-125-ml\\\/#primaryimage\"},\"thumbnailUrl\":\"https:\\\/\\\/vitablanca.ma\\\/wp-content\\\/uploads\\\/2025\\\/07\\\/4058172936746-3271505.png\",\"datePublished\":\"2025-07-10T19:11:01+00:00\",\"dateModified\":\"2025-07-13T17:26:49+00:00\",\"description\":\"D\u00e9couvrez le dentifrice Balea Clear Fresh 125 ml au Maroc. Il offre une haleine extra-fra\u00eeche longue dur\u00e9e, prot\u00e8ge contre les caries et le tartre,\",\"breadcrumb\":{\"@id\":\"https:\\\/\\\/vitablanca.ma\\\/produit\\\/dentifrice-clear-fresh-125-ml\\\/#breadcrumb\"},\"inLanguage\":\"en-US\",\"potentialAction\":[{\"@type\":\"ReadAction\",\"target\":[\"https:\\\/\\\/vitablanca.ma\\\/produit\\\/dentifrice-clear-fresh-125-ml\\\/\"]}]},{\"@type\":\"ImageObject\",\"inLanguage\":\"en-US\",\"@id\":\"https:\\\/\\\/vitablanca.ma\\\/produit\\\/dentifrice-clear-fresh-125-ml\\\/#primaryimage\",\"url\":\"https:\\\/\\\/vitablanca.ma\\\/wp-content\\\/uploads\\\/2025\\\/07\\\/4058172936746-3271505.png\",\"contentUrl\":\"https:\\\/\\\/vitablanca.ma\\\/wp-content\\\/uploads\\\/2025\\\/07\\\/4058172936746-3271505.png\",\"width\":1200,\"height\":1200},{\"@type\":\"BreadcrumbList\",\"@id\":\"https:\\\/\\\/vitablanca.ma\\\/produit\\\/dentifrice-clear-fresh-125-ml\\\/#breadcrumb\",\"itemListElement\":[{\"@type\":\"ListItem\",\"position\":1,\"name\":\"Home\",\"item\":\"https:\\\/\\\/vitablanca.ma\\\/\"},{\"@type\":\"ListItem\",\"position\":2,\"name\":\"Tous Les Produits\",\"item\":\"https:\\\/\\\/vitablanca.ma\\\/tous-les-produits\\\/\"},{\"@type\":\"ListItem\",\"position\":3,\"name\":\"Balea Dentifrice Clear Fresh, 125 ml\"}]},{\"@type\":\"WebSite\",\"@id\":\"https:\\\/\\\/vitablanca.ma\\\/#website\",\"url\":\"https:\\\/\\\/vitablanca.ma\\\/\",\"name\":\"VitaBlanca.ma | Compl\u00e9ments alimentaires, sant\u00e9 & beaut\u00e9 au Maroc\",\"description\":\"vendre vitamines et compl\u00e9ments premium des USA &amp; Canada, Nouvelle Z\u00e9lande,Maroc (NOW Foods, Solgar, Manuka). Livraison rapide partout au Maroc.\",\"publisher\":{\"@id\":\"https:\\\/\\\/vitablanca.ma\\\/#organization\"},\"alternateName\":\"VitaBlanca.ma\",\"potentialAction\":[{\"@type\":\"SearchAction\",\"target\":{\"@type\":\"EntryPoint\",\"urlTemplate\":\"https:\\\/\\\/vitablanca.ma\\\/?s={search_term_string}\"},\"query-input\":{\"@type\":\"PropertyValueSpecification\",\"valueRequired\":true,\"valueName\":\"search_term_string\"}}],\"inLanguage\":\"en-US\"},{\"@type\":\"Organization\",\"@id\":\"https:\\\/\\\/vitablanca.ma\\\/#organization\",\"name\":\"VitaBlanca\",\"url\":\"https:\\\/\\\/vitablanca.ma\\\/\",\"logo\":{\"@type\":\"ImageObject\",\"inLanguage\":\"en-US\",\"@id\":\"https:\\\/\\\/vitablanca.ma\\\/#\\\/schema\\\/logo\\\/image\\\/\",\"url\":\"https:\\\/\\\/vitablanca.ma\\\/wp-content\\\/uploads\\\/2025\\\/05\\\/cropped-vitablanca.png\",\"contentUrl\":\"https:\\\/\\\/vitablanca.ma\\\/wp-content\\\/uploads\\\/2025\\\/05\\\/cropped-vitablanca.png\",\"width\":360,\"height\":67,\"caption\":\"VitaBlanca\"},\"image\":{\"@id\":\"https:\\\/\\\/vitablanca.ma\\\/#\\\/schema\\\/logo\\\/image\\\/\"},\"sameAs\":[\"https:\\\/\\\/www.facebook.com\\\/profile.php?id=61576678196717\",\"https:\\\/\\\/www.tiktok.com\\\/@vitablanca.ma\",\"https:\\\/\\\/www.instagram.com\\\/vitablanca.ma\\\/\"]}]}<\/script>\n<!-- \/ Yoast SEO plugin. -->","yoast_head_json":{"title":"Balea Clear Fresh Toothpaste, 125 ml - Morocco Price","description":"Discover Balea Clear Fresh 125ml toothpaste in Morocco. It provides long-lasting extra-fresh breath, protects against cavities and tartar,","robots":{"index":"index","follow":"follow","max-snippet":"max-snippet:-1","max-image-preview":"max-image-preview:large","max-video-preview":"max-video-preview:-1"},"canonical":"https:\/\/vitablanca.ma\/en\/product\/dentifrice-clear-fresh-125-ml\/","og_locale":"en_US","og_type":"article","og_title":"Balea Dentifrice Clear Fresh, 125 ml - Maroc Prix","og_description":"D\u00e9couvrez le dentifrice Balea Clear Fresh 125 ml au Maroc. Il offre une haleine extra-fra\u00eeche longue dur\u00e9e, prot\u00e8ge contre les caries et le tartre,","og_url":"https:\/\/vitablanca.ma\/en\/product\/dentifrice-clear-fresh-125-ml\/","og_site_name":"Vitablanca.ma &ndash; Sant&eacute;, vitalit&eacute; et bien-&ecirc;tre pour tous les Marocains","article_publisher":"https:\/\/www.facebook.com\/profile.php?id=61576678196717","article_modified_time":"2025-07-13T17:26:49+00:00","og_image":[{"width":1200,"height":1200,"url":"https:\/\/vitablanca.ma\/wp-content\/uploads\/2025\/07\/4058172936746-3271505.png","type":"image\/png"}],"twitter_card":"summary_large_image","twitter_misc":{"Est. reading time":"1 minute"},"schema":{"@context":"https:\/\/schema.org","@graph":[{"@type":["WebPage","ItemPage"],"@id":"https:\/\/vitablanca.ma\/produit\/dentifrice-clear-fresh-125-ml\/","url":"https:\/\/vitablanca.ma\/produit\/dentifrice-clear-fresh-125-ml\/","name":"Balea Clear Fresh Toothpaste, 125 ml - Morocco Price","isPartOf":{"@id":"https:\/\/vitablanca.ma\/#website"},"primaryImageOfPage":{"@id":"https:\/\/vitablanca.ma\/produit\/dentifrice-clear-fresh-125-ml\/#primaryimage"},"image":{"@id":"https:\/\/vitablanca.ma\/produit\/dentifrice-clear-fresh-125-ml\/#primaryimage"},"thumbnailUrl":"https:\/\/vitablanca.ma\/wp-content\/uploads\/2025\/07\/4058172936746-3271505.png","datePublished":"2025-07-10T19:11:01+00:00","dateModified":"2025-07-13T17:26:49+00:00","description":"Discover Balea Clear Fresh 125ml toothpaste in Morocco. It provides long-lasting extra-fresh breath, protects against cavities and tartar,","breadcrumb":{"@id":"https:\/\/vitablanca.ma\/produit\/dentifrice-clear-fresh-125-ml\/#breadcrumb"},"inLanguage":"en-US","potentialAction":[{"@type":"ReadAction","target":["https:\/\/vitablanca.ma\/produit\/dentifrice-clear-fresh-125-ml\/"]}]},{"@type":"ImageObject","inLanguage":"en-US","@id":"https:\/\/vitablanca.ma\/produit\/dentifrice-clear-fresh-125-ml\/#primaryimage","url":"https:\/\/vitablanca.ma\/wp-content\/uploads\/2025\/07\/4058172936746-3271505.png","contentUrl":"https:\/\/vitablanca.ma\/wp-content\/uploads\/2025\/07\/4058172936746-3271505.png","width":1200,"height":1200},{"@type":"BreadcrumbList","@id":"https:\/\/vitablanca.ma\/produit\/dentifrice-clear-fresh-125-ml\/#breadcrumb","itemListElement":[{"@type":"ListItem","position":1,"name":"Home","item":"https:\/\/vitablanca.ma\/"},{"@type":"ListItem","position":2,"name":"Tous Les Produits","item":"https:\/\/vitablanca.ma\/tous-les-produits\/"},{"@type":"ListItem","position":3,"name":"Balea Dentifrice Clear Fresh, 125 ml"}]},{"@type":"WebSite","@id":"https:\/\/vitablanca.ma\/#website","url":"https:\/\/vitablanca.ma\/","name":"VitaBlanca.ma | Food supplements, health &amp; beauty in Morocco","description":"sell premium vitamins and supplements from USA &amp; Canada, New Zealand, Morocco (NOW Foods, Solgar, Manuka). Fast delivery anywhere in Morocco.","publisher":{"@id":"https:\/\/vitablanca.ma\/#organization"},"alternateName":"VitaBlanca.ma","potentialAction":[{"@type":"SearchAction","target":{"@type":"EntryPoint","urlTemplate":"https:\/\/vitablanca.ma\/?s={search_term_string}"},"query-input":{"@type":"PropertyValueSpecification","valueRequired":true,"valueName":"search_term_string"}}],"inLanguage":"en-US"},{"@type":"Organization","@id":"https:\/\/vitablanca.ma\/#organization","name":"VitaBlanca","url":"https:\/\/vitablanca.ma\/","logo":{"@type":"ImageObject","inLanguage":"en-US","@id":"https:\/\/vitablanca.ma\/#\/schema\/logo\/image\/","url":"https:\/\/vitablanca.ma\/wp-content\/uploads\/2025\/05\/cropped-vitablanca.png","contentUrl":"https:\/\/vitablanca.ma\/wp-content\/uploads\/2025\/05\/cropped-vitablanca.png","width":360,"height":67,"caption":"VitaBlanca"},"image":{"@id":"https:\/\/vitablanca.ma\/#\/schema\/logo\/image\/"},"sameAs":["https:\/\/www.facebook.com\/profile.php?id=61576678196717","https:\/\/www.tiktok.com\/@vitablanca.ma","https:\/\/www.instagram.com\/vitablanca.ma\/"]}]}},"jetpack_sharing_enabled":true,"_links":{"self":[{"href":"https:\/\/vitablanca.ma\/en\/wp-json\/wp\/v2\/product\/24215","targetHints":{"allow":["GET"]}}],"collection":[{"href":"https:\/\/vitablanca.ma\/en\/wp-json\/wp\/v2\/product"}],"about":[{"href":"https:\/\/vitablanca.ma\/en\/wp-json\/wp\/v2\/types\/product"}],"wp:featuredmedia":[{"embeddable":true,"href":"https:\/\/vitablanca.ma\/en\/wp-json\/wp\/v2\/media\/24212"}],"wp:attachment":[{"href":"https:\/\/vitablanca.ma\/en\/wp-json\/wp\/v2\/media?parent=24215"}],"wp:term":[{"taxonomy":"product_brand","embeddable":true,"href":"https:\/\/vitablanca.ma\/en\/wp-json\/wp\/v2\/product_brand?post=24215"},{"taxonomy":"product_cat","embeddable":true,"href":"https:\/\/vitablanca.ma\/en\/wp-json\/wp\/v2\/product_cat?post=24215"},{"taxonomy":"product_tag","embeddable":true,"href":"https:\/\/vitablanca.ma\/en\/wp-json\/wp\/v2\/product_tag?post=24215"}],"curies":[{"name":"wp","href":"https:\/\/api.w.org\/{rel}","templated":true}]}}