{"id":24202,"date":"2025-07-10T19:08:31","date_gmt":"2025-07-10T19:08:31","guid":{"rendered":"https:\/\/vitablanca.ma\/product\/creme-pour-les-pieds-gel-glace-pour-les-pieds-et-les-jambes-100-ml\/"},"modified":"2025-07-13T17:26:50","modified_gmt":"2025-07-13T17:26:50","slug":"creme-pour-les-pieds-gel-glace-pour-les-pieds-et-les-jambes-100-ml","status":"publish","type":"product","link":"https:\/\/vitablanca.ma\/en\/product\/creme-pour-les-pieds-gel-glace-pour-les-pieds-et-les-jambes-100-ml\/","title":{"rendered":"Balea Foot Cream, Ice Gel for Feet and Legs, 100 ml"},"content":{"rendered":"<p data-mce-fragment=\"1\">Balea Ice Gel for feet and legs gives your feet a lasting feeling of well-being. It contains a fresh active formula of mint oil, menthol, and camphor \u2013 for tired and damaged feet and legs. In addition, the gel contains soothing allantoin and witch hazel extract. Formulated without microplastics or purely synthetic water-soluble polymers.<\/p>\n\n\n<p><\/p>","protected":false},"excerpt":{"rendered":"<ul>\n<li>Scope of application: Body<\/li>\n<li>Product properties: Preservative-free, Nanoparticle-free, Paraben-free, Paraffin\/mineral oil-free, Fragrance-free, Oil\/grease-free<\/li>\n<li>texture \/ consistency \/ application: Gel<\/li>\n<li>With menthol &amp; mint oil<\/li>\n<li>Fresh &amp; refreshing treatment<\/li>\n<li>Skin tolerance confirmed under dermatological control<\/li>\n<\/ul>","protected":false},"featured_media":24199,"template":"","meta":{"om_disable_all_campaigns":false},"product_brand":[3236],"product_cat":[18],"product_tag":[3237,3240,3238,3239,3241],"class_list":{"0":"post-24202","1":"product","2":"type-product","3":"status-publish","4":"has-post-thumbnail","6":"product_brand-balea-dm-prix-maroc","7":"product_cat-beaute-sante","8":"product_tag-balea","9":"product_tag-balea-dm","10":"product_tag-balea-maroc","11":"product_tag-balea-morocco","12":"product_tag-dm-maroc","14":"first","15":"instock","16":"taxable","17":"shipping-taxable","18":"purchasable","19":"product-type-simple"},"yoast_head":"<!-- This site is optimized with the Yoast SEO plugin v27.4 - https:\/\/yoast.com\/product\/yoast-seo-wordpress\/ -->\n<title>Balea Cr\u00e8me pour les Pieds Gel Glac\u00e9 Pieds et Jambes - Maroc Prix<\/title>\n<meta name=\"description\" content=\"D\u00e9couvrez le gel glac\u00e9 Balea pieds &amp; jambes 100 ml au Maroc. Ce soin rafra\u00eechissant soulage les pieds fatigu\u00e9s et les jambes lourdes, hydrate et apaise\" \/>\n<meta name=\"robots\" content=\"index, follow, max-snippet:-1, max-image-preview:large, max-video-preview:-1\" \/>\n<link rel=\"canonical\" href=\"https:\/\/vitablanca.ma\/en\/product\/creme-pour-les-pieds-gel-glace-pour-les-pieds-et-les-jambes-100-ml\/\" \/>\n<meta property=\"og:locale\" content=\"en_US\" \/>\n<meta property=\"og:type\" content=\"article\" \/>\n<meta property=\"og:title\" content=\"Balea Cr\u00e8me pour les Pieds Gel Glac\u00e9 Pieds et Jambes - Maroc Prix\" \/>\n<meta property=\"og:description\" content=\"D\u00e9couvrez le gel glac\u00e9 Balea pieds &amp; jambes 100 ml au Maroc. Ce soin rafra\u00eechissant soulage les pieds fatigu\u00e9s et les jambes lourdes, hydrate et apaise\" \/>\n<meta property=\"og:url\" content=\"https:\/\/vitablanca.ma\/en\/product\/creme-pour-les-pieds-gel-glace-pour-les-pieds-et-les-jambes-100-ml\/\" \/>\n<meta property=\"og:site_name\" content=\"Vitablanca.ma &ndash; Sant&eacute;, vitalit&eacute; et bien-&ecirc;tre pour tous les Marocains\" \/>\n<meta property=\"article:publisher\" content=\"https:\/\/www.facebook.com\/profile.php?id=61576678196717\" \/>\n<meta property=\"article:modified_time\" content=\"2025-07-13T17:26:50+00:00\" \/>\n<meta property=\"og:image\" content=\"https:\/\/vitablanca.ma\/wp-content\/uploads\/2025\/07\/4066447103236-3647030.png\" \/>\n\t<meta property=\"og:image:width\" content=\"1200\" \/>\n\t<meta property=\"og:image:height\" content=\"1200\" \/>\n\t<meta property=\"og:image:type\" content=\"image\/png\" \/>\n<meta name=\"twitter:card\" content=\"summary_large_image\" \/>\n<meta name=\"twitter:label1\" content=\"Est. reading time\" \/>\n\t<meta name=\"twitter:data1\" content=\"1 minute\" \/>\n<script type=\"application\/ld+json\" class=\"yoast-schema-graph\">{\"@context\":\"https:\\\/\\\/schema.org\",\"@graph\":[{\"@type\":[\"WebPage\",\"ItemPage\"],\"@id\":\"https:\\\/\\\/vitablanca.ma\\\/produit\\\/creme-pour-les-pieds-gel-glace-pour-les-pieds-et-les-jambes-100-ml\\\/\",\"url\":\"https:\\\/\\\/vitablanca.ma\\\/produit\\\/creme-pour-les-pieds-gel-glace-pour-les-pieds-et-les-jambes-100-ml\\\/\",\"name\":\"Balea Cr\u00e8me pour les Pieds Gel Glac\u00e9 Pieds et Jambes - Maroc Prix\",\"isPartOf\":{\"@id\":\"https:\\\/\\\/vitablanca.ma\\\/#website\"},\"primaryImageOfPage\":{\"@id\":\"https:\\\/\\\/vitablanca.ma\\\/produit\\\/creme-pour-les-pieds-gel-glace-pour-les-pieds-et-les-jambes-100-ml\\\/#primaryimage\"},\"image\":{\"@id\":\"https:\\\/\\\/vitablanca.ma\\\/produit\\\/creme-pour-les-pieds-gel-glace-pour-les-pieds-et-les-jambes-100-ml\\\/#primaryimage\"},\"thumbnailUrl\":\"https:\\\/\\\/vitablanca.ma\\\/wp-content\\\/uploads\\\/2025\\\/07\\\/4066447103236-3647030.png\",\"datePublished\":\"2025-07-10T19:08:31+00:00\",\"dateModified\":\"2025-07-13T17:26:50+00:00\",\"description\":\"D\u00e9couvrez le gel glac\u00e9 Balea pieds & jambes 100 ml au Maroc. Ce soin rafra\u00eechissant soulage les pieds fatigu\u00e9s et les jambes lourdes, hydrate et apaise\",\"breadcrumb\":{\"@id\":\"https:\\\/\\\/vitablanca.ma\\\/produit\\\/creme-pour-les-pieds-gel-glace-pour-les-pieds-et-les-jambes-100-ml\\\/#breadcrumb\"},\"inLanguage\":\"en-US\",\"potentialAction\":[{\"@type\":\"ReadAction\",\"target\":[\"https:\\\/\\\/vitablanca.ma\\\/produit\\\/creme-pour-les-pieds-gel-glace-pour-les-pieds-et-les-jambes-100-ml\\\/\"]}]},{\"@type\":\"ImageObject\",\"inLanguage\":\"en-US\",\"@id\":\"https:\\\/\\\/vitablanca.ma\\\/produit\\\/creme-pour-les-pieds-gel-glace-pour-les-pieds-et-les-jambes-100-ml\\\/#primaryimage\",\"url\":\"https:\\\/\\\/vitablanca.ma\\\/wp-content\\\/uploads\\\/2025\\\/07\\\/4066447103236-3647030.png\",\"contentUrl\":\"https:\\\/\\\/vitablanca.ma\\\/wp-content\\\/uploads\\\/2025\\\/07\\\/4066447103236-3647030.png\",\"width\":1200,\"height\":1200},{\"@type\":\"BreadcrumbList\",\"@id\":\"https:\\\/\\\/vitablanca.ma\\\/produit\\\/creme-pour-les-pieds-gel-glace-pour-les-pieds-et-les-jambes-100-ml\\\/#breadcrumb\",\"itemListElement\":[{\"@type\":\"ListItem\",\"position\":1,\"name\":\"Home\",\"item\":\"https:\\\/\\\/vitablanca.ma\\\/\"},{\"@type\":\"ListItem\",\"position\":2,\"name\":\"Tous Les Produits\",\"item\":\"https:\\\/\\\/vitablanca.ma\\\/tous-les-produits\\\/\"},{\"@type\":\"ListItem\",\"position\":3,\"name\":\"Balea\u00a0Cr\u00e8me pour les pieds, gel glac\u00e9 pour les pieds et les jambes, 100 ml\"}]},{\"@type\":\"WebSite\",\"@id\":\"https:\\\/\\\/vitablanca.ma\\\/#website\",\"url\":\"https:\\\/\\\/vitablanca.ma\\\/\",\"name\":\"VitaBlanca.ma | Compl\u00e9ments alimentaires, sant\u00e9 & beaut\u00e9 au Maroc\",\"description\":\"vendre vitamines et compl\u00e9ments premium des USA &amp; Canada, Nouvelle Z\u00e9lande,Maroc (NOW Foods, Solgar, Manuka). Livraison rapide partout au Maroc.\",\"publisher\":{\"@id\":\"https:\\\/\\\/vitablanca.ma\\\/#organization\"},\"alternateName\":\"VitaBlanca.ma\",\"potentialAction\":[{\"@type\":\"SearchAction\",\"target\":{\"@type\":\"EntryPoint\",\"urlTemplate\":\"https:\\\/\\\/vitablanca.ma\\\/?s={search_term_string}\"},\"query-input\":{\"@type\":\"PropertyValueSpecification\",\"valueRequired\":true,\"valueName\":\"search_term_string\"}}],\"inLanguage\":\"en-US\"},{\"@type\":\"Organization\",\"@id\":\"https:\\\/\\\/vitablanca.ma\\\/#organization\",\"name\":\"VitaBlanca\",\"url\":\"https:\\\/\\\/vitablanca.ma\\\/\",\"logo\":{\"@type\":\"ImageObject\",\"inLanguage\":\"en-US\",\"@id\":\"https:\\\/\\\/vitablanca.ma\\\/#\\\/schema\\\/logo\\\/image\\\/\",\"url\":\"https:\\\/\\\/vitablanca.ma\\\/wp-content\\\/uploads\\\/2025\\\/05\\\/cropped-vitablanca.png\",\"contentUrl\":\"https:\\\/\\\/vitablanca.ma\\\/wp-content\\\/uploads\\\/2025\\\/05\\\/cropped-vitablanca.png\",\"width\":360,\"height\":67,\"caption\":\"VitaBlanca\"},\"image\":{\"@id\":\"https:\\\/\\\/vitablanca.ma\\\/#\\\/schema\\\/logo\\\/image\\\/\"},\"sameAs\":[\"https:\\\/\\\/www.facebook.com\\\/profile.php?id=61576678196717\",\"https:\\\/\\\/www.tiktok.com\\\/@vitablanca.ma\",\"https:\\\/\\\/www.instagram.com\\\/vitablanca.ma\\\/\"]}]}<\/script>\n<!-- \/ Yoast SEO plugin. -->","yoast_head_json":{"title":"Balea Foot Cream Ice Gel Feet and Legs - Morocco Price","description":"Discover the Balea Foot &amp; Leg Ice Gel 100 ml in Morocco. This refreshing treatment soothes tired feet and heavy legs, moisturizes and soothes","robots":{"index":"index","follow":"follow","max-snippet":"max-snippet:-1","max-image-preview":"max-image-preview:large","max-video-preview":"max-video-preview:-1"},"canonical":"https:\/\/vitablanca.ma\/en\/product\/creme-pour-les-pieds-gel-glace-pour-les-pieds-et-les-jambes-100-ml\/","og_locale":"en_US","og_type":"article","og_title":"Balea Cr\u00e8me pour les Pieds Gel Glac\u00e9 Pieds et Jambes - Maroc Prix","og_description":"D\u00e9couvrez le gel glac\u00e9 Balea pieds & jambes 100 ml au Maroc. Ce soin rafra\u00eechissant soulage les pieds fatigu\u00e9s et les jambes lourdes, hydrate et apaise","og_url":"https:\/\/vitablanca.ma\/en\/product\/creme-pour-les-pieds-gel-glace-pour-les-pieds-et-les-jambes-100-ml\/","og_site_name":"Vitablanca.ma &ndash; Sant&eacute;, vitalit&eacute; et bien-&ecirc;tre pour tous les Marocains","article_publisher":"https:\/\/www.facebook.com\/profile.php?id=61576678196717","article_modified_time":"2025-07-13T17:26:50+00:00","og_image":[{"width":1200,"height":1200,"url":"https:\/\/vitablanca.ma\/wp-content\/uploads\/2025\/07\/4066447103236-3647030.png","type":"image\/png"}],"twitter_card":"summary_large_image","twitter_misc":{"Est. reading time":"1 minute"},"schema":{"@context":"https:\/\/schema.org","@graph":[{"@type":["WebPage","ItemPage"],"@id":"https:\/\/vitablanca.ma\/produit\/creme-pour-les-pieds-gel-glace-pour-les-pieds-et-les-jambes-100-ml\/","url":"https:\/\/vitablanca.ma\/produit\/creme-pour-les-pieds-gel-glace-pour-les-pieds-et-les-jambes-100-ml\/","name":"Balea Foot Cream Ice Gel Feet and Legs - Morocco Price","isPartOf":{"@id":"https:\/\/vitablanca.ma\/#website"},"primaryImageOfPage":{"@id":"https:\/\/vitablanca.ma\/produit\/creme-pour-les-pieds-gel-glace-pour-les-pieds-et-les-jambes-100-ml\/#primaryimage"},"image":{"@id":"https:\/\/vitablanca.ma\/produit\/creme-pour-les-pieds-gel-glace-pour-les-pieds-et-les-jambes-100-ml\/#primaryimage"},"thumbnailUrl":"https:\/\/vitablanca.ma\/wp-content\/uploads\/2025\/07\/4066447103236-3647030.png","datePublished":"2025-07-10T19:08:31+00:00","dateModified":"2025-07-13T17:26:50+00:00","description":"Discover the Balea Foot &amp; Leg Ice Gel 100 ml in Morocco. This refreshing treatment soothes tired feet and heavy legs, moisturizes and soothes","breadcrumb":{"@id":"https:\/\/vitablanca.ma\/produit\/creme-pour-les-pieds-gel-glace-pour-les-pieds-et-les-jambes-100-ml\/#breadcrumb"},"inLanguage":"en-US","potentialAction":[{"@type":"ReadAction","target":["https:\/\/vitablanca.ma\/produit\/creme-pour-les-pieds-gel-glace-pour-les-pieds-et-les-jambes-100-ml\/"]}]},{"@type":"ImageObject","inLanguage":"en-US","@id":"https:\/\/vitablanca.ma\/produit\/creme-pour-les-pieds-gel-glace-pour-les-pieds-et-les-jambes-100-ml\/#primaryimage","url":"https:\/\/vitablanca.ma\/wp-content\/uploads\/2025\/07\/4066447103236-3647030.png","contentUrl":"https:\/\/vitablanca.ma\/wp-content\/uploads\/2025\/07\/4066447103236-3647030.png","width":1200,"height":1200},{"@type":"BreadcrumbList","@id":"https:\/\/vitablanca.ma\/produit\/creme-pour-les-pieds-gel-glace-pour-les-pieds-et-les-jambes-100-ml\/#breadcrumb","itemListElement":[{"@type":"ListItem","position":1,"name":"Home","item":"https:\/\/vitablanca.ma\/"},{"@type":"ListItem","position":2,"name":"Tous Les Produits","item":"https:\/\/vitablanca.ma\/tous-les-produits\/"},{"@type":"ListItem","position":3,"name":"Balea\u00a0Cr\u00e8me pour les pieds, gel glac\u00e9 pour les pieds et les jambes, 100 ml"}]},{"@type":"WebSite","@id":"https:\/\/vitablanca.ma\/#website","url":"https:\/\/vitablanca.ma\/","name":"VitaBlanca.ma | Food supplements, health &amp; beauty in Morocco","description":"sell premium vitamins and supplements from USA &amp; Canada, New Zealand, Morocco (NOW Foods, Solgar, Manuka). Fast delivery anywhere in Morocco.","publisher":{"@id":"https:\/\/vitablanca.ma\/#organization"},"alternateName":"VitaBlanca.ma","potentialAction":[{"@type":"SearchAction","target":{"@type":"EntryPoint","urlTemplate":"https:\/\/vitablanca.ma\/?s={search_term_string}"},"query-input":{"@type":"PropertyValueSpecification","valueRequired":true,"valueName":"search_term_string"}}],"inLanguage":"en-US"},{"@type":"Organization","@id":"https:\/\/vitablanca.ma\/#organization","name":"VitaBlanca","url":"https:\/\/vitablanca.ma\/","logo":{"@type":"ImageObject","inLanguage":"en-US","@id":"https:\/\/vitablanca.ma\/#\/schema\/logo\/image\/","url":"https:\/\/vitablanca.ma\/wp-content\/uploads\/2025\/05\/cropped-vitablanca.png","contentUrl":"https:\/\/vitablanca.ma\/wp-content\/uploads\/2025\/05\/cropped-vitablanca.png","width":360,"height":67,"caption":"VitaBlanca"},"image":{"@id":"https:\/\/vitablanca.ma\/#\/schema\/logo\/image\/"},"sameAs":["https:\/\/www.facebook.com\/profile.php?id=61576678196717","https:\/\/www.tiktok.com\/@vitablanca.ma","https:\/\/www.instagram.com\/vitablanca.ma\/"]}]}},"jetpack_sharing_enabled":true,"_links":{"self":[{"href":"https:\/\/vitablanca.ma\/en\/wp-json\/wp\/v2\/product\/24202","targetHints":{"allow":["GET"]}}],"collection":[{"href":"https:\/\/vitablanca.ma\/en\/wp-json\/wp\/v2\/product"}],"about":[{"href":"https:\/\/vitablanca.ma\/en\/wp-json\/wp\/v2\/types\/product"}],"wp:featuredmedia":[{"embeddable":true,"href":"https:\/\/vitablanca.ma\/en\/wp-json\/wp\/v2\/media\/24199"}],"wp:attachment":[{"href":"https:\/\/vitablanca.ma\/en\/wp-json\/wp\/v2\/media?parent=24202"}],"wp:term":[{"taxonomy":"product_brand","embeddable":true,"href":"https:\/\/vitablanca.ma\/en\/wp-json\/wp\/v2\/product_brand?post=24202"},{"taxonomy":"product_cat","embeddable":true,"href":"https:\/\/vitablanca.ma\/en\/wp-json\/wp\/v2\/product_cat?post=24202"},{"taxonomy":"product_tag","embeddable":true,"href":"https:\/\/vitablanca.ma\/en\/wp-json\/wp\/v2\/product_tag?post=24202"}],"curies":[{"name":"wp","href":"https:\/\/api.w.org\/{rel}","templated":true}]}}