{"id":242,"date":"2025-04-18T14:44:39","date_gmt":"2025-04-18T14:44:39","guid":{"rendered":"https:\/\/vitablanca.ma\/?post_type=product&#038;p=242"},"modified":"2025-08-30T21:29:04","modified_gmt":"2025-08-30T21:29:04","slug":"natures-answer-reglisse-450-mg-90-capsules-vegetariennes","status":"publish","type":"product","link":"https:\/\/vitablanca.ma\/en\/product\/natures-answer-reglisse-450-mg-90-capsules-vegetariennes\/","title":{"rendered":"Nature&#039;s Answer Licorice, 450 mg, 90 vegetarian capsules"},"content":{"rendered":"<p>Avec l\u2019un des herbiers les plus complets au monde, Nature\u2019s Answer a identifi\u00e9 la technologie avanc\u00e9e d\u2019empreintes digitales botaniques de M\u00e8re Nature pour plus de 800 normes de r\u00e9f\u00e9rence uniques de plantes. Ces \u00e9chantillons authentifi\u00e9s servent de r\u00e9f\u00e9rence pour \u00e9valuer toutes les mati\u00e8res premi\u00e8res entrantes.<\/p>\n<p>En utilisant des techniques d\u2019extraction soigneusement contr\u00f4l\u00e9es, nous capturons l\u2019\u00e9quilibre holistique de chaque plante et la valeur est transmise \u00e0 vous, le consommateur, qui peut \u00eatre assur\u00e9 que le produit dans votre main est authentique, s\u00fbr, efficace, \u00e9quilibr\u00e9 de mani\u00e8re holistique, et bien s\u00fbr \u2026La r\u00e9ponse de la nature.<\/p>\n<p>Le v\u00e9ritable naturel de nos normes va bien au-del\u00e0 de la plante\u2026<\/p>\n<p>Our facility is GMP (Good Manufacturing Practices), organic and kosher certified.<\/p>\n<p>Vertically Integrated: For superior quality at the best possible price<\/p>\n<p>Suggested Use<\/p>\n<p>En compl\u00e9ment alimentaire, prenez une (1) capsule deux fois par jour avec de la nourriture ou de l\u2019eau.<\/p>","protected":false},"excerpt":{"rendered":"<ul>\n<li>Holistically Balanced<\/li>\n<li>Discover Nature&#039;s Answer and trust the difference\u2026<\/li>\n<li>Food supplement<\/li>\n<li>Vegetarian<\/li>\n<li>Vegan<\/li>\n<\/ul>","protected":false},"featured_media":243,"template":"","meta":{"om_disable_all_campaigns":false},"product_brand":[248],"product_cat":[18,3366,247,104,19],"product_tag":[249],"class_list":{"0":"post-242","1":"product","2":"type-product","3":"status-publish","4":"has-post-thumbnail","6":"product_brand-natures-answer","7":"product_cat-beaute-sante","8":"product_cat-complements-alimentaires-au-maroc-vitablanca","9":"product_cat-racine-de-reglisse","10":"product_cat-supplements-a-base-de-plantes","11":"product_cat-vitamines-supplements-dietetiques","12":"product_tag-natures-answer","14":"first","15":"instock","16":"sale","17":"taxable","18":"shipping-taxable","19":"purchasable","20":"product-type-simple"},"yoast_head":"<!-- This site is optimized with the Yoast SEO plugin v27.5 - https:\/\/yoast.com\/product\/yoast-seo-wordpress\/ -->\n<title>Nature&#039;s Answer R\u00e9glisse 450 mg, 90 Vcaps - Maroc prix<\/title>\n<meta name=\"description\" content=\"Achetez Nature&#039;s Answer R\u00e9glisse 450 mg au Maroc. 90 capsules v\u00e9g\u00e9tariennes pour un soutien digestif et respiratoire naturel. Qualit\u00e9 sup\u00e9rieure.\" \/>\n<meta name=\"robots\" content=\"index, follow, max-snippet:-1, max-image-preview:large, max-video-preview:-1\" \/>\n<link rel=\"canonical\" href=\"https:\/\/vitablanca.ma\/en\/product\/natures-answer-reglisse-450-mg-90-capsules-vegetariennes\/\" \/>\n<meta property=\"og:locale\" content=\"en_US\" \/>\n<meta property=\"og:type\" content=\"article\" \/>\n<meta property=\"og:title\" content=\"Nature&#039;s Answer R\u00e9glisse 450 mg, 90 Vcaps - Maroc prix\" \/>\n<meta property=\"og:description\" content=\"Achetez Nature&#039;s Answer R\u00e9glisse 450 mg au Maroc. 90 capsules v\u00e9g\u00e9tariennes pour un soutien digestif et respiratoire naturel. Qualit\u00e9 sup\u00e9rieure.\" \/>\n<meta property=\"og:url\" content=\"https:\/\/vitablanca.ma\/en\/product\/natures-answer-reglisse-450-mg-90-capsules-vegetariennes\/\" \/>\n<meta property=\"og:site_name\" content=\"Vitablanca.ma &ndash; Sant&eacute;, vitalit&eacute; et bien-&ecirc;tre pour tous les Marocains\" \/>\n<meta property=\"article:publisher\" content=\"https:\/\/www.facebook.com\/profile.php?id=61576678196717\" \/>\n<meta property=\"article:modified_time\" content=\"2025-08-30T21:29:04+00:00\" \/>\n<meta property=\"og:image\" content=\"https:\/\/vitablanca.ma\/wp-content\/uploads\/2025\/04\/natures-answer-reglisse-450-mg-90-capsules-vegetariennes-.jpg\" \/>\n\t<meta property=\"og:image:width\" content=\"680\" \/>\n\t<meta property=\"og:image:height\" content=\"680\" \/>\n\t<meta property=\"og:image:type\" content=\"image\/jpeg\" \/>\n<meta name=\"twitter:card\" content=\"summary_large_image\" \/>\n<meta name=\"twitter:label1\" content=\"Est. reading time\" \/>\n\t<meta name=\"twitter:data1\" content=\"1 minute\" \/>\n<script type=\"application\/ld+json\" class=\"yoast-schema-graph\">{\"@context\":\"https:\\\/\\\/schema.org\",\"@graph\":[{\"@type\":[\"WebPage\",\"ItemPage\"],\"@id\":\"https:\\\/\\\/vitablanca.ma\\\/produit\\\/natures-answer-reglisse-450-mg-90-capsules-vegetariennes\\\/\",\"url\":\"https:\\\/\\\/vitablanca.ma\\\/produit\\\/natures-answer-reglisse-450-mg-90-capsules-vegetariennes\\\/\",\"name\":\"Nature's Answer R\u00e9glisse 450 mg, 90 Vcaps - Maroc prix\",\"isPartOf\":{\"@id\":\"https:\\\/\\\/vitablanca.ma\\\/#website\"},\"primaryImageOfPage\":{\"@id\":\"https:\\\/\\\/vitablanca.ma\\\/produit\\\/natures-answer-reglisse-450-mg-90-capsules-vegetariennes\\\/#primaryimage\"},\"image\":{\"@id\":\"https:\\\/\\\/vitablanca.ma\\\/produit\\\/natures-answer-reglisse-450-mg-90-capsules-vegetariennes\\\/#primaryimage\"},\"thumbnailUrl\":\"https:\\\/\\\/vitablanca.ma\\\/wp-content\\\/uploads\\\/2025\\\/04\\\/natures-answer-reglisse-450-mg-90-capsules-vegetariennes-.jpg\",\"datePublished\":\"2025-04-18T14:44:39+00:00\",\"dateModified\":\"2025-08-30T21:29:04+00:00\",\"description\":\"Achetez Nature's Answer R\u00e9glisse 450 mg au Maroc. 90 capsules v\u00e9g\u00e9tariennes pour un soutien digestif et respiratoire naturel. Qualit\u00e9 sup\u00e9rieure.\",\"breadcrumb\":{\"@id\":\"https:\\\/\\\/vitablanca.ma\\\/produit\\\/natures-answer-reglisse-450-mg-90-capsules-vegetariennes\\\/#breadcrumb\"},\"inLanguage\":\"en-US\",\"potentialAction\":[{\"@type\":\"ReadAction\",\"target\":[\"https:\\\/\\\/vitablanca.ma\\\/produit\\\/natures-answer-reglisse-450-mg-90-capsules-vegetariennes\\\/\"]}]},{\"@type\":\"ImageObject\",\"inLanguage\":\"en-US\",\"@id\":\"https:\\\/\\\/vitablanca.ma\\\/produit\\\/natures-answer-reglisse-450-mg-90-capsules-vegetariennes\\\/#primaryimage\",\"url\":\"https:\\\/\\\/vitablanca.ma\\\/wp-content\\\/uploads\\\/2025\\\/04\\\/natures-answer-reglisse-450-mg-90-capsules-vegetariennes-.jpg\",\"contentUrl\":\"https:\\\/\\\/vitablanca.ma\\\/wp-content\\\/uploads\\\/2025\\\/04\\\/natures-answer-reglisse-450-mg-90-capsules-vegetariennes-.jpg\",\"width\":680,\"height\":680},{\"@type\":\"BreadcrumbList\",\"@id\":\"https:\\\/\\\/vitablanca.ma\\\/produit\\\/natures-answer-reglisse-450-mg-90-capsules-vegetariennes\\\/#breadcrumb\",\"itemListElement\":[{\"@type\":\"ListItem\",\"position\":1,\"name\":\"Home\",\"item\":\"https:\\\/\\\/vitablanca.ma\\\/\"},{\"@type\":\"ListItem\",\"position\":2,\"name\":\"Tous Les Produits\",\"item\":\"https:\\\/\\\/vitablanca.ma\\\/tous-les-produits\\\/\"},{\"@type\":\"ListItem\",\"position\":3,\"name\":\"Nature&#8217;S Answer R\u00e9glisse, 450 mg, 90 capsules v\u00e9g\u00e9tariennes\"}]},{\"@type\":\"WebSite\",\"@id\":\"https:\\\/\\\/vitablanca.ma\\\/#website\",\"url\":\"https:\\\/\\\/vitablanca.ma\\\/\",\"name\":\"VitaBlanca.ma | Compl\u00e9ments alimentaires, sant\u00e9 & beaut\u00e9 au Maroc\",\"description\":\"vendre vitamines et compl\u00e9ments premium des USA &amp; Canada, Nouvelle Z\u00e9lande,Maroc (NOW Foods, Solgar, Manuka). Livraison rapide partout au Maroc.\",\"publisher\":{\"@id\":\"https:\\\/\\\/vitablanca.ma\\\/#organization\"},\"alternateName\":\"VitaBlanca.ma\",\"potentialAction\":[{\"@type\":\"SearchAction\",\"target\":{\"@type\":\"EntryPoint\",\"urlTemplate\":\"https:\\\/\\\/vitablanca.ma\\\/?s={search_term_string}\"},\"query-input\":{\"@type\":\"PropertyValueSpecification\",\"valueRequired\":true,\"valueName\":\"search_term_string\"}}],\"inLanguage\":\"en-US\"},{\"@type\":\"Organization\",\"@id\":\"https:\\\/\\\/vitablanca.ma\\\/#organization\",\"name\":\"VitaBlanca\",\"url\":\"https:\\\/\\\/vitablanca.ma\\\/\",\"logo\":{\"@type\":\"ImageObject\",\"inLanguage\":\"en-US\",\"@id\":\"https:\\\/\\\/vitablanca.ma\\\/#\\\/schema\\\/logo\\\/image\\\/\",\"url\":\"https:\\\/\\\/vitablanca.ma\\\/wp-content\\\/uploads\\\/2025\\\/05\\\/cropped-vitablanca.png\",\"contentUrl\":\"https:\\\/\\\/vitablanca.ma\\\/wp-content\\\/uploads\\\/2025\\\/05\\\/cropped-vitablanca.png\",\"width\":360,\"height\":67,\"caption\":\"VitaBlanca\"},\"image\":{\"@id\":\"https:\\\/\\\/vitablanca.ma\\\/#\\\/schema\\\/logo\\\/image\\\/\"},\"sameAs\":[\"https:\\\/\\\/www.facebook.com\\\/profile.php?id=61576678196717\",\"https:\\\/\\\/www.tiktok.com\\\/@vitablanca.ma\",\"https:\\\/\\\/www.instagram.com\\\/vitablanca.ma\\\/\"]}]}<\/script>\n<!-- \/ Yoast SEO plugin. -->","yoast_head_json":{"title":"Nature&#039;s Answer Licorice 450 mg, 90 Vcaps - Morocco price","description":"Buy Nature&#039;s Answer Licorice 450 mg in Morocco. 90 vegetarian capsules for natural digestive and respiratory support. Premium quality.","robots":{"index":"index","follow":"follow","max-snippet":"max-snippet:-1","max-image-preview":"max-image-preview:large","max-video-preview":"max-video-preview:-1"},"canonical":"https:\/\/vitablanca.ma\/en\/product\/natures-answer-reglisse-450-mg-90-capsules-vegetariennes\/","og_locale":"en_US","og_type":"article","og_title":"Nature's Answer R\u00e9glisse 450 mg, 90 Vcaps - Maroc prix","og_description":"Achetez Nature's Answer R\u00e9glisse 450 mg au Maroc. 90 capsules v\u00e9g\u00e9tariennes pour un soutien digestif et respiratoire naturel. Qualit\u00e9 sup\u00e9rieure.","og_url":"https:\/\/vitablanca.ma\/en\/product\/natures-answer-reglisse-450-mg-90-capsules-vegetariennes\/","og_site_name":"Vitablanca.ma &ndash; Sant&eacute;, vitalit&eacute; et bien-&ecirc;tre pour tous les Marocains","article_publisher":"https:\/\/www.facebook.com\/profile.php?id=61576678196717","article_modified_time":"2025-08-30T21:29:04+00:00","og_image":[{"width":680,"height":680,"url":"https:\/\/vitablanca.ma\/wp-content\/uploads\/2025\/04\/natures-answer-reglisse-450-mg-90-capsules-vegetariennes-.jpg","type":"image\/jpeg"}],"twitter_card":"summary_large_image","twitter_misc":{"Est. reading time":"1 minute"},"schema":{"@context":"https:\/\/schema.org","@graph":[{"@type":["WebPage","ItemPage"],"@id":"https:\/\/vitablanca.ma\/produit\/natures-answer-reglisse-450-mg-90-capsules-vegetariennes\/","url":"https:\/\/vitablanca.ma\/produit\/natures-answer-reglisse-450-mg-90-capsules-vegetariennes\/","name":"Nature&#039;s Answer Licorice 450 mg, 90 Vcaps - Morocco price","isPartOf":{"@id":"https:\/\/vitablanca.ma\/#website"},"primaryImageOfPage":{"@id":"https:\/\/vitablanca.ma\/produit\/natures-answer-reglisse-450-mg-90-capsules-vegetariennes\/#primaryimage"},"image":{"@id":"https:\/\/vitablanca.ma\/produit\/natures-answer-reglisse-450-mg-90-capsules-vegetariennes\/#primaryimage"},"thumbnailUrl":"https:\/\/vitablanca.ma\/wp-content\/uploads\/2025\/04\/natures-answer-reglisse-450-mg-90-capsules-vegetariennes-.jpg","datePublished":"2025-04-18T14:44:39+00:00","dateModified":"2025-08-30T21:29:04+00:00","description":"Buy Nature&#039;s Answer Licorice 450 mg in Morocco. 90 vegetarian capsules for natural digestive and respiratory support. Premium quality.","breadcrumb":{"@id":"https:\/\/vitablanca.ma\/produit\/natures-answer-reglisse-450-mg-90-capsules-vegetariennes\/#breadcrumb"},"inLanguage":"en-US","potentialAction":[{"@type":"ReadAction","target":["https:\/\/vitablanca.ma\/produit\/natures-answer-reglisse-450-mg-90-capsules-vegetariennes\/"]}]},{"@type":"ImageObject","inLanguage":"en-US","@id":"https:\/\/vitablanca.ma\/produit\/natures-answer-reglisse-450-mg-90-capsules-vegetariennes\/#primaryimage","url":"https:\/\/vitablanca.ma\/wp-content\/uploads\/2025\/04\/natures-answer-reglisse-450-mg-90-capsules-vegetariennes-.jpg","contentUrl":"https:\/\/vitablanca.ma\/wp-content\/uploads\/2025\/04\/natures-answer-reglisse-450-mg-90-capsules-vegetariennes-.jpg","width":680,"height":680},{"@type":"BreadcrumbList","@id":"https:\/\/vitablanca.ma\/produit\/natures-answer-reglisse-450-mg-90-capsules-vegetariennes\/#breadcrumb","itemListElement":[{"@type":"ListItem","position":1,"name":"Home","item":"https:\/\/vitablanca.ma\/"},{"@type":"ListItem","position":2,"name":"Tous Les Produits","item":"https:\/\/vitablanca.ma\/tous-les-produits\/"},{"@type":"ListItem","position":3,"name":"Nature&#8217;S Answer R\u00e9glisse, 450 mg, 90 capsules v\u00e9g\u00e9tariennes"}]},{"@type":"WebSite","@id":"https:\/\/vitablanca.ma\/#website","url":"https:\/\/vitablanca.ma\/","name":"VitaBlanca.ma | Food supplements, health &amp; beauty in Morocco","description":"sell premium vitamins and supplements from USA &amp; Canada, New Zealand, Morocco (NOW Foods, Solgar, Manuka). Fast delivery anywhere in Morocco.","publisher":{"@id":"https:\/\/vitablanca.ma\/#organization"},"alternateName":"VitaBlanca.ma","potentialAction":[{"@type":"SearchAction","target":{"@type":"EntryPoint","urlTemplate":"https:\/\/vitablanca.ma\/?s={search_term_string}"},"query-input":{"@type":"PropertyValueSpecification","valueRequired":true,"valueName":"search_term_string"}}],"inLanguage":"en-US"},{"@type":"Organization","@id":"https:\/\/vitablanca.ma\/#organization","name":"VitaBlanca","url":"https:\/\/vitablanca.ma\/","logo":{"@type":"ImageObject","inLanguage":"en-US","@id":"https:\/\/vitablanca.ma\/#\/schema\/logo\/image\/","url":"https:\/\/vitablanca.ma\/wp-content\/uploads\/2025\/05\/cropped-vitablanca.png","contentUrl":"https:\/\/vitablanca.ma\/wp-content\/uploads\/2025\/05\/cropped-vitablanca.png","width":360,"height":67,"caption":"VitaBlanca"},"image":{"@id":"https:\/\/vitablanca.ma\/#\/schema\/logo\/image\/"},"sameAs":["https:\/\/www.facebook.com\/profile.php?id=61576678196717","https:\/\/www.tiktok.com\/@vitablanca.ma","https:\/\/www.instagram.com\/vitablanca.ma\/"]}]}},"jetpack_sharing_enabled":true,"_links":{"self":[{"href":"https:\/\/vitablanca.ma\/en\/wp-json\/wp\/v2\/product\/242","targetHints":{"allow":["GET"]}}],"collection":[{"href":"https:\/\/vitablanca.ma\/en\/wp-json\/wp\/v2\/product"}],"about":[{"href":"https:\/\/vitablanca.ma\/en\/wp-json\/wp\/v2\/types\/product"}],"wp:featuredmedia":[{"embeddable":true,"href":"https:\/\/vitablanca.ma\/en\/wp-json\/wp\/v2\/media\/243"}],"wp:attachment":[{"href":"https:\/\/vitablanca.ma\/en\/wp-json\/wp\/v2\/media?parent=242"}],"wp:term":[{"taxonomy":"product_brand","embeddable":true,"href":"https:\/\/vitablanca.ma\/en\/wp-json\/wp\/v2\/product_brand?post=242"},{"taxonomy":"product_cat","embeddable":true,"href":"https:\/\/vitablanca.ma\/en\/wp-json\/wp\/v2\/product_cat?post=242"},{"taxonomy":"product_tag","embeddable":true,"href":"https:\/\/vitablanca.ma\/en\/wp-json\/wp\/v2\/product_tag?post=242"}],"curies":[{"name":"wp","href":"https:\/\/api.w.org\/{rel}","templated":true}]}}