{"id":24198,"date":"2025-07-10T19:08:02","date_gmt":"2025-07-10T19:08:02","guid":{"rendered":"https:\/\/vitablanca.ma\/product\/shampoo-oil-repair-intensiv-250-ml\/"},"modified":"2025-07-13T17:26:50","modified_gmt":"2025-07-13T17:26:50","slug":"shampoo-oil-repair-intensiv-250-ml","status":"publish","type":"product","link":"https:\/\/vitablanca.ma\/en\/product\/shampoo-oil-repair-intensiv-250-ml\/","title":{"rendered":"Balea Shampoo Oil Repair Intensive 250 ml"},"content":{"rendered":"<p data-mce-fragment=\"1\">Balea&#039;s Oil Repair Intensive Shampoo has a conditioning, strengthening, and particularly intense effect. Its powerful formula ensures noticeable and visible results for the care of extremely damaged and dry hair. In addition, it reduces hair breakage and makes hair easier to comb, even with split ends. This means you can rely on gentle, scalp-friendly cleansing with a silicone-free formula. Hair components such as keratin are also deposited in the hair structure, helping to strengthen the hair fibers and ensuring better hair quality.<\/p>\n\n\n<p><\/p>","protected":false},"excerpt":{"rendered":"<ul>\n<li>Hair Type: Dry Hair<\/li>\n<li>Product Features: Alcohol-free, Silicone-free<\/li>\n<li>Intensive deep treatment for hair damage for strong, healthy-looking, shiny hair.<\/li>\n<li>For extremely damaged and dry hair<\/li>\n<li>Keratin and Argan Oil Care Formula<\/li>\n<li>Up to 80% less broken hair<\/li>\n<li>Silicone-free formula<\/li>\n<\/ul>","protected":false},"featured_media":24195,"template":"","meta":{"om_disable_all_campaigns":false},"product_brand":[3236],"product_cat":[18],"product_tag":[3237,3240,3238,3239,3241],"class_list":{"0":"post-24198","1":"product","2":"type-product","3":"status-publish","4":"has-post-thumbnail","6":"product_brand-balea-dm-prix-maroc","7":"product_cat-beaute-sante","8":"product_tag-balea","9":"product_tag-balea-dm","10":"product_tag-balea-maroc","11":"product_tag-balea-morocco","12":"product_tag-dm-maroc","14":"first","15":"instock","16":"taxable","17":"shipping-taxable","18":"purchasable","19":"product-type-simple"},"yoast_head":"<!-- This site is optimized with the Yoast SEO plugin v27.4 - https:\/\/yoast.com\/product\/yoast-seo-wordpress\/ -->\n<title>Balea Shampoo Oil Repair Intensiv 250 ml - Maroc Prix<\/title>\n<meta name=\"description\" content=\"D\u00e9couvrez le shampoing Balea Oil Repair Intensiv 250 ml au Maroc. Id\u00e9al pour cheveux secs et ab\u00eem\u00e9s, il nettoie en douceur, nourrit en profondeur et apporte\" \/>\n<meta name=\"robots\" content=\"index, follow, max-snippet:-1, max-image-preview:large, max-video-preview:-1\" \/>\n<link rel=\"canonical\" href=\"https:\/\/vitablanca.ma\/en\/product\/shampoo-oil-repair-intensiv-250-ml\/\" \/>\n<meta property=\"og:locale\" content=\"en_US\" \/>\n<meta property=\"og:type\" content=\"article\" \/>\n<meta property=\"og:title\" content=\"Balea Shampoo Oil Repair Intensiv 250 ml - Maroc Prix\" \/>\n<meta property=\"og:description\" content=\"D\u00e9couvrez le shampoing Balea Oil Repair Intensiv 250 ml au Maroc. Id\u00e9al pour cheveux secs et ab\u00eem\u00e9s, il nettoie en douceur, nourrit en profondeur et apporte\" \/>\n<meta property=\"og:url\" content=\"https:\/\/vitablanca.ma\/en\/product\/shampoo-oil-repair-intensiv-250-ml\/\" \/>\n<meta property=\"og:site_name\" content=\"Vitablanca.ma &ndash; Sant&eacute;, vitalit&eacute; et bien-&ecirc;tre pour tous les Marocains\" \/>\n<meta property=\"article:publisher\" content=\"https:\/\/www.facebook.com\/profile.php?id=61576678196717\" \/>\n<meta property=\"article:modified_time\" content=\"2025-07-13T17:26:50+00:00\" \/>\n<meta property=\"og:image\" content=\"https:\/\/vitablanca.ma\/wp-content\/uploads\/2025\/07\/4066447365429-256948548_3dc015d2-8ddb-4880-a383-0c5f2ef3f5f8.png\" \/>\n\t<meta property=\"og:image:width\" content=\"1199\" \/>\n\t<meta property=\"og:image:height\" content=\"1200\" \/>\n\t<meta property=\"og:image:type\" content=\"image\/png\" \/>\n<meta name=\"twitter:card\" content=\"summary_large_image\" \/>\n<meta name=\"twitter:label1\" content=\"Est. reading time\" \/>\n\t<meta name=\"twitter:data1\" content=\"1 minute\" \/>\n<script type=\"application\/ld+json\" class=\"yoast-schema-graph\">{\"@context\":\"https:\\\/\\\/schema.org\",\"@graph\":[{\"@type\":[\"WebPage\",\"ItemPage\"],\"@id\":\"https:\\\/\\\/vitablanca.ma\\\/produit\\\/shampoo-oil-repair-intensiv-250-ml\\\/\",\"url\":\"https:\\\/\\\/vitablanca.ma\\\/produit\\\/shampoo-oil-repair-intensiv-250-ml\\\/\",\"name\":\"Balea Shampoo Oil Repair Intensiv 250 ml - Maroc Prix\",\"isPartOf\":{\"@id\":\"https:\\\/\\\/vitablanca.ma\\\/#website\"},\"primaryImageOfPage\":{\"@id\":\"https:\\\/\\\/vitablanca.ma\\\/produit\\\/shampoo-oil-repair-intensiv-250-ml\\\/#primaryimage\"},\"image\":{\"@id\":\"https:\\\/\\\/vitablanca.ma\\\/produit\\\/shampoo-oil-repair-intensiv-250-ml\\\/#primaryimage\"},\"thumbnailUrl\":\"https:\\\/\\\/vitablanca.ma\\\/wp-content\\\/uploads\\\/2025\\\/07\\\/4066447365429-256948548_3dc015d2-8ddb-4880-a383-0c5f2ef3f5f8.png\",\"datePublished\":\"2025-07-10T19:08:02+00:00\",\"dateModified\":\"2025-07-13T17:26:50+00:00\",\"description\":\"D\u00e9couvrez le shampoing Balea Oil Repair Intensiv 250 ml au Maroc. Id\u00e9al pour cheveux secs et ab\u00eem\u00e9s, il nettoie en douceur, nourrit en profondeur et apporte\",\"breadcrumb\":{\"@id\":\"https:\\\/\\\/vitablanca.ma\\\/produit\\\/shampoo-oil-repair-intensiv-250-ml\\\/#breadcrumb\"},\"inLanguage\":\"en-US\",\"potentialAction\":[{\"@type\":\"ReadAction\",\"target\":[\"https:\\\/\\\/vitablanca.ma\\\/produit\\\/shampoo-oil-repair-intensiv-250-ml\\\/\"]}]},{\"@type\":\"ImageObject\",\"inLanguage\":\"en-US\",\"@id\":\"https:\\\/\\\/vitablanca.ma\\\/produit\\\/shampoo-oil-repair-intensiv-250-ml\\\/#primaryimage\",\"url\":\"https:\\\/\\\/vitablanca.ma\\\/wp-content\\\/uploads\\\/2025\\\/07\\\/4066447365429-256948548_3dc015d2-8ddb-4880-a383-0c5f2ef3f5f8.png\",\"contentUrl\":\"https:\\\/\\\/vitablanca.ma\\\/wp-content\\\/uploads\\\/2025\\\/07\\\/4066447365429-256948548_3dc015d2-8ddb-4880-a383-0c5f2ef3f5f8.png\",\"width\":1199,\"height\":1200},{\"@type\":\"BreadcrumbList\",\"@id\":\"https:\\\/\\\/vitablanca.ma\\\/produit\\\/shampoo-oil-repair-intensiv-250-ml\\\/#breadcrumb\",\"itemListElement\":[{\"@type\":\"ListItem\",\"position\":1,\"name\":\"Home\",\"item\":\"https:\\\/\\\/vitablanca.ma\\\/\"},{\"@type\":\"ListItem\",\"position\":2,\"name\":\"Tous Les Produits\",\"item\":\"https:\\\/\\\/vitablanca.ma\\\/tous-les-produits\\\/\"},{\"@type\":\"ListItem\",\"position\":3,\"name\":\"Balea Shampoo Oil Repair Intensiv 250 ml\"}]},{\"@type\":\"WebSite\",\"@id\":\"https:\\\/\\\/vitablanca.ma\\\/#website\",\"url\":\"https:\\\/\\\/vitablanca.ma\\\/\",\"name\":\"VitaBlanca.ma | Compl\u00e9ments alimentaires, sant\u00e9 & beaut\u00e9 au Maroc\",\"description\":\"vendre vitamines et compl\u00e9ments premium des USA &amp; Canada, Nouvelle Z\u00e9lande,Maroc (NOW Foods, Solgar, Manuka). Livraison rapide partout au Maroc.\",\"publisher\":{\"@id\":\"https:\\\/\\\/vitablanca.ma\\\/#organization\"},\"alternateName\":\"VitaBlanca.ma\",\"potentialAction\":[{\"@type\":\"SearchAction\",\"target\":{\"@type\":\"EntryPoint\",\"urlTemplate\":\"https:\\\/\\\/vitablanca.ma\\\/?s={search_term_string}\"},\"query-input\":{\"@type\":\"PropertyValueSpecification\",\"valueRequired\":true,\"valueName\":\"search_term_string\"}}],\"inLanguage\":\"en-US\"},{\"@type\":\"Organization\",\"@id\":\"https:\\\/\\\/vitablanca.ma\\\/#organization\",\"name\":\"VitaBlanca\",\"url\":\"https:\\\/\\\/vitablanca.ma\\\/\",\"logo\":{\"@type\":\"ImageObject\",\"inLanguage\":\"en-US\",\"@id\":\"https:\\\/\\\/vitablanca.ma\\\/#\\\/schema\\\/logo\\\/image\\\/\",\"url\":\"https:\\\/\\\/vitablanca.ma\\\/wp-content\\\/uploads\\\/2025\\\/05\\\/cropped-vitablanca.png\",\"contentUrl\":\"https:\\\/\\\/vitablanca.ma\\\/wp-content\\\/uploads\\\/2025\\\/05\\\/cropped-vitablanca.png\",\"width\":360,\"height\":67,\"caption\":\"VitaBlanca\"},\"image\":{\"@id\":\"https:\\\/\\\/vitablanca.ma\\\/#\\\/schema\\\/logo\\\/image\\\/\"},\"sameAs\":[\"https:\\\/\\\/www.facebook.com\\\/profile.php?id=61576678196717\",\"https:\\\/\\\/www.tiktok.com\\\/@vitablanca.ma\",\"https:\\\/\\\/www.instagram.com\\\/vitablanca.ma\\\/\"]}]}<\/script>\n<!-- \/ Yoast SEO plugin. -->","yoast_head_json":{"title":"Balea Shampoo Oil Repair Intensiv 250 ml - Morocco Price","description":"Discover the Balea Oil Repair Intensiv 250 ml shampoo in Morocco. Ideal for dry and damaged hair, it gently cleanses, deeply nourishes and provides","robots":{"index":"index","follow":"follow","max-snippet":"max-snippet:-1","max-image-preview":"max-image-preview:large","max-video-preview":"max-video-preview:-1"},"canonical":"https:\/\/vitablanca.ma\/en\/product\/shampoo-oil-repair-intensiv-250-ml\/","og_locale":"en_US","og_type":"article","og_title":"Balea Shampoo Oil Repair Intensiv 250 ml - Maroc Prix","og_description":"D\u00e9couvrez le shampoing Balea Oil Repair Intensiv 250 ml au Maroc. Id\u00e9al pour cheveux secs et ab\u00eem\u00e9s, il nettoie en douceur, nourrit en profondeur et apporte","og_url":"https:\/\/vitablanca.ma\/en\/product\/shampoo-oil-repair-intensiv-250-ml\/","og_site_name":"Vitablanca.ma &ndash; Sant&eacute;, vitalit&eacute; et bien-&ecirc;tre pour tous les Marocains","article_publisher":"https:\/\/www.facebook.com\/profile.php?id=61576678196717","article_modified_time":"2025-07-13T17:26:50+00:00","og_image":[{"width":1199,"height":1200,"url":"https:\/\/vitablanca.ma\/wp-content\/uploads\/2025\/07\/4066447365429-256948548_3dc015d2-8ddb-4880-a383-0c5f2ef3f5f8.png","type":"image\/png"}],"twitter_card":"summary_large_image","twitter_misc":{"Est. reading time":"1 minute"},"schema":{"@context":"https:\/\/schema.org","@graph":[{"@type":["WebPage","ItemPage"],"@id":"https:\/\/vitablanca.ma\/produit\/shampoo-oil-repair-intensiv-250-ml\/","url":"https:\/\/vitablanca.ma\/produit\/shampoo-oil-repair-intensiv-250-ml\/","name":"Balea Shampoo Oil Repair Intensiv 250 ml - Morocco Price","isPartOf":{"@id":"https:\/\/vitablanca.ma\/#website"},"primaryImageOfPage":{"@id":"https:\/\/vitablanca.ma\/produit\/shampoo-oil-repair-intensiv-250-ml\/#primaryimage"},"image":{"@id":"https:\/\/vitablanca.ma\/produit\/shampoo-oil-repair-intensiv-250-ml\/#primaryimage"},"thumbnailUrl":"https:\/\/vitablanca.ma\/wp-content\/uploads\/2025\/07\/4066447365429-256948548_3dc015d2-8ddb-4880-a383-0c5f2ef3f5f8.png","datePublished":"2025-07-10T19:08:02+00:00","dateModified":"2025-07-13T17:26:50+00:00","description":"Discover the Balea Oil Repair Intensiv 250 ml shampoo in Morocco. Ideal for dry and damaged hair, it gently cleanses, deeply nourishes and provides","breadcrumb":{"@id":"https:\/\/vitablanca.ma\/produit\/shampoo-oil-repair-intensiv-250-ml\/#breadcrumb"},"inLanguage":"en-US","potentialAction":[{"@type":"ReadAction","target":["https:\/\/vitablanca.ma\/produit\/shampoo-oil-repair-intensiv-250-ml\/"]}]},{"@type":"ImageObject","inLanguage":"en-US","@id":"https:\/\/vitablanca.ma\/produit\/shampoo-oil-repair-intensiv-250-ml\/#primaryimage","url":"https:\/\/vitablanca.ma\/wp-content\/uploads\/2025\/07\/4066447365429-256948548_3dc015d2-8ddb-4880-a383-0c5f2ef3f5f8.png","contentUrl":"https:\/\/vitablanca.ma\/wp-content\/uploads\/2025\/07\/4066447365429-256948548_3dc015d2-8ddb-4880-a383-0c5f2ef3f5f8.png","width":1199,"height":1200},{"@type":"BreadcrumbList","@id":"https:\/\/vitablanca.ma\/produit\/shampoo-oil-repair-intensiv-250-ml\/#breadcrumb","itemListElement":[{"@type":"ListItem","position":1,"name":"Home","item":"https:\/\/vitablanca.ma\/"},{"@type":"ListItem","position":2,"name":"Tous Les Produits","item":"https:\/\/vitablanca.ma\/tous-les-produits\/"},{"@type":"ListItem","position":3,"name":"Balea Shampoo Oil Repair Intensiv 250 ml"}]},{"@type":"WebSite","@id":"https:\/\/vitablanca.ma\/#website","url":"https:\/\/vitablanca.ma\/","name":"VitaBlanca.ma | Food supplements, health &amp; beauty in Morocco","description":"sell premium vitamins and supplements from USA &amp; Canada, New Zealand, Morocco (NOW Foods, Solgar, Manuka). Fast delivery anywhere in Morocco.","publisher":{"@id":"https:\/\/vitablanca.ma\/#organization"},"alternateName":"VitaBlanca.ma","potentialAction":[{"@type":"SearchAction","target":{"@type":"EntryPoint","urlTemplate":"https:\/\/vitablanca.ma\/?s={search_term_string}"},"query-input":{"@type":"PropertyValueSpecification","valueRequired":true,"valueName":"search_term_string"}}],"inLanguage":"en-US"},{"@type":"Organization","@id":"https:\/\/vitablanca.ma\/#organization","name":"VitaBlanca","url":"https:\/\/vitablanca.ma\/","logo":{"@type":"ImageObject","inLanguage":"en-US","@id":"https:\/\/vitablanca.ma\/#\/schema\/logo\/image\/","url":"https:\/\/vitablanca.ma\/wp-content\/uploads\/2025\/05\/cropped-vitablanca.png","contentUrl":"https:\/\/vitablanca.ma\/wp-content\/uploads\/2025\/05\/cropped-vitablanca.png","width":360,"height":67,"caption":"VitaBlanca"},"image":{"@id":"https:\/\/vitablanca.ma\/#\/schema\/logo\/image\/"},"sameAs":["https:\/\/www.facebook.com\/profile.php?id=61576678196717","https:\/\/www.tiktok.com\/@vitablanca.ma","https:\/\/www.instagram.com\/vitablanca.ma\/"]}]}},"jetpack_sharing_enabled":true,"_links":{"self":[{"href":"https:\/\/vitablanca.ma\/en\/wp-json\/wp\/v2\/product\/24198","targetHints":{"allow":["GET"]}}],"collection":[{"href":"https:\/\/vitablanca.ma\/en\/wp-json\/wp\/v2\/product"}],"about":[{"href":"https:\/\/vitablanca.ma\/en\/wp-json\/wp\/v2\/types\/product"}],"wp:featuredmedia":[{"embeddable":true,"href":"https:\/\/vitablanca.ma\/en\/wp-json\/wp\/v2\/media\/24195"}],"wp:attachment":[{"href":"https:\/\/vitablanca.ma\/en\/wp-json\/wp\/v2\/media?parent=24198"}],"wp:term":[{"taxonomy":"product_brand","embeddable":true,"href":"https:\/\/vitablanca.ma\/en\/wp-json\/wp\/v2\/product_brand?post=24198"},{"taxonomy":"product_cat","embeddable":true,"href":"https:\/\/vitablanca.ma\/en\/wp-json\/wp\/v2\/product_cat?post=24198"},{"taxonomy":"product_tag","embeddable":true,"href":"https:\/\/vitablanca.ma\/en\/wp-json\/wp\/v2\/product_tag?post=24198"}],"curies":[{"name":"wp","href":"https:\/\/api.w.org\/{rel}","templated":true}]}}