{"id":24194,"date":"2025-07-10T19:07:37","date_gmt":"2025-07-10T19:07:37","guid":{"rendered":"https:\/\/vitablanca.ma\/product\/apres-shampooing-oil-repair-intensif-200-ml\/"},"modified":"2025-07-13T17:26:50","modified_gmt":"2025-07-13T17:26:50","slug":"apres-shampooing-oil-repair-intensif-200-ml","status":"publish","type":"product","link":"https:\/\/vitablanca.ma\/en\/product\/apres-shampooing-oil-repair-intensif-200-ml\/","title":{"rendered":"Balea After Shampoo Oil Repair Intensive 200 ml"},"content":{"rendered":"<ul data-mce-fragment=\"1\">\n<li data-mce-fragment=\"1\">Hair Type: Dry Hair<\/li>\n<li data-mce-fragment=\"1\">Product properties: Alcohol-free, Silicone-free<\/li>\n<li data-mce-fragment=\"1\">Conditioner for extremely damaged and dry hair<\/li>\n<li data-mce-fragment=\"1\">Deep hair treatment against split ends<\/li>\n<li data-mce-fragment=\"1\">With keratin, the building block of hair, and argan oil<\/li>\n<li data-mce-fragment=\"1\">Intensely cares for and strengthens the hair structure<\/li>\n<li data-mce-fragment=\"1\">Silicone-free<\/li>\n<\/ul>\n<p data-mce-fragment=\"1\"><br data-mce-fragment=\"1\"><\/p>\n<p data-mce-fragment=\"1\">Balea Professional&#039;s Oil Repair Intensive Conditioner cares for extremely damaged and dry hair and strengthens hair fibers. Its formulation helps reduce hair breakage by up to 80% and improves detangling. Keratin, the building block of hair, is deposited in the hair structure, strengthening the hair fiber and ensuring better hair quality. Formulated without microplastics or pure water-soluble synthetic polymers.<\/p>","protected":false},"excerpt":{"rendered":"<p>Type de cheveux : Cheveux secs Propri\u00e9t\u00e9s du produit : Sans alcool, Sans silicone Conditionneur pour cheveux extr\u00eamement ab\u00eem\u00e9s et secs Soin capillaire en profondeur contre les fourches Avec de la k\u00e9ratine, \u00e9l\u00e9ment constitutif du cheveu, et de l&rsquo;huile d&rsquo;argan Soigne et renforce intens\u00e9ment la structure des cheveux Sans silicone L&rsquo;apr\u00e8s-shampooing intensif Oil Repair de [&hellip;]<\/p>\n","protected":false},"featured_media":24191,"template":"","meta":{"om_disable_all_campaigns":false},"product_brand":[3236],"product_cat":[18],"product_tag":[3237,3240,3238,3239,3241],"class_list":{"0":"post-24194","1":"product","2":"type-product","3":"status-publish","4":"has-post-thumbnail","6":"product_brand-balea-dm-prix-maroc","7":"product_cat-beaute-sante","8":"product_tag-balea","9":"product_tag-balea-dm","10":"product_tag-balea-maroc","11":"product_tag-balea-morocco","12":"product_tag-dm-maroc","14":"first","15":"instock","16":"taxable","17":"shipping-taxable","18":"purchasable","19":"product-type-simple"},"yoast_head":"<!-- This site is optimized with the Yoast SEO plugin v27.4 - https:\/\/yoast.com\/product\/yoast-seo-wordpress\/ -->\n<title>Balea\u00a0Apres shampooing Oil Repair Intensif 200 ml - Maroc Prix<\/title>\n<meta name=\"description\" content=\"D\u00e9couvrez l&#039;apr\u00e8s-shampooing Balea Oil Repair Intensiv 200 ml au Maroc. Id\u00e9al pour cheveux secs et ab\u00eem\u00e9s, il nourrit, r\u00e9duit la casse, facilite le d\u00e9m\u00ealage\" \/>\n<meta name=\"robots\" content=\"index, follow, max-snippet:-1, max-image-preview:large, max-video-preview:-1\" \/>\n<link rel=\"canonical\" href=\"https:\/\/vitablanca.ma\/en\/product\/apres-shampooing-oil-repair-intensif-200-ml\/\" \/>\n<meta property=\"og:locale\" content=\"en_US\" \/>\n<meta property=\"og:type\" content=\"article\" \/>\n<meta property=\"og:title\" content=\"Balea\u00a0Apres shampooing Oil Repair Intensif 200 ml - Maroc Prix\" \/>\n<meta property=\"og:description\" content=\"D\u00e9couvrez l&#039;apr\u00e8s-shampooing Balea Oil Repair Intensiv 200 ml au Maroc. Id\u00e9al pour cheveux secs et ab\u00eem\u00e9s, il nourrit, r\u00e9duit la casse, facilite le d\u00e9m\u00ealage\" \/>\n<meta property=\"og:url\" content=\"https:\/\/vitablanca.ma\/en\/product\/apres-shampooing-oil-repair-intensif-200-ml\/\" \/>\n<meta property=\"og:site_name\" content=\"Vitablanca.ma &ndash; Sant&eacute;, vitalit&eacute; et bien-&ecirc;tre pour tous les Marocains\" \/>\n<meta property=\"article:publisher\" content=\"https:\/\/www.facebook.com\/profile.php?id=61576678196717\" \/>\n<meta property=\"article:modified_time\" content=\"2025-07-13T17:26:50+00:00\" \/>\n<meta property=\"og:image\" content=\"https:\/\/vitablanca.ma\/wp-content\/uploads\/2025\/07\/4066447365443-1772530209_db91c6a5-1ba2-436c-8705-6557997d6054.png\" \/>\n\t<meta property=\"og:image:width\" content=\"1201\" \/>\n\t<meta property=\"og:image:height\" content=\"1200\" \/>\n\t<meta property=\"og:image:type\" content=\"image\/png\" \/>\n<meta name=\"twitter:card\" content=\"summary_large_image\" \/>\n<meta name=\"twitter:label1\" content=\"Est. reading time\" \/>\n\t<meta name=\"twitter:data1\" content=\"1 minute\" \/>\n<script type=\"application\/ld+json\" class=\"yoast-schema-graph\">{\"@context\":\"https:\\\/\\\/schema.org\",\"@graph\":[{\"@type\":[\"WebPage\",\"ItemPage\"],\"@id\":\"https:\\\/\\\/vitablanca.ma\\\/en\\\/product\\\/apres-shampooing-oil-repair-intensif-200-ml\\\/\",\"url\":\"https:\\\/\\\/vitablanca.ma\\\/en\\\/product\\\/apres-shampooing-oil-repair-intensif-200-ml\\\/\",\"name\":\"Balea\u00a0Apres shampooing Oil Repair Intensif 200 ml - Maroc Prix\",\"isPartOf\":{\"@id\":\"https:\\\/\\\/vitablanca.ma\\\/#website\"},\"primaryImageOfPage\":{\"@id\":\"https:\\\/\\\/vitablanca.ma\\\/en\\\/product\\\/apres-shampooing-oil-repair-intensif-200-ml\\\/#primaryimage\"},\"image\":{\"@id\":\"https:\\\/\\\/vitablanca.ma\\\/en\\\/product\\\/apres-shampooing-oil-repair-intensif-200-ml\\\/#primaryimage\"},\"thumbnailUrl\":\"https:\\\/\\\/vitablanca.ma\\\/wp-content\\\/uploads\\\/2025\\\/07\\\/4066447365443-1772530209_db91c6a5-1ba2-436c-8705-6557997d6054.png\",\"datePublished\":\"2025-07-10T19:07:37+00:00\",\"dateModified\":\"2025-07-13T17:26:50+00:00\",\"description\":\"D\u00e9couvrez l'apr\u00e8s-shampooing Balea Oil Repair Intensiv 200 ml au Maroc. Id\u00e9al pour cheveux secs et ab\u00eem\u00e9s, il nourrit, r\u00e9duit la casse, facilite le d\u00e9m\u00ealage\",\"breadcrumb\":{\"@id\":\"https:\\\/\\\/vitablanca.ma\\\/en\\\/product\\\/apres-shampooing-oil-repair-intensif-200-ml\\\/#breadcrumb\"},\"inLanguage\":\"en-US\",\"potentialAction\":[{\"@type\":\"ReadAction\",\"target\":[\"https:\\\/\\\/vitablanca.ma\\\/en\\\/product\\\/apres-shampooing-oil-repair-intensif-200-ml\\\/\"]}]},{\"@type\":\"ImageObject\",\"inLanguage\":\"en-US\",\"@id\":\"https:\\\/\\\/vitablanca.ma\\\/en\\\/product\\\/apres-shampooing-oil-repair-intensif-200-ml\\\/#primaryimage\",\"url\":\"https:\\\/\\\/vitablanca.ma\\\/wp-content\\\/uploads\\\/2025\\\/07\\\/4066447365443-1772530209_db91c6a5-1ba2-436c-8705-6557997d6054.png\",\"contentUrl\":\"https:\\\/\\\/vitablanca.ma\\\/wp-content\\\/uploads\\\/2025\\\/07\\\/4066447365443-1772530209_db91c6a5-1ba2-436c-8705-6557997d6054.png\",\"width\":1201,\"height\":1200},{\"@type\":\"BreadcrumbList\",\"@id\":\"https:\\\/\\\/vitablanca.ma\\\/en\\\/product\\\/apres-shampooing-oil-repair-intensif-200-ml\\\/#breadcrumb\",\"itemListElement\":[{\"@type\":\"ListItem\",\"position\":1,\"name\":\"Home\",\"item\":\"https:\\\/\\\/vitablanca.ma\\\/\"},{\"@type\":\"ListItem\",\"position\":2,\"name\":\"Tous Les Produits\",\"item\":\"https:\\\/\\\/vitablanca.ma\\\/tous-les-produits\\\/\"},{\"@type\":\"ListItem\",\"position\":3,\"name\":\"Balea\u00a0Apres shampooing Oil Repair Intensif 200 ml\"}]},{\"@type\":\"WebSite\",\"@id\":\"https:\\\/\\\/vitablanca.ma\\\/#website\",\"url\":\"https:\\\/\\\/vitablanca.ma\\\/\",\"name\":\"VitaBlanca.ma | Compl\u00e9ments alimentaires, sant\u00e9 & beaut\u00e9 au Maroc\",\"description\":\"vendre vitamines et compl\u00e9ments premium des USA &amp; Canada, Nouvelle Z\u00e9lande,Maroc (NOW Foods, Solgar, Manuka). Livraison rapide partout au Maroc.\",\"publisher\":{\"@id\":\"https:\\\/\\\/vitablanca.ma\\\/#organization\"},\"alternateName\":\"VitaBlanca.ma\",\"potentialAction\":[{\"@type\":\"SearchAction\",\"target\":{\"@type\":\"EntryPoint\",\"urlTemplate\":\"https:\\\/\\\/vitablanca.ma\\\/?s={search_term_string}\"},\"query-input\":{\"@type\":\"PropertyValueSpecification\",\"valueRequired\":true,\"valueName\":\"search_term_string\"}}],\"inLanguage\":\"en-US\"},{\"@type\":\"Organization\",\"@id\":\"https:\\\/\\\/vitablanca.ma\\\/#organization\",\"name\":\"VitaBlanca\",\"url\":\"https:\\\/\\\/vitablanca.ma\\\/\",\"logo\":{\"@type\":\"ImageObject\",\"inLanguage\":\"en-US\",\"@id\":\"https:\\\/\\\/vitablanca.ma\\\/#\\\/schema\\\/logo\\\/image\\\/\",\"url\":\"https:\\\/\\\/vitablanca.ma\\\/wp-content\\\/uploads\\\/2025\\\/05\\\/cropped-vitablanca.png\",\"contentUrl\":\"https:\\\/\\\/vitablanca.ma\\\/wp-content\\\/uploads\\\/2025\\\/05\\\/cropped-vitablanca.png\",\"width\":360,\"height\":67,\"caption\":\"VitaBlanca\"},\"image\":{\"@id\":\"https:\\\/\\\/vitablanca.ma\\\/#\\\/schema\\\/logo\\\/image\\\/\"},\"sameAs\":[\"https:\\\/\\\/www.facebook.com\\\/profile.php?id=61576678196717\",\"https:\\\/\\\/www.tiktok.com\\\/@vitablanca.ma\",\"https:\\\/\\\/www.instagram.com\\\/vitablanca.ma\\\/\"]}]}<\/script>\n<!-- \/ Yoast SEO plugin. -->","yoast_head_json":{"title":"Balea Oil Repair Intensive Conditioner 200 ml - Morocco Price","description":"Discover the Balea Oil Repair Intensiv 200 ml conditioner in Morocco. Ideal for dry and damaged hair, it nourishes, reduces breakage, and facilitates detangling.","robots":{"index":"index","follow":"follow","max-snippet":"max-snippet:-1","max-image-preview":"max-image-preview:large","max-video-preview":"max-video-preview:-1"},"canonical":"https:\/\/vitablanca.ma\/en\/product\/apres-shampooing-oil-repair-intensif-200-ml\/","og_locale":"en_US","og_type":"article","og_title":"Balea\u00a0Apres shampooing Oil Repair Intensif 200 ml - Maroc Prix","og_description":"D\u00e9couvrez l'apr\u00e8s-shampooing Balea Oil Repair Intensiv 200 ml au Maroc. Id\u00e9al pour cheveux secs et ab\u00eem\u00e9s, il nourrit, r\u00e9duit la casse, facilite le d\u00e9m\u00ealage","og_url":"https:\/\/vitablanca.ma\/en\/product\/apres-shampooing-oil-repair-intensif-200-ml\/","og_site_name":"Vitablanca.ma &ndash; Sant&eacute;, vitalit&eacute; et bien-&ecirc;tre pour tous les Marocains","article_publisher":"https:\/\/www.facebook.com\/profile.php?id=61576678196717","article_modified_time":"2025-07-13T17:26:50+00:00","og_image":[{"width":1201,"height":1200,"url":"https:\/\/vitablanca.ma\/wp-content\/uploads\/2025\/07\/4066447365443-1772530209_db91c6a5-1ba2-436c-8705-6557997d6054.png","type":"image\/png"}],"twitter_card":"summary_large_image","twitter_misc":{"Est. reading time":"1 minute"},"schema":{"@context":"https:\/\/schema.org","@graph":[{"@type":["WebPage","ItemPage"],"@id":"https:\/\/vitablanca.ma\/en\/product\/apres-shampooing-oil-repair-intensif-200-ml\/","url":"https:\/\/vitablanca.ma\/en\/product\/apres-shampooing-oil-repair-intensif-200-ml\/","name":"Balea Oil Repair Intensive Conditioner 200 ml - Morocco Price","isPartOf":{"@id":"https:\/\/vitablanca.ma\/#website"},"primaryImageOfPage":{"@id":"https:\/\/vitablanca.ma\/en\/product\/apres-shampooing-oil-repair-intensif-200-ml\/#primaryimage"},"image":{"@id":"https:\/\/vitablanca.ma\/en\/product\/apres-shampooing-oil-repair-intensif-200-ml\/#primaryimage"},"thumbnailUrl":"https:\/\/vitablanca.ma\/wp-content\/uploads\/2025\/07\/4066447365443-1772530209_db91c6a5-1ba2-436c-8705-6557997d6054.png","datePublished":"2025-07-10T19:07:37+00:00","dateModified":"2025-07-13T17:26:50+00:00","description":"Discover the Balea Oil Repair Intensiv 200 ml conditioner in Morocco. Ideal for dry and damaged hair, it nourishes, reduces breakage, and facilitates detangling.","breadcrumb":{"@id":"https:\/\/vitablanca.ma\/en\/product\/apres-shampooing-oil-repair-intensif-200-ml\/#breadcrumb"},"inLanguage":"en-US","potentialAction":[{"@type":"ReadAction","target":["https:\/\/vitablanca.ma\/en\/product\/apres-shampooing-oil-repair-intensif-200-ml\/"]}]},{"@type":"ImageObject","inLanguage":"en-US","@id":"https:\/\/vitablanca.ma\/en\/product\/apres-shampooing-oil-repair-intensif-200-ml\/#primaryimage","url":"https:\/\/vitablanca.ma\/wp-content\/uploads\/2025\/07\/4066447365443-1772530209_db91c6a5-1ba2-436c-8705-6557997d6054.png","contentUrl":"https:\/\/vitablanca.ma\/wp-content\/uploads\/2025\/07\/4066447365443-1772530209_db91c6a5-1ba2-436c-8705-6557997d6054.png","width":1201,"height":1200},{"@type":"BreadcrumbList","@id":"https:\/\/vitablanca.ma\/en\/product\/apres-shampooing-oil-repair-intensif-200-ml\/#breadcrumb","itemListElement":[{"@type":"ListItem","position":1,"name":"Home","item":"https:\/\/vitablanca.ma\/"},{"@type":"ListItem","position":2,"name":"Tous Les Produits","item":"https:\/\/vitablanca.ma\/tous-les-produits\/"},{"@type":"ListItem","position":3,"name":"Balea\u00a0Apres shampooing Oil Repair Intensif 200 ml"}]},{"@type":"WebSite","@id":"https:\/\/vitablanca.ma\/#website","url":"https:\/\/vitablanca.ma\/","name":"VitaBlanca.ma | Food supplements, health &amp; beauty in Morocco","description":"sell premium vitamins and supplements from USA &amp; Canada, New Zealand, Morocco (NOW Foods, Solgar, Manuka). Fast delivery anywhere in Morocco.","publisher":{"@id":"https:\/\/vitablanca.ma\/#organization"},"alternateName":"VitaBlanca.ma","potentialAction":[{"@type":"SearchAction","target":{"@type":"EntryPoint","urlTemplate":"https:\/\/vitablanca.ma\/?s={search_term_string}"},"query-input":{"@type":"PropertyValueSpecification","valueRequired":true,"valueName":"search_term_string"}}],"inLanguage":"en-US"},{"@type":"Organization","@id":"https:\/\/vitablanca.ma\/#organization","name":"VitaBlanca","url":"https:\/\/vitablanca.ma\/","logo":{"@type":"ImageObject","inLanguage":"en-US","@id":"https:\/\/vitablanca.ma\/#\/schema\/logo\/image\/","url":"https:\/\/vitablanca.ma\/wp-content\/uploads\/2025\/05\/cropped-vitablanca.png","contentUrl":"https:\/\/vitablanca.ma\/wp-content\/uploads\/2025\/05\/cropped-vitablanca.png","width":360,"height":67,"caption":"VitaBlanca"},"image":{"@id":"https:\/\/vitablanca.ma\/#\/schema\/logo\/image\/"},"sameAs":["https:\/\/www.facebook.com\/profile.php?id=61576678196717","https:\/\/www.tiktok.com\/@vitablanca.ma","https:\/\/www.instagram.com\/vitablanca.ma\/"]}]}},"jetpack_sharing_enabled":true,"_links":{"self":[{"href":"https:\/\/vitablanca.ma\/en\/wp-json\/wp\/v2\/product\/24194","targetHints":{"allow":["GET"]}}],"collection":[{"href":"https:\/\/vitablanca.ma\/en\/wp-json\/wp\/v2\/product"}],"about":[{"href":"https:\/\/vitablanca.ma\/en\/wp-json\/wp\/v2\/types\/product"}],"wp:featuredmedia":[{"embeddable":true,"href":"https:\/\/vitablanca.ma\/en\/wp-json\/wp\/v2\/media\/24191"}],"wp:attachment":[{"href":"https:\/\/vitablanca.ma\/en\/wp-json\/wp\/v2\/media?parent=24194"}],"wp:term":[{"taxonomy":"product_brand","embeddable":true,"href":"https:\/\/vitablanca.ma\/en\/wp-json\/wp\/v2\/product_brand?post=24194"},{"taxonomy":"product_cat","embeddable":true,"href":"https:\/\/vitablanca.ma\/en\/wp-json\/wp\/v2\/product_cat?post=24194"},{"taxonomy":"product_tag","embeddable":true,"href":"https:\/\/vitablanca.ma\/en\/wp-json\/wp\/v2\/product_tag?post=24194"}],"curies":[{"name":"wp","href":"https:\/\/api.w.org\/{rel}","templated":true}]}}