{"id":24190,"date":"2025-07-10T19:07:11","date_gmt":"2025-07-10T19:07:11","guid":{"rendered":"https:\/\/vitablanca.ma\/product\/masque-capillaire-oil-repair-intensif-300-ml\/"},"modified":"2025-07-13T17:26:50","modified_gmt":"2025-07-13T17:26:50","slug":"masque-capillaire-oil-repair-intensif-300-ml","status":"publish","type":"product","link":"https:\/\/vitablanca.ma\/en\/product\/masque-capillaire-oil-repair-intensif-300-ml\/","title":{"rendered":"Balea Oil Repair Intensive Hair Mask, 300 ml"},"content":{"rendered":"<ul data-mce-fragment=\"1\">\n<li data-mce-fragment=\"1\">Product Features: Alcohol-Free, Silicone-Free, Sulfate-Free<\/li>\n<li data-mce-fragment=\"1\">Extremely damaged and brittle hair<\/li>\n<li data-mce-fragment=\"1\">Keratin and Argan Oil Care Formula<\/li>\n<li data-mce-fragment=\"1\">Silicone-free formula<\/li>\n<li data-mce-fragment=\"1\">For healthy, shiny hair<\/li>\n<li data-mce-fragment=\"1\"><span data-mce-fragment=\"1\">Formulated without microplastics or pure water-soluble synthetic polymers.<\/span><\/li>\n<\/ul>\n<p data-mce-fragment=\"1\"><br data-mce-fragment=\"1\"><\/p>\n<p data-mce-fragment=\"1\">For healthy, shiny hair: Balea Professional Oil Repair Intensive Hair Mask repairs structural damage from root to tip. It strengthens fragile and damaged hair and gently cares for it.<\/p>","protected":false},"excerpt":{"rendered":"<p>Caract\u00e9ristiques du produit : Sans alcool, Sans silicone, Sans sulfate Cheveux extr\u00eamement ab\u00eem\u00e9s et cassants Formule de soin \u00e0 la k\u00e9ratine et \u00e0 l&rsquo;huile d&rsquo;argan Formule sans silicone Pour des cheveux brillants de sant\u00e9 Formule sans microplastique ni polym\u00e8res synth\u00e9tiques purs solubles dans l&rsquo;eau. Pour des cheveux brillants de sant\u00e9 : le masque capillaire Balea [&hellip;]<\/p>\n","protected":false},"featured_media":24187,"template":"","meta":{"om_disable_all_campaigns":false},"product_brand":[3236],"product_cat":[18],"product_tag":[3237,3240,3238,3239,3241],"class_list":{"0":"post-24190","1":"product","2":"type-product","3":"status-publish","4":"has-post-thumbnail","6":"product_brand-balea-dm-prix-maroc","7":"product_cat-beaute-sante","8":"product_tag-balea","9":"product_tag-balea-dm","10":"product_tag-balea-maroc","11":"product_tag-balea-morocco","12":"product_tag-dm-maroc","14":"first","15":"instock","16":"taxable","17":"shipping-taxable","18":"purchasable","19":"product-type-simple"},"yoast_head":"<!-- This site is optimized with the Yoast SEO plugin v27.4 - https:\/\/yoast.com\/product\/yoast-seo-wordpress\/ -->\n<title>Balea Masque capillaire Oil Repair Intensif, 300 ml - Maroc Prix<\/title>\n<meta name=\"description\" content=\"Offrez un soin intensif \u00e0 vos cheveux avec le masque Balea Oil Repair Intensiv 300 ml au Maroc. Ce masque riche en huiles nourrit, r\u00e9pare les cheveux\" \/>\n<meta name=\"robots\" content=\"index, follow, max-snippet:-1, max-image-preview:large, max-video-preview:-1\" \/>\n<link rel=\"canonical\" href=\"https:\/\/vitablanca.ma\/en\/product\/masque-capillaire-oil-repair-intensif-300-ml\/\" \/>\n<meta property=\"og:locale\" content=\"en_US\" \/>\n<meta property=\"og:type\" content=\"article\" \/>\n<meta property=\"og:title\" content=\"Balea Masque capillaire Oil Repair Intensif, 300 ml - Maroc Prix\" \/>\n<meta property=\"og:description\" content=\"Offrez un soin intensif \u00e0 vos cheveux avec le masque Balea Oil Repair Intensiv 300 ml au Maroc. Ce masque riche en huiles nourrit, r\u00e9pare les cheveux\" \/>\n<meta property=\"og:url\" content=\"https:\/\/vitablanca.ma\/en\/product\/masque-capillaire-oil-repair-intensif-300-ml\/\" \/>\n<meta property=\"og:site_name\" content=\"Vitablanca.ma &ndash; Sant&eacute;, vitalit&eacute; et bien-&ecirc;tre pour tous les Marocains\" \/>\n<meta property=\"article:publisher\" content=\"https:\/\/www.facebook.com\/profile.php?id=61576678196717\" \/>\n<meta property=\"article:modified_time\" content=\"2025-07-13T17:26:50+00:00\" \/>\n<meta property=\"og:image\" content=\"https:\/\/vitablanca.ma\/wp-content\/uploads\/2025\/07\/4066447241068-1084762517_5cdffe58-0a24-41b4-9237-7922b5c325b1.png\" \/>\n\t<meta property=\"og:image:width\" content=\"1191\" \/>\n\t<meta property=\"og:image:height\" content=\"1200\" \/>\n\t<meta property=\"og:image:type\" content=\"image\/png\" \/>\n<meta name=\"twitter:card\" content=\"summary_large_image\" \/>\n<meta name=\"twitter:label1\" content=\"Est. reading time\" \/>\n\t<meta name=\"twitter:data1\" content=\"1 minute\" \/>\n<script type=\"application\/ld+json\" class=\"yoast-schema-graph\">{\"@context\":\"https:\\\/\\\/schema.org\",\"@graph\":[{\"@type\":[\"WebPage\",\"ItemPage\"],\"@id\":\"https:\\\/\\\/vitablanca.ma\\\/produit\\\/masque-capillaire-oil-repair-intensif-300-ml\\\/\",\"url\":\"https:\\\/\\\/vitablanca.ma\\\/produit\\\/masque-capillaire-oil-repair-intensif-300-ml\\\/\",\"name\":\"Balea Masque capillaire Oil Repair Intensif, 300 ml - Maroc Prix\",\"isPartOf\":{\"@id\":\"https:\\\/\\\/vitablanca.ma\\\/#website\"},\"primaryImageOfPage\":{\"@id\":\"https:\\\/\\\/vitablanca.ma\\\/produit\\\/masque-capillaire-oil-repair-intensif-300-ml\\\/#primaryimage\"},\"image\":{\"@id\":\"https:\\\/\\\/vitablanca.ma\\\/produit\\\/masque-capillaire-oil-repair-intensif-300-ml\\\/#primaryimage\"},\"thumbnailUrl\":\"https:\\\/\\\/vitablanca.ma\\\/wp-content\\\/uploads\\\/2025\\\/07\\\/4066447241068-1084762517_5cdffe58-0a24-41b4-9237-7922b5c325b1.png\",\"datePublished\":\"2025-07-10T19:07:11+00:00\",\"dateModified\":\"2025-07-13T17:26:50+00:00\",\"description\":\"Offrez un soin intensif \u00e0 vos cheveux avec le masque Balea Oil Repair Intensiv 300 ml au Maroc. Ce masque riche en huiles nourrit, r\u00e9pare les cheveux\",\"breadcrumb\":{\"@id\":\"https:\\\/\\\/vitablanca.ma\\\/produit\\\/masque-capillaire-oil-repair-intensif-300-ml\\\/#breadcrumb\"},\"inLanguage\":\"en-US\",\"potentialAction\":[{\"@type\":\"ReadAction\",\"target\":[\"https:\\\/\\\/vitablanca.ma\\\/produit\\\/masque-capillaire-oil-repair-intensif-300-ml\\\/\"]}]},{\"@type\":\"ImageObject\",\"inLanguage\":\"en-US\",\"@id\":\"https:\\\/\\\/vitablanca.ma\\\/produit\\\/masque-capillaire-oil-repair-intensif-300-ml\\\/#primaryimage\",\"url\":\"https:\\\/\\\/vitablanca.ma\\\/wp-content\\\/uploads\\\/2025\\\/07\\\/4066447241068-1084762517_5cdffe58-0a24-41b4-9237-7922b5c325b1.png\",\"contentUrl\":\"https:\\\/\\\/vitablanca.ma\\\/wp-content\\\/uploads\\\/2025\\\/07\\\/4066447241068-1084762517_5cdffe58-0a24-41b4-9237-7922b5c325b1.png\",\"width\":1191,\"height\":1200},{\"@type\":\"BreadcrumbList\",\"@id\":\"https:\\\/\\\/vitablanca.ma\\\/produit\\\/masque-capillaire-oil-repair-intensif-300-ml\\\/#breadcrumb\",\"itemListElement\":[{\"@type\":\"ListItem\",\"position\":1,\"name\":\"Home\",\"item\":\"https:\\\/\\\/vitablanca.ma\\\/\"},{\"@type\":\"ListItem\",\"position\":2,\"name\":\"Tous Les Produits\",\"item\":\"https:\\\/\\\/vitablanca.ma\\\/tous-les-produits\\\/\"},{\"@type\":\"ListItem\",\"position\":3,\"name\":\"Balea Masque capillaire Oil Repair Intensif, 300 ml\"}]},{\"@type\":\"WebSite\",\"@id\":\"https:\\\/\\\/vitablanca.ma\\\/#website\",\"url\":\"https:\\\/\\\/vitablanca.ma\\\/\",\"name\":\"VitaBlanca.ma | Compl\u00e9ments alimentaires, sant\u00e9 & beaut\u00e9 au Maroc\",\"description\":\"vendre vitamines et compl\u00e9ments premium des USA &amp; Canada, Nouvelle Z\u00e9lande,Maroc (NOW Foods, Solgar, Manuka). Livraison rapide partout au Maroc.\",\"publisher\":{\"@id\":\"https:\\\/\\\/vitablanca.ma\\\/#organization\"},\"alternateName\":\"VitaBlanca.ma\",\"potentialAction\":[{\"@type\":\"SearchAction\",\"target\":{\"@type\":\"EntryPoint\",\"urlTemplate\":\"https:\\\/\\\/vitablanca.ma\\\/?s={search_term_string}\"},\"query-input\":{\"@type\":\"PropertyValueSpecification\",\"valueRequired\":true,\"valueName\":\"search_term_string\"}}],\"inLanguage\":\"en-US\"},{\"@type\":\"Organization\",\"@id\":\"https:\\\/\\\/vitablanca.ma\\\/#organization\",\"name\":\"VitaBlanca\",\"url\":\"https:\\\/\\\/vitablanca.ma\\\/\",\"logo\":{\"@type\":\"ImageObject\",\"inLanguage\":\"en-US\",\"@id\":\"https:\\\/\\\/vitablanca.ma\\\/#\\\/schema\\\/logo\\\/image\\\/\",\"url\":\"https:\\\/\\\/vitablanca.ma\\\/wp-content\\\/uploads\\\/2025\\\/05\\\/cropped-vitablanca.png\",\"contentUrl\":\"https:\\\/\\\/vitablanca.ma\\\/wp-content\\\/uploads\\\/2025\\\/05\\\/cropped-vitablanca.png\",\"width\":360,\"height\":67,\"caption\":\"VitaBlanca\"},\"image\":{\"@id\":\"https:\\\/\\\/vitablanca.ma\\\/#\\\/schema\\\/logo\\\/image\\\/\"},\"sameAs\":[\"https:\\\/\\\/www.facebook.com\\\/profile.php?id=61576678196717\",\"https:\\\/\\\/www.tiktok.com\\\/@vitablanca.ma\",\"https:\\\/\\\/www.instagram.com\\\/vitablanca.ma\\\/\"]}]}<\/script>\n<!-- \/ Yoast SEO plugin. -->","yoast_head_json":{"title":"Balea Oil Repair Intensive Hair Mask, 300 ml - Morocco Price","description":"Treat your hair to intensive care with the Balea Oil Repair Intensiv 300ml mask from Morocco. This oil-rich mask nourishes and repairs hair.","robots":{"index":"index","follow":"follow","max-snippet":"max-snippet:-1","max-image-preview":"max-image-preview:large","max-video-preview":"max-video-preview:-1"},"canonical":"https:\/\/vitablanca.ma\/en\/product\/masque-capillaire-oil-repair-intensif-300-ml\/","og_locale":"en_US","og_type":"article","og_title":"Balea Masque capillaire Oil Repair Intensif, 300 ml - Maroc Prix","og_description":"Offrez un soin intensif \u00e0 vos cheveux avec le masque Balea Oil Repair Intensiv 300 ml au Maroc. Ce masque riche en huiles nourrit, r\u00e9pare les cheveux","og_url":"https:\/\/vitablanca.ma\/en\/product\/masque-capillaire-oil-repair-intensif-300-ml\/","og_site_name":"Vitablanca.ma &ndash; Sant&eacute;, vitalit&eacute; et bien-&ecirc;tre pour tous les Marocains","article_publisher":"https:\/\/www.facebook.com\/profile.php?id=61576678196717","article_modified_time":"2025-07-13T17:26:50+00:00","og_image":[{"width":1191,"height":1200,"url":"https:\/\/vitablanca.ma\/wp-content\/uploads\/2025\/07\/4066447241068-1084762517_5cdffe58-0a24-41b4-9237-7922b5c325b1.png","type":"image\/png"}],"twitter_card":"summary_large_image","twitter_misc":{"Est. reading time":"1 minute"},"schema":{"@context":"https:\/\/schema.org","@graph":[{"@type":["WebPage","ItemPage"],"@id":"https:\/\/vitablanca.ma\/produit\/masque-capillaire-oil-repair-intensif-300-ml\/","url":"https:\/\/vitablanca.ma\/produit\/masque-capillaire-oil-repair-intensif-300-ml\/","name":"Balea Oil Repair Intensive Hair Mask, 300 ml - Morocco Price","isPartOf":{"@id":"https:\/\/vitablanca.ma\/#website"},"primaryImageOfPage":{"@id":"https:\/\/vitablanca.ma\/produit\/masque-capillaire-oil-repair-intensif-300-ml\/#primaryimage"},"image":{"@id":"https:\/\/vitablanca.ma\/produit\/masque-capillaire-oil-repair-intensif-300-ml\/#primaryimage"},"thumbnailUrl":"https:\/\/vitablanca.ma\/wp-content\/uploads\/2025\/07\/4066447241068-1084762517_5cdffe58-0a24-41b4-9237-7922b5c325b1.png","datePublished":"2025-07-10T19:07:11+00:00","dateModified":"2025-07-13T17:26:50+00:00","description":"Treat your hair to intensive care with the Balea Oil Repair Intensiv 300ml mask from Morocco. This oil-rich mask nourishes and repairs hair.","breadcrumb":{"@id":"https:\/\/vitablanca.ma\/produit\/masque-capillaire-oil-repair-intensif-300-ml\/#breadcrumb"},"inLanguage":"en-US","potentialAction":[{"@type":"ReadAction","target":["https:\/\/vitablanca.ma\/produit\/masque-capillaire-oil-repair-intensif-300-ml\/"]}]},{"@type":"ImageObject","inLanguage":"en-US","@id":"https:\/\/vitablanca.ma\/produit\/masque-capillaire-oil-repair-intensif-300-ml\/#primaryimage","url":"https:\/\/vitablanca.ma\/wp-content\/uploads\/2025\/07\/4066447241068-1084762517_5cdffe58-0a24-41b4-9237-7922b5c325b1.png","contentUrl":"https:\/\/vitablanca.ma\/wp-content\/uploads\/2025\/07\/4066447241068-1084762517_5cdffe58-0a24-41b4-9237-7922b5c325b1.png","width":1191,"height":1200},{"@type":"BreadcrumbList","@id":"https:\/\/vitablanca.ma\/produit\/masque-capillaire-oil-repair-intensif-300-ml\/#breadcrumb","itemListElement":[{"@type":"ListItem","position":1,"name":"Home","item":"https:\/\/vitablanca.ma\/"},{"@type":"ListItem","position":2,"name":"Tous Les Produits","item":"https:\/\/vitablanca.ma\/tous-les-produits\/"},{"@type":"ListItem","position":3,"name":"Balea Masque capillaire Oil Repair Intensif, 300 ml"}]},{"@type":"WebSite","@id":"https:\/\/vitablanca.ma\/#website","url":"https:\/\/vitablanca.ma\/","name":"VitaBlanca.ma | Food supplements, health &amp; beauty in Morocco","description":"sell premium vitamins and supplements from USA &amp; Canada, New Zealand, Morocco (NOW Foods, Solgar, Manuka). Fast delivery anywhere in Morocco.","publisher":{"@id":"https:\/\/vitablanca.ma\/#organization"},"alternateName":"VitaBlanca.ma","potentialAction":[{"@type":"SearchAction","target":{"@type":"EntryPoint","urlTemplate":"https:\/\/vitablanca.ma\/?s={search_term_string}"},"query-input":{"@type":"PropertyValueSpecification","valueRequired":true,"valueName":"search_term_string"}}],"inLanguage":"en-US"},{"@type":"Organization","@id":"https:\/\/vitablanca.ma\/#organization","name":"VitaBlanca","url":"https:\/\/vitablanca.ma\/","logo":{"@type":"ImageObject","inLanguage":"en-US","@id":"https:\/\/vitablanca.ma\/#\/schema\/logo\/image\/","url":"https:\/\/vitablanca.ma\/wp-content\/uploads\/2025\/05\/cropped-vitablanca.png","contentUrl":"https:\/\/vitablanca.ma\/wp-content\/uploads\/2025\/05\/cropped-vitablanca.png","width":360,"height":67,"caption":"VitaBlanca"},"image":{"@id":"https:\/\/vitablanca.ma\/#\/schema\/logo\/image\/"},"sameAs":["https:\/\/www.facebook.com\/profile.php?id=61576678196717","https:\/\/www.tiktok.com\/@vitablanca.ma","https:\/\/www.instagram.com\/vitablanca.ma\/"]}]}},"jetpack_sharing_enabled":true,"_links":{"self":[{"href":"https:\/\/vitablanca.ma\/en\/wp-json\/wp\/v2\/product\/24190","targetHints":{"allow":["GET"]}}],"collection":[{"href":"https:\/\/vitablanca.ma\/en\/wp-json\/wp\/v2\/product"}],"about":[{"href":"https:\/\/vitablanca.ma\/en\/wp-json\/wp\/v2\/types\/product"}],"wp:featuredmedia":[{"embeddable":true,"href":"https:\/\/vitablanca.ma\/en\/wp-json\/wp\/v2\/media\/24187"}],"wp:attachment":[{"href":"https:\/\/vitablanca.ma\/en\/wp-json\/wp\/v2\/media?parent=24190"}],"wp:term":[{"taxonomy":"product_brand","embeddable":true,"href":"https:\/\/vitablanca.ma\/en\/wp-json\/wp\/v2\/product_brand?post=24190"},{"taxonomy":"product_cat","embeddable":true,"href":"https:\/\/vitablanca.ma\/en\/wp-json\/wp\/v2\/product_cat?post=24190"},{"taxonomy":"product_tag","embeddable":true,"href":"https:\/\/vitablanca.ma\/en\/wp-json\/wp\/v2\/product_tag?post=24190"}],"curies":[{"name":"wp","href":"https:\/\/api.w.org\/{rel}","templated":true}]}}