{"id":24173,"date":"2025-07-10T19:05:13","date_gmt":"2025-07-10T19:05:13","guid":{"rendered":"https:\/\/vitablanca.ma\/product\/balea-shampooing-sec-soft-cotton\/"},"modified":"2026-02-05T16:37:31","modified_gmt":"2026-02-05T16:37:31","slug":"balea-shampooing-sec-soft-cotton","status":"publish","type":"product","link":"https:\/\/vitablanca.ma\/en\/product\/balea-shampooing-sec-soft-cotton\/","title":{"rendered":"Balea \u2013 Soft Cotton dry shampoo"},"content":{"rendered":"<h3 data-start=\"341\" data-end=\"395\"><strong data-start=\"349\" data-end=\"393\">Instant freshness with a cotton scent<\/strong>\ud83c\udf38<\/h3>\n<ul>\n<li>Hair type: Oily hair<\/li>\n<li>Effect: Styling, volume<\/li>\n<li>Ammonia-free, Silicone-free, Vegan<\/li>\n<li>Fresh and floral fragrance<\/li>\n<li>Easy to brush<\/li>\n<li>Effective against oily roots<\/li>\n<li>Fresh hair without washing it<\/li>\n<li>Works in seconds<\/li>\n<li>Volume: 200 ml<\/li>\n<\/ul>\n<h4><strong><span style=\"font-size: 11pt; line-height: 104%; font-family: 'Segoe UI Emoji', sans-serif;\">\ud83d\udccc<\/span><span lang=\"EN-US\" style=\"font-size: 11pt; line-height: 104%; font-family: Arial, sans-serif;\"> Product Description<\/span><\/strong><\/h4>\n<p>Le shampooing sec Soft Cotton de Balea offre un lavage \u00e0 sec ultra-rapide entre deux utilisations. En quelques secondes, vos cheveux retrouvent leur fra\u00eecheur, un nouveau toucher et un corps volumineux. Pour un aspect soign\u00e9. Formule sans microplastiques ni polym\u00e8res synth\u00e9tiques purs solubles dans l\u2019eau.<\/p>\n<h4><strong><span style=\"font-size: 11pt; line-height: 104%; font-family: 'Segoe UI Emoji', sans-serif;\">\ud83d\udca1<\/span><span lang=\"EN-US\" style=\"font-size: 11pt; line-height: 104%; font-family: Arial, sans-serif;\"> Directions for use<\/span><\/strong><\/h4>\n<p>Brosser soigneusement les cheveux. Pour prot\u00e9ger les v\u00eatements, placer une serviette autour des \u00e9paules. Bien agiter la bombe avant la premi\u00e8re vaporisation et avant chaque vaporisation suppl\u00e9mentaire. Vaporiser uniform\u00e9ment et avec parcimonie des parties individuelles de cheveux secs \u00e0 une distance d\u2019environ 20 cm. Laisser agir bri\u00e8vement et brosser soigneusement ou utiliser pendant la nuit.<\/p>","protected":false},"excerpt":{"rendered":"<p>Fra\u00eecheur instantan\u00e9e au parfum de coton\ud83c\udf38 Type de cheveux : Cheveux gras Effet : Styling, volume Sans ammoniaque, Sans silicone, Vegan Parfum frais et fleuri Facile \u00e0 brosser Efficace contre les racines grasses Des cheveux frais sans les laver Agit en quelques secondes Volume: 200 ml \ud83d\udccc Description du produit Le shampooing sec Soft Cotton [&hellip;]<\/p>\n","protected":false},"featured_media":24171,"template":"","meta":{"om_disable_all_campaigns":false},"product_brand":[3236],"product_cat":[18],"product_tag":[8147,3237,3240,3238,3239,8145,6152,8154,6877,3241,8158,6957,8148,6654,8155,8157,8156,6162,8150,8149,6653],"class_list":{"0":"post-24173","1":"product","2":"type-product","3":"status-publish","4":"has-post-thumbnail","6":"product_brand-balea-dm-prix-maroc","7":"product_cat-beaute-sante","8":"product_tag-absorption-du-sebum","9":"product_tag-balea","10":"product_tag-balea-dm","11":"product_tag-balea-maroc","12":"product_tag-balea-morocco","13":"product_tag-balea-shampooing-sec","14":"product_tag-cheveux-frais","15":"product_tag-coiffage-express","16":"product_tag-cosmetique","17":"product_tag-dm-maroc","18":"product_tag-douceur-coton","19":"product_tag-parapharmacie","20":"product_tag-racines-grasses","21":"product_tag-shampooing-sans-eau","22":"product_tag-shampooing-sec-balea-soft-cotton","23":"product_tag-shampooing-sec-parfum-coton","24":"product_tag-soft-cotton","25":"product_tag-soin-capillaire","26":"product_tag-tous-types-de-cheveux","27":"product_tag-usage-rapide","28":"product_tag-volume-cheveux","30":"first","31":"instock","32":"taxable","33":"shipping-taxable","34":"purchasable","35":"product-type-simple"},"yoast_head":"<!-- This site is optimized with the Yoast SEO plugin v27.5 - https:\/\/yoast.com\/product\/yoast-seo-wordpress\/ -->\n<title>Balea - Shampooing sec Soft Cotton - Maroc Prix<\/title>\n<meta name=\"description\" content=\"D\u00e9couvrez Balea - Shampooing sec Soft Cotton - un produit de qualit\u00e9 pour am\u00e9liorer votre routine de soin. Achetez maintenant sur VitaBlanca.ma.\" \/>\n<meta name=\"robots\" content=\"index, follow, max-snippet:-1, max-image-preview:large, max-video-preview:-1\" \/>\n<link rel=\"canonical\" href=\"https:\/\/vitablanca.ma\/en\/product\/balea-shampooing-sec-soft-cotton\/\" \/>\n<meta property=\"og:locale\" content=\"en_US\" \/>\n<meta property=\"og:type\" content=\"article\" \/>\n<meta property=\"og:title\" content=\"Balea - Shampooing sec Soft Cotton - Maroc Prix\" \/>\n<meta property=\"og:description\" content=\"D\u00e9couvrez Balea - Shampooing sec Soft Cotton - un produit de qualit\u00e9 pour am\u00e9liorer votre routine de soin. Achetez maintenant sur VitaBlanca.ma.\" \/>\n<meta property=\"og:url\" content=\"https:\/\/vitablanca.ma\/en\/product\/balea-shampooing-sec-soft-cotton\/\" \/>\n<meta property=\"og:site_name\" content=\"Vitablanca.ma &ndash; Sant&eacute;, vitalit&eacute; et bien-&ecirc;tre pour tous les Marocains\" \/>\n<meta property=\"article:publisher\" content=\"https:\/\/www.facebook.com\/profile.php?id=61576678196717\" \/>\n<meta property=\"article:modified_time\" content=\"2026-02-05T16:37:31+00:00\" \/>\n<meta property=\"og:image\" content=\"https:\/\/vitablanca.ma\/wp-content\/uploads\/2025\/07\/4066447068955-3198996.png\" \/>\n\t<meta property=\"og:image:width\" content=\"1200\" \/>\n\t<meta property=\"og:image:height\" content=\"1200\" \/>\n\t<meta property=\"og:image:type\" content=\"image\/png\" \/>\n<meta name=\"twitter:card\" content=\"summary_large_image\" \/>\n<meta name=\"twitter:label1\" content=\"Est. reading time\" \/>\n\t<meta name=\"twitter:data1\" content=\"1 minute\" \/>\n<script type=\"application\/ld+json\" class=\"yoast-schema-graph\">{\"@context\":\"https:\\\/\\\/schema.org\",\"@graph\":[{\"@type\":[\"WebPage\",\"ItemPage\"],\"@id\":\"https:\\\/\\\/vitablanca.ma\\\/produit\\\/balea-shampooing-sec-soft-cotton\\\/\",\"url\":\"https:\\\/\\\/vitablanca.ma\\\/produit\\\/balea-shampooing-sec-soft-cotton\\\/\",\"name\":\"Balea - Shampooing sec Soft Cotton - Maroc Prix\",\"isPartOf\":{\"@id\":\"https:\\\/\\\/vitablanca.ma\\\/#website\"},\"primaryImageOfPage\":{\"@id\":\"https:\\\/\\\/vitablanca.ma\\\/produit\\\/balea-shampooing-sec-soft-cotton\\\/#primaryimage\"},\"image\":{\"@id\":\"https:\\\/\\\/vitablanca.ma\\\/produit\\\/balea-shampooing-sec-soft-cotton\\\/#primaryimage\"},\"thumbnailUrl\":\"https:\\\/\\\/vitablanca.ma\\\/wp-content\\\/uploads\\\/2025\\\/07\\\/4066447068955-3198996.png\",\"datePublished\":\"2025-07-10T19:05:13+00:00\",\"dateModified\":\"2026-02-05T16:37:31+00:00\",\"description\":\"D\u00e9couvrez Balea - Shampooing sec Soft Cotton - un produit de qualit\u00e9 pour am\u00e9liorer votre routine de soin. Achetez maintenant sur VitaBlanca.ma.\",\"breadcrumb\":{\"@id\":\"https:\\\/\\\/vitablanca.ma\\\/produit\\\/balea-shampooing-sec-soft-cotton\\\/#breadcrumb\"},\"inLanguage\":\"en-US\",\"potentialAction\":[{\"@type\":\"ReadAction\",\"target\":[\"https:\\\/\\\/vitablanca.ma\\\/produit\\\/balea-shampooing-sec-soft-cotton\\\/\"]}]},{\"@type\":\"ImageObject\",\"inLanguage\":\"en-US\",\"@id\":\"https:\\\/\\\/vitablanca.ma\\\/produit\\\/balea-shampooing-sec-soft-cotton\\\/#primaryimage\",\"url\":\"https:\\\/\\\/vitablanca.ma\\\/wp-content\\\/uploads\\\/2025\\\/07\\\/4066447068955-3198996.png\",\"contentUrl\":\"https:\\\/\\\/vitablanca.ma\\\/wp-content\\\/uploads\\\/2025\\\/07\\\/4066447068955-3198996.png\",\"width\":1200,\"height\":1200},{\"@type\":\"BreadcrumbList\",\"@id\":\"https:\\\/\\\/vitablanca.ma\\\/produit\\\/balea-shampooing-sec-soft-cotton\\\/#breadcrumb\",\"itemListElement\":[{\"@type\":\"ListItem\",\"position\":1,\"name\":\"Home\",\"item\":\"https:\\\/\\\/vitablanca.ma\\\/\"},{\"@type\":\"ListItem\",\"position\":2,\"name\":\"Tous Les Produits\",\"item\":\"https:\\\/\\\/vitablanca.ma\\\/tous-les-produits\\\/\"},{\"@type\":\"ListItem\",\"position\":3,\"name\":\"Balea &#8211; Shampooing sec Soft Cotton\"}]},{\"@type\":\"WebSite\",\"@id\":\"https:\\\/\\\/vitablanca.ma\\\/#website\",\"url\":\"https:\\\/\\\/vitablanca.ma\\\/\",\"name\":\"VitaBlanca.ma | Compl\u00e9ments alimentaires, sant\u00e9 & beaut\u00e9 au Maroc\",\"description\":\"vendre vitamines et compl\u00e9ments premium des USA &amp; Canada, Nouvelle Z\u00e9lande,Maroc (NOW Foods, Solgar, Manuka). Livraison rapide partout au Maroc.\",\"publisher\":{\"@id\":\"https:\\\/\\\/vitablanca.ma\\\/#organization\"},\"alternateName\":\"VitaBlanca.ma\",\"potentialAction\":[{\"@type\":\"SearchAction\",\"target\":{\"@type\":\"EntryPoint\",\"urlTemplate\":\"https:\\\/\\\/vitablanca.ma\\\/?s={search_term_string}\"},\"query-input\":{\"@type\":\"PropertyValueSpecification\",\"valueRequired\":true,\"valueName\":\"search_term_string\"}}],\"inLanguage\":\"en-US\"},{\"@type\":\"Organization\",\"@id\":\"https:\\\/\\\/vitablanca.ma\\\/#organization\",\"name\":\"VitaBlanca\",\"url\":\"https:\\\/\\\/vitablanca.ma\\\/\",\"logo\":{\"@type\":\"ImageObject\",\"inLanguage\":\"en-US\",\"@id\":\"https:\\\/\\\/vitablanca.ma\\\/#\\\/schema\\\/logo\\\/image\\\/\",\"url\":\"https:\\\/\\\/vitablanca.ma\\\/wp-content\\\/uploads\\\/2025\\\/05\\\/cropped-vitablanca.png\",\"contentUrl\":\"https:\\\/\\\/vitablanca.ma\\\/wp-content\\\/uploads\\\/2025\\\/05\\\/cropped-vitablanca.png\",\"width\":360,\"height\":67,\"caption\":\"VitaBlanca\"},\"image\":{\"@id\":\"https:\\\/\\\/vitablanca.ma\\\/#\\\/schema\\\/logo\\\/image\\\/\"},\"sameAs\":[\"https:\\\/\\\/www.facebook.com\\\/profile.php?id=61576678196717\",\"https:\\\/\\\/www.tiktok.com\\\/@vitablanca.ma\",\"https:\\\/\\\/www.instagram.com\\\/vitablanca.ma\\\/\"]}]}<\/script>\n<!-- \/ Yoast SEO plugin. -->","yoast_head_json":{"title":"Balea - Soft Cotton Dry Shampoo - Morocco Price","description":"D\u00e9couvrez Balea - Shampooing sec Soft Cotton - un produit de qualit\u00e9 pour am\u00e9liorer votre routine de soin. Achetez maintenant sur VitaBlanca.ma.","robots":{"index":"index","follow":"follow","max-snippet":"max-snippet:-1","max-image-preview":"max-image-preview:large","max-video-preview":"max-video-preview:-1"},"canonical":"https:\/\/vitablanca.ma\/en\/product\/balea-shampooing-sec-soft-cotton\/","og_locale":"en_US","og_type":"article","og_title":"Balea - Shampooing sec Soft Cotton - Maroc Prix","og_description":"D\u00e9couvrez Balea - Shampooing sec Soft Cotton - un produit de qualit\u00e9 pour am\u00e9liorer votre routine de soin. Achetez maintenant sur VitaBlanca.ma.","og_url":"https:\/\/vitablanca.ma\/en\/product\/balea-shampooing-sec-soft-cotton\/","og_site_name":"Vitablanca.ma &ndash; Sant&eacute;, vitalit&eacute; et bien-&ecirc;tre pour tous les Marocains","article_publisher":"https:\/\/www.facebook.com\/profile.php?id=61576678196717","article_modified_time":"2026-02-05T16:37:31+00:00","og_image":[{"width":1200,"height":1200,"url":"https:\/\/vitablanca.ma\/wp-content\/uploads\/2025\/07\/4066447068955-3198996.png","type":"image\/png"}],"twitter_card":"summary_large_image","twitter_misc":{"Est. reading time":"1 minute"},"schema":{"@context":"https:\/\/schema.org","@graph":[{"@type":["WebPage","ItemPage"],"@id":"https:\/\/vitablanca.ma\/produit\/balea-shampooing-sec-soft-cotton\/","url":"https:\/\/vitablanca.ma\/produit\/balea-shampooing-sec-soft-cotton\/","name":"Balea - Soft Cotton Dry Shampoo - Morocco Price","isPartOf":{"@id":"https:\/\/vitablanca.ma\/#website"},"primaryImageOfPage":{"@id":"https:\/\/vitablanca.ma\/produit\/balea-shampooing-sec-soft-cotton\/#primaryimage"},"image":{"@id":"https:\/\/vitablanca.ma\/produit\/balea-shampooing-sec-soft-cotton\/#primaryimage"},"thumbnailUrl":"https:\/\/vitablanca.ma\/wp-content\/uploads\/2025\/07\/4066447068955-3198996.png","datePublished":"2025-07-10T19:05:13+00:00","dateModified":"2026-02-05T16:37:31+00:00","description":"D\u00e9couvrez Balea - Shampooing sec Soft Cotton - un produit de qualit\u00e9 pour am\u00e9liorer votre routine de soin. Achetez maintenant sur VitaBlanca.ma.","breadcrumb":{"@id":"https:\/\/vitablanca.ma\/produit\/balea-shampooing-sec-soft-cotton\/#breadcrumb"},"inLanguage":"en-US","potentialAction":[{"@type":"ReadAction","target":["https:\/\/vitablanca.ma\/produit\/balea-shampooing-sec-soft-cotton\/"]}]},{"@type":"ImageObject","inLanguage":"en-US","@id":"https:\/\/vitablanca.ma\/produit\/balea-shampooing-sec-soft-cotton\/#primaryimage","url":"https:\/\/vitablanca.ma\/wp-content\/uploads\/2025\/07\/4066447068955-3198996.png","contentUrl":"https:\/\/vitablanca.ma\/wp-content\/uploads\/2025\/07\/4066447068955-3198996.png","width":1200,"height":1200},{"@type":"BreadcrumbList","@id":"https:\/\/vitablanca.ma\/produit\/balea-shampooing-sec-soft-cotton\/#breadcrumb","itemListElement":[{"@type":"ListItem","position":1,"name":"Home","item":"https:\/\/vitablanca.ma\/"},{"@type":"ListItem","position":2,"name":"Tous Les Produits","item":"https:\/\/vitablanca.ma\/tous-les-produits\/"},{"@type":"ListItem","position":3,"name":"Balea &#8211; Shampooing sec Soft Cotton"}]},{"@type":"WebSite","@id":"https:\/\/vitablanca.ma\/#website","url":"https:\/\/vitablanca.ma\/","name":"VitaBlanca.ma | Food supplements, health &amp; beauty in Morocco","description":"sell premium vitamins and supplements from USA &amp; Canada, New Zealand, Morocco (NOW Foods, Solgar, Manuka). Fast delivery anywhere in Morocco.","publisher":{"@id":"https:\/\/vitablanca.ma\/#organization"},"alternateName":"VitaBlanca.ma","potentialAction":[{"@type":"SearchAction","target":{"@type":"EntryPoint","urlTemplate":"https:\/\/vitablanca.ma\/?s={search_term_string}"},"query-input":{"@type":"PropertyValueSpecification","valueRequired":true,"valueName":"search_term_string"}}],"inLanguage":"en-US"},{"@type":"Organization","@id":"https:\/\/vitablanca.ma\/#organization","name":"VitaBlanca","url":"https:\/\/vitablanca.ma\/","logo":{"@type":"ImageObject","inLanguage":"en-US","@id":"https:\/\/vitablanca.ma\/#\/schema\/logo\/image\/","url":"https:\/\/vitablanca.ma\/wp-content\/uploads\/2025\/05\/cropped-vitablanca.png","contentUrl":"https:\/\/vitablanca.ma\/wp-content\/uploads\/2025\/05\/cropped-vitablanca.png","width":360,"height":67,"caption":"VitaBlanca"},"image":{"@id":"https:\/\/vitablanca.ma\/#\/schema\/logo\/image\/"},"sameAs":["https:\/\/www.facebook.com\/profile.php?id=61576678196717","https:\/\/www.tiktok.com\/@vitablanca.ma","https:\/\/www.instagram.com\/vitablanca.ma\/"]}]}},"jetpack_sharing_enabled":true,"_links":{"self":[{"href":"https:\/\/vitablanca.ma\/en\/wp-json\/wp\/v2\/product\/24173","targetHints":{"allow":["GET"]}}],"collection":[{"href":"https:\/\/vitablanca.ma\/en\/wp-json\/wp\/v2\/product"}],"about":[{"href":"https:\/\/vitablanca.ma\/en\/wp-json\/wp\/v2\/types\/product"}],"wp:featuredmedia":[{"embeddable":true,"href":"https:\/\/vitablanca.ma\/en\/wp-json\/wp\/v2\/media\/24171"}],"wp:attachment":[{"href":"https:\/\/vitablanca.ma\/en\/wp-json\/wp\/v2\/media?parent=24173"}],"wp:term":[{"taxonomy":"product_brand","embeddable":true,"href":"https:\/\/vitablanca.ma\/en\/wp-json\/wp\/v2\/product_brand?post=24173"},{"taxonomy":"product_cat","embeddable":true,"href":"https:\/\/vitablanca.ma\/en\/wp-json\/wp\/v2\/product_cat?post=24173"},{"taxonomy":"product_tag","embeddable":true,"href":"https:\/\/vitablanca.ma\/en\/wp-json\/wp\/v2\/product_tag?post=24173"}],"curies":[{"name":"wp","href":"https:\/\/api.w.org\/{rel}","templated":true}]}}