{"id":24164,"date":"2025-07-10T19:04:32","date_gmt":"2025-07-10T19:04:32","guid":{"rendered":"https:\/\/vitablanca.ma\/product\/balea-shampooing-sec-hawaien-coco\/"},"modified":"2025-07-13T17:26:52","modified_gmt":"2025-07-13T17:26:52","slug":"balea-shampooing-sec-hawaien-coco","status":"publish","type":"product","link":"https:\/\/vitablanca.ma\/en\/product\/balea-shampooing-sec-hawaien-coco\/","title":{"rendered":"Balea Hawaiian Coconut Dry Shampoo 200 ml"},"content":{"rendered":"<p><strong data-start=\"220\" data-end=\"263\">Cheveux l\u00e9gers & parfum\u00e9s comme \u00e0 Hawa\u00ef\u00a0<\/strong><\/p>\n<p>Le shampooing sec Hawaiian Coconut de Balea vous permet de faire un shampooing \u00e0 sec en un clin d\u2019\u0153il entre deux utilisations. En quelques secondes, vos cheveux retrouvent leur fra\u00eecheur, un nouveau toucher et du volume. Pour une apparence soign\u00e9e \u00e0 tout moment, m\u00eame en d\u00e9placement et en cas de stress. Formule sans microplastique et sans polym\u00e8res synth\u00e9tiques solubles dans l\u2019eau.<\/p>\n<h4><strong><span style=\"font-size: 11pt; line-height: 104%; font-family: 'Segoe UI Emoji', sans-serif;\">\ud83d\udca1<\/span><span lang=\"EN-US\" style=\"font-size: 11pt; line-height: 104%; font-family: Arial, sans-serif;\"> Directions for use <\/span><\/strong><\/h4>\n<p>Brosser soigneusement les cheveux. Pour prot\u00e9ger les v\u00eatements, placer une serviette autour des \u00e9paules. Bien agiter la bombe avant la premi\u00e8re vaporisation et avant chaque vaporisation suppl\u00e9mentaire. Vaporiser uniform\u00e9ment et avec parcimonie des parties individuelles de cheveux secs \u00e0 une distance d\u2019environ 20 cm. Laisser agir bri\u00e8vement et brosser soigneusement ou utiliser pendant la nuit.<\/p>","protected":false},"excerpt":{"rendered":"<ul>\n<li>Hair Type: All Hair Types, Oily Hair, Normal Hair<\/li>\n<li>Effect: Styling, volume<\/li>\n<li>Product Features: Ammonia Free, Silicone Free, Vegan<\/li>\n<li>For a voluminous body<\/li>\n<li>Long-lasting freshness for all hair types<\/li>\n<li>With coconut scent.<\/li>\n<li>Volume: 200 ml<\/li>\n<\/ul>","protected":false},"featured_media":24162,"template":"","meta":{"om_disable_all_campaigns":false},"product_brand":[3236],"product_cat":[18],"product_tag":[3237,3240,3238,3239,3241],"class_list":{"0":"post-24164","1":"product","2":"type-product","3":"status-publish","4":"has-post-thumbnail","6":"product_brand-balea-dm-prix-maroc","7":"product_cat-beaute-sante","8":"product_tag-balea","9":"product_tag-balea-dm","10":"product_tag-balea-maroc","11":"product_tag-balea-morocco","12":"product_tag-dm-maroc","14":"first","15":"instock","16":"taxable","17":"shipping-taxable","18":"purchasable","19":"product-type-simple"},"yoast_head":"<!-- This site is optimized with the Yoast SEO plugin v27.5 - https:\/\/yoast.com\/product\/yoast-seo-wordpress\/ -->\n<title>Balea Shampooing sec Hawa\u00efen Coco 200 ml - Maroc Prix<\/title>\n<meta name=\"description\" content=\"Rafra\u00eechissez vos cheveux avec le shampooing sec Balea Hawa\u00efen Coco 200 ml au Maroc. Il absorbe l&#039;exc\u00e8s de s\u00e9bum, apporte volume et un parfum exotique\" \/>\n<meta name=\"robots\" content=\"index, follow, max-snippet:-1, max-image-preview:large, max-video-preview:-1\" \/>\n<link rel=\"canonical\" href=\"https:\/\/vitablanca.ma\/en\/product\/balea-shampooing-sec-hawaien-coco\/\" \/>\n<meta property=\"og:locale\" content=\"en_US\" \/>\n<meta property=\"og:type\" content=\"article\" \/>\n<meta property=\"og:title\" content=\"Balea Shampooing sec Hawa\u00efen Coco 200 ml - Maroc Prix\" \/>\n<meta property=\"og:description\" content=\"Rafra\u00eechissez vos cheveux avec le shampooing sec Balea Hawa\u00efen Coco 200 ml au Maroc. Il absorbe l&#039;exc\u00e8s de s\u00e9bum, apporte volume et un parfum exotique\" \/>\n<meta property=\"og:url\" content=\"https:\/\/vitablanca.ma\/en\/product\/balea-shampooing-sec-hawaien-coco\/\" \/>\n<meta property=\"og:site_name\" content=\"Vitablanca.ma &ndash; Sant&eacute;, vitalit&eacute; et bien-&ecirc;tre pour tous les Marocains\" \/>\n<meta property=\"article:publisher\" content=\"https:\/\/www.facebook.com\/profile.php?id=61576678196717\" \/>\n<meta property=\"article:modified_time\" content=\"2025-07-13T17:26:52+00:00\" \/>\n<meta property=\"og:image\" content=\"https:\/\/vitablanca.ma\/wp-content\/uploads\/2025\/07\/4066447068917-3279784.png\" \/>\n\t<meta property=\"og:image:width\" content=\"1200\" \/>\n\t<meta property=\"og:image:height\" content=\"1200\" \/>\n\t<meta property=\"og:image:type\" content=\"image\/png\" \/>\n<meta name=\"twitter:card\" content=\"summary_large_image\" \/>\n<meta name=\"twitter:label1\" content=\"Est. reading time\" \/>\n\t<meta name=\"twitter:data1\" content=\"1 minute\" \/>\n<script type=\"application\/ld+json\" class=\"yoast-schema-graph\">{\"@context\":\"https:\\\/\\\/schema.org\",\"@graph\":[{\"@type\":[\"WebPage\",\"ItemPage\"],\"@id\":\"https:\\\/\\\/vitablanca.ma\\\/en\\\/product\\\/balea-shampooing-sec-hawaien-coco\\\/\",\"url\":\"https:\\\/\\\/vitablanca.ma\\\/en\\\/product\\\/balea-shampooing-sec-hawaien-coco\\\/\",\"name\":\"Balea Shampooing sec Hawa\u00efen Coco 200 ml - Maroc Prix\",\"isPartOf\":{\"@id\":\"https:\\\/\\\/vitablanca.ma\\\/#website\"},\"primaryImageOfPage\":{\"@id\":\"https:\\\/\\\/vitablanca.ma\\\/en\\\/product\\\/balea-shampooing-sec-hawaien-coco\\\/#primaryimage\"},\"image\":{\"@id\":\"https:\\\/\\\/vitablanca.ma\\\/en\\\/product\\\/balea-shampooing-sec-hawaien-coco\\\/#primaryimage\"},\"thumbnailUrl\":\"https:\\\/\\\/vitablanca.ma\\\/wp-content\\\/uploads\\\/2025\\\/07\\\/4066447068917-3279784.png\",\"datePublished\":\"2025-07-10T19:04:32+00:00\",\"dateModified\":\"2025-07-13T17:26:52+00:00\",\"description\":\"Rafra\u00eechissez vos cheveux avec le shampooing sec Balea Hawa\u00efen Coco 200 ml au Maroc. Il absorbe l'exc\u00e8s de s\u00e9bum, apporte volume et un parfum exotique\",\"breadcrumb\":{\"@id\":\"https:\\\/\\\/vitablanca.ma\\\/en\\\/product\\\/balea-shampooing-sec-hawaien-coco\\\/#breadcrumb\"},\"inLanguage\":\"en-US\",\"potentialAction\":[{\"@type\":\"ReadAction\",\"target\":[\"https:\\\/\\\/vitablanca.ma\\\/en\\\/product\\\/balea-shampooing-sec-hawaien-coco\\\/\"]}]},{\"@type\":\"ImageObject\",\"inLanguage\":\"en-US\",\"@id\":\"https:\\\/\\\/vitablanca.ma\\\/en\\\/product\\\/balea-shampooing-sec-hawaien-coco\\\/#primaryimage\",\"url\":\"https:\\\/\\\/vitablanca.ma\\\/wp-content\\\/uploads\\\/2025\\\/07\\\/4066447068917-3279784.png\",\"contentUrl\":\"https:\\\/\\\/vitablanca.ma\\\/wp-content\\\/uploads\\\/2025\\\/07\\\/4066447068917-3279784.png\",\"width\":1200,\"height\":1200},{\"@type\":\"BreadcrumbList\",\"@id\":\"https:\\\/\\\/vitablanca.ma\\\/en\\\/product\\\/balea-shampooing-sec-hawaien-coco\\\/#breadcrumb\",\"itemListElement\":[{\"@type\":\"ListItem\",\"position\":1,\"name\":\"Home\",\"item\":\"https:\\\/\\\/vitablanca.ma\\\/\"},{\"@type\":\"ListItem\",\"position\":2,\"name\":\"Tous Les Produits\",\"item\":\"https:\\\/\\\/vitablanca.ma\\\/tous-les-produits\\\/\"},{\"@type\":\"ListItem\",\"position\":3,\"name\":\"Balea Shampooing sec Hawa\u00efen Coco 200 ml\"}]},{\"@type\":\"WebSite\",\"@id\":\"https:\\\/\\\/vitablanca.ma\\\/#website\",\"url\":\"https:\\\/\\\/vitablanca.ma\\\/\",\"name\":\"VitaBlanca.ma | Compl\u00e9ments alimentaires, sant\u00e9 & beaut\u00e9 au Maroc\",\"description\":\"vendre vitamines et compl\u00e9ments premium des USA &amp; Canada, Nouvelle Z\u00e9lande,Maroc (NOW Foods, Solgar, Manuka). Livraison rapide partout au Maroc.\",\"publisher\":{\"@id\":\"https:\\\/\\\/vitablanca.ma\\\/#organization\"},\"alternateName\":\"VitaBlanca.ma\",\"potentialAction\":[{\"@type\":\"SearchAction\",\"target\":{\"@type\":\"EntryPoint\",\"urlTemplate\":\"https:\\\/\\\/vitablanca.ma\\\/?s={search_term_string}\"},\"query-input\":{\"@type\":\"PropertyValueSpecification\",\"valueRequired\":true,\"valueName\":\"search_term_string\"}}],\"inLanguage\":\"en-US\"},{\"@type\":\"Organization\",\"@id\":\"https:\\\/\\\/vitablanca.ma\\\/#organization\",\"name\":\"VitaBlanca\",\"url\":\"https:\\\/\\\/vitablanca.ma\\\/\",\"logo\":{\"@type\":\"ImageObject\",\"inLanguage\":\"en-US\",\"@id\":\"https:\\\/\\\/vitablanca.ma\\\/#\\\/schema\\\/logo\\\/image\\\/\",\"url\":\"https:\\\/\\\/vitablanca.ma\\\/wp-content\\\/uploads\\\/2025\\\/05\\\/cropped-vitablanca.png\",\"contentUrl\":\"https:\\\/\\\/vitablanca.ma\\\/wp-content\\\/uploads\\\/2025\\\/05\\\/cropped-vitablanca.png\",\"width\":360,\"height\":67,\"caption\":\"VitaBlanca\"},\"image\":{\"@id\":\"https:\\\/\\\/vitablanca.ma\\\/#\\\/schema\\\/logo\\\/image\\\/\"},\"sameAs\":[\"https:\\\/\\\/www.facebook.com\\\/profile.php?id=61576678196717\",\"https:\\\/\\\/www.tiktok.com\\\/@vitablanca.ma\",\"https:\\\/\\\/www.instagram.com\\\/vitablanca.ma\\\/\"]}]}<\/script>\n<!-- \/ Yoast SEO plugin. -->","yoast_head_json":{"title":"Balea Hawaiian Coconut Dry Shampoo 200 ml - Morocco Price","description":"Refresh your hair with Balea Hawaiian Coconut Dry Shampoo 200ml from Morocco. It absorbs excess sebum, adds volume, and an exotic fragrance.","robots":{"index":"index","follow":"follow","max-snippet":"max-snippet:-1","max-image-preview":"max-image-preview:large","max-video-preview":"max-video-preview:-1"},"canonical":"https:\/\/vitablanca.ma\/en\/product\/balea-shampooing-sec-hawaien-coco\/","og_locale":"en_US","og_type":"article","og_title":"Balea Shampooing sec Hawa\u00efen Coco 200 ml - Maroc Prix","og_description":"Rafra\u00eechissez vos cheveux avec le shampooing sec Balea Hawa\u00efen Coco 200 ml au Maroc. Il absorbe l'exc\u00e8s de s\u00e9bum, apporte volume et un parfum exotique","og_url":"https:\/\/vitablanca.ma\/en\/product\/balea-shampooing-sec-hawaien-coco\/","og_site_name":"Vitablanca.ma &ndash; Sant&eacute;, vitalit&eacute; et bien-&ecirc;tre pour tous les Marocains","article_publisher":"https:\/\/www.facebook.com\/profile.php?id=61576678196717","article_modified_time":"2025-07-13T17:26:52+00:00","og_image":[{"width":1200,"height":1200,"url":"https:\/\/vitablanca.ma\/wp-content\/uploads\/2025\/07\/4066447068917-3279784.png","type":"image\/png"}],"twitter_card":"summary_large_image","twitter_misc":{"Est. reading time":"1 minute"},"schema":{"@context":"https:\/\/schema.org","@graph":[{"@type":["WebPage","ItemPage"],"@id":"https:\/\/vitablanca.ma\/en\/product\/balea-shampooing-sec-hawaien-coco\/","url":"https:\/\/vitablanca.ma\/en\/product\/balea-shampooing-sec-hawaien-coco\/","name":"Balea Hawaiian Coconut Dry Shampoo 200 ml - Morocco Price","isPartOf":{"@id":"https:\/\/vitablanca.ma\/#website"},"primaryImageOfPage":{"@id":"https:\/\/vitablanca.ma\/en\/product\/balea-shampooing-sec-hawaien-coco\/#primaryimage"},"image":{"@id":"https:\/\/vitablanca.ma\/en\/product\/balea-shampooing-sec-hawaien-coco\/#primaryimage"},"thumbnailUrl":"https:\/\/vitablanca.ma\/wp-content\/uploads\/2025\/07\/4066447068917-3279784.png","datePublished":"2025-07-10T19:04:32+00:00","dateModified":"2025-07-13T17:26:52+00:00","description":"Refresh your hair with Balea Hawaiian Coconut Dry Shampoo 200ml from Morocco. It absorbs excess sebum, adds volume, and an exotic fragrance.","breadcrumb":{"@id":"https:\/\/vitablanca.ma\/en\/product\/balea-shampooing-sec-hawaien-coco\/#breadcrumb"},"inLanguage":"en-US","potentialAction":[{"@type":"ReadAction","target":["https:\/\/vitablanca.ma\/en\/product\/balea-shampooing-sec-hawaien-coco\/"]}]},{"@type":"ImageObject","inLanguage":"en-US","@id":"https:\/\/vitablanca.ma\/en\/product\/balea-shampooing-sec-hawaien-coco\/#primaryimage","url":"https:\/\/vitablanca.ma\/wp-content\/uploads\/2025\/07\/4066447068917-3279784.png","contentUrl":"https:\/\/vitablanca.ma\/wp-content\/uploads\/2025\/07\/4066447068917-3279784.png","width":1200,"height":1200},{"@type":"BreadcrumbList","@id":"https:\/\/vitablanca.ma\/en\/product\/balea-shampooing-sec-hawaien-coco\/#breadcrumb","itemListElement":[{"@type":"ListItem","position":1,"name":"Home","item":"https:\/\/vitablanca.ma\/"},{"@type":"ListItem","position":2,"name":"Tous Les Produits","item":"https:\/\/vitablanca.ma\/tous-les-produits\/"},{"@type":"ListItem","position":3,"name":"Balea Shampooing sec Hawa\u00efen Coco 200 ml"}]},{"@type":"WebSite","@id":"https:\/\/vitablanca.ma\/#website","url":"https:\/\/vitablanca.ma\/","name":"VitaBlanca.ma | Food supplements, health &amp; beauty in Morocco","description":"sell premium vitamins and supplements from USA &amp; Canada, New Zealand, Morocco (NOW Foods, Solgar, Manuka). Fast delivery anywhere in Morocco.","publisher":{"@id":"https:\/\/vitablanca.ma\/#organization"},"alternateName":"VitaBlanca.ma","potentialAction":[{"@type":"SearchAction","target":{"@type":"EntryPoint","urlTemplate":"https:\/\/vitablanca.ma\/?s={search_term_string}"},"query-input":{"@type":"PropertyValueSpecification","valueRequired":true,"valueName":"search_term_string"}}],"inLanguage":"en-US"},{"@type":"Organization","@id":"https:\/\/vitablanca.ma\/#organization","name":"VitaBlanca","url":"https:\/\/vitablanca.ma\/","logo":{"@type":"ImageObject","inLanguage":"en-US","@id":"https:\/\/vitablanca.ma\/#\/schema\/logo\/image\/","url":"https:\/\/vitablanca.ma\/wp-content\/uploads\/2025\/05\/cropped-vitablanca.png","contentUrl":"https:\/\/vitablanca.ma\/wp-content\/uploads\/2025\/05\/cropped-vitablanca.png","width":360,"height":67,"caption":"VitaBlanca"},"image":{"@id":"https:\/\/vitablanca.ma\/#\/schema\/logo\/image\/"},"sameAs":["https:\/\/www.facebook.com\/profile.php?id=61576678196717","https:\/\/www.tiktok.com\/@vitablanca.ma","https:\/\/www.instagram.com\/vitablanca.ma\/"]}]}},"jetpack_sharing_enabled":true,"_links":{"self":[{"href":"https:\/\/vitablanca.ma\/en\/wp-json\/wp\/v2\/product\/24164","targetHints":{"allow":["GET"]}}],"collection":[{"href":"https:\/\/vitablanca.ma\/en\/wp-json\/wp\/v2\/product"}],"about":[{"href":"https:\/\/vitablanca.ma\/en\/wp-json\/wp\/v2\/types\/product"}],"wp:featuredmedia":[{"embeddable":true,"href":"https:\/\/vitablanca.ma\/en\/wp-json\/wp\/v2\/media\/24162"}],"wp:attachment":[{"href":"https:\/\/vitablanca.ma\/en\/wp-json\/wp\/v2\/media?parent=24164"}],"wp:term":[{"taxonomy":"product_brand","embeddable":true,"href":"https:\/\/vitablanca.ma\/en\/wp-json\/wp\/v2\/product_brand?post=24164"},{"taxonomy":"product_cat","embeddable":true,"href":"https:\/\/vitablanca.ma\/en\/wp-json\/wp\/v2\/product_cat?post=24164"},{"taxonomy":"product_tag","embeddable":true,"href":"https:\/\/vitablanca.ma\/en\/wp-json\/wp\/v2\/product_tag?post=24164"}],"curies":[{"name":"wp","href":"https:\/\/api.w.org\/{rel}","templated":true}]}}