{"id":24142,"date":"2025-07-10T19:03:06","date_gmt":"2025-07-10T19:03:06","guid":{"rendered":"https:\/\/vitablanca.ma\/product\/balea-gel-nettoyant-rafraichissant\/"},"modified":"2025-07-13T17:26:54","modified_gmt":"2025-07-13T17:26:54","slug":"balea-gel-nettoyant-rafraichissant","status":"publish","type":"product","link":"https:\/\/vitablanca.ma\/en\/product\/balea-gel-nettoyant-rafraichissant\/","title":{"rendered":"Balea Refreshing Cleansing Gel 100 ml"},"content":{"rendered":"<h3><strong data-start=\"292\" data-end=\"330\">Freshness &amp; softness for the face\ud83e\uddfc\u2728<\/strong><\/h3>\n<ul>\n<li>Product Type: Washing Gel\/Cream<\/li>\n<li>Product properties: Particularly suitable for the face, Alcohol-free, Colourant-free, Paraben-free, pH-neutral for the skin, Vegan<\/li>\n<li>Fragrance family: Floral<\/li>\n<li>Application area: Face<\/li>\n<li>With 10% aloe vera and a hydrocomplex<\/li>\n<li>Lightly foams<\/li>\n<li>For normal &amp; combination skin<\/li>\n<li>Volume: 100 ml<\/li>\n<\/ul>\n<h4><strong><span style=\"font-size: 11pt;line-height: 104%;font-family: 'Segoe UI Emoji', sans-serif\">\ud83d\udccc<\/span><span lang=\"EN-US\" style=\"font-size: 11pt;line-height: 104%;font-family: Arial, sans-serif\"> Product Description<\/span><\/strong><\/h4>\n<p>Balea&#039;s Refreshing Cleansing Gel cleanses and revitalizes normal and combination skin, gently preparing it for subsequent care. The refreshing cleansing gel with aloe vera has a lightly foaming formula.<br \/>For deep and gentle cleansing of the skin. The mild formula with plant-based surfactants gently removes makeup, dirt particles and skin deposits.<br \/>Ideal for use on shiny skin. The formula with aloe vera and hydrocomplex clarifies and refreshes the skin without over-drying. Formulated without microplastics or pure, water-soluble synthetic polymers.<\/p>\n<h4><strong><span style=\"font-size: 11pt;line-height: 104%;font-family: 'Segoe UI Emoji', sans-serif\">\ud83d\udca1<\/span><span lang=\"EN-US\" style=\"font-size: 11pt;line-height: 104%;font-family: Arial, sans-serif\"> Directions for use<\/span><\/strong><\/h4>\n<p>Apply morning and evening to damp skin. Lather with a little water. Rinse with warm water.<\/p>","protected":false},"excerpt":{"rendered":"<p>Fra\u00eecheur &amp; douceur pour le visage\ud83e\uddfc\u2728 Type de produit : Gel \/ cr\u00e8me de lavage Propri\u00e9t\u00e9s du produit : Particuli\u00e8rement adapt\u00e9 au visage, Sans alcool, Sans colorant, Sans parab\u00e8ne, pH-neutre pour la peau, Vegan Famille de parfums : Fleuri Zone d&rsquo;application : Visage Avec 10% d&rsquo;aloe vera et un hydrocomplexe Mousse l\u00e9g\u00e8rement Pour peaux normales [&hellip;]<\/p>\n","protected":false},"featured_media":24140,"template":"","meta":{"om_disable_all_campaigns":false},"product_brand":[3236],"product_cat":[18],"product_tag":[3237,3240,3238,3239,3241],"class_list":{"0":"post-24142","1":"product","2":"type-product","3":"status-publish","4":"has-post-thumbnail","6":"product_brand-balea-dm-prix-maroc","7":"product_cat-beaute-sante","8":"product_tag-balea","9":"product_tag-balea-dm","10":"product_tag-balea-maroc","11":"product_tag-balea-morocco","12":"product_tag-dm-maroc","14":"first","15":"instock","16":"taxable","17":"shipping-taxable","18":"purchasable","19":"product-type-simple"},"yoast_head":"<!-- This site is optimized with the Yoast SEO plugin v27.4 - https:\/\/yoast.com\/product\/yoast-seo-wordpress\/ -->\n<title>Balea Gel nettoyant rafra\u00eechissant 100 ml - Maroc Prix<\/title>\n<meta name=\"description\" content=\"D\u00e9couvrez le gel nettoyant rafra\u00eechissant Balea 150 ml au Maroc. Id\u00e9al pour peaux normales \u00e0 mixtes, il nettoie en profondeur, \u00e9limine l&#039;exc\u00e8s\" \/>\n<meta name=\"robots\" content=\"index, follow, max-snippet:-1, max-image-preview:large, max-video-preview:-1\" \/>\n<link rel=\"canonical\" href=\"https:\/\/vitablanca.ma\/en\/product\/balea-gel-nettoyant-rafraichissant\/\" \/>\n<meta property=\"og:locale\" content=\"en_US\" \/>\n<meta property=\"og:type\" content=\"article\" \/>\n<meta property=\"og:title\" content=\"Balea Gel nettoyant rafra\u00eechissant 100 ml - Maroc Prix\" \/>\n<meta property=\"og:description\" content=\"D\u00e9couvrez le gel nettoyant rafra\u00eechissant Balea 150 ml au Maroc. Id\u00e9al pour peaux normales \u00e0 mixtes, il nettoie en profondeur, \u00e9limine l&#039;exc\u00e8s\" \/>\n<meta property=\"og:url\" content=\"https:\/\/vitablanca.ma\/en\/product\/balea-gel-nettoyant-rafraichissant\/\" \/>\n<meta property=\"og:site_name\" content=\"Vitablanca.ma &ndash; Sant&eacute;, vitalit&eacute; et bien-&ecirc;tre pour tous les Marocains\" \/>\n<meta property=\"article:publisher\" content=\"https:\/\/www.facebook.com\/profile.php?id=61576678196717\" \/>\n<meta property=\"article:modified_time\" content=\"2025-07-13T17:26:54+00:00\" \/>\n<meta property=\"og:image\" content=\"https:\/\/vitablanca.ma\/wp-content\/uploads\/2025\/07\/balea-waschgel-erfrischend.jpg\" \/>\n\t<meta property=\"og:image:width\" content=\"1201\" \/>\n\t<meta property=\"og:image:height\" content=\"1200\" \/>\n\t<meta property=\"og:image:type\" content=\"image\/jpeg\" \/>\n<meta name=\"twitter:card\" content=\"summary_large_image\" \/>\n<meta name=\"twitter:label1\" content=\"Est. reading time\" \/>\n\t<meta name=\"twitter:data1\" content=\"2 minutes\" \/>\n<script type=\"application\/ld+json\" class=\"yoast-schema-graph\">{\"@context\":\"https:\\\/\\\/schema.org\",\"@graph\":[{\"@type\":[\"WebPage\",\"ItemPage\"],\"@id\":\"https:\\\/\\\/vitablanca.ma\\\/produit\\\/balea-gel-nettoyant-rafraichissant\\\/\",\"url\":\"https:\\\/\\\/vitablanca.ma\\\/produit\\\/balea-gel-nettoyant-rafraichissant\\\/\",\"name\":\"Balea Gel nettoyant rafra\u00eechissant 100 ml - Maroc Prix\",\"isPartOf\":{\"@id\":\"https:\\\/\\\/vitablanca.ma\\\/#website\"},\"primaryImageOfPage\":{\"@id\":\"https:\\\/\\\/vitablanca.ma\\\/produit\\\/balea-gel-nettoyant-rafraichissant\\\/#primaryimage\"},\"image\":{\"@id\":\"https:\\\/\\\/vitablanca.ma\\\/produit\\\/balea-gel-nettoyant-rafraichissant\\\/#primaryimage\"},\"thumbnailUrl\":\"https:\\\/\\\/vitablanca.ma\\\/wp-content\\\/uploads\\\/2025\\\/07\\\/balea-waschgel-erfrischend.jpg\",\"datePublished\":\"2025-07-10T19:03:06+00:00\",\"dateModified\":\"2025-07-13T17:26:54+00:00\",\"description\":\"D\u00e9couvrez le gel nettoyant rafra\u00eechissant Balea 150 ml au Maroc. Id\u00e9al pour peaux normales \u00e0 mixtes, il nettoie en profondeur, \u00e9limine l'exc\u00e8s\",\"breadcrumb\":{\"@id\":\"https:\\\/\\\/vitablanca.ma\\\/produit\\\/balea-gel-nettoyant-rafraichissant\\\/#breadcrumb\"},\"inLanguage\":\"en-US\",\"potentialAction\":[{\"@type\":\"ReadAction\",\"target\":[\"https:\\\/\\\/vitablanca.ma\\\/produit\\\/balea-gel-nettoyant-rafraichissant\\\/\"]}]},{\"@type\":\"ImageObject\",\"inLanguage\":\"en-US\",\"@id\":\"https:\\\/\\\/vitablanca.ma\\\/produit\\\/balea-gel-nettoyant-rafraichissant\\\/#primaryimage\",\"url\":\"https:\\\/\\\/vitablanca.ma\\\/wp-content\\\/uploads\\\/2025\\\/07\\\/balea-waschgel-erfrischend.jpg\",\"contentUrl\":\"https:\\\/\\\/vitablanca.ma\\\/wp-content\\\/uploads\\\/2025\\\/07\\\/balea-waschgel-erfrischend.jpg\",\"width\":1201,\"height\":1200},{\"@type\":\"BreadcrumbList\",\"@id\":\"https:\\\/\\\/vitablanca.ma\\\/produit\\\/balea-gel-nettoyant-rafraichissant\\\/#breadcrumb\",\"itemListElement\":[{\"@type\":\"ListItem\",\"position\":1,\"name\":\"Home\",\"item\":\"https:\\\/\\\/vitablanca.ma\\\/\"},{\"@type\":\"ListItem\",\"position\":2,\"name\":\"Tous Les Produits\",\"item\":\"https:\\\/\\\/vitablanca.ma\\\/tous-les-produits\\\/\"},{\"@type\":\"ListItem\",\"position\":3,\"name\":\"Balea Gel nettoyant rafra\u00eechissant 100 ml\"}]},{\"@type\":\"WebSite\",\"@id\":\"https:\\\/\\\/vitablanca.ma\\\/#website\",\"url\":\"https:\\\/\\\/vitablanca.ma\\\/\",\"name\":\"VitaBlanca.ma | Compl\u00e9ments alimentaires, sant\u00e9 & beaut\u00e9 au Maroc\",\"description\":\"vendre vitamines et compl\u00e9ments premium des USA &amp; Canada, Nouvelle Z\u00e9lande,Maroc (NOW Foods, Solgar, Manuka). Livraison rapide partout au Maroc.\",\"publisher\":{\"@id\":\"https:\\\/\\\/vitablanca.ma\\\/#organization\"},\"alternateName\":\"VitaBlanca.ma\",\"potentialAction\":[{\"@type\":\"SearchAction\",\"target\":{\"@type\":\"EntryPoint\",\"urlTemplate\":\"https:\\\/\\\/vitablanca.ma\\\/?s={search_term_string}\"},\"query-input\":{\"@type\":\"PropertyValueSpecification\",\"valueRequired\":true,\"valueName\":\"search_term_string\"}}],\"inLanguage\":\"en-US\"},{\"@type\":\"Organization\",\"@id\":\"https:\\\/\\\/vitablanca.ma\\\/#organization\",\"name\":\"VitaBlanca\",\"url\":\"https:\\\/\\\/vitablanca.ma\\\/\",\"logo\":{\"@type\":\"ImageObject\",\"inLanguage\":\"en-US\",\"@id\":\"https:\\\/\\\/vitablanca.ma\\\/#\\\/schema\\\/logo\\\/image\\\/\",\"url\":\"https:\\\/\\\/vitablanca.ma\\\/wp-content\\\/uploads\\\/2025\\\/05\\\/cropped-vitablanca.png\",\"contentUrl\":\"https:\\\/\\\/vitablanca.ma\\\/wp-content\\\/uploads\\\/2025\\\/05\\\/cropped-vitablanca.png\",\"width\":360,\"height\":67,\"caption\":\"VitaBlanca\"},\"image\":{\"@id\":\"https:\\\/\\\/vitablanca.ma\\\/#\\\/schema\\\/logo\\\/image\\\/\"},\"sameAs\":[\"https:\\\/\\\/www.facebook.com\\\/profile.php?id=61576678196717\",\"https:\\\/\\\/www.tiktok.com\\\/@vitablanca.ma\",\"https:\\\/\\\/www.instagram.com\\\/vitablanca.ma\\\/\"]}]}<\/script>\n<!-- \/ Yoast SEO plugin. -->","yoast_head_json":{"title":"Balea Refreshing Cleansing Gel 100 ml - Morocco Price","description":"Discover the Balea 150 ml refreshing cleansing gel in Morocco. Ideal for normal to combination skin, it cleanses deeply, removing excess","robots":{"index":"index","follow":"follow","max-snippet":"max-snippet:-1","max-image-preview":"max-image-preview:large","max-video-preview":"max-video-preview:-1"},"canonical":"https:\/\/vitablanca.ma\/en\/product\/balea-gel-nettoyant-rafraichissant\/","og_locale":"en_US","og_type":"article","og_title":"Balea Gel nettoyant rafra\u00eechissant 100 ml - Maroc Prix","og_description":"D\u00e9couvrez le gel nettoyant rafra\u00eechissant Balea 150 ml au Maroc. Id\u00e9al pour peaux normales \u00e0 mixtes, il nettoie en profondeur, \u00e9limine l'exc\u00e8s","og_url":"https:\/\/vitablanca.ma\/en\/product\/balea-gel-nettoyant-rafraichissant\/","og_site_name":"Vitablanca.ma &ndash; Sant&eacute;, vitalit&eacute; et bien-&ecirc;tre pour tous les Marocains","article_publisher":"https:\/\/www.facebook.com\/profile.php?id=61576678196717","article_modified_time":"2025-07-13T17:26:54+00:00","og_image":[{"width":1201,"height":1200,"url":"https:\/\/vitablanca.ma\/wp-content\/uploads\/2025\/07\/balea-waschgel-erfrischend.jpg","type":"image\/jpeg"}],"twitter_card":"summary_large_image","twitter_misc":{"Est. reading time":"2 minutes"},"schema":{"@context":"https:\/\/schema.org","@graph":[{"@type":["WebPage","ItemPage"],"@id":"https:\/\/vitablanca.ma\/produit\/balea-gel-nettoyant-rafraichissant\/","url":"https:\/\/vitablanca.ma\/produit\/balea-gel-nettoyant-rafraichissant\/","name":"Balea Refreshing Cleansing Gel 100 ml - Morocco Price","isPartOf":{"@id":"https:\/\/vitablanca.ma\/#website"},"primaryImageOfPage":{"@id":"https:\/\/vitablanca.ma\/produit\/balea-gel-nettoyant-rafraichissant\/#primaryimage"},"image":{"@id":"https:\/\/vitablanca.ma\/produit\/balea-gel-nettoyant-rafraichissant\/#primaryimage"},"thumbnailUrl":"https:\/\/vitablanca.ma\/wp-content\/uploads\/2025\/07\/balea-waschgel-erfrischend.jpg","datePublished":"2025-07-10T19:03:06+00:00","dateModified":"2025-07-13T17:26:54+00:00","description":"Discover the Balea 150 ml refreshing cleansing gel in Morocco. Ideal for normal to combination skin, it cleanses deeply, removing excess","breadcrumb":{"@id":"https:\/\/vitablanca.ma\/produit\/balea-gel-nettoyant-rafraichissant\/#breadcrumb"},"inLanguage":"en-US","potentialAction":[{"@type":"ReadAction","target":["https:\/\/vitablanca.ma\/produit\/balea-gel-nettoyant-rafraichissant\/"]}]},{"@type":"ImageObject","inLanguage":"en-US","@id":"https:\/\/vitablanca.ma\/produit\/balea-gel-nettoyant-rafraichissant\/#primaryimage","url":"https:\/\/vitablanca.ma\/wp-content\/uploads\/2025\/07\/balea-waschgel-erfrischend.jpg","contentUrl":"https:\/\/vitablanca.ma\/wp-content\/uploads\/2025\/07\/balea-waschgel-erfrischend.jpg","width":1201,"height":1200},{"@type":"BreadcrumbList","@id":"https:\/\/vitablanca.ma\/produit\/balea-gel-nettoyant-rafraichissant\/#breadcrumb","itemListElement":[{"@type":"ListItem","position":1,"name":"Home","item":"https:\/\/vitablanca.ma\/"},{"@type":"ListItem","position":2,"name":"Tous Les Produits","item":"https:\/\/vitablanca.ma\/tous-les-produits\/"},{"@type":"ListItem","position":3,"name":"Balea Gel nettoyant rafra\u00eechissant 100 ml"}]},{"@type":"WebSite","@id":"https:\/\/vitablanca.ma\/#website","url":"https:\/\/vitablanca.ma\/","name":"VitaBlanca.ma | Food supplements, health &amp; beauty in Morocco","description":"sell premium vitamins and supplements from USA &amp; Canada, New Zealand, Morocco (NOW Foods, Solgar, Manuka). Fast delivery anywhere in Morocco.","publisher":{"@id":"https:\/\/vitablanca.ma\/#organization"},"alternateName":"VitaBlanca.ma","potentialAction":[{"@type":"SearchAction","target":{"@type":"EntryPoint","urlTemplate":"https:\/\/vitablanca.ma\/?s={search_term_string}"},"query-input":{"@type":"PropertyValueSpecification","valueRequired":true,"valueName":"search_term_string"}}],"inLanguage":"en-US"},{"@type":"Organization","@id":"https:\/\/vitablanca.ma\/#organization","name":"VitaBlanca","url":"https:\/\/vitablanca.ma\/","logo":{"@type":"ImageObject","inLanguage":"en-US","@id":"https:\/\/vitablanca.ma\/#\/schema\/logo\/image\/","url":"https:\/\/vitablanca.ma\/wp-content\/uploads\/2025\/05\/cropped-vitablanca.png","contentUrl":"https:\/\/vitablanca.ma\/wp-content\/uploads\/2025\/05\/cropped-vitablanca.png","width":360,"height":67,"caption":"VitaBlanca"},"image":{"@id":"https:\/\/vitablanca.ma\/#\/schema\/logo\/image\/"},"sameAs":["https:\/\/www.facebook.com\/profile.php?id=61576678196717","https:\/\/www.tiktok.com\/@vitablanca.ma","https:\/\/www.instagram.com\/vitablanca.ma\/"]}]}},"jetpack_sharing_enabled":true,"_links":{"self":[{"href":"https:\/\/vitablanca.ma\/en\/wp-json\/wp\/v2\/product\/24142","targetHints":{"allow":["GET"]}}],"collection":[{"href":"https:\/\/vitablanca.ma\/en\/wp-json\/wp\/v2\/product"}],"about":[{"href":"https:\/\/vitablanca.ma\/en\/wp-json\/wp\/v2\/types\/product"}],"wp:featuredmedia":[{"embeddable":true,"href":"https:\/\/vitablanca.ma\/en\/wp-json\/wp\/v2\/media\/24140"}],"wp:attachment":[{"href":"https:\/\/vitablanca.ma\/en\/wp-json\/wp\/v2\/media?parent=24142"}],"wp:term":[{"taxonomy":"product_brand","embeddable":true,"href":"https:\/\/vitablanca.ma\/en\/wp-json\/wp\/v2\/product_brand?post=24142"},{"taxonomy":"product_cat","embeddable":true,"href":"https:\/\/vitablanca.ma\/en\/wp-json\/wp\/v2\/product_cat?post=24142"},{"taxonomy":"product_tag","embeddable":true,"href":"https:\/\/vitablanca.ma\/en\/wp-json\/wp\/v2\/product_tag?post=24142"}],"curies":[{"name":"wp","href":"https:\/\/api.w.org\/{rel}","templated":true}]}}