{"id":24135,"date":"2025-07-10T19:02:33","date_gmt":"2025-07-10T19:02:33","guid":{"rendered":"https:\/\/vitablanca.ma\/product\/balea-gel-a-raser-aloe-vera-huile-davocat\/"},"modified":"2025-07-13T17:26:54","modified_gmt":"2025-07-13T17:26:54","slug":"balea-gel-a-raser-aloe-vera-huile-davocat","status":"publish","type":"product","link":"https:\/\/vitablanca.ma\/en\/product\/balea-gel-a-raser-aloe-vera-huile-davocat\/","title":{"rendered":"Balea Shaving Gel Aloe Vera &amp; Avocado Oil 200 ML"},"content":{"rendered":"<h3><strong data-start=\"322\" data-end=\"362\">Smooth shave, soothed skin\ud83c\udf38\ud83e\udd51<\/strong><\/h3>\n<ul>\n<li>Product Features: Vegan<\/li>\n<li>Rich moisturizing care formula<\/li>\n<li>For sensitive skin<\/li>\n<li>With aloe vera and avocado oil<\/li>\n<li><span>Formulated without microplastics or purely synthetic water-soluble polymers.<\/span><\/li>\n<li><span>Volume: 200 ml<\/span><\/li>\n<\/ul>\n<h4><strong><span style=\"font-size: 11pt;line-height: 104%;font-family: 'Segoe UI Emoji', sans-serif\">\ud83d\udccc<\/span><span lang=\"EN-US\" style=\"font-size: 11pt;line-height: 104%;font-family: Arial, sans-serif\"> Product Description<\/span><\/strong><\/h4>\n<p>Balea shaving gel ensures an incomparably smooth wet shave. Valuable ingredients soothe and protect the sensitive skin on your legs, underarms, and bikini line from irritation. The rich, moisturizing care formula with aloe vera and avocado oil pampers you even while you shave, creating the irresistible sensation of silky-smooth skin.<\/p>\n<h4><strong><span style=\"font-size: 11pt;line-height: 104%;font-family: 'Segoe UI Emoji', sans-serif\">\ud83d\udca1<\/span><span lang=\"EN-US\" style=\"font-size: 11pt;line-height: 104%;font-family: Arial, sans-serif\"> Directions for use<\/span><\/strong><\/h4>\n<p>Moisten skin with water. Apply a little gel to your fingertips or directly to the area of the body to be shaved. Spread evenly over the skin \u2013 this results in a soft, creamy lather. Rinse thoroughly after shaving.<\/p>\n<h4><strong><span lang=\"EN-US\" style=\"font-size: 11pt;line-height: 104%;font-family: 'Segoe UI Emoji', sans-serif\">\u26a0<\/span><span style=\"font-size: 11pt;line-height: 104%;font-family: Arial, sans-serif\">\ufe0f<\/span><span lang=\"EN-US\" style=\"font-size: 11pt;line-height: 104%;font-family: Arial, sans-serif\"> Warnings<\/span><\/strong><\/h4>\n<p><span lang=\"EN-US\" style=\"font-size: 11pt;line-height: 104%;font-family: Arial, sans-serif\">CAUTION: Container is under pressure: may burst if heated. Protect from sunlight. Do not expose to temperatures exceeding 50\u00b0C\/122\u00b0F. Do not pierce or burn, even after use. Do not spray in eyes. Keep away from heat, hot surfaces, sparks, open flames, and other ignition sources. No smoking. Keep out of reach of children. Use only as intended. Dispose of only empty cans in the recyclable waste collection. Contains 5 % by mass of flammable components.<\/span><\/p>","protected":false},"excerpt":{"rendered":"<p>Rasage tout en douceur, peau apais\u00e9e\ud83c\udf38\ud83e\udd51 Caract\u00e9ristiques du produit : V\u00e9g\u00e9talien Formule de soin hydratante riche Pour les peaux sensibles Avec aloe vera et huile d&rsquo;avocat Formule sans microplastiques ni polym\u00e8res purement synth\u00e9tiques solubles dans l&rsquo;eau. Volume: 200 ml \ud83d\udccc Description du produit Le gel de rasage Balea assure un rasage humide d&rsquo;une douceur incomparable. [&hellip;]<\/p>\n","protected":false},"featured_media":24132,"template":"","meta":{"om_disable_all_campaigns":false},"product_brand":[3236],"product_cat":[18],"product_tag":[3237,3240,3238,3239,3241],"class_list":{"0":"post-24135","1":"product","2":"type-product","3":"status-publish","4":"has-post-thumbnail","6":"product_brand-balea-dm-prix-maroc","7":"product_cat-beaute-sante","8":"product_tag-balea","9":"product_tag-balea-dm","10":"product_tag-balea-maroc","11":"product_tag-balea-morocco","12":"product_tag-dm-maroc","14":"first","15":"instock","16":"taxable","17":"shipping-taxable","18":"purchasable","19":"product-type-simple"},"yoast_head":"<!-- This site is optimized with the Yoast SEO plugin v27.4 - https:\/\/yoast.com\/product\/yoast-seo-wordpress\/ -->\n<title>Balea Gel \u00e0 raser Aloe Vera &amp; huile d&#039;avocat 200 ML - Maroc Prix<\/title>\n<meta name=\"description\" content=\"D\u00e9couvrez le gel \u00e0 raser Balea Aloe Vera &amp; Huile d&#039;Avocat 200 ml au Maroc. Id\u00e9al pour les peaux exigeantes, il hydrate, apaise et assure une glisse parfaite\" \/>\n<meta name=\"robots\" content=\"index, follow, max-snippet:-1, max-image-preview:large, max-video-preview:-1\" \/>\n<link rel=\"canonical\" href=\"https:\/\/vitablanca.ma\/en\/product\/balea-gel-a-raser-aloe-vera-huile-davocat\/\" \/>\n<meta property=\"og:locale\" content=\"en_US\" \/>\n<meta property=\"og:type\" content=\"article\" \/>\n<meta property=\"og:title\" content=\"Balea Gel \u00e0 raser Aloe Vera &amp; huile d&#039;avocat 200 ML - Maroc Prix\" \/>\n<meta property=\"og:description\" content=\"D\u00e9couvrez le gel \u00e0 raser Balea Aloe Vera &amp; Huile d&#039;Avocat 200 ml au Maroc. Id\u00e9al pour les peaux exigeantes, il hydrate, apaise et assure une glisse parfaite\" \/>\n<meta property=\"og:url\" content=\"https:\/\/vitablanca.ma\/en\/product\/balea-gel-a-raser-aloe-vera-huile-davocat\/\" \/>\n<meta property=\"og:site_name\" content=\"Vitablanca.ma &ndash; Sant&eacute;, vitalit&eacute; et bien-&ecirc;tre pour tous les Marocains\" \/>\n<meta property=\"article:publisher\" content=\"https:\/\/www.facebook.com\/profile.php?id=61576678196717\" \/>\n<meta property=\"article:modified_time\" content=\"2025-07-13T17:26:54+00:00\" \/>\n<meta property=\"og:image\" content=\"https:\/\/vitablanca.ma\/wp-content\/uploads\/2025\/07\/balea-rasiergel-aloe-vera-und-avocaddooel.jpg\" \/>\n\t<meta property=\"og:image:width\" content=\"1199\" \/>\n\t<meta property=\"og:image:height\" content=\"1200\" \/>\n\t<meta property=\"og:image:type\" content=\"image\/jpeg\" \/>\n<meta name=\"twitter:card\" content=\"summary_large_image\" \/>\n<meta name=\"twitter:label1\" content=\"Est. reading time\" \/>\n\t<meta name=\"twitter:data1\" content=\"2 minutes\" \/>\n<script type=\"application\/ld+json\" class=\"yoast-schema-graph\">{\"@context\":\"https:\\\/\\\/schema.org\",\"@graph\":[{\"@type\":[\"WebPage\",\"ItemPage\"],\"@id\":\"https:\\\/\\\/vitablanca.ma\\\/en\\\/product\\\/balea-gel-a-raser-aloe-vera-huile-davocat\\\/\",\"url\":\"https:\\\/\\\/vitablanca.ma\\\/en\\\/product\\\/balea-gel-a-raser-aloe-vera-huile-davocat\\\/\",\"name\":\"Balea Gel \u00e0 raser Aloe Vera &amp; huile d'avocat 200 ML - Maroc Prix\",\"isPartOf\":{\"@id\":\"https:\\\/\\\/vitablanca.ma\\\/#website\"},\"primaryImageOfPage\":{\"@id\":\"https:\\\/\\\/vitablanca.ma\\\/en\\\/product\\\/balea-gel-a-raser-aloe-vera-huile-davocat\\\/#primaryimage\"},\"image\":{\"@id\":\"https:\\\/\\\/vitablanca.ma\\\/en\\\/product\\\/balea-gel-a-raser-aloe-vera-huile-davocat\\\/#primaryimage\"},\"thumbnailUrl\":\"https:\\\/\\\/vitablanca.ma\\\/wp-content\\\/uploads\\\/2025\\\/07\\\/balea-rasiergel-aloe-vera-und-avocaddooel.jpg\",\"datePublished\":\"2025-07-10T19:02:33+00:00\",\"dateModified\":\"2025-07-13T17:26:54+00:00\",\"description\":\"D\u00e9couvrez le gel \u00e0 raser Balea Aloe Vera & Huile d'Avocat 200 ml au Maroc. Id\u00e9al pour les peaux exigeantes, il hydrate, apaise et assure une glisse parfaite\",\"breadcrumb\":{\"@id\":\"https:\\\/\\\/vitablanca.ma\\\/en\\\/product\\\/balea-gel-a-raser-aloe-vera-huile-davocat\\\/#breadcrumb\"},\"inLanguage\":\"en-US\",\"potentialAction\":[{\"@type\":\"ReadAction\",\"target\":[\"https:\\\/\\\/vitablanca.ma\\\/en\\\/product\\\/balea-gel-a-raser-aloe-vera-huile-davocat\\\/\"]}]},{\"@type\":\"ImageObject\",\"inLanguage\":\"en-US\",\"@id\":\"https:\\\/\\\/vitablanca.ma\\\/en\\\/product\\\/balea-gel-a-raser-aloe-vera-huile-davocat\\\/#primaryimage\",\"url\":\"https:\\\/\\\/vitablanca.ma\\\/wp-content\\\/uploads\\\/2025\\\/07\\\/balea-rasiergel-aloe-vera-und-avocaddooel.jpg\",\"contentUrl\":\"https:\\\/\\\/vitablanca.ma\\\/wp-content\\\/uploads\\\/2025\\\/07\\\/balea-rasiergel-aloe-vera-und-avocaddooel.jpg\",\"width\":1199,\"height\":1200},{\"@type\":\"BreadcrumbList\",\"@id\":\"https:\\\/\\\/vitablanca.ma\\\/en\\\/product\\\/balea-gel-a-raser-aloe-vera-huile-davocat\\\/#breadcrumb\",\"itemListElement\":[{\"@type\":\"ListItem\",\"position\":1,\"name\":\"Home\",\"item\":\"https:\\\/\\\/vitablanca.ma\\\/\"},{\"@type\":\"ListItem\",\"position\":2,\"name\":\"Tous Les Produits\",\"item\":\"https:\\\/\\\/vitablanca.ma\\\/tous-les-produits\\\/\"},{\"@type\":\"ListItem\",\"position\":3,\"name\":\"Balea Gel \u00e0 raser Aloe Vera &amp; huile d&rsquo;avocat 200 ML\"}]},{\"@type\":\"WebSite\",\"@id\":\"https:\\\/\\\/vitablanca.ma\\\/#website\",\"url\":\"https:\\\/\\\/vitablanca.ma\\\/\",\"name\":\"VitaBlanca.ma | Compl\u00e9ments alimentaires, sant\u00e9 & beaut\u00e9 au Maroc\",\"description\":\"vendre vitamines et compl\u00e9ments premium des USA &amp; Canada, Nouvelle Z\u00e9lande,Maroc (NOW Foods, Solgar, Manuka). Livraison rapide partout au Maroc.\",\"publisher\":{\"@id\":\"https:\\\/\\\/vitablanca.ma\\\/#organization\"},\"alternateName\":\"VitaBlanca.ma\",\"potentialAction\":[{\"@type\":\"SearchAction\",\"target\":{\"@type\":\"EntryPoint\",\"urlTemplate\":\"https:\\\/\\\/vitablanca.ma\\\/?s={search_term_string}\"},\"query-input\":{\"@type\":\"PropertyValueSpecification\",\"valueRequired\":true,\"valueName\":\"search_term_string\"}}],\"inLanguage\":\"en-US\"},{\"@type\":\"Organization\",\"@id\":\"https:\\\/\\\/vitablanca.ma\\\/#organization\",\"name\":\"VitaBlanca\",\"url\":\"https:\\\/\\\/vitablanca.ma\\\/\",\"logo\":{\"@type\":\"ImageObject\",\"inLanguage\":\"en-US\",\"@id\":\"https:\\\/\\\/vitablanca.ma\\\/#\\\/schema\\\/logo\\\/image\\\/\",\"url\":\"https:\\\/\\\/vitablanca.ma\\\/wp-content\\\/uploads\\\/2025\\\/05\\\/cropped-vitablanca.png\",\"contentUrl\":\"https:\\\/\\\/vitablanca.ma\\\/wp-content\\\/uploads\\\/2025\\\/05\\\/cropped-vitablanca.png\",\"width\":360,\"height\":67,\"caption\":\"VitaBlanca\"},\"image\":{\"@id\":\"https:\\\/\\\/vitablanca.ma\\\/#\\\/schema\\\/logo\\\/image\\\/\"},\"sameAs\":[\"https:\\\/\\\/www.facebook.com\\\/profile.php?id=61576678196717\",\"https:\\\/\\\/www.tiktok.com\\\/@vitablanca.ma\",\"https:\\\/\\\/www.instagram.com\\\/vitablanca.ma\\\/\"]}]}<\/script>\n<!-- \/ Yoast SEO plugin. -->","yoast_head_json":{"title":"Balea Shaving Gel Aloe Vera &amp; Avocado Oil 200 ML - Morocco Price","description":"Discover Balea Aloe Vera &amp; Avocado Oil 200ml shaving gel in Morocco. Ideal for demanding skin, it moisturizes, soothes, and ensures perfect glide.","robots":{"index":"index","follow":"follow","max-snippet":"max-snippet:-1","max-image-preview":"max-image-preview:large","max-video-preview":"max-video-preview:-1"},"canonical":"https:\/\/vitablanca.ma\/en\/product\/balea-gel-a-raser-aloe-vera-huile-davocat\/","og_locale":"en_US","og_type":"article","og_title":"Balea Gel \u00e0 raser Aloe Vera &amp; huile d'avocat 200 ML - Maroc Prix","og_description":"D\u00e9couvrez le gel \u00e0 raser Balea Aloe Vera & Huile d'Avocat 200 ml au Maroc. Id\u00e9al pour les peaux exigeantes, il hydrate, apaise et assure une glisse parfaite","og_url":"https:\/\/vitablanca.ma\/en\/product\/balea-gel-a-raser-aloe-vera-huile-davocat\/","og_site_name":"Vitablanca.ma &ndash; Sant&eacute;, vitalit&eacute; et bien-&ecirc;tre pour tous les Marocains","article_publisher":"https:\/\/www.facebook.com\/profile.php?id=61576678196717","article_modified_time":"2025-07-13T17:26:54+00:00","og_image":[{"width":1199,"height":1200,"url":"https:\/\/vitablanca.ma\/wp-content\/uploads\/2025\/07\/balea-rasiergel-aloe-vera-und-avocaddooel.jpg","type":"image\/jpeg"}],"twitter_card":"summary_large_image","twitter_misc":{"Est. reading time":"2 minutes"},"schema":{"@context":"https:\/\/schema.org","@graph":[{"@type":["WebPage","ItemPage"],"@id":"https:\/\/vitablanca.ma\/en\/product\/balea-gel-a-raser-aloe-vera-huile-davocat\/","url":"https:\/\/vitablanca.ma\/en\/product\/balea-gel-a-raser-aloe-vera-huile-davocat\/","name":"Balea Shaving Gel Aloe Vera &amp; Avocado Oil 200 ML - Morocco Price","isPartOf":{"@id":"https:\/\/vitablanca.ma\/#website"},"primaryImageOfPage":{"@id":"https:\/\/vitablanca.ma\/en\/product\/balea-gel-a-raser-aloe-vera-huile-davocat\/#primaryimage"},"image":{"@id":"https:\/\/vitablanca.ma\/en\/product\/balea-gel-a-raser-aloe-vera-huile-davocat\/#primaryimage"},"thumbnailUrl":"https:\/\/vitablanca.ma\/wp-content\/uploads\/2025\/07\/balea-rasiergel-aloe-vera-und-avocaddooel.jpg","datePublished":"2025-07-10T19:02:33+00:00","dateModified":"2025-07-13T17:26:54+00:00","description":"Discover Balea Aloe Vera &amp; Avocado Oil 200ml shaving gel in Morocco. Ideal for demanding skin, it moisturizes, soothes, and ensures perfect glide.","breadcrumb":{"@id":"https:\/\/vitablanca.ma\/en\/product\/balea-gel-a-raser-aloe-vera-huile-davocat\/#breadcrumb"},"inLanguage":"en-US","potentialAction":[{"@type":"ReadAction","target":["https:\/\/vitablanca.ma\/en\/product\/balea-gel-a-raser-aloe-vera-huile-davocat\/"]}]},{"@type":"ImageObject","inLanguage":"en-US","@id":"https:\/\/vitablanca.ma\/en\/product\/balea-gel-a-raser-aloe-vera-huile-davocat\/#primaryimage","url":"https:\/\/vitablanca.ma\/wp-content\/uploads\/2025\/07\/balea-rasiergel-aloe-vera-und-avocaddooel.jpg","contentUrl":"https:\/\/vitablanca.ma\/wp-content\/uploads\/2025\/07\/balea-rasiergel-aloe-vera-und-avocaddooel.jpg","width":1199,"height":1200},{"@type":"BreadcrumbList","@id":"https:\/\/vitablanca.ma\/en\/product\/balea-gel-a-raser-aloe-vera-huile-davocat\/#breadcrumb","itemListElement":[{"@type":"ListItem","position":1,"name":"Home","item":"https:\/\/vitablanca.ma\/"},{"@type":"ListItem","position":2,"name":"Tous Les Produits","item":"https:\/\/vitablanca.ma\/tous-les-produits\/"},{"@type":"ListItem","position":3,"name":"Balea Gel \u00e0 raser Aloe Vera &amp; huile d&rsquo;avocat 200 ML"}]},{"@type":"WebSite","@id":"https:\/\/vitablanca.ma\/#website","url":"https:\/\/vitablanca.ma\/","name":"VitaBlanca.ma | Food supplements, health &amp; beauty in Morocco","description":"sell premium vitamins and supplements from USA &amp; Canada, New Zealand, Morocco (NOW Foods, Solgar, Manuka). Fast delivery anywhere in Morocco.","publisher":{"@id":"https:\/\/vitablanca.ma\/#organization"},"alternateName":"VitaBlanca.ma","potentialAction":[{"@type":"SearchAction","target":{"@type":"EntryPoint","urlTemplate":"https:\/\/vitablanca.ma\/?s={search_term_string}"},"query-input":{"@type":"PropertyValueSpecification","valueRequired":true,"valueName":"search_term_string"}}],"inLanguage":"en-US"},{"@type":"Organization","@id":"https:\/\/vitablanca.ma\/#organization","name":"VitaBlanca","url":"https:\/\/vitablanca.ma\/","logo":{"@type":"ImageObject","inLanguage":"en-US","@id":"https:\/\/vitablanca.ma\/#\/schema\/logo\/image\/","url":"https:\/\/vitablanca.ma\/wp-content\/uploads\/2025\/05\/cropped-vitablanca.png","contentUrl":"https:\/\/vitablanca.ma\/wp-content\/uploads\/2025\/05\/cropped-vitablanca.png","width":360,"height":67,"caption":"VitaBlanca"},"image":{"@id":"https:\/\/vitablanca.ma\/#\/schema\/logo\/image\/"},"sameAs":["https:\/\/www.facebook.com\/profile.php?id=61576678196717","https:\/\/www.tiktok.com\/@vitablanca.ma","https:\/\/www.instagram.com\/vitablanca.ma\/"]}]}},"jetpack_sharing_enabled":true,"_links":{"self":[{"href":"https:\/\/vitablanca.ma\/en\/wp-json\/wp\/v2\/product\/24135","targetHints":{"allow":["GET"]}}],"collection":[{"href":"https:\/\/vitablanca.ma\/en\/wp-json\/wp\/v2\/product"}],"about":[{"href":"https:\/\/vitablanca.ma\/en\/wp-json\/wp\/v2\/types\/product"}],"wp:featuredmedia":[{"embeddable":true,"href":"https:\/\/vitablanca.ma\/en\/wp-json\/wp\/v2\/media\/24132"}],"wp:attachment":[{"href":"https:\/\/vitablanca.ma\/en\/wp-json\/wp\/v2\/media?parent=24135"}],"wp:term":[{"taxonomy":"product_brand","embeddable":true,"href":"https:\/\/vitablanca.ma\/en\/wp-json\/wp\/v2\/product_brand?post=24135"},{"taxonomy":"product_cat","embeddable":true,"href":"https:\/\/vitablanca.ma\/en\/wp-json\/wp\/v2\/product_cat?post=24135"},{"taxonomy":"product_tag","embeddable":true,"href":"https:\/\/vitablanca.ma\/en\/wp-json\/wp\/v2\/product_tag?post=24135"}],"curies":[{"name":"wp","href":"https:\/\/api.w.org\/{rel}","templated":true}]}}