{"id":24111,"date":"2025-07-10T19:00:34","date_gmt":"2025-07-10T19:00:34","guid":{"rendered":"https:\/\/vitablanca.ma\/product\/balea-gel-douche-fleur-damandier-magnolia\/"},"modified":"2025-07-13T17:26:56","modified_gmt":"2025-07-13T17:26:56","slug":"balea-gel-douche-fleur-damandier-magnolia","status":"publish","type":"product","link":"https:\/\/vitablanca.ma\/en\/product\/balea-gel-douche-fleur-damandier-magnolia\/","title":{"rendered":"Balea Almond Blossom &amp; Magnolia Shower Gel"},"content":{"rendered":"<h3>A veil of softness for your skin \ud83e\udd0d\ud83c\udf38<\/h3>\n<ul>\n<li>Product type: Shower gel<\/li>\n<li>Area of use: Body<\/li>\n<li>Alcohol-free, Nanoparticle-free, Paraben-free, Paraffin\/mineral oil-free, pH neutral for the skin<\/li>\n<li>Texture \/ Consistency \/ Application: Gel<\/li>\n<li>with the scent of almond blossom and magnolia<\/li>\n<li>Formula with milk proteins protects against dryness<\/li>\n<li>Moisturizing formula with AquaCellSoft<\/li>\n<li>Skin tolerance confirmed under dermatological control, pH neutral for the skin<\/li>\n<\/ul>\n<h4><strong><span style=\"font-size: 11pt;line-height: 104%;font-family: 'Segoe UI Emoji', sans-serif\">\ud83d\udccc<\/span><span lang=\"EN-US\" style=\"font-size: 11pt;line-height: 104%;font-family: Arial, sans-serif\"> Product Description<\/span><\/strong><\/h4>\n<p>Balea&#039;s Almond Blossom &amp; Magnolia Shower Cream leaves your skin feeling soft and indulges your senses with its sensual, velvety scent of almond blossom and magnolia. Its milk protein formula protects your skin from drying out and is suitable for sensitive skin.<\/p>","protected":false},"excerpt":{"rendered":"<p>Un voile de douceur pour votre peau \ud83e\udd0d\ud83c\udf38 Type de produit : Gel douche Domaine d&rsquo;utilisation : Corps Sans alcool, Sans nanoparticules, Sans parab\u00e8nes, Sans paraffine \/ huiles min\u00e9rales, pH neutre pour la peau Texture \/ Consistance \/ Application : Gel avec le parfum de la fleur d&rsquo;amandier et du magnolia Formule avec des prot\u00e9ines [&hellip;]<\/p>\n","protected":false},"featured_media":24108,"template":"","meta":{"om_disable_all_campaigns":false},"product_brand":[3236],"product_cat":[18],"product_tag":[3237,3240,3238,3239,3241],"class_list":{"0":"post-24111","1":"product","2":"type-product","3":"status-publish","4":"has-post-thumbnail","6":"product_brand-balea-dm-prix-maroc","7":"product_cat-beaute-sante","8":"product_tag-balea","9":"product_tag-balea-dm","10":"product_tag-balea-maroc","11":"product_tag-balea-morocco","12":"product_tag-dm-maroc","14":"first","15":"instock","16":"taxable","17":"shipping-taxable","18":"purchasable","19":"product-type-simple"},"yoast_head":"<!-- This site is optimized with the Yoast SEO plugin v27.4 - https:\/\/yoast.com\/product\/yoast-seo-wordpress\/ -->\n<title>Balea Gel douche Fleur d&#039;amandier &amp; magnolia - Maroc Prix<\/title>\n<meta name=\"description\" content=\"Plongez dans un jardin fleuri avec le gel douche Balea Fleur d&#039;Amandier &amp; Magnolia 300 ml au Maroc. Ce soin doux nettoie, hydrate la peau et enchante\" \/>\n<meta name=\"robots\" content=\"index, follow, max-snippet:-1, max-image-preview:large, max-video-preview:-1\" \/>\n<link rel=\"canonical\" href=\"https:\/\/vitablanca.ma\/en\/product\/balea-gel-douche-fleur-damandier-magnolia\/\" \/>\n<meta property=\"og:locale\" content=\"en_US\" \/>\n<meta property=\"og:type\" content=\"article\" \/>\n<meta property=\"og:title\" content=\"Balea Gel douche Fleur d&#039;amandier &amp; magnolia - Maroc Prix\" \/>\n<meta property=\"og:description\" content=\"Plongez dans un jardin fleuri avec le gel douche Balea Fleur d&#039;Amandier &amp; Magnolia 300 ml au Maroc. Ce soin doux nettoie, hydrate la peau et enchante\" \/>\n<meta property=\"og:url\" content=\"https:\/\/vitablanca.ma\/en\/product\/balea-gel-douche-fleur-damandier-magnolia\/\" \/>\n<meta property=\"og:site_name\" content=\"Vitablanca.ma &ndash; Sant&eacute;, vitalit&eacute; et bien-&ecirc;tre pour tous les Marocains\" \/>\n<meta property=\"article:publisher\" content=\"https:\/\/www.facebook.com\/profile.php?id=61576678196717\" \/>\n<meta property=\"article:modified_time\" content=\"2025-07-13T17:26:56+00:00\" \/>\n<meta property=\"og:image\" content=\"https:\/\/vitablanca.ma\/wp-content\/uploads\/2025\/07\/4066447234657-3719111.png\" \/>\n\t<meta property=\"og:image:width\" content=\"1200\" \/>\n\t<meta property=\"og:image:height\" content=\"1200\" \/>\n\t<meta property=\"og:image:type\" content=\"image\/png\" \/>\n<meta name=\"twitter:card\" content=\"summary_large_image\" \/>\n<meta name=\"twitter:label1\" content=\"Est. reading time\" \/>\n\t<meta name=\"twitter:data1\" content=\"1 minute\" \/>\n<script type=\"application\/ld+json\" class=\"yoast-schema-graph\">{\"@context\":\"https:\\\/\\\/schema.org\",\"@graph\":[{\"@type\":[\"WebPage\",\"ItemPage\"],\"@id\":\"https:\\\/\\\/vitablanca.ma\\\/en\\\/product\\\/balea-gel-douche-fleur-damandier-magnolia\\\/\",\"url\":\"https:\\\/\\\/vitablanca.ma\\\/en\\\/product\\\/balea-gel-douche-fleur-damandier-magnolia\\\/\",\"name\":\"Balea Gel douche Fleur d'amandier &amp; magnolia - Maroc Prix\",\"isPartOf\":{\"@id\":\"https:\\\/\\\/vitablanca.ma\\\/#website\"},\"primaryImageOfPage\":{\"@id\":\"https:\\\/\\\/vitablanca.ma\\\/en\\\/product\\\/balea-gel-douche-fleur-damandier-magnolia\\\/#primaryimage\"},\"image\":{\"@id\":\"https:\\\/\\\/vitablanca.ma\\\/en\\\/product\\\/balea-gel-douche-fleur-damandier-magnolia\\\/#primaryimage\"},\"thumbnailUrl\":\"https:\\\/\\\/vitablanca.ma\\\/wp-content\\\/uploads\\\/2025\\\/07\\\/4066447234657-3719111.png\",\"datePublished\":\"2025-07-10T19:00:34+00:00\",\"dateModified\":\"2025-07-13T17:26:56+00:00\",\"description\":\"Plongez dans un jardin fleuri avec le gel douche Balea Fleur d'Amandier & Magnolia 300 ml au Maroc. Ce soin doux nettoie, hydrate la peau et enchante\",\"breadcrumb\":{\"@id\":\"https:\\\/\\\/vitablanca.ma\\\/en\\\/product\\\/balea-gel-douche-fleur-damandier-magnolia\\\/#breadcrumb\"},\"inLanguage\":\"en-US\",\"potentialAction\":[{\"@type\":\"ReadAction\",\"target\":[\"https:\\\/\\\/vitablanca.ma\\\/en\\\/product\\\/balea-gel-douche-fleur-damandier-magnolia\\\/\"]}]},{\"@type\":\"ImageObject\",\"inLanguage\":\"en-US\",\"@id\":\"https:\\\/\\\/vitablanca.ma\\\/en\\\/product\\\/balea-gel-douche-fleur-damandier-magnolia\\\/#primaryimage\",\"url\":\"https:\\\/\\\/vitablanca.ma\\\/wp-content\\\/uploads\\\/2025\\\/07\\\/4066447234657-3719111.png\",\"contentUrl\":\"https:\\\/\\\/vitablanca.ma\\\/wp-content\\\/uploads\\\/2025\\\/07\\\/4066447234657-3719111.png\",\"width\":1200,\"height\":1200},{\"@type\":\"BreadcrumbList\",\"@id\":\"https:\\\/\\\/vitablanca.ma\\\/en\\\/product\\\/balea-gel-douche-fleur-damandier-magnolia\\\/#breadcrumb\",\"itemListElement\":[{\"@type\":\"ListItem\",\"position\":1,\"name\":\"Home\",\"item\":\"https:\\\/\\\/vitablanca.ma\\\/\"},{\"@type\":\"ListItem\",\"position\":2,\"name\":\"Tous Les Produits\",\"item\":\"https:\\\/\\\/vitablanca.ma\\\/tous-les-produits\\\/\"},{\"@type\":\"ListItem\",\"position\":3,\"name\":\"Balea Gel douche Fleur d&rsquo;amandier &amp; magnolia\"}]},{\"@type\":\"WebSite\",\"@id\":\"https:\\\/\\\/vitablanca.ma\\\/#website\",\"url\":\"https:\\\/\\\/vitablanca.ma\\\/\",\"name\":\"VitaBlanca.ma | Compl\u00e9ments alimentaires, sant\u00e9 & beaut\u00e9 au Maroc\",\"description\":\"vendre vitamines et compl\u00e9ments premium des USA &amp; Canada, Nouvelle Z\u00e9lande,Maroc (NOW Foods, Solgar, Manuka). Livraison rapide partout au Maroc.\",\"publisher\":{\"@id\":\"https:\\\/\\\/vitablanca.ma\\\/#organization\"},\"alternateName\":\"VitaBlanca.ma\",\"potentialAction\":[{\"@type\":\"SearchAction\",\"target\":{\"@type\":\"EntryPoint\",\"urlTemplate\":\"https:\\\/\\\/vitablanca.ma\\\/?s={search_term_string}\"},\"query-input\":{\"@type\":\"PropertyValueSpecification\",\"valueRequired\":true,\"valueName\":\"search_term_string\"}}],\"inLanguage\":\"en-US\"},{\"@type\":\"Organization\",\"@id\":\"https:\\\/\\\/vitablanca.ma\\\/#organization\",\"name\":\"VitaBlanca\",\"url\":\"https:\\\/\\\/vitablanca.ma\\\/\",\"logo\":{\"@type\":\"ImageObject\",\"inLanguage\":\"en-US\",\"@id\":\"https:\\\/\\\/vitablanca.ma\\\/#\\\/schema\\\/logo\\\/image\\\/\",\"url\":\"https:\\\/\\\/vitablanca.ma\\\/wp-content\\\/uploads\\\/2025\\\/05\\\/cropped-vitablanca.png\",\"contentUrl\":\"https:\\\/\\\/vitablanca.ma\\\/wp-content\\\/uploads\\\/2025\\\/05\\\/cropped-vitablanca.png\",\"width\":360,\"height\":67,\"caption\":\"VitaBlanca\"},\"image\":{\"@id\":\"https:\\\/\\\/vitablanca.ma\\\/#\\\/schema\\\/logo\\\/image\\\/\"},\"sameAs\":[\"https:\\\/\\\/www.facebook.com\\\/profile.php?id=61576678196717\",\"https:\\\/\\\/www.tiktok.com\\\/@vitablanca.ma\",\"https:\\\/\\\/www.instagram.com\\\/vitablanca.ma\\\/\"]}]}<\/script>\n<!-- \/ Yoast SEO plugin. -->","yoast_head_json":{"title":"Balea Shower Gel Almond Blossom &amp; Magnolia - Morocco Price","description":"Dive into a blooming garden with Balea Almond Blossom &amp; Magnolia Shower Gel 300 ml from Morocco. This gentle treatment cleanses, moisturizes the skin, and enchants","robots":{"index":"index","follow":"follow","max-snippet":"max-snippet:-1","max-image-preview":"max-image-preview:large","max-video-preview":"max-video-preview:-1"},"canonical":"https:\/\/vitablanca.ma\/en\/product\/balea-gel-douche-fleur-damandier-magnolia\/","og_locale":"en_US","og_type":"article","og_title":"Balea Gel douche Fleur d'amandier &amp; magnolia - Maroc Prix","og_description":"Plongez dans un jardin fleuri avec le gel douche Balea Fleur d'Amandier & Magnolia 300 ml au Maroc. Ce soin doux nettoie, hydrate la peau et enchante","og_url":"https:\/\/vitablanca.ma\/en\/product\/balea-gel-douche-fleur-damandier-magnolia\/","og_site_name":"Vitablanca.ma &ndash; Sant&eacute;, vitalit&eacute; et bien-&ecirc;tre pour tous les Marocains","article_publisher":"https:\/\/www.facebook.com\/profile.php?id=61576678196717","article_modified_time":"2025-07-13T17:26:56+00:00","og_image":[{"width":1200,"height":1200,"url":"https:\/\/vitablanca.ma\/wp-content\/uploads\/2025\/07\/4066447234657-3719111.png","type":"image\/png"}],"twitter_card":"summary_large_image","twitter_misc":{"Est. reading time":"1 minute"},"schema":{"@context":"https:\/\/schema.org","@graph":[{"@type":["WebPage","ItemPage"],"@id":"https:\/\/vitablanca.ma\/en\/product\/balea-gel-douche-fleur-damandier-magnolia\/","url":"https:\/\/vitablanca.ma\/en\/product\/balea-gel-douche-fleur-damandier-magnolia\/","name":"Balea Shower Gel Almond Blossom &amp; Magnolia - Morocco Price","isPartOf":{"@id":"https:\/\/vitablanca.ma\/#website"},"primaryImageOfPage":{"@id":"https:\/\/vitablanca.ma\/en\/product\/balea-gel-douche-fleur-damandier-magnolia\/#primaryimage"},"image":{"@id":"https:\/\/vitablanca.ma\/en\/product\/balea-gel-douche-fleur-damandier-magnolia\/#primaryimage"},"thumbnailUrl":"https:\/\/vitablanca.ma\/wp-content\/uploads\/2025\/07\/4066447234657-3719111.png","datePublished":"2025-07-10T19:00:34+00:00","dateModified":"2025-07-13T17:26:56+00:00","description":"Dive into a blooming garden with Balea Almond Blossom &amp; Magnolia Shower Gel 300 ml from Morocco. This gentle treatment cleanses, moisturizes the skin, and enchants","breadcrumb":{"@id":"https:\/\/vitablanca.ma\/en\/product\/balea-gel-douche-fleur-damandier-magnolia\/#breadcrumb"},"inLanguage":"en-US","potentialAction":[{"@type":"ReadAction","target":["https:\/\/vitablanca.ma\/en\/product\/balea-gel-douche-fleur-damandier-magnolia\/"]}]},{"@type":"ImageObject","inLanguage":"en-US","@id":"https:\/\/vitablanca.ma\/en\/product\/balea-gel-douche-fleur-damandier-magnolia\/#primaryimage","url":"https:\/\/vitablanca.ma\/wp-content\/uploads\/2025\/07\/4066447234657-3719111.png","contentUrl":"https:\/\/vitablanca.ma\/wp-content\/uploads\/2025\/07\/4066447234657-3719111.png","width":1200,"height":1200},{"@type":"BreadcrumbList","@id":"https:\/\/vitablanca.ma\/en\/product\/balea-gel-douche-fleur-damandier-magnolia\/#breadcrumb","itemListElement":[{"@type":"ListItem","position":1,"name":"Home","item":"https:\/\/vitablanca.ma\/"},{"@type":"ListItem","position":2,"name":"Tous Les Produits","item":"https:\/\/vitablanca.ma\/tous-les-produits\/"},{"@type":"ListItem","position":3,"name":"Balea Gel douche Fleur d&rsquo;amandier &amp; magnolia"}]},{"@type":"WebSite","@id":"https:\/\/vitablanca.ma\/#website","url":"https:\/\/vitablanca.ma\/","name":"VitaBlanca.ma | Food supplements, health &amp; beauty in Morocco","description":"sell premium vitamins and supplements from USA &amp; Canada, New Zealand, Morocco (NOW Foods, Solgar, Manuka). Fast delivery anywhere in Morocco.","publisher":{"@id":"https:\/\/vitablanca.ma\/#organization"},"alternateName":"VitaBlanca.ma","potentialAction":[{"@type":"SearchAction","target":{"@type":"EntryPoint","urlTemplate":"https:\/\/vitablanca.ma\/?s={search_term_string}"},"query-input":{"@type":"PropertyValueSpecification","valueRequired":true,"valueName":"search_term_string"}}],"inLanguage":"en-US"},{"@type":"Organization","@id":"https:\/\/vitablanca.ma\/#organization","name":"VitaBlanca","url":"https:\/\/vitablanca.ma\/","logo":{"@type":"ImageObject","inLanguage":"en-US","@id":"https:\/\/vitablanca.ma\/#\/schema\/logo\/image\/","url":"https:\/\/vitablanca.ma\/wp-content\/uploads\/2025\/05\/cropped-vitablanca.png","contentUrl":"https:\/\/vitablanca.ma\/wp-content\/uploads\/2025\/05\/cropped-vitablanca.png","width":360,"height":67,"caption":"VitaBlanca"},"image":{"@id":"https:\/\/vitablanca.ma\/#\/schema\/logo\/image\/"},"sameAs":["https:\/\/www.facebook.com\/profile.php?id=61576678196717","https:\/\/www.tiktok.com\/@vitablanca.ma","https:\/\/www.instagram.com\/vitablanca.ma\/"]}]}},"jetpack_sharing_enabled":true,"_links":{"self":[{"href":"https:\/\/vitablanca.ma\/en\/wp-json\/wp\/v2\/product\/24111","targetHints":{"allow":["GET"]}}],"collection":[{"href":"https:\/\/vitablanca.ma\/en\/wp-json\/wp\/v2\/product"}],"about":[{"href":"https:\/\/vitablanca.ma\/en\/wp-json\/wp\/v2\/types\/product"}],"wp:featuredmedia":[{"embeddable":true,"href":"https:\/\/vitablanca.ma\/en\/wp-json\/wp\/v2\/media\/24108"}],"wp:attachment":[{"href":"https:\/\/vitablanca.ma\/en\/wp-json\/wp\/v2\/media?parent=24111"}],"wp:term":[{"taxonomy":"product_brand","embeddable":true,"href":"https:\/\/vitablanca.ma\/en\/wp-json\/wp\/v2\/product_brand?post=24111"},{"taxonomy":"product_cat","embeddable":true,"href":"https:\/\/vitablanca.ma\/en\/wp-json\/wp\/v2\/product_cat?post=24111"},{"taxonomy":"product_tag","embeddable":true,"href":"https:\/\/vitablanca.ma\/en\/wp-json\/wp\/v2\/product_tag?post=24111"}],"curies":[{"name":"wp","href":"https:\/\/api.w.org\/{rel}","templated":true}]}}