{"id":24060,"date":"2025-07-10T18:56:21","date_gmt":"2025-07-10T18:56:21","guid":{"rendered":"https:\/\/vitablanca.ma\/product\/balea-shampooing-sensitive\/"},"modified":"2026-02-05T17:27:38","modified_gmt":"2026-02-05T17:27:38","slug":"balea-shampooing-sensitive","status":"publish","type":"product","link":"https:\/\/vitablanca.ma\/en\/product\/balea-shampooing-sensitive\/","title":{"rendered":"Balea \u2013 Sensitive Shampoo"},"content":{"rendered":"<h3>Soothing softness for sensitive scalp \ud83c\udf38\ud83c\udf3f<\/h3>\n<ul>\n<li>Hair Type: Damaged\/Blemished Hair, Dry Hair<\/li>\n<li>Product Features: Alcohol-Free, Ammonia-Free, Silicone-Free, Vegan<\/li>\n<li>texture\/consistency\/application: liquid<\/li>\n<li>avec extrait d\u2019aloe vera<\/li>\n<li>particularly gentle formula<\/li>\n<li>for sensitive scalp<\/li>\n<li>silicone-free<\/li>\n<li>Volume: 300 ml<\/li>\n<\/ul>\n<h4><strong><span style=\"font-size: 11pt; line-height: 104%; font-family: 'Segoe UI Emoji', sans-serif;\">\ud83d\udccc<\/span><span lang=\"EN-US\" style=\"font-size: 11pt; line-height: 104%; font-family: Arial, sans-serif;\"> Product Description<\/span><\/strong><\/h4>\n<p>\u00c9quilibre naturel de l\u2019hydratation : le shampooing Balea Sensitive assure un nettoyage en douceur jusqu\u2019aux pointes gr\u00e2ce \u00e0 l\u2019aloe vera, au complexe restructurant, \u00e0 la vitamine B3 et \u00e0 la provitamine B5. Formule sans microplastiques ni polym\u00e8res purement synth\u00e9tiques solubles dans l\u2019eau.<\/p>","protected":false},"excerpt":{"rendered":"<p>Douceur apaisante pour cuir chevelu sensible \ud83c\udf38\ud83c\udf3f Type de cheveux : Cheveux ab\u00eem\u00e9s\/ab\u00eem\u00e9s, Cheveux secs Caract\u00e9ristiques du produit : Sans alcool, Sans ammoniaque, Sans silicone, V\u00e9g\u00e9talien texture\/consistance\/application : liquide avec extrait d\u2019aloe vera formule particuli\u00e8rement douce pour cuir chevelu sensible sans silicone Volume: 300 ml \ud83d\udccc Description du produit \u00c9quilibre naturel de l\u2019hydratation : le [&hellip;]<\/p>\n","protected":false},"featured_media":24057,"template":"","meta":{"om_disable_all_campaigns":false},"product_brand":[3236],"product_cat":[18],"product_tag":[3237,3240,3238,3239,8229,6037,8242,6119,6877,3241,6957,8239,7513,6154,8241,6162,8240,8150,6392],"class_list":{"0":"post-24060","1":"product","2":"type-product","3":"status-publish","4":"has-post-thumbnail","6":"product_brand-balea-dm-prix-maroc","7":"product_cat-beaute-sante","8":"product_tag-balea","9":"product_tag-balea-dm","10":"product_tag-balea-maroc","11":"product_tag-balea-morocco","12":"product_tag-balea-shampooing","13":"product_tag-cheveux-doux","14":"product_tag-cheveux-faciles-a-coiffer","15":"product_tag-cheveux-hydrates","16":"product_tag-cosmetique","17":"product_tag-dm-maroc","18":"product_tag-parapharmacie","19":"product_tag-shampooing-balea-sensitive","20":"product_tag-shampooing-cheveux-sensibles","21":"product_tag-shampooing-doux","22":"product_tag-shampooing-hypoallergenique","23":"product_tag-soin-capillaire","24":"product_tag-soin-cuir-chevelu-delicat","25":"product_tag-tous-types-de-cheveux","26":"product_tag-usage-quotidien","28":"first","29":"instock","30":"taxable","31":"shipping-taxable","32":"purchasable","33":"product-type-simple"},"yoast_head":"<!-- This site is optimized with the Yoast SEO plugin v27.5 - https:\/\/yoast.com\/product\/yoast-seo-wordpress\/ -->\n<title>Balea - Shampooing Sensitive - Maroc Prix<\/title>\n<meta name=\"description\" content=\"D\u00e9couvrez Balea - Shampooing Sensitive - un produit de qualit\u00e9 pour am\u00e9liorer votre routine de soin. Achetez maintenant sur VitaBlanca.ma.\" \/>\n<meta name=\"robots\" content=\"index, follow, max-snippet:-1, max-image-preview:large, max-video-preview:-1\" \/>\n<link rel=\"canonical\" href=\"https:\/\/vitablanca.ma\/en\/product\/balea-shampooing-sensitive\/\" \/>\n<meta property=\"og:locale\" content=\"en_US\" \/>\n<meta property=\"og:type\" content=\"article\" \/>\n<meta property=\"og:title\" content=\"Balea - Shampooing Sensitive - Maroc Prix\" \/>\n<meta property=\"og:description\" content=\"D\u00e9couvrez Balea - Shampooing Sensitive - un produit de qualit\u00e9 pour am\u00e9liorer votre routine de soin. Achetez maintenant sur VitaBlanca.ma.\" \/>\n<meta property=\"og:url\" content=\"https:\/\/vitablanca.ma\/en\/product\/balea-shampooing-sensitive\/\" \/>\n<meta property=\"og:site_name\" content=\"Vitablanca.ma &ndash; Sant&eacute;, vitalit&eacute; et bien-&ecirc;tre pour tous les Marocains\" \/>\n<meta property=\"article:publisher\" content=\"https:\/\/www.facebook.com\/profile.php?id=61576678196717\" \/>\n<meta property=\"article:modified_time\" content=\"2026-02-05T17:27:38+00:00\" \/>\n<meta property=\"og:image\" content=\"https:\/\/vitablanca.ma\/wp-content\/uploads\/2025\/07\/balea-shampoo-sensitive.jpg\" \/>\n\t<meta property=\"og:image:width\" content=\"1202\" \/>\n\t<meta property=\"og:image:height\" content=\"1200\" \/>\n\t<meta property=\"og:image:type\" content=\"image\/jpeg\" \/>\n<meta name=\"twitter:card\" content=\"summary_large_image\" \/>\n<meta name=\"twitter:label1\" content=\"Est. reading time\" \/>\n\t<meta name=\"twitter:data1\" content=\"1 minute\" \/>\n<script type=\"application\/ld+json\" class=\"yoast-schema-graph\">{\"@context\":\"https:\\\/\\\/schema.org\",\"@graph\":[{\"@type\":[\"WebPage\",\"ItemPage\"],\"@id\":\"https:\\\/\\\/vitablanca.ma\\\/produit\\\/balea-shampooing-sensitive\\\/\",\"url\":\"https:\\\/\\\/vitablanca.ma\\\/produit\\\/balea-shampooing-sensitive\\\/\",\"name\":\"Balea - Shampooing Sensitive - Maroc Prix\",\"isPartOf\":{\"@id\":\"https:\\\/\\\/vitablanca.ma\\\/#website\"},\"primaryImageOfPage\":{\"@id\":\"https:\\\/\\\/vitablanca.ma\\\/produit\\\/balea-shampooing-sensitive\\\/#primaryimage\"},\"image\":{\"@id\":\"https:\\\/\\\/vitablanca.ma\\\/produit\\\/balea-shampooing-sensitive\\\/#primaryimage\"},\"thumbnailUrl\":\"https:\\\/\\\/vitablanca.ma\\\/wp-content\\\/uploads\\\/2025\\\/07\\\/balea-shampoo-sensitive.jpg\",\"datePublished\":\"2025-07-10T18:56:21+00:00\",\"dateModified\":\"2026-02-05T17:27:38+00:00\",\"description\":\"D\u00e9couvrez Balea - Shampooing Sensitive - un produit de qualit\u00e9 pour am\u00e9liorer votre routine de soin. Achetez maintenant sur VitaBlanca.ma.\",\"breadcrumb\":{\"@id\":\"https:\\\/\\\/vitablanca.ma\\\/produit\\\/balea-shampooing-sensitive\\\/#breadcrumb\"},\"inLanguage\":\"en-US\",\"potentialAction\":[{\"@type\":\"ReadAction\",\"target\":[\"https:\\\/\\\/vitablanca.ma\\\/produit\\\/balea-shampooing-sensitive\\\/\"]}]},{\"@type\":\"ImageObject\",\"inLanguage\":\"en-US\",\"@id\":\"https:\\\/\\\/vitablanca.ma\\\/produit\\\/balea-shampooing-sensitive\\\/#primaryimage\",\"url\":\"https:\\\/\\\/vitablanca.ma\\\/wp-content\\\/uploads\\\/2025\\\/07\\\/balea-shampoo-sensitive.jpg\",\"contentUrl\":\"https:\\\/\\\/vitablanca.ma\\\/wp-content\\\/uploads\\\/2025\\\/07\\\/balea-shampoo-sensitive.jpg\",\"width\":1202,\"height\":1200},{\"@type\":\"BreadcrumbList\",\"@id\":\"https:\\\/\\\/vitablanca.ma\\\/produit\\\/balea-shampooing-sensitive\\\/#breadcrumb\",\"itemListElement\":[{\"@type\":\"ListItem\",\"position\":1,\"name\":\"Home\",\"item\":\"https:\\\/\\\/vitablanca.ma\\\/\"},{\"@type\":\"ListItem\",\"position\":2,\"name\":\"Tous Les Produits\",\"item\":\"https:\\\/\\\/vitablanca.ma\\\/tous-les-produits\\\/\"},{\"@type\":\"ListItem\",\"position\":3,\"name\":\"Balea &#8211; Shampooing Sensitive\"}]},{\"@type\":\"WebSite\",\"@id\":\"https:\\\/\\\/vitablanca.ma\\\/#website\",\"url\":\"https:\\\/\\\/vitablanca.ma\\\/\",\"name\":\"VitaBlanca.ma | Compl\u00e9ments alimentaires, sant\u00e9 & beaut\u00e9 au Maroc\",\"description\":\"vendre vitamines et compl\u00e9ments premium des USA &amp; Canada, Nouvelle Z\u00e9lande,Maroc (NOW Foods, Solgar, Manuka). Livraison rapide partout au Maroc.\",\"publisher\":{\"@id\":\"https:\\\/\\\/vitablanca.ma\\\/#organization\"},\"alternateName\":\"VitaBlanca.ma\",\"potentialAction\":[{\"@type\":\"SearchAction\",\"target\":{\"@type\":\"EntryPoint\",\"urlTemplate\":\"https:\\\/\\\/vitablanca.ma\\\/?s={search_term_string}\"},\"query-input\":{\"@type\":\"PropertyValueSpecification\",\"valueRequired\":true,\"valueName\":\"search_term_string\"}}],\"inLanguage\":\"en-US\"},{\"@type\":\"Organization\",\"@id\":\"https:\\\/\\\/vitablanca.ma\\\/#organization\",\"name\":\"VitaBlanca\",\"url\":\"https:\\\/\\\/vitablanca.ma\\\/\",\"logo\":{\"@type\":\"ImageObject\",\"inLanguage\":\"en-US\",\"@id\":\"https:\\\/\\\/vitablanca.ma\\\/#\\\/schema\\\/logo\\\/image\\\/\",\"url\":\"https:\\\/\\\/vitablanca.ma\\\/wp-content\\\/uploads\\\/2025\\\/05\\\/cropped-vitablanca.png\",\"contentUrl\":\"https:\\\/\\\/vitablanca.ma\\\/wp-content\\\/uploads\\\/2025\\\/05\\\/cropped-vitablanca.png\",\"width\":360,\"height\":67,\"caption\":\"VitaBlanca\"},\"image\":{\"@id\":\"https:\\\/\\\/vitablanca.ma\\\/#\\\/schema\\\/logo\\\/image\\\/\"},\"sameAs\":[\"https:\\\/\\\/www.facebook.com\\\/profile.php?id=61576678196717\",\"https:\\\/\\\/www.tiktok.com\\\/@vitablanca.ma\",\"https:\\\/\\\/www.instagram.com\\\/vitablanca.ma\\\/\"]}]}<\/script>\n<!-- \/ Yoast SEO plugin. -->","yoast_head_json":{"title":"Balea - Sensitive Shampoo - Morocco Price","description":"Discover Balea Sensitive Shampoo - a quality product to enhance your skincare routine. Shop now at VitaBlanca.ma.","robots":{"index":"index","follow":"follow","max-snippet":"max-snippet:-1","max-image-preview":"max-image-preview:large","max-video-preview":"max-video-preview:-1"},"canonical":"https:\/\/vitablanca.ma\/en\/product\/balea-shampooing-sensitive\/","og_locale":"en_US","og_type":"article","og_title":"Balea - Shampooing Sensitive - Maroc Prix","og_description":"D\u00e9couvrez Balea - Shampooing Sensitive - un produit de qualit\u00e9 pour am\u00e9liorer votre routine de soin. Achetez maintenant sur VitaBlanca.ma.","og_url":"https:\/\/vitablanca.ma\/en\/product\/balea-shampooing-sensitive\/","og_site_name":"Vitablanca.ma &ndash; Sant&eacute;, vitalit&eacute; et bien-&ecirc;tre pour tous les Marocains","article_publisher":"https:\/\/www.facebook.com\/profile.php?id=61576678196717","article_modified_time":"2026-02-05T17:27:38+00:00","og_image":[{"width":1202,"height":1200,"url":"https:\/\/vitablanca.ma\/wp-content\/uploads\/2025\/07\/balea-shampoo-sensitive.jpg","type":"image\/jpeg"}],"twitter_card":"summary_large_image","twitter_misc":{"Est. reading time":"1 minute"},"schema":{"@context":"https:\/\/schema.org","@graph":[{"@type":["WebPage","ItemPage"],"@id":"https:\/\/vitablanca.ma\/produit\/balea-shampooing-sensitive\/","url":"https:\/\/vitablanca.ma\/produit\/balea-shampooing-sensitive\/","name":"Balea - Sensitive Shampoo - Morocco Price","isPartOf":{"@id":"https:\/\/vitablanca.ma\/#website"},"primaryImageOfPage":{"@id":"https:\/\/vitablanca.ma\/produit\/balea-shampooing-sensitive\/#primaryimage"},"image":{"@id":"https:\/\/vitablanca.ma\/produit\/balea-shampooing-sensitive\/#primaryimage"},"thumbnailUrl":"https:\/\/vitablanca.ma\/wp-content\/uploads\/2025\/07\/balea-shampoo-sensitive.jpg","datePublished":"2025-07-10T18:56:21+00:00","dateModified":"2026-02-05T17:27:38+00:00","description":"Discover Balea Sensitive Shampoo - a quality product to enhance your skincare routine. Shop now at VitaBlanca.ma.","breadcrumb":{"@id":"https:\/\/vitablanca.ma\/produit\/balea-shampooing-sensitive\/#breadcrumb"},"inLanguage":"en-US","potentialAction":[{"@type":"ReadAction","target":["https:\/\/vitablanca.ma\/produit\/balea-shampooing-sensitive\/"]}]},{"@type":"ImageObject","inLanguage":"en-US","@id":"https:\/\/vitablanca.ma\/produit\/balea-shampooing-sensitive\/#primaryimage","url":"https:\/\/vitablanca.ma\/wp-content\/uploads\/2025\/07\/balea-shampoo-sensitive.jpg","contentUrl":"https:\/\/vitablanca.ma\/wp-content\/uploads\/2025\/07\/balea-shampoo-sensitive.jpg","width":1202,"height":1200},{"@type":"BreadcrumbList","@id":"https:\/\/vitablanca.ma\/produit\/balea-shampooing-sensitive\/#breadcrumb","itemListElement":[{"@type":"ListItem","position":1,"name":"Home","item":"https:\/\/vitablanca.ma\/"},{"@type":"ListItem","position":2,"name":"Tous Les Produits","item":"https:\/\/vitablanca.ma\/tous-les-produits\/"},{"@type":"ListItem","position":3,"name":"Balea &#8211; Shampooing Sensitive"}]},{"@type":"WebSite","@id":"https:\/\/vitablanca.ma\/#website","url":"https:\/\/vitablanca.ma\/","name":"VitaBlanca.ma | Food supplements, health &amp; beauty in Morocco","description":"sell premium vitamins and supplements from USA &amp; Canada, New Zealand, Morocco (NOW Foods, Solgar, Manuka). Fast delivery anywhere in Morocco.","publisher":{"@id":"https:\/\/vitablanca.ma\/#organization"},"alternateName":"VitaBlanca.ma","potentialAction":[{"@type":"SearchAction","target":{"@type":"EntryPoint","urlTemplate":"https:\/\/vitablanca.ma\/?s={search_term_string}"},"query-input":{"@type":"PropertyValueSpecification","valueRequired":true,"valueName":"search_term_string"}}],"inLanguage":"en-US"},{"@type":"Organization","@id":"https:\/\/vitablanca.ma\/#organization","name":"VitaBlanca","url":"https:\/\/vitablanca.ma\/","logo":{"@type":"ImageObject","inLanguage":"en-US","@id":"https:\/\/vitablanca.ma\/#\/schema\/logo\/image\/","url":"https:\/\/vitablanca.ma\/wp-content\/uploads\/2025\/05\/cropped-vitablanca.png","contentUrl":"https:\/\/vitablanca.ma\/wp-content\/uploads\/2025\/05\/cropped-vitablanca.png","width":360,"height":67,"caption":"VitaBlanca"},"image":{"@id":"https:\/\/vitablanca.ma\/#\/schema\/logo\/image\/"},"sameAs":["https:\/\/www.facebook.com\/profile.php?id=61576678196717","https:\/\/www.tiktok.com\/@vitablanca.ma","https:\/\/www.instagram.com\/vitablanca.ma\/"]}]}},"jetpack_sharing_enabled":true,"_links":{"self":[{"href":"https:\/\/vitablanca.ma\/en\/wp-json\/wp\/v2\/product\/24060","targetHints":{"allow":["GET"]}}],"collection":[{"href":"https:\/\/vitablanca.ma\/en\/wp-json\/wp\/v2\/product"}],"about":[{"href":"https:\/\/vitablanca.ma\/en\/wp-json\/wp\/v2\/types\/product"}],"wp:featuredmedia":[{"embeddable":true,"href":"https:\/\/vitablanca.ma\/en\/wp-json\/wp\/v2\/media\/24057"}],"wp:attachment":[{"href":"https:\/\/vitablanca.ma\/en\/wp-json\/wp\/v2\/media?parent=24060"}],"wp:term":[{"taxonomy":"product_brand","embeddable":true,"href":"https:\/\/vitablanca.ma\/en\/wp-json\/wp\/v2\/product_brand?post=24060"},{"taxonomy":"product_cat","embeddable":true,"href":"https:\/\/vitablanca.ma\/en\/wp-json\/wp\/v2\/product_cat?post=24060"},{"taxonomy":"product_tag","embeddable":true,"href":"https:\/\/vitablanca.ma\/en\/wp-json\/wp\/v2\/product_tag?post=24060"}],"curies":[{"name":"wp","href":"https:\/\/api.w.org\/{rel}","templated":true}]}}