{"id":24036,"date":"2025-07-10T18:54:40","date_gmt":"2025-07-10T18:54:40","guid":{"rendered":"https:\/\/vitablanca.ma\/product\/balea-gel-douche-peche-huile-de-rose-bio\/"},"modified":"2025-07-13T17:27:01","modified_gmt":"2025-07-13T17:27:01","slug":"balea-gel-douche-peche-huile-de-rose-bio","status":"publish","type":"product","link":"https:\/\/vitablanca.ma\/en\/product\/balea-gel-douche-peche-huile-de-rose-bio\/","title":{"rendered":"Balea Organic Peach and Rose Oil Shower Gel"},"content":{"rendered":"<h3>Floral &amp; fruity care for all skin types \ud83c\udf39<\/h3>\n<ul>\n<li>Fragrance family: Aromatic, Fruity<\/li>\n<li>Area of use: Body<\/li>\n<li>Product properties: Alcohol-free, Colorant-free, Nanoparticle-free, Paraben-free, Paraffin\/mineral oil-free, pH-neutral for skin, Vegan<\/li>\n<li>texture \/ consistency \/ application: Gel<\/li>\n<li>with organic wild rose oil<\/li>\n<li>with peach extract<\/li>\n<li>skin tolerance confirmed under dermatological control, neutral pH for the skin<\/li>\n<li>vegan<\/li>\n<li>Microplastic-free formula &amp; pure water-soluble synthetic polymers.<\/li>\n<li>Volume: 250 ml<\/li>\n<\/ul>\n<h4><strong><span style=\"font-size: 11pt;line-height: 104%;font-family: 'Segoe UI Emoji', sans-serif\">\ud83d\udccc<\/span><span lang=\"EN-US\" style=\"font-size: 11pt;line-height: 104%;font-family: Arial, sans-serif\"> Product Description<\/span><\/strong><\/h4>\n<p>Balea&#039;s Natural Beauty shower gel with peach extract and organic wild rose oil envelops the senses and nourishes the skin with its precious ingredients. With its delicate fragrance, this shower gel guarantees a special shower experience.<\/p>","protected":false},"excerpt":{"rendered":"<p>Soin floral &amp; fruit\u00e9 pour tous les types de peau \ud83c\udf39 Famille de parfums : Aromatique, Fruit\u00e9 Domaine d&rsquo;utilisation : Corps Propri\u00e9t\u00e9s du produit : Sans alcool, Sans colorant, Sans nanoparticules, Sans parab\u00e8ne, Sans paraffine \/ huiles min\u00e9rales, pH-neutre pour la peau, Vegan texture \/ consistance \/ application : Gel avec de l&rsquo;huile de rose [&hellip;]<\/p>\n","protected":false},"featured_media":24033,"template":"","meta":{"om_disable_all_campaigns":false},"product_brand":[3236],"product_cat":[18],"product_tag":[3237,3240,3238,3239,3241],"class_list":{"0":"post-24036","1":"product","2":"type-product","3":"status-publish","4":"has-post-thumbnail","6":"product_brand-balea-dm-prix-maroc","7":"product_cat-beaute-sante","8":"product_tag-balea","9":"product_tag-balea-dm","10":"product_tag-balea-maroc","11":"product_tag-balea-morocco","12":"product_tag-dm-maroc","14":"first","15":"instock","16":"taxable","17":"shipping-taxable","18":"purchasable","19":"product-type-simple"},"yoast_head":"<!-- This site is optimized with the Yoast SEO plugin v27.4 - https:\/\/yoast.com\/product\/yoast-seo-wordpress\/ -->\n<title>Balea Gel douche p\u00eache et huile de rose bio - Maroc Prix<\/title>\n<meta name=\"description\" content=\"Offrez \u00e0 votre peau un moment de pur plaisir avec le gel douche Balea P\u00eache &amp; Huile de Rose Bio 300 ml au Maroc. Ce soin doux nettoie, hydrate intens\u00e9ment\" \/>\n<meta name=\"robots\" content=\"index, follow, max-snippet:-1, max-image-preview:large, max-video-preview:-1\" \/>\n<link rel=\"canonical\" href=\"https:\/\/vitablanca.ma\/en\/product\/balea-gel-douche-peche-huile-de-rose-bio\/\" \/>\n<meta property=\"og:locale\" content=\"en_US\" \/>\n<meta property=\"og:type\" content=\"article\" \/>\n<meta property=\"og:title\" content=\"Balea Gel douche p\u00eache et huile de rose bio - Maroc Prix\" \/>\n<meta property=\"og:description\" content=\"Offrez \u00e0 votre peau un moment de pur plaisir avec le gel douche Balea P\u00eache &amp; Huile de Rose Bio 300 ml au Maroc. Ce soin doux nettoie, hydrate intens\u00e9ment\" \/>\n<meta property=\"og:url\" content=\"https:\/\/vitablanca.ma\/en\/product\/balea-gel-douche-peche-huile-de-rose-bio\/\" \/>\n<meta property=\"og:site_name\" content=\"Vitablanca.ma &ndash; Sant&eacute;, vitalit&eacute; et bien-&ecirc;tre pour tous les Marocains\" \/>\n<meta property=\"article:publisher\" content=\"https:\/\/www.facebook.com\/profile.php?id=61576678196717\" \/>\n<meta property=\"article:modified_time\" content=\"2025-07-13T17:27:01+00:00\" \/>\n<meta property=\"og:image\" content=\"https:\/\/vitablanca.ma\/wp-content\/uploads\/2025\/07\/4066447238815-3883822.png\" \/>\n\t<meta property=\"og:image:width\" content=\"1207\" \/>\n\t<meta property=\"og:image:height\" content=\"1200\" \/>\n\t<meta property=\"og:image:type\" content=\"image\/png\" \/>\n<meta name=\"twitter:card\" content=\"summary_large_image\" \/>\n<meta name=\"twitter:label1\" content=\"Est. reading time\" \/>\n\t<meta name=\"twitter:data1\" content=\"1 minute\" \/>\n<script type=\"application\/ld+json\" class=\"yoast-schema-graph\">{\"@context\":\"https:\\\/\\\/schema.org\",\"@graph\":[{\"@type\":[\"WebPage\",\"ItemPage\"],\"@id\":\"https:\\\/\\\/vitablanca.ma\\\/produit\\\/balea-gel-douche-peche-huile-de-rose-bio\\\/\",\"url\":\"https:\\\/\\\/vitablanca.ma\\\/produit\\\/balea-gel-douche-peche-huile-de-rose-bio\\\/\",\"name\":\"Balea Gel douche p\u00eache et huile de rose bio - Maroc Prix\",\"isPartOf\":{\"@id\":\"https:\\\/\\\/vitablanca.ma\\\/#website\"},\"primaryImageOfPage\":{\"@id\":\"https:\\\/\\\/vitablanca.ma\\\/produit\\\/balea-gel-douche-peche-huile-de-rose-bio\\\/#primaryimage\"},\"image\":{\"@id\":\"https:\\\/\\\/vitablanca.ma\\\/produit\\\/balea-gel-douche-peche-huile-de-rose-bio\\\/#primaryimage\"},\"thumbnailUrl\":\"https:\\\/\\\/vitablanca.ma\\\/wp-content\\\/uploads\\\/2025\\\/07\\\/4066447238815-3883822.png\",\"datePublished\":\"2025-07-10T18:54:40+00:00\",\"dateModified\":\"2025-07-13T17:27:01+00:00\",\"description\":\"Offrez \u00e0 votre peau un moment de pur plaisir avec le gel douche Balea P\u00eache & Huile de Rose Bio 300 ml au Maroc. Ce soin doux nettoie, hydrate intens\u00e9ment\",\"breadcrumb\":{\"@id\":\"https:\\\/\\\/vitablanca.ma\\\/produit\\\/balea-gel-douche-peche-huile-de-rose-bio\\\/#breadcrumb\"},\"inLanguage\":\"en-US\",\"potentialAction\":[{\"@type\":\"ReadAction\",\"target\":[\"https:\\\/\\\/vitablanca.ma\\\/produit\\\/balea-gel-douche-peche-huile-de-rose-bio\\\/\"]}]},{\"@type\":\"ImageObject\",\"inLanguage\":\"en-US\",\"@id\":\"https:\\\/\\\/vitablanca.ma\\\/produit\\\/balea-gel-douche-peche-huile-de-rose-bio\\\/#primaryimage\",\"url\":\"https:\\\/\\\/vitablanca.ma\\\/wp-content\\\/uploads\\\/2025\\\/07\\\/4066447238815-3883822.png\",\"contentUrl\":\"https:\\\/\\\/vitablanca.ma\\\/wp-content\\\/uploads\\\/2025\\\/07\\\/4066447238815-3883822.png\",\"width\":1207,\"height\":1200},{\"@type\":\"BreadcrumbList\",\"@id\":\"https:\\\/\\\/vitablanca.ma\\\/produit\\\/balea-gel-douche-peche-huile-de-rose-bio\\\/#breadcrumb\",\"itemListElement\":[{\"@type\":\"ListItem\",\"position\":1,\"name\":\"Home\",\"item\":\"https:\\\/\\\/vitablanca.ma\\\/\"},{\"@type\":\"ListItem\",\"position\":2,\"name\":\"Tous Les Produits\",\"item\":\"https:\\\/\\\/vitablanca.ma\\\/tous-les-produits\\\/\"},{\"@type\":\"ListItem\",\"position\":3,\"name\":\"Balea Gel douche p\u00eache et huile de rose bio\"}]},{\"@type\":\"WebSite\",\"@id\":\"https:\\\/\\\/vitablanca.ma\\\/#website\",\"url\":\"https:\\\/\\\/vitablanca.ma\\\/\",\"name\":\"VitaBlanca.ma | Compl\u00e9ments alimentaires, sant\u00e9 & beaut\u00e9 au Maroc\",\"description\":\"vendre vitamines et compl\u00e9ments premium des USA &amp; Canada, Nouvelle Z\u00e9lande,Maroc (NOW Foods, Solgar, Manuka). Livraison rapide partout au Maroc.\",\"publisher\":{\"@id\":\"https:\\\/\\\/vitablanca.ma\\\/#organization\"},\"alternateName\":\"VitaBlanca.ma\",\"potentialAction\":[{\"@type\":\"SearchAction\",\"target\":{\"@type\":\"EntryPoint\",\"urlTemplate\":\"https:\\\/\\\/vitablanca.ma\\\/?s={search_term_string}\"},\"query-input\":{\"@type\":\"PropertyValueSpecification\",\"valueRequired\":true,\"valueName\":\"search_term_string\"}}],\"inLanguage\":\"en-US\"},{\"@type\":\"Organization\",\"@id\":\"https:\\\/\\\/vitablanca.ma\\\/#organization\",\"name\":\"VitaBlanca\",\"url\":\"https:\\\/\\\/vitablanca.ma\\\/\",\"logo\":{\"@type\":\"ImageObject\",\"inLanguage\":\"en-US\",\"@id\":\"https:\\\/\\\/vitablanca.ma\\\/#\\\/schema\\\/logo\\\/image\\\/\",\"url\":\"https:\\\/\\\/vitablanca.ma\\\/wp-content\\\/uploads\\\/2025\\\/05\\\/cropped-vitablanca.png\",\"contentUrl\":\"https:\\\/\\\/vitablanca.ma\\\/wp-content\\\/uploads\\\/2025\\\/05\\\/cropped-vitablanca.png\",\"width\":360,\"height\":67,\"caption\":\"VitaBlanca\"},\"image\":{\"@id\":\"https:\\\/\\\/vitablanca.ma\\\/#\\\/schema\\\/logo\\\/image\\\/\"},\"sameAs\":[\"https:\\\/\\\/www.facebook.com\\\/profile.php?id=61576678196717\",\"https:\\\/\\\/www.tiktok.com\\\/@vitablanca.ma\",\"https:\\\/\\\/www.instagram.com\\\/vitablanca.ma\\\/\"]}]}<\/script>\n<!-- \/ Yoast SEO plugin. -->","yoast_head_json":{"title":"Balea Organic Peach and Rose Oil Shower Gel - Morocco Price","description":"Treat your skin to a moment of pure pleasure with the Balea Peach &amp; Organic Rose Oil Shower Gel 300 ml from Morocco. This gentle treatment cleanses and intensely moisturizes","robots":{"index":"index","follow":"follow","max-snippet":"max-snippet:-1","max-image-preview":"max-image-preview:large","max-video-preview":"max-video-preview:-1"},"canonical":"https:\/\/vitablanca.ma\/en\/product\/balea-gel-douche-peche-huile-de-rose-bio\/","og_locale":"en_US","og_type":"article","og_title":"Balea Gel douche p\u00eache et huile de rose bio - Maroc Prix","og_description":"Offrez \u00e0 votre peau un moment de pur plaisir avec le gel douche Balea P\u00eache & Huile de Rose Bio 300 ml au Maroc. Ce soin doux nettoie, hydrate intens\u00e9ment","og_url":"https:\/\/vitablanca.ma\/en\/product\/balea-gel-douche-peche-huile-de-rose-bio\/","og_site_name":"Vitablanca.ma &ndash; Sant&eacute;, vitalit&eacute; et bien-&ecirc;tre pour tous les Marocains","article_publisher":"https:\/\/www.facebook.com\/profile.php?id=61576678196717","article_modified_time":"2025-07-13T17:27:01+00:00","og_image":[{"width":1207,"height":1200,"url":"https:\/\/vitablanca.ma\/wp-content\/uploads\/2025\/07\/4066447238815-3883822.png","type":"image\/png"}],"twitter_card":"summary_large_image","twitter_misc":{"Est. reading time":"1 minute"},"schema":{"@context":"https:\/\/schema.org","@graph":[{"@type":["WebPage","ItemPage"],"@id":"https:\/\/vitablanca.ma\/produit\/balea-gel-douche-peche-huile-de-rose-bio\/","url":"https:\/\/vitablanca.ma\/produit\/balea-gel-douche-peche-huile-de-rose-bio\/","name":"Balea Organic Peach and Rose Oil Shower Gel - Morocco Price","isPartOf":{"@id":"https:\/\/vitablanca.ma\/#website"},"primaryImageOfPage":{"@id":"https:\/\/vitablanca.ma\/produit\/balea-gel-douche-peche-huile-de-rose-bio\/#primaryimage"},"image":{"@id":"https:\/\/vitablanca.ma\/produit\/balea-gel-douche-peche-huile-de-rose-bio\/#primaryimage"},"thumbnailUrl":"https:\/\/vitablanca.ma\/wp-content\/uploads\/2025\/07\/4066447238815-3883822.png","datePublished":"2025-07-10T18:54:40+00:00","dateModified":"2025-07-13T17:27:01+00:00","description":"Treat your skin to a moment of pure pleasure with the Balea Peach &amp; Organic Rose Oil Shower Gel 300 ml from Morocco. This gentle treatment cleanses and intensely moisturizes","breadcrumb":{"@id":"https:\/\/vitablanca.ma\/produit\/balea-gel-douche-peche-huile-de-rose-bio\/#breadcrumb"},"inLanguage":"en-US","potentialAction":[{"@type":"ReadAction","target":["https:\/\/vitablanca.ma\/produit\/balea-gel-douche-peche-huile-de-rose-bio\/"]}]},{"@type":"ImageObject","inLanguage":"en-US","@id":"https:\/\/vitablanca.ma\/produit\/balea-gel-douche-peche-huile-de-rose-bio\/#primaryimage","url":"https:\/\/vitablanca.ma\/wp-content\/uploads\/2025\/07\/4066447238815-3883822.png","contentUrl":"https:\/\/vitablanca.ma\/wp-content\/uploads\/2025\/07\/4066447238815-3883822.png","width":1207,"height":1200},{"@type":"BreadcrumbList","@id":"https:\/\/vitablanca.ma\/produit\/balea-gel-douche-peche-huile-de-rose-bio\/#breadcrumb","itemListElement":[{"@type":"ListItem","position":1,"name":"Home","item":"https:\/\/vitablanca.ma\/"},{"@type":"ListItem","position":2,"name":"Tous Les Produits","item":"https:\/\/vitablanca.ma\/tous-les-produits\/"},{"@type":"ListItem","position":3,"name":"Balea Gel douche p\u00eache et huile de rose bio"}]},{"@type":"WebSite","@id":"https:\/\/vitablanca.ma\/#website","url":"https:\/\/vitablanca.ma\/","name":"VitaBlanca.ma | Food supplements, health &amp; beauty in Morocco","description":"sell premium vitamins and supplements from USA &amp; Canada, New Zealand, Morocco (NOW Foods, Solgar, Manuka). Fast delivery anywhere in Morocco.","publisher":{"@id":"https:\/\/vitablanca.ma\/#organization"},"alternateName":"VitaBlanca.ma","potentialAction":[{"@type":"SearchAction","target":{"@type":"EntryPoint","urlTemplate":"https:\/\/vitablanca.ma\/?s={search_term_string}"},"query-input":{"@type":"PropertyValueSpecification","valueRequired":true,"valueName":"search_term_string"}}],"inLanguage":"en-US"},{"@type":"Organization","@id":"https:\/\/vitablanca.ma\/#organization","name":"VitaBlanca","url":"https:\/\/vitablanca.ma\/","logo":{"@type":"ImageObject","inLanguage":"en-US","@id":"https:\/\/vitablanca.ma\/#\/schema\/logo\/image\/","url":"https:\/\/vitablanca.ma\/wp-content\/uploads\/2025\/05\/cropped-vitablanca.png","contentUrl":"https:\/\/vitablanca.ma\/wp-content\/uploads\/2025\/05\/cropped-vitablanca.png","width":360,"height":67,"caption":"VitaBlanca"},"image":{"@id":"https:\/\/vitablanca.ma\/#\/schema\/logo\/image\/"},"sameAs":["https:\/\/www.facebook.com\/profile.php?id=61576678196717","https:\/\/www.tiktok.com\/@vitablanca.ma","https:\/\/www.instagram.com\/vitablanca.ma\/"]}]}},"jetpack_sharing_enabled":true,"_links":{"self":[{"href":"https:\/\/vitablanca.ma\/en\/wp-json\/wp\/v2\/product\/24036","targetHints":{"allow":["GET"]}}],"collection":[{"href":"https:\/\/vitablanca.ma\/en\/wp-json\/wp\/v2\/product"}],"about":[{"href":"https:\/\/vitablanca.ma\/en\/wp-json\/wp\/v2\/types\/product"}],"wp:featuredmedia":[{"embeddable":true,"href":"https:\/\/vitablanca.ma\/en\/wp-json\/wp\/v2\/media\/24033"}],"wp:attachment":[{"href":"https:\/\/vitablanca.ma\/en\/wp-json\/wp\/v2\/media?parent=24036"}],"wp:term":[{"taxonomy":"product_brand","embeddable":true,"href":"https:\/\/vitablanca.ma\/en\/wp-json\/wp\/v2\/product_brand?post=24036"},{"taxonomy":"product_cat","embeddable":true,"href":"https:\/\/vitablanca.ma\/en\/wp-json\/wp\/v2\/product_cat?post=24036"},{"taxonomy":"product_tag","embeddable":true,"href":"https:\/\/vitablanca.ma\/en\/wp-json\/wp\/v2\/product_tag?post=24036"}],"curies":[{"name":"wp","href":"https:\/\/api.w.org\/{rel}","templated":true}]}}