{"id":240,"date":"2025-04-18T14:19:00","date_gmt":"2025-04-18T14:19:00","guid":{"rendered":"https:\/\/vitablanca.ma\/?post_type=product&#038;p=240"},"modified":"2025-12-01T19:35:37","modified_gmt":"2025-12-01T19:35:37","slug":"manuka-health-pastilles-au-miel-de-manuka-propolis-mgo-400-15-pastilles","status":"publish","type":"product","link":"https:\/\/vitablanca.ma\/en\/product\/manuka-health-pastilles-au-miel-de-manuka-propolis-mgo-400-15-pastilles\/","title":{"rendered":"Manuka Health Manuka Honey Pastilles, Propolis, MGO 400+, 15 pastilles"},"content":{"rendered":"<p>These lozenges are a convenient immune booster and instantly help soothe dry, irritated throats. They combine the benefits of premium New Zealand Manuka honey with the protective power of propolis and the added boost of vitamin C.<\/p>\n<p>Made with our high quality MGO 400+ Manuka honey, certified for its natural methylglyoxal content (400 mg\/kg).<\/p>\n<p>The protective power of propolis<\/p>\n<p>Soothing relief<\/p>\n<p>Strengthens immunity<\/p>\n<p>Antioxidant defense<\/p>\n<p>Food supplement<\/p>\n<p>100 % d\u2019ingr\u00e9dients naturels<\/p>\n<p>No artificial flavors or colors, gluten-free, nut-free<\/p>\n<p>Suitable for vegetarians<\/p>","protected":false},"excerpt":{"rendered":"<ul>\n<li>The protective power of propolis<\/li>\n<li>Soothing relief<\/li>\n<li>Strengthens immunity<\/li>\n<li>Antioxidant defense<\/li>\n<\/ul>","protected":false},"featured_media":241,"template":"","meta":{"om_disable_all_campaigns":false},"product_brand":[234],"product_cat":[18,3366,2493,19],"product_tag":[240,181,235,244,245,784,246,236,241,242,243],"class_list":{"0":"post-240","1":"product","2":"type-product","3":"status-publish","4":"has-post-thumbnail","6":"product_brand-manuka-health-maroc-prix","7":"product_cat-beaute-sante","8":"product_cat-complements-alimentaires-au-maroc-vitablanca","9":"product_cat-miel-de-manuka","10":"product_cat-vitamines-supplements-dietetiques","11":"product_tag-100-dingredients-naturels","12":"product_tag-complement-alimentaire","13":"product_tag-manuka-health","14":"product_tag-manuka-health-casa","15":"product_tag-manuka-health-jumia","16":"product_tag-manuka-health-maroc","17":"product_tag-manuka-health-prix","18":"product_tag-pastilles-au-miel-de-manuka","19":"product_tag-sans-aromes-ni-colorants-artificiels","20":"product_tag-sans-gluten","21":"product_tag-sans-noix","23":"first","24":"instock","25":"sale","26":"taxable","27":"shipping-taxable","28":"purchasable","29":"product-type-simple"},"yoast_head":"<!-- This site is optimized with the Yoast SEO plugin v27.5 - https:\/\/yoast.com\/product\/yoast-seo-wordpress\/ -->\n<title>Manuka Health Miel MGO 400+ Propolis, 15 Pastilles - Maroc Prix<\/title>\n<meta name=\"description\" content=\"Achetez les pastilles Manuka Health au miel de Manuka MGO 400+ et Propolis au Maroc. Id\u00e9ales pour apaiser la gorge et soutenir l&#039;immunit\u00e9. 15 pastilles.\" \/>\n<meta name=\"robots\" content=\"index, follow, max-snippet:-1, max-image-preview:large, max-video-preview:-1\" \/>\n<link rel=\"canonical\" href=\"https:\/\/vitablanca.ma\/en\/product\/manuka-health-pastilles-au-miel-de-manuka-propolis-mgo-400-15-pastilles\/\" \/>\n<meta property=\"og:locale\" content=\"en_US\" \/>\n<meta property=\"og:type\" content=\"article\" \/>\n<meta property=\"og:title\" content=\"Manuka Health Miel MGO 400+ Propolis, 15 Pastilles - Maroc Prix\" \/>\n<meta property=\"og:description\" content=\"Achetez les pastilles Manuka Health au miel de Manuka MGO 400+ et Propolis au Maroc. Id\u00e9ales pour apaiser la gorge et soutenir l&#039;immunit\u00e9. 15 pastilles.\" \/>\n<meta property=\"og:url\" content=\"https:\/\/vitablanca.ma\/en\/product\/manuka-health-pastilles-au-miel-de-manuka-propolis-mgo-400-15-pastilles\/\" \/>\n<meta property=\"og:site_name\" content=\"Vitablanca.ma &ndash; Sant&eacute;, vitalit&eacute; et bien-&ecirc;tre pour tous les Marocains\" \/>\n<meta property=\"article:publisher\" content=\"https:\/\/www.facebook.com\/profile.php?id=61576678196717\" \/>\n<meta property=\"article:modified_time\" content=\"2025-12-01T19:35:37+00:00\" \/>\n<meta property=\"og:image\" content=\"https:\/\/vitablanca.ma\/wp-content\/uploads\/2025\/04\/manuka-health-pastilles-au-miel-de-manuka-propolis-mgo-400.jpg\" \/>\n\t<meta property=\"og:image:width\" content=\"680\" \/>\n\t<meta property=\"og:image:height\" content=\"680\" \/>\n\t<meta property=\"og:image:type\" content=\"image\/jpeg\" \/>\n<meta name=\"twitter:card\" content=\"summary_large_image\" \/>\n<meta name=\"twitter:label1\" content=\"Est. reading time\" \/>\n\t<meta name=\"twitter:data1\" content=\"1 minute\" \/>\n<script type=\"application\/ld+json\" class=\"yoast-schema-graph\">{\"@context\":\"https:\\\/\\\/schema.org\",\"@graph\":[{\"@type\":[\"WebPage\",\"ItemPage\"],\"@id\":\"https:\\\/\\\/vitablanca.ma\\\/produit\\\/manuka-health-pastilles-au-miel-de-manuka-propolis-mgo-400-15-pastilles\\\/\",\"url\":\"https:\\\/\\\/vitablanca.ma\\\/produit\\\/manuka-health-pastilles-au-miel-de-manuka-propolis-mgo-400-15-pastilles\\\/\",\"name\":\"Manuka Health Miel MGO 400+ Propolis, 15 Pastilles - Maroc Prix\",\"isPartOf\":{\"@id\":\"https:\\\/\\\/vitablanca.ma\\\/#website\"},\"primaryImageOfPage\":{\"@id\":\"https:\\\/\\\/vitablanca.ma\\\/produit\\\/manuka-health-pastilles-au-miel-de-manuka-propolis-mgo-400-15-pastilles\\\/#primaryimage\"},\"image\":{\"@id\":\"https:\\\/\\\/vitablanca.ma\\\/produit\\\/manuka-health-pastilles-au-miel-de-manuka-propolis-mgo-400-15-pastilles\\\/#primaryimage\"},\"thumbnailUrl\":\"https:\\\/\\\/vitablanca.ma\\\/wp-content\\\/uploads\\\/2025\\\/04\\\/manuka-health-pastilles-au-miel-de-manuka-propolis-mgo-400.jpg\",\"datePublished\":\"2025-04-18T14:19:00+00:00\",\"dateModified\":\"2025-12-01T19:35:37+00:00\",\"description\":\"Achetez les pastilles Manuka Health au miel de Manuka MGO 400+ et Propolis au Maroc. Id\u00e9ales pour apaiser la gorge et soutenir l'immunit\u00e9. 15 pastilles.\",\"breadcrumb\":{\"@id\":\"https:\\\/\\\/vitablanca.ma\\\/produit\\\/manuka-health-pastilles-au-miel-de-manuka-propolis-mgo-400-15-pastilles\\\/#breadcrumb\"},\"inLanguage\":\"en-US\",\"potentialAction\":[{\"@type\":\"ReadAction\",\"target\":[\"https:\\\/\\\/vitablanca.ma\\\/produit\\\/manuka-health-pastilles-au-miel-de-manuka-propolis-mgo-400-15-pastilles\\\/\"]}]},{\"@type\":\"ImageObject\",\"inLanguage\":\"en-US\",\"@id\":\"https:\\\/\\\/vitablanca.ma\\\/produit\\\/manuka-health-pastilles-au-miel-de-manuka-propolis-mgo-400-15-pastilles\\\/#primaryimage\",\"url\":\"https:\\\/\\\/vitablanca.ma\\\/wp-content\\\/uploads\\\/2025\\\/04\\\/manuka-health-pastilles-au-miel-de-manuka-propolis-mgo-400.jpg\",\"contentUrl\":\"https:\\\/\\\/vitablanca.ma\\\/wp-content\\\/uploads\\\/2025\\\/04\\\/manuka-health-pastilles-au-miel-de-manuka-propolis-mgo-400.jpg\",\"width\":680,\"height\":680},{\"@type\":\"BreadcrumbList\",\"@id\":\"https:\\\/\\\/vitablanca.ma\\\/produit\\\/manuka-health-pastilles-au-miel-de-manuka-propolis-mgo-400-15-pastilles\\\/#breadcrumb\",\"itemListElement\":[{\"@type\":\"ListItem\",\"position\":1,\"name\":\"Home\",\"item\":\"https:\\\/\\\/vitablanca.ma\\\/\"},{\"@type\":\"ListItem\",\"position\":2,\"name\":\"Tous Les Produits\",\"item\":\"https:\\\/\\\/vitablanca.ma\\\/tous-les-produits\\\/\"},{\"@type\":\"ListItem\",\"position\":3,\"name\":\"Manuka Health Pastilles au miel de Manuka, Propolis, MGO 400+, 15 pastilles\"}]},{\"@type\":\"WebSite\",\"@id\":\"https:\\\/\\\/vitablanca.ma\\\/#website\",\"url\":\"https:\\\/\\\/vitablanca.ma\\\/\",\"name\":\"VitaBlanca.ma | Compl\u00e9ments alimentaires, sant\u00e9 & beaut\u00e9 au Maroc\",\"description\":\"vendre vitamines et compl\u00e9ments premium des USA &amp; Canada, Nouvelle Z\u00e9lande,Maroc (NOW Foods, Solgar, Manuka). Livraison rapide partout au Maroc.\",\"publisher\":{\"@id\":\"https:\\\/\\\/vitablanca.ma\\\/#organization\"},\"alternateName\":\"VitaBlanca.ma\",\"potentialAction\":[{\"@type\":\"SearchAction\",\"target\":{\"@type\":\"EntryPoint\",\"urlTemplate\":\"https:\\\/\\\/vitablanca.ma\\\/?s={search_term_string}\"},\"query-input\":{\"@type\":\"PropertyValueSpecification\",\"valueRequired\":true,\"valueName\":\"search_term_string\"}}],\"inLanguage\":\"en-US\"},{\"@type\":\"Organization\",\"@id\":\"https:\\\/\\\/vitablanca.ma\\\/#organization\",\"name\":\"VitaBlanca\",\"url\":\"https:\\\/\\\/vitablanca.ma\\\/\",\"logo\":{\"@type\":\"ImageObject\",\"inLanguage\":\"en-US\",\"@id\":\"https:\\\/\\\/vitablanca.ma\\\/#\\\/schema\\\/logo\\\/image\\\/\",\"url\":\"https:\\\/\\\/vitablanca.ma\\\/wp-content\\\/uploads\\\/2025\\\/05\\\/cropped-vitablanca.png\",\"contentUrl\":\"https:\\\/\\\/vitablanca.ma\\\/wp-content\\\/uploads\\\/2025\\\/05\\\/cropped-vitablanca.png\",\"width\":360,\"height\":67,\"caption\":\"VitaBlanca\"},\"image\":{\"@id\":\"https:\\\/\\\/vitablanca.ma\\\/#\\\/schema\\\/logo\\\/image\\\/\"},\"sameAs\":[\"https:\\\/\\\/www.facebook.com\\\/profile.php?id=61576678196717\",\"https:\\\/\\\/www.tiktok.com\\\/@vitablanca.ma\",\"https:\\\/\\\/www.instagram.com\\\/vitablanca.ma\\\/\"]}]}<\/script>\n<!-- \/ Yoast SEO plugin. -->","yoast_head_json":{"title":"Manuka Health Honey MGO 400+ Propolis, 15 Lozenges - Morocco Price","description":"Buy Manuka Health Lozenges with Manuka Honey MGO 400+ and Propolis from Morocco. Ideal for soothing the throat and supporting immunity. 15 lozenges.","robots":{"index":"index","follow":"follow","max-snippet":"max-snippet:-1","max-image-preview":"max-image-preview:large","max-video-preview":"max-video-preview:-1"},"canonical":"https:\/\/vitablanca.ma\/en\/product\/manuka-health-pastilles-au-miel-de-manuka-propolis-mgo-400-15-pastilles\/","og_locale":"en_US","og_type":"article","og_title":"Manuka Health Miel MGO 400+ Propolis, 15 Pastilles - Maroc Prix","og_description":"Achetez les pastilles Manuka Health au miel de Manuka MGO 400+ et Propolis au Maroc. Id\u00e9ales pour apaiser la gorge et soutenir l'immunit\u00e9. 15 pastilles.","og_url":"https:\/\/vitablanca.ma\/en\/product\/manuka-health-pastilles-au-miel-de-manuka-propolis-mgo-400-15-pastilles\/","og_site_name":"Vitablanca.ma &ndash; Sant&eacute;, vitalit&eacute; et bien-&ecirc;tre pour tous les Marocains","article_publisher":"https:\/\/www.facebook.com\/profile.php?id=61576678196717","article_modified_time":"2025-12-01T19:35:37+00:00","og_image":[{"width":680,"height":680,"url":"https:\/\/vitablanca.ma\/wp-content\/uploads\/2025\/04\/manuka-health-pastilles-au-miel-de-manuka-propolis-mgo-400.jpg","type":"image\/jpeg"}],"twitter_card":"summary_large_image","twitter_misc":{"Est. reading time":"1 minute"},"schema":{"@context":"https:\/\/schema.org","@graph":[{"@type":["WebPage","ItemPage"],"@id":"https:\/\/vitablanca.ma\/produit\/manuka-health-pastilles-au-miel-de-manuka-propolis-mgo-400-15-pastilles\/","url":"https:\/\/vitablanca.ma\/produit\/manuka-health-pastilles-au-miel-de-manuka-propolis-mgo-400-15-pastilles\/","name":"Manuka Health Honey MGO 400+ Propolis, 15 Lozenges - Morocco Price","isPartOf":{"@id":"https:\/\/vitablanca.ma\/#website"},"primaryImageOfPage":{"@id":"https:\/\/vitablanca.ma\/produit\/manuka-health-pastilles-au-miel-de-manuka-propolis-mgo-400-15-pastilles\/#primaryimage"},"image":{"@id":"https:\/\/vitablanca.ma\/produit\/manuka-health-pastilles-au-miel-de-manuka-propolis-mgo-400-15-pastilles\/#primaryimage"},"thumbnailUrl":"https:\/\/vitablanca.ma\/wp-content\/uploads\/2025\/04\/manuka-health-pastilles-au-miel-de-manuka-propolis-mgo-400.jpg","datePublished":"2025-04-18T14:19:00+00:00","dateModified":"2025-12-01T19:35:37+00:00","description":"Buy Manuka Health Lozenges with Manuka Honey MGO 400+ and Propolis from Morocco. Ideal for soothing the throat and supporting immunity. 15 lozenges.","breadcrumb":{"@id":"https:\/\/vitablanca.ma\/produit\/manuka-health-pastilles-au-miel-de-manuka-propolis-mgo-400-15-pastilles\/#breadcrumb"},"inLanguage":"en-US","potentialAction":[{"@type":"ReadAction","target":["https:\/\/vitablanca.ma\/produit\/manuka-health-pastilles-au-miel-de-manuka-propolis-mgo-400-15-pastilles\/"]}]},{"@type":"ImageObject","inLanguage":"en-US","@id":"https:\/\/vitablanca.ma\/produit\/manuka-health-pastilles-au-miel-de-manuka-propolis-mgo-400-15-pastilles\/#primaryimage","url":"https:\/\/vitablanca.ma\/wp-content\/uploads\/2025\/04\/manuka-health-pastilles-au-miel-de-manuka-propolis-mgo-400.jpg","contentUrl":"https:\/\/vitablanca.ma\/wp-content\/uploads\/2025\/04\/manuka-health-pastilles-au-miel-de-manuka-propolis-mgo-400.jpg","width":680,"height":680},{"@type":"BreadcrumbList","@id":"https:\/\/vitablanca.ma\/produit\/manuka-health-pastilles-au-miel-de-manuka-propolis-mgo-400-15-pastilles\/#breadcrumb","itemListElement":[{"@type":"ListItem","position":1,"name":"Home","item":"https:\/\/vitablanca.ma\/"},{"@type":"ListItem","position":2,"name":"Tous Les Produits","item":"https:\/\/vitablanca.ma\/tous-les-produits\/"},{"@type":"ListItem","position":3,"name":"Manuka Health Pastilles au miel de Manuka, Propolis, MGO 400+, 15 pastilles"}]},{"@type":"WebSite","@id":"https:\/\/vitablanca.ma\/#website","url":"https:\/\/vitablanca.ma\/","name":"VitaBlanca.ma | Food supplements, health &amp; beauty in Morocco","description":"sell premium vitamins and supplements from USA &amp; Canada, New Zealand, Morocco (NOW Foods, Solgar, Manuka). Fast delivery anywhere in Morocco.","publisher":{"@id":"https:\/\/vitablanca.ma\/#organization"},"alternateName":"VitaBlanca.ma","potentialAction":[{"@type":"SearchAction","target":{"@type":"EntryPoint","urlTemplate":"https:\/\/vitablanca.ma\/?s={search_term_string}"},"query-input":{"@type":"PropertyValueSpecification","valueRequired":true,"valueName":"search_term_string"}}],"inLanguage":"en-US"},{"@type":"Organization","@id":"https:\/\/vitablanca.ma\/#organization","name":"VitaBlanca","url":"https:\/\/vitablanca.ma\/","logo":{"@type":"ImageObject","inLanguage":"en-US","@id":"https:\/\/vitablanca.ma\/#\/schema\/logo\/image\/","url":"https:\/\/vitablanca.ma\/wp-content\/uploads\/2025\/05\/cropped-vitablanca.png","contentUrl":"https:\/\/vitablanca.ma\/wp-content\/uploads\/2025\/05\/cropped-vitablanca.png","width":360,"height":67,"caption":"VitaBlanca"},"image":{"@id":"https:\/\/vitablanca.ma\/#\/schema\/logo\/image\/"},"sameAs":["https:\/\/www.facebook.com\/profile.php?id=61576678196717","https:\/\/www.tiktok.com\/@vitablanca.ma","https:\/\/www.instagram.com\/vitablanca.ma\/"]}]}},"jetpack_sharing_enabled":true,"_links":{"self":[{"href":"https:\/\/vitablanca.ma\/en\/wp-json\/wp\/v2\/product\/240","targetHints":{"allow":["GET"]}}],"collection":[{"href":"https:\/\/vitablanca.ma\/en\/wp-json\/wp\/v2\/product"}],"about":[{"href":"https:\/\/vitablanca.ma\/en\/wp-json\/wp\/v2\/types\/product"}],"wp:featuredmedia":[{"embeddable":true,"href":"https:\/\/vitablanca.ma\/en\/wp-json\/wp\/v2\/media\/241"}],"wp:attachment":[{"href":"https:\/\/vitablanca.ma\/en\/wp-json\/wp\/v2\/media?parent=240"}],"wp:term":[{"taxonomy":"product_brand","embeddable":true,"href":"https:\/\/vitablanca.ma\/en\/wp-json\/wp\/v2\/product_brand?post=240"},{"taxonomy":"product_cat","embeddable":true,"href":"https:\/\/vitablanca.ma\/en\/wp-json\/wp\/v2\/product_cat?post=240"},{"taxonomy":"product_tag","embeddable":true,"href":"https:\/\/vitablanca.ma\/en\/wp-json\/wp\/v2\/product_tag?post=240"}],"curies":[{"name":"wp","href":"https:\/\/api.w.org\/{rel}","templated":true}]}}