{"id":23947,"date":"2025-07-10T18:45:47","date_gmt":"2025-07-10T18:45:47","guid":{"rendered":"https:\/\/vitablanca.ma\/product\/bio-huile-de-coco-bio-300-ml\/"},"modified":"2025-07-13T17:27:06","modified_gmt":"2025-07-13T17:27:06","slug":"bio-huile-de-coco-bio-300-ml","status":"publish","type":"product","link":"https:\/\/vitablanca.ma\/en\/product\/bio-huile-de-coco-bio-300-ml\/","title":{"rendered":"Balea Dm BIO Organic Coconut Oil Nourishes skin and hair 300 ml"},"content":{"rendered":"<h3>\ud83e\udd65100% pure &amp; organic \u2728 Nourishes skin and hair \ud83c\udf3f<\/h3>\n<ul>\n<li>Virgin, cold pressed<\/li>\n<li>For frying, cooking and baking<\/li>\n<li>For skin and hair care<\/li>\n<li>Naturland Quality<\/li>\n<li>Gluten-free, Lactose-free, No flavorings, No colorings, No preservatives, Vegan, Vegetarian<\/li>\n<li>300 ml<\/li>\n<\/ul>\n<h4><strong><span style=\"font-size: 11pt; line-height: 104%; font-family: 'Segoe UI Emoji', sans-serif;\">\ud83d\udccc<\/span><span lang=\"EN-US\" style=\"font-size: 11pt; line-height: 104%; font-family: Arial, sans-serif;\"> Product Description<\/span><\/strong><\/h4>\n<p>For our dmBio coconut oil, we use only ripe coconuts. Due to its high heat stability, our coconut oil is ideal for cooking, frying, and baking, and thanks to its mild taste, it can be used in many different ways in the kitchen.<\/p>\n<h4><strong><span style=\"font-size: 11pt; line-height: 104%; font-family: 'Segoe UI Emoji', sans-serif;\">\ud83d\udca1<\/span><span lang=\"EN-US\" style=\"font-size: 11pt; line-height: 104%; font-family: Arial, sans-serif;\"> Directions for use<\/span><\/strong><\/h4>\n<p>Store away from heat and light and in a dry place.<\/p>","protected":false},"excerpt":{"rendered":"<p>\ud83e\udd65100% pure &amp; bio \u2728 Nourrit peau et cheveux \ud83c\udf3f Vierge, press\u00e9e \u00e0 froid Pour la friture, la cuisson et la p\u00e2tisserie Pour le soin de la peau et des cheveux Qualit\u00e9 Naturland Sans gluten, Sans lactose, Sans ar\u00f4mes, Sans colorants, Sans conservateurs, V\u00e9g\u00e9talien, V\u00e9g\u00e9tarien 300 ml \ud83d\udccc Description du produit Pour notre huile de [&hellip;]<\/p>\n","protected":false},"featured_media":23945,"template":"","meta":{"om_disable_all_campaigns":false},"product_brand":[3236],"product_cat":[18],"product_tag":[3237,3240,3238,3239,3241],"class_list":{"0":"post-23947","1":"product","2":"type-product","3":"status-publish","4":"has-post-thumbnail","6":"product_brand-balea-dm-prix-maroc","7":"product_cat-beaute-sante","8":"product_tag-balea","9":"product_tag-balea-dm","10":"product_tag-balea-maroc","11":"product_tag-balea-morocco","12":"product_tag-dm-maroc","14":"first","15":"instock","16":"taxable","17":"shipping-taxable","18":"purchasable","19":"product-type-simple"},"yoast_head":"<!-- This site is optimized with the Yoast SEO plugin v27.4 - https:\/\/yoast.com\/product\/yoast-seo-wordpress\/ -->\n<title>Balea Dm BIO Huile de coco bio Nourrit peau et cheveux - Maroc<\/title>\n<meta name=\"description\" content=\"D\u00e9couvrez l&#039;huile de coco bio Balea dm 300 ml au Maroc. Id\u00e9ale pour nourrir intens\u00e9ment peau et cheveux, elle hydrate, r\u00e9pare et apporte brillance.\" \/>\n<meta name=\"robots\" content=\"index, follow, max-snippet:-1, max-image-preview:large, max-video-preview:-1\" \/>\n<link rel=\"canonical\" href=\"https:\/\/vitablanca.ma\/en\/product\/bio-huile-de-coco-bio-300-ml\/\" \/>\n<meta property=\"og:locale\" content=\"en_US\" \/>\n<meta property=\"og:type\" content=\"article\" \/>\n<meta property=\"og:title\" content=\"Balea Dm BIO Huile de coco bio Nourrit peau et cheveux - Maroc\" \/>\n<meta property=\"og:description\" content=\"D\u00e9couvrez l&#039;huile de coco bio Balea dm 300 ml au Maroc. Id\u00e9ale pour nourrir intens\u00e9ment peau et cheveux, elle hydrate, r\u00e9pare et apporte brillance.\" \/>\n<meta property=\"og:url\" content=\"https:\/\/vitablanca.ma\/en\/product\/bio-huile-de-coco-bio-300-ml\/\" \/>\n<meta property=\"og:site_name\" content=\"Vitablanca.ma &ndash; Sant&eacute;, vitalit&eacute; et bien-&ecirc;tre pour tous les Marocains\" \/>\n<meta property=\"article:publisher\" content=\"https:\/\/www.facebook.com\/profile.php?id=61576678196717\" \/>\n<meta property=\"article:modified_time\" content=\"2025-07-13T17:27:06+00:00\" \/>\n<meta property=\"og:image\" content=\"https:\/\/vitablanca.ma\/wp-content\/uploads\/2025\/07\/SidiGalmourHuiledecocobio_300ml_2.png\" \/>\n\t<meta property=\"og:image:width\" content=\"1200\" \/>\n\t<meta property=\"og:image:height\" content=\"1200\" \/>\n\t<meta property=\"og:image:type\" content=\"image\/png\" \/>\n<meta name=\"twitter:card\" content=\"summary_large_image\" \/>\n<meta name=\"twitter:label1\" content=\"Est. reading time\" \/>\n\t<meta name=\"twitter:data1\" content=\"1 minute\" \/>\n<script type=\"application\/ld+json\" class=\"yoast-schema-graph\">{\"@context\":\"https:\\\/\\\/schema.org\",\"@graph\":[{\"@type\":[\"WebPage\",\"ItemPage\"],\"@id\":\"https:\\\/\\\/vitablanca.ma\\\/produit\\\/bio-huile-de-coco-bio-300-ml\\\/\",\"url\":\"https:\\\/\\\/vitablanca.ma\\\/produit\\\/bio-huile-de-coco-bio-300-ml\\\/\",\"name\":\"Balea Dm BIO Huile de coco bio Nourrit peau et cheveux - Maroc\",\"isPartOf\":{\"@id\":\"https:\\\/\\\/vitablanca.ma\\\/#website\"},\"primaryImageOfPage\":{\"@id\":\"https:\\\/\\\/vitablanca.ma\\\/produit\\\/bio-huile-de-coco-bio-300-ml\\\/#primaryimage\"},\"image\":{\"@id\":\"https:\\\/\\\/vitablanca.ma\\\/produit\\\/bio-huile-de-coco-bio-300-ml\\\/#primaryimage\"},\"thumbnailUrl\":\"https:\\\/\\\/vitablanca.ma\\\/wp-content\\\/uploads\\\/2025\\\/07\\\/SidiGalmourHuiledecocobio_300ml_2.png\",\"datePublished\":\"2025-07-10T18:45:47+00:00\",\"dateModified\":\"2025-07-13T17:27:06+00:00\",\"description\":\"D\u00e9couvrez l'huile de coco bio Balea dm 300 ml au Maroc. Id\u00e9ale pour nourrir intens\u00e9ment peau et cheveux, elle hydrate, r\u00e9pare et apporte brillance.\",\"breadcrumb\":{\"@id\":\"https:\\\/\\\/vitablanca.ma\\\/produit\\\/bio-huile-de-coco-bio-300-ml\\\/#breadcrumb\"},\"inLanguage\":\"en-US\",\"potentialAction\":[{\"@type\":\"ReadAction\",\"target\":[\"https:\\\/\\\/vitablanca.ma\\\/produit\\\/bio-huile-de-coco-bio-300-ml\\\/\"]}]},{\"@type\":\"ImageObject\",\"inLanguage\":\"en-US\",\"@id\":\"https:\\\/\\\/vitablanca.ma\\\/produit\\\/bio-huile-de-coco-bio-300-ml\\\/#primaryimage\",\"url\":\"https:\\\/\\\/vitablanca.ma\\\/wp-content\\\/uploads\\\/2025\\\/07\\\/SidiGalmourHuiledecocobio_300ml_2.png\",\"contentUrl\":\"https:\\\/\\\/vitablanca.ma\\\/wp-content\\\/uploads\\\/2025\\\/07\\\/SidiGalmourHuiledecocobio_300ml_2.png\",\"width\":1200,\"height\":1200},{\"@type\":\"BreadcrumbList\",\"@id\":\"https:\\\/\\\/vitablanca.ma\\\/produit\\\/bio-huile-de-coco-bio-300-ml\\\/#breadcrumb\",\"itemListElement\":[{\"@type\":\"ListItem\",\"position\":1,\"name\":\"Home\",\"item\":\"https:\\\/\\\/vitablanca.ma\\\/\"},{\"@type\":\"ListItem\",\"position\":2,\"name\":\"Tous Les Produits\",\"item\":\"https:\\\/\\\/vitablanca.ma\\\/tous-les-produits\\\/\"},{\"@type\":\"ListItem\",\"position\":3,\"name\":\"Balea Dm BIO Huile de coco bio Nourrit peau et cheveux 300 ml\"}]},{\"@type\":\"WebSite\",\"@id\":\"https:\\\/\\\/vitablanca.ma\\\/#website\",\"url\":\"https:\\\/\\\/vitablanca.ma\\\/\",\"name\":\"VitaBlanca.ma | Compl\u00e9ments alimentaires, sant\u00e9 & beaut\u00e9 au Maroc\",\"description\":\"vendre vitamines et compl\u00e9ments premium des USA &amp; Canada, Nouvelle Z\u00e9lande,Maroc (NOW Foods, Solgar, Manuka). Livraison rapide partout au Maroc.\",\"publisher\":{\"@id\":\"https:\\\/\\\/vitablanca.ma\\\/#organization\"},\"alternateName\":\"VitaBlanca.ma\",\"potentialAction\":[{\"@type\":\"SearchAction\",\"target\":{\"@type\":\"EntryPoint\",\"urlTemplate\":\"https:\\\/\\\/vitablanca.ma\\\/?s={search_term_string}\"},\"query-input\":{\"@type\":\"PropertyValueSpecification\",\"valueRequired\":true,\"valueName\":\"search_term_string\"}}],\"inLanguage\":\"en-US\"},{\"@type\":\"Organization\",\"@id\":\"https:\\\/\\\/vitablanca.ma\\\/#organization\",\"name\":\"VitaBlanca\",\"url\":\"https:\\\/\\\/vitablanca.ma\\\/\",\"logo\":{\"@type\":\"ImageObject\",\"inLanguage\":\"en-US\",\"@id\":\"https:\\\/\\\/vitablanca.ma\\\/#\\\/schema\\\/logo\\\/image\\\/\",\"url\":\"https:\\\/\\\/vitablanca.ma\\\/wp-content\\\/uploads\\\/2025\\\/05\\\/cropped-vitablanca.png\",\"contentUrl\":\"https:\\\/\\\/vitablanca.ma\\\/wp-content\\\/uploads\\\/2025\\\/05\\\/cropped-vitablanca.png\",\"width\":360,\"height\":67,\"caption\":\"VitaBlanca\"},\"image\":{\"@id\":\"https:\\\/\\\/vitablanca.ma\\\/#\\\/schema\\\/logo\\\/image\\\/\"},\"sameAs\":[\"https:\\\/\\\/www.facebook.com\\\/profile.php?id=61576678196717\",\"https:\\\/\\\/www.tiktok.com\\\/@vitablanca.ma\",\"https:\\\/\\\/www.instagram.com\\\/vitablanca.ma\\\/\"]}]}<\/script>\n<!-- \/ Yoast SEO plugin. -->","yoast_head_json":{"title":"Balea Dm BIO Organic Coconut Oil Nourishes skin and hair - Morocco","description":"Discover Balea organic coconut oil dm 300 ml from Morocco. Ideal for intensely nourishing skin and hair, it moisturizes, repairs, and adds shine.","robots":{"index":"index","follow":"follow","max-snippet":"max-snippet:-1","max-image-preview":"max-image-preview:large","max-video-preview":"max-video-preview:-1"},"canonical":"https:\/\/vitablanca.ma\/en\/product\/bio-huile-de-coco-bio-300-ml\/","og_locale":"en_US","og_type":"article","og_title":"Balea Dm BIO Huile de coco bio Nourrit peau et cheveux - Maroc","og_description":"D\u00e9couvrez l'huile de coco bio Balea dm 300 ml au Maroc. Id\u00e9ale pour nourrir intens\u00e9ment peau et cheveux, elle hydrate, r\u00e9pare et apporte brillance.","og_url":"https:\/\/vitablanca.ma\/en\/product\/bio-huile-de-coco-bio-300-ml\/","og_site_name":"Vitablanca.ma &ndash; Sant&eacute;, vitalit&eacute; et bien-&ecirc;tre pour tous les Marocains","article_publisher":"https:\/\/www.facebook.com\/profile.php?id=61576678196717","article_modified_time":"2025-07-13T17:27:06+00:00","og_image":[{"width":1200,"height":1200,"url":"https:\/\/vitablanca.ma\/wp-content\/uploads\/2025\/07\/SidiGalmourHuiledecocobio_300ml_2.png","type":"image\/png"}],"twitter_card":"summary_large_image","twitter_misc":{"Est. reading time":"1 minute"},"schema":{"@context":"https:\/\/schema.org","@graph":[{"@type":["WebPage","ItemPage"],"@id":"https:\/\/vitablanca.ma\/produit\/bio-huile-de-coco-bio-300-ml\/","url":"https:\/\/vitablanca.ma\/produit\/bio-huile-de-coco-bio-300-ml\/","name":"Balea Dm BIO Organic Coconut Oil Nourishes skin and hair - Morocco","isPartOf":{"@id":"https:\/\/vitablanca.ma\/#website"},"primaryImageOfPage":{"@id":"https:\/\/vitablanca.ma\/produit\/bio-huile-de-coco-bio-300-ml\/#primaryimage"},"image":{"@id":"https:\/\/vitablanca.ma\/produit\/bio-huile-de-coco-bio-300-ml\/#primaryimage"},"thumbnailUrl":"https:\/\/vitablanca.ma\/wp-content\/uploads\/2025\/07\/SidiGalmourHuiledecocobio_300ml_2.png","datePublished":"2025-07-10T18:45:47+00:00","dateModified":"2025-07-13T17:27:06+00:00","description":"Discover Balea organic coconut oil dm 300 ml from Morocco. Ideal for intensely nourishing skin and hair, it moisturizes, repairs, and adds shine.","breadcrumb":{"@id":"https:\/\/vitablanca.ma\/produit\/bio-huile-de-coco-bio-300-ml\/#breadcrumb"},"inLanguage":"en-US","potentialAction":[{"@type":"ReadAction","target":["https:\/\/vitablanca.ma\/produit\/bio-huile-de-coco-bio-300-ml\/"]}]},{"@type":"ImageObject","inLanguage":"en-US","@id":"https:\/\/vitablanca.ma\/produit\/bio-huile-de-coco-bio-300-ml\/#primaryimage","url":"https:\/\/vitablanca.ma\/wp-content\/uploads\/2025\/07\/SidiGalmourHuiledecocobio_300ml_2.png","contentUrl":"https:\/\/vitablanca.ma\/wp-content\/uploads\/2025\/07\/SidiGalmourHuiledecocobio_300ml_2.png","width":1200,"height":1200},{"@type":"BreadcrumbList","@id":"https:\/\/vitablanca.ma\/produit\/bio-huile-de-coco-bio-300-ml\/#breadcrumb","itemListElement":[{"@type":"ListItem","position":1,"name":"Home","item":"https:\/\/vitablanca.ma\/"},{"@type":"ListItem","position":2,"name":"Tous Les Produits","item":"https:\/\/vitablanca.ma\/tous-les-produits\/"},{"@type":"ListItem","position":3,"name":"Balea Dm BIO Huile de coco bio Nourrit peau et cheveux 300 ml"}]},{"@type":"WebSite","@id":"https:\/\/vitablanca.ma\/#website","url":"https:\/\/vitablanca.ma\/","name":"VitaBlanca.ma | Food supplements, health &amp; beauty in Morocco","description":"sell premium vitamins and supplements from USA &amp; Canada, New Zealand, Morocco (NOW Foods, Solgar, Manuka). Fast delivery anywhere in Morocco.","publisher":{"@id":"https:\/\/vitablanca.ma\/#organization"},"alternateName":"VitaBlanca.ma","potentialAction":[{"@type":"SearchAction","target":{"@type":"EntryPoint","urlTemplate":"https:\/\/vitablanca.ma\/?s={search_term_string}"},"query-input":{"@type":"PropertyValueSpecification","valueRequired":true,"valueName":"search_term_string"}}],"inLanguage":"en-US"},{"@type":"Organization","@id":"https:\/\/vitablanca.ma\/#organization","name":"VitaBlanca","url":"https:\/\/vitablanca.ma\/","logo":{"@type":"ImageObject","inLanguage":"en-US","@id":"https:\/\/vitablanca.ma\/#\/schema\/logo\/image\/","url":"https:\/\/vitablanca.ma\/wp-content\/uploads\/2025\/05\/cropped-vitablanca.png","contentUrl":"https:\/\/vitablanca.ma\/wp-content\/uploads\/2025\/05\/cropped-vitablanca.png","width":360,"height":67,"caption":"VitaBlanca"},"image":{"@id":"https:\/\/vitablanca.ma\/#\/schema\/logo\/image\/"},"sameAs":["https:\/\/www.facebook.com\/profile.php?id=61576678196717","https:\/\/www.tiktok.com\/@vitablanca.ma","https:\/\/www.instagram.com\/vitablanca.ma\/"]}]}},"jetpack_sharing_enabled":true,"_links":{"self":[{"href":"https:\/\/vitablanca.ma\/en\/wp-json\/wp\/v2\/product\/23947","targetHints":{"allow":["GET"]}}],"collection":[{"href":"https:\/\/vitablanca.ma\/en\/wp-json\/wp\/v2\/product"}],"about":[{"href":"https:\/\/vitablanca.ma\/en\/wp-json\/wp\/v2\/types\/product"}],"wp:featuredmedia":[{"embeddable":true,"href":"https:\/\/vitablanca.ma\/en\/wp-json\/wp\/v2\/media\/23945"}],"wp:attachment":[{"href":"https:\/\/vitablanca.ma\/en\/wp-json\/wp\/v2\/media?parent=23947"}],"wp:term":[{"taxonomy":"product_brand","embeddable":true,"href":"https:\/\/vitablanca.ma\/en\/wp-json\/wp\/v2\/product_brand?post=23947"},{"taxonomy":"product_cat","embeddable":true,"href":"https:\/\/vitablanca.ma\/en\/wp-json\/wp\/v2\/product_cat?post=23947"},{"taxonomy":"product_tag","embeddable":true,"href":"https:\/\/vitablanca.ma\/en\/wp-json\/wp\/v2\/product_tag?post=23947"}],"curies":[{"name":"wp","href":"https:\/\/api.w.org\/{rel}","templated":true}]}}