{"id":23941,"date":"2025-07-10T18:45:09","date_gmt":"2025-07-10T18:45:09","guid":{"rendered":"https:\/\/vitablanca.ma\/product\/reelle-shampooing-colorant-7-4-or-cuivre\/"},"modified":"2026-01-23T20:06:31","modified_gmt":"2026-01-23T20:06:31","slug":"reelle-shampooing-colorant-7-4-or-cuivre","status":"publish","type":"product","link":"https:\/\/vitablanca.ma\/en\/product\/reelle-shampooing-colorant-7-4-or-cuivre\/","title":{"rendered":"r\u00e9ll&#039;e \u2013 Coloring shampoo 7.4 copper gold"},"content":{"rendered":"<h3>\ud83e\udde1 real 7.4 Copper Gold \u2013 Warm &amp; luminous glow<\/h3>\n<ul>\n<li>Color Level: Washable<\/li>\n<li>Product Features: Ammonia Free, Silicone Free, Vegan<\/li>\n<li>Color shades Colors: Blonde shades<\/li>\n<li>Lasts up to 4 shampoos<\/li>\n<li>Brilliant color reflections<\/li>\n<li>Short exposure time<\/li>\n<li>Easy and quick application<\/li>\n<li>Free from microplastics and purely synthetic water-soluble polymers<\/li>\n<li>14 ml<\/li>\n<\/ul>\n<h4><strong><span style=\"font-size: 11pt; line-height: 104%; font-family: 'Segoe UI Emoji', sans-serif;\">\ud83d\udccc<\/span><span lang=\"EN-US\" style=\"font-size: 11pt; line-height: 104%; font-family: Arial, sans-serif;\"> Product Description<\/span><\/strong><\/h4>\n<p>Does your hair color need a subtle refresh or a slight correction? R\u00e9elle&#039;e&#039;s 7.4 Golden Copper Hair Color Shampoo for medium to light blonde hair starts out lasting up to 4 washes and delivers vibrant color tones and a silky shine.<\/p>\n<h4><strong><span style=\"font-size: 11pt; line-height: 104%; font-family: 'Segoe UI Emoji', sans-serif;\">\ud83d\udca1<\/span><span lang=\"EN-US\" style=\"font-size: 11pt; line-height: 104%; font-family: Arial, sans-serif;\"> Directions for use<\/span><\/strong><\/h4>\n<p>Distribute evenly through damp hair, massage in, and leave on for 5 to 20 minutes. The longer the processing time, the more intense the color result. If necessary, pre-wash with a deep cleansing shampoo. The duration varies depending on the hair type. Then rinse hair thoroughly. For long hair, use 2 packs. Note: Not suitable for gray or white-blonde hair, as the coloring result is different. For starting hair colors from dark to medium blonde<\/p>\n<h4><strong><span lang=\"EN-US\" style=\"font-size: 11pt; line-height: 103%; font-family: 'Segoe UI Emoji', sans-serif;\">\u26a0<\/span><span style=\"font-size: 11pt; line-height: 103%; font-family: Arial, sans-serif;\">\ufe0f<\/span><span lang=\"EN-US\" style=\"font-size: 11pt; line-height: 103%; font-family: Arial, sans-serif;\"> Warnings<\/span><\/strong><\/h4>\n<p>Should not be left within reach of children.<\/p>","protected":false},"excerpt":{"rendered":"<p>\ud83e\udde1 r\u00e9ell&rsquo;e 7.4 Or Cuivr\u00e9 \u2013 \u00c9clat chaud &amp; lumineux Niveau de coloration : Lavable Caract\u00e9ristiques du produit : Sans ammoniaque, Sans silicone, V\u00e9g\u00e9talien Nuances de couleurs Coloris : Nuances blondes Tient jusqu&rsquo;\u00e0 4 shampooings Reflets de couleur \u00e9clatants Temps de pose court Application facile et rapide Sans microplastiques ni polym\u00e8res purement synth\u00e9tiques solubles dans [&hellip;]<\/p>\n","protected":false},"featured_media":23939,"template":"","meta":{"om_disable_all_campaigns":false},"product_brand":[],"product_cat":[15],"product_tag":[6201,6206,6203,6202,6204,6207,6199,6208,6200,6205],"class_list":{"0":"post-23941","1":"product","2":"type-product","3":"status-publish","4":"has-post-thumbnail","6":"product_cat-beaute-sante-complements-alimentaires-soins-et-bien-etre-au-meilleur-prix","7":"product_tag-7-4-or-cuivre","8":"product_tag-brillance","9":"product_tag-cheveux-lumineux","10":"product_tag-coloration-cheveux","11":"product_tag-couleur-cuivree","12":"product_tag-pigmentation-intense","13":"product_tag-reelle","14":"product_tag-reelle-cheveux","15":"product_tag-shampooing-colorant","16":"product_tag-soin-cheveux-colores","18":"first","19":"instock","20":"taxable","21":"shipping-taxable","22":"purchasable","23":"product-type-simple"},"yoast_head":"<!-- This site is optimized with the Yoast SEO plugin v27.4 - https:\/\/yoast.com\/product\/yoast-seo-wordpress\/ -->\n<title>r\u00e9ell&#039;e - Shampooing colorant 7.4 or cuivr\u00e9 -Maroc Prix<\/title>\n<meta name=\"description\" content=\"r\u00e9ell\u2019e Shampooing Colorant 7.4 Or Cuivr\u00e9 colore et ravive vos cheveux en un seul geste. Couleur intense, lumineuse et brillante pour tous types de cheveux.\" \/>\n<meta name=\"robots\" content=\"index, follow, max-snippet:-1, max-image-preview:large, max-video-preview:-1\" \/>\n<link rel=\"canonical\" href=\"https:\/\/vitablanca.ma\/en\/product\/reelle-shampooing-colorant-7-4-or-cuivre\/\" \/>\n<meta property=\"og:locale\" content=\"en_US\" \/>\n<meta property=\"og:type\" content=\"article\" \/>\n<meta property=\"og:title\" content=\"r\u00e9ell&#039;e - Shampooing colorant 7.4 or cuivr\u00e9 -Maroc Prix\" \/>\n<meta property=\"og:description\" content=\"r\u00e9ell\u2019e Shampooing Colorant 7.4 Or Cuivr\u00e9 colore et ravive vos cheveux en un seul geste. Couleur intense, lumineuse et brillante pour tous types de cheveux.\" \/>\n<meta property=\"og:url\" content=\"https:\/\/vitablanca.ma\/en\/product\/reelle-shampooing-colorant-7-4-or-cuivre\/\" \/>\n<meta property=\"og:site_name\" content=\"Vitablanca.ma &ndash; Sant&eacute;, vitalit&eacute; et bien-&ecirc;tre pour tous les Marocains\" \/>\n<meta property=\"article:publisher\" content=\"https:\/\/www.facebook.com\/profile.php?id=61576678196717\" \/>\n<meta property=\"article:modified_time\" content=\"2026-01-23T20:06:31+00:00\" \/>\n<meta property=\"og:image\" content=\"https:\/\/vitablanca.ma\/wp-content\/uploads\/2025\/07\/4058172704055-3043675.png\" \/>\n\t<meta property=\"og:image:width\" content=\"1200\" \/>\n\t<meta property=\"og:image:height\" content=\"1200\" \/>\n\t<meta property=\"og:image:type\" content=\"image\/png\" \/>\n<meta name=\"twitter:card\" content=\"summary_large_image\" \/>\n<meta name=\"twitter:label1\" content=\"Est. reading time\" \/>\n\t<meta name=\"twitter:data1\" content=\"2 minutes\" \/>\n<script type=\"application\/ld+json\" class=\"yoast-schema-graph\">{\"@context\":\"https:\\\/\\\/schema.org\",\"@graph\":[{\"@type\":[\"WebPage\",\"ItemPage\"],\"@id\":\"https:\\\/\\\/vitablanca.ma\\\/produit\\\/reelle-shampooing-colorant-7-4-or-cuivre\\\/\",\"url\":\"https:\\\/\\\/vitablanca.ma\\\/produit\\\/reelle-shampooing-colorant-7-4-or-cuivre\\\/\",\"name\":\"r\u00e9ell'e - Shampooing colorant 7.4 or cuivr\u00e9 -Maroc Prix\",\"isPartOf\":{\"@id\":\"https:\\\/\\\/vitablanca.ma\\\/#website\"},\"primaryImageOfPage\":{\"@id\":\"https:\\\/\\\/vitablanca.ma\\\/produit\\\/reelle-shampooing-colorant-7-4-or-cuivre\\\/#primaryimage\"},\"image\":{\"@id\":\"https:\\\/\\\/vitablanca.ma\\\/produit\\\/reelle-shampooing-colorant-7-4-or-cuivre\\\/#primaryimage\"},\"thumbnailUrl\":\"https:\\\/\\\/vitablanca.ma\\\/wp-content\\\/uploads\\\/2025\\\/07\\\/4058172704055-3043675.png\",\"datePublished\":\"2025-07-10T18:45:09+00:00\",\"dateModified\":\"2026-01-23T20:06:31+00:00\",\"description\":\"r\u00e9ell\u2019e Shampooing Colorant 7.4 Or Cuivr\u00e9 colore et ravive vos cheveux en un seul geste. Couleur intense, lumineuse et brillante pour tous types de cheveux.\",\"breadcrumb\":{\"@id\":\"https:\\\/\\\/vitablanca.ma\\\/produit\\\/reelle-shampooing-colorant-7-4-or-cuivre\\\/#breadcrumb\"},\"inLanguage\":\"en-US\",\"potentialAction\":[{\"@type\":\"ReadAction\",\"target\":[\"https:\\\/\\\/vitablanca.ma\\\/produit\\\/reelle-shampooing-colorant-7-4-or-cuivre\\\/\"]}]},{\"@type\":\"ImageObject\",\"inLanguage\":\"en-US\",\"@id\":\"https:\\\/\\\/vitablanca.ma\\\/produit\\\/reelle-shampooing-colorant-7-4-or-cuivre\\\/#primaryimage\",\"url\":\"https:\\\/\\\/vitablanca.ma\\\/wp-content\\\/uploads\\\/2025\\\/07\\\/4058172704055-3043675.png\",\"contentUrl\":\"https:\\\/\\\/vitablanca.ma\\\/wp-content\\\/uploads\\\/2025\\\/07\\\/4058172704055-3043675.png\",\"width\":1200,\"height\":1200},{\"@type\":\"BreadcrumbList\",\"@id\":\"https:\\\/\\\/vitablanca.ma\\\/produit\\\/reelle-shampooing-colorant-7-4-or-cuivre\\\/#breadcrumb\",\"itemListElement\":[{\"@type\":\"ListItem\",\"position\":1,\"name\":\"Home\",\"item\":\"https:\\\/\\\/vitablanca.ma\\\/\"},{\"@type\":\"ListItem\",\"position\":2,\"name\":\"Tous Les Produits\",\"item\":\"https:\\\/\\\/vitablanca.ma\\\/tous-les-produits\\\/\"},{\"@type\":\"ListItem\",\"position\":3,\"name\":\"r\u00e9ell&#8217;e &#8211; Shampooing colorant 7.4 or cuivr\u00e9\"}]},{\"@type\":\"WebSite\",\"@id\":\"https:\\\/\\\/vitablanca.ma\\\/#website\",\"url\":\"https:\\\/\\\/vitablanca.ma\\\/\",\"name\":\"VitaBlanca.ma | Compl\u00e9ments alimentaires, sant\u00e9 & beaut\u00e9 au Maroc\",\"description\":\"vendre vitamines et compl\u00e9ments premium des USA &amp; Canada, Nouvelle Z\u00e9lande,Maroc (NOW Foods, Solgar, Manuka). Livraison rapide partout au Maroc.\",\"publisher\":{\"@id\":\"https:\\\/\\\/vitablanca.ma\\\/#organization\"},\"alternateName\":\"VitaBlanca.ma\",\"potentialAction\":[{\"@type\":\"SearchAction\",\"target\":{\"@type\":\"EntryPoint\",\"urlTemplate\":\"https:\\\/\\\/vitablanca.ma\\\/?s={search_term_string}\"},\"query-input\":{\"@type\":\"PropertyValueSpecification\",\"valueRequired\":true,\"valueName\":\"search_term_string\"}}],\"inLanguage\":\"en-US\"},{\"@type\":\"Organization\",\"@id\":\"https:\\\/\\\/vitablanca.ma\\\/#organization\",\"name\":\"VitaBlanca\",\"url\":\"https:\\\/\\\/vitablanca.ma\\\/\",\"logo\":{\"@type\":\"ImageObject\",\"inLanguage\":\"en-US\",\"@id\":\"https:\\\/\\\/vitablanca.ma\\\/#\\\/schema\\\/logo\\\/image\\\/\",\"url\":\"https:\\\/\\\/vitablanca.ma\\\/wp-content\\\/uploads\\\/2025\\\/05\\\/cropped-vitablanca.png\",\"contentUrl\":\"https:\\\/\\\/vitablanca.ma\\\/wp-content\\\/uploads\\\/2025\\\/05\\\/cropped-vitablanca.png\",\"width\":360,\"height\":67,\"caption\":\"VitaBlanca\"},\"image\":{\"@id\":\"https:\\\/\\\/vitablanca.ma\\\/#\\\/schema\\\/logo\\\/image\\\/\"},\"sameAs\":[\"https:\\\/\\\/www.facebook.com\\\/profile.php?id=61576678196717\",\"https:\\\/\\\/www.tiktok.com\\\/@vitablanca.ma\",\"https:\\\/\\\/www.instagram.com\\\/vitablanca.ma\\\/\"]}]}<\/script>\n<!-- \/ Yoast SEO plugin. -->","yoast_head_json":{"title":"r\u00e9ell'e - Shampooing colorant 7.4 or cuivr\u00e9 -Maroc Prix","description":"r\u00e9ell\u2019e Shampooing Colorant 7.4 Or Cuivr\u00e9 colore et ravive vos cheveux en un seul geste. Couleur intense, lumineuse et brillante pour tous types de cheveux.","robots":{"index":"index","follow":"follow","max-snippet":"max-snippet:-1","max-image-preview":"max-image-preview:large","max-video-preview":"max-video-preview:-1"},"canonical":"https:\/\/vitablanca.ma\/en\/product\/reelle-shampooing-colorant-7-4-or-cuivre\/","og_locale":"en_US","og_type":"article","og_title":"r\u00e9ell'e - Shampooing colorant 7.4 or cuivr\u00e9 -Maroc Prix","og_description":"r\u00e9ell\u2019e Shampooing Colorant 7.4 Or Cuivr\u00e9 colore et ravive vos cheveux en un seul geste. Couleur intense, lumineuse et brillante pour tous types de cheveux.","og_url":"https:\/\/vitablanca.ma\/en\/product\/reelle-shampooing-colorant-7-4-or-cuivre\/","og_site_name":"Vitablanca.ma &ndash; Sant&eacute;, vitalit&eacute; et bien-&ecirc;tre pour tous les Marocains","article_publisher":"https:\/\/www.facebook.com\/profile.php?id=61576678196717","article_modified_time":"2026-01-23T20:06:31+00:00","og_image":[{"width":1200,"height":1200,"url":"https:\/\/vitablanca.ma\/wp-content\/uploads\/2025\/07\/4058172704055-3043675.png","type":"image\/png"}],"twitter_card":"summary_large_image","twitter_misc":{"Est. reading time":"2 minutes"},"schema":{"@context":"https:\/\/schema.org","@graph":[{"@type":["WebPage","ItemPage"],"@id":"https:\/\/vitablanca.ma\/produit\/reelle-shampooing-colorant-7-4-or-cuivre\/","url":"https:\/\/vitablanca.ma\/produit\/reelle-shampooing-colorant-7-4-or-cuivre\/","name":"r\u00e9ell'e - Shampooing colorant 7.4 or cuivr\u00e9 -Maroc Prix","isPartOf":{"@id":"https:\/\/vitablanca.ma\/#website"},"primaryImageOfPage":{"@id":"https:\/\/vitablanca.ma\/produit\/reelle-shampooing-colorant-7-4-or-cuivre\/#primaryimage"},"image":{"@id":"https:\/\/vitablanca.ma\/produit\/reelle-shampooing-colorant-7-4-or-cuivre\/#primaryimage"},"thumbnailUrl":"https:\/\/vitablanca.ma\/wp-content\/uploads\/2025\/07\/4058172704055-3043675.png","datePublished":"2025-07-10T18:45:09+00:00","dateModified":"2026-01-23T20:06:31+00:00","description":"r\u00e9ell\u2019e Shampooing Colorant 7.4 Or Cuivr\u00e9 colore et ravive vos cheveux en un seul geste. Couleur intense, lumineuse et brillante pour tous types de cheveux.","breadcrumb":{"@id":"https:\/\/vitablanca.ma\/produit\/reelle-shampooing-colorant-7-4-or-cuivre\/#breadcrumb"},"inLanguage":"en-US","potentialAction":[{"@type":"ReadAction","target":["https:\/\/vitablanca.ma\/produit\/reelle-shampooing-colorant-7-4-or-cuivre\/"]}]},{"@type":"ImageObject","inLanguage":"en-US","@id":"https:\/\/vitablanca.ma\/produit\/reelle-shampooing-colorant-7-4-or-cuivre\/#primaryimage","url":"https:\/\/vitablanca.ma\/wp-content\/uploads\/2025\/07\/4058172704055-3043675.png","contentUrl":"https:\/\/vitablanca.ma\/wp-content\/uploads\/2025\/07\/4058172704055-3043675.png","width":1200,"height":1200},{"@type":"BreadcrumbList","@id":"https:\/\/vitablanca.ma\/produit\/reelle-shampooing-colorant-7-4-or-cuivre\/#breadcrumb","itemListElement":[{"@type":"ListItem","position":1,"name":"Home","item":"https:\/\/vitablanca.ma\/"},{"@type":"ListItem","position":2,"name":"Tous Les Produits","item":"https:\/\/vitablanca.ma\/tous-les-produits\/"},{"@type":"ListItem","position":3,"name":"r\u00e9ell&#8217;e &#8211; Shampooing colorant 7.4 or cuivr\u00e9"}]},{"@type":"WebSite","@id":"https:\/\/vitablanca.ma\/#website","url":"https:\/\/vitablanca.ma\/","name":"VitaBlanca.ma | Food supplements, health &amp; beauty in Morocco","description":"sell premium vitamins and supplements from USA &amp; Canada, New Zealand, Morocco (NOW Foods, Solgar, Manuka). Fast delivery anywhere in Morocco.","publisher":{"@id":"https:\/\/vitablanca.ma\/#organization"},"alternateName":"VitaBlanca.ma","potentialAction":[{"@type":"SearchAction","target":{"@type":"EntryPoint","urlTemplate":"https:\/\/vitablanca.ma\/?s={search_term_string}"},"query-input":{"@type":"PropertyValueSpecification","valueRequired":true,"valueName":"search_term_string"}}],"inLanguage":"en-US"},{"@type":"Organization","@id":"https:\/\/vitablanca.ma\/#organization","name":"VitaBlanca","url":"https:\/\/vitablanca.ma\/","logo":{"@type":"ImageObject","inLanguage":"en-US","@id":"https:\/\/vitablanca.ma\/#\/schema\/logo\/image\/","url":"https:\/\/vitablanca.ma\/wp-content\/uploads\/2025\/05\/cropped-vitablanca.png","contentUrl":"https:\/\/vitablanca.ma\/wp-content\/uploads\/2025\/05\/cropped-vitablanca.png","width":360,"height":67,"caption":"VitaBlanca"},"image":{"@id":"https:\/\/vitablanca.ma\/#\/schema\/logo\/image\/"},"sameAs":["https:\/\/www.facebook.com\/profile.php?id=61576678196717","https:\/\/www.tiktok.com\/@vitablanca.ma","https:\/\/www.instagram.com\/vitablanca.ma\/"]}]}},"jetpack_sharing_enabled":true,"_links":{"self":[{"href":"https:\/\/vitablanca.ma\/en\/wp-json\/wp\/v2\/product\/23941","targetHints":{"allow":["GET"]}}],"collection":[{"href":"https:\/\/vitablanca.ma\/en\/wp-json\/wp\/v2\/product"}],"about":[{"href":"https:\/\/vitablanca.ma\/en\/wp-json\/wp\/v2\/types\/product"}],"wp:featuredmedia":[{"embeddable":true,"href":"https:\/\/vitablanca.ma\/en\/wp-json\/wp\/v2\/media\/23939"}],"wp:attachment":[{"href":"https:\/\/vitablanca.ma\/en\/wp-json\/wp\/v2\/media?parent=23941"}],"wp:term":[{"taxonomy":"product_brand","embeddable":true,"href":"https:\/\/vitablanca.ma\/en\/wp-json\/wp\/v2\/product_brand?post=23941"},{"taxonomy":"product_cat","embeddable":true,"href":"https:\/\/vitablanca.ma\/en\/wp-json\/wp\/v2\/product_cat?post=23941"},{"taxonomy":"product_tag","embeddable":true,"href":"https:\/\/vitablanca.ma\/en\/wp-json\/wp\/v2\/product_tag?post=23941"}],"curies":[{"name":"wp","href":"https:\/\/api.w.org\/{rel}","templated":true}]}}