{"id":23926,"date":"2025-07-10T18:43:48","date_gmt":"2025-07-10T18:43:48","guid":{"rendered":"https:\/\/vitablanca.ma\/product\/ebelin-dissolvant-a-lacetone-efficace-rapide\/"},"modified":"2026-01-23T20:21:20","modified_gmt":"2026-01-23T20:21:20","slug":"ebelin-dissolvant-a-lacetone-efficace-rapide","status":"publish","type":"product","link":"https:\/\/vitablanca.ma\/en\/product\/ebelin-dissolvant-a-lacetone-efficace-rapide\/","title":{"rendered":"Ebelin \u2013 Acetone Nail Polish Remover \u2013 Effective &amp; Fast"},"content":{"rendered":"<h3>Removes nail polish in one easy step\u2728<\/h3>\n<ul>\n<li>With aloe vera fragrance<\/li>\n<li>For intense colors<\/li>\n<li>Contains acetone<\/li>\n<li>Fast &amp; thorough<\/li>\n<li>125 ml<\/li>\n<\/ul>\n<h4><strong><span style=\"font-size: 11pt; line-height: 104%; font-family: 'Segoe UI Emoji', sans-serif;\">\ud83d\udccc<\/span><span lang=\"EN-US\" style=\"font-size: 11pt; line-height: 104%; font-family: Arial, sans-serif;\"> Product Description<\/span><\/strong><\/h4>\n<p>Ebelin&#039;s acetone-based nail polish remover quickly and thoroughly removes nail polish and is also ideal for dark and effect nail polishes. It also has an aloe vera fragrance. The ingredients are classified as biodegradable under 98%.<\/p>\n<h4><strong><span lang=\"EN-US\" style=\"font-size: 11pt; line-height: 103%; font-family: 'Segoe UI Emoji', sans-serif;\">\u26a0<\/span><span style=\"font-size: 11pt; line-height: 103%; font-family: Arial, sans-serif;\">\ufe0f<\/span><span lang=\"EN-US\" style=\"font-size: 11pt; line-height: 103%; font-family: Arial, sans-serif;\"> Warnings<\/span><\/strong><\/h4>\n<p>Keep away from any flame or spark \u2013 no smoking. Keep out of reach of children. Discard only leftovers.<\/p>","protected":false},"excerpt":{"rendered":"<p>\u00c9limine le vernis en un seul geste, sans effort\u2728 Avec parfum d&rsquo;aloe vera Pour des couleurs intenses Contient de l&rsquo;ac\u00e9tone Rapide &amp; minutieux 125\u202fml \ud83d\udccc Description du produit Le dissolvant \u00e0 base d&rsquo;ac\u00e9tone d&rsquo;ebelin \u00e9limine rapidement et en profondeur le vernis \u00e0 ongles et est \u00e9galement id\u00e9al pour les vernis fonc\u00e9s et \u00e0 effets. Il [&hellip;]<\/p>\n","protected":false},"featured_media":23924,"template":"","meta":{"om_disable_all_campaigns":false},"product_brand":[],"product_cat":[15],"product_tag":[6213,6212,6220,6211,6217,6219,6214,6218,6215,6216],"class_list":{"0":"post-23926","1":"product","2":"type-product","3":"status-publish","4":"has-post-thumbnail","6":"product_cat-beaute-sante-complements-alimentaires-soins-et-bien-etre-au-meilleur-prix","7":"product_tag-acetone","8":"product_tag-dissolvant","9":"product_tag-dissolvant-rapide","10":"product_tag-ebelin","11":"product_tag-manucure","12":"product_tag-ongles-propres","13":"product_tag-retrait-vernis-a-ongles","14":"product_tag-soin-des-ongles","15":"product_tag-vernis-longue-tenue","16":"product_tag-vernis-paillete","18":"first","19":"instock","20":"taxable","21":"shipping-taxable","22":"purchasable","23":"product-type-simple"},"yoast_head":"<!-- This site is optimized with the Yoast SEO plugin v27.3 - https:\/\/yoast.com\/product\/yoast-seo-wordpress\/ -->\n<title>Ebelin - Dissolvant \u00e0 l&#039;ac\u00e9tone - Maroc Prix<\/title>\n<meta name=\"description\" content=\"Ebelin Dissolvant \u00e0 l\u2019Ac\u00e9tone retire efficacement tous les types de vernis \u00e0 ongles, m\u00eame les plus r\u00e9sistants. Formule pratique pour des ongles propres\" \/>\n<meta name=\"robots\" content=\"index, follow, max-snippet:-1, max-image-preview:large, max-video-preview:-1\" \/>\n<link rel=\"canonical\" href=\"https:\/\/vitablanca.ma\/en\/product\/ebelin-dissolvant-a-lacetone-efficace-rapide\/\" \/>\n<meta property=\"og:locale\" content=\"en_US\" \/>\n<meta property=\"og:type\" content=\"article\" \/>\n<meta property=\"og:title\" content=\"Ebelin - Dissolvant \u00e0 l&#039;ac\u00e9tone - Maroc Prix\" \/>\n<meta property=\"og:description\" content=\"Ebelin Dissolvant \u00e0 l\u2019Ac\u00e9tone retire efficacement tous les types de vernis \u00e0 ongles, m\u00eame les plus r\u00e9sistants. Formule pratique pour des ongles propres\" \/>\n<meta property=\"og:url\" content=\"https:\/\/vitablanca.ma\/en\/product\/ebelin-dissolvant-a-lacetone-efficace-rapide\/\" \/>\n<meta property=\"og:site_name\" content=\"Vitablanca.ma &ndash; Sant&eacute;, vitalit&eacute; et bien-&ecirc;tre pour tous les Marocains\" \/>\n<meta property=\"article:publisher\" content=\"https:\/\/www.facebook.com\/profile.php?id=61576678196717\" \/>\n<meta property=\"article:modified_time\" content=\"2026-01-23T20:21:20+00:00\" \/>\n<meta property=\"og:image\" content=\"https:\/\/vitablanca.ma\/wp-content\/uploads\/2025\/07\/4066447054330-3222854.png\" \/>\n\t<meta property=\"og:image:width\" content=\"1200\" \/>\n\t<meta property=\"og:image:height\" content=\"1200\" \/>\n\t<meta property=\"og:image:type\" content=\"image\/png\" \/>\n<meta name=\"twitter:card\" content=\"summary_large_image\" \/>\n<meta name=\"twitter:label1\" content=\"Est. reading time\" \/>\n\t<meta name=\"twitter:data1\" content=\"1 minute\" \/>\n<script type=\"application\/ld+json\" class=\"yoast-schema-graph\">{\"@context\":\"https:\\\/\\\/schema.org\",\"@graph\":[{\"@type\":[\"WebPage\",\"ItemPage\"],\"@id\":\"https:\\\/\\\/vitablanca.ma\\\/produit\\\/ebelin-dissolvant-a-lacetone-efficace-rapide\\\/\",\"url\":\"https:\\\/\\\/vitablanca.ma\\\/produit\\\/ebelin-dissolvant-a-lacetone-efficace-rapide\\\/\",\"name\":\"Ebelin - Dissolvant \u00e0 l'ac\u00e9tone - Maroc Prix\",\"isPartOf\":{\"@id\":\"https:\\\/\\\/vitablanca.ma\\\/#website\"},\"primaryImageOfPage\":{\"@id\":\"https:\\\/\\\/vitablanca.ma\\\/produit\\\/ebelin-dissolvant-a-lacetone-efficace-rapide\\\/#primaryimage\"},\"image\":{\"@id\":\"https:\\\/\\\/vitablanca.ma\\\/produit\\\/ebelin-dissolvant-a-lacetone-efficace-rapide\\\/#primaryimage\"},\"thumbnailUrl\":\"https:\\\/\\\/vitablanca.ma\\\/wp-content\\\/uploads\\\/2025\\\/07\\\/4066447054330-3222854.png\",\"datePublished\":\"2025-07-10T18:43:48+00:00\",\"dateModified\":\"2026-01-23T20:21:20+00:00\",\"description\":\"Ebelin Dissolvant \u00e0 l\u2019Ac\u00e9tone retire efficacement tous les types de vernis \u00e0 ongles, m\u00eame les plus r\u00e9sistants. Formule pratique pour des ongles propres\",\"breadcrumb\":{\"@id\":\"https:\\\/\\\/vitablanca.ma\\\/produit\\\/ebelin-dissolvant-a-lacetone-efficace-rapide\\\/#breadcrumb\"},\"inLanguage\":\"en-US\",\"potentialAction\":[{\"@type\":\"ReadAction\",\"target\":[\"https:\\\/\\\/vitablanca.ma\\\/produit\\\/ebelin-dissolvant-a-lacetone-efficace-rapide\\\/\"]}]},{\"@type\":\"ImageObject\",\"inLanguage\":\"en-US\",\"@id\":\"https:\\\/\\\/vitablanca.ma\\\/produit\\\/ebelin-dissolvant-a-lacetone-efficace-rapide\\\/#primaryimage\",\"url\":\"https:\\\/\\\/vitablanca.ma\\\/wp-content\\\/uploads\\\/2025\\\/07\\\/4066447054330-3222854.png\",\"contentUrl\":\"https:\\\/\\\/vitablanca.ma\\\/wp-content\\\/uploads\\\/2025\\\/07\\\/4066447054330-3222854.png\",\"width\":1200,\"height\":1200},{\"@type\":\"BreadcrumbList\",\"@id\":\"https:\\\/\\\/vitablanca.ma\\\/produit\\\/ebelin-dissolvant-a-lacetone-efficace-rapide\\\/#breadcrumb\",\"itemListElement\":[{\"@type\":\"ListItem\",\"position\":1,\"name\":\"Home\",\"item\":\"https:\\\/\\\/vitablanca.ma\\\/\"},{\"@type\":\"ListItem\",\"position\":2,\"name\":\"Tous Les Produits\",\"item\":\"https:\\\/\\\/vitablanca.ma\\\/tous-les-produits\\\/\"},{\"@type\":\"ListItem\",\"position\":3,\"name\":\"Ebelin &#8211; Dissolvant \u00e0 l&#8217;ac\u00e9tone \u2013 Efficace &amp; rapide\"}]},{\"@type\":\"WebSite\",\"@id\":\"https:\\\/\\\/vitablanca.ma\\\/#website\",\"url\":\"https:\\\/\\\/vitablanca.ma\\\/\",\"name\":\"VitaBlanca.ma | Compl\u00e9ments alimentaires, sant\u00e9 & beaut\u00e9 au Maroc\",\"description\":\"vendre vitamines et compl\u00e9ments premium des USA &amp; Canada, Nouvelle Z\u00e9lande,Maroc (NOW Foods, Solgar, Manuka). Livraison rapide partout au Maroc.\",\"publisher\":{\"@id\":\"https:\\\/\\\/vitablanca.ma\\\/#organization\"},\"alternateName\":\"VitaBlanca.ma\",\"potentialAction\":[{\"@type\":\"SearchAction\",\"target\":{\"@type\":\"EntryPoint\",\"urlTemplate\":\"https:\\\/\\\/vitablanca.ma\\\/?s={search_term_string}\"},\"query-input\":{\"@type\":\"PropertyValueSpecification\",\"valueRequired\":true,\"valueName\":\"search_term_string\"}}],\"inLanguage\":\"en-US\"},{\"@type\":\"Organization\",\"@id\":\"https:\\\/\\\/vitablanca.ma\\\/#organization\",\"name\":\"VitaBlanca\",\"url\":\"https:\\\/\\\/vitablanca.ma\\\/\",\"logo\":{\"@type\":\"ImageObject\",\"inLanguage\":\"en-US\",\"@id\":\"https:\\\/\\\/vitablanca.ma\\\/#\\\/schema\\\/logo\\\/image\\\/\",\"url\":\"https:\\\/\\\/vitablanca.ma\\\/wp-content\\\/uploads\\\/2025\\\/05\\\/cropped-vitablanca.png\",\"contentUrl\":\"https:\\\/\\\/vitablanca.ma\\\/wp-content\\\/uploads\\\/2025\\\/05\\\/cropped-vitablanca.png\",\"width\":360,\"height\":67,\"caption\":\"VitaBlanca\"},\"image\":{\"@id\":\"https:\\\/\\\/vitablanca.ma\\\/#\\\/schema\\\/logo\\\/image\\\/\"},\"sameAs\":[\"https:\\\/\\\/www.facebook.com\\\/profile.php?id=61576678196717\",\"https:\\\/\\\/www.tiktok.com\\\/@vitablanca.ma\",\"https:\\\/\\\/www.instagram.com\\\/vitablanca.ma\\\/\"]}]}<\/script>\n<!-- \/ Yoast SEO plugin. -->","yoast_head_json":{"title":"Ebelin - Dissolvant \u00e0 l'ac\u00e9tone - Maroc Prix","description":"Ebelin Dissolvant \u00e0 l\u2019Ac\u00e9tone retire efficacement tous les types de vernis \u00e0 ongles, m\u00eame les plus r\u00e9sistants. Formule pratique pour des ongles propres","robots":{"index":"index","follow":"follow","max-snippet":"max-snippet:-1","max-image-preview":"max-image-preview:large","max-video-preview":"max-video-preview:-1"},"canonical":"https:\/\/vitablanca.ma\/en\/product\/ebelin-dissolvant-a-lacetone-efficace-rapide\/","og_locale":"en_US","og_type":"article","og_title":"Ebelin - Dissolvant \u00e0 l'ac\u00e9tone - Maroc Prix","og_description":"Ebelin Dissolvant \u00e0 l\u2019Ac\u00e9tone retire efficacement tous les types de vernis \u00e0 ongles, m\u00eame les plus r\u00e9sistants. Formule pratique pour des ongles propres","og_url":"https:\/\/vitablanca.ma\/en\/product\/ebelin-dissolvant-a-lacetone-efficace-rapide\/","og_site_name":"Vitablanca.ma &ndash; Sant&eacute;, vitalit&eacute; et bien-&ecirc;tre pour tous les Marocains","article_publisher":"https:\/\/www.facebook.com\/profile.php?id=61576678196717","article_modified_time":"2026-01-23T20:21:20+00:00","og_image":[{"width":1200,"height":1200,"url":"https:\/\/vitablanca.ma\/wp-content\/uploads\/2025\/07\/4066447054330-3222854.png","type":"image\/png"}],"twitter_card":"summary_large_image","twitter_misc":{"Est. reading time":"1 minute"},"schema":{"@context":"https:\/\/schema.org","@graph":[{"@type":["WebPage","ItemPage"],"@id":"https:\/\/vitablanca.ma\/produit\/ebelin-dissolvant-a-lacetone-efficace-rapide\/","url":"https:\/\/vitablanca.ma\/produit\/ebelin-dissolvant-a-lacetone-efficace-rapide\/","name":"Ebelin - Dissolvant \u00e0 l'ac\u00e9tone - Maroc Prix","isPartOf":{"@id":"https:\/\/vitablanca.ma\/#website"},"primaryImageOfPage":{"@id":"https:\/\/vitablanca.ma\/produit\/ebelin-dissolvant-a-lacetone-efficace-rapide\/#primaryimage"},"image":{"@id":"https:\/\/vitablanca.ma\/produit\/ebelin-dissolvant-a-lacetone-efficace-rapide\/#primaryimage"},"thumbnailUrl":"https:\/\/vitablanca.ma\/wp-content\/uploads\/2025\/07\/4066447054330-3222854.png","datePublished":"2025-07-10T18:43:48+00:00","dateModified":"2026-01-23T20:21:20+00:00","description":"Ebelin Dissolvant \u00e0 l\u2019Ac\u00e9tone retire efficacement tous les types de vernis \u00e0 ongles, m\u00eame les plus r\u00e9sistants. Formule pratique pour des ongles propres","breadcrumb":{"@id":"https:\/\/vitablanca.ma\/produit\/ebelin-dissolvant-a-lacetone-efficace-rapide\/#breadcrumb"},"inLanguage":"en-US","potentialAction":[{"@type":"ReadAction","target":["https:\/\/vitablanca.ma\/produit\/ebelin-dissolvant-a-lacetone-efficace-rapide\/"]}]},{"@type":"ImageObject","inLanguage":"en-US","@id":"https:\/\/vitablanca.ma\/produit\/ebelin-dissolvant-a-lacetone-efficace-rapide\/#primaryimage","url":"https:\/\/vitablanca.ma\/wp-content\/uploads\/2025\/07\/4066447054330-3222854.png","contentUrl":"https:\/\/vitablanca.ma\/wp-content\/uploads\/2025\/07\/4066447054330-3222854.png","width":1200,"height":1200},{"@type":"BreadcrumbList","@id":"https:\/\/vitablanca.ma\/produit\/ebelin-dissolvant-a-lacetone-efficace-rapide\/#breadcrumb","itemListElement":[{"@type":"ListItem","position":1,"name":"Home","item":"https:\/\/vitablanca.ma\/"},{"@type":"ListItem","position":2,"name":"Tous Les Produits","item":"https:\/\/vitablanca.ma\/tous-les-produits\/"},{"@type":"ListItem","position":3,"name":"Ebelin &#8211; Dissolvant \u00e0 l&#8217;ac\u00e9tone \u2013 Efficace &amp; rapide"}]},{"@type":"WebSite","@id":"https:\/\/vitablanca.ma\/#website","url":"https:\/\/vitablanca.ma\/","name":"VitaBlanca.ma | Food supplements, health &amp; beauty in Morocco","description":"sell premium vitamins and supplements from USA &amp; Canada, New Zealand, Morocco (NOW Foods, Solgar, Manuka). Fast delivery anywhere in Morocco.","publisher":{"@id":"https:\/\/vitablanca.ma\/#organization"},"alternateName":"VitaBlanca.ma","potentialAction":[{"@type":"SearchAction","target":{"@type":"EntryPoint","urlTemplate":"https:\/\/vitablanca.ma\/?s={search_term_string}"},"query-input":{"@type":"PropertyValueSpecification","valueRequired":true,"valueName":"search_term_string"}}],"inLanguage":"en-US"},{"@type":"Organization","@id":"https:\/\/vitablanca.ma\/#organization","name":"VitaBlanca","url":"https:\/\/vitablanca.ma\/","logo":{"@type":"ImageObject","inLanguage":"en-US","@id":"https:\/\/vitablanca.ma\/#\/schema\/logo\/image\/","url":"https:\/\/vitablanca.ma\/wp-content\/uploads\/2025\/05\/cropped-vitablanca.png","contentUrl":"https:\/\/vitablanca.ma\/wp-content\/uploads\/2025\/05\/cropped-vitablanca.png","width":360,"height":67,"caption":"VitaBlanca"},"image":{"@id":"https:\/\/vitablanca.ma\/#\/schema\/logo\/image\/"},"sameAs":["https:\/\/www.facebook.com\/profile.php?id=61576678196717","https:\/\/www.tiktok.com\/@vitablanca.ma","https:\/\/www.instagram.com\/vitablanca.ma\/"]}]}},"jetpack_sharing_enabled":true,"_links":{"self":[{"href":"https:\/\/vitablanca.ma\/en\/wp-json\/wp\/v2\/product\/23926","targetHints":{"allow":["GET"]}}],"collection":[{"href":"https:\/\/vitablanca.ma\/en\/wp-json\/wp\/v2\/product"}],"about":[{"href":"https:\/\/vitablanca.ma\/en\/wp-json\/wp\/v2\/types\/product"}],"wp:featuredmedia":[{"embeddable":true,"href":"https:\/\/vitablanca.ma\/en\/wp-json\/wp\/v2\/media\/23924"}],"wp:attachment":[{"href":"https:\/\/vitablanca.ma\/en\/wp-json\/wp\/v2\/media?parent=23926"}],"wp:term":[{"taxonomy":"product_brand","embeddable":true,"href":"https:\/\/vitablanca.ma\/en\/wp-json\/wp\/v2\/product_brand?post=23926"},{"taxonomy":"product_cat","embeddable":true,"href":"https:\/\/vitablanca.ma\/en\/wp-json\/wp\/v2\/product_cat?post=23926"},{"taxonomy":"product_tag","embeddable":true,"href":"https:\/\/vitablanca.ma\/en\/wp-json\/wp\/v2\/product_tag?post=23926"}],"curies":[{"name":"wp","href":"https:\/\/api.w.org\/{rel}","templated":true}]}}