{"id":23878,"date":"2025-07-10T18:39:33","date_gmt":"2025-07-10T18:39:33","guid":{"rendered":"https:\/\/vitablanca.ma\/product\/balea-creme-de-nuit-beauty-expert\/"},"modified":"2026-01-23T22:48:47","modified_gmt":"2026-01-23T22:48:47","slug":"balea-creme-de-nuit-beauty-expert","status":"publish","type":"product","link":"https:\/\/vitablanca.ma\/en\/product\/balea-creme-de-nuit-beauty-expert\/","title":{"rendered":"Balea \u2013 Beauty Expert Night Cream"},"content":{"rendered":"<h3>Regenerating treatment for radiant skin when you wake up \u2728\ud83c\udf19<\/h3>\n<ul>\n<li>Vegan<\/li>\n<li>Alcohol-free<\/li>\n<li>Fragrance-free<\/li>\n<li>Paraffin\/mineral oil free<\/li>\n<li>Paraben-free<\/li>\n<li>No coloring<\/li>\n<li>0.3% of retinol* + 2% of bakuchiol<\/li>\n<li>Effectively reduces wrinkles and fine lines<\/li>\n<li>Promotes the skin&#039;s natural cellular process<br \/>\nSmooth<\/li>\n<li>Formulated without microplastics or purely synthetic water-soluble polymers<\/li>\n<li>Volume 30 ml<\/li>\n<\/ul>\n<p><strong><span style=\"font-size: 11.0pt; line-height: 106%; font-family: 'Segoe UI Emoji',sans-serif; font-weight: normal;\">\ud83d\udccc<\/span><\/strong><strong><span lang=\"EN-US\" style=\"font-size: 11.0pt; line-height: 106%; font-family: 'Arial',sans-serif; font-weight: normal;\"> Product Description <\/span><\/strong><\/p>\n<p>Balea Beauty Expert offers effective care with concentrated ingredients, perfectly tailored to your needs \u2013 for radiant skin. Bakuchiol is a plant-based alternative to retinol. Together, they ensure effective skin improvement. The night cream with 0.3 % retinol* and 2 % bakuchiol penetrates deep into the top layer of the skin and intensively moisturizes. The highly effective formulation reduces wrinkle depth**, improves skin elasticity**, and supports the skin&#039;s regeneration process.<\/p>\n<p><strong><span style=\"font-size: 11.0pt; line-height: 106%; font-family: 'Segoe UI Emoji',sans-serif; font-weight: normal;\">\ud83d\udca1<\/span><\/strong><strong><span lang=\"EN-US\" style=\"font-size: 11.0pt; line-height: 106%; font-family: 'Arial',sans-serif; font-weight: normal;\"> Directions for use <\/span><\/strong><\/p>\n<p>Apply in the evening to a cleansed face. Avoid the eye area. Initially, do not use the product more than three times a week. If your skin tolerates it well, application can be gradually extended to every other evening and eventually every evening. Initially, the night cream should not be combined with an AHA or BHA peel. If used on the same day, we recommend using the peel in the morning and the night cream in the evening. If your skin is not sensitive, the night cream and peel can be used together. If you use a peel during the day, we recommend applying a sunscreen afterwards.<\/p>","protected":false},"excerpt":{"rendered":"<p>Soin r\u00e9g\u00e9n\u00e9rant pour une peau \u00e9clatante au r\u00e9veil \u2728\ud83c\udf19 V\u00e9g\u00e9talien Sans alcool Sans parfum Sans paraffine \/ huiles min\u00e9rales Sans parab\u00e8ne Sans colorant 0,3% de r\u00e9tinol* + 2% de bakuchiol Att\u00e9nue efficacement les rides et ridules Favorise le processus cellulaire naturel de la peau Lisse Formule sans microplastique ni polym\u00e8res hydrosolubles purement synth\u00e9tiques Volume 30 [&hellip;]<\/p>\n","protected":false},"featured_media":23874,"template":"","meta":{"om_disable_all_campaigns":false},"product_brand":[3236],"product_cat":[18],"product_tag":[3237,3240,3238,3239,6267,6282,3241,6163,6094,6285,6284,6287,6283,6286],"class_list":{"0":"post-23878","1":"product","2":"type-product","3":"status-publish","4":"has-post-thumbnail","6":"product_brand-balea-dm-prix-maroc","7":"product_cat-beaute-sante","8":"product_tag-balea","9":"product_tag-balea-dm","10":"product_tag-balea-maroc","11":"product_tag-balea-morocco","12":"product_tag-beauty-expert","13":"product_tag-creme-de-nuit","14":"product_tag-dm-maroc","15":"product_tag-hydratation-intense","16":"product_tag-peau-lumineuse","17":"product_tag-peau-nourrie","18":"product_tag-regeneration-cutanee","19":"product_tag-soin-nocturne","20":"product_tag-soin-visage-nuit","21":"product_tag-teint-frais","23":"first","24":"instock","25":"taxable","26":"shipping-taxable","27":"purchasable","28":"product-type-simple"},"yoast_head":"<!-- This site is optimized with the Yoast SEO plugin v27.4 - https:\/\/yoast.com\/product\/yoast-seo-wordpress\/ -->\n<title>Balea - Cr\u00e8me de nuit Beauty Expert - Maroc Prix<\/title>\n<meta name=\"description\" content=\"Balea Cr\u00e8me de Nuit Beaty Expert hydrate intens\u00e9ment, r\u00e9g\u00e9n\u00e8re et nourrit la peau pendant la nuit. Id\u00e9ale pour tous types de peau,\" \/>\n<meta name=\"robots\" content=\"index, follow, max-snippet:-1, max-image-preview:large, max-video-preview:-1\" \/>\n<link rel=\"canonical\" href=\"https:\/\/vitablanca.ma\/en\/product\/balea-creme-de-nuit-beauty-expert\/\" \/>\n<meta property=\"og:locale\" content=\"en_US\" \/>\n<meta property=\"og:type\" content=\"article\" \/>\n<meta property=\"og:title\" content=\"Balea - Cr\u00e8me de nuit Beauty Expert - Maroc Prix\" \/>\n<meta property=\"og:description\" content=\"Balea Cr\u00e8me de Nuit Beaty Expert hydrate intens\u00e9ment, r\u00e9g\u00e9n\u00e8re et nourrit la peau pendant la nuit. Id\u00e9ale pour tous types de peau,\" \/>\n<meta property=\"og:url\" content=\"https:\/\/vitablanca.ma\/en\/product\/balea-creme-de-nuit-beauty-expert\/\" \/>\n<meta property=\"og:site_name\" content=\"Vitablanca.ma &ndash; Sant&eacute;, vitalit&eacute; et bien-&ecirc;tre pour tous les Marocains\" \/>\n<meta property=\"article:publisher\" content=\"https:\/\/www.facebook.com\/profile.php?id=61576678196717\" \/>\n<meta property=\"article:modified_time\" content=\"2026-01-23T22:48:47+00:00\" \/>\n<meta property=\"og:image\" content=\"https:\/\/vitablanca.ma\/wp-content\/uploads\/2025\/07\/4066447239034-3846935.png\" \/>\n\t<meta property=\"og:image:width\" content=\"1172\" \/>\n\t<meta property=\"og:image:height\" content=\"1174\" \/>\n\t<meta property=\"og:image:type\" content=\"image\/png\" \/>\n<meta name=\"twitter:card\" content=\"summary_large_image\" \/>\n<meta name=\"twitter:label1\" content=\"Est. reading time\" \/>\n\t<meta name=\"twitter:data1\" content=\"2 minutes\" \/>\n<script type=\"application\/ld+json\" class=\"yoast-schema-graph\">{\"@context\":\"https:\\\/\\\/schema.org\",\"@graph\":[{\"@type\":[\"WebPage\",\"ItemPage\"],\"@id\":\"https:\\\/\\\/vitablanca.ma\\\/produit\\\/balea-creme-de-nuit-beauty-expert\\\/\",\"url\":\"https:\\\/\\\/vitablanca.ma\\\/produit\\\/balea-creme-de-nuit-beauty-expert\\\/\",\"name\":\"Balea - Cr\u00e8me de nuit Beauty Expert - Maroc Prix\",\"isPartOf\":{\"@id\":\"https:\\\/\\\/vitablanca.ma\\\/#website\"},\"primaryImageOfPage\":{\"@id\":\"https:\\\/\\\/vitablanca.ma\\\/produit\\\/balea-creme-de-nuit-beauty-expert\\\/#primaryimage\"},\"image\":{\"@id\":\"https:\\\/\\\/vitablanca.ma\\\/produit\\\/balea-creme-de-nuit-beauty-expert\\\/#primaryimage\"},\"thumbnailUrl\":\"https:\\\/\\\/vitablanca.ma\\\/wp-content\\\/uploads\\\/2025\\\/07\\\/4066447239034-3846935.png\",\"datePublished\":\"2025-07-10T18:39:33+00:00\",\"dateModified\":\"2026-01-23T22:48:47+00:00\",\"description\":\"Balea Cr\u00e8me de Nuit Beaty Expert hydrate intens\u00e9ment, r\u00e9g\u00e9n\u00e8re et nourrit la peau pendant la nuit. Id\u00e9ale pour tous types de peau,\",\"breadcrumb\":{\"@id\":\"https:\\\/\\\/vitablanca.ma\\\/produit\\\/balea-creme-de-nuit-beauty-expert\\\/#breadcrumb\"},\"inLanguage\":\"en-US\",\"potentialAction\":[{\"@type\":\"ReadAction\",\"target\":[\"https:\\\/\\\/vitablanca.ma\\\/produit\\\/balea-creme-de-nuit-beauty-expert\\\/\"]}]},{\"@type\":\"ImageObject\",\"inLanguage\":\"en-US\",\"@id\":\"https:\\\/\\\/vitablanca.ma\\\/produit\\\/balea-creme-de-nuit-beauty-expert\\\/#primaryimage\",\"url\":\"https:\\\/\\\/vitablanca.ma\\\/wp-content\\\/uploads\\\/2025\\\/07\\\/4066447239034-3846935.png\",\"contentUrl\":\"https:\\\/\\\/vitablanca.ma\\\/wp-content\\\/uploads\\\/2025\\\/07\\\/4066447239034-3846935.png\",\"width\":1172,\"height\":1174},{\"@type\":\"BreadcrumbList\",\"@id\":\"https:\\\/\\\/vitablanca.ma\\\/produit\\\/balea-creme-de-nuit-beauty-expert\\\/#breadcrumb\",\"itemListElement\":[{\"@type\":\"ListItem\",\"position\":1,\"name\":\"Home\",\"item\":\"https:\\\/\\\/vitablanca.ma\\\/\"},{\"@type\":\"ListItem\",\"position\":2,\"name\":\"Tous Les Produits\",\"item\":\"https:\\\/\\\/vitablanca.ma\\\/tous-les-produits\\\/\"},{\"@type\":\"ListItem\",\"position\":3,\"name\":\"Balea &#8211; Cr\u00e8me de nuit Beauty Expert\"}]},{\"@type\":\"WebSite\",\"@id\":\"https:\\\/\\\/vitablanca.ma\\\/#website\",\"url\":\"https:\\\/\\\/vitablanca.ma\\\/\",\"name\":\"VitaBlanca.ma | Compl\u00e9ments alimentaires, sant\u00e9 & beaut\u00e9 au Maroc\",\"description\":\"vendre vitamines et compl\u00e9ments premium des USA &amp; Canada, Nouvelle Z\u00e9lande,Maroc (NOW Foods, Solgar, Manuka). Livraison rapide partout au Maroc.\",\"publisher\":{\"@id\":\"https:\\\/\\\/vitablanca.ma\\\/#organization\"},\"alternateName\":\"VitaBlanca.ma\",\"potentialAction\":[{\"@type\":\"SearchAction\",\"target\":{\"@type\":\"EntryPoint\",\"urlTemplate\":\"https:\\\/\\\/vitablanca.ma\\\/?s={search_term_string}\"},\"query-input\":{\"@type\":\"PropertyValueSpecification\",\"valueRequired\":true,\"valueName\":\"search_term_string\"}}],\"inLanguage\":\"en-US\"},{\"@type\":\"Organization\",\"@id\":\"https:\\\/\\\/vitablanca.ma\\\/#organization\",\"name\":\"VitaBlanca\",\"url\":\"https:\\\/\\\/vitablanca.ma\\\/\",\"logo\":{\"@type\":\"ImageObject\",\"inLanguage\":\"en-US\",\"@id\":\"https:\\\/\\\/vitablanca.ma\\\/#\\\/schema\\\/logo\\\/image\\\/\",\"url\":\"https:\\\/\\\/vitablanca.ma\\\/wp-content\\\/uploads\\\/2025\\\/05\\\/cropped-vitablanca.png\",\"contentUrl\":\"https:\\\/\\\/vitablanca.ma\\\/wp-content\\\/uploads\\\/2025\\\/05\\\/cropped-vitablanca.png\",\"width\":360,\"height\":67,\"caption\":\"VitaBlanca\"},\"image\":{\"@id\":\"https:\\\/\\\/vitablanca.ma\\\/#\\\/schema\\\/logo\\\/image\\\/\"},\"sameAs\":[\"https:\\\/\\\/www.facebook.com\\\/profile.php?id=61576678196717\",\"https:\\\/\\\/www.tiktok.com\\\/@vitablanca.ma\",\"https:\\\/\\\/www.instagram.com\\\/vitablanca.ma\\\/\"]}]}<\/script>\n<!-- \/ Yoast SEO plugin. -->","yoast_head_json":{"title":"Balea - Beauty Expert Night Cream - Morocco Price","description":"Balea Cr\u00e8me de Nuit Beaty Expert hydrate intens\u00e9ment, r\u00e9g\u00e9n\u00e8re et nourrit la peau pendant la nuit. Id\u00e9ale pour tous types de peau,","robots":{"index":"index","follow":"follow","max-snippet":"max-snippet:-1","max-image-preview":"max-image-preview:large","max-video-preview":"max-video-preview:-1"},"canonical":"https:\/\/vitablanca.ma\/en\/product\/balea-creme-de-nuit-beauty-expert\/","og_locale":"en_US","og_type":"article","og_title":"Balea - Cr\u00e8me de nuit Beauty Expert - Maroc Prix","og_description":"Balea Cr\u00e8me de Nuit Beaty Expert hydrate intens\u00e9ment, r\u00e9g\u00e9n\u00e8re et nourrit la peau pendant la nuit. Id\u00e9ale pour tous types de peau,","og_url":"https:\/\/vitablanca.ma\/en\/product\/balea-creme-de-nuit-beauty-expert\/","og_site_name":"Vitablanca.ma &ndash; Sant&eacute;, vitalit&eacute; et bien-&ecirc;tre pour tous les Marocains","article_publisher":"https:\/\/www.facebook.com\/profile.php?id=61576678196717","article_modified_time":"2026-01-23T22:48:47+00:00","og_image":[{"width":1172,"height":1174,"url":"https:\/\/vitablanca.ma\/wp-content\/uploads\/2025\/07\/4066447239034-3846935.png","type":"image\/png"}],"twitter_card":"summary_large_image","twitter_misc":{"Est. reading time":"2 minutes"},"schema":{"@context":"https:\/\/schema.org","@graph":[{"@type":["WebPage","ItemPage"],"@id":"https:\/\/vitablanca.ma\/produit\/balea-creme-de-nuit-beauty-expert\/","url":"https:\/\/vitablanca.ma\/produit\/balea-creme-de-nuit-beauty-expert\/","name":"Balea - Beauty Expert Night Cream - Morocco Price","isPartOf":{"@id":"https:\/\/vitablanca.ma\/#website"},"primaryImageOfPage":{"@id":"https:\/\/vitablanca.ma\/produit\/balea-creme-de-nuit-beauty-expert\/#primaryimage"},"image":{"@id":"https:\/\/vitablanca.ma\/produit\/balea-creme-de-nuit-beauty-expert\/#primaryimage"},"thumbnailUrl":"https:\/\/vitablanca.ma\/wp-content\/uploads\/2025\/07\/4066447239034-3846935.png","datePublished":"2025-07-10T18:39:33+00:00","dateModified":"2026-01-23T22:48:47+00:00","description":"Balea Cr\u00e8me de Nuit Beaty Expert hydrate intens\u00e9ment, r\u00e9g\u00e9n\u00e8re et nourrit la peau pendant la nuit. Id\u00e9ale pour tous types de peau,","breadcrumb":{"@id":"https:\/\/vitablanca.ma\/produit\/balea-creme-de-nuit-beauty-expert\/#breadcrumb"},"inLanguage":"en-US","potentialAction":[{"@type":"ReadAction","target":["https:\/\/vitablanca.ma\/produit\/balea-creme-de-nuit-beauty-expert\/"]}]},{"@type":"ImageObject","inLanguage":"en-US","@id":"https:\/\/vitablanca.ma\/produit\/balea-creme-de-nuit-beauty-expert\/#primaryimage","url":"https:\/\/vitablanca.ma\/wp-content\/uploads\/2025\/07\/4066447239034-3846935.png","contentUrl":"https:\/\/vitablanca.ma\/wp-content\/uploads\/2025\/07\/4066447239034-3846935.png","width":1172,"height":1174},{"@type":"BreadcrumbList","@id":"https:\/\/vitablanca.ma\/produit\/balea-creme-de-nuit-beauty-expert\/#breadcrumb","itemListElement":[{"@type":"ListItem","position":1,"name":"Home","item":"https:\/\/vitablanca.ma\/"},{"@type":"ListItem","position":2,"name":"Tous Les Produits","item":"https:\/\/vitablanca.ma\/tous-les-produits\/"},{"@type":"ListItem","position":3,"name":"Balea &#8211; Cr\u00e8me de nuit Beauty Expert"}]},{"@type":"WebSite","@id":"https:\/\/vitablanca.ma\/#website","url":"https:\/\/vitablanca.ma\/","name":"VitaBlanca.ma | Food supplements, health &amp; beauty in Morocco","description":"sell premium vitamins and supplements from USA &amp; Canada, New Zealand, Morocco (NOW Foods, Solgar, Manuka). Fast delivery anywhere in Morocco.","publisher":{"@id":"https:\/\/vitablanca.ma\/#organization"},"alternateName":"VitaBlanca.ma","potentialAction":[{"@type":"SearchAction","target":{"@type":"EntryPoint","urlTemplate":"https:\/\/vitablanca.ma\/?s={search_term_string}"},"query-input":{"@type":"PropertyValueSpecification","valueRequired":true,"valueName":"search_term_string"}}],"inLanguage":"en-US"},{"@type":"Organization","@id":"https:\/\/vitablanca.ma\/#organization","name":"VitaBlanca","url":"https:\/\/vitablanca.ma\/","logo":{"@type":"ImageObject","inLanguage":"en-US","@id":"https:\/\/vitablanca.ma\/#\/schema\/logo\/image\/","url":"https:\/\/vitablanca.ma\/wp-content\/uploads\/2025\/05\/cropped-vitablanca.png","contentUrl":"https:\/\/vitablanca.ma\/wp-content\/uploads\/2025\/05\/cropped-vitablanca.png","width":360,"height":67,"caption":"VitaBlanca"},"image":{"@id":"https:\/\/vitablanca.ma\/#\/schema\/logo\/image\/"},"sameAs":["https:\/\/www.facebook.com\/profile.php?id=61576678196717","https:\/\/www.tiktok.com\/@vitablanca.ma","https:\/\/www.instagram.com\/vitablanca.ma\/"]}]}},"jetpack_sharing_enabled":true,"_links":{"self":[{"href":"https:\/\/vitablanca.ma\/en\/wp-json\/wp\/v2\/product\/23878","targetHints":{"allow":["GET"]}}],"collection":[{"href":"https:\/\/vitablanca.ma\/en\/wp-json\/wp\/v2\/product"}],"about":[{"href":"https:\/\/vitablanca.ma\/en\/wp-json\/wp\/v2\/types\/product"}],"wp:featuredmedia":[{"embeddable":true,"href":"https:\/\/vitablanca.ma\/en\/wp-json\/wp\/v2\/media\/23874"}],"wp:attachment":[{"href":"https:\/\/vitablanca.ma\/en\/wp-json\/wp\/v2\/media?parent=23878"}],"wp:term":[{"taxonomy":"product_brand","embeddable":true,"href":"https:\/\/vitablanca.ma\/en\/wp-json\/wp\/v2\/product_brand?post=23878"},{"taxonomy":"product_cat","embeddable":true,"href":"https:\/\/vitablanca.ma\/en\/wp-json\/wp\/v2\/product_cat?post=23878"},{"taxonomy":"product_tag","embeddable":true,"href":"https:\/\/vitablanca.ma\/en\/wp-json\/wp\/v2\/product_tag?post=23878"}],"curies":[{"name":"wp","href":"https:\/\/api.w.org\/{rel}","templated":true}]}}