{"id":23873,"date":"2025-07-10T18:38:57","date_gmt":"2025-07-10T18:38:57","guid":{"rendered":"https:\/\/vitablanca.ma\/product\/nettoyant-exfoliant-beauty-expert-125-ml\/"},"modified":"2026-01-23T23:04:59","modified_gmt":"2026-01-23T23:04:59","slug":"nettoyant-exfoliant-beauty-expert-125-ml","status":"publish","type":"product","link":"https:\/\/vitablanca.ma\/en\/product\/nettoyant-exfoliant-beauty-expert-125-ml\/","title":{"rendered":"Beauty Expert Exfoliating Cleanser, 125 ml"},"content":{"rendered":"<ul data-mce-fragment=\"1\">\n<li data-mce-fragment=\"1\">Skin type: All skin types, Combination, Normal<\/li>\n<li data-mce-fragment=\"1\">Product Type: Facial Care<\/li>\n<li data-mce-fragment=\"1\">Area of application: Face<\/li>\n<li data-mce-fragment=\"1\">Product Features: Fragrance-Free, Vegan<\/li>\n<li data-mce-fragment=\"1\">texture \/ consistency \/ application: Exfoliating<\/li>\n<li data-mce-fragment=\"1\">0.8 % AHA + 3 % PHA<\/li>\n<li data-mce-fragment=\"1\">Lightly foaming chemical peel<\/li>\n<li data-mce-fragment=\"1\">Gentle cleansing with panthenol &amp; aloe vera<\/li>\n<li data-mce-fragment=\"1\">Fragrance-free<\/li>\n<li data-mce-fragment=\"1\">Formulated without microplastics or purely synthetic water-soluble polymers<\/li>\n<\/ul>\n<p data-mce-fragment=\"1\">Balea Beauty Expert Peeling Cleanser provides effective care with concentrated ingredients perfectly tailored to the skin&#039;s needs. AHAs and PHAs \u2013 alpha hydroxy and polyhydroxy acids \u2013 are naturally occurring acids that penetrate the top layer of the skin and gently remove dead skin. The Peeling Cleanser with 0.8 % AHAs and 3 % PHAs exfoliates the skin particularly gently. The chemical peel with panthenol and aloe vera is suitable for daily use. It supports the skin&#039;s natural renewal process and leaves the skin feeling smooth and even.<\/p>","protected":false},"excerpt":{"rendered":"<p>Type de peau : Tous types de peau, Mixte, Normale Type de produit : Soin du visage Domaine d&rsquo;application : Visage Caract\u00e9ristiques du produit : Sans parfum, V\u00e9g\u00e9talien texture \/ consistance \/ application : Exfoliant 0,8 % AHA + 3 % PHA Peeling chimique l\u00e9g\u00e8rement moussant Nettoyage en douceur avec panth\u00e9nol &amp; aloe vera Sans [&hellip;]<\/p>\n","protected":false},"featured_media":23870,"template":"","meta":{"om_disable_all_campaigns":false},"product_brand":[3236],"product_cat":[18],"product_tag":[6251,3237,3240,3238,3239,6267,3241,6266,6270,6271,6272,6288,6268,6289,5863,6109],"class_list":{"0":"post-23873","1":"product","2":"type-product","3":"status-publish","4":"has-post-thumbnail","6":"product_brand-balea-dm-prix-maroc","7":"product_cat-beaute-sante","8":"product_tag-125-ml","9":"product_tag-balea","10":"product_tag-balea-dm","11":"product_tag-balea-maroc","12":"product_tag-balea-morocco","13":"product_tag-beauty-expert","14":"product_tag-dm-maroc","15":"product_tag-exfoliant","16":"product_tag-exfoliation-douce","17":"product_tag-grain-de-peau-affine","18":"product_tag-nettoyage-profond","19":"product_tag-nettoyant","20":"product_tag-peau-lisse","21":"product_tag-peau-nette","22":"product_tag-soin-visage","23":"product_tag-teint-lumineux","25":"first","26":"instock","27":"taxable","28":"shipping-taxable","29":"purchasable","30":"product-type-simple"},"yoast_head":"<!-- This site is optimized with the Yoast SEO plugin v27.4 - https:\/\/yoast.com\/product\/yoast-seo-wordpress\/ -->\n<title>Nettoyant exfoliant Beauty Expert, 125 ml - Maroc Prix<\/title>\n<meta name=\"description\" content=\"Nettoyant Exfoliant Beauty Expert 125 ml \u00e9limine les impuret\u00e9s et les cellules mortes, affine le grain de peau et laisse le visage lumineux et frais.\" \/>\n<meta name=\"robots\" content=\"index, follow, max-snippet:-1, max-image-preview:large, max-video-preview:-1\" \/>\n<link rel=\"canonical\" href=\"https:\/\/vitablanca.ma\/en\/product\/nettoyant-exfoliant-beauty-expert-125-ml\/\" \/>\n<meta property=\"og:locale\" content=\"en_US\" \/>\n<meta property=\"og:type\" content=\"article\" \/>\n<meta property=\"og:title\" content=\"Nettoyant exfoliant Beauty Expert, 125 ml - Maroc Prix\" \/>\n<meta property=\"og:description\" content=\"Nettoyant Exfoliant Beauty Expert 125 ml \u00e9limine les impuret\u00e9s et les cellules mortes, affine le grain de peau et laisse le visage lumineux et frais.\" \/>\n<meta property=\"og:url\" content=\"https:\/\/vitablanca.ma\/en\/product\/nettoyant-exfoliant-beauty-expert-125-ml\/\" \/>\n<meta property=\"og:site_name\" content=\"Vitablanca.ma &ndash; Sant&eacute;, vitalit&eacute; et bien-&ecirc;tre pour tous les Marocains\" \/>\n<meta property=\"article:publisher\" content=\"https:\/\/www.facebook.com\/profile.php?id=61576678196717\" \/>\n<meta property=\"article:modified_time\" content=\"2026-01-23T23:04:59+00:00\" \/>\n<meta property=\"og:image\" content=\"https:\/\/vitablanca.ma\/wp-content\/uploads\/2025\/07\/4066447239010-3849537.png\" \/>\n\t<meta property=\"og:image:width\" content=\"1202\" \/>\n\t<meta property=\"og:image:height\" content=\"1200\" \/>\n\t<meta property=\"og:image:type\" content=\"image\/png\" \/>\n<meta name=\"twitter:card\" content=\"summary_large_image\" \/>\n<meta name=\"twitter:label1\" content=\"Est. reading time\" \/>\n\t<meta name=\"twitter:data1\" content=\"2 minutes\" \/>\n<script type=\"application\/ld+json\" class=\"yoast-schema-graph\">{\"@context\":\"https:\\\/\\\/schema.org\",\"@graph\":[{\"@type\":[\"WebPage\",\"ItemPage\"],\"@id\":\"https:\\\/\\\/vitablanca.ma\\\/produit\\\/nettoyant-exfoliant-beauty-expert-125-ml\\\/\",\"url\":\"https:\\\/\\\/vitablanca.ma\\\/produit\\\/nettoyant-exfoliant-beauty-expert-125-ml\\\/\",\"name\":\"Nettoyant exfoliant Beauty Expert, 125 ml - Maroc Prix\",\"isPartOf\":{\"@id\":\"https:\\\/\\\/vitablanca.ma\\\/#website\"},\"primaryImageOfPage\":{\"@id\":\"https:\\\/\\\/vitablanca.ma\\\/produit\\\/nettoyant-exfoliant-beauty-expert-125-ml\\\/#primaryimage\"},\"image\":{\"@id\":\"https:\\\/\\\/vitablanca.ma\\\/produit\\\/nettoyant-exfoliant-beauty-expert-125-ml\\\/#primaryimage\"},\"thumbnailUrl\":\"https:\\\/\\\/vitablanca.ma\\\/wp-content\\\/uploads\\\/2025\\\/07\\\/4066447239010-3849537.png\",\"datePublished\":\"2025-07-10T18:38:57+00:00\",\"dateModified\":\"2026-01-23T23:04:59+00:00\",\"description\":\"Nettoyant Exfoliant Beauty Expert 125 ml \u00e9limine les impuret\u00e9s et les cellules mortes, affine le grain de peau et laisse le visage lumineux et frais.\",\"breadcrumb\":{\"@id\":\"https:\\\/\\\/vitablanca.ma\\\/produit\\\/nettoyant-exfoliant-beauty-expert-125-ml\\\/#breadcrumb\"},\"inLanguage\":\"en-US\",\"potentialAction\":[{\"@type\":\"ReadAction\",\"target\":[\"https:\\\/\\\/vitablanca.ma\\\/produit\\\/nettoyant-exfoliant-beauty-expert-125-ml\\\/\"]}]},{\"@type\":\"ImageObject\",\"inLanguage\":\"en-US\",\"@id\":\"https:\\\/\\\/vitablanca.ma\\\/produit\\\/nettoyant-exfoliant-beauty-expert-125-ml\\\/#primaryimage\",\"url\":\"https:\\\/\\\/vitablanca.ma\\\/wp-content\\\/uploads\\\/2025\\\/07\\\/4066447239010-3849537.png\",\"contentUrl\":\"https:\\\/\\\/vitablanca.ma\\\/wp-content\\\/uploads\\\/2025\\\/07\\\/4066447239010-3849537.png\",\"width\":1202,\"height\":1200},{\"@type\":\"BreadcrumbList\",\"@id\":\"https:\\\/\\\/vitablanca.ma\\\/produit\\\/nettoyant-exfoliant-beauty-expert-125-ml\\\/#breadcrumb\",\"itemListElement\":[{\"@type\":\"ListItem\",\"position\":1,\"name\":\"Home\",\"item\":\"https:\\\/\\\/vitablanca.ma\\\/\"},{\"@type\":\"ListItem\",\"position\":2,\"name\":\"Tous Les Produits\",\"item\":\"https:\\\/\\\/vitablanca.ma\\\/tous-les-produits\\\/\"},{\"@type\":\"ListItem\",\"position\":3,\"name\":\"Nettoyant exfoliant Beauty Expert, 125 ml\"}]},{\"@type\":\"WebSite\",\"@id\":\"https:\\\/\\\/vitablanca.ma\\\/#website\",\"url\":\"https:\\\/\\\/vitablanca.ma\\\/\",\"name\":\"VitaBlanca.ma | Compl\u00e9ments alimentaires, sant\u00e9 & beaut\u00e9 au Maroc\",\"description\":\"vendre vitamines et compl\u00e9ments premium des USA &amp; Canada, Nouvelle Z\u00e9lande,Maroc (NOW Foods, Solgar, Manuka). Livraison rapide partout au Maroc.\",\"publisher\":{\"@id\":\"https:\\\/\\\/vitablanca.ma\\\/#organization\"},\"alternateName\":\"VitaBlanca.ma\",\"potentialAction\":[{\"@type\":\"SearchAction\",\"target\":{\"@type\":\"EntryPoint\",\"urlTemplate\":\"https:\\\/\\\/vitablanca.ma\\\/?s={search_term_string}\"},\"query-input\":{\"@type\":\"PropertyValueSpecification\",\"valueRequired\":true,\"valueName\":\"search_term_string\"}}],\"inLanguage\":\"en-US\"},{\"@type\":\"Organization\",\"@id\":\"https:\\\/\\\/vitablanca.ma\\\/#organization\",\"name\":\"VitaBlanca\",\"url\":\"https:\\\/\\\/vitablanca.ma\\\/\",\"logo\":{\"@type\":\"ImageObject\",\"inLanguage\":\"en-US\",\"@id\":\"https:\\\/\\\/vitablanca.ma\\\/#\\\/schema\\\/logo\\\/image\\\/\",\"url\":\"https:\\\/\\\/vitablanca.ma\\\/wp-content\\\/uploads\\\/2025\\\/05\\\/cropped-vitablanca.png\",\"contentUrl\":\"https:\\\/\\\/vitablanca.ma\\\/wp-content\\\/uploads\\\/2025\\\/05\\\/cropped-vitablanca.png\",\"width\":360,\"height\":67,\"caption\":\"VitaBlanca\"},\"image\":{\"@id\":\"https:\\\/\\\/vitablanca.ma\\\/#\\\/schema\\\/logo\\\/image\\\/\"},\"sameAs\":[\"https:\\\/\\\/www.facebook.com\\\/profile.php?id=61576678196717\",\"https:\\\/\\\/www.tiktok.com\\\/@vitablanca.ma\",\"https:\\\/\\\/www.instagram.com\\\/vitablanca.ma\\\/\"]}]}<\/script>\n<!-- \/ Yoast SEO plugin. -->","yoast_head_json":{"title":"Beauty Expert Exfoliating Cleanser, 125 ml - Morocco Price","description":"Nettoyant Exfoliant Beauty Expert 125 ml \u00e9limine les impuret\u00e9s et les cellules mortes, affine le grain de peau et laisse le visage lumineux et frais.","robots":{"index":"index","follow":"follow","max-snippet":"max-snippet:-1","max-image-preview":"max-image-preview:large","max-video-preview":"max-video-preview:-1"},"canonical":"https:\/\/vitablanca.ma\/en\/product\/nettoyant-exfoliant-beauty-expert-125-ml\/","og_locale":"en_US","og_type":"article","og_title":"Nettoyant exfoliant Beauty Expert, 125 ml - Maroc Prix","og_description":"Nettoyant Exfoliant Beauty Expert 125 ml \u00e9limine les impuret\u00e9s et les cellules mortes, affine le grain de peau et laisse le visage lumineux et frais.","og_url":"https:\/\/vitablanca.ma\/en\/product\/nettoyant-exfoliant-beauty-expert-125-ml\/","og_site_name":"Vitablanca.ma &ndash; Sant&eacute;, vitalit&eacute; et bien-&ecirc;tre pour tous les Marocains","article_publisher":"https:\/\/www.facebook.com\/profile.php?id=61576678196717","article_modified_time":"2026-01-23T23:04:59+00:00","og_image":[{"width":1202,"height":1200,"url":"https:\/\/vitablanca.ma\/wp-content\/uploads\/2025\/07\/4066447239010-3849537.png","type":"image\/png"}],"twitter_card":"summary_large_image","twitter_misc":{"Est. reading time":"2 minutes"},"schema":{"@context":"https:\/\/schema.org","@graph":[{"@type":["WebPage","ItemPage"],"@id":"https:\/\/vitablanca.ma\/produit\/nettoyant-exfoliant-beauty-expert-125-ml\/","url":"https:\/\/vitablanca.ma\/produit\/nettoyant-exfoliant-beauty-expert-125-ml\/","name":"Beauty Expert Exfoliating Cleanser, 125 ml - Morocco Price","isPartOf":{"@id":"https:\/\/vitablanca.ma\/#website"},"primaryImageOfPage":{"@id":"https:\/\/vitablanca.ma\/produit\/nettoyant-exfoliant-beauty-expert-125-ml\/#primaryimage"},"image":{"@id":"https:\/\/vitablanca.ma\/produit\/nettoyant-exfoliant-beauty-expert-125-ml\/#primaryimage"},"thumbnailUrl":"https:\/\/vitablanca.ma\/wp-content\/uploads\/2025\/07\/4066447239010-3849537.png","datePublished":"2025-07-10T18:38:57+00:00","dateModified":"2026-01-23T23:04:59+00:00","description":"Nettoyant Exfoliant Beauty Expert 125 ml \u00e9limine les impuret\u00e9s et les cellules mortes, affine le grain de peau et laisse le visage lumineux et frais.","breadcrumb":{"@id":"https:\/\/vitablanca.ma\/produit\/nettoyant-exfoliant-beauty-expert-125-ml\/#breadcrumb"},"inLanguage":"en-US","potentialAction":[{"@type":"ReadAction","target":["https:\/\/vitablanca.ma\/produit\/nettoyant-exfoliant-beauty-expert-125-ml\/"]}]},{"@type":"ImageObject","inLanguage":"en-US","@id":"https:\/\/vitablanca.ma\/produit\/nettoyant-exfoliant-beauty-expert-125-ml\/#primaryimage","url":"https:\/\/vitablanca.ma\/wp-content\/uploads\/2025\/07\/4066447239010-3849537.png","contentUrl":"https:\/\/vitablanca.ma\/wp-content\/uploads\/2025\/07\/4066447239010-3849537.png","width":1202,"height":1200},{"@type":"BreadcrumbList","@id":"https:\/\/vitablanca.ma\/produit\/nettoyant-exfoliant-beauty-expert-125-ml\/#breadcrumb","itemListElement":[{"@type":"ListItem","position":1,"name":"Home","item":"https:\/\/vitablanca.ma\/"},{"@type":"ListItem","position":2,"name":"Tous Les Produits","item":"https:\/\/vitablanca.ma\/tous-les-produits\/"},{"@type":"ListItem","position":3,"name":"Nettoyant exfoliant Beauty Expert, 125 ml"}]},{"@type":"WebSite","@id":"https:\/\/vitablanca.ma\/#website","url":"https:\/\/vitablanca.ma\/","name":"VitaBlanca.ma | Food supplements, health &amp; beauty in Morocco","description":"sell premium vitamins and supplements from USA &amp; Canada, New Zealand, Morocco (NOW Foods, Solgar, Manuka). Fast delivery anywhere in Morocco.","publisher":{"@id":"https:\/\/vitablanca.ma\/#organization"},"alternateName":"VitaBlanca.ma","potentialAction":[{"@type":"SearchAction","target":{"@type":"EntryPoint","urlTemplate":"https:\/\/vitablanca.ma\/?s={search_term_string}"},"query-input":{"@type":"PropertyValueSpecification","valueRequired":true,"valueName":"search_term_string"}}],"inLanguage":"en-US"},{"@type":"Organization","@id":"https:\/\/vitablanca.ma\/#organization","name":"VitaBlanca","url":"https:\/\/vitablanca.ma\/","logo":{"@type":"ImageObject","inLanguage":"en-US","@id":"https:\/\/vitablanca.ma\/#\/schema\/logo\/image\/","url":"https:\/\/vitablanca.ma\/wp-content\/uploads\/2025\/05\/cropped-vitablanca.png","contentUrl":"https:\/\/vitablanca.ma\/wp-content\/uploads\/2025\/05\/cropped-vitablanca.png","width":360,"height":67,"caption":"VitaBlanca"},"image":{"@id":"https:\/\/vitablanca.ma\/#\/schema\/logo\/image\/"},"sameAs":["https:\/\/www.facebook.com\/profile.php?id=61576678196717","https:\/\/www.tiktok.com\/@vitablanca.ma","https:\/\/www.instagram.com\/vitablanca.ma\/"]}]}},"jetpack_sharing_enabled":true,"_links":{"self":[{"href":"https:\/\/vitablanca.ma\/en\/wp-json\/wp\/v2\/product\/23873","targetHints":{"allow":["GET"]}}],"collection":[{"href":"https:\/\/vitablanca.ma\/en\/wp-json\/wp\/v2\/product"}],"about":[{"href":"https:\/\/vitablanca.ma\/en\/wp-json\/wp\/v2\/types\/product"}],"wp:featuredmedia":[{"embeddable":true,"href":"https:\/\/vitablanca.ma\/en\/wp-json\/wp\/v2\/media\/23870"}],"wp:attachment":[{"href":"https:\/\/vitablanca.ma\/en\/wp-json\/wp\/v2\/media?parent=23873"}],"wp:term":[{"taxonomy":"product_brand","embeddable":true,"href":"https:\/\/vitablanca.ma\/en\/wp-json\/wp\/v2\/product_brand?post=23873"},{"taxonomy":"product_cat","embeddable":true,"href":"https:\/\/vitablanca.ma\/en\/wp-json\/wp\/v2\/product_cat?post=23873"},{"taxonomy":"product_tag","embeddable":true,"href":"https:\/\/vitablanca.ma\/en\/wp-json\/wp\/v2\/product_tag?post=23873"}],"curies":[{"name":"wp","href":"https:\/\/api.w.org\/{rel}","templated":true}]}}