{"id":23869,"date":"2025-07-10T18:38:38","date_gmt":"2025-07-10T18:38:38","guid":{"rendered":"https:\/\/vitablanca.ma\/product\/magnesium-vitamine-c-vitamine-b6-b12-pastilles-a-sucer-30-pcs\/"},"modified":"2025-12-27T13:51:02","modified_gmt":"2025-12-27T13:51:02","slug":"magnesium-vitamine-c-vitamine-b6-b12-pastilles-a-sucer-30-pcs","status":"publish","type":"product","link":"https:\/\/vitablanca.ma\/en\/product\/magnesium-vitamine-c-vitamine-b6-b12-pastilles-a-sucer-30-pcs\/","title":{"rendered":"Balea Mivolis Magnesium + Vitamin C + Vitamin B6 + B12, lozenges, 30 pcs."},"content":{"rendered":"<ul data-mce-fragment=\"1\">\n<li data-mce-fragment=\"1\">With vitamins C, B6 + B12<\/li>\n<li data-mce-fragment=\"1\">Magnesium contributes to normal muscle function<\/li>\n<li data-mce-fragment=\"1\">Orange flavor<\/li>\n<\/ul>\n<p data-mce-fragment=\"1\">Mivolis Magnesium + Vitamin C + Vitamin B6 + B12 lozenges contain essential nutrients that cannot be synthesized by the body. Magnesium, one of the most versatile minerals, contributes to normal muscle and nerve function and the maintenance of normal bones. In addition, magnesium contributes to normal energy-yielding metabolism. Magnesium requirements cannot always be met through food in certain dietary habits or lifestyle situations. Vitamins C, B6, and B12 perform numerous functions in the body; in combination with magnesium, they support the nervous system, for example.<\/p>","protected":false},"excerpt":{"rendered":"<p>Avec vitamines C, B6 + B12 Le magn\u00e9sium contribue \u00e0 une fonction musculaire normale Au go\u00fbt d&rsquo;orange Les pastilles \u00e0 sucer Mivolis Magn\u00e9sium + Vitamine C + Vitamine B6 + B12 contiennent des nutriments essentiels qui ne peuvent pas \u00eatre synth\u00e9tis\u00e9s par l&rsquo;organisme. Le magn\u00e9sium, l&rsquo;un des min\u00e9raux les plus polyvalents, contribue \u00e0 une fonction [&hellip;]<\/p>\n","protected":false},"featured_media":23866,"template":"","meta":{"om_disable_all_campaigns":false},"product_brand":[3236,3246],"product_cat":[18],"product_tag":[3237,3240,3242,3238,3239,3268,3269,3270],"class_list":{"0":"post-23869","1":"product","2":"type-product","3":"status-publish","4":"has-post-thumbnail","6":"product_brand-balea-dm-prix-maroc","7":"product_brand-balea-mivolis-prix-maroc-omplements-alimentaires","8":"product_cat-beaute-sante","9":"product_tag-balea","10":"product_tag-balea-dm","11":"product_tag-balea-dm-maroc","12":"product_tag-balea-maroc","13":"product_tag-balea-morocco","14":"product_tag-mivolis","15":"product_tag-mivolis-maroc","16":"product_tag-mivolis-morocco","18":"first","19":"instock","20":"taxable","21":"shipping-taxable","22":"purchasable","23":"product-type-simple"},"yoast_head":"<!-- This site is optimized with the Yoast SEO plugin v27.4 - https:\/\/yoast.com\/product\/yoast-seo-wordpress\/ -->\n<title>Balea Mivolis Magn\u00e9sium + vitamine C + B6 + B12 - Maroc Prix<\/title>\n<meta name=\"description\" content=\"D\u00e9couvrez le compl\u00e9ment Mivolis Magn\u00e9sium + Vitamine C + B6 + B12 de DM Balea au Maroc. Ces pastilles ou comprim\u00e9s effervescents r\u00e9duisent la fatigue,\" \/>\n<meta name=\"robots\" content=\"index, follow, max-snippet:-1, max-image-preview:large, max-video-preview:-1\" \/>\n<link rel=\"canonical\" href=\"https:\/\/vitablanca.ma\/en\/product\/magnesium-vitamine-c-vitamine-b6-b12-pastilles-a-sucer-30-pcs\/\" \/>\n<meta property=\"og:locale\" content=\"en_US\" \/>\n<meta property=\"og:type\" content=\"article\" \/>\n<meta property=\"og:title\" content=\"Balea Mivolis Magn\u00e9sium + vitamine C + B6 + B12 - Maroc Prix\" \/>\n<meta property=\"og:description\" content=\"D\u00e9couvrez le compl\u00e9ment Mivolis Magn\u00e9sium + Vitamine C + B6 + B12 de DM Balea au Maroc. Ces pastilles ou comprim\u00e9s effervescents r\u00e9duisent la fatigue,\" \/>\n<meta property=\"og:url\" content=\"https:\/\/vitablanca.ma\/en\/product\/magnesium-vitamine-c-vitamine-b6-b12-pastilles-a-sucer-30-pcs\/\" \/>\n<meta property=\"og:site_name\" content=\"Vitablanca.ma &ndash; Sant&eacute;, vitalit&eacute; et bien-&ecirc;tre pour tous les Marocains\" \/>\n<meta property=\"article:publisher\" content=\"https:\/\/www.facebook.com\/profile.php?id=61576678196717\" \/>\n<meta property=\"article:modified_time\" content=\"2025-12-27T13:51:02+00:00\" \/>\n<meta property=\"og:image\" content=\"https:\/\/vitablanca.ma\/wp-content\/uploads\/2025\/07\/4058172309335-2663343.png\" \/>\n\t<meta property=\"og:image:width\" content=\"1200\" \/>\n\t<meta property=\"og:image:height\" content=\"1200\" \/>\n\t<meta property=\"og:image:type\" content=\"image\/png\" \/>\n<meta name=\"twitter:card\" content=\"summary_large_image\" \/>\n<meta name=\"twitter:label1\" content=\"Est. reading time\" \/>\n\t<meta name=\"twitter:data1\" content=\"1 minute\" \/>\n<script type=\"application\/ld+json\" class=\"yoast-schema-graph\">{\"@context\":\"https:\\\/\\\/schema.org\",\"@graph\":[{\"@type\":[\"WebPage\",\"ItemPage\"],\"@id\":\"https:\\\/\\\/vitablanca.ma\\\/produit\\\/magnesium-vitamine-c-vitamine-b6-b12-pastilles-a-sucer-30-pcs\\\/\",\"url\":\"https:\\\/\\\/vitablanca.ma\\\/produit\\\/magnesium-vitamine-c-vitamine-b6-b12-pastilles-a-sucer-30-pcs\\\/\",\"name\":\"Balea Mivolis Magn\u00e9sium + vitamine C + B6 + B12 - Maroc Prix\",\"isPartOf\":{\"@id\":\"https:\\\/\\\/vitablanca.ma\\\/#website\"},\"primaryImageOfPage\":{\"@id\":\"https:\\\/\\\/vitablanca.ma\\\/produit\\\/magnesium-vitamine-c-vitamine-b6-b12-pastilles-a-sucer-30-pcs\\\/#primaryimage\"},\"image\":{\"@id\":\"https:\\\/\\\/vitablanca.ma\\\/produit\\\/magnesium-vitamine-c-vitamine-b6-b12-pastilles-a-sucer-30-pcs\\\/#primaryimage\"},\"thumbnailUrl\":\"https:\\\/\\\/vitablanca.ma\\\/wp-content\\\/uploads\\\/2025\\\/07\\\/4058172309335-2663343.png\",\"datePublished\":\"2025-07-10T18:38:38+00:00\",\"dateModified\":\"2025-12-27T13:51:02+00:00\",\"description\":\"D\u00e9couvrez le compl\u00e9ment Mivolis Magn\u00e9sium + Vitamine C + B6 + B12 de DM Balea au Maroc. Ces pastilles ou comprim\u00e9s effervescents r\u00e9duisent la fatigue,\",\"breadcrumb\":{\"@id\":\"https:\\\/\\\/vitablanca.ma\\\/produit\\\/magnesium-vitamine-c-vitamine-b6-b12-pastilles-a-sucer-30-pcs\\\/#breadcrumb\"},\"inLanguage\":\"en-US\",\"potentialAction\":[{\"@type\":\"ReadAction\",\"target\":[\"https:\\\/\\\/vitablanca.ma\\\/produit\\\/magnesium-vitamine-c-vitamine-b6-b12-pastilles-a-sucer-30-pcs\\\/\"]}]},{\"@type\":\"ImageObject\",\"inLanguage\":\"en-US\",\"@id\":\"https:\\\/\\\/vitablanca.ma\\\/produit\\\/magnesium-vitamine-c-vitamine-b6-b12-pastilles-a-sucer-30-pcs\\\/#primaryimage\",\"url\":\"https:\\\/\\\/vitablanca.ma\\\/wp-content\\\/uploads\\\/2025\\\/07\\\/4058172309335-2663343.png\",\"contentUrl\":\"https:\\\/\\\/vitablanca.ma\\\/wp-content\\\/uploads\\\/2025\\\/07\\\/4058172309335-2663343.png\",\"width\":1200,\"height\":1200},{\"@type\":\"BreadcrumbList\",\"@id\":\"https:\\\/\\\/vitablanca.ma\\\/produit\\\/magnesium-vitamine-c-vitamine-b6-b12-pastilles-a-sucer-30-pcs\\\/#breadcrumb\",\"itemListElement\":[{\"@type\":\"ListItem\",\"position\":1,\"name\":\"Home\",\"item\":\"https:\\\/\\\/vitablanca.ma\\\/\"},{\"@type\":\"ListItem\",\"position\":2,\"name\":\"Tous Les Produits\",\"item\":\"https:\\\/\\\/vitablanca.ma\\\/tous-les-produits\\\/\"},{\"@type\":\"ListItem\",\"position\":3,\"name\":\"Balea Mivolis Magn\u00e9sium + vitamine C + vitamine B6 + B12, pastilles \u00e0 sucer, 30 pcs.\"}]},{\"@type\":\"WebSite\",\"@id\":\"https:\\\/\\\/vitablanca.ma\\\/#website\",\"url\":\"https:\\\/\\\/vitablanca.ma\\\/\",\"name\":\"VitaBlanca.ma | Compl\u00e9ments alimentaires, sant\u00e9 & beaut\u00e9 au Maroc\",\"description\":\"vendre vitamines et compl\u00e9ments premium des USA &amp; Canada, Nouvelle Z\u00e9lande,Maroc (NOW Foods, Solgar, Manuka). Livraison rapide partout au Maroc.\",\"publisher\":{\"@id\":\"https:\\\/\\\/vitablanca.ma\\\/#organization\"},\"alternateName\":\"VitaBlanca.ma\",\"potentialAction\":[{\"@type\":\"SearchAction\",\"target\":{\"@type\":\"EntryPoint\",\"urlTemplate\":\"https:\\\/\\\/vitablanca.ma\\\/?s={search_term_string}\"},\"query-input\":{\"@type\":\"PropertyValueSpecification\",\"valueRequired\":true,\"valueName\":\"search_term_string\"}}],\"inLanguage\":\"en-US\"},{\"@type\":\"Organization\",\"@id\":\"https:\\\/\\\/vitablanca.ma\\\/#organization\",\"name\":\"VitaBlanca\",\"url\":\"https:\\\/\\\/vitablanca.ma\\\/\",\"logo\":{\"@type\":\"ImageObject\",\"inLanguage\":\"en-US\",\"@id\":\"https:\\\/\\\/vitablanca.ma\\\/#\\\/schema\\\/logo\\\/image\\\/\",\"url\":\"https:\\\/\\\/vitablanca.ma\\\/wp-content\\\/uploads\\\/2025\\\/05\\\/cropped-vitablanca.png\",\"contentUrl\":\"https:\\\/\\\/vitablanca.ma\\\/wp-content\\\/uploads\\\/2025\\\/05\\\/cropped-vitablanca.png\",\"width\":360,\"height\":67,\"caption\":\"VitaBlanca\"},\"image\":{\"@id\":\"https:\\\/\\\/vitablanca.ma\\\/#\\\/schema\\\/logo\\\/image\\\/\"},\"sameAs\":[\"https:\\\/\\\/www.facebook.com\\\/profile.php?id=61576678196717\",\"https:\\\/\\\/www.tiktok.com\\\/@vitablanca.ma\",\"https:\\\/\\\/www.instagram.com\\\/vitablanca.ma\\\/\"]}]}<\/script>\n<!-- \/ Yoast SEO plugin. -->","yoast_head_json":{"title":"Balea Mivolis Magnesium + Vitamin C + B6 + B12 - Morocco Price","description":"Discover the Mivolis Magnesium + Vitamin C + B6 + B12 supplement from DM Balea in Morocco. These effervescent tablets or lozenges reduce fatigue,","robots":{"index":"index","follow":"follow","max-snippet":"max-snippet:-1","max-image-preview":"max-image-preview:large","max-video-preview":"max-video-preview:-1"},"canonical":"https:\/\/vitablanca.ma\/en\/product\/magnesium-vitamine-c-vitamine-b6-b12-pastilles-a-sucer-30-pcs\/","og_locale":"en_US","og_type":"article","og_title":"Balea Mivolis Magn\u00e9sium + vitamine C + B6 + B12 - Maroc Prix","og_description":"D\u00e9couvrez le compl\u00e9ment Mivolis Magn\u00e9sium + Vitamine C + B6 + B12 de DM Balea au Maroc. Ces pastilles ou comprim\u00e9s effervescents r\u00e9duisent la fatigue,","og_url":"https:\/\/vitablanca.ma\/en\/product\/magnesium-vitamine-c-vitamine-b6-b12-pastilles-a-sucer-30-pcs\/","og_site_name":"Vitablanca.ma &ndash; Sant&eacute;, vitalit&eacute; et bien-&ecirc;tre pour tous les Marocains","article_publisher":"https:\/\/www.facebook.com\/profile.php?id=61576678196717","article_modified_time":"2025-12-27T13:51:02+00:00","og_image":[{"width":1200,"height":1200,"url":"https:\/\/vitablanca.ma\/wp-content\/uploads\/2025\/07\/4058172309335-2663343.png","type":"image\/png"}],"twitter_card":"summary_large_image","twitter_misc":{"Est. reading time":"1 minute"},"schema":{"@context":"https:\/\/schema.org","@graph":[{"@type":["WebPage","ItemPage"],"@id":"https:\/\/vitablanca.ma\/produit\/magnesium-vitamine-c-vitamine-b6-b12-pastilles-a-sucer-30-pcs\/","url":"https:\/\/vitablanca.ma\/produit\/magnesium-vitamine-c-vitamine-b6-b12-pastilles-a-sucer-30-pcs\/","name":"Balea Mivolis Magnesium + Vitamin C + B6 + B12 - Morocco Price","isPartOf":{"@id":"https:\/\/vitablanca.ma\/#website"},"primaryImageOfPage":{"@id":"https:\/\/vitablanca.ma\/produit\/magnesium-vitamine-c-vitamine-b6-b12-pastilles-a-sucer-30-pcs\/#primaryimage"},"image":{"@id":"https:\/\/vitablanca.ma\/produit\/magnesium-vitamine-c-vitamine-b6-b12-pastilles-a-sucer-30-pcs\/#primaryimage"},"thumbnailUrl":"https:\/\/vitablanca.ma\/wp-content\/uploads\/2025\/07\/4058172309335-2663343.png","datePublished":"2025-07-10T18:38:38+00:00","dateModified":"2025-12-27T13:51:02+00:00","description":"Discover the Mivolis Magnesium + Vitamin C + B6 + B12 supplement from DM Balea in Morocco. These effervescent tablets or lozenges reduce fatigue,","breadcrumb":{"@id":"https:\/\/vitablanca.ma\/produit\/magnesium-vitamine-c-vitamine-b6-b12-pastilles-a-sucer-30-pcs\/#breadcrumb"},"inLanguage":"en-US","potentialAction":[{"@type":"ReadAction","target":["https:\/\/vitablanca.ma\/produit\/magnesium-vitamine-c-vitamine-b6-b12-pastilles-a-sucer-30-pcs\/"]}]},{"@type":"ImageObject","inLanguage":"en-US","@id":"https:\/\/vitablanca.ma\/produit\/magnesium-vitamine-c-vitamine-b6-b12-pastilles-a-sucer-30-pcs\/#primaryimage","url":"https:\/\/vitablanca.ma\/wp-content\/uploads\/2025\/07\/4058172309335-2663343.png","contentUrl":"https:\/\/vitablanca.ma\/wp-content\/uploads\/2025\/07\/4058172309335-2663343.png","width":1200,"height":1200},{"@type":"BreadcrumbList","@id":"https:\/\/vitablanca.ma\/produit\/magnesium-vitamine-c-vitamine-b6-b12-pastilles-a-sucer-30-pcs\/#breadcrumb","itemListElement":[{"@type":"ListItem","position":1,"name":"Home","item":"https:\/\/vitablanca.ma\/"},{"@type":"ListItem","position":2,"name":"Tous Les Produits","item":"https:\/\/vitablanca.ma\/tous-les-produits\/"},{"@type":"ListItem","position":3,"name":"Balea Mivolis Magn\u00e9sium + vitamine C + vitamine B6 + B12, pastilles \u00e0 sucer, 30 pcs."}]},{"@type":"WebSite","@id":"https:\/\/vitablanca.ma\/#website","url":"https:\/\/vitablanca.ma\/","name":"VitaBlanca.ma | Food supplements, health &amp; beauty in Morocco","description":"sell premium vitamins and supplements from USA &amp; Canada, New Zealand, Morocco (NOW Foods, Solgar, Manuka). Fast delivery anywhere in Morocco.","publisher":{"@id":"https:\/\/vitablanca.ma\/#organization"},"alternateName":"VitaBlanca.ma","potentialAction":[{"@type":"SearchAction","target":{"@type":"EntryPoint","urlTemplate":"https:\/\/vitablanca.ma\/?s={search_term_string}"},"query-input":{"@type":"PropertyValueSpecification","valueRequired":true,"valueName":"search_term_string"}}],"inLanguage":"en-US"},{"@type":"Organization","@id":"https:\/\/vitablanca.ma\/#organization","name":"VitaBlanca","url":"https:\/\/vitablanca.ma\/","logo":{"@type":"ImageObject","inLanguage":"en-US","@id":"https:\/\/vitablanca.ma\/#\/schema\/logo\/image\/","url":"https:\/\/vitablanca.ma\/wp-content\/uploads\/2025\/05\/cropped-vitablanca.png","contentUrl":"https:\/\/vitablanca.ma\/wp-content\/uploads\/2025\/05\/cropped-vitablanca.png","width":360,"height":67,"caption":"VitaBlanca"},"image":{"@id":"https:\/\/vitablanca.ma\/#\/schema\/logo\/image\/"},"sameAs":["https:\/\/www.facebook.com\/profile.php?id=61576678196717","https:\/\/www.tiktok.com\/@vitablanca.ma","https:\/\/www.instagram.com\/vitablanca.ma\/"]}]}},"jetpack_sharing_enabled":true,"_links":{"self":[{"href":"https:\/\/vitablanca.ma\/en\/wp-json\/wp\/v2\/product\/23869","targetHints":{"allow":["GET"]}}],"collection":[{"href":"https:\/\/vitablanca.ma\/en\/wp-json\/wp\/v2\/product"}],"about":[{"href":"https:\/\/vitablanca.ma\/en\/wp-json\/wp\/v2\/types\/product"}],"wp:featuredmedia":[{"embeddable":true,"href":"https:\/\/vitablanca.ma\/en\/wp-json\/wp\/v2\/media\/23866"}],"wp:attachment":[{"href":"https:\/\/vitablanca.ma\/en\/wp-json\/wp\/v2\/media?parent=23869"}],"wp:term":[{"taxonomy":"product_brand","embeddable":true,"href":"https:\/\/vitablanca.ma\/en\/wp-json\/wp\/v2\/product_brand?post=23869"},{"taxonomy":"product_cat","embeddable":true,"href":"https:\/\/vitablanca.ma\/en\/wp-json\/wp\/v2\/product_cat?post=23869"},{"taxonomy":"product_tag","embeddable":true,"href":"https:\/\/vitablanca.ma\/en\/wp-json\/wp\/v2\/product_tag?post=23869"}],"curies":[{"name":"wp","href":"https:\/\/api.w.org\/{rel}","templated":true}]}}