{"id":23854,"date":"2025-07-10T18:37:03","date_gmt":"2025-07-10T18:37:03","guid":{"rendered":"https:\/\/vitablanca.ma\/product\/balea-shampooing-sec-fleurs-du-clair-de-lune\/"},"modified":"2026-01-23T23:17:14","modified_gmt":"2026-01-23T23:17:14","slug":"balea-shampooing-sec-fleurs-du-clair-de-lune","status":"publish","type":"product","link":"https:\/\/vitablanca.ma\/en\/product\/balea-shampooing-sec-fleurs-du-clair-de-lune\/","title":{"rendered":"Balea \u2013 Moonlight Flowers dry shampoo"},"content":{"rendered":"<h3><strong data-start=\"245\" data-end=\"299\">A floral breath for fresh and light hair\ud83d\udc90\u2728<\/strong><\/h3>\n<ul>\n<li>Hair Type: All Hair Types, Oily Hair<\/li>\n<li>Effect: Styling, volume<\/li>\n<li>Product Features: Ammonia Free, Silicone Free, Vegan<\/li>\n<li>Long-lasting freshness for all hair types<\/li>\n<li>With a floral fragrance<\/li>\n<li>For a voluminous body.<\/li>\n<li>Easy to brush.<\/li>\n<\/ul>\n<h4><strong><span style=\"font-size: 11pt; line-height: 104%; font-family: 'Segoe UI Emoji', sans-serif;\">\ud83d\udccc<\/span><span lang=\"EN-US\" style=\"font-size: 11pt; line-height: 104%; font-family: Arial, sans-serif;\"> Product Description <\/span><\/strong><\/h4>\n<p>Balea&#039;s Moonlight Flowers Dry Shampoo allows for ultra-fast dry cleansing between uses. In just seconds, hair regains its freshness, new feel, and volume. For a refreshed and well-groomed appearance. Formulated without microplastics or pure water-soluble synthetic polymers.<\/p>\n<h4><strong><span style=\"font-size: 11pt; line-height: 104%; font-family: 'Segoe UI Emoji', sans-serif;\">\ud83d\udca1<\/span><span lang=\"EN-US\" style=\"font-size: 11pt; line-height: 104%; font-family: Arial, sans-serif;\"> Directions for use <\/span><\/strong><\/h4>\n<p>Brush hair thoroughly. To protect clothing, place a towel around your shoulders. Shake the can well before the first spray and before each additional spray. Spray evenly and sparingly on individual sections of dry hair from a distance of approximately 20 cm. Leave on briefly and brush thoroughly or use overnight.<\/p>","protected":false},"excerpt":{"rendered":"<p>Un souffle fleuri pour des cheveux frais et l\u00e9gers\ud83d\udc90\u2728 Type de cheveux : Tous types de cheveux, Cheveux gras Effet : Styling, volume Caract\u00e9ristiques du produit : Sans ammoniaque, Sans silicone, Vegan Fra\u00eecheur longue dur\u00e9e pour tous les types de cheveux Avec un parfum floral Pour un corps volumineux. Facile \u00e0 brosser. \ud83d\udccc Description du [&hellip;]<\/p>\n","protected":false},"featured_media":23852,"template":"","meta":{"om_disable_all_campaigns":false},"product_brand":[3236],"product_cat":[18],"product_tag":[3237,3240,3238,3239,6152,5925,6312,6311,3241,6309,6303,6313,6308,6034,6310],"class_list":{"0":"post-23854","1":"product","2":"type-product","3":"status-publish","4":"has-post-thumbnail","6":"product_brand-balea-dm-prix-maroc","7":"product_cat-beaute-sante","8":"product_tag-balea","9":"product_tag-balea-dm","10":"product_tag-balea-maroc","11":"product_tag-balea-morocco","12":"product_tag-cheveux-frais","13":"product_tag-cheveux-gras","14":"product_tag-cheveux-legers","15":"product_tag-coiffure-rapide","16":"product_tag-dm-maroc","17":"product_tag-fleurs-du-clair-de-lune","18":"product_tag-parfum-delicat","19":"product_tag-pratique","20":"product_tag-shampooing-sec","21":"product_tag-soin-cheveux","22":"product_tag-volume-instantane","24":"first","25":"instock","26":"taxable","27":"shipping-taxable","28":"purchasable","29":"product-type-simple"},"yoast_head":"<!-- This site is optimized with the Yoast SEO plugin v27.4 - https:\/\/yoast.com\/product\/yoast-seo-wordpress\/ -->\n<title>Balea - shampooing sec Fleurs du clair de lune - Maroc Prix<\/title>\n<meta name=\"description\" content=\"Balea Shampooing Sec Fleurs du Clair de Lune absorbe l\u2019exc\u00e8s de s\u00e9bum et redonne volume et fra\u00eecheur aux cheveux. Id\u00e9al pour une coiffure impeccable\" \/>\n<meta name=\"robots\" content=\"index, follow, max-snippet:-1, max-image-preview:large, max-video-preview:-1\" \/>\n<link rel=\"canonical\" href=\"https:\/\/vitablanca.ma\/en\/product\/balea-shampooing-sec-fleurs-du-clair-de-lune\/\" \/>\n<meta property=\"og:locale\" content=\"en_US\" \/>\n<meta property=\"og:type\" content=\"article\" \/>\n<meta property=\"og:title\" content=\"Balea - shampooing sec Fleurs du clair de lune - Maroc Prix\" \/>\n<meta property=\"og:description\" content=\"Balea Shampooing Sec Fleurs du Clair de Lune absorbe l\u2019exc\u00e8s de s\u00e9bum et redonne volume et fra\u00eecheur aux cheveux. Id\u00e9al pour une coiffure impeccable\" \/>\n<meta property=\"og:url\" content=\"https:\/\/vitablanca.ma\/en\/product\/balea-shampooing-sec-fleurs-du-clair-de-lune\/\" \/>\n<meta property=\"og:site_name\" content=\"Vitablanca.ma &ndash; Sant&eacute;, vitalit&eacute; et bien-&ecirc;tre pour tous les Marocains\" \/>\n<meta property=\"article:publisher\" content=\"https:\/\/www.facebook.com\/profile.php?id=61576678196717\" \/>\n<meta property=\"article:modified_time\" content=\"2026-01-23T23:17:14+00:00\" \/>\n<meta property=\"og:image\" content=\"https:\/\/vitablanca.ma\/wp-content\/uploads\/2025\/07\/4066447190113-3405592.png\" \/>\n\t<meta property=\"og:image:width\" content=\"1202\" \/>\n\t<meta property=\"og:image:height\" content=\"1200\" \/>\n\t<meta property=\"og:image:type\" content=\"image\/png\" \/>\n<meta name=\"twitter:card\" content=\"summary_large_image\" \/>\n<meta name=\"twitter:label1\" content=\"Est. reading time\" \/>\n\t<meta name=\"twitter:data1\" content=\"2 minutes\" \/>\n<script type=\"application\/ld+json\" class=\"yoast-schema-graph\">{\"@context\":\"https:\\\/\\\/schema.org\",\"@graph\":[{\"@type\":[\"WebPage\",\"ItemPage\"],\"@id\":\"https:\\\/\\\/vitablanca.ma\\\/produit\\\/balea-shampooing-sec-fleurs-du-clair-de-lune\\\/\",\"url\":\"https:\\\/\\\/vitablanca.ma\\\/produit\\\/balea-shampooing-sec-fleurs-du-clair-de-lune\\\/\",\"name\":\"Balea - shampooing sec Fleurs du clair de lune - Maroc Prix\",\"isPartOf\":{\"@id\":\"https:\\\/\\\/vitablanca.ma\\\/#website\"},\"primaryImageOfPage\":{\"@id\":\"https:\\\/\\\/vitablanca.ma\\\/produit\\\/balea-shampooing-sec-fleurs-du-clair-de-lune\\\/#primaryimage\"},\"image\":{\"@id\":\"https:\\\/\\\/vitablanca.ma\\\/produit\\\/balea-shampooing-sec-fleurs-du-clair-de-lune\\\/#primaryimage\"},\"thumbnailUrl\":\"https:\\\/\\\/vitablanca.ma\\\/wp-content\\\/uploads\\\/2025\\\/07\\\/4066447190113-3405592.png\",\"datePublished\":\"2025-07-10T18:37:03+00:00\",\"dateModified\":\"2026-01-23T23:17:14+00:00\",\"description\":\"Balea Shampooing Sec Fleurs du Clair de Lune absorbe l\u2019exc\u00e8s de s\u00e9bum et redonne volume et fra\u00eecheur aux cheveux. Id\u00e9al pour une coiffure impeccable\",\"breadcrumb\":{\"@id\":\"https:\\\/\\\/vitablanca.ma\\\/produit\\\/balea-shampooing-sec-fleurs-du-clair-de-lune\\\/#breadcrumb\"},\"inLanguage\":\"en-US\",\"potentialAction\":[{\"@type\":\"ReadAction\",\"target\":[\"https:\\\/\\\/vitablanca.ma\\\/produit\\\/balea-shampooing-sec-fleurs-du-clair-de-lune\\\/\"]}]},{\"@type\":\"ImageObject\",\"inLanguage\":\"en-US\",\"@id\":\"https:\\\/\\\/vitablanca.ma\\\/produit\\\/balea-shampooing-sec-fleurs-du-clair-de-lune\\\/#primaryimage\",\"url\":\"https:\\\/\\\/vitablanca.ma\\\/wp-content\\\/uploads\\\/2025\\\/07\\\/4066447190113-3405592.png\",\"contentUrl\":\"https:\\\/\\\/vitablanca.ma\\\/wp-content\\\/uploads\\\/2025\\\/07\\\/4066447190113-3405592.png\",\"width\":1202,\"height\":1200},{\"@type\":\"BreadcrumbList\",\"@id\":\"https:\\\/\\\/vitablanca.ma\\\/produit\\\/balea-shampooing-sec-fleurs-du-clair-de-lune\\\/#breadcrumb\",\"itemListElement\":[{\"@type\":\"ListItem\",\"position\":1,\"name\":\"Home\",\"item\":\"https:\\\/\\\/vitablanca.ma\\\/\"},{\"@type\":\"ListItem\",\"position\":2,\"name\":\"Tous Les Produits\",\"item\":\"https:\\\/\\\/vitablanca.ma\\\/tous-les-produits\\\/\"},{\"@type\":\"ListItem\",\"position\":3,\"name\":\"Balea &#8211; shampooing sec Fleurs du clair de lune\"}]},{\"@type\":\"WebSite\",\"@id\":\"https:\\\/\\\/vitablanca.ma\\\/#website\",\"url\":\"https:\\\/\\\/vitablanca.ma\\\/\",\"name\":\"VitaBlanca.ma | Compl\u00e9ments alimentaires, sant\u00e9 & beaut\u00e9 au Maroc\",\"description\":\"vendre vitamines et compl\u00e9ments premium des USA &amp; Canada, Nouvelle Z\u00e9lande,Maroc (NOW Foods, Solgar, Manuka). Livraison rapide partout au Maroc.\",\"publisher\":{\"@id\":\"https:\\\/\\\/vitablanca.ma\\\/#organization\"},\"alternateName\":\"VitaBlanca.ma\",\"potentialAction\":[{\"@type\":\"SearchAction\",\"target\":{\"@type\":\"EntryPoint\",\"urlTemplate\":\"https:\\\/\\\/vitablanca.ma\\\/?s={search_term_string}\"},\"query-input\":{\"@type\":\"PropertyValueSpecification\",\"valueRequired\":true,\"valueName\":\"search_term_string\"}}],\"inLanguage\":\"en-US\"},{\"@type\":\"Organization\",\"@id\":\"https:\\\/\\\/vitablanca.ma\\\/#organization\",\"name\":\"VitaBlanca\",\"url\":\"https:\\\/\\\/vitablanca.ma\\\/\",\"logo\":{\"@type\":\"ImageObject\",\"inLanguage\":\"en-US\",\"@id\":\"https:\\\/\\\/vitablanca.ma\\\/#\\\/schema\\\/logo\\\/image\\\/\",\"url\":\"https:\\\/\\\/vitablanca.ma\\\/wp-content\\\/uploads\\\/2025\\\/05\\\/cropped-vitablanca.png\",\"contentUrl\":\"https:\\\/\\\/vitablanca.ma\\\/wp-content\\\/uploads\\\/2025\\\/05\\\/cropped-vitablanca.png\",\"width\":360,\"height\":67,\"caption\":\"VitaBlanca\"},\"image\":{\"@id\":\"https:\\\/\\\/vitablanca.ma\\\/#\\\/schema\\\/logo\\\/image\\\/\"},\"sameAs\":[\"https:\\\/\\\/www.facebook.com\\\/profile.php?id=61576678196717\",\"https:\\\/\\\/www.tiktok.com\\\/@vitablanca.ma\",\"https:\\\/\\\/www.instagram.com\\\/vitablanca.ma\\\/\"]}]}<\/script>\n<!-- \/ Yoast SEO plugin. -->","yoast_head_json":{"title":"Balea - Moonlight Flowers dry shampoo - Morocco Price","description":"Balea Shampooing Sec Fleurs du Clair de Lune absorbe l\u2019exc\u00e8s de s\u00e9bum et redonne volume et fra\u00eecheur aux cheveux. Id\u00e9al pour une coiffure impeccable","robots":{"index":"index","follow":"follow","max-snippet":"max-snippet:-1","max-image-preview":"max-image-preview:large","max-video-preview":"max-video-preview:-1"},"canonical":"https:\/\/vitablanca.ma\/en\/product\/balea-shampooing-sec-fleurs-du-clair-de-lune\/","og_locale":"en_US","og_type":"article","og_title":"Balea - shampooing sec Fleurs du clair de lune - Maroc Prix","og_description":"Balea Shampooing Sec Fleurs du Clair de Lune absorbe l\u2019exc\u00e8s de s\u00e9bum et redonne volume et fra\u00eecheur aux cheveux. Id\u00e9al pour une coiffure impeccable","og_url":"https:\/\/vitablanca.ma\/en\/product\/balea-shampooing-sec-fleurs-du-clair-de-lune\/","og_site_name":"Vitablanca.ma &ndash; Sant&eacute;, vitalit&eacute; et bien-&ecirc;tre pour tous les Marocains","article_publisher":"https:\/\/www.facebook.com\/profile.php?id=61576678196717","article_modified_time":"2026-01-23T23:17:14+00:00","og_image":[{"width":1202,"height":1200,"url":"https:\/\/vitablanca.ma\/wp-content\/uploads\/2025\/07\/4066447190113-3405592.png","type":"image\/png"}],"twitter_card":"summary_large_image","twitter_misc":{"Est. reading time":"2 minutes"},"schema":{"@context":"https:\/\/schema.org","@graph":[{"@type":["WebPage","ItemPage"],"@id":"https:\/\/vitablanca.ma\/produit\/balea-shampooing-sec-fleurs-du-clair-de-lune\/","url":"https:\/\/vitablanca.ma\/produit\/balea-shampooing-sec-fleurs-du-clair-de-lune\/","name":"Balea - Moonlight Flowers dry shampoo - Morocco Price","isPartOf":{"@id":"https:\/\/vitablanca.ma\/#website"},"primaryImageOfPage":{"@id":"https:\/\/vitablanca.ma\/produit\/balea-shampooing-sec-fleurs-du-clair-de-lune\/#primaryimage"},"image":{"@id":"https:\/\/vitablanca.ma\/produit\/balea-shampooing-sec-fleurs-du-clair-de-lune\/#primaryimage"},"thumbnailUrl":"https:\/\/vitablanca.ma\/wp-content\/uploads\/2025\/07\/4066447190113-3405592.png","datePublished":"2025-07-10T18:37:03+00:00","dateModified":"2026-01-23T23:17:14+00:00","description":"Balea Shampooing Sec Fleurs du Clair de Lune absorbe l\u2019exc\u00e8s de s\u00e9bum et redonne volume et fra\u00eecheur aux cheveux. Id\u00e9al pour une coiffure impeccable","breadcrumb":{"@id":"https:\/\/vitablanca.ma\/produit\/balea-shampooing-sec-fleurs-du-clair-de-lune\/#breadcrumb"},"inLanguage":"en-US","potentialAction":[{"@type":"ReadAction","target":["https:\/\/vitablanca.ma\/produit\/balea-shampooing-sec-fleurs-du-clair-de-lune\/"]}]},{"@type":"ImageObject","inLanguage":"en-US","@id":"https:\/\/vitablanca.ma\/produit\/balea-shampooing-sec-fleurs-du-clair-de-lune\/#primaryimage","url":"https:\/\/vitablanca.ma\/wp-content\/uploads\/2025\/07\/4066447190113-3405592.png","contentUrl":"https:\/\/vitablanca.ma\/wp-content\/uploads\/2025\/07\/4066447190113-3405592.png","width":1202,"height":1200},{"@type":"BreadcrumbList","@id":"https:\/\/vitablanca.ma\/produit\/balea-shampooing-sec-fleurs-du-clair-de-lune\/#breadcrumb","itemListElement":[{"@type":"ListItem","position":1,"name":"Home","item":"https:\/\/vitablanca.ma\/"},{"@type":"ListItem","position":2,"name":"Tous Les Produits","item":"https:\/\/vitablanca.ma\/tous-les-produits\/"},{"@type":"ListItem","position":3,"name":"Balea &#8211; shampooing sec Fleurs du clair de lune"}]},{"@type":"WebSite","@id":"https:\/\/vitablanca.ma\/#website","url":"https:\/\/vitablanca.ma\/","name":"VitaBlanca.ma | Food supplements, health &amp; beauty in Morocco","description":"sell premium vitamins and supplements from USA &amp; Canada, New Zealand, Morocco (NOW Foods, Solgar, Manuka). Fast delivery anywhere in Morocco.","publisher":{"@id":"https:\/\/vitablanca.ma\/#organization"},"alternateName":"VitaBlanca.ma","potentialAction":[{"@type":"SearchAction","target":{"@type":"EntryPoint","urlTemplate":"https:\/\/vitablanca.ma\/?s={search_term_string}"},"query-input":{"@type":"PropertyValueSpecification","valueRequired":true,"valueName":"search_term_string"}}],"inLanguage":"en-US"},{"@type":"Organization","@id":"https:\/\/vitablanca.ma\/#organization","name":"VitaBlanca","url":"https:\/\/vitablanca.ma\/","logo":{"@type":"ImageObject","inLanguage":"en-US","@id":"https:\/\/vitablanca.ma\/#\/schema\/logo\/image\/","url":"https:\/\/vitablanca.ma\/wp-content\/uploads\/2025\/05\/cropped-vitablanca.png","contentUrl":"https:\/\/vitablanca.ma\/wp-content\/uploads\/2025\/05\/cropped-vitablanca.png","width":360,"height":67,"caption":"VitaBlanca"},"image":{"@id":"https:\/\/vitablanca.ma\/#\/schema\/logo\/image\/"},"sameAs":["https:\/\/www.facebook.com\/profile.php?id=61576678196717","https:\/\/www.tiktok.com\/@vitablanca.ma","https:\/\/www.instagram.com\/vitablanca.ma\/"]}]}},"jetpack_sharing_enabled":true,"_links":{"self":[{"href":"https:\/\/vitablanca.ma\/en\/wp-json\/wp\/v2\/product\/23854","targetHints":{"allow":["GET"]}}],"collection":[{"href":"https:\/\/vitablanca.ma\/en\/wp-json\/wp\/v2\/product"}],"about":[{"href":"https:\/\/vitablanca.ma\/en\/wp-json\/wp\/v2\/types\/product"}],"wp:featuredmedia":[{"embeddable":true,"href":"https:\/\/vitablanca.ma\/en\/wp-json\/wp\/v2\/media\/23852"}],"wp:attachment":[{"href":"https:\/\/vitablanca.ma\/en\/wp-json\/wp\/v2\/media?parent=23854"}],"wp:term":[{"taxonomy":"product_brand","embeddable":true,"href":"https:\/\/vitablanca.ma\/en\/wp-json\/wp\/v2\/product_brand?post=23854"},{"taxonomy":"product_cat","embeddable":true,"href":"https:\/\/vitablanca.ma\/en\/wp-json\/wp\/v2\/product_cat?post=23854"},{"taxonomy":"product_tag","embeddable":true,"href":"https:\/\/vitablanca.ma\/en\/wp-json\/wp\/v2\/product_tag?post=23854"}],"curies":[{"name":"wp","href":"https:\/\/api.w.org\/{rel}","templated":true}]}}