{"id":23848,"date":"2025-07-10T18:36:38","date_gmt":"2025-07-10T18:36:38","guid":{"rendered":"https:\/\/vitablanca.ma\/product\/balea-concentre-hyaluron\/"},"modified":"2026-01-23T23:32:26","modified_gmt":"2026-01-23T23:32:26","slug":"balea-concentre-hyaluron","status":"publish","type":"product","link":"https:\/\/vitablanca.ma\/en\/product\/balea-concentre-hyaluron\/","title":{"rendered":"Balea \u2013 Hyaluron Concentrate"},"content":{"rendered":"<h3><strong data-end=\"183\" data-start=\"122\">Hydration boost for plump, radiant skin!<\/strong> \u2728<\/h3>\n<ul>\n<li>Reduces fine lines caused by dryness<\/li>\n<li>With algae extract and olive oil<\/li>\n<li>For silky soft skin<\/li>\n<li>For a fresh glow<\/li>\n<li>7 pieces \/ Capsules<\/li>\n<\/ul>\n<h4><strong><span style=\"font-size: 11pt; line-height: 106%; font-family: 'Segoe UI Emoji', sans-serif;\">\ud83d\udccc<\/span><span lang=\"EN-US\" style=\"font-size: 11pt; line-height: 106%; font-family: Arial, sans-serif;\"> Product Description <\/span><\/strong><\/h4>\n<p>Targeted support for a rested, fresher appearance: Balea Hydration Concentrate, enriched with vitamin E and olive oil, reduces fine lines caused by dryness. This concentrate, containing algae extract, provides intense hydration when used regularly.* Olive oil, rich in unsaturated fatty acids, promotes skin regeneration and leaves it soft and supple. Vitamin E has antioxidant properties that help protect the skin from environmental influences such as UV rays.<\/p>\n<h4><strong><span style=\"font-size: 11pt; line-height: 106%; font-family: 'Segoe UI Emoji', sans-serif;\">\ud83d\udca1<\/span><span lang=\"EN-US\" style=\"font-size: 11pt; line-height: 106%; font-family: Arial, sans-serif;\"> Directions for use\u00a0<\/span><\/strong><\/h4>\n<p>Skin tolerance confirmed under dermatological control Unscrew or cut the cap of the capsule. Apply the concentrate to the face, neck and d\u00e9collet\u00e9 after cleansing, using your fingertips. Massage in gently. Regular use (morning and evening) is recommended. The contents of the capsule are sufficient for one application.<\/p>\n<h4><strong><span lang=\"EN-US\" style=\"font-size: 11pt; line-height: 106%; font-family: 'Segoe UI Emoji', sans-serif;\">\u26a0<\/span><span style=\"font-size: 11pt; line-height: 106%; font-family: Arial, sans-serif;\">\ufe0f<\/span><span style=\"font-size: 11pt; line-height: 106%; font-family: Arial, sans-serif;\"> <span lang=\"EN-US\">Warnings<\/span><\/span><\/strong><\/h4>\n<p><strong><span style=\"font-size: 11.0pt; line-height: 106%; font-family: 'Arial',sans-serif; font-weight: normal;\"><span lang=\"EN-US\">\u00a0<\/span><\/span><\/strong><br \/>\nFor external use only. Do not swallow. Keep out of reach of children. Do not get into eyes, mouth, or nose. Do not use if skin reactions occur. We recommend using products with SPF as daytime care.<\/p>\n<h4><strong><span style=\"font-size: 11pt; line-height: 106%; font-family: 'Segoe UI Emoji', sans-serif;\">\ud83d\udce6<\/span><span lang=\"EN-US\" style=\"font-size: 11pt; line-height: 106%; font-family: Arial, sans-serif;\"> Storage tips<\/span><\/strong><\/h4>\n<p><strong><span lang=\"EN-US\" style=\"font-size: 11.0pt; line-height: 106%; font-family: 'Arial',sans-serif; font-weight: normal;\">\u00a0<\/span><\/strong><br \/>\nStore in a cool, dry place away from light.<\/p>","protected":false},"excerpt":{"rendered":"<p>Boost d\u2019hydratation pour une peau rebondie et \u00e9clatante ! \u2728 Att\u00e9nue les ridules de s\u00e9cheresse Avec extrait d&rsquo;algues et huile d&rsquo;olive Pour une peau douce comme de la soie Pour un \u00e9clat frais 7 pi\u00e8ces \/ Capsules \ud83d\udccc Description du produit Un soutien cibl\u00e9 pour une apparence repos\u00e9e et plus fra\u00eeche : le concentr\u00e9 d&rsquo;hydratation [&hellip;]<\/p>\n","protected":false},"featured_media":23845,"template":"","meta":{"om_disable_all_campaigns":false},"product_brand":[3236],"product_cat":[18],"product_tag":[6322,3237,3240,3238,3239,6321,3241,6231,6163,6323,6324,6325,6186,5863],"class_list":{"0":"post-23848","1":"product","2":"type-product","3":"status-publish","4":"has-post-thumbnail","6":"product_brand-balea-dm-prix-maroc","7":"product_cat-beaute-sante","8":"product_tag-acide-hyaluronique","9":"product_tag-balea","10":"product_tag-balea-dm","11":"product_tag-balea-maroc","12":"product_tag-balea-morocco","13":"product_tag-concentre-hyaluron","14":"product_tag-dm-maroc","15":"product_tag-fraicheur","16":"product_tag-hydratation-intense","17":"product_tag-peau-deshydratee","18":"product_tag-peau-repulpee","19":"product_tag-ridules","20":"product_tag-serum-visage","21":"product_tag-soin-visage","23":"first","24":"instock","25":"taxable","26":"shipping-taxable","27":"purchasable","28":"product-type-simple"},"yoast_head":"<!-- This site is optimized with the Yoast SEO plugin v27.4 - https:\/\/yoast.com\/product\/yoast-seo-wordpress\/ -->\n<title>Balea - Concentr\u00e9 Hyaluron - Maroc Prix<\/title>\n<meta name=\"description\" content=\"Balea Concentr\u00e9 Hyaluron hydrate intens\u00e9ment la peau, aide \u00e0 lisser les ridules et redonne souplesse et fra\u00eecheur au visage. Id\u00e9al pour tous types de peau.\" \/>\n<meta name=\"robots\" content=\"index, follow, max-snippet:-1, max-image-preview:large, max-video-preview:-1\" \/>\n<link rel=\"canonical\" href=\"https:\/\/vitablanca.ma\/en\/product\/balea-concentre-hyaluron\/\" \/>\n<meta property=\"og:locale\" content=\"en_US\" \/>\n<meta property=\"og:type\" content=\"article\" \/>\n<meta property=\"og:title\" content=\"Balea - Concentr\u00e9 Hyaluron - Maroc Prix\" \/>\n<meta property=\"og:description\" content=\"Balea Concentr\u00e9 Hyaluron hydrate intens\u00e9ment la peau, aide \u00e0 lisser les ridules et redonne souplesse et fra\u00eecheur au visage. Id\u00e9al pour tous types de peau.\" \/>\n<meta property=\"og:url\" content=\"https:\/\/vitablanca.ma\/en\/product\/balea-concentre-hyaluron\/\" \/>\n<meta property=\"og:site_name\" content=\"Vitablanca.ma &ndash; Sant&eacute;, vitalit&eacute; et bien-&ecirc;tre pour tous les Marocains\" \/>\n<meta property=\"article:publisher\" content=\"https:\/\/www.facebook.com\/profile.php?id=61576678196717\" \/>\n<meta property=\"article:modified_time\" content=\"2026-01-23T23:32:26+00:00\" \/>\n<meta property=\"og:image\" content=\"https:\/\/vitablanca.ma\/wp-content\/uploads\/2025\/07\/konzentrat-hyaluronkk.jpg\" \/>\n\t<meta property=\"og:image:width\" content=\"1200\" \/>\n\t<meta property=\"og:image:height\" content=\"1200\" \/>\n\t<meta property=\"og:image:type\" content=\"image\/jpeg\" \/>\n<meta name=\"twitter:card\" content=\"summary_large_image\" \/>\n<meta name=\"twitter:label1\" content=\"Est. reading time\" \/>\n\t<meta name=\"twitter:data1\" content=\"2 minutes\" \/>\n<script type=\"application\/ld+json\" class=\"yoast-schema-graph\">{\"@context\":\"https:\\\/\\\/schema.org\",\"@graph\":[{\"@type\":[\"WebPage\",\"ItemPage\"],\"@id\":\"https:\\\/\\\/vitablanca.ma\\\/produit\\\/balea-concentre-hyaluron\\\/\",\"url\":\"https:\\\/\\\/vitablanca.ma\\\/produit\\\/balea-concentre-hyaluron\\\/\",\"name\":\"Balea - Concentr\u00e9 Hyaluron - Maroc Prix\",\"isPartOf\":{\"@id\":\"https:\\\/\\\/vitablanca.ma\\\/#website\"},\"primaryImageOfPage\":{\"@id\":\"https:\\\/\\\/vitablanca.ma\\\/produit\\\/balea-concentre-hyaluron\\\/#primaryimage\"},\"image\":{\"@id\":\"https:\\\/\\\/vitablanca.ma\\\/produit\\\/balea-concentre-hyaluron\\\/#primaryimage\"},\"thumbnailUrl\":\"https:\\\/\\\/vitablanca.ma\\\/wp-content\\\/uploads\\\/2025\\\/07\\\/konzentrat-hyaluronkk.jpg\",\"datePublished\":\"2025-07-10T18:36:38+00:00\",\"dateModified\":\"2026-01-23T23:32:26+00:00\",\"description\":\"Balea Concentr\u00e9 Hyaluron hydrate intens\u00e9ment la peau, aide \u00e0 lisser les ridules et redonne souplesse et fra\u00eecheur au visage. Id\u00e9al pour tous types de peau.\",\"breadcrumb\":{\"@id\":\"https:\\\/\\\/vitablanca.ma\\\/produit\\\/balea-concentre-hyaluron\\\/#breadcrumb\"},\"inLanguage\":\"en-US\",\"potentialAction\":[{\"@type\":\"ReadAction\",\"target\":[\"https:\\\/\\\/vitablanca.ma\\\/produit\\\/balea-concentre-hyaluron\\\/\"]}]},{\"@type\":\"ImageObject\",\"inLanguage\":\"en-US\",\"@id\":\"https:\\\/\\\/vitablanca.ma\\\/produit\\\/balea-concentre-hyaluron\\\/#primaryimage\",\"url\":\"https:\\\/\\\/vitablanca.ma\\\/wp-content\\\/uploads\\\/2025\\\/07\\\/konzentrat-hyaluronkk.jpg\",\"contentUrl\":\"https:\\\/\\\/vitablanca.ma\\\/wp-content\\\/uploads\\\/2025\\\/07\\\/konzentrat-hyaluronkk.jpg\",\"width\":1200,\"height\":1200},{\"@type\":\"BreadcrumbList\",\"@id\":\"https:\\\/\\\/vitablanca.ma\\\/produit\\\/balea-concentre-hyaluron\\\/#breadcrumb\",\"itemListElement\":[{\"@type\":\"ListItem\",\"position\":1,\"name\":\"Home\",\"item\":\"https:\\\/\\\/vitablanca.ma\\\/\"},{\"@type\":\"ListItem\",\"position\":2,\"name\":\"Tous Les Produits\",\"item\":\"https:\\\/\\\/vitablanca.ma\\\/tous-les-produits\\\/\"},{\"@type\":\"ListItem\",\"position\":3,\"name\":\"Balea &#8211; Concentr\u00e9 Hyaluron\"}]},{\"@type\":\"WebSite\",\"@id\":\"https:\\\/\\\/vitablanca.ma\\\/#website\",\"url\":\"https:\\\/\\\/vitablanca.ma\\\/\",\"name\":\"VitaBlanca.ma | Compl\u00e9ments alimentaires, sant\u00e9 & beaut\u00e9 au Maroc\",\"description\":\"vendre vitamines et compl\u00e9ments premium des USA &amp; Canada, Nouvelle Z\u00e9lande,Maroc (NOW Foods, Solgar, Manuka). Livraison rapide partout au Maroc.\",\"publisher\":{\"@id\":\"https:\\\/\\\/vitablanca.ma\\\/#organization\"},\"alternateName\":\"VitaBlanca.ma\",\"potentialAction\":[{\"@type\":\"SearchAction\",\"target\":{\"@type\":\"EntryPoint\",\"urlTemplate\":\"https:\\\/\\\/vitablanca.ma\\\/?s={search_term_string}\"},\"query-input\":{\"@type\":\"PropertyValueSpecification\",\"valueRequired\":true,\"valueName\":\"search_term_string\"}}],\"inLanguage\":\"en-US\"},{\"@type\":\"Organization\",\"@id\":\"https:\\\/\\\/vitablanca.ma\\\/#organization\",\"name\":\"VitaBlanca\",\"url\":\"https:\\\/\\\/vitablanca.ma\\\/\",\"logo\":{\"@type\":\"ImageObject\",\"inLanguage\":\"en-US\",\"@id\":\"https:\\\/\\\/vitablanca.ma\\\/#\\\/schema\\\/logo\\\/image\\\/\",\"url\":\"https:\\\/\\\/vitablanca.ma\\\/wp-content\\\/uploads\\\/2025\\\/05\\\/cropped-vitablanca.png\",\"contentUrl\":\"https:\\\/\\\/vitablanca.ma\\\/wp-content\\\/uploads\\\/2025\\\/05\\\/cropped-vitablanca.png\",\"width\":360,\"height\":67,\"caption\":\"VitaBlanca\"},\"image\":{\"@id\":\"https:\\\/\\\/vitablanca.ma\\\/#\\\/schema\\\/logo\\\/image\\\/\"},\"sameAs\":[\"https:\\\/\\\/www.facebook.com\\\/profile.php?id=61576678196717\",\"https:\\\/\\\/www.tiktok.com\\\/@vitablanca.ma\",\"https:\\\/\\\/www.instagram.com\\\/vitablanca.ma\\\/\"]}]}<\/script>\n<!-- \/ Yoast SEO plugin. -->","yoast_head_json":{"title":"Balea - Hyaluron Concentrate - Morocco Price","description":"Balea Concentr\u00e9 Hyaluron hydrate intens\u00e9ment la peau, aide \u00e0 lisser les ridules et redonne souplesse et fra\u00eecheur au visage. Id\u00e9al pour tous types de peau.","robots":{"index":"index","follow":"follow","max-snippet":"max-snippet:-1","max-image-preview":"max-image-preview:large","max-video-preview":"max-video-preview:-1"},"canonical":"https:\/\/vitablanca.ma\/en\/product\/balea-concentre-hyaluron\/","og_locale":"en_US","og_type":"article","og_title":"Balea - Concentr\u00e9 Hyaluron - Maroc Prix","og_description":"Balea Concentr\u00e9 Hyaluron hydrate intens\u00e9ment la peau, aide \u00e0 lisser les ridules et redonne souplesse et fra\u00eecheur au visage. Id\u00e9al pour tous types de peau.","og_url":"https:\/\/vitablanca.ma\/en\/product\/balea-concentre-hyaluron\/","og_site_name":"Vitablanca.ma &ndash; Sant&eacute;, vitalit&eacute; et bien-&ecirc;tre pour tous les Marocains","article_publisher":"https:\/\/www.facebook.com\/profile.php?id=61576678196717","article_modified_time":"2026-01-23T23:32:26+00:00","og_image":[{"width":1200,"height":1200,"url":"https:\/\/vitablanca.ma\/wp-content\/uploads\/2025\/07\/konzentrat-hyaluronkk.jpg","type":"image\/jpeg"}],"twitter_card":"summary_large_image","twitter_misc":{"Est. reading time":"2 minutes"},"schema":{"@context":"https:\/\/schema.org","@graph":[{"@type":["WebPage","ItemPage"],"@id":"https:\/\/vitablanca.ma\/produit\/balea-concentre-hyaluron\/","url":"https:\/\/vitablanca.ma\/produit\/balea-concentre-hyaluron\/","name":"Balea - Hyaluron Concentrate - Morocco Price","isPartOf":{"@id":"https:\/\/vitablanca.ma\/#website"},"primaryImageOfPage":{"@id":"https:\/\/vitablanca.ma\/produit\/balea-concentre-hyaluron\/#primaryimage"},"image":{"@id":"https:\/\/vitablanca.ma\/produit\/balea-concentre-hyaluron\/#primaryimage"},"thumbnailUrl":"https:\/\/vitablanca.ma\/wp-content\/uploads\/2025\/07\/konzentrat-hyaluronkk.jpg","datePublished":"2025-07-10T18:36:38+00:00","dateModified":"2026-01-23T23:32:26+00:00","description":"Balea Concentr\u00e9 Hyaluron hydrate intens\u00e9ment la peau, aide \u00e0 lisser les ridules et redonne souplesse et fra\u00eecheur au visage. Id\u00e9al pour tous types de peau.","breadcrumb":{"@id":"https:\/\/vitablanca.ma\/produit\/balea-concentre-hyaluron\/#breadcrumb"},"inLanguage":"en-US","potentialAction":[{"@type":"ReadAction","target":["https:\/\/vitablanca.ma\/produit\/balea-concentre-hyaluron\/"]}]},{"@type":"ImageObject","inLanguage":"en-US","@id":"https:\/\/vitablanca.ma\/produit\/balea-concentre-hyaluron\/#primaryimage","url":"https:\/\/vitablanca.ma\/wp-content\/uploads\/2025\/07\/konzentrat-hyaluronkk.jpg","contentUrl":"https:\/\/vitablanca.ma\/wp-content\/uploads\/2025\/07\/konzentrat-hyaluronkk.jpg","width":1200,"height":1200},{"@type":"BreadcrumbList","@id":"https:\/\/vitablanca.ma\/produit\/balea-concentre-hyaluron\/#breadcrumb","itemListElement":[{"@type":"ListItem","position":1,"name":"Home","item":"https:\/\/vitablanca.ma\/"},{"@type":"ListItem","position":2,"name":"Tous Les Produits","item":"https:\/\/vitablanca.ma\/tous-les-produits\/"},{"@type":"ListItem","position":3,"name":"Balea &#8211; Concentr\u00e9 Hyaluron"}]},{"@type":"WebSite","@id":"https:\/\/vitablanca.ma\/#website","url":"https:\/\/vitablanca.ma\/","name":"VitaBlanca.ma | Food supplements, health &amp; beauty in Morocco","description":"sell premium vitamins and supplements from USA &amp; Canada, New Zealand, Morocco (NOW Foods, Solgar, Manuka). Fast delivery anywhere in Morocco.","publisher":{"@id":"https:\/\/vitablanca.ma\/#organization"},"alternateName":"VitaBlanca.ma","potentialAction":[{"@type":"SearchAction","target":{"@type":"EntryPoint","urlTemplate":"https:\/\/vitablanca.ma\/?s={search_term_string}"},"query-input":{"@type":"PropertyValueSpecification","valueRequired":true,"valueName":"search_term_string"}}],"inLanguage":"en-US"},{"@type":"Organization","@id":"https:\/\/vitablanca.ma\/#organization","name":"VitaBlanca","url":"https:\/\/vitablanca.ma\/","logo":{"@type":"ImageObject","inLanguage":"en-US","@id":"https:\/\/vitablanca.ma\/#\/schema\/logo\/image\/","url":"https:\/\/vitablanca.ma\/wp-content\/uploads\/2025\/05\/cropped-vitablanca.png","contentUrl":"https:\/\/vitablanca.ma\/wp-content\/uploads\/2025\/05\/cropped-vitablanca.png","width":360,"height":67,"caption":"VitaBlanca"},"image":{"@id":"https:\/\/vitablanca.ma\/#\/schema\/logo\/image\/"},"sameAs":["https:\/\/www.facebook.com\/profile.php?id=61576678196717","https:\/\/www.tiktok.com\/@vitablanca.ma","https:\/\/www.instagram.com\/vitablanca.ma\/"]}]}},"jetpack_sharing_enabled":true,"_links":{"self":[{"href":"https:\/\/vitablanca.ma\/en\/wp-json\/wp\/v2\/product\/23848","targetHints":{"allow":["GET"]}}],"collection":[{"href":"https:\/\/vitablanca.ma\/en\/wp-json\/wp\/v2\/product"}],"about":[{"href":"https:\/\/vitablanca.ma\/en\/wp-json\/wp\/v2\/types\/product"}],"wp:featuredmedia":[{"embeddable":true,"href":"https:\/\/vitablanca.ma\/en\/wp-json\/wp\/v2\/media\/23845"}],"wp:attachment":[{"href":"https:\/\/vitablanca.ma\/en\/wp-json\/wp\/v2\/media?parent=23848"}],"wp:term":[{"taxonomy":"product_brand","embeddable":true,"href":"https:\/\/vitablanca.ma\/en\/wp-json\/wp\/v2\/product_brand?post=23848"},{"taxonomy":"product_cat","embeddable":true,"href":"https:\/\/vitablanca.ma\/en\/wp-json\/wp\/v2\/product_cat?post=23848"},{"taxonomy":"product_tag","embeddable":true,"href":"https:\/\/vitablanca.ma\/en\/wp-json\/wp\/v2\/product_tag?post=23848"}],"curies":[{"name":"wp","href":"https:\/\/api.w.org\/{rel}","templated":true}]}}