{"id":23825,"date":"2025-07-10T18:34:15","date_gmt":"2025-07-10T18:34:15","guid":{"rendered":"https:\/\/vitablanca.ma\/product\/balea-masque-capillaire-plex-care-2en1\/"},"modified":"2026-01-25T18:21:28","modified_gmt":"2026-01-25T18:21:28","slug":"balea-masque-capillaire-plex-care-2en1","status":"publish","type":"product","link":"https:\/\/vitablanca.ma\/en\/product\/balea-masque-capillaire-plex-care-2en1\/","title":{"rendered":"Balea \u2013 Plex Care 2in1 hair mask"},"content":{"rendered":"<h3>Soin profond 2en1 \ud83d\udc86\u2640\ufe0f R\u00e9pare & lisse les cheveux ab\u00eem\u00e9s \u2728\ud83c\udf43<\/h3>\n<ul>\n<li>Hair Type: Damaged\/Blemished Hair, Dry Hair<\/li>\n<li>Product Features: Alcohol-Free, Ammonia-Free, Vegan<\/li>\n<li>Helps fill gaps in the hair structure<\/li>\n<li>For chemically treated and damaged hair<\/li>\n<li>Intense-Repair Technology<\/li>\n<li>Avec un complexe triple de prot\u00e9ines et d\u2019acides amin\u00e9s<\/li>\n<li>Volume: 250 ml<\/li>\n<\/ul>\n<h4><strong><span style=\"font-size: 11pt; line-height: 104%; font-family: 'Segoe UI Emoji', sans-serif;\">\ud83d\udccc<\/span><span lang=\"EN-US\" style=\"font-size: 11pt; line-height: 104%; font-family: Arial, sans-serif;\"> Product Description<\/span><\/strong><\/h4>\n<p>Le masque capillaire Plex Care 2en1 de Balea Professional au complexe triple de prot\u00e9ines et d\u2019acides amin\u00e9s renforce les cheveux et reconstruit la structure capillaire ab\u00eem\u00e9e. Il lisse la structure capillaire et r\u00e9duit les dommages caus\u00e9s par les fourches et les cheveux cass\u00e9s. Le soin intensif en profondeur garantit des fibres capillaires renforc\u00e9es et des cheveux faciles \u00e0 coiffer. Pour des fibres capillaires renforc\u00e9es et des cheveux brillants de sant\u00e9.<\/p>\n<h4><strong><span style=\"font-size: 11pt; line-height: 104%; font-family: 'Segoe UI Emoji', sans-serif;\">\ud83d\udca1<\/span><span lang=\"EN-US\" style=\"font-size: 11pt; line-height: 104%; font-family: Arial, sans-serif;\"> Directions for use<\/span><\/strong><\/h4>\n<p>1. comme pr\u00e9-masque capillaire : appliquer en massage sur les cheveux essor\u00e9s et laisser agir au moins 10 minutes. Rincer ensuite soigneusement et traiter comme d\u2019habitude avec un shampooing et un apr\u00e8s-shampooing. Scelle les cheveux et pr\u00e9vient la perte d\u2019humidit\u00e9 lors du lavage. 2. comme traitement capillaire : appliquer sur les cheveux mouill\u00e9s apr\u00e8s le shampooing et laisser agir pendant environ 3 minutes \u2013 puis rincer abondamment.<\/p>","protected":false},"excerpt":{"rendered":"<p>Soin profond 2en1 \ud83d\udc86\u2640\ufe0f R\u00e9pare &#038; lisse les cheveux ab\u00eem\u00e9s \u2728\ud83c\udf43 Type de cheveux : Cheveux ab\u00eem\u00e9s\/ab\u00eem\u00e9s, Cheveux secs Caract\u00e9ristiques du produit : Sans alcool, Sans ammoniaque, V\u00e9g\u00e9talien Aide \u00e0 combler les lacunes de la structure capillaire Pour les cheveux trait\u00e9s chimiquement et ab\u00eem\u00e9s Technologie Intense-Repair Avec un complexe triple de prot\u00e9ines et d\u2019acides amin\u00e9s [&hellip;]<\/p>\n","protected":false},"featured_media":23822,"template":"","meta":[],"product_brand":[3236],"product_cat":[18],"product_tag":[6410,3237,3240,3238,3239,5834,6052,6054,3241,6408,6411,6409,3427,6162],"class_list":{"0":"post-23825","1":"product","2":"type-product","3":"status-publish","4":"has-post-thumbnail","6":"product_brand-balea-dm-prix-maroc","7":"product_cat-beaute-sante","8":"product_tag-2en1","9":"product_tag-balea","10":"product_tag-balea-dm","11":"product_tag-balea-maroc","12":"product_tag-balea-morocco","13":"product_tag-cheveux-abimes","14":"product_tag-cheveux-brillants","15":"product_tag-cheveux-secs","16":"product_tag-dm-maroc","17":"product_tag-masque-capillaire","18":"product_tag-nutrition-intense","19":"product_tag-plex-care","20":"product_tag-reparation-cheveux","21":"product_tag-soin-capillaire","23":"first","24":"instock","25":"taxable","26":"shipping-taxable","27":"purchasable","28":"product-type-simple"},"yoast_head":"<!-- This site is optimized with the Yoast SEO plugin v27.6 - https:\/\/yoast.com\/product\/yoast-seo-wordpress\/ -->\n<title>Balea Masque Capillaire Plex Care 2en1 Maroc Prix<\/title>\n<meta name=\"description\" content=\"Balea Masque Capillaire Plex Care 2en1 r\u00e9pare les cheveux ab\u00eem\u00e9s, nourrit intens\u00e9ment et prot\u00e8ge la fibre capillaire. Cheveux doux, brillants et renforc\u00e9s.\" \/>\n<meta name=\"robots\" content=\"index, follow, max-snippet:-1, max-image-preview:large, max-video-preview:-1\" \/>\n<link rel=\"canonical\" href=\"https:\/\/vitablanca.ma\/en\/product\/balea-masque-capillaire-plex-care-2en1\/\" \/>\n<meta property=\"og:locale\" content=\"en_US\" \/>\n<meta property=\"og:type\" content=\"article\" \/>\n<meta property=\"og:title\" content=\"Balea Masque Capillaire Plex Care 2en1 Maroc Prix\" \/>\n<meta property=\"og:description\" content=\"Balea Masque Capillaire Plex Care 2en1 r\u00e9pare les cheveux ab\u00eem\u00e9s, nourrit intens\u00e9ment et prot\u00e8ge la fibre capillaire. Cheveux doux, brillants et renforc\u00e9s.\" \/>\n<meta property=\"og:url\" content=\"https:\/\/vitablanca.ma\/en\/product\/balea-masque-capillaire-plex-care-2en1\/\" \/>\n<meta property=\"og:site_name\" content=\"Vitablanca.ma &ndash; Sant&eacute;, vitalit&eacute; et bien-&ecirc;tre pour tous les Marocains\" \/>\n<meta property=\"article:publisher\" content=\"https:\/\/www.facebook.com\/profile.php?id=61576678196717\" \/>\n<meta property=\"article:modified_time\" content=\"2026-01-25T18:21:28+00:00\" \/>\n<meta property=\"og:image\" content=\"https:\/\/vitablanca.ma\/wp-content\/uploads\/2025\/07\/4066447378757-4007102.png\" \/>\n\t<meta property=\"og:image:width\" content=\"1202\" \/>\n\t<meta property=\"og:image:height\" content=\"1200\" \/>\n\t<meta property=\"og:image:type\" content=\"image\/png\" \/>\n<meta name=\"twitter:card\" content=\"summary_large_image\" \/>\n<meta name=\"twitter:label1\" content=\"Est. reading time\" \/>\n\t<meta name=\"twitter:data1\" content=\"2 minutes\" \/>\n<script type=\"application\/ld+json\" class=\"yoast-schema-graph\">{\"@context\":\"https:\\\/\\\/schema.org\",\"@graph\":[{\"@type\":[\"WebPage\",\"ItemPage\"],\"@id\":\"https:\\\/\\\/vitablanca.ma\\\/produit\\\/balea-masque-capillaire-plex-care-2en1\\\/\",\"url\":\"https:\\\/\\\/vitablanca.ma\\\/produit\\\/balea-masque-capillaire-plex-care-2en1\\\/\",\"name\":\"Balea Masque Capillaire Plex Care 2en1 Maroc Prix\",\"isPartOf\":{\"@id\":\"https:\\\/\\\/vitablanca.ma\\\/#website\"},\"primaryImageOfPage\":{\"@id\":\"https:\\\/\\\/vitablanca.ma\\\/produit\\\/balea-masque-capillaire-plex-care-2en1\\\/#primaryimage\"},\"image\":{\"@id\":\"https:\\\/\\\/vitablanca.ma\\\/produit\\\/balea-masque-capillaire-plex-care-2en1\\\/#primaryimage\"},\"thumbnailUrl\":\"https:\\\/\\\/vitablanca.ma\\\/wp-content\\\/uploads\\\/2025\\\/07\\\/4066447378757-4007102.png\",\"datePublished\":\"2025-07-10T18:34:15+00:00\",\"dateModified\":\"2026-01-25T18:21:28+00:00\",\"description\":\"Balea Masque Capillaire Plex Care 2en1 r\u00e9pare les cheveux ab\u00eem\u00e9s, nourrit intens\u00e9ment et prot\u00e8ge la fibre capillaire. Cheveux doux, brillants et renforc\u00e9s.\",\"breadcrumb\":{\"@id\":\"https:\\\/\\\/vitablanca.ma\\\/produit\\\/balea-masque-capillaire-plex-care-2en1\\\/#breadcrumb\"},\"inLanguage\":\"en-US\",\"potentialAction\":[{\"@type\":\"ReadAction\",\"target\":[\"https:\\\/\\\/vitablanca.ma\\\/produit\\\/balea-masque-capillaire-plex-care-2en1\\\/\"]}]},{\"@type\":\"ImageObject\",\"inLanguage\":\"en-US\",\"@id\":\"https:\\\/\\\/vitablanca.ma\\\/produit\\\/balea-masque-capillaire-plex-care-2en1\\\/#primaryimage\",\"url\":\"https:\\\/\\\/vitablanca.ma\\\/wp-content\\\/uploads\\\/2025\\\/07\\\/4066447378757-4007102.png\",\"contentUrl\":\"https:\\\/\\\/vitablanca.ma\\\/wp-content\\\/uploads\\\/2025\\\/07\\\/4066447378757-4007102.png\",\"width\":1202,\"height\":1200},{\"@type\":\"BreadcrumbList\",\"@id\":\"https:\\\/\\\/vitablanca.ma\\\/produit\\\/balea-masque-capillaire-plex-care-2en1\\\/#breadcrumb\",\"itemListElement\":[{\"@type\":\"ListItem\",\"position\":1,\"name\":\"Home\",\"item\":\"https:\\\/\\\/vitablanca.ma\\\/\"},{\"@type\":\"ListItem\",\"position\":2,\"name\":\"Tous Les Produits\",\"item\":\"https:\\\/\\\/vitablanca.ma\\\/tous-les-produits\\\/\"},{\"@type\":\"ListItem\",\"position\":3,\"name\":\"Balea &#8211; Masque capillaire Plex Care 2en1\"}]},{\"@type\":\"WebSite\",\"@id\":\"https:\\\/\\\/vitablanca.ma\\\/#website\",\"url\":\"https:\\\/\\\/vitablanca.ma\\\/\",\"name\":\"VitaBlanca.ma | Compl\u00e9ments alimentaires, sant\u00e9 & beaut\u00e9 au Maroc\",\"description\":\"vendre vitamines et compl\u00e9ments premium des USA &amp; Canada, Nouvelle Z\u00e9lande,Maroc (NOW Foods, Solgar, Manuka). Livraison rapide partout au Maroc.\",\"publisher\":{\"@id\":\"https:\\\/\\\/vitablanca.ma\\\/#organization\"},\"alternateName\":\"VitaBlanca.ma\",\"potentialAction\":[{\"@type\":\"SearchAction\",\"target\":{\"@type\":\"EntryPoint\",\"urlTemplate\":\"https:\\\/\\\/vitablanca.ma\\\/?s={search_term_string}\"},\"query-input\":{\"@type\":\"PropertyValueSpecification\",\"valueRequired\":true,\"valueName\":\"search_term_string\"}}],\"inLanguage\":\"en-US\"},{\"@type\":\"Organization\",\"@id\":\"https:\\\/\\\/vitablanca.ma\\\/#organization\",\"name\":\"VitaBlanca\",\"url\":\"https:\\\/\\\/vitablanca.ma\\\/\",\"logo\":{\"@type\":\"ImageObject\",\"inLanguage\":\"en-US\",\"@id\":\"https:\\\/\\\/vitablanca.ma\\\/#\\\/schema\\\/logo\\\/image\\\/\",\"url\":\"https:\\\/\\\/vitablanca.ma\\\/wp-content\\\/uploads\\\/2025\\\/05\\\/cropped-vitablanca.png\",\"contentUrl\":\"https:\\\/\\\/vitablanca.ma\\\/wp-content\\\/uploads\\\/2025\\\/05\\\/cropped-vitablanca.png\",\"width\":360,\"height\":67,\"caption\":\"VitaBlanca\"},\"image\":{\"@id\":\"https:\\\/\\\/vitablanca.ma\\\/#\\\/schema\\\/logo\\\/image\\\/\"},\"sameAs\":[\"https:\\\/\\\/www.facebook.com\\\/profile.php?id=61576678196717\",\"https:\\\/\\\/www.tiktok.com\\\/@vitablanca.ma\",\"https:\\\/\\\/www.instagram.com\\\/vitablanca.ma\\\/\"]}]}<\/script>\n<!-- \/ Yoast SEO plugin. -->","yoast_head_json":{"title":"Balea Masque Capillaire Plex Care 2en1 Maroc Prix","description":"Balea Masque Capillaire Plex Care 2en1 r\u00e9pare les cheveux ab\u00eem\u00e9s, nourrit intens\u00e9ment et prot\u00e8ge la fibre capillaire. Cheveux doux, brillants et renforc\u00e9s.","robots":{"index":"index","follow":"follow","max-snippet":"max-snippet:-1","max-image-preview":"max-image-preview:large","max-video-preview":"max-video-preview:-1"},"canonical":"https:\/\/vitablanca.ma\/en\/product\/balea-masque-capillaire-plex-care-2en1\/","og_locale":"en_US","og_type":"article","og_title":"Balea Masque Capillaire Plex Care 2en1 Maroc Prix","og_description":"Balea Masque Capillaire Plex Care 2en1 r\u00e9pare les cheveux ab\u00eem\u00e9s, nourrit intens\u00e9ment et prot\u00e8ge la fibre capillaire. Cheveux doux, brillants et renforc\u00e9s.","og_url":"https:\/\/vitablanca.ma\/en\/product\/balea-masque-capillaire-plex-care-2en1\/","og_site_name":"Vitablanca.ma &ndash; Sant&eacute;, vitalit&eacute; et bien-&ecirc;tre pour tous les Marocains","article_publisher":"https:\/\/www.facebook.com\/profile.php?id=61576678196717","article_modified_time":"2026-01-25T18:21:28+00:00","og_image":[{"width":1202,"height":1200,"url":"https:\/\/vitablanca.ma\/wp-content\/uploads\/2025\/07\/4066447378757-4007102.png","type":"image\/png"}],"twitter_card":"summary_large_image","twitter_misc":{"Est. reading time":"2 minutes"},"schema":{"@context":"https:\/\/schema.org","@graph":[{"@type":["WebPage","ItemPage"],"@id":"https:\/\/vitablanca.ma\/produit\/balea-masque-capillaire-plex-care-2en1\/","url":"https:\/\/vitablanca.ma\/produit\/balea-masque-capillaire-plex-care-2en1\/","name":"Balea Masque Capillaire Plex Care 2en1 Maroc Prix","isPartOf":{"@id":"https:\/\/vitablanca.ma\/#website"},"primaryImageOfPage":{"@id":"https:\/\/vitablanca.ma\/produit\/balea-masque-capillaire-plex-care-2en1\/#primaryimage"},"image":{"@id":"https:\/\/vitablanca.ma\/produit\/balea-masque-capillaire-plex-care-2en1\/#primaryimage"},"thumbnailUrl":"https:\/\/vitablanca.ma\/wp-content\/uploads\/2025\/07\/4066447378757-4007102.png","datePublished":"2025-07-10T18:34:15+00:00","dateModified":"2026-01-25T18:21:28+00:00","description":"Balea Masque Capillaire Plex Care 2en1 r\u00e9pare les cheveux ab\u00eem\u00e9s, nourrit intens\u00e9ment et prot\u00e8ge la fibre capillaire. Cheveux doux, brillants et renforc\u00e9s.","breadcrumb":{"@id":"https:\/\/vitablanca.ma\/produit\/balea-masque-capillaire-plex-care-2en1\/#breadcrumb"},"inLanguage":"en-US","potentialAction":[{"@type":"ReadAction","target":["https:\/\/vitablanca.ma\/produit\/balea-masque-capillaire-plex-care-2en1\/"]}]},{"@type":"ImageObject","inLanguage":"en-US","@id":"https:\/\/vitablanca.ma\/produit\/balea-masque-capillaire-plex-care-2en1\/#primaryimage","url":"https:\/\/vitablanca.ma\/wp-content\/uploads\/2025\/07\/4066447378757-4007102.png","contentUrl":"https:\/\/vitablanca.ma\/wp-content\/uploads\/2025\/07\/4066447378757-4007102.png","width":1202,"height":1200},{"@type":"BreadcrumbList","@id":"https:\/\/vitablanca.ma\/produit\/balea-masque-capillaire-plex-care-2en1\/#breadcrumb","itemListElement":[{"@type":"ListItem","position":1,"name":"Home","item":"https:\/\/vitablanca.ma\/"},{"@type":"ListItem","position":2,"name":"Tous Les Produits","item":"https:\/\/vitablanca.ma\/tous-les-produits\/"},{"@type":"ListItem","position":3,"name":"Balea &#8211; Masque capillaire Plex Care 2en1"}]},{"@type":"WebSite","@id":"https:\/\/vitablanca.ma\/#website","url":"https:\/\/vitablanca.ma\/","name":"VitaBlanca.ma | Food supplements, health &amp; beauty in Morocco","description":"sell premium vitamins and supplements from USA &amp; Canada, New Zealand, Morocco (NOW Foods, Solgar, Manuka). Fast delivery anywhere in Morocco.","publisher":{"@id":"https:\/\/vitablanca.ma\/#organization"},"alternateName":"VitaBlanca.ma","potentialAction":[{"@type":"SearchAction","target":{"@type":"EntryPoint","urlTemplate":"https:\/\/vitablanca.ma\/?s={search_term_string}"},"query-input":{"@type":"PropertyValueSpecification","valueRequired":true,"valueName":"search_term_string"}}],"inLanguage":"en-US"},{"@type":"Organization","@id":"https:\/\/vitablanca.ma\/#organization","name":"VitaBlanca","url":"https:\/\/vitablanca.ma\/","logo":{"@type":"ImageObject","inLanguage":"en-US","@id":"https:\/\/vitablanca.ma\/#\/schema\/logo\/image\/","url":"https:\/\/vitablanca.ma\/wp-content\/uploads\/2025\/05\/cropped-vitablanca.png","contentUrl":"https:\/\/vitablanca.ma\/wp-content\/uploads\/2025\/05\/cropped-vitablanca.png","width":360,"height":67,"caption":"VitaBlanca"},"image":{"@id":"https:\/\/vitablanca.ma\/#\/schema\/logo\/image\/"},"sameAs":["https:\/\/www.facebook.com\/profile.php?id=61576678196717","https:\/\/www.tiktok.com\/@vitablanca.ma","https:\/\/www.instagram.com\/vitablanca.ma\/"]}]}},"jetpack_sharing_enabled":true,"_links":{"self":[{"href":"https:\/\/vitablanca.ma\/en\/wp-json\/wp\/v2\/product\/23825","targetHints":{"allow":["GET"]}}],"collection":[{"href":"https:\/\/vitablanca.ma\/en\/wp-json\/wp\/v2\/product"}],"about":[{"href":"https:\/\/vitablanca.ma\/en\/wp-json\/wp\/v2\/types\/product"}],"wp:featuredmedia":[{"embeddable":true,"href":"https:\/\/vitablanca.ma\/en\/wp-json\/wp\/v2\/media\/23822"}],"wp:attachment":[{"href":"https:\/\/vitablanca.ma\/en\/wp-json\/wp\/v2\/media?parent=23825"}],"wp:term":[{"taxonomy":"product_brand","embeddable":true,"href":"https:\/\/vitablanca.ma\/en\/wp-json\/wp\/v2\/product_brand?post=23825"},{"taxonomy":"product_cat","embeddable":true,"href":"https:\/\/vitablanca.ma\/en\/wp-json\/wp\/v2\/product_cat?post=23825"},{"taxonomy":"product_tag","embeddable":true,"href":"https:\/\/vitablanca.ma\/en\/wp-json\/wp\/v2\/product_tag?post=23825"}],"curies":[{"name":"wp","href":"https:\/\/api.w.org\/{rel}","templated":true}]}}