{"id":23817,"date":"2025-07-10T18:33:33","date_gmt":"2025-07-10T18:33:33","guid":{"rendered":"https:\/\/vitablanca.ma\/product\/serum-q10-anti-rides-30-ml\/"},"modified":"2026-04-22T21:51:53","modified_gmt":"2026-04-22T21:51:53","slug":"serum-q10-anti-rides-30-ml","status":"publish","type":"product","link":"https:\/\/vitablanca.ma\/en\/product\/serum-q10-anti-rides-30-ml\/","title":{"rendered":"Balea dm S\u00e9rum Q10 anti-rides, 30 ml"},"content":{"rendered":"<ul>\n<li>Effect: Skin firming<\/li>\n<li>Skin type: Mature<\/li>\n<li>Zone d\u2019application : Visage<\/li>\n<li>Product properties: Alcohol-free, Colorant-free, Nanoparticle-free, Paraben-free, Paraffin\/mineral oil-free<\/li>\n<li>Texture \/ Consistency \/ Application: Serum<\/li>\n<li>Reduces the first fine lines and the depth of wrinkles (confirmed under dermatological control)<\/li>\n<li>Skin tolerance confirmed under dermatological control<\/li>\n<li>Firming treatment<\/li>\n<li>Formule sans microplastiques & sans polym\u00e8res purement synth\u00e9tiques solubles dans l\u2019eau<\/li>\n<\/ul>\n<p>\u00a0<\/p>\n<p>Le s\u00e9rum anti-rides Balea Q10 au complexe om\u00e9ga est riche en acides gras essentiels et renforce la r\u00e9sistance de la peau. Sa formule hautement concentr\u00e9e permet d\u2019obtenir une peau plus lisse et est efficace contre les rides d\u2019expression. Le Q10 est un fournisseur d\u2019\u00e9nergie efficace pour les cellules. Il soutient les fonctions cellulaires propres \u00e0 la peau et contribue activement \u00e0 sa r\u00e9g\u00e9n\u00e9ration. Les vitamines C et E prot\u00e8gent contre les radicaux libres.<\/p>\n<p><strong>Directions for use<\/strong><br \/>\nApply morning and evening to the face, neck, and d\u00e9collet\u00e9 after cleansing. Massage gently to absorb. Avoid the eye area. Ideal as a makeup base.<\/p>","protected":false},"excerpt":{"rendered":"<p>Effet : Raffermissant de la peau Type de peau : Mature Zone d\u2019application : Visage Propri\u00e9t\u00e9s du produit : Sans alcool, Sans colorant, Sans nanoparticules, Sans parab\u00e8ne, Sans paraffine \/ huiles min\u00e9rales Texture \/ Consistance \/ Application : S\u00e9rum Att\u00e9nue les premi\u00e8res ridules et la profondeur des rides (confirm\u00e9 sous contr\u00f4le dermatologique) Tol\u00e9rance cutan\u00e9e confirm\u00e9e [&hellip;]<\/p>\n","protected":false},"featured_media":23810,"template":"","meta":[],"product_brand":[3236],"product_cat":[18],"product_tag":[6187,6367,6418,3237,3240,3238,3239,3241,6268,6419,6325,6420,6417,5863,6269],"class_list":{"0":"post-23817","1":"product","2":"type-product","3":"status-publish","4":"has-post-thumbnail","6":"product_brand-balea-dm-prix-maroc","7":"product_cat-beaute-sante","8":"product_tag-30-ml","9":"product_tag-anti-age","10":"product_tag-anti-rides","11":"product_tag-balea","12":"product_tag-balea-dm","13":"product_tag-balea-maroc","14":"product_tag-balea-morocco","15":"product_tag-dm-maroc","16":"product_tag-peau-lisse","17":"product_tag-peau-raffermie","18":"product_tag-ridules","19":"product_tag-serum-hydratant","20":"product_tag-serum-q10","21":"product_tag-soin-visage","22":"product_tag-teint-eclatant","24":"first","25":"instock","26":"sale","27":"taxable","28":"shipping-taxable","29":"purchasable","30":"product-type-simple"},"yoast_head":"<!-- This site is optimized with the Yoast SEO plugin v27.6 - https:\/\/yoast.com\/product\/yoast-seo-wordpress\/ -->\n<title>Balea dm S\u00e9rum Q10 Anti-Rides 30 ml - Maroc Prix<\/title>\n<meta name=\"description\" content=\"S\u00e9rum Q10 Anti-Rides 30 ml combat les signes du vieillissement, raffermit la peau et att\u00e9nue les rides. Formule l\u00e9g\u00e8re pour un teint lisse,Balea dm\" \/>\n<meta name=\"robots\" content=\"index, follow, max-snippet:-1, max-image-preview:large, max-video-preview:-1\" \/>\n<link rel=\"canonical\" href=\"https:\/\/vitablanca.ma\/en\/product\/serum-q10-anti-rides-30-ml\/\" \/>\n<meta property=\"og:locale\" content=\"en_US\" \/>\n<meta property=\"og:type\" content=\"article\" \/>\n<meta property=\"og:title\" content=\"Balea dm S\u00e9rum Q10 Anti-Rides 30 ml - Maroc Prix\" \/>\n<meta property=\"og:description\" content=\"S\u00e9rum Q10 Anti-Rides 30 ml combat les signes du vieillissement, raffermit la peau et att\u00e9nue les rides. Formule l\u00e9g\u00e8re pour un teint lisse,Balea dm\" \/>\n<meta property=\"og:url\" content=\"https:\/\/vitablanca.ma\/en\/product\/serum-q10-anti-rides-30-ml\/\" \/>\n<meta property=\"og:site_name\" content=\"Vitablanca.ma &ndash; Sant&eacute;, vitalit&eacute; et bien-&ecirc;tre pour tous les Marocains\" \/>\n<meta property=\"article:publisher\" content=\"https:\/\/www.facebook.com\/profile.php?id=61576678196717\" \/>\n<meta property=\"article:modified_time\" content=\"2026-04-22T21:51:53+00:00\" \/>\n<meta property=\"og:image\" content=\"https:\/\/vitablanca.ma\/wp-content\/uploads\/2025\/07\/4066447233827-3732973.png\" \/>\n\t<meta property=\"og:image:width\" content=\"1200\" \/>\n\t<meta property=\"og:image:height\" content=\"1200\" \/>\n\t<meta property=\"og:image:type\" content=\"image\/png\" \/>\n<meta name=\"twitter:card\" content=\"summary_large_image\" \/>\n<meta name=\"twitter:label1\" content=\"Est. reading time\" \/>\n\t<meta name=\"twitter:data1\" content=\"2 minutes\" \/>\n<script type=\"application\/ld+json\" class=\"yoast-schema-graph\">{\"@context\":\"https:\\\/\\\/schema.org\",\"@graph\":[{\"@type\":[\"WebPage\",\"ItemPage\"],\"@id\":\"https:\\\/\\\/vitablanca.ma\\\/produit\\\/serum-q10-anti-rides-30-ml\\\/\",\"url\":\"https:\\\/\\\/vitablanca.ma\\\/produit\\\/serum-q10-anti-rides-30-ml\\\/\",\"name\":\"Balea dm S\u00e9rum Q10 Anti-Rides 30 ml - Maroc Prix\",\"isPartOf\":{\"@id\":\"https:\\\/\\\/vitablanca.ma\\\/#website\"},\"primaryImageOfPage\":{\"@id\":\"https:\\\/\\\/vitablanca.ma\\\/produit\\\/serum-q10-anti-rides-30-ml\\\/#primaryimage\"},\"image\":{\"@id\":\"https:\\\/\\\/vitablanca.ma\\\/produit\\\/serum-q10-anti-rides-30-ml\\\/#primaryimage\"},\"thumbnailUrl\":\"https:\\\/\\\/vitablanca.ma\\\/wp-content\\\/uploads\\\/2025\\\/07\\\/4066447233827-3732973.png\",\"datePublished\":\"2025-07-10T18:33:33+00:00\",\"dateModified\":\"2026-04-22T21:51:53+00:00\",\"description\":\"S\u00e9rum Q10 Anti-Rides 30 ml combat les signes du vieillissement, raffermit la peau et att\u00e9nue les rides. Formule l\u00e9g\u00e8re pour un teint lisse,Balea dm\",\"breadcrumb\":{\"@id\":\"https:\\\/\\\/vitablanca.ma\\\/produit\\\/serum-q10-anti-rides-30-ml\\\/#breadcrumb\"},\"inLanguage\":\"en-US\",\"potentialAction\":[{\"@type\":\"ReadAction\",\"target\":[\"https:\\\/\\\/vitablanca.ma\\\/produit\\\/serum-q10-anti-rides-30-ml\\\/\"]}]},{\"@type\":\"ImageObject\",\"inLanguage\":\"en-US\",\"@id\":\"https:\\\/\\\/vitablanca.ma\\\/produit\\\/serum-q10-anti-rides-30-ml\\\/#primaryimage\",\"url\":\"https:\\\/\\\/vitablanca.ma\\\/wp-content\\\/uploads\\\/2025\\\/07\\\/4066447233827-3732973.png\",\"contentUrl\":\"https:\\\/\\\/vitablanca.ma\\\/wp-content\\\/uploads\\\/2025\\\/07\\\/4066447233827-3732973.png\",\"width\":1200,\"height\":1200},{\"@type\":\"BreadcrumbList\",\"@id\":\"https:\\\/\\\/vitablanca.ma\\\/produit\\\/serum-q10-anti-rides-30-ml\\\/#breadcrumb\",\"itemListElement\":[{\"@type\":\"ListItem\",\"position\":1,\"name\":\"Home\",\"item\":\"https:\\\/\\\/vitablanca.ma\\\/\"},{\"@type\":\"ListItem\",\"position\":2,\"name\":\"Tous Les Produits\",\"item\":\"https:\\\/\\\/vitablanca.ma\\\/tous-les-produits\\\/\"},{\"@type\":\"ListItem\",\"position\":3,\"name\":\"Balea dm S\u00e9rum Q10 anti-rides, 30 ml\"}]},{\"@type\":\"WebSite\",\"@id\":\"https:\\\/\\\/vitablanca.ma\\\/#website\",\"url\":\"https:\\\/\\\/vitablanca.ma\\\/\",\"name\":\"VitaBlanca.ma | Compl\u00e9ments alimentaires, sant\u00e9 & beaut\u00e9 au Maroc\",\"description\":\"vendre vitamines et compl\u00e9ments premium des USA &amp; Canada, Nouvelle Z\u00e9lande,Maroc (NOW Foods, Solgar, Manuka). Livraison rapide partout au Maroc.\",\"publisher\":{\"@id\":\"https:\\\/\\\/vitablanca.ma\\\/#organization\"},\"alternateName\":\"VitaBlanca.ma\",\"potentialAction\":[{\"@type\":\"SearchAction\",\"target\":{\"@type\":\"EntryPoint\",\"urlTemplate\":\"https:\\\/\\\/vitablanca.ma\\\/?s={search_term_string}\"},\"query-input\":{\"@type\":\"PropertyValueSpecification\",\"valueRequired\":true,\"valueName\":\"search_term_string\"}}],\"inLanguage\":\"en-US\"},{\"@type\":\"Organization\",\"@id\":\"https:\\\/\\\/vitablanca.ma\\\/#organization\",\"name\":\"VitaBlanca\",\"url\":\"https:\\\/\\\/vitablanca.ma\\\/\",\"logo\":{\"@type\":\"ImageObject\",\"inLanguage\":\"en-US\",\"@id\":\"https:\\\/\\\/vitablanca.ma\\\/#\\\/schema\\\/logo\\\/image\\\/\",\"url\":\"https:\\\/\\\/vitablanca.ma\\\/wp-content\\\/uploads\\\/2025\\\/05\\\/cropped-vitablanca.png\",\"contentUrl\":\"https:\\\/\\\/vitablanca.ma\\\/wp-content\\\/uploads\\\/2025\\\/05\\\/cropped-vitablanca.png\",\"width\":360,\"height\":67,\"caption\":\"VitaBlanca\"},\"image\":{\"@id\":\"https:\\\/\\\/vitablanca.ma\\\/#\\\/schema\\\/logo\\\/image\\\/\"},\"sameAs\":[\"https:\\\/\\\/www.facebook.com\\\/profile.php?id=61576678196717\",\"https:\\\/\\\/www.tiktok.com\\\/@vitablanca.ma\",\"https:\\\/\\\/www.instagram.com\\\/vitablanca.ma\\\/\"]}]}<\/script>\n<!-- \/ Yoast SEO plugin. -->","yoast_head_json":{"title":"Balea dm S\u00e9rum Q10 Anti-Rides 30 ml - Maroc Prix","description":"S\u00e9rum Q10 Anti-Rides 30 ml combat les signes du vieillissement, raffermit la peau et att\u00e9nue les rides. Formule l\u00e9g\u00e8re pour un teint lisse,Balea dm","robots":{"index":"index","follow":"follow","max-snippet":"max-snippet:-1","max-image-preview":"max-image-preview:large","max-video-preview":"max-video-preview:-1"},"canonical":"https:\/\/vitablanca.ma\/en\/product\/serum-q10-anti-rides-30-ml\/","og_locale":"en_US","og_type":"article","og_title":"Balea dm S\u00e9rum Q10 Anti-Rides 30 ml - Maroc Prix","og_description":"S\u00e9rum Q10 Anti-Rides 30 ml combat les signes du vieillissement, raffermit la peau et att\u00e9nue les rides. Formule l\u00e9g\u00e8re pour un teint lisse,Balea dm","og_url":"https:\/\/vitablanca.ma\/en\/product\/serum-q10-anti-rides-30-ml\/","og_site_name":"Vitablanca.ma &ndash; Sant&eacute;, vitalit&eacute; et bien-&ecirc;tre pour tous les Marocains","article_publisher":"https:\/\/www.facebook.com\/profile.php?id=61576678196717","article_modified_time":"2026-04-22T21:51:53+00:00","og_image":[{"width":1200,"height":1200,"url":"https:\/\/vitablanca.ma\/wp-content\/uploads\/2025\/07\/4066447233827-3732973.png","type":"image\/png"}],"twitter_card":"summary_large_image","twitter_misc":{"Est. reading time":"2 minutes"},"schema":{"@context":"https:\/\/schema.org","@graph":[{"@type":["WebPage","ItemPage"],"@id":"https:\/\/vitablanca.ma\/produit\/serum-q10-anti-rides-30-ml\/","url":"https:\/\/vitablanca.ma\/produit\/serum-q10-anti-rides-30-ml\/","name":"Balea dm S\u00e9rum Q10 Anti-Rides 30 ml - Maroc Prix","isPartOf":{"@id":"https:\/\/vitablanca.ma\/#website"},"primaryImageOfPage":{"@id":"https:\/\/vitablanca.ma\/produit\/serum-q10-anti-rides-30-ml\/#primaryimage"},"image":{"@id":"https:\/\/vitablanca.ma\/produit\/serum-q10-anti-rides-30-ml\/#primaryimage"},"thumbnailUrl":"https:\/\/vitablanca.ma\/wp-content\/uploads\/2025\/07\/4066447233827-3732973.png","datePublished":"2025-07-10T18:33:33+00:00","dateModified":"2026-04-22T21:51:53+00:00","description":"S\u00e9rum Q10 Anti-Rides 30 ml combat les signes du vieillissement, raffermit la peau et att\u00e9nue les rides. Formule l\u00e9g\u00e8re pour un teint lisse,Balea dm","breadcrumb":{"@id":"https:\/\/vitablanca.ma\/produit\/serum-q10-anti-rides-30-ml\/#breadcrumb"},"inLanguage":"en-US","potentialAction":[{"@type":"ReadAction","target":["https:\/\/vitablanca.ma\/produit\/serum-q10-anti-rides-30-ml\/"]}]},{"@type":"ImageObject","inLanguage":"en-US","@id":"https:\/\/vitablanca.ma\/produit\/serum-q10-anti-rides-30-ml\/#primaryimage","url":"https:\/\/vitablanca.ma\/wp-content\/uploads\/2025\/07\/4066447233827-3732973.png","contentUrl":"https:\/\/vitablanca.ma\/wp-content\/uploads\/2025\/07\/4066447233827-3732973.png","width":1200,"height":1200},{"@type":"BreadcrumbList","@id":"https:\/\/vitablanca.ma\/produit\/serum-q10-anti-rides-30-ml\/#breadcrumb","itemListElement":[{"@type":"ListItem","position":1,"name":"Home","item":"https:\/\/vitablanca.ma\/"},{"@type":"ListItem","position":2,"name":"Tous Les Produits","item":"https:\/\/vitablanca.ma\/tous-les-produits\/"},{"@type":"ListItem","position":3,"name":"Balea dm S\u00e9rum Q10 anti-rides, 30 ml"}]},{"@type":"WebSite","@id":"https:\/\/vitablanca.ma\/#website","url":"https:\/\/vitablanca.ma\/","name":"VitaBlanca.ma | Food supplements, health &amp; beauty in Morocco","description":"sell premium vitamins and supplements from USA &amp; Canada, New Zealand, Morocco (NOW Foods, Solgar, Manuka). Fast delivery anywhere in Morocco.","publisher":{"@id":"https:\/\/vitablanca.ma\/#organization"},"alternateName":"VitaBlanca.ma","potentialAction":[{"@type":"SearchAction","target":{"@type":"EntryPoint","urlTemplate":"https:\/\/vitablanca.ma\/?s={search_term_string}"},"query-input":{"@type":"PropertyValueSpecification","valueRequired":true,"valueName":"search_term_string"}}],"inLanguage":"en-US"},{"@type":"Organization","@id":"https:\/\/vitablanca.ma\/#organization","name":"VitaBlanca","url":"https:\/\/vitablanca.ma\/","logo":{"@type":"ImageObject","inLanguage":"en-US","@id":"https:\/\/vitablanca.ma\/#\/schema\/logo\/image\/","url":"https:\/\/vitablanca.ma\/wp-content\/uploads\/2025\/05\/cropped-vitablanca.png","contentUrl":"https:\/\/vitablanca.ma\/wp-content\/uploads\/2025\/05\/cropped-vitablanca.png","width":360,"height":67,"caption":"VitaBlanca"},"image":{"@id":"https:\/\/vitablanca.ma\/#\/schema\/logo\/image\/"},"sameAs":["https:\/\/www.facebook.com\/profile.php?id=61576678196717","https:\/\/www.tiktok.com\/@vitablanca.ma","https:\/\/www.instagram.com\/vitablanca.ma\/"]}]}},"jetpack_sharing_enabled":true,"_links":{"self":[{"href":"https:\/\/vitablanca.ma\/en\/wp-json\/wp\/v2\/product\/23817","targetHints":{"allow":["GET"]}}],"collection":[{"href":"https:\/\/vitablanca.ma\/en\/wp-json\/wp\/v2\/product"}],"about":[{"href":"https:\/\/vitablanca.ma\/en\/wp-json\/wp\/v2\/types\/product"}],"wp:featuredmedia":[{"embeddable":true,"href":"https:\/\/vitablanca.ma\/en\/wp-json\/wp\/v2\/media\/23810"}],"wp:attachment":[{"href":"https:\/\/vitablanca.ma\/en\/wp-json\/wp\/v2\/media?parent=23817"}],"wp:term":[{"taxonomy":"product_brand","embeddable":true,"href":"https:\/\/vitablanca.ma\/en\/wp-json\/wp\/v2\/product_brand?post=23817"},{"taxonomy":"product_cat","embeddable":true,"href":"https:\/\/vitablanca.ma\/en\/wp-json\/wp\/v2\/product_cat?post=23817"},{"taxonomy":"product_tag","embeddable":true,"href":"https:\/\/vitablanca.ma\/en\/wp-json\/wp\/v2\/product_tag?post=23817"}],"curies":[{"name":"wp","href":"https:\/\/api.w.org\/{rel}","templated":true}]}}