{"id":23807,"date":"2025-07-10T18:33:07","date_gmt":"2025-07-10T18:33:07","guid":{"rendered":"https:\/\/vitablanca.ma\/product\/tonique-beauty-expert-hydration-100-ml\/"},"modified":"2026-01-27T20:57:20","modified_gmt":"2026-01-27T20:57:20","slug":"tonique-beauty-expert-hydration-100-ml","status":"publish","type":"product","link":"https:\/\/vitablanca.ma\/en\/product\/tonique-beauty-expert-hydration-100-ml\/","title":{"rendered":"Beauty Expert Hydration Tonic, 100 ml"},"content":{"rendered":"<ul data-mce-fragment=\"1\">\n<li data-mce-fragment=\"1\">Skin Type: All skin types<\/li>\n<li data-mce-fragment=\"1\">Product features: Particularly suitable for the face, Alcohol-free, Aluminum salt-free, Colorant-free, Nanoparticle-free, Paraben-free, Paraffin\/mineral oil-free, Perfume-free, pH neutral for the skin, Vegan<\/li>\n<li data-mce-fragment=\"1\">2% panthenol + 0.2% Allantoin<\/li>\n<li data-mce-fragment=\"1\">with 4.7% of moisturizing complex and 3% of SyriCalm\u2122<\/li>\n<li data-mce-fragment=\"1\">Soothes the skin**<\/li>\n<li data-mce-fragment=\"1\">Fragrance-free<\/li>\n<li data-mce-fragment=\"1\">Formulated without microplastics or purely synthetic water-soluble polymers<\/li>\n<\/ul>\n<p data-mce-fragment=\"1\">\n<p data-mce-fragment=\"1\">Balea Beauty Expert offers effective care with concentrated ingredients, perfectly adapted to the skin&#039;s needs.<\/p>\n<p data-mce-fragment=\"1\">PANTHENOL and ALLANTOIN soothe the skin. GLYCERIN supports the skin&#039;s natural moisture balance. SYRICALM\u2122 is a natural anti-stress agent that supports the skin barrier. The 4.7% HYDRATION COMPLEX formula \u2013 composed of 3.5% GLYCERIN, 1% AMINO ACID COMPLEX and 0.2% UREA \u2013 nourishes the skin and provides intense, long-lasting hydration.* The toner reduces redness***, fine lines and dehydration wrinkles** and leaves the skin more even and radiant**.<\/p>","protected":false},"excerpt":{"rendered":"<p>Type de peau : Tous types de peau Caract\u00e9ristiques du produit : Particuli\u00e8rement adapt\u00e9 au visage, Sans alcool, Sans sels d&rsquo;aluminium, Sans colorants, Sans nanoparticules, Sans parab\u00e8nes, Sans paraffine \/ huiles min\u00e9rales, Sans parfum, pH neutre pour la peau, Vegan 2% panth\u00e9nol + 0,2% allanto\u00efne avec 4,7% de complexe hydratant et 3% de SyriCalm\u2122 Apaise [&hellip;]<\/p>\n","protected":false},"featured_media":23804,"template":"","meta":{"om_disable_all_campaigns":false},"product_brand":[3236],"product_cat":[18],"product_tag":[3237,3240,3238,3239,6453,3241,6447,6454,6452,6448,6446,6445,6338,6450,6451,6449,5538],"class_list":{"0":"post-23807","1":"product","2":"type-product","3":"status-publish","4":"has-post-thumbnail","6":"product_brand-balea-dm-prix-maroc","7":"product_cat-beaute-sante","8":"product_tag-balea","9":"product_tag-balea-dm","10":"product_tag-balea-maroc","11":"product_tag-balea-morocco","12":"product_tag-beauty-expert-skincare","13":"product_tag-dm-maroc","14":"product_tag-lotion-tonique-hydratante","15":"product_tag-produit-hydratant-visage","16":"product_tag-skincare-hydratant","17":"product_tag-soin-hydratation-visage","18":"product_tag-toner-hydratant-visage","19":"product_tag-tonique-beauty-expert-hydration","20":"product_tag-tonique-hydratant","21":"product_tag-tonique-peau-seche","22":"product_tag-tonique-peau-sensible","23":"product_tag-tonique-visage","24":"product_tag-tonique-visage-maroc","26":"first","27":"instock","28":"taxable","29":"shipping-taxable","30":"purchasable","31":"product-type-simple"},"yoast_head":"<!-- This site is optimized with the Yoast SEO plugin v27.4 - https:\/\/yoast.com\/product\/yoast-seo-wordpress\/ -->\n<title>Tonique Beauty Expert Hydration, 100 ml - Maroc Prix<\/title>\n<meta name=\"description\" content=\"Tonique Beauty Expert Hydration 100 ml pour hydrater, apaiser et rafra\u00eechir la peau. Id\u00e9al pour tous types de peau, usage quotidien.\" \/>\n<meta name=\"robots\" content=\"index, follow, max-snippet:-1, max-image-preview:large, max-video-preview:-1\" \/>\n<link rel=\"canonical\" href=\"https:\/\/vitablanca.ma\/en\/product\/tonique-beauty-expert-hydration-100-ml\/\" \/>\n<meta property=\"og:locale\" content=\"en_US\" \/>\n<meta property=\"og:type\" content=\"article\" \/>\n<meta property=\"og:title\" content=\"Tonique Beauty Expert Hydration, 100 ml - Maroc Prix\" \/>\n<meta property=\"og:description\" content=\"Tonique Beauty Expert Hydration 100 ml pour hydrater, apaiser et rafra\u00eechir la peau. Id\u00e9al pour tous types de peau, usage quotidien.\" \/>\n<meta property=\"og:url\" content=\"https:\/\/vitablanca.ma\/en\/product\/tonique-beauty-expert-hydration-100-ml\/\" \/>\n<meta property=\"og:site_name\" content=\"Vitablanca.ma &ndash; Sant&eacute;, vitalit&eacute; et bien-&ecirc;tre pour tous les Marocains\" \/>\n<meta property=\"article:publisher\" content=\"https:\/\/www.facebook.com\/profile.php?id=61576678196717\" \/>\n<meta property=\"article:modified_time\" content=\"2026-01-27T20:57:20+00:00\" \/>\n<meta property=\"og:image\" content=\"https:\/\/vitablanca.ma\/wp-content\/uploads\/2025\/07\/4066447381757-1680155711.png\" \/>\n\t<meta property=\"og:image:width\" content=\"1197\" \/>\n\t<meta property=\"og:image:height\" content=\"1200\" \/>\n\t<meta property=\"og:image:type\" content=\"image\/png\" \/>\n<meta name=\"twitter:card\" content=\"summary_large_image\" \/>\n<meta name=\"twitter:label1\" content=\"Est. reading time\" \/>\n\t<meta name=\"twitter:data1\" content=\"2 minutes\" \/>\n<script type=\"application\/ld+json\" class=\"yoast-schema-graph\">{\"@context\":\"https:\\\/\\\/schema.org\",\"@graph\":[{\"@type\":[\"WebPage\",\"ItemPage\"],\"@id\":\"https:\\\/\\\/vitablanca.ma\\\/produit\\\/tonique-beauty-expert-hydration-100-ml\\\/\",\"url\":\"https:\\\/\\\/vitablanca.ma\\\/produit\\\/tonique-beauty-expert-hydration-100-ml\\\/\",\"name\":\"Tonique Beauty Expert Hydration, 100 ml - Maroc Prix\",\"isPartOf\":{\"@id\":\"https:\\\/\\\/vitablanca.ma\\\/#website\"},\"primaryImageOfPage\":{\"@id\":\"https:\\\/\\\/vitablanca.ma\\\/produit\\\/tonique-beauty-expert-hydration-100-ml\\\/#primaryimage\"},\"image\":{\"@id\":\"https:\\\/\\\/vitablanca.ma\\\/produit\\\/tonique-beauty-expert-hydration-100-ml\\\/#primaryimage\"},\"thumbnailUrl\":\"https:\\\/\\\/vitablanca.ma\\\/wp-content\\\/uploads\\\/2025\\\/07\\\/4066447381757-1680155711.png\",\"datePublished\":\"2025-07-10T18:33:07+00:00\",\"dateModified\":\"2026-01-27T20:57:20+00:00\",\"description\":\"Tonique Beauty Expert Hydration 100 ml pour hydrater, apaiser et rafra\u00eechir la peau. Id\u00e9al pour tous types de peau, usage quotidien.\",\"breadcrumb\":{\"@id\":\"https:\\\/\\\/vitablanca.ma\\\/produit\\\/tonique-beauty-expert-hydration-100-ml\\\/#breadcrumb\"},\"inLanguage\":\"en-US\",\"potentialAction\":[{\"@type\":\"ReadAction\",\"target\":[\"https:\\\/\\\/vitablanca.ma\\\/produit\\\/tonique-beauty-expert-hydration-100-ml\\\/\"]}]},{\"@type\":\"ImageObject\",\"inLanguage\":\"en-US\",\"@id\":\"https:\\\/\\\/vitablanca.ma\\\/produit\\\/tonique-beauty-expert-hydration-100-ml\\\/#primaryimage\",\"url\":\"https:\\\/\\\/vitablanca.ma\\\/wp-content\\\/uploads\\\/2025\\\/07\\\/4066447381757-1680155711.png\",\"contentUrl\":\"https:\\\/\\\/vitablanca.ma\\\/wp-content\\\/uploads\\\/2025\\\/07\\\/4066447381757-1680155711.png\",\"width\":1197,\"height\":1200},{\"@type\":\"BreadcrumbList\",\"@id\":\"https:\\\/\\\/vitablanca.ma\\\/produit\\\/tonique-beauty-expert-hydration-100-ml\\\/#breadcrumb\",\"itemListElement\":[{\"@type\":\"ListItem\",\"position\":1,\"name\":\"Home\",\"item\":\"https:\\\/\\\/vitablanca.ma\\\/\"},{\"@type\":\"ListItem\",\"position\":2,\"name\":\"Tous Les Produits\",\"item\":\"https:\\\/\\\/vitablanca.ma\\\/tous-les-produits\\\/\"},{\"@type\":\"ListItem\",\"position\":3,\"name\":\"Tonique Beauty Expert Hydration, 100 ml\"}]},{\"@type\":\"WebSite\",\"@id\":\"https:\\\/\\\/vitablanca.ma\\\/#website\",\"url\":\"https:\\\/\\\/vitablanca.ma\\\/\",\"name\":\"VitaBlanca.ma | Compl\u00e9ments alimentaires, sant\u00e9 & beaut\u00e9 au Maroc\",\"description\":\"vendre vitamines et compl\u00e9ments premium des USA &amp; Canada, Nouvelle Z\u00e9lande,Maroc (NOW Foods, Solgar, Manuka). Livraison rapide partout au Maroc.\",\"publisher\":{\"@id\":\"https:\\\/\\\/vitablanca.ma\\\/#organization\"},\"alternateName\":\"VitaBlanca.ma\",\"potentialAction\":[{\"@type\":\"SearchAction\",\"target\":{\"@type\":\"EntryPoint\",\"urlTemplate\":\"https:\\\/\\\/vitablanca.ma\\\/?s={search_term_string}\"},\"query-input\":{\"@type\":\"PropertyValueSpecification\",\"valueRequired\":true,\"valueName\":\"search_term_string\"}}],\"inLanguage\":\"en-US\"},{\"@type\":\"Organization\",\"@id\":\"https:\\\/\\\/vitablanca.ma\\\/#organization\",\"name\":\"VitaBlanca\",\"url\":\"https:\\\/\\\/vitablanca.ma\\\/\",\"logo\":{\"@type\":\"ImageObject\",\"inLanguage\":\"en-US\",\"@id\":\"https:\\\/\\\/vitablanca.ma\\\/#\\\/schema\\\/logo\\\/image\\\/\",\"url\":\"https:\\\/\\\/vitablanca.ma\\\/wp-content\\\/uploads\\\/2025\\\/05\\\/cropped-vitablanca.png\",\"contentUrl\":\"https:\\\/\\\/vitablanca.ma\\\/wp-content\\\/uploads\\\/2025\\\/05\\\/cropped-vitablanca.png\",\"width\":360,\"height\":67,\"caption\":\"VitaBlanca\"},\"image\":{\"@id\":\"https:\\\/\\\/vitablanca.ma\\\/#\\\/schema\\\/logo\\\/image\\\/\"},\"sameAs\":[\"https:\\\/\\\/www.facebook.com\\\/profile.php?id=61576678196717\",\"https:\\\/\\\/www.tiktok.com\\\/@vitablanca.ma\",\"https:\\\/\\\/www.instagram.com\\\/vitablanca.ma\\\/\"]}]}<\/script>\n<!-- \/ Yoast SEO plugin. -->","yoast_head_json":{"title":"Beauty Expert Hydration Tonic, 100 ml - Morocco Price","description":"Tonique Beauty Expert Hydration 100 ml pour hydrater, apaiser et rafra\u00eechir la peau. Id\u00e9al pour tous types de peau, usage quotidien.","robots":{"index":"index","follow":"follow","max-snippet":"max-snippet:-1","max-image-preview":"max-image-preview:large","max-video-preview":"max-video-preview:-1"},"canonical":"https:\/\/vitablanca.ma\/en\/product\/tonique-beauty-expert-hydration-100-ml\/","og_locale":"en_US","og_type":"article","og_title":"Tonique Beauty Expert Hydration, 100 ml - Maroc Prix","og_description":"Tonique Beauty Expert Hydration 100 ml pour hydrater, apaiser et rafra\u00eechir la peau. Id\u00e9al pour tous types de peau, usage quotidien.","og_url":"https:\/\/vitablanca.ma\/en\/product\/tonique-beauty-expert-hydration-100-ml\/","og_site_name":"Vitablanca.ma &ndash; Sant&eacute;, vitalit&eacute; et bien-&ecirc;tre pour tous les Marocains","article_publisher":"https:\/\/www.facebook.com\/profile.php?id=61576678196717","article_modified_time":"2026-01-27T20:57:20+00:00","og_image":[{"width":1197,"height":1200,"url":"https:\/\/vitablanca.ma\/wp-content\/uploads\/2025\/07\/4066447381757-1680155711.png","type":"image\/png"}],"twitter_card":"summary_large_image","twitter_misc":{"Est. reading time":"2 minutes"},"schema":{"@context":"https:\/\/schema.org","@graph":[{"@type":["WebPage","ItemPage"],"@id":"https:\/\/vitablanca.ma\/produit\/tonique-beauty-expert-hydration-100-ml\/","url":"https:\/\/vitablanca.ma\/produit\/tonique-beauty-expert-hydration-100-ml\/","name":"Beauty Expert Hydration Tonic, 100 ml - Morocco Price","isPartOf":{"@id":"https:\/\/vitablanca.ma\/#website"},"primaryImageOfPage":{"@id":"https:\/\/vitablanca.ma\/produit\/tonique-beauty-expert-hydration-100-ml\/#primaryimage"},"image":{"@id":"https:\/\/vitablanca.ma\/produit\/tonique-beauty-expert-hydration-100-ml\/#primaryimage"},"thumbnailUrl":"https:\/\/vitablanca.ma\/wp-content\/uploads\/2025\/07\/4066447381757-1680155711.png","datePublished":"2025-07-10T18:33:07+00:00","dateModified":"2026-01-27T20:57:20+00:00","description":"Tonique Beauty Expert Hydration 100 ml pour hydrater, apaiser et rafra\u00eechir la peau. Id\u00e9al pour tous types de peau, usage quotidien.","breadcrumb":{"@id":"https:\/\/vitablanca.ma\/produit\/tonique-beauty-expert-hydration-100-ml\/#breadcrumb"},"inLanguage":"en-US","potentialAction":[{"@type":"ReadAction","target":["https:\/\/vitablanca.ma\/produit\/tonique-beauty-expert-hydration-100-ml\/"]}]},{"@type":"ImageObject","inLanguage":"en-US","@id":"https:\/\/vitablanca.ma\/produit\/tonique-beauty-expert-hydration-100-ml\/#primaryimage","url":"https:\/\/vitablanca.ma\/wp-content\/uploads\/2025\/07\/4066447381757-1680155711.png","contentUrl":"https:\/\/vitablanca.ma\/wp-content\/uploads\/2025\/07\/4066447381757-1680155711.png","width":1197,"height":1200},{"@type":"BreadcrumbList","@id":"https:\/\/vitablanca.ma\/produit\/tonique-beauty-expert-hydration-100-ml\/#breadcrumb","itemListElement":[{"@type":"ListItem","position":1,"name":"Home","item":"https:\/\/vitablanca.ma\/"},{"@type":"ListItem","position":2,"name":"Tous Les Produits","item":"https:\/\/vitablanca.ma\/tous-les-produits\/"},{"@type":"ListItem","position":3,"name":"Tonique Beauty Expert Hydration, 100 ml"}]},{"@type":"WebSite","@id":"https:\/\/vitablanca.ma\/#website","url":"https:\/\/vitablanca.ma\/","name":"VitaBlanca.ma | Food supplements, health &amp; beauty in Morocco","description":"sell premium vitamins and supplements from USA &amp; Canada, New Zealand, Morocco (NOW Foods, Solgar, Manuka). Fast delivery anywhere in Morocco.","publisher":{"@id":"https:\/\/vitablanca.ma\/#organization"},"alternateName":"VitaBlanca.ma","potentialAction":[{"@type":"SearchAction","target":{"@type":"EntryPoint","urlTemplate":"https:\/\/vitablanca.ma\/?s={search_term_string}"},"query-input":{"@type":"PropertyValueSpecification","valueRequired":true,"valueName":"search_term_string"}}],"inLanguage":"en-US"},{"@type":"Organization","@id":"https:\/\/vitablanca.ma\/#organization","name":"VitaBlanca","url":"https:\/\/vitablanca.ma\/","logo":{"@type":"ImageObject","inLanguage":"en-US","@id":"https:\/\/vitablanca.ma\/#\/schema\/logo\/image\/","url":"https:\/\/vitablanca.ma\/wp-content\/uploads\/2025\/05\/cropped-vitablanca.png","contentUrl":"https:\/\/vitablanca.ma\/wp-content\/uploads\/2025\/05\/cropped-vitablanca.png","width":360,"height":67,"caption":"VitaBlanca"},"image":{"@id":"https:\/\/vitablanca.ma\/#\/schema\/logo\/image\/"},"sameAs":["https:\/\/www.facebook.com\/profile.php?id=61576678196717","https:\/\/www.tiktok.com\/@vitablanca.ma","https:\/\/www.instagram.com\/vitablanca.ma\/"]}]}},"jetpack_sharing_enabled":true,"_links":{"self":[{"href":"https:\/\/vitablanca.ma\/en\/wp-json\/wp\/v2\/product\/23807","targetHints":{"allow":["GET"]}}],"collection":[{"href":"https:\/\/vitablanca.ma\/en\/wp-json\/wp\/v2\/product"}],"about":[{"href":"https:\/\/vitablanca.ma\/en\/wp-json\/wp\/v2\/types\/product"}],"wp:featuredmedia":[{"embeddable":true,"href":"https:\/\/vitablanca.ma\/en\/wp-json\/wp\/v2\/media\/23804"}],"wp:attachment":[{"href":"https:\/\/vitablanca.ma\/en\/wp-json\/wp\/v2\/media?parent=23807"}],"wp:term":[{"taxonomy":"product_brand","embeddable":true,"href":"https:\/\/vitablanca.ma\/en\/wp-json\/wp\/v2\/product_brand?post=23807"},{"taxonomy":"product_cat","embeddable":true,"href":"https:\/\/vitablanca.ma\/en\/wp-json\/wp\/v2\/product_cat?post=23807"},{"taxonomy":"product_tag","embeddable":true,"href":"https:\/\/vitablanca.ma\/en\/wp-json\/wp\/v2\/product_tag?post=23807"}],"curies":[{"name":"wp","href":"https:\/\/api.w.org\/{rel}","templated":true}]}}