{"id":23803,"date":"2025-07-10T18:32:40","date_gmt":"2025-07-10T18:32:40","guid":{"rendered":"https:\/\/vitablanca.ma\/product\/catrice-glamdoll-false-lashes-mascara-010\/"},"modified":"2026-01-27T21:02:06","modified_gmt":"2026-01-27T21:02:06","slug":"catrice-glamdoll-false-lashes-mascara-010","status":"publish","type":"product","link":"https:\/\/vitablanca.ma\/en\/product\/catrice-glamdoll-false-lashes-mascara-010\/","title":{"rendered":"CATRICE \u2013 Glam&amp;Doll False Lashes Mascara 010"},"content":{"rendered":"<h3><strong data-start=\"381\" data-end=\"423\">Deep black mascara, doll-like look\ud83d\udda4\u2728<\/strong><\/h3>\n<ul>\n<li>Effect: Gives movement, increases volume<\/li>\n<li>Opacity: Full coverage<\/li>\n<li>Base color: black<\/li>\n<li>Product Features: Alcohol-free<\/li>\n<li>Texture \/ Consistency \/ Application: Liquid<\/li>\n<li>Color num: 010<\/li>\n<\/ul>\n<h4><strong><span style=\"font-size: 11pt; line-height: 104%; font-family: 'Segoe UI Emoji', sans-serif;\">\ud83d\udccc<\/span><span lang=\"EN-US\" style=\"font-size: 11pt; line-height: 104%; font-family: Arial, sans-serif;\"> Product Description<\/span><\/strong><\/h4>\n<p>For a stunning false lash effect: Catrice Glam &amp; Doll False Lashes Black 010 Mascara scores points with its curved elastomer brush that reaches every lash in a single application and coats them evenly to the tip in deep black.<\/p>\n<h4><strong><span style=\"font-size: 11pt; line-height: 104%; font-family: 'Segoe UI Emoji', sans-serif;\">\ud83d\udca1<\/span><span lang=\"EN-US\" style=\"font-size: 11pt; line-height: 104%; font-family: Arial, sans-serif;\"> Directions for use<\/span><\/strong><\/h4>\n<p>Mascara enhances lashes and gives an expressive look. Here&#039;s how: Remove the applicator with a slight twist and apply the mascara to lashes from root to tip using zigzag motions \u2013 feel free to apply multiple coats one after the other for an even more intense look.<\/p>","protected":false},"excerpt":{"rendered":"<p>Mascara noir profond, regard de poup\u00e9e\ud83d\udda4\u2728 Effet : Donne du mouvement, augmente le volume Opacit\u00e9 : Couverture totale Couleur de base : noir Caract\u00e9ristiques du produit : Sans alcool Texture \/ Consistance \/ Application : Liquide Couleur num: 010 \ud83d\udccc Description du produit Pour un superbe effet faux-cils : le Mascara False Lashes Black 010 [&hellip;]<\/p>\n","protected":false},"featured_media":23799,"template":"","meta":{"om_disable_all_campaigns":false},"product_brand":[],"product_cat":[15],"product_tag":[6455,6444,6459,6456,5810,6458,6460,6461,6457],"class_list":{"0":"post-23803","1":"product","2":"type-product","3":"status-publish","4":"has-post-thumbnail","6":"product_cat-beaute-sante-complements-alimentaires-soins-et-bien-etre-au-meilleur-prix","7":"product_tag-catrice-glam-doll-mascara","8":"product_tag-maquillage-maroc","9":"product_tag-maquillage-yeux-catrice","10":"product_tag-mascara-faux-cils","11":"product_tag-mascara-longue-tenue","12":"product_tag-mascara-noir-intense","13":"product_tag-mascara-pas-cher","14":"product_tag-mascara-regard-intense","15":"product_tag-mascara-volume-longueur","17":"first","18":"instock","19":"taxable","20":"shipping-taxable","21":"purchasable","22":"product-type-simple"},"yoast_head":"<!-- This site is optimized with the Yoast SEO plugin v27.4 - https:\/\/yoast.com\/product\/yoast-seo-wordpress\/ -->\n<title>CATRICE Glam &amp; Doll False Lashes Mascara 010 - Maroc Prix<\/title>\n<meta name=\"description\" content=\"CATRICE Glam &amp; Doll False Lashes Mascara 010 offre un effet faux cils, volume intense et longueur extr\u00eame. Noir profond, sans paquets.\" \/>\n<meta name=\"robots\" content=\"index, follow, max-snippet:-1, max-image-preview:large, max-video-preview:-1\" \/>\n<link rel=\"canonical\" href=\"https:\/\/vitablanca.ma\/en\/product\/catrice-glamdoll-false-lashes-mascara-010\/\" \/>\n<meta property=\"og:locale\" content=\"en_US\" \/>\n<meta property=\"og:type\" content=\"article\" \/>\n<meta property=\"og:title\" content=\"CATRICE Glam &amp; Doll False Lashes Mascara 010 - Maroc Prix\" \/>\n<meta property=\"og:description\" content=\"CATRICE Glam &amp; Doll False Lashes Mascara 010 offre un effet faux cils, volume intense et longueur extr\u00eame. Noir profond, sans paquets.\" \/>\n<meta property=\"og:url\" content=\"https:\/\/vitablanca.ma\/en\/product\/catrice-glamdoll-false-lashes-mascara-010\/\" \/>\n<meta property=\"og:site_name\" content=\"Vitablanca.ma &ndash; Sant&eacute;, vitalit&eacute; et bien-&ecirc;tre pour tous les Marocains\" \/>\n<meta property=\"article:publisher\" content=\"https:\/\/www.facebook.com\/profile.php?id=61576678196717\" \/>\n<meta property=\"article:modified_time\" content=\"2026-01-27T21:02:06+00:00\" \/>\n<meta property=\"og:image\" content=\"https:\/\/vitablanca.ma\/wp-content\/uploads\/2025\/07\/4250947562277-505908758.png\" \/>\n\t<meta property=\"og:image:width\" content=\"1201\" \/>\n\t<meta property=\"og:image:height\" content=\"1200\" \/>\n\t<meta property=\"og:image:type\" content=\"image\/png\" \/>\n<meta name=\"twitter:card\" content=\"summary_large_image\" \/>\n<meta name=\"twitter:label1\" content=\"Est. reading time\" \/>\n\t<meta name=\"twitter:data1\" content=\"1 minute\" \/>\n<script type=\"application\/ld+json\" class=\"yoast-schema-graph\">{\"@context\":\"https:\\\/\\\/schema.org\",\"@graph\":[{\"@type\":[\"WebPage\",\"ItemPage\"],\"@id\":\"https:\\\/\\\/vitablanca.ma\\\/produit\\\/catrice-glamdoll-false-lashes-mascara-010\\\/\",\"url\":\"https:\\\/\\\/vitablanca.ma\\\/produit\\\/catrice-glamdoll-false-lashes-mascara-010\\\/\",\"name\":\"CATRICE Glam & Doll False Lashes Mascara 010 - Maroc Prix\",\"isPartOf\":{\"@id\":\"https:\\\/\\\/vitablanca.ma\\\/#website\"},\"primaryImageOfPage\":{\"@id\":\"https:\\\/\\\/vitablanca.ma\\\/produit\\\/catrice-glamdoll-false-lashes-mascara-010\\\/#primaryimage\"},\"image\":{\"@id\":\"https:\\\/\\\/vitablanca.ma\\\/produit\\\/catrice-glamdoll-false-lashes-mascara-010\\\/#primaryimage\"},\"thumbnailUrl\":\"https:\\\/\\\/vitablanca.ma\\\/wp-content\\\/uploads\\\/2025\\\/07\\\/4250947562277-505908758.png\",\"datePublished\":\"2025-07-10T18:32:40+00:00\",\"dateModified\":\"2026-01-27T21:02:06+00:00\",\"description\":\"CATRICE Glam & Doll False Lashes Mascara 010 offre un effet faux cils, volume intense et longueur extr\u00eame. Noir profond, sans paquets.\",\"breadcrumb\":{\"@id\":\"https:\\\/\\\/vitablanca.ma\\\/produit\\\/catrice-glamdoll-false-lashes-mascara-010\\\/#breadcrumb\"},\"inLanguage\":\"en-US\",\"potentialAction\":[{\"@type\":\"ReadAction\",\"target\":[\"https:\\\/\\\/vitablanca.ma\\\/produit\\\/catrice-glamdoll-false-lashes-mascara-010\\\/\"]}]},{\"@type\":\"ImageObject\",\"inLanguage\":\"en-US\",\"@id\":\"https:\\\/\\\/vitablanca.ma\\\/produit\\\/catrice-glamdoll-false-lashes-mascara-010\\\/#primaryimage\",\"url\":\"https:\\\/\\\/vitablanca.ma\\\/wp-content\\\/uploads\\\/2025\\\/07\\\/4250947562277-505908758.png\",\"contentUrl\":\"https:\\\/\\\/vitablanca.ma\\\/wp-content\\\/uploads\\\/2025\\\/07\\\/4250947562277-505908758.png\",\"width\":1201,\"height\":1200},{\"@type\":\"BreadcrumbList\",\"@id\":\"https:\\\/\\\/vitablanca.ma\\\/produit\\\/catrice-glamdoll-false-lashes-mascara-010\\\/#breadcrumb\",\"itemListElement\":[{\"@type\":\"ListItem\",\"position\":1,\"name\":\"Home\",\"item\":\"https:\\\/\\\/vitablanca.ma\\\/\"},{\"@type\":\"ListItem\",\"position\":2,\"name\":\"Tous Les Produits\",\"item\":\"https:\\\/\\\/vitablanca.ma\\\/tous-les-produits\\\/\"},{\"@type\":\"ListItem\",\"position\":3,\"name\":\"CATRICE &#8211; Glam&amp;Doll False Lashes Mascara 010\"}]},{\"@type\":\"WebSite\",\"@id\":\"https:\\\/\\\/vitablanca.ma\\\/#website\",\"url\":\"https:\\\/\\\/vitablanca.ma\\\/\",\"name\":\"VitaBlanca.ma | Compl\u00e9ments alimentaires, sant\u00e9 & beaut\u00e9 au Maroc\",\"description\":\"vendre vitamines et compl\u00e9ments premium des USA &amp; Canada, Nouvelle Z\u00e9lande,Maroc (NOW Foods, Solgar, Manuka). Livraison rapide partout au Maroc.\",\"publisher\":{\"@id\":\"https:\\\/\\\/vitablanca.ma\\\/#organization\"},\"alternateName\":\"VitaBlanca.ma\",\"potentialAction\":[{\"@type\":\"SearchAction\",\"target\":{\"@type\":\"EntryPoint\",\"urlTemplate\":\"https:\\\/\\\/vitablanca.ma\\\/?s={search_term_string}\"},\"query-input\":{\"@type\":\"PropertyValueSpecification\",\"valueRequired\":true,\"valueName\":\"search_term_string\"}}],\"inLanguage\":\"en-US\"},{\"@type\":\"Organization\",\"@id\":\"https:\\\/\\\/vitablanca.ma\\\/#organization\",\"name\":\"VitaBlanca\",\"url\":\"https:\\\/\\\/vitablanca.ma\\\/\",\"logo\":{\"@type\":\"ImageObject\",\"inLanguage\":\"en-US\",\"@id\":\"https:\\\/\\\/vitablanca.ma\\\/#\\\/schema\\\/logo\\\/image\\\/\",\"url\":\"https:\\\/\\\/vitablanca.ma\\\/wp-content\\\/uploads\\\/2025\\\/05\\\/cropped-vitablanca.png\",\"contentUrl\":\"https:\\\/\\\/vitablanca.ma\\\/wp-content\\\/uploads\\\/2025\\\/05\\\/cropped-vitablanca.png\",\"width\":360,\"height\":67,\"caption\":\"VitaBlanca\"},\"image\":{\"@id\":\"https:\\\/\\\/vitablanca.ma\\\/#\\\/schema\\\/logo\\\/image\\\/\"},\"sameAs\":[\"https:\\\/\\\/www.facebook.com\\\/profile.php?id=61576678196717\",\"https:\\\/\\\/www.tiktok.com\\\/@vitablanca.ma\",\"https:\\\/\\\/www.instagram.com\\\/vitablanca.ma\\\/\"]}]}<\/script>\n<!-- \/ Yoast SEO plugin. -->","yoast_head_json":{"title":"CATRICE Glam & Doll False Lashes Mascara 010 - Maroc Prix","description":"CATRICE Glam & Doll False Lashes Mascara 010 offre un effet faux cils, volume intense et longueur extr\u00eame. Noir profond, sans paquets.","robots":{"index":"index","follow":"follow","max-snippet":"max-snippet:-1","max-image-preview":"max-image-preview:large","max-video-preview":"max-video-preview:-1"},"canonical":"https:\/\/vitablanca.ma\/en\/product\/catrice-glamdoll-false-lashes-mascara-010\/","og_locale":"en_US","og_type":"article","og_title":"CATRICE Glam & Doll False Lashes Mascara 010 - Maroc Prix","og_description":"CATRICE Glam & Doll False Lashes Mascara 010 offre un effet faux cils, volume intense et longueur extr\u00eame. Noir profond, sans paquets.","og_url":"https:\/\/vitablanca.ma\/en\/product\/catrice-glamdoll-false-lashes-mascara-010\/","og_site_name":"Vitablanca.ma &ndash; Sant&eacute;, vitalit&eacute; et bien-&ecirc;tre pour tous les Marocains","article_publisher":"https:\/\/www.facebook.com\/profile.php?id=61576678196717","article_modified_time":"2026-01-27T21:02:06+00:00","og_image":[{"width":1201,"height":1200,"url":"https:\/\/vitablanca.ma\/wp-content\/uploads\/2025\/07\/4250947562277-505908758.png","type":"image\/png"}],"twitter_card":"summary_large_image","twitter_misc":{"Est. reading time":"1 minute"},"schema":{"@context":"https:\/\/schema.org","@graph":[{"@type":["WebPage","ItemPage"],"@id":"https:\/\/vitablanca.ma\/produit\/catrice-glamdoll-false-lashes-mascara-010\/","url":"https:\/\/vitablanca.ma\/produit\/catrice-glamdoll-false-lashes-mascara-010\/","name":"CATRICE Glam & Doll False Lashes Mascara 010 - Maroc Prix","isPartOf":{"@id":"https:\/\/vitablanca.ma\/#website"},"primaryImageOfPage":{"@id":"https:\/\/vitablanca.ma\/produit\/catrice-glamdoll-false-lashes-mascara-010\/#primaryimage"},"image":{"@id":"https:\/\/vitablanca.ma\/produit\/catrice-glamdoll-false-lashes-mascara-010\/#primaryimage"},"thumbnailUrl":"https:\/\/vitablanca.ma\/wp-content\/uploads\/2025\/07\/4250947562277-505908758.png","datePublished":"2025-07-10T18:32:40+00:00","dateModified":"2026-01-27T21:02:06+00:00","description":"CATRICE Glam & Doll False Lashes Mascara 010 offre un effet faux cils, volume intense et longueur extr\u00eame. Noir profond, sans paquets.","breadcrumb":{"@id":"https:\/\/vitablanca.ma\/produit\/catrice-glamdoll-false-lashes-mascara-010\/#breadcrumb"},"inLanguage":"en-US","potentialAction":[{"@type":"ReadAction","target":["https:\/\/vitablanca.ma\/produit\/catrice-glamdoll-false-lashes-mascara-010\/"]}]},{"@type":"ImageObject","inLanguage":"en-US","@id":"https:\/\/vitablanca.ma\/produit\/catrice-glamdoll-false-lashes-mascara-010\/#primaryimage","url":"https:\/\/vitablanca.ma\/wp-content\/uploads\/2025\/07\/4250947562277-505908758.png","contentUrl":"https:\/\/vitablanca.ma\/wp-content\/uploads\/2025\/07\/4250947562277-505908758.png","width":1201,"height":1200},{"@type":"BreadcrumbList","@id":"https:\/\/vitablanca.ma\/produit\/catrice-glamdoll-false-lashes-mascara-010\/#breadcrumb","itemListElement":[{"@type":"ListItem","position":1,"name":"Home","item":"https:\/\/vitablanca.ma\/"},{"@type":"ListItem","position":2,"name":"Tous Les Produits","item":"https:\/\/vitablanca.ma\/tous-les-produits\/"},{"@type":"ListItem","position":3,"name":"CATRICE &#8211; Glam&amp;Doll False Lashes Mascara 010"}]},{"@type":"WebSite","@id":"https:\/\/vitablanca.ma\/#website","url":"https:\/\/vitablanca.ma\/","name":"VitaBlanca.ma | Food supplements, health &amp; beauty in Morocco","description":"sell premium vitamins and supplements from USA &amp; Canada, New Zealand, Morocco (NOW Foods, Solgar, Manuka). Fast delivery anywhere in Morocco.","publisher":{"@id":"https:\/\/vitablanca.ma\/#organization"},"alternateName":"VitaBlanca.ma","potentialAction":[{"@type":"SearchAction","target":{"@type":"EntryPoint","urlTemplate":"https:\/\/vitablanca.ma\/?s={search_term_string}"},"query-input":{"@type":"PropertyValueSpecification","valueRequired":true,"valueName":"search_term_string"}}],"inLanguage":"en-US"},{"@type":"Organization","@id":"https:\/\/vitablanca.ma\/#organization","name":"VitaBlanca","url":"https:\/\/vitablanca.ma\/","logo":{"@type":"ImageObject","inLanguage":"en-US","@id":"https:\/\/vitablanca.ma\/#\/schema\/logo\/image\/","url":"https:\/\/vitablanca.ma\/wp-content\/uploads\/2025\/05\/cropped-vitablanca.png","contentUrl":"https:\/\/vitablanca.ma\/wp-content\/uploads\/2025\/05\/cropped-vitablanca.png","width":360,"height":67,"caption":"VitaBlanca"},"image":{"@id":"https:\/\/vitablanca.ma\/#\/schema\/logo\/image\/"},"sameAs":["https:\/\/www.facebook.com\/profile.php?id=61576678196717","https:\/\/www.tiktok.com\/@vitablanca.ma","https:\/\/www.instagram.com\/vitablanca.ma\/"]}]}},"jetpack_sharing_enabled":true,"_links":{"self":[{"href":"https:\/\/vitablanca.ma\/en\/wp-json\/wp\/v2\/product\/23803","targetHints":{"allow":["GET"]}}],"collection":[{"href":"https:\/\/vitablanca.ma\/en\/wp-json\/wp\/v2\/product"}],"about":[{"href":"https:\/\/vitablanca.ma\/en\/wp-json\/wp\/v2\/types\/product"}],"wp:featuredmedia":[{"embeddable":true,"href":"https:\/\/vitablanca.ma\/en\/wp-json\/wp\/v2\/media\/23799"}],"wp:attachment":[{"href":"https:\/\/vitablanca.ma\/en\/wp-json\/wp\/v2\/media?parent=23803"}],"wp:term":[{"taxonomy":"product_brand","embeddable":true,"href":"https:\/\/vitablanca.ma\/en\/wp-json\/wp\/v2\/product_brand?post=23803"},{"taxonomy":"product_cat","embeddable":true,"href":"https:\/\/vitablanca.ma\/en\/wp-json\/wp\/v2\/product_cat?post=23803"},{"taxonomy":"product_tag","embeddable":true,"href":"https:\/\/vitablanca.ma\/en\/wp-json\/wp\/v2\/product_tag?post=23803"}],"curies":[{"name":"wp","href":"https:\/\/api.w.org\/{rel}","templated":true}]}}