{"id":23789,"date":"2025-07-10T18:30:19","date_gmt":"2025-07-10T18:30:19","guid":{"rendered":"https:\/\/vitablanca.ma\/product\/essence-gloss-a-levres-extreme-shine-volume-01-crystal-clear-5-ml\/"},"modified":"2026-01-27T21:12:16","modified_gmt":"2026-01-27T21:12:16","slug":"essence-gloss-a-levres-extreme-shine-volume-01-crystal-clear-5-ml","status":"publish","type":"product","link":"https:\/\/vitablanca.ma\/en\/product\/essence-gloss-a-levres-extreme-shine-volume-01-crystal-clear-5-ml\/","title":{"rendered":"ESSENCE Extreme Shine Volume Lip Gloss 01 Crystal Clear, 5 ml"},"content":{"rendered":"<ul data-mce-fragment=\"1\">\n<li data-mce-fragment=\"1\">Effect: Shimmering \/ Shiny, Increases volume<\/li>\n<li data-mce-fragment=\"1\">Opacity: Translucent coverage<\/li>\n<li data-mce-fragment=\"1\">Base color: Transparent<\/li>\n<li data-mce-fragment=\"1\">Product properties: Alcohol-free<\/li>\n<li data-mce-fragment=\"1\">Texture \/ Consistency \/ Application: Liquid<\/li>\n<li data-mce-fragment=\"1\">Fuller lips with extreme shine and maximum volume without stickiness<\/li>\n<li data-mce-fragment=\"1\">nourishing, vegan<\/li>\n<li data-mce-fragment=\"1\">Free from: Silicone, alcohol, oil, gluten, mineral oil, paraben<\/li>\n<li data-mce-fragment=\"1\">Formulated without microplastics &amp; pure water-soluble synthetic polymers<\/li>\n<\/ul>\n<p data-mce-fragment=\"1\">\n<p data-mce-fragment=\"1\">Essence Extreme Shine Volume Gloss Crystal Clear 01 is the must-have for stunning wet-look lips and adds volume to the lips \u2013 without the addition of silicones, microplastic particles, alcohol, or oil. The shade also provides maximum volume. A new cap made from recycled plastic at 94% also saves around 31 tons of new plastic per year.<\/p>","protected":false},"excerpt":{"rendered":"<p>Effet : Chatoyant \/ Brillant, Augmente le volume Opacit\u00e9 : Couvrance translucide Couleur de base : Transparent Propri\u00e9t\u00e9s du produit : Sans alcool Texture \/ Consistance \/ Application : Liquide Des l\u00e8vres plus pleines avec une brillance extr\u00eame et un volume maximal sans coller nourrissant, v\u00e9g\u00e9talien Exempt de : Silicone, alcool, huile, gluten, huile min\u00e9rale, [&hellip;]<\/p>\n","protected":false},"featured_media":23783,"template":"","meta":{"om_disable_all_campaigns":false},"product_brand":[],"product_cat":[15],"product_tag":[6468,6472,6471,6061,6469,5912,6470,6473,6444],"class_list":{"0":"post-23789","1":"product","2":"type-product","3":"status-publish","4":"has-post-thumbnail","6":"product_cat-beaute-sante-complements-alimentaires-soins-et-bien-etre-au-meilleur-prix","7":"product_tag-essence-extreme-shine-volume","8":"product_tag-gloss-brillant-levres","9":"product_tag-gloss-effet-volume","10":"product_tag-gloss-hydratant","11":"product_tag-gloss-levres-essence","12":"product_tag-gloss-non-collant","13":"product_tag-gloss-transparent-crystal-clear","14":"product_tag-maquillage-levres-essence","15":"product_tag-maquillage-maroc","17":"first","18":"instock","19":"taxable","20":"shipping-taxable","21":"purchasable","22":"product-type-simple"},"yoast_head":"<!-- This site is optimized with the Yoast SEO plugin v27.4 - https:\/\/yoast.com\/product\/yoast-seo-wordpress\/ -->\n<title>ESSENCE Extreme Shine Volume Lip Gloss 01 - Maroc Prix<\/title>\n<meta name=\"description\" content=\"ESSENCE Gloss \u00e0 l\u00e8vres Extreme Shine Volume 01 Crystal Clear offre brillance intense et effet volume. Texture non collante, 5 ml.\" \/>\n<meta name=\"robots\" content=\"index, follow, max-snippet:-1, max-image-preview:large, max-video-preview:-1\" \/>\n<link rel=\"canonical\" href=\"https:\/\/vitablanca.ma\/en\/product\/essence-gloss-a-levres-extreme-shine-volume-01-crystal-clear-5-ml\/\" \/>\n<meta property=\"og:locale\" content=\"en_US\" \/>\n<meta property=\"og:type\" content=\"article\" \/>\n<meta property=\"og:title\" content=\"ESSENCE Extreme Shine Volume Lip Gloss 01 - Maroc Prix\" \/>\n<meta property=\"og:description\" content=\"ESSENCE Gloss \u00e0 l\u00e8vres Extreme Shine Volume 01 Crystal Clear offre brillance intense et effet volume. Texture non collante, 5 ml.\" \/>\n<meta property=\"og:url\" content=\"https:\/\/vitablanca.ma\/en\/product\/essence-gloss-a-levres-extreme-shine-volume-01-crystal-clear-5-ml\/\" \/>\n<meta property=\"og:site_name\" content=\"Vitablanca.ma &ndash; Sant&eacute;, vitalit&eacute; et bien-&ecirc;tre pour tous les Marocains\" \/>\n<meta property=\"article:publisher\" content=\"https:\/\/www.facebook.com\/profile.php?id=61576678196717\" \/>\n<meta property=\"article:modified_time\" content=\"2026-01-27T21:12:16+00:00\" \/>\n<meta property=\"og:image\" content=\"https:\/\/vitablanca.ma\/wp-content\/uploads\/2025\/07\/4059729302809-4010230.png\" \/>\n\t<meta property=\"og:image:width\" content=\"1206\" \/>\n\t<meta property=\"og:image:height\" content=\"1200\" \/>\n\t<meta property=\"og:image:type\" content=\"image\/png\" \/>\n<meta name=\"twitter:card\" content=\"summary_large_image\" \/>\n<meta name=\"twitter:label1\" content=\"Est. reading time\" \/>\n\t<meta name=\"twitter:data1\" content=\"1 minute\" \/>\n<script type=\"application\/ld+json\" class=\"yoast-schema-graph\">{\"@context\":\"https:\\\/\\\/schema.org\",\"@graph\":[{\"@type\":[\"WebPage\",\"ItemPage\"],\"@id\":\"https:\\\/\\\/vitablanca.ma\\\/produit\\\/essence-gloss-a-levres-extreme-shine-volume-01-crystal-clear-5-ml\\\/\",\"url\":\"https:\\\/\\\/vitablanca.ma\\\/produit\\\/essence-gloss-a-levres-extreme-shine-volume-01-crystal-clear-5-ml\\\/\",\"name\":\"ESSENCE Extreme Shine Volume Lip Gloss 01 - Maroc Prix\",\"isPartOf\":{\"@id\":\"https:\\\/\\\/vitablanca.ma\\\/#website\"},\"primaryImageOfPage\":{\"@id\":\"https:\\\/\\\/vitablanca.ma\\\/produit\\\/essence-gloss-a-levres-extreme-shine-volume-01-crystal-clear-5-ml\\\/#primaryimage\"},\"image\":{\"@id\":\"https:\\\/\\\/vitablanca.ma\\\/produit\\\/essence-gloss-a-levres-extreme-shine-volume-01-crystal-clear-5-ml\\\/#primaryimage\"},\"thumbnailUrl\":\"https:\\\/\\\/vitablanca.ma\\\/wp-content\\\/uploads\\\/2025\\\/07\\\/4059729302809-4010230.png\",\"datePublished\":\"2025-07-10T18:30:19+00:00\",\"dateModified\":\"2026-01-27T21:12:16+00:00\",\"description\":\"ESSENCE Gloss \u00e0 l\u00e8vres Extreme Shine Volume 01 Crystal Clear offre brillance intense et effet volume. Texture non collante, 5 ml.\",\"breadcrumb\":{\"@id\":\"https:\\\/\\\/vitablanca.ma\\\/produit\\\/essence-gloss-a-levres-extreme-shine-volume-01-crystal-clear-5-ml\\\/#breadcrumb\"},\"inLanguage\":\"en-US\",\"potentialAction\":[{\"@type\":\"ReadAction\",\"target\":[\"https:\\\/\\\/vitablanca.ma\\\/produit\\\/essence-gloss-a-levres-extreme-shine-volume-01-crystal-clear-5-ml\\\/\"]}]},{\"@type\":\"ImageObject\",\"inLanguage\":\"en-US\",\"@id\":\"https:\\\/\\\/vitablanca.ma\\\/produit\\\/essence-gloss-a-levres-extreme-shine-volume-01-crystal-clear-5-ml\\\/#primaryimage\",\"url\":\"https:\\\/\\\/vitablanca.ma\\\/wp-content\\\/uploads\\\/2025\\\/07\\\/4059729302809-4010230.png\",\"contentUrl\":\"https:\\\/\\\/vitablanca.ma\\\/wp-content\\\/uploads\\\/2025\\\/07\\\/4059729302809-4010230.png\",\"width\":1206,\"height\":1200},{\"@type\":\"BreadcrumbList\",\"@id\":\"https:\\\/\\\/vitablanca.ma\\\/produit\\\/essence-gloss-a-levres-extreme-shine-volume-01-crystal-clear-5-ml\\\/#breadcrumb\",\"itemListElement\":[{\"@type\":\"ListItem\",\"position\":1,\"name\":\"Home\",\"item\":\"https:\\\/\\\/vitablanca.ma\\\/\"},{\"@type\":\"ListItem\",\"position\":2,\"name\":\"Tous Les Produits\",\"item\":\"https:\\\/\\\/vitablanca.ma\\\/tous-les-produits\\\/\"},{\"@type\":\"ListItem\",\"position\":3,\"name\":\"ESSENCE Gloss \u00e0 l\u00e8vres Extreme Shine Volume 01 Crystal Clear, 5 ml\"}]},{\"@type\":\"WebSite\",\"@id\":\"https:\\\/\\\/vitablanca.ma\\\/#website\",\"url\":\"https:\\\/\\\/vitablanca.ma\\\/\",\"name\":\"VitaBlanca.ma | Compl\u00e9ments alimentaires, sant\u00e9 & beaut\u00e9 au Maroc\",\"description\":\"vendre vitamines et compl\u00e9ments premium des USA &amp; Canada, Nouvelle Z\u00e9lande,Maroc (NOW Foods, Solgar, Manuka). Livraison rapide partout au Maroc.\",\"publisher\":{\"@id\":\"https:\\\/\\\/vitablanca.ma\\\/#organization\"},\"alternateName\":\"VitaBlanca.ma\",\"potentialAction\":[{\"@type\":\"SearchAction\",\"target\":{\"@type\":\"EntryPoint\",\"urlTemplate\":\"https:\\\/\\\/vitablanca.ma\\\/?s={search_term_string}\"},\"query-input\":{\"@type\":\"PropertyValueSpecification\",\"valueRequired\":true,\"valueName\":\"search_term_string\"}}],\"inLanguage\":\"en-US\"},{\"@type\":\"Organization\",\"@id\":\"https:\\\/\\\/vitablanca.ma\\\/#organization\",\"name\":\"VitaBlanca\",\"url\":\"https:\\\/\\\/vitablanca.ma\\\/\",\"logo\":{\"@type\":\"ImageObject\",\"inLanguage\":\"en-US\",\"@id\":\"https:\\\/\\\/vitablanca.ma\\\/#\\\/schema\\\/logo\\\/image\\\/\",\"url\":\"https:\\\/\\\/vitablanca.ma\\\/wp-content\\\/uploads\\\/2025\\\/05\\\/cropped-vitablanca.png\",\"contentUrl\":\"https:\\\/\\\/vitablanca.ma\\\/wp-content\\\/uploads\\\/2025\\\/05\\\/cropped-vitablanca.png\",\"width\":360,\"height\":67,\"caption\":\"VitaBlanca\"},\"image\":{\"@id\":\"https:\\\/\\\/vitablanca.ma\\\/#\\\/schema\\\/logo\\\/image\\\/\"},\"sameAs\":[\"https:\\\/\\\/www.facebook.com\\\/profile.php?id=61576678196717\",\"https:\\\/\\\/www.tiktok.com\\\/@vitablanca.ma\",\"https:\\\/\\\/www.instagram.com\\\/vitablanca.ma\\\/\"]}]}<\/script>\n<!-- \/ Yoast SEO plugin. -->","yoast_head_json":{"title":"ESSENCE Extreme Shine Volume Lip Gloss 01 - Maroc Prix","description":"ESSENCE Gloss \u00e0 l\u00e8vres Extreme Shine Volume 01 Crystal Clear offre brillance intense et effet volume. Texture non collante, 5 ml.","robots":{"index":"index","follow":"follow","max-snippet":"max-snippet:-1","max-image-preview":"max-image-preview:large","max-video-preview":"max-video-preview:-1"},"canonical":"https:\/\/vitablanca.ma\/en\/product\/essence-gloss-a-levres-extreme-shine-volume-01-crystal-clear-5-ml\/","og_locale":"en_US","og_type":"article","og_title":"ESSENCE Extreme Shine Volume Lip Gloss 01 - Maroc Prix","og_description":"ESSENCE Gloss \u00e0 l\u00e8vres Extreme Shine Volume 01 Crystal Clear offre brillance intense et effet volume. Texture non collante, 5 ml.","og_url":"https:\/\/vitablanca.ma\/en\/product\/essence-gloss-a-levres-extreme-shine-volume-01-crystal-clear-5-ml\/","og_site_name":"Vitablanca.ma &ndash; Sant&eacute;, vitalit&eacute; et bien-&ecirc;tre pour tous les Marocains","article_publisher":"https:\/\/www.facebook.com\/profile.php?id=61576678196717","article_modified_time":"2026-01-27T21:12:16+00:00","og_image":[{"width":1206,"height":1200,"url":"https:\/\/vitablanca.ma\/wp-content\/uploads\/2025\/07\/4059729302809-4010230.png","type":"image\/png"}],"twitter_card":"summary_large_image","twitter_misc":{"Est. reading time":"1 minute"},"schema":{"@context":"https:\/\/schema.org","@graph":[{"@type":["WebPage","ItemPage"],"@id":"https:\/\/vitablanca.ma\/produit\/essence-gloss-a-levres-extreme-shine-volume-01-crystal-clear-5-ml\/","url":"https:\/\/vitablanca.ma\/produit\/essence-gloss-a-levres-extreme-shine-volume-01-crystal-clear-5-ml\/","name":"ESSENCE Extreme Shine Volume Lip Gloss 01 - Maroc Prix","isPartOf":{"@id":"https:\/\/vitablanca.ma\/#website"},"primaryImageOfPage":{"@id":"https:\/\/vitablanca.ma\/produit\/essence-gloss-a-levres-extreme-shine-volume-01-crystal-clear-5-ml\/#primaryimage"},"image":{"@id":"https:\/\/vitablanca.ma\/produit\/essence-gloss-a-levres-extreme-shine-volume-01-crystal-clear-5-ml\/#primaryimage"},"thumbnailUrl":"https:\/\/vitablanca.ma\/wp-content\/uploads\/2025\/07\/4059729302809-4010230.png","datePublished":"2025-07-10T18:30:19+00:00","dateModified":"2026-01-27T21:12:16+00:00","description":"ESSENCE Gloss \u00e0 l\u00e8vres Extreme Shine Volume 01 Crystal Clear offre brillance intense et effet volume. Texture non collante, 5 ml.","breadcrumb":{"@id":"https:\/\/vitablanca.ma\/produit\/essence-gloss-a-levres-extreme-shine-volume-01-crystal-clear-5-ml\/#breadcrumb"},"inLanguage":"en-US","potentialAction":[{"@type":"ReadAction","target":["https:\/\/vitablanca.ma\/produit\/essence-gloss-a-levres-extreme-shine-volume-01-crystal-clear-5-ml\/"]}]},{"@type":"ImageObject","inLanguage":"en-US","@id":"https:\/\/vitablanca.ma\/produit\/essence-gloss-a-levres-extreme-shine-volume-01-crystal-clear-5-ml\/#primaryimage","url":"https:\/\/vitablanca.ma\/wp-content\/uploads\/2025\/07\/4059729302809-4010230.png","contentUrl":"https:\/\/vitablanca.ma\/wp-content\/uploads\/2025\/07\/4059729302809-4010230.png","width":1206,"height":1200},{"@type":"BreadcrumbList","@id":"https:\/\/vitablanca.ma\/produit\/essence-gloss-a-levres-extreme-shine-volume-01-crystal-clear-5-ml\/#breadcrumb","itemListElement":[{"@type":"ListItem","position":1,"name":"Home","item":"https:\/\/vitablanca.ma\/"},{"@type":"ListItem","position":2,"name":"Tous Les Produits","item":"https:\/\/vitablanca.ma\/tous-les-produits\/"},{"@type":"ListItem","position":3,"name":"ESSENCE Gloss \u00e0 l\u00e8vres Extreme Shine Volume 01 Crystal Clear, 5 ml"}]},{"@type":"WebSite","@id":"https:\/\/vitablanca.ma\/#website","url":"https:\/\/vitablanca.ma\/","name":"VitaBlanca.ma | Food supplements, health &amp; beauty in Morocco","description":"sell premium vitamins and supplements from USA &amp; Canada, New Zealand, Morocco (NOW Foods, Solgar, Manuka). Fast delivery anywhere in Morocco.","publisher":{"@id":"https:\/\/vitablanca.ma\/#organization"},"alternateName":"VitaBlanca.ma","potentialAction":[{"@type":"SearchAction","target":{"@type":"EntryPoint","urlTemplate":"https:\/\/vitablanca.ma\/?s={search_term_string}"},"query-input":{"@type":"PropertyValueSpecification","valueRequired":true,"valueName":"search_term_string"}}],"inLanguage":"en-US"},{"@type":"Organization","@id":"https:\/\/vitablanca.ma\/#organization","name":"VitaBlanca","url":"https:\/\/vitablanca.ma\/","logo":{"@type":"ImageObject","inLanguage":"en-US","@id":"https:\/\/vitablanca.ma\/#\/schema\/logo\/image\/","url":"https:\/\/vitablanca.ma\/wp-content\/uploads\/2025\/05\/cropped-vitablanca.png","contentUrl":"https:\/\/vitablanca.ma\/wp-content\/uploads\/2025\/05\/cropped-vitablanca.png","width":360,"height":67,"caption":"VitaBlanca"},"image":{"@id":"https:\/\/vitablanca.ma\/#\/schema\/logo\/image\/"},"sameAs":["https:\/\/www.facebook.com\/profile.php?id=61576678196717","https:\/\/www.tiktok.com\/@vitablanca.ma","https:\/\/www.instagram.com\/vitablanca.ma\/"]}]}},"jetpack_sharing_enabled":true,"_links":{"self":[{"href":"https:\/\/vitablanca.ma\/en\/wp-json\/wp\/v2\/product\/23789","targetHints":{"allow":["GET"]}}],"collection":[{"href":"https:\/\/vitablanca.ma\/en\/wp-json\/wp\/v2\/product"}],"about":[{"href":"https:\/\/vitablanca.ma\/en\/wp-json\/wp\/v2\/types\/product"}],"wp:featuredmedia":[{"embeddable":true,"href":"https:\/\/vitablanca.ma\/en\/wp-json\/wp\/v2\/media\/23783"}],"wp:attachment":[{"href":"https:\/\/vitablanca.ma\/en\/wp-json\/wp\/v2\/media?parent=23789"}],"wp:term":[{"taxonomy":"product_brand","embeddable":true,"href":"https:\/\/vitablanca.ma\/en\/wp-json\/wp\/v2\/product_brand?post=23789"},{"taxonomy":"product_cat","embeddable":true,"href":"https:\/\/vitablanca.ma\/en\/wp-json\/wp\/v2\/product_cat?post=23789"},{"taxonomy":"product_tag","embeddable":true,"href":"https:\/\/vitablanca.ma\/en\/wp-json\/wp\/v2\/product_tag?post=23789"}],"curies":[{"name":"wp","href":"https:\/\/api.w.org\/{rel}","templated":true}]}}