{"id":23778,"date":"2025-07-10T18:29:01","date_gmt":"2025-07-10T18:29:01","guid":{"rendered":"https:\/\/vitablanca.ma\/product\/parfum-pour-les-cheveux-winter-breeze-100-ml\/"},"modified":"2026-01-27T21:18:03","modified_gmt":"2026-01-27T21:18:03","slug":"parfum-pour-les-cheveux-winter-breeze-100-ml","status":"publish","type":"product","link":"https:\/\/vitablanca.ma\/en\/product\/parfum-pour-les-cheveux-winter-breeze-100-ml\/","title":{"rendered":"Winter Breeze Hair Perfume, 100 ml"},"content":{"rendered":"<ul data-mce-fragment=\"1\">\n<li data-mce-fragment=\"1\">Colorant-free, Preservative-free, Paraben-free, Paraffin\/mineral oil-free, Oil\/fat-free<\/li>\n<li data-mce-fragment=\"1\">Snowdrop scent<\/li>\n<li data-mce-fragment=\"1\">Natural shine<\/li>\n<li data-mce-fragment=\"1\">For a feeling of freshness in the hair<\/li>\n<li data-mce-fragment=\"1\">Silicone-free<\/li>\n<\/ul>\n<p data-mce-fragment=\"1\">\n<p data-mce-fragment=\"1\">Balea&#039;s Winter Breeze hair fragrance gives hair a fresh, floral scent of snowdrops. For natural shine and wonderfully fragrant hair. Formulated without microplastics or purely synthetic water-soluble polymers.<\/p>\n<p data-mce-fragment=\"1\">Spray the hair perfume as needed, from a distance of approximately 20 cm, evenly on dry hair.<\/p>","protected":false},"excerpt":{"rendered":"<p>Sans colorant, Sans conservateur, Sans parab\u00e8ne, Sans paraffine \/ huiles min\u00e9rales, Sans huile \/ sans graisse Parfum de perce-neige Brillance naturelle Pour une sensation de fra\u00eecheur dans les cheveux Sans silicone Le parfum capillaire Winter Breeze de Balea conf\u00e8re aux cheveux un parfum fleuri et frais de perce-neige. Pour une brillance naturelle et des cheveux [&hellip;]<\/p>\n","protected":false},"featured_media":23776,"template":"","meta":{"om_disable_all_campaigns":false},"product_brand":[3236],"product_cat":[18],"product_tag":[3237,3240,3238,3239,6480,3241,6481,6483,6482,6485,6478,6479,6484],"class_list":{"0":"post-23778","1":"product","2":"type-product","3":"status-publish","4":"has-post-thumbnail","6":"product_brand-balea-dm-prix-maroc","7":"product_cat-beaute-sante","8":"product_tag-balea","9":"product_tag-balea-dm","10":"product_tag-balea-maroc","11":"product_tag-balea-morocco","12":"product_tag-brume-capillaire-parfumee","13":"product_tag-dm-maroc","14":"product_tag-parfum-capillaire","15":"product_tag-parfum-cheveux-frais","16":"product_tag-parfum-cheveux-longue-tenue","17":"product_tag-parfum-cheveux-maroc","18":"product_tag-parfum-cheveux-winter-breeze","19":"product_tag-parfum-pour-cheveux","20":"product_tag-soin-capillaire-parfume","22":"first","23":"instock","24":"taxable","25":"shipping-taxable","26":"purchasable","27":"product-type-simple"},"yoast_head":"<!-- This site is optimized with the Yoast SEO plugin v27.4 - https:\/\/yoast.com\/product\/yoast-seo-wordpress\/ -->\n<title>Parfum Cheveux Winter Breeze 100 ml - Maroc Prix<\/title>\n<meta name=\"description\" content=\"Parfum pour les cheveux Winter Breeze 100 ml, brume capillaire fra\u00eeche et \u00e9l\u00e9gante. Parfume d\u00e9licatement sans alourdir les cheveux.\" \/>\n<meta name=\"robots\" content=\"index, follow, max-snippet:-1, max-image-preview:large, max-video-preview:-1\" \/>\n<link rel=\"canonical\" href=\"https:\/\/vitablanca.ma\/en\/product\/parfum-pour-les-cheveux-winter-breeze-100-ml\/\" \/>\n<meta property=\"og:locale\" content=\"en_US\" \/>\n<meta property=\"og:type\" content=\"article\" \/>\n<meta property=\"og:title\" content=\"Parfum Cheveux Winter Breeze 100 ml - Maroc Prix\" \/>\n<meta property=\"og:description\" content=\"Parfum pour les cheveux Winter Breeze 100 ml, brume capillaire fra\u00eeche et \u00e9l\u00e9gante. Parfume d\u00e9licatement sans alourdir les cheveux.\" \/>\n<meta property=\"og:url\" content=\"https:\/\/vitablanca.ma\/en\/product\/parfum-pour-les-cheveux-winter-breeze-100-ml\/\" \/>\n<meta property=\"og:site_name\" content=\"Vitablanca.ma &ndash; Sant&eacute;, vitalit&eacute; et bien-&ecirc;tre pour tous les Marocains\" \/>\n<meta property=\"article:publisher\" content=\"https:\/\/www.facebook.com\/profile.php?id=61576678196717\" \/>\n<meta property=\"article:modified_time\" content=\"2026-01-27T21:18:03+00:00\" \/>\n<meta property=\"og:image\" content=\"https:\/\/vitablanca.ma\/wp-content\/uploads\/2025\/07\/4066447411201-1165261984.png\" \/>\n\t<meta property=\"og:image:width\" content=\"1199\" \/>\n\t<meta property=\"og:image:height\" content=\"1200\" \/>\n\t<meta property=\"og:image:type\" content=\"image\/png\" \/>\n<meta name=\"twitter:card\" content=\"summary_large_image\" \/>\n<meta name=\"twitter:label1\" content=\"Est. reading time\" \/>\n\t<meta name=\"twitter:data1\" content=\"1 minute\" \/>\n<script type=\"application\/ld+json\" class=\"yoast-schema-graph\">{\"@context\":\"https:\\\/\\\/schema.org\",\"@graph\":[{\"@type\":[\"WebPage\",\"ItemPage\"],\"@id\":\"https:\\\/\\\/vitablanca.ma\\\/produit\\\/parfum-pour-les-cheveux-winter-breeze-100-ml\\\/\",\"url\":\"https:\\\/\\\/vitablanca.ma\\\/produit\\\/parfum-pour-les-cheveux-winter-breeze-100-ml\\\/\",\"name\":\"Parfum Cheveux Winter Breeze 100 ml - Maroc Prix\",\"isPartOf\":{\"@id\":\"https:\\\/\\\/vitablanca.ma\\\/#website\"},\"primaryImageOfPage\":{\"@id\":\"https:\\\/\\\/vitablanca.ma\\\/produit\\\/parfum-pour-les-cheveux-winter-breeze-100-ml\\\/#primaryimage\"},\"image\":{\"@id\":\"https:\\\/\\\/vitablanca.ma\\\/produit\\\/parfum-pour-les-cheveux-winter-breeze-100-ml\\\/#primaryimage\"},\"thumbnailUrl\":\"https:\\\/\\\/vitablanca.ma\\\/wp-content\\\/uploads\\\/2025\\\/07\\\/4066447411201-1165261984.png\",\"datePublished\":\"2025-07-10T18:29:01+00:00\",\"dateModified\":\"2026-01-27T21:18:03+00:00\",\"description\":\"Parfum pour les cheveux Winter Breeze 100 ml, brume capillaire fra\u00eeche et \u00e9l\u00e9gante. Parfume d\u00e9licatement sans alourdir les cheveux.\",\"breadcrumb\":{\"@id\":\"https:\\\/\\\/vitablanca.ma\\\/produit\\\/parfum-pour-les-cheveux-winter-breeze-100-ml\\\/#breadcrumb\"},\"inLanguage\":\"en-US\",\"potentialAction\":[{\"@type\":\"ReadAction\",\"target\":[\"https:\\\/\\\/vitablanca.ma\\\/produit\\\/parfum-pour-les-cheveux-winter-breeze-100-ml\\\/\"]}]},{\"@type\":\"ImageObject\",\"inLanguage\":\"en-US\",\"@id\":\"https:\\\/\\\/vitablanca.ma\\\/produit\\\/parfum-pour-les-cheveux-winter-breeze-100-ml\\\/#primaryimage\",\"url\":\"https:\\\/\\\/vitablanca.ma\\\/wp-content\\\/uploads\\\/2025\\\/07\\\/4066447411201-1165261984.png\",\"contentUrl\":\"https:\\\/\\\/vitablanca.ma\\\/wp-content\\\/uploads\\\/2025\\\/07\\\/4066447411201-1165261984.png\",\"width\":1199,\"height\":1200},{\"@type\":\"BreadcrumbList\",\"@id\":\"https:\\\/\\\/vitablanca.ma\\\/produit\\\/parfum-pour-les-cheveux-winter-breeze-100-ml\\\/#breadcrumb\",\"itemListElement\":[{\"@type\":\"ListItem\",\"position\":1,\"name\":\"Home\",\"item\":\"https:\\\/\\\/vitablanca.ma\\\/\"},{\"@type\":\"ListItem\",\"position\":2,\"name\":\"Tous Les Produits\",\"item\":\"https:\\\/\\\/vitablanca.ma\\\/tous-les-produits\\\/\"},{\"@type\":\"ListItem\",\"position\":3,\"name\":\"Parfum pour les cheveux Winter Breeze, 100 ml\"}]},{\"@type\":\"WebSite\",\"@id\":\"https:\\\/\\\/vitablanca.ma\\\/#website\",\"url\":\"https:\\\/\\\/vitablanca.ma\\\/\",\"name\":\"VitaBlanca.ma | Compl\u00e9ments alimentaires, sant\u00e9 & beaut\u00e9 au Maroc\",\"description\":\"vendre vitamines et compl\u00e9ments premium des USA &amp; Canada, Nouvelle Z\u00e9lande,Maroc (NOW Foods, Solgar, Manuka). Livraison rapide partout au Maroc.\",\"publisher\":{\"@id\":\"https:\\\/\\\/vitablanca.ma\\\/#organization\"},\"alternateName\":\"VitaBlanca.ma\",\"potentialAction\":[{\"@type\":\"SearchAction\",\"target\":{\"@type\":\"EntryPoint\",\"urlTemplate\":\"https:\\\/\\\/vitablanca.ma\\\/?s={search_term_string}\"},\"query-input\":{\"@type\":\"PropertyValueSpecification\",\"valueRequired\":true,\"valueName\":\"search_term_string\"}}],\"inLanguage\":\"en-US\"},{\"@type\":\"Organization\",\"@id\":\"https:\\\/\\\/vitablanca.ma\\\/#organization\",\"name\":\"VitaBlanca\",\"url\":\"https:\\\/\\\/vitablanca.ma\\\/\",\"logo\":{\"@type\":\"ImageObject\",\"inLanguage\":\"en-US\",\"@id\":\"https:\\\/\\\/vitablanca.ma\\\/#\\\/schema\\\/logo\\\/image\\\/\",\"url\":\"https:\\\/\\\/vitablanca.ma\\\/wp-content\\\/uploads\\\/2025\\\/05\\\/cropped-vitablanca.png\",\"contentUrl\":\"https:\\\/\\\/vitablanca.ma\\\/wp-content\\\/uploads\\\/2025\\\/05\\\/cropped-vitablanca.png\",\"width\":360,\"height\":67,\"caption\":\"VitaBlanca\"},\"image\":{\"@id\":\"https:\\\/\\\/vitablanca.ma\\\/#\\\/schema\\\/logo\\\/image\\\/\"},\"sameAs\":[\"https:\\\/\\\/www.facebook.com\\\/profile.php?id=61576678196717\",\"https:\\\/\\\/www.tiktok.com\\\/@vitablanca.ma\",\"https:\\\/\\\/www.instagram.com\\\/vitablanca.ma\\\/\"]}]}<\/script>\n<!-- \/ Yoast SEO plugin. -->","yoast_head_json":{"title":"Parfum Cheveux Winter Breeze 100 ml - Maroc Prix","description":"Parfum pour les cheveux Winter Breeze 100 ml, brume capillaire fra\u00eeche et \u00e9l\u00e9gante. Parfume d\u00e9licatement sans alourdir les cheveux.","robots":{"index":"index","follow":"follow","max-snippet":"max-snippet:-1","max-image-preview":"max-image-preview:large","max-video-preview":"max-video-preview:-1"},"canonical":"https:\/\/vitablanca.ma\/en\/product\/parfum-pour-les-cheveux-winter-breeze-100-ml\/","og_locale":"en_US","og_type":"article","og_title":"Parfum Cheveux Winter Breeze 100 ml - Maroc Prix","og_description":"Parfum pour les cheveux Winter Breeze 100 ml, brume capillaire fra\u00eeche et \u00e9l\u00e9gante. Parfume d\u00e9licatement sans alourdir les cheveux.","og_url":"https:\/\/vitablanca.ma\/en\/product\/parfum-pour-les-cheveux-winter-breeze-100-ml\/","og_site_name":"Vitablanca.ma &ndash; Sant&eacute;, vitalit&eacute; et bien-&ecirc;tre pour tous les Marocains","article_publisher":"https:\/\/www.facebook.com\/profile.php?id=61576678196717","article_modified_time":"2026-01-27T21:18:03+00:00","og_image":[{"width":1199,"height":1200,"url":"https:\/\/vitablanca.ma\/wp-content\/uploads\/2025\/07\/4066447411201-1165261984.png","type":"image\/png"}],"twitter_card":"summary_large_image","twitter_misc":{"Est. reading time":"1 minute"},"schema":{"@context":"https:\/\/schema.org","@graph":[{"@type":["WebPage","ItemPage"],"@id":"https:\/\/vitablanca.ma\/produit\/parfum-pour-les-cheveux-winter-breeze-100-ml\/","url":"https:\/\/vitablanca.ma\/produit\/parfum-pour-les-cheveux-winter-breeze-100-ml\/","name":"Parfum Cheveux Winter Breeze 100 ml - Maroc Prix","isPartOf":{"@id":"https:\/\/vitablanca.ma\/#website"},"primaryImageOfPage":{"@id":"https:\/\/vitablanca.ma\/produit\/parfum-pour-les-cheveux-winter-breeze-100-ml\/#primaryimage"},"image":{"@id":"https:\/\/vitablanca.ma\/produit\/parfum-pour-les-cheveux-winter-breeze-100-ml\/#primaryimage"},"thumbnailUrl":"https:\/\/vitablanca.ma\/wp-content\/uploads\/2025\/07\/4066447411201-1165261984.png","datePublished":"2025-07-10T18:29:01+00:00","dateModified":"2026-01-27T21:18:03+00:00","description":"Parfum pour les cheveux Winter Breeze 100 ml, brume capillaire fra\u00eeche et \u00e9l\u00e9gante. Parfume d\u00e9licatement sans alourdir les cheveux.","breadcrumb":{"@id":"https:\/\/vitablanca.ma\/produit\/parfum-pour-les-cheveux-winter-breeze-100-ml\/#breadcrumb"},"inLanguage":"en-US","potentialAction":[{"@type":"ReadAction","target":["https:\/\/vitablanca.ma\/produit\/parfum-pour-les-cheveux-winter-breeze-100-ml\/"]}]},{"@type":"ImageObject","inLanguage":"en-US","@id":"https:\/\/vitablanca.ma\/produit\/parfum-pour-les-cheveux-winter-breeze-100-ml\/#primaryimage","url":"https:\/\/vitablanca.ma\/wp-content\/uploads\/2025\/07\/4066447411201-1165261984.png","contentUrl":"https:\/\/vitablanca.ma\/wp-content\/uploads\/2025\/07\/4066447411201-1165261984.png","width":1199,"height":1200},{"@type":"BreadcrumbList","@id":"https:\/\/vitablanca.ma\/produit\/parfum-pour-les-cheveux-winter-breeze-100-ml\/#breadcrumb","itemListElement":[{"@type":"ListItem","position":1,"name":"Home","item":"https:\/\/vitablanca.ma\/"},{"@type":"ListItem","position":2,"name":"Tous Les Produits","item":"https:\/\/vitablanca.ma\/tous-les-produits\/"},{"@type":"ListItem","position":3,"name":"Parfum pour les cheveux Winter Breeze, 100 ml"}]},{"@type":"WebSite","@id":"https:\/\/vitablanca.ma\/#website","url":"https:\/\/vitablanca.ma\/","name":"VitaBlanca.ma | Food supplements, health &amp; beauty in Morocco","description":"sell premium vitamins and supplements from USA &amp; Canada, New Zealand, Morocco (NOW Foods, Solgar, Manuka). Fast delivery anywhere in Morocco.","publisher":{"@id":"https:\/\/vitablanca.ma\/#organization"},"alternateName":"VitaBlanca.ma","potentialAction":[{"@type":"SearchAction","target":{"@type":"EntryPoint","urlTemplate":"https:\/\/vitablanca.ma\/?s={search_term_string}"},"query-input":{"@type":"PropertyValueSpecification","valueRequired":true,"valueName":"search_term_string"}}],"inLanguage":"en-US"},{"@type":"Organization","@id":"https:\/\/vitablanca.ma\/#organization","name":"VitaBlanca","url":"https:\/\/vitablanca.ma\/","logo":{"@type":"ImageObject","inLanguage":"en-US","@id":"https:\/\/vitablanca.ma\/#\/schema\/logo\/image\/","url":"https:\/\/vitablanca.ma\/wp-content\/uploads\/2025\/05\/cropped-vitablanca.png","contentUrl":"https:\/\/vitablanca.ma\/wp-content\/uploads\/2025\/05\/cropped-vitablanca.png","width":360,"height":67,"caption":"VitaBlanca"},"image":{"@id":"https:\/\/vitablanca.ma\/#\/schema\/logo\/image\/"},"sameAs":["https:\/\/www.facebook.com\/profile.php?id=61576678196717","https:\/\/www.tiktok.com\/@vitablanca.ma","https:\/\/www.instagram.com\/vitablanca.ma\/"]}]}},"jetpack_sharing_enabled":true,"_links":{"self":[{"href":"https:\/\/vitablanca.ma\/en\/wp-json\/wp\/v2\/product\/23778","targetHints":{"allow":["GET"]}}],"collection":[{"href":"https:\/\/vitablanca.ma\/en\/wp-json\/wp\/v2\/product"}],"about":[{"href":"https:\/\/vitablanca.ma\/en\/wp-json\/wp\/v2\/types\/product"}],"wp:featuredmedia":[{"embeddable":true,"href":"https:\/\/vitablanca.ma\/en\/wp-json\/wp\/v2\/media\/23776"}],"wp:attachment":[{"href":"https:\/\/vitablanca.ma\/en\/wp-json\/wp\/v2\/media?parent=23778"}],"wp:term":[{"taxonomy":"product_brand","embeddable":true,"href":"https:\/\/vitablanca.ma\/en\/wp-json\/wp\/v2\/product_brand?post=23778"},{"taxonomy":"product_cat","embeddable":true,"href":"https:\/\/vitablanca.ma\/en\/wp-json\/wp\/v2\/product_cat?post=23778"},{"taxonomy":"product_tag","embeddable":true,"href":"https:\/\/vitablanca.ma\/en\/wp-json\/wp\/v2\/product_tag?post=23778"}],"curies":[{"name":"wp","href":"https:\/\/api.w.org\/{rel}","templated":true}]}}