{"id":23775,"date":"2025-07-10T18:28:49","date_gmt":"2025-07-10T18:28:49","guid":{"rendered":"https:\/\/vitablanca.ma\/product\/serum-beauty-expert-azelain-booster-30-ml\/"},"modified":"2026-01-27T21:21:41","modified_gmt":"2026-01-27T21:21:41","slug":"serum-beauty-expert-azelain-booster-30-ml","status":"publish","type":"product","link":"https:\/\/vitablanca.ma\/en\/product\/serum-beauty-expert-azelain-booster-30-ml\/","title":{"rendered":"Beauty Expert Azelain Booster Serum, 30 ml"},"content":{"rendered":"<ul>\n<li>Particularly suitable for the face, Alcohol-free, Aluminum-free, Colorant-free, Nanoparticle-free, Paraben-free, Paraffin\/mineral oil-free, Perfume-free, Oil\/grease-free, pH-neutral for the skin, Vegan<\/li>\n<li>3% azelaine* + 1% panthenol<\/li>\n<li>Reduces blemishes, redness and pimple marks** and minimizes hyperpigmentation**.<\/li>\n<li>Refines skin texture<\/li>\n<li>Fragrance-free<\/li>\n<li>Formulated without microplastics &amp; pure water-soluble synthetic polymers<\/li>\n<\/ul>\n<p>&nbsp;<\/p>\n<p>For radiant skin: Balea Beauty Expert offers effective care with concentrated ingredients, perfectly adapted to the skin&#039;s needs.<\/p>\n<p>AZELAIN* is a multifunctional substance that has a brightening and purifying effect on the skin. The combination of active ingredients in Azelaine Booster with 3% AZELAINE ACID DERIVATIVE, 1% PANTHENOL, and 3% GLYCERIN improves the appearance of the skin, helps fight impurities with regular use, and thus supports the skin&#039;s natural radiance. ** The effective formulation with AZELAINE ACID COMPLEX, NIACINAMIDE, and MILK ACID reduces hyperpigmentation, redness, and pimple marks.** It also improves skin evenness** and supports the skin&#039;s natural barrier. Plant-derived GLYCERIN moisturizes and supports the skin&#039;s natural moisture balance. Azelaine booster refines skin texture and pores for a more even appearance.** PANTHENOL soothes the skin and plant-derived BETAINES help protect the skin barrier.<\/p>\n<p><strong>Directions for use<\/strong><br \/>\nSkin tolerance confirmed under dermatological control Apply 2 to 3 drops morning and evening to cleansed skin on the face, neck and d\u00e9collet\u00e9 and massage in gently. For optimal collection, shake the pipette briefly before use. Dip the empty pipette into the bottle by pressing the suction cap, release, remove the filled pipette and dose the serum.<\/p>\n<p><strong>Warnings<\/strong><br \/>\nFor external use only. Do not allow contact with eyes or mucous membranes. Avoid direct exposure to UV rays (sun, sunbed) and use a sunscreen product with an SPF of at least 30. If skin irritation occurs, discontinue use. Keep out of reach of children. Not suitable for pregnant or breastfeeding women. Do not use on sensitive skin. Can be used as a 4-week course of treatment or continuously if well tolerated by the skin.<\/p>","protected":false},"excerpt":{"rendered":"<p>Particuli\u00e8rement adapt\u00e9 au visage, Sans alcool, Sans sels d&rsquo;aluminium, Sans colorants, Sans nanoparticules, Sans parab\u00e8nes, Sans paraffine \/ huiles min\u00e9rales, Sans parfum, Sans huile \/ sans graisse, pH neutre pour la peau, Vegan 3% az\u00e9la\u00efne* + 1% panth\u00e9nol Att\u00e9nue les imperfections, les rougeurs et les marques de boutons** et minimise l&rsquo;hyperpigmentation**. Affine le grain de [&hellip;]<\/p>\n","protected":false},"featured_media":23772,"template":"","meta":{"om_disable_all_campaigns":false},"product_brand":[3236],"product_cat":[18],"product_tag":[3237,3240,3238,3239,6490,3241,6487,6486,6420,6488,6492,6489,6491],"class_list":{"0":"post-23775","1":"product","2":"type-product","3":"status-publish","4":"has-post-thumbnail","6":"product_brand-balea-dm-prix-maroc","7":"product_cat-beaute-sante","8":"product_tag-balea","9":"product_tag-balea-dm","10":"product_tag-balea-maroc","11":"product_tag-balea-morocco","12":"product_tag-booster-teint-clair","13":"product_tag-dm-maroc","14":"product_tag-serum-anti-imperfections","15":"product_tag-serum-beauty-expert-azelain-booster","16":"product_tag-serum-hydratant","17":"product_tag-serum-peau-mixte","18":"product_tag-serum-visage-maroc","19":"product_tag-serum-visage-regulateur","20":"product_tag-soin-visage-anti-acne","22":"first","23":"instock","24":"taxable","25":"shipping-taxable","26":"purchasable","27":"product-type-simple"},"yoast_head":"<!-- This site is optimized with the Yoast SEO plugin v27.4 - https:\/\/yoast.com\/product\/yoast-seo-wordpress\/ -->\n<title>S\u00e9rum Beauty Expert Azelain Booster 30 ml - Maroc Prix<\/title>\n<meta name=\"description\" content=\"S\u00e9rum Beauty Expert Azelain Booster 30 ml r\u00e9duit imperfections, r\u00e9gule l\u2019exc\u00e8s de s\u00e9bum et hydrate la peau. Convient aux peaux mixtes et grasses.\" \/>\n<meta name=\"robots\" content=\"index, follow, max-snippet:-1, max-image-preview:large, max-video-preview:-1\" \/>\n<link rel=\"canonical\" href=\"https:\/\/vitablanca.ma\/en\/product\/serum-beauty-expert-azelain-booster-30-ml\/\" \/>\n<meta property=\"og:locale\" content=\"en_US\" \/>\n<meta property=\"og:type\" content=\"article\" \/>\n<meta property=\"og:title\" content=\"S\u00e9rum Beauty Expert Azelain Booster 30 ml - Maroc Prix\" \/>\n<meta property=\"og:description\" content=\"S\u00e9rum Beauty Expert Azelain Booster 30 ml r\u00e9duit imperfections, r\u00e9gule l\u2019exc\u00e8s de s\u00e9bum et hydrate la peau. Convient aux peaux mixtes et grasses.\" \/>\n<meta property=\"og:url\" content=\"https:\/\/vitablanca.ma\/en\/product\/serum-beauty-expert-azelain-booster-30-ml\/\" \/>\n<meta property=\"og:site_name\" content=\"Vitablanca.ma &ndash; Sant&eacute;, vitalit&eacute; et bien-&ecirc;tre pour tous les Marocains\" \/>\n<meta property=\"article:publisher\" content=\"https:\/\/www.facebook.com\/profile.php?id=61576678196717\" \/>\n<meta property=\"article:modified_time\" content=\"2026-01-27T21:21:41+00:00\" \/>\n<meta property=\"og:image\" content=\"https:\/\/vitablanca.ma\/wp-content\/uploads\/2025\/07\/4066447245028-3897827.png\" \/>\n\t<meta property=\"og:image:width\" content=\"1202\" \/>\n\t<meta property=\"og:image:height\" content=\"1200\" \/>\n\t<meta property=\"og:image:type\" content=\"image\/png\" \/>\n<meta name=\"twitter:card\" content=\"summary_large_image\" \/>\n<meta name=\"twitter:label1\" content=\"Est. reading time\" \/>\n\t<meta name=\"twitter:data1\" content=\"3 minutes\" \/>\n<script type=\"application\/ld+json\" class=\"yoast-schema-graph\">{\"@context\":\"https:\\\/\\\/schema.org\",\"@graph\":[{\"@type\":[\"WebPage\",\"ItemPage\"],\"@id\":\"https:\\\/\\\/vitablanca.ma\\\/produit\\\/serum-beauty-expert-azelain-booster-30-ml\\\/\",\"url\":\"https:\\\/\\\/vitablanca.ma\\\/produit\\\/serum-beauty-expert-azelain-booster-30-ml\\\/\",\"name\":\"S\u00e9rum Beauty Expert Azelain Booster 30 ml - Maroc Prix\",\"isPartOf\":{\"@id\":\"https:\\\/\\\/vitablanca.ma\\\/#website\"},\"primaryImageOfPage\":{\"@id\":\"https:\\\/\\\/vitablanca.ma\\\/produit\\\/serum-beauty-expert-azelain-booster-30-ml\\\/#primaryimage\"},\"image\":{\"@id\":\"https:\\\/\\\/vitablanca.ma\\\/produit\\\/serum-beauty-expert-azelain-booster-30-ml\\\/#primaryimage\"},\"thumbnailUrl\":\"https:\\\/\\\/vitablanca.ma\\\/wp-content\\\/uploads\\\/2025\\\/07\\\/4066447245028-3897827.png\",\"datePublished\":\"2025-07-10T18:28:49+00:00\",\"dateModified\":\"2026-01-27T21:21:41+00:00\",\"description\":\"S\u00e9rum Beauty Expert Azelain Booster 30 ml r\u00e9duit imperfections, r\u00e9gule l\u2019exc\u00e8s de s\u00e9bum et hydrate la peau. Convient aux peaux mixtes et grasses.\",\"breadcrumb\":{\"@id\":\"https:\\\/\\\/vitablanca.ma\\\/produit\\\/serum-beauty-expert-azelain-booster-30-ml\\\/#breadcrumb\"},\"inLanguage\":\"en-US\",\"potentialAction\":[{\"@type\":\"ReadAction\",\"target\":[\"https:\\\/\\\/vitablanca.ma\\\/produit\\\/serum-beauty-expert-azelain-booster-30-ml\\\/\"]}]},{\"@type\":\"ImageObject\",\"inLanguage\":\"en-US\",\"@id\":\"https:\\\/\\\/vitablanca.ma\\\/produit\\\/serum-beauty-expert-azelain-booster-30-ml\\\/#primaryimage\",\"url\":\"https:\\\/\\\/vitablanca.ma\\\/wp-content\\\/uploads\\\/2025\\\/07\\\/4066447245028-3897827.png\",\"contentUrl\":\"https:\\\/\\\/vitablanca.ma\\\/wp-content\\\/uploads\\\/2025\\\/07\\\/4066447245028-3897827.png\",\"width\":1202,\"height\":1200},{\"@type\":\"BreadcrumbList\",\"@id\":\"https:\\\/\\\/vitablanca.ma\\\/produit\\\/serum-beauty-expert-azelain-booster-30-ml\\\/#breadcrumb\",\"itemListElement\":[{\"@type\":\"ListItem\",\"position\":1,\"name\":\"Home\",\"item\":\"https:\\\/\\\/vitablanca.ma\\\/\"},{\"@type\":\"ListItem\",\"position\":2,\"name\":\"Tous Les Produits\",\"item\":\"https:\\\/\\\/vitablanca.ma\\\/tous-les-produits\\\/\"},{\"@type\":\"ListItem\",\"position\":3,\"name\":\"S\u00e9rum Beauty Expert Azelain Booster, 30 ml\"}]},{\"@type\":\"WebSite\",\"@id\":\"https:\\\/\\\/vitablanca.ma\\\/#website\",\"url\":\"https:\\\/\\\/vitablanca.ma\\\/\",\"name\":\"VitaBlanca.ma | Compl\u00e9ments alimentaires, sant\u00e9 & beaut\u00e9 au Maroc\",\"description\":\"vendre vitamines et compl\u00e9ments premium des USA &amp; Canada, Nouvelle Z\u00e9lande,Maroc (NOW Foods, Solgar, Manuka). Livraison rapide partout au Maroc.\",\"publisher\":{\"@id\":\"https:\\\/\\\/vitablanca.ma\\\/#organization\"},\"alternateName\":\"VitaBlanca.ma\",\"potentialAction\":[{\"@type\":\"SearchAction\",\"target\":{\"@type\":\"EntryPoint\",\"urlTemplate\":\"https:\\\/\\\/vitablanca.ma\\\/?s={search_term_string}\"},\"query-input\":{\"@type\":\"PropertyValueSpecification\",\"valueRequired\":true,\"valueName\":\"search_term_string\"}}],\"inLanguage\":\"en-US\"},{\"@type\":\"Organization\",\"@id\":\"https:\\\/\\\/vitablanca.ma\\\/#organization\",\"name\":\"VitaBlanca\",\"url\":\"https:\\\/\\\/vitablanca.ma\\\/\",\"logo\":{\"@type\":\"ImageObject\",\"inLanguage\":\"en-US\",\"@id\":\"https:\\\/\\\/vitablanca.ma\\\/#\\\/schema\\\/logo\\\/image\\\/\",\"url\":\"https:\\\/\\\/vitablanca.ma\\\/wp-content\\\/uploads\\\/2025\\\/05\\\/cropped-vitablanca.png\",\"contentUrl\":\"https:\\\/\\\/vitablanca.ma\\\/wp-content\\\/uploads\\\/2025\\\/05\\\/cropped-vitablanca.png\",\"width\":360,\"height\":67,\"caption\":\"VitaBlanca\"},\"image\":{\"@id\":\"https:\\\/\\\/vitablanca.ma\\\/#\\\/schema\\\/logo\\\/image\\\/\"},\"sameAs\":[\"https:\\\/\\\/www.facebook.com\\\/profile.php?id=61576678196717\",\"https:\\\/\\\/www.tiktok.com\\\/@vitablanca.ma\",\"https:\\\/\\\/www.instagram.com\\\/vitablanca.ma\\\/\"]}]}<\/script>\n<!-- \/ Yoast SEO plugin. -->","yoast_head_json":{"title":"S\u00e9rum Beauty Expert Azelain Booster 30 ml - Maroc Prix","description":"S\u00e9rum Beauty Expert Azelain Booster 30 ml r\u00e9duit imperfections, r\u00e9gule l\u2019exc\u00e8s de s\u00e9bum et hydrate la peau. Convient aux peaux mixtes et grasses.","robots":{"index":"index","follow":"follow","max-snippet":"max-snippet:-1","max-image-preview":"max-image-preview:large","max-video-preview":"max-video-preview:-1"},"canonical":"https:\/\/vitablanca.ma\/en\/product\/serum-beauty-expert-azelain-booster-30-ml\/","og_locale":"en_US","og_type":"article","og_title":"S\u00e9rum Beauty Expert Azelain Booster 30 ml - Maroc Prix","og_description":"S\u00e9rum Beauty Expert Azelain Booster 30 ml r\u00e9duit imperfections, r\u00e9gule l\u2019exc\u00e8s de s\u00e9bum et hydrate la peau. Convient aux peaux mixtes et grasses.","og_url":"https:\/\/vitablanca.ma\/en\/product\/serum-beauty-expert-azelain-booster-30-ml\/","og_site_name":"Vitablanca.ma &ndash; Sant&eacute;, vitalit&eacute; et bien-&ecirc;tre pour tous les Marocains","article_publisher":"https:\/\/www.facebook.com\/profile.php?id=61576678196717","article_modified_time":"2026-01-27T21:21:41+00:00","og_image":[{"width":1202,"height":1200,"url":"https:\/\/vitablanca.ma\/wp-content\/uploads\/2025\/07\/4066447245028-3897827.png","type":"image\/png"}],"twitter_card":"summary_large_image","twitter_misc":{"Est. reading time":"3 minutes"},"schema":{"@context":"https:\/\/schema.org","@graph":[{"@type":["WebPage","ItemPage"],"@id":"https:\/\/vitablanca.ma\/produit\/serum-beauty-expert-azelain-booster-30-ml\/","url":"https:\/\/vitablanca.ma\/produit\/serum-beauty-expert-azelain-booster-30-ml\/","name":"S\u00e9rum Beauty Expert Azelain Booster 30 ml - Maroc Prix","isPartOf":{"@id":"https:\/\/vitablanca.ma\/#website"},"primaryImageOfPage":{"@id":"https:\/\/vitablanca.ma\/produit\/serum-beauty-expert-azelain-booster-30-ml\/#primaryimage"},"image":{"@id":"https:\/\/vitablanca.ma\/produit\/serum-beauty-expert-azelain-booster-30-ml\/#primaryimage"},"thumbnailUrl":"https:\/\/vitablanca.ma\/wp-content\/uploads\/2025\/07\/4066447245028-3897827.png","datePublished":"2025-07-10T18:28:49+00:00","dateModified":"2026-01-27T21:21:41+00:00","description":"S\u00e9rum Beauty Expert Azelain Booster 30 ml r\u00e9duit imperfections, r\u00e9gule l\u2019exc\u00e8s de s\u00e9bum et hydrate la peau. Convient aux peaux mixtes et grasses.","breadcrumb":{"@id":"https:\/\/vitablanca.ma\/produit\/serum-beauty-expert-azelain-booster-30-ml\/#breadcrumb"},"inLanguage":"en-US","potentialAction":[{"@type":"ReadAction","target":["https:\/\/vitablanca.ma\/produit\/serum-beauty-expert-azelain-booster-30-ml\/"]}]},{"@type":"ImageObject","inLanguage":"en-US","@id":"https:\/\/vitablanca.ma\/produit\/serum-beauty-expert-azelain-booster-30-ml\/#primaryimage","url":"https:\/\/vitablanca.ma\/wp-content\/uploads\/2025\/07\/4066447245028-3897827.png","contentUrl":"https:\/\/vitablanca.ma\/wp-content\/uploads\/2025\/07\/4066447245028-3897827.png","width":1202,"height":1200},{"@type":"BreadcrumbList","@id":"https:\/\/vitablanca.ma\/produit\/serum-beauty-expert-azelain-booster-30-ml\/#breadcrumb","itemListElement":[{"@type":"ListItem","position":1,"name":"Home","item":"https:\/\/vitablanca.ma\/"},{"@type":"ListItem","position":2,"name":"Tous Les Produits","item":"https:\/\/vitablanca.ma\/tous-les-produits\/"},{"@type":"ListItem","position":3,"name":"S\u00e9rum Beauty Expert Azelain Booster, 30 ml"}]},{"@type":"WebSite","@id":"https:\/\/vitablanca.ma\/#website","url":"https:\/\/vitablanca.ma\/","name":"VitaBlanca.ma | Food supplements, health &amp; beauty in Morocco","description":"sell premium vitamins and supplements from USA &amp; Canada, New Zealand, Morocco (NOW Foods, Solgar, Manuka). Fast delivery anywhere in Morocco.","publisher":{"@id":"https:\/\/vitablanca.ma\/#organization"},"alternateName":"VitaBlanca.ma","potentialAction":[{"@type":"SearchAction","target":{"@type":"EntryPoint","urlTemplate":"https:\/\/vitablanca.ma\/?s={search_term_string}"},"query-input":{"@type":"PropertyValueSpecification","valueRequired":true,"valueName":"search_term_string"}}],"inLanguage":"en-US"},{"@type":"Organization","@id":"https:\/\/vitablanca.ma\/#organization","name":"VitaBlanca","url":"https:\/\/vitablanca.ma\/","logo":{"@type":"ImageObject","inLanguage":"en-US","@id":"https:\/\/vitablanca.ma\/#\/schema\/logo\/image\/","url":"https:\/\/vitablanca.ma\/wp-content\/uploads\/2025\/05\/cropped-vitablanca.png","contentUrl":"https:\/\/vitablanca.ma\/wp-content\/uploads\/2025\/05\/cropped-vitablanca.png","width":360,"height":67,"caption":"VitaBlanca"},"image":{"@id":"https:\/\/vitablanca.ma\/#\/schema\/logo\/image\/"},"sameAs":["https:\/\/www.facebook.com\/profile.php?id=61576678196717","https:\/\/www.tiktok.com\/@vitablanca.ma","https:\/\/www.instagram.com\/vitablanca.ma\/"]}]}},"jetpack_sharing_enabled":true,"_links":{"self":[{"href":"https:\/\/vitablanca.ma\/en\/wp-json\/wp\/v2\/product\/23775","targetHints":{"allow":["GET"]}}],"collection":[{"href":"https:\/\/vitablanca.ma\/en\/wp-json\/wp\/v2\/product"}],"about":[{"href":"https:\/\/vitablanca.ma\/en\/wp-json\/wp\/v2\/types\/product"}],"wp:featuredmedia":[{"embeddable":true,"href":"https:\/\/vitablanca.ma\/en\/wp-json\/wp\/v2\/media\/23772"}],"wp:attachment":[{"href":"https:\/\/vitablanca.ma\/en\/wp-json\/wp\/v2\/media?parent=23775"}],"wp:term":[{"taxonomy":"product_brand","embeddable":true,"href":"https:\/\/vitablanca.ma\/en\/wp-json\/wp\/v2\/product_brand?post=23775"},{"taxonomy":"product_cat","embeddable":true,"href":"https:\/\/vitablanca.ma\/en\/wp-json\/wp\/v2\/product_cat?post=23775"},{"taxonomy":"product_tag","embeddable":true,"href":"https:\/\/vitablanca.ma\/en\/wp-json\/wp\/v2\/product_tag?post=23775"}],"curies":[{"name":"wp","href":"https:\/\/api.w.org\/{rel}","templated":true}]}}