{"id":23771,"date":"2025-07-10T18:28:21","date_gmt":"2025-07-10T18:28:21","guid":{"rendered":"https:\/\/vitablanca.ma\/product\/reelle-coloration-pour-cheveux-5-6-brun-moka\/"},"modified":"2026-01-27T21:24:35","modified_gmt":"2026-01-27T21:24:35","slug":"reelle-coloration-pour-cheveux-5-6-brun-moka","status":"publish","type":"product","link":"https:\/\/vitablanca.ma\/en\/product\/reelle-coloration-pour-cheveux-5-6-brun-moka\/","title":{"rendered":"r\u00e9ll&#039;e \u2013 Hair coloring 5.6 mocha brown"},"content":{"rendered":"<h3>\ud83c\udf30 real 5.6 Mocha Brown \u2013 Rich &amp; chic color<\/h3>\n<ul>\n<li>Color Level: Permanent<\/li>\n<li>Product Features: Alcohol-Free, Silicone-Free, Vegan<\/li>\n<li>Color Shades Coloring: Shades of Brown<\/li>\n<li>Intense and long-lasting color shine<\/li>\n<li>Professional coloring result<\/li>\n<li>Reliable coverage of white hair<\/li>\n<li>Up to 95% less hair breakage thanks to the color shine treatment<\/li>\n<li>Vegan, microplastic-free<\/li>\n<li>1pc<\/li>\n<\/ul>\n<h4><strong><span style=\"font-size: 11pt; line-height: 104%; font-family: 'Segoe UI Emoji', sans-serif;\">\ud83d\udccc<\/span><span lang=\"EN-US\" style=\"font-size: 11pt; line-height: 104%; font-family: Arial, sans-serif;\"> Product Description<\/span><\/strong><\/h4>\n<p>The Intensive Color Cream r\u00e9ell&#039;e Mocha Brown 5.6 guarantees a brilliant coloring result. The professional active formula penetrates deep into the hair and reliably covers even completely gray hair. It ensures a long-lasting and expressive coloring result and makes your hair shine. The rich color shine treatment with natural almond oil provides the hair with valuable care substances, smoothes the hair surface and reduces breakage by up to 95 %. For fascinating color nuances with brilliant shine.<\/p>\n<h4><strong><span style=\"font-size: 11pt; line-height: 104%; font-family: 'Segoe UI Emoji', sans-serif;\">\ud83d\udca1<\/span><span lang=\"EN-US\" style=\"font-size: 11pt; line-height: 104%; font-family: Arial, sans-serif;\"> Directions for use<\/span><\/strong><\/h4>\n<p>Your hair color: medium blonde, light brown, dark brown.<\/p>\n<p>1. Pour the intensive coloring cream into the color developer bottle.<\/p>\n<p>2. Shake the bottle until you obtain a smooth cream.<\/p>\n<p>3. Apply the mixture to all dry hair.<\/p>\n<p>4. After the application time, rinse thoroughly and apply the enclosed treatment. For accurate application, please read and follow the enclosed instructions! Recommendation: If your hair is longer than shoulder length or very thick, please use two packs.<\/p>\n<h4><strong><span lang=\"EN-US\" style=\"font-size: 11pt; line-height: 103%; font-family: 'Segoe UI Emoji', sans-serif;\">\u26a0<\/span><span style=\"font-size: 11pt; line-height: 103%; font-family: Arial, sans-serif;\">\ufe0f<\/span><span lang=\"EN-US\" style=\"font-size: 11pt; line-height: 103%; font-family: Arial, sans-serif;\"> Warnings <\/span><\/strong><\/h4>\n<p>Contains phenylenediamine (toluylenediamine) and hydrogen peroxide. Hair dyes may cause severe allergic reactions. Please read and follow the instructions below: Temporary \u201cblack henna\u201d tattoos may increase the risk of allergy. Do not color your hair: \u2013 if you have a rash on your face or if your scalp is sensitive, irritated, or injured; \u2013 if you have previously experienced a reaction after coloring your hair; \u2013 if a temporary \u201cblack henna\u201d tattoo has previously caused a reaction in you. In these cases, please consult a dermatologist before applying hair dye. Do not use to color eyelashes and eyebrows. Failure to do so may result in blindness. Do not use for beard coloring or for any application other than coloring the hair on the head. Avoid contact with eyes. Rinse eyes immediately if the product has come into contact with the eyes. Rinse hair well after application. Wear suitable gloves (provided). Do not use if your hair has been colored with henna or metallic salts, or if it has been treated with a product that gradually returns the hair to its natural color. Please read and follow the instructions in the user manual.<\/p>","protected":false},"excerpt":{"rendered":"<p>\ud83c\udf30 r\u00e9ell&rsquo;e 5.6 Brun Moka \u2013 Couleur riche &amp; chic Niveau de coloration: Permanent Caract\u00e9ristiques du produit: Sans alcool, Sans silicone, V\u00e9g\u00e9talien Nuances de couleur Coloration: Nuances de brun Brillance intense et durable de la couleur R\u00e9sultat de coloration professionnel Couverture fiable des cheveux blancs Jusqu&rsquo;\u00e0 95 % de cheveux cassants en moins gr\u00e2ce au [&hellip;]<\/p>\n","protected":false},"featured_media":23767,"template":"","meta":{"om_disable_all_campaigns":false},"product_brand":[],"product_cat":[15],"product_tag":[6494,6498,6497,6500,6496,6499,6493,6495],"class_list":{"0":"post-23771","1":"product","2":"type-product","3":"status-publish","4":"has-post-thumbnail","6":"product_cat-beaute-sante-complements-alimentaires-soins-et-bien-etre-au-meilleur-prix","7":"product_tag-coloration-5-6-brun-moka","8":"product_tag-coloration-cheveux-maroc","9":"product_tag-coloration-cheveux-naturel","10":"product_tag-coloration-maison-cheveux","11":"product_tag-coloration-permanente-cheveux","12":"product_tag-kit-coloration-cheveux","13":"product_tag-reelle-coloration-cheveux","14":"product_tag-teinture-cheveux-brun","16":"first","17":"instock","18":"taxable","19":"shipping-taxable","20":"purchasable","21":"product-type-simple"},"yoast_head":"<!-- This site is optimized with the Yoast SEO plugin v27.4 - https:\/\/yoast.com\/product\/yoast-seo-wordpress\/ -->\n<title>R\u00e9ell\u2019e Coloration Cheveux 5.6 Brun Moka - Maroc Prix<\/title>\n<meta name=\"description\" content=\"R\u00e9ell\u2019e Coloration Cheveux 5.6 Brun Moka offre une couleur riche et naturelle. Coloration permanente facile \u00e0 appliquer pour cheveux brillants et \u00e9clatants.\" \/>\n<meta name=\"robots\" content=\"index, follow, max-snippet:-1, max-image-preview:large, max-video-preview:-1\" \/>\n<link rel=\"canonical\" href=\"https:\/\/vitablanca.ma\/en\/product\/reelle-coloration-pour-cheveux-5-6-brun-moka\/\" \/>\n<meta property=\"og:locale\" content=\"en_US\" \/>\n<meta property=\"og:type\" content=\"article\" \/>\n<meta property=\"og:title\" content=\"R\u00e9ell\u2019e Coloration Cheveux 5.6 Brun Moka - Maroc Prix\" \/>\n<meta property=\"og:description\" content=\"R\u00e9ell\u2019e Coloration Cheveux 5.6 Brun Moka offre une couleur riche et naturelle. Coloration permanente facile \u00e0 appliquer pour cheveux brillants et \u00e9clatants.\" \/>\n<meta property=\"og:url\" content=\"https:\/\/vitablanca.ma\/en\/product\/reelle-coloration-pour-cheveux-5-6-brun-moka\/\" \/>\n<meta property=\"og:site_name\" content=\"Vitablanca.ma &ndash; Sant&eacute;, vitalit&eacute; et bien-&ecirc;tre pour tous les Marocains\" \/>\n<meta property=\"article:publisher\" content=\"https:\/\/www.facebook.com\/profile.php?id=61576678196717\" \/>\n<meta property=\"article:modified_time\" content=\"2026-01-27T21:24:35+00:00\" \/>\n<meta property=\"og:image\" content=\"https:\/\/vitablanca.ma\/wp-content\/uploads\/2025\/07\/4066447330687-4040386.png\" \/>\n\t<meta property=\"og:image:width\" content=\"1200\" \/>\n\t<meta property=\"og:image:height\" content=\"1200\" \/>\n\t<meta property=\"og:image:type\" content=\"image\/png\" \/>\n<meta name=\"twitter:card\" content=\"summary_large_image\" \/>\n<meta name=\"twitter:label1\" content=\"Est. reading time\" \/>\n\t<meta name=\"twitter:data1\" content=\"3 minutes\" \/>\n<script type=\"application\/ld+json\" class=\"yoast-schema-graph\">{\"@context\":\"https:\\\/\\\/schema.org\",\"@graph\":[{\"@type\":[\"WebPage\",\"ItemPage\"],\"@id\":\"https:\\\/\\\/vitablanca.ma\\\/produit\\\/reelle-coloration-pour-cheveux-5-6-brun-moka\\\/\",\"url\":\"https:\\\/\\\/vitablanca.ma\\\/produit\\\/reelle-coloration-pour-cheveux-5-6-brun-moka\\\/\",\"name\":\"R\u00e9ell\u2019e Coloration Cheveux 5.6 Brun Moka - Maroc Prix\",\"isPartOf\":{\"@id\":\"https:\\\/\\\/vitablanca.ma\\\/#website\"},\"primaryImageOfPage\":{\"@id\":\"https:\\\/\\\/vitablanca.ma\\\/produit\\\/reelle-coloration-pour-cheveux-5-6-brun-moka\\\/#primaryimage\"},\"image\":{\"@id\":\"https:\\\/\\\/vitablanca.ma\\\/produit\\\/reelle-coloration-pour-cheveux-5-6-brun-moka\\\/#primaryimage\"},\"thumbnailUrl\":\"https:\\\/\\\/vitablanca.ma\\\/wp-content\\\/uploads\\\/2025\\\/07\\\/4066447330687-4040386.png\",\"datePublished\":\"2025-07-10T18:28:21+00:00\",\"dateModified\":\"2026-01-27T21:24:35+00:00\",\"description\":\"R\u00e9ell\u2019e Coloration Cheveux 5.6 Brun Moka offre une couleur riche et naturelle. Coloration permanente facile \u00e0 appliquer pour cheveux brillants et \u00e9clatants.\",\"breadcrumb\":{\"@id\":\"https:\\\/\\\/vitablanca.ma\\\/produit\\\/reelle-coloration-pour-cheveux-5-6-brun-moka\\\/#breadcrumb\"},\"inLanguage\":\"en-US\",\"potentialAction\":[{\"@type\":\"ReadAction\",\"target\":[\"https:\\\/\\\/vitablanca.ma\\\/produit\\\/reelle-coloration-pour-cheveux-5-6-brun-moka\\\/\"]}]},{\"@type\":\"ImageObject\",\"inLanguage\":\"en-US\",\"@id\":\"https:\\\/\\\/vitablanca.ma\\\/produit\\\/reelle-coloration-pour-cheveux-5-6-brun-moka\\\/#primaryimage\",\"url\":\"https:\\\/\\\/vitablanca.ma\\\/wp-content\\\/uploads\\\/2025\\\/07\\\/4066447330687-4040386.png\",\"contentUrl\":\"https:\\\/\\\/vitablanca.ma\\\/wp-content\\\/uploads\\\/2025\\\/07\\\/4066447330687-4040386.png\",\"width\":1200,\"height\":1200},{\"@type\":\"BreadcrumbList\",\"@id\":\"https:\\\/\\\/vitablanca.ma\\\/produit\\\/reelle-coloration-pour-cheveux-5-6-brun-moka\\\/#breadcrumb\",\"itemListElement\":[{\"@type\":\"ListItem\",\"position\":1,\"name\":\"Home\",\"item\":\"https:\\\/\\\/vitablanca.ma\\\/\"},{\"@type\":\"ListItem\",\"position\":2,\"name\":\"Tous Les Produits\",\"item\":\"https:\\\/\\\/vitablanca.ma\\\/tous-les-produits\\\/\"},{\"@type\":\"ListItem\",\"position\":3,\"name\":\"r\u00e9ell&#8217;e &#8211; Coloration pour cheveux 5.6 brun moka\"}]},{\"@type\":\"WebSite\",\"@id\":\"https:\\\/\\\/vitablanca.ma\\\/#website\",\"url\":\"https:\\\/\\\/vitablanca.ma\\\/\",\"name\":\"VitaBlanca.ma | Compl\u00e9ments alimentaires, sant\u00e9 & beaut\u00e9 au Maroc\",\"description\":\"vendre vitamines et compl\u00e9ments premium des USA &amp; Canada, Nouvelle Z\u00e9lande,Maroc (NOW Foods, Solgar, Manuka). Livraison rapide partout au Maroc.\",\"publisher\":{\"@id\":\"https:\\\/\\\/vitablanca.ma\\\/#organization\"},\"alternateName\":\"VitaBlanca.ma\",\"potentialAction\":[{\"@type\":\"SearchAction\",\"target\":{\"@type\":\"EntryPoint\",\"urlTemplate\":\"https:\\\/\\\/vitablanca.ma\\\/?s={search_term_string}\"},\"query-input\":{\"@type\":\"PropertyValueSpecification\",\"valueRequired\":true,\"valueName\":\"search_term_string\"}}],\"inLanguage\":\"en-US\"},{\"@type\":\"Organization\",\"@id\":\"https:\\\/\\\/vitablanca.ma\\\/#organization\",\"name\":\"VitaBlanca\",\"url\":\"https:\\\/\\\/vitablanca.ma\\\/\",\"logo\":{\"@type\":\"ImageObject\",\"inLanguage\":\"en-US\",\"@id\":\"https:\\\/\\\/vitablanca.ma\\\/#\\\/schema\\\/logo\\\/image\\\/\",\"url\":\"https:\\\/\\\/vitablanca.ma\\\/wp-content\\\/uploads\\\/2025\\\/05\\\/cropped-vitablanca.png\",\"contentUrl\":\"https:\\\/\\\/vitablanca.ma\\\/wp-content\\\/uploads\\\/2025\\\/05\\\/cropped-vitablanca.png\",\"width\":360,\"height\":67,\"caption\":\"VitaBlanca\"},\"image\":{\"@id\":\"https:\\\/\\\/vitablanca.ma\\\/#\\\/schema\\\/logo\\\/image\\\/\"},\"sameAs\":[\"https:\\\/\\\/www.facebook.com\\\/profile.php?id=61576678196717\",\"https:\\\/\\\/www.tiktok.com\\\/@vitablanca.ma\",\"https:\\\/\\\/www.instagram.com\\\/vitablanca.ma\\\/\"]}]}<\/script>\n<!-- \/ Yoast SEO plugin. -->","yoast_head_json":{"title":"R\u00e9ell\u2019e Coloration Cheveux 5.6 Brun Moka - Maroc Prix","description":"R\u00e9ell\u2019e Coloration Cheveux 5.6 Brun Moka offre une couleur riche et naturelle. Coloration permanente facile \u00e0 appliquer pour cheveux brillants et \u00e9clatants.","robots":{"index":"index","follow":"follow","max-snippet":"max-snippet:-1","max-image-preview":"max-image-preview:large","max-video-preview":"max-video-preview:-1"},"canonical":"https:\/\/vitablanca.ma\/en\/product\/reelle-coloration-pour-cheveux-5-6-brun-moka\/","og_locale":"en_US","og_type":"article","og_title":"R\u00e9ell\u2019e Coloration Cheveux 5.6 Brun Moka - Maroc Prix","og_description":"R\u00e9ell\u2019e Coloration Cheveux 5.6 Brun Moka offre une couleur riche et naturelle. Coloration permanente facile \u00e0 appliquer pour cheveux brillants et \u00e9clatants.","og_url":"https:\/\/vitablanca.ma\/en\/product\/reelle-coloration-pour-cheveux-5-6-brun-moka\/","og_site_name":"Vitablanca.ma &ndash; Sant&eacute;, vitalit&eacute; et bien-&ecirc;tre pour tous les Marocains","article_publisher":"https:\/\/www.facebook.com\/profile.php?id=61576678196717","article_modified_time":"2026-01-27T21:24:35+00:00","og_image":[{"width":1200,"height":1200,"url":"https:\/\/vitablanca.ma\/wp-content\/uploads\/2025\/07\/4066447330687-4040386.png","type":"image\/png"}],"twitter_card":"summary_large_image","twitter_misc":{"Est. reading time":"3 minutes"},"schema":{"@context":"https:\/\/schema.org","@graph":[{"@type":["WebPage","ItemPage"],"@id":"https:\/\/vitablanca.ma\/produit\/reelle-coloration-pour-cheveux-5-6-brun-moka\/","url":"https:\/\/vitablanca.ma\/produit\/reelle-coloration-pour-cheveux-5-6-brun-moka\/","name":"R\u00e9ell\u2019e Coloration Cheveux 5.6 Brun Moka - Maroc Prix","isPartOf":{"@id":"https:\/\/vitablanca.ma\/#website"},"primaryImageOfPage":{"@id":"https:\/\/vitablanca.ma\/produit\/reelle-coloration-pour-cheveux-5-6-brun-moka\/#primaryimage"},"image":{"@id":"https:\/\/vitablanca.ma\/produit\/reelle-coloration-pour-cheveux-5-6-brun-moka\/#primaryimage"},"thumbnailUrl":"https:\/\/vitablanca.ma\/wp-content\/uploads\/2025\/07\/4066447330687-4040386.png","datePublished":"2025-07-10T18:28:21+00:00","dateModified":"2026-01-27T21:24:35+00:00","description":"R\u00e9ell\u2019e Coloration Cheveux 5.6 Brun Moka offre une couleur riche et naturelle. Coloration permanente facile \u00e0 appliquer pour cheveux brillants et \u00e9clatants.","breadcrumb":{"@id":"https:\/\/vitablanca.ma\/produit\/reelle-coloration-pour-cheveux-5-6-brun-moka\/#breadcrumb"},"inLanguage":"en-US","potentialAction":[{"@type":"ReadAction","target":["https:\/\/vitablanca.ma\/produit\/reelle-coloration-pour-cheveux-5-6-brun-moka\/"]}]},{"@type":"ImageObject","inLanguage":"en-US","@id":"https:\/\/vitablanca.ma\/produit\/reelle-coloration-pour-cheveux-5-6-brun-moka\/#primaryimage","url":"https:\/\/vitablanca.ma\/wp-content\/uploads\/2025\/07\/4066447330687-4040386.png","contentUrl":"https:\/\/vitablanca.ma\/wp-content\/uploads\/2025\/07\/4066447330687-4040386.png","width":1200,"height":1200},{"@type":"BreadcrumbList","@id":"https:\/\/vitablanca.ma\/produit\/reelle-coloration-pour-cheveux-5-6-brun-moka\/#breadcrumb","itemListElement":[{"@type":"ListItem","position":1,"name":"Home","item":"https:\/\/vitablanca.ma\/"},{"@type":"ListItem","position":2,"name":"Tous Les Produits","item":"https:\/\/vitablanca.ma\/tous-les-produits\/"},{"@type":"ListItem","position":3,"name":"r\u00e9ell&#8217;e &#8211; Coloration pour cheveux 5.6 brun moka"}]},{"@type":"WebSite","@id":"https:\/\/vitablanca.ma\/#website","url":"https:\/\/vitablanca.ma\/","name":"VitaBlanca.ma | Food supplements, health &amp; beauty in Morocco","description":"sell premium vitamins and supplements from USA &amp; Canada, New Zealand, Morocco (NOW Foods, Solgar, Manuka). Fast delivery anywhere in Morocco.","publisher":{"@id":"https:\/\/vitablanca.ma\/#organization"},"alternateName":"VitaBlanca.ma","potentialAction":[{"@type":"SearchAction","target":{"@type":"EntryPoint","urlTemplate":"https:\/\/vitablanca.ma\/?s={search_term_string}"},"query-input":{"@type":"PropertyValueSpecification","valueRequired":true,"valueName":"search_term_string"}}],"inLanguage":"en-US"},{"@type":"Organization","@id":"https:\/\/vitablanca.ma\/#organization","name":"VitaBlanca","url":"https:\/\/vitablanca.ma\/","logo":{"@type":"ImageObject","inLanguage":"en-US","@id":"https:\/\/vitablanca.ma\/#\/schema\/logo\/image\/","url":"https:\/\/vitablanca.ma\/wp-content\/uploads\/2025\/05\/cropped-vitablanca.png","contentUrl":"https:\/\/vitablanca.ma\/wp-content\/uploads\/2025\/05\/cropped-vitablanca.png","width":360,"height":67,"caption":"VitaBlanca"},"image":{"@id":"https:\/\/vitablanca.ma\/#\/schema\/logo\/image\/"},"sameAs":["https:\/\/www.facebook.com\/profile.php?id=61576678196717","https:\/\/www.tiktok.com\/@vitablanca.ma","https:\/\/www.instagram.com\/vitablanca.ma\/"]}]}},"jetpack_sharing_enabled":true,"_links":{"self":[{"href":"https:\/\/vitablanca.ma\/en\/wp-json\/wp\/v2\/product\/23771","targetHints":{"allow":["GET"]}}],"collection":[{"href":"https:\/\/vitablanca.ma\/en\/wp-json\/wp\/v2\/product"}],"about":[{"href":"https:\/\/vitablanca.ma\/en\/wp-json\/wp\/v2\/types\/product"}],"wp:featuredmedia":[{"embeddable":true,"href":"https:\/\/vitablanca.ma\/en\/wp-json\/wp\/v2\/media\/23767"}],"wp:attachment":[{"href":"https:\/\/vitablanca.ma\/en\/wp-json\/wp\/v2\/media?parent=23771"}],"wp:term":[{"taxonomy":"product_brand","embeddable":true,"href":"https:\/\/vitablanca.ma\/en\/wp-json\/wp\/v2\/product_brand?post=23771"},{"taxonomy":"product_cat","embeddable":true,"href":"https:\/\/vitablanca.ma\/en\/wp-json\/wp\/v2\/product_cat?post=23771"},{"taxonomy":"product_tag","embeddable":true,"href":"https:\/\/vitablanca.ma\/en\/wp-json\/wp\/v2\/product_tag?post=23771"}],"curies":[{"name":"wp","href":"https:\/\/api.w.org\/{rel}","templated":true}]}}