{"id":23749,"date":"2025-07-10T18:26:24","date_gmt":"2025-07-10T18:26:24","guid":{"rendered":"https:\/\/vitablanca.ma\/product\/balea-lait-corporel-leger\/"},"modified":"2026-01-27T21:36:38","modified_gmt":"2026-01-27T21:36:38","slug":"balea-lait-corporel-leger","status":"publish","type":"product","link":"https:\/\/vitablanca.ma\/en\/product\/balea-lait-corporel-leger\/","title":{"rendered":"Balea \u2013 Light body milk"},"content":{"rendered":"<h3>Light hydration, skin looks sublime all day long! \ud83c\udf1e\ud83d\udca7<\/h3>\n<ul>\n<li>Skin type: Normal<\/li>\n<li>Caract\u00e9ristiques du produit:Sans alcool, Sans sels d\u2019aluminium, Sans colorants, Sans nanoparticules, Sans parab\u00e8nes, Sans paraffine \/ huiles min\u00e9rales, Vegan<\/li>\n<li>Rapid penetration<\/li>\n<li>Moisturizing polyol-based formula<\/li>\n<li>Suitable for all skin types<\/li>\n<li>Formule sans microplastiques & polym\u00e8res purement synth\u00e9tiques solubles dans l\u2019eau<\/li>\n<li>Skin tolerance confirmed under dermatological control<\/li>\n<li>400 ml<\/li>\n<\/ul>\n<h4><strong><span style=\"font-size: 11pt; line-height: 104%; font-family: 'Segoe UI Emoji', sans-serif;\">\ud83d\udccc<\/span><span lang=\"EN-US\" style=\"font-size: 11pt; line-height: 104%; font-family: Arial, sans-serif;\"> Product Description<\/span><\/strong><\/h4>\n<p>La lotion corporelle l\u00e9g\u00e8re Balea procure \u00e0 la peau une sensation de bien-\u00eatre durable \u2013 pour les soins quotidiens. Elle hydrate efficacement les peaux normales et leur procure une sensation de douceur velout\u00e9e au quotidien. La formule Moisture Care 48 heures soutient l\u2019hydratation naturelle de la peau et la formule \u00e9quilibr\u00e9e soigne et prot\u00e8ge la peau du dess\u00e8chement. De plus, la vitamine E et l\u2019huile de tournesol prennent soin de vous. L\u2019\u00e9mulsion l\u00e9g\u00e8re s\u2019\u00e9tale facilement et p\u00e9n\u00e8tre rapidement.<\/p>\n<h4><strong><span style=\"font-size: 11pt; line-height: 104%; font-family: 'Segoe UI Emoji', sans-serif;\">\ud83d\udca1<\/span><span lang=\"EN-US\" style=\"font-size: 11pt; line-height: 104%; font-family: Arial, sans-serif;\"> Directions for use<\/span><\/strong><\/h4>\n<p>Apply daily, massaging gently in circular motions.<\/p>\n<p>\u00a0<\/p>","protected":false},"excerpt":{"rendered":"<p>Hydratation l\u00e9g\u00e8re, peau sublim\u00e9e toute la journ\u00e9e\u202f! \ud83c\udf1e\ud83d\udca7 Type de peau: Normale Caract\u00e9ristiques du produit:Sans alcool, Sans sels d\u2019aluminium, Sans colorants, Sans nanoparticules, Sans parab\u00e8nes, Sans paraffine \/ huiles min\u00e9rales, Vegan P\u00e9n\u00e9tration rapide Formule hydratante \u00e0 base de polyol Convient \u00e0 toutes les peaux Formule sans microplastiques &#038; polym\u00e8res purement synth\u00e9tiques solubles dans l\u2019eau Tol\u00e9rance [&hellip;]<\/p>\n","protected":false},"featured_media":23746,"template":"","meta":{"om_disable_all_campaigns":false},"product_brand":[3236],"product_cat":[18],"product_tag":[3237,3240,6513,3238,3239,3241,6518,6514,6519,6517,6515,6516,6520],"class_list":{"0":"post-23749","1":"product","2":"type-product","3":"status-publish","4":"has-post-thumbnail","6":"product_brand-balea-dm-prix-maroc","7":"product_cat-beaute-sante","8":"product_tag-balea","9":"product_tag-balea-dm","10":"product_tag-balea-lait-corporel-leger","11":"product_tag-balea-maroc","12":"product_tag-balea-morocco","13":"product_tag-dm-maroc","14":"product_tag-hydratation-corps-quotidienne","15":"product_tag-lait-corps-hydratant","16":"product_tag-lait-corps-non-gras","17":"product_tag-lait-hydratant-peau-douce","18":"product_tag-lotion-corporelle-legere","19":"product_tag-soin-corps-balea","20":"product_tag-soin-corps-maroc","22":"first","23":"instock","24":"taxable","25":"shipping-taxable","26":"purchasable","27":"product-type-simple"},"yoast_head":"<!-- This site is optimized with the Yoast SEO plugin v27.5 - https:\/\/yoast.com\/product\/yoast-seo-wordpress\/ -->\n<title>Balea Lait Corporel L\u00e9ger - Maroc Prix<\/title>\n<meta name=\"description\" content=\"Balea Lait Corporel L\u00e9ger hydrate la peau en profondeur tout en laissant une sensation de l\u00e9g\u00e8ret\u00e9. Convient \u00e0 un usage quotidien pour une peau douce .\" \/>\n<meta name=\"robots\" content=\"index, follow, max-snippet:-1, max-image-preview:large, max-video-preview:-1\" \/>\n<link rel=\"canonical\" href=\"https:\/\/vitablanca.ma\/en\/product\/balea-lait-corporel-leger\/\" \/>\n<meta property=\"og:locale\" content=\"en_US\" \/>\n<meta property=\"og:type\" content=\"article\" \/>\n<meta property=\"og:title\" content=\"Balea Lait Corporel L\u00e9ger - Maroc Prix\" \/>\n<meta property=\"og:description\" content=\"Balea Lait Corporel L\u00e9ger hydrate la peau en profondeur tout en laissant une sensation de l\u00e9g\u00e8ret\u00e9. Convient \u00e0 un usage quotidien pour une peau douce .\" \/>\n<meta property=\"og:url\" content=\"https:\/\/vitablanca.ma\/en\/product\/balea-lait-corporel-leger\/\" \/>\n<meta property=\"og:site_name\" content=\"Vitablanca.ma &ndash; Sant&eacute;, vitalit&eacute; et bien-&ecirc;tre pour tous les Marocains\" \/>\n<meta property=\"article:publisher\" content=\"https:\/\/www.facebook.com\/profile.php?id=61576678196717\" \/>\n<meta property=\"article:modified_time\" content=\"2026-01-27T21:36:38+00:00\" \/>\n<meta property=\"og:image\" content=\"https:\/\/vitablanca.ma\/wp-content\/uploads\/2025\/07\/4066447366044-593935106.png\" \/>\n\t<meta property=\"og:image:width\" content=\"1200\" \/>\n\t<meta property=\"og:image:height\" content=\"1200\" \/>\n\t<meta property=\"og:image:type\" content=\"image\/png\" \/>\n<meta name=\"twitter:card\" content=\"summary_large_image\" \/>\n<meta name=\"twitter:label1\" content=\"Est. reading time\" \/>\n\t<meta name=\"twitter:data1\" content=\"1 minute\" \/>\n<script type=\"application\/ld+json\" class=\"yoast-schema-graph\">{\"@context\":\"https:\\\/\\\/schema.org\",\"@graph\":[{\"@type\":[\"WebPage\",\"ItemPage\"],\"@id\":\"https:\\\/\\\/vitablanca.ma\\\/produit\\\/balea-lait-corporel-leger\\\/\",\"url\":\"https:\\\/\\\/vitablanca.ma\\\/produit\\\/balea-lait-corporel-leger\\\/\",\"name\":\"Balea Lait Corporel L\u00e9ger - Maroc Prix\",\"isPartOf\":{\"@id\":\"https:\\\/\\\/vitablanca.ma\\\/#website\"},\"primaryImageOfPage\":{\"@id\":\"https:\\\/\\\/vitablanca.ma\\\/produit\\\/balea-lait-corporel-leger\\\/#primaryimage\"},\"image\":{\"@id\":\"https:\\\/\\\/vitablanca.ma\\\/produit\\\/balea-lait-corporel-leger\\\/#primaryimage\"},\"thumbnailUrl\":\"https:\\\/\\\/vitablanca.ma\\\/wp-content\\\/uploads\\\/2025\\\/07\\\/4066447366044-593935106.png\",\"datePublished\":\"2025-07-10T18:26:24+00:00\",\"dateModified\":\"2026-01-27T21:36:38+00:00\",\"description\":\"Balea Lait Corporel L\u00e9ger hydrate la peau en profondeur tout en laissant une sensation de l\u00e9g\u00e8ret\u00e9. Convient \u00e0 un usage quotidien pour une peau douce .\",\"breadcrumb\":{\"@id\":\"https:\\\/\\\/vitablanca.ma\\\/produit\\\/balea-lait-corporel-leger\\\/#breadcrumb\"},\"inLanguage\":\"en-US\",\"potentialAction\":[{\"@type\":\"ReadAction\",\"target\":[\"https:\\\/\\\/vitablanca.ma\\\/produit\\\/balea-lait-corporel-leger\\\/\"]}]},{\"@type\":\"ImageObject\",\"inLanguage\":\"en-US\",\"@id\":\"https:\\\/\\\/vitablanca.ma\\\/produit\\\/balea-lait-corporel-leger\\\/#primaryimage\",\"url\":\"https:\\\/\\\/vitablanca.ma\\\/wp-content\\\/uploads\\\/2025\\\/07\\\/4066447366044-593935106.png\",\"contentUrl\":\"https:\\\/\\\/vitablanca.ma\\\/wp-content\\\/uploads\\\/2025\\\/07\\\/4066447366044-593935106.png\",\"width\":1200,\"height\":1200},{\"@type\":\"BreadcrumbList\",\"@id\":\"https:\\\/\\\/vitablanca.ma\\\/produit\\\/balea-lait-corporel-leger\\\/#breadcrumb\",\"itemListElement\":[{\"@type\":\"ListItem\",\"position\":1,\"name\":\"Home\",\"item\":\"https:\\\/\\\/vitablanca.ma\\\/\"},{\"@type\":\"ListItem\",\"position\":2,\"name\":\"Tous Les Produits\",\"item\":\"https:\\\/\\\/vitablanca.ma\\\/tous-les-produits\\\/\"},{\"@type\":\"ListItem\",\"position\":3,\"name\":\"Balea &#8211; Lait corporel l\u00e9ger\"}]},{\"@type\":\"WebSite\",\"@id\":\"https:\\\/\\\/vitablanca.ma\\\/#website\",\"url\":\"https:\\\/\\\/vitablanca.ma\\\/\",\"name\":\"VitaBlanca.ma | Compl\u00e9ments alimentaires, sant\u00e9 & beaut\u00e9 au Maroc\",\"description\":\"vendre vitamines et compl\u00e9ments premium des USA &amp; Canada, Nouvelle Z\u00e9lande,Maroc (NOW Foods, Solgar, Manuka). Livraison rapide partout au Maroc.\",\"publisher\":{\"@id\":\"https:\\\/\\\/vitablanca.ma\\\/#organization\"},\"alternateName\":\"VitaBlanca.ma\",\"potentialAction\":[{\"@type\":\"SearchAction\",\"target\":{\"@type\":\"EntryPoint\",\"urlTemplate\":\"https:\\\/\\\/vitablanca.ma\\\/?s={search_term_string}\"},\"query-input\":{\"@type\":\"PropertyValueSpecification\",\"valueRequired\":true,\"valueName\":\"search_term_string\"}}],\"inLanguage\":\"en-US\"},{\"@type\":\"Organization\",\"@id\":\"https:\\\/\\\/vitablanca.ma\\\/#organization\",\"name\":\"VitaBlanca\",\"url\":\"https:\\\/\\\/vitablanca.ma\\\/\",\"logo\":{\"@type\":\"ImageObject\",\"inLanguage\":\"en-US\",\"@id\":\"https:\\\/\\\/vitablanca.ma\\\/#\\\/schema\\\/logo\\\/image\\\/\",\"url\":\"https:\\\/\\\/vitablanca.ma\\\/wp-content\\\/uploads\\\/2025\\\/05\\\/cropped-vitablanca.png\",\"contentUrl\":\"https:\\\/\\\/vitablanca.ma\\\/wp-content\\\/uploads\\\/2025\\\/05\\\/cropped-vitablanca.png\",\"width\":360,\"height\":67,\"caption\":\"VitaBlanca\"},\"image\":{\"@id\":\"https:\\\/\\\/vitablanca.ma\\\/#\\\/schema\\\/logo\\\/image\\\/\"},\"sameAs\":[\"https:\\\/\\\/www.facebook.com\\\/profile.php?id=61576678196717\",\"https:\\\/\\\/www.tiktok.com\\\/@vitablanca.ma\",\"https:\\\/\\\/www.instagram.com\\\/vitablanca.ma\\\/\"]}]}<\/script>\n<!-- \/ Yoast SEO plugin. -->","yoast_head_json":{"title":"Balea Lait Corporel L\u00e9ger - Maroc Prix","description":"Balea Lait Corporel L\u00e9ger hydrate la peau en profondeur tout en laissant une sensation de l\u00e9g\u00e8ret\u00e9. Convient \u00e0 un usage quotidien pour une peau douce .","robots":{"index":"index","follow":"follow","max-snippet":"max-snippet:-1","max-image-preview":"max-image-preview:large","max-video-preview":"max-video-preview:-1"},"canonical":"https:\/\/vitablanca.ma\/en\/product\/balea-lait-corporel-leger\/","og_locale":"en_US","og_type":"article","og_title":"Balea Lait Corporel L\u00e9ger - Maroc Prix","og_description":"Balea Lait Corporel L\u00e9ger hydrate la peau en profondeur tout en laissant une sensation de l\u00e9g\u00e8ret\u00e9. Convient \u00e0 un usage quotidien pour une peau douce .","og_url":"https:\/\/vitablanca.ma\/en\/product\/balea-lait-corporel-leger\/","og_site_name":"Vitablanca.ma &ndash; Sant&eacute;, vitalit&eacute; et bien-&ecirc;tre pour tous les Marocains","article_publisher":"https:\/\/www.facebook.com\/profile.php?id=61576678196717","article_modified_time":"2026-01-27T21:36:38+00:00","og_image":[{"width":1200,"height":1200,"url":"https:\/\/vitablanca.ma\/wp-content\/uploads\/2025\/07\/4066447366044-593935106.png","type":"image\/png"}],"twitter_card":"summary_large_image","twitter_misc":{"Est. reading time":"1 minute"},"schema":{"@context":"https:\/\/schema.org","@graph":[{"@type":["WebPage","ItemPage"],"@id":"https:\/\/vitablanca.ma\/produit\/balea-lait-corporel-leger\/","url":"https:\/\/vitablanca.ma\/produit\/balea-lait-corporel-leger\/","name":"Balea Lait Corporel L\u00e9ger - Maroc Prix","isPartOf":{"@id":"https:\/\/vitablanca.ma\/#website"},"primaryImageOfPage":{"@id":"https:\/\/vitablanca.ma\/produit\/balea-lait-corporel-leger\/#primaryimage"},"image":{"@id":"https:\/\/vitablanca.ma\/produit\/balea-lait-corporel-leger\/#primaryimage"},"thumbnailUrl":"https:\/\/vitablanca.ma\/wp-content\/uploads\/2025\/07\/4066447366044-593935106.png","datePublished":"2025-07-10T18:26:24+00:00","dateModified":"2026-01-27T21:36:38+00:00","description":"Balea Lait Corporel L\u00e9ger hydrate la peau en profondeur tout en laissant une sensation de l\u00e9g\u00e8ret\u00e9. Convient \u00e0 un usage quotidien pour une peau douce .","breadcrumb":{"@id":"https:\/\/vitablanca.ma\/produit\/balea-lait-corporel-leger\/#breadcrumb"},"inLanguage":"en-US","potentialAction":[{"@type":"ReadAction","target":["https:\/\/vitablanca.ma\/produit\/balea-lait-corporel-leger\/"]}]},{"@type":"ImageObject","inLanguage":"en-US","@id":"https:\/\/vitablanca.ma\/produit\/balea-lait-corporel-leger\/#primaryimage","url":"https:\/\/vitablanca.ma\/wp-content\/uploads\/2025\/07\/4066447366044-593935106.png","contentUrl":"https:\/\/vitablanca.ma\/wp-content\/uploads\/2025\/07\/4066447366044-593935106.png","width":1200,"height":1200},{"@type":"BreadcrumbList","@id":"https:\/\/vitablanca.ma\/produit\/balea-lait-corporel-leger\/#breadcrumb","itemListElement":[{"@type":"ListItem","position":1,"name":"Home","item":"https:\/\/vitablanca.ma\/"},{"@type":"ListItem","position":2,"name":"Tous Les Produits","item":"https:\/\/vitablanca.ma\/tous-les-produits\/"},{"@type":"ListItem","position":3,"name":"Balea &#8211; Lait corporel l\u00e9ger"}]},{"@type":"WebSite","@id":"https:\/\/vitablanca.ma\/#website","url":"https:\/\/vitablanca.ma\/","name":"VitaBlanca.ma | Food supplements, health &amp; beauty in Morocco","description":"sell premium vitamins and supplements from USA &amp; Canada, New Zealand, Morocco (NOW Foods, Solgar, Manuka). Fast delivery anywhere in Morocco.","publisher":{"@id":"https:\/\/vitablanca.ma\/#organization"},"alternateName":"VitaBlanca.ma","potentialAction":[{"@type":"SearchAction","target":{"@type":"EntryPoint","urlTemplate":"https:\/\/vitablanca.ma\/?s={search_term_string}"},"query-input":{"@type":"PropertyValueSpecification","valueRequired":true,"valueName":"search_term_string"}}],"inLanguage":"en-US"},{"@type":"Organization","@id":"https:\/\/vitablanca.ma\/#organization","name":"VitaBlanca","url":"https:\/\/vitablanca.ma\/","logo":{"@type":"ImageObject","inLanguage":"en-US","@id":"https:\/\/vitablanca.ma\/#\/schema\/logo\/image\/","url":"https:\/\/vitablanca.ma\/wp-content\/uploads\/2025\/05\/cropped-vitablanca.png","contentUrl":"https:\/\/vitablanca.ma\/wp-content\/uploads\/2025\/05\/cropped-vitablanca.png","width":360,"height":67,"caption":"VitaBlanca"},"image":{"@id":"https:\/\/vitablanca.ma\/#\/schema\/logo\/image\/"},"sameAs":["https:\/\/www.facebook.com\/profile.php?id=61576678196717","https:\/\/www.tiktok.com\/@vitablanca.ma","https:\/\/www.instagram.com\/vitablanca.ma\/"]}]}},"jetpack_sharing_enabled":true,"_links":{"self":[{"href":"https:\/\/vitablanca.ma\/en\/wp-json\/wp\/v2\/product\/23749","targetHints":{"allow":["GET"]}}],"collection":[{"href":"https:\/\/vitablanca.ma\/en\/wp-json\/wp\/v2\/product"}],"about":[{"href":"https:\/\/vitablanca.ma\/en\/wp-json\/wp\/v2\/types\/product"}],"wp:featuredmedia":[{"embeddable":true,"href":"https:\/\/vitablanca.ma\/en\/wp-json\/wp\/v2\/media\/23746"}],"wp:attachment":[{"href":"https:\/\/vitablanca.ma\/en\/wp-json\/wp\/v2\/media?parent=23749"}],"wp:term":[{"taxonomy":"product_brand","embeddable":true,"href":"https:\/\/vitablanca.ma\/en\/wp-json\/wp\/v2\/product_brand?post=23749"},{"taxonomy":"product_cat","embeddable":true,"href":"https:\/\/vitablanca.ma\/en\/wp-json\/wp\/v2\/product_cat?post=23749"},{"taxonomy":"product_tag","embeddable":true,"href":"https:\/\/vitablanca.ma\/en\/wp-json\/wp\/v2\/product_tag?post=23749"}],"curies":[{"name":"wp","href":"https:\/\/api.w.org\/{rel}","templated":true}]}}