{"id":23745,"date":"2025-07-10T18:26:04","date_gmt":"2025-07-10T18:26:04","guid":{"rendered":"https:\/\/vitablanca.ma\/product\/balea-gel-douche-gourmande-baie-lavande\/"},"modified":"2026-01-27T21:41:08","modified_gmt":"2026-01-27T21:41:08","slug":"balea-gel-douche-gourmande-baie-lavande","status":"publish","type":"product","link":"https:\/\/vitablanca.ma\/en\/product\/balea-gel-douche-gourmande-baie-lavande\/","title":{"rendered":"Balea \u2013 Berry &amp; Lavender gourmet shower gel"},"content":{"rendered":"<h3>A fruity &amp; floral cocktail for soft and soothed skin \ud83c\udf3f\u2728<\/h3>\n<ul>\n<li>Skin type: Normal, Sensitive \/ Delicate<\/li>\n<li>Product type: Shower gel<\/li>\n<li>Area of use: Body<\/li>\n<li>Alcohol-free, Colorant-free, Nanoparticle-free, Paraben-free, Paraffin\/mineral oil-free, pH-neutral for skin, Vegan<\/li>\n<li>Texture \/ Consistency \/ Application: Gel<\/li>\n<li>Almond Oil Care Formula<\/li>\n<li>Protection against drying out<\/li>\n<li>Sensual scent of berries and lavender<\/li>\n<li>Gentle, pH-neutral formula for skin<\/li>\n<li>Suitable for sensitive skin.<\/li>\n<li>Volume: 300 ml<\/li>\n<\/ul>\n<h4><strong><span style=\"font-size: 11pt; line-height: 104%; font-family: 'Segoe UI Emoji', sans-serif;\">\ud83d\udccc<\/span><span lang=\"EN-US\" style=\"font-size: 11pt; line-height: 104%; font-family: Arial, sans-serif;\"> Product Description<\/span><\/strong><\/h4>\n<p>Balea&#039;s Berry Shower Gel leaves skin feeling soft and indulges the senses with its uplifting berry and lavender scent. The rich almond oil formula pampers the skin and provides gentle care right from the shower. The gentle, pH-neutral formula protects skin from drying out.<\/p>","protected":false},"excerpt":{"rendered":"<p>Un cocktail fruit\u00e9 &amp; fleuri pour une peau douce et apais\u00e9e \ud83c\udf3f\u2728 Type de peau: Normale, Sensible \/ d\u00e9licate Type de produit: Gel douche Domaine d&rsquo;utilisation: Corps Sans alcool, Sans colorant, Sans nanoparticules, Sans parab\u00e8ne, Sans paraffine \/ huiles min\u00e9rales, pH-neutre pour la peau, Vegan Texture \/ Consistance \/ Application:Gel Formule de soin \u00e0 l&rsquo;huile [&hellip;]<\/p>\n","protected":false},"featured_media":23742,"template":"","meta":{"om_disable_all_campaigns":false},"product_brand":[3236],"product_cat":[18],"product_tag":[3237,3240,6521,3238,3239,3241,6527,6522,6528,6526,6524,6523,6529,6525],"class_list":{"0":"post-23745","1":"product","2":"type-product","3":"status-publish","4":"has-post-thumbnail","6":"product_brand-balea-dm-prix-maroc","7":"product_cat-beaute-sante","8":"product_tag-balea","9":"product_tag-balea-dm","10":"product_tag-balea-gel-douche-gourmande","11":"product_tag-balea-maroc","12":"product_tag-balea-morocco","13":"product_tag-dm-maroc","14":"product_tag-gel-douche-allemagne","15":"product_tag-gel-douche-baie-lavande","16":"product_tag-gel-douche-doux","17":"product_tag-gel-douche-hydratant","18":"product_tag-gel-douche-parfum-fruite","19":"product_tag-gel-douche-parfum-lavande","20":"product_tag-gel-douche-quotidien","21":"product_tag-soin-douche-balea","23":"first","24":"instock","25":"taxable","26":"shipping-taxable","27":"purchasable","28":"product-type-simple"},"yoast_head":"<!-- This site is optimized with the Yoast SEO plugin v27.4 - https:\/\/yoast.com\/product\/yoast-seo-wordpress\/ -->\n<title>Balea Gel Douche Gourmande Baie &amp; Lavande - Maroc Prix<\/title>\n<meta name=\"description\" content=\"Balea Gel Douche Gourmande Baie &amp; Lavande nettoie en douceur tout en laissant un parfum fruit\u00e9 et relaxant. Texture cr\u00e9meuse pour une peau douce et fra\u00eeche.\" \/>\n<meta name=\"robots\" content=\"index, follow, max-snippet:-1, max-image-preview:large, max-video-preview:-1\" \/>\n<link rel=\"canonical\" href=\"https:\/\/vitablanca.ma\/en\/product\/balea-gel-douche-gourmande-baie-lavande\/\" \/>\n<meta property=\"og:locale\" content=\"en_US\" \/>\n<meta property=\"og:type\" content=\"article\" \/>\n<meta property=\"og:title\" content=\"Balea Gel Douche Gourmande Baie &amp; Lavande - Maroc Prix\" \/>\n<meta property=\"og:description\" content=\"Balea Gel Douche Gourmande Baie &amp; Lavande nettoie en douceur tout en laissant un parfum fruit\u00e9 et relaxant. Texture cr\u00e9meuse pour une peau douce et fra\u00eeche.\" \/>\n<meta property=\"og:url\" content=\"https:\/\/vitablanca.ma\/en\/product\/balea-gel-douche-gourmande-baie-lavande\/\" \/>\n<meta property=\"og:site_name\" content=\"Vitablanca.ma &ndash; Sant&eacute;, vitalit&eacute; et bien-&ecirc;tre pour tous les Marocains\" \/>\n<meta property=\"article:publisher\" content=\"https:\/\/www.facebook.com\/profile.php?id=61576678196717\" \/>\n<meta property=\"article:modified_time\" content=\"2026-01-27T21:41:08+00:00\" \/>\n<meta property=\"og:image\" content=\"https:\/\/vitablanca.ma\/wp-content\/uploads\/2025\/07\/4066447519907-1924028730.png\" \/>\n\t<meta property=\"og:image:width\" content=\"1204\" \/>\n\t<meta property=\"og:image:height\" content=\"1200\" \/>\n\t<meta property=\"og:image:type\" content=\"image\/png\" \/>\n<meta name=\"twitter:card\" content=\"summary_large_image\" \/>\n<meta name=\"twitter:label1\" content=\"Est. reading time\" \/>\n\t<meta name=\"twitter:data1\" content=\"1 minute\" \/>\n<script type=\"application\/ld+json\" class=\"yoast-schema-graph\">{\"@context\":\"https:\\\/\\\/schema.org\",\"@graph\":[{\"@type\":[\"WebPage\",\"ItemPage\"],\"@id\":\"https:\\\/\\\/vitablanca.ma\\\/produit\\\/balea-gel-douche-gourmande-baie-lavande\\\/\",\"url\":\"https:\\\/\\\/vitablanca.ma\\\/produit\\\/balea-gel-douche-gourmande-baie-lavande\\\/\",\"name\":\"Balea Gel Douche Gourmande Baie & Lavande - Maroc Prix\",\"isPartOf\":{\"@id\":\"https:\\\/\\\/vitablanca.ma\\\/#website\"},\"primaryImageOfPage\":{\"@id\":\"https:\\\/\\\/vitablanca.ma\\\/produit\\\/balea-gel-douche-gourmande-baie-lavande\\\/#primaryimage\"},\"image\":{\"@id\":\"https:\\\/\\\/vitablanca.ma\\\/produit\\\/balea-gel-douche-gourmande-baie-lavande\\\/#primaryimage\"},\"thumbnailUrl\":\"https:\\\/\\\/vitablanca.ma\\\/wp-content\\\/uploads\\\/2025\\\/07\\\/4066447519907-1924028730.png\",\"datePublished\":\"2025-07-10T18:26:04+00:00\",\"dateModified\":\"2026-01-27T21:41:08+00:00\",\"description\":\"Balea Gel Douche Gourmande Baie & Lavande nettoie en douceur tout en laissant un parfum fruit\u00e9 et relaxant. Texture cr\u00e9meuse pour une peau douce et fra\u00eeche.\",\"breadcrumb\":{\"@id\":\"https:\\\/\\\/vitablanca.ma\\\/produit\\\/balea-gel-douche-gourmande-baie-lavande\\\/#breadcrumb\"},\"inLanguage\":\"en-US\",\"potentialAction\":[{\"@type\":\"ReadAction\",\"target\":[\"https:\\\/\\\/vitablanca.ma\\\/produit\\\/balea-gel-douche-gourmande-baie-lavande\\\/\"]}]},{\"@type\":\"ImageObject\",\"inLanguage\":\"en-US\",\"@id\":\"https:\\\/\\\/vitablanca.ma\\\/produit\\\/balea-gel-douche-gourmande-baie-lavande\\\/#primaryimage\",\"url\":\"https:\\\/\\\/vitablanca.ma\\\/wp-content\\\/uploads\\\/2025\\\/07\\\/4066447519907-1924028730.png\",\"contentUrl\":\"https:\\\/\\\/vitablanca.ma\\\/wp-content\\\/uploads\\\/2025\\\/07\\\/4066447519907-1924028730.png\",\"width\":1204,\"height\":1200},{\"@type\":\"BreadcrumbList\",\"@id\":\"https:\\\/\\\/vitablanca.ma\\\/produit\\\/balea-gel-douche-gourmande-baie-lavande\\\/#breadcrumb\",\"itemListElement\":[{\"@type\":\"ListItem\",\"position\":1,\"name\":\"Home\",\"item\":\"https:\\\/\\\/vitablanca.ma\\\/\"},{\"@type\":\"ListItem\",\"position\":2,\"name\":\"Tous Les Produits\",\"item\":\"https:\\\/\\\/vitablanca.ma\\\/tous-les-produits\\\/\"},{\"@type\":\"ListItem\",\"position\":3,\"name\":\"Balea &#8211; Gel douche gourmande Baie &amp; Lavande\"}]},{\"@type\":\"WebSite\",\"@id\":\"https:\\\/\\\/vitablanca.ma\\\/#website\",\"url\":\"https:\\\/\\\/vitablanca.ma\\\/\",\"name\":\"VitaBlanca.ma | Compl\u00e9ments alimentaires, sant\u00e9 & beaut\u00e9 au Maroc\",\"description\":\"vendre vitamines et compl\u00e9ments premium des USA &amp; Canada, Nouvelle Z\u00e9lande,Maroc (NOW Foods, Solgar, Manuka). Livraison rapide partout au Maroc.\",\"publisher\":{\"@id\":\"https:\\\/\\\/vitablanca.ma\\\/#organization\"},\"alternateName\":\"VitaBlanca.ma\",\"potentialAction\":[{\"@type\":\"SearchAction\",\"target\":{\"@type\":\"EntryPoint\",\"urlTemplate\":\"https:\\\/\\\/vitablanca.ma\\\/?s={search_term_string}\"},\"query-input\":{\"@type\":\"PropertyValueSpecification\",\"valueRequired\":true,\"valueName\":\"search_term_string\"}}],\"inLanguage\":\"en-US\"},{\"@type\":\"Organization\",\"@id\":\"https:\\\/\\\/vitablanca.ma\\\/#organization\",\"name\":\"VitaBlanca\",\"url\":\"https:\\\/\\\/vitablanca.ma\\\/\",\"logo\":{\"@type\":\"ImageObject\",\"inLanguage\":\"en-US\",\"@id\":\"https:\\\/\\\/vitablanca.ma\\\/#\\\/schema\\\/logo\\\/image\\\/\",\"url\":\"https:\\\/\\\/vitablanca.ma\\\/wp-content\\\/uploads\\\/2025\\\/05\\\/cropped-vitablanca.png\",\"contentUrl\":\"https:\\\/\\\/vitablanca.ma\\\/wp-content\\\/uploads\\\/2025\\\/05\\\/cropped-vitablanca.png\",\"width\":360,\"height\":67,\"caption\":\"VitaBlanca\"},\"image\":{\"@id\":\"https:\\\/\\\/vitablanca.ma\\\/#\\\/schema\\\/logo\\\/image\\\/\"},\"sameAs\":[\"https:\\\/\\\/www.facebook.com\\\/profile.php?id=61576678196717\",\"https:\\\/\\\/www.tiktok.com\\\/@vitablanca.ma\",\"https:\\\/\\\/www.instagram.com\\\/vitablanca.ma\\\/\"]}]}<\/script>\n<!-- \/ Yoast SEO plugin. -->","yoast_head_json":{"title":"Balea Gel Douche Gourmande Baie & Lavande - Maroc Prix","description":"Balea Gel Douche Gourmande Baie & Lavande nettoie en douceur tout en laissant un parfum fruit\u00e9 et relaxant. Texture cr\u00e9meuse pour une peau douce et fra\u00eeche.","robots":{"index":"index","follow":"follow","max-snippet":"max-snippet:-1","max-image-preview":"max-image-preview:large","max-video-preview":"max-video-preview:-1"},"canonical":"https:\/\/vitablanca.ma\/en\/product\/balea-gel-douche-gourmande-baie-lavande\/","og_locale":"en_US","og_type":"article","og_title":"Balea Gel Douche Gourmande Baie & Lavande - Maroc Prix","og_description":"Balea Gel Douche Gourmande Baie & Lavande nettoie en douceur tout en laissant un parfum fruit\u00e9 et relaxant. Texture cr\u00e9meuse pour une peau douce et fra\u00eeche.","og_url":"https:\/\/vitablanca.ma\/en\/product\/balea-gel-douche-gourmande-baie-lavande\/","og_site_name":"Vitablanca.ma &ndash; Sant&eacute;, vitalit&eacute; et bien-&ecirc;tre pour tous les Marocains","article_publisher":"https:\/\/www.facebook.com\/profile.php?id=61576678196717","article_modified_time":"2026-01-27T21:41:08+00:00","og_image":[{"width":1204,"height":1200,"url":"https:\/\/vitablanca.ma\/wp-content\/uploads\/2025\/07\/4066447519907-1924028730.png","type":"image\/png"}],"twitter_card":"summary_large_image","twitter_misc":{"Est. reading time":"1 minute"},"schema":{"@context":"https:\/\/schema.org","@graph":[{"@type":["WebPage","ItemPage"],"@id":"https:\/\/vitablanca.ma\/produit\/balea-gel-douche-gourmande-baie-lavande\/","url":"https:\/\/vitablanca.ma\/produit\/balea-gel-douche-gourmande-baie-lavande\/","name":"Balea Gel Douche Gourmande Baie & Lavande - Maroc Prix","isPartOf":{"@id":"https:\/\/vitablanca.ma\/#website"},"primaryImageOfPage":{"@id":"https:\/\/vitablanca.ma\/produit\/balea-gel-douche-gourmande-baie-lavande\/#primaryimage"},"image":{"@id":"https:\/\/vitablanca.ma\/produit\/balea-gel-douche-gourmande-baie-lavande\/#primaryimage"},"thumbnailUrl":"https:\/\/vitablanca.ma\/wp-content\/uploads\/2025\/07\/4066447519907-1924028730.png","datePublished":"2025-07-10T18:26:04+00:00","dateModified":"2026-01-27T21:41:08+00:00","description":"Balea Gel Douche Gourmande Baie & Lavande nettoie en douceur tout en laissant un parfum fruit\u00e9 et relaxant. Texture cr\u00e9meuse pour une peau douce et fra\u00eeche.","breadcrumb":{"@id":"https:\/\/vitablanca.ma\/produit\/balea-gel-douche-gourmande-baie-lavande\/#breadcrumb"},"inLanguage":"en-US","potentialAction":[{"@type":"ReadAction","target":["https:\/\/vitablanca.ma\/produit\/balea-gel-douche-gourmande-baie-lavande\/"]}]},{"@type":"ImageObject","inLanguage":"en-US","@id":"https:\/\/vitablanca.ma\/produit\/balea-gel-douche-gourmande-baie-lavande\/#primaryimage","url":"https:\/\/vitablanca.ma\/wp-content\/uploads\/2025\/07\/4066447519907-1924028730.png","contentUrl":"https:\/\/vitablanca.ma\/wp-content\/uploads\/2025\/07\/4066447519907-1924028730.png","width":1204,"height":1200},{"@type":"BreadcrumbList","@id":"https:\/\/vitablanca.ma\/produit\/balea-gel-douche-gourmande-baie-lavande\/#breadcrumb","itemListElement":[{"@type":"ListItem","position":1,"name":"Home","item":"https:\/\/vitablanca.ma\/"},{"@type":"ListItem","position":2,"name":"Tous Les Produits","item":"https:\/\/vitablanca.ma\/tous-les-produits\/"},{"@type":"ListItem","position":3,"name":"Balea &#8211; Gel douche gourmande Baie &amp; Lavande"}]},{"@type":"WebSite","@id":"https:\/\/vitablanca.ma\/#website","url":"https:\/\/vitablanca.ma\/","name":"VitaBlanca.ma | Food supplements, health &amp; beauty in Morocco","description":"sell premium vitamins and supplements from USA &amp; Canada, New Zealand, Morocco (NOW Foods, Solgar, Manuka). Fast delivery anywhere in Morocco.","publisher":{"@id":"https:\/\/vitablanca.ma\/#organization"},"alternateName":"VitaBlanca.ma","potentialAction":[{"@type":"SearchAction","target":{"@type":"EntryPoint","urlTemplate":"https:\/\/vitablanca.ma\/?s={search_term_string}"},"query-input":{"@type":"PropertyValueSpecification","valueRequired":true,"valueName":"search_term_string"}}],"inLanguage":"en-US"},{"@type":"Organization","@id":"https:\/\/vitablanca.ma\/#organization","name":"VitaBlanca","url":"https:\/\/vitablanca.ma\/","logo":{"@type":"ImageObject","inLanguage":"en-US","@id":"https:\/\/vitablanca.ma\/#\/schema\/logo\/image\/","url":"https:\/\/vitablanca.ma\/wp-content\/uploads\/2025\/05\/cropped-vitablanca.png","contentUrl":"https:\/\/vitablanca.ma\/wp-content\/uploads\/2025\/05\/cropped-vitablanca.png","width":360,"height":67,"caption":"VitaBlanca"},"image":{"@id":"https:\/\/vitablanca.ma\/#\/schema\/logo\/image\/"},"sameAs":["https:\/\/www.facebook.com\/profile.php?id=61576678196717","https:\/\/www.tiktok.com\/@vitablanca.ma","https:\/\/www.instagram.com\/vitablanca.ma\/"]}]}},"jetpack_sharing_enabled":true,"_links":{"self":[{"href":"https:\/\/vitablanca.ma\/en\/wp-json\/wp\/v2\/product\/23745","targetHints":{"allow":["GET"]}}],"collection":[{"href":"https:\/\/vitablanca.ma\/en\/wp-json\/wp\/v2\/product"}],"about":[{"href":"https:\/\/vitablanca.ma\/en\/wp-json\/wp\/v2\/types\/product"}],"wp:featuredmedia":[{"embeddable":true,"href":"https:\/\/vitablanca.ma\/en\/wp-json\/wp\/v2\/media\/23742"}],"wp:attachment":[{"href":"https:\/\/vitablanca.ma\/en\/wp-json\/wp\/v2\/media?parent=23745"}],"wp:term":[{"taxonomy":"product_brand","embeddable":true,"href":"https:\/\/vitablanca.ma\/en\/wp-json\/wp\/v2\/product_brand?post=23745"},{"taxonomy":"product_cat","embeddable":true,"href":"https:\/\/vitablanca.ma\/en\/wp-json\/wp\/v2\/product_cat?post=23745"},{"taxonomy":"product_tag","embeddable":true,"href":"https:\/\/vitablanca.ma\/en\/wp-json\/wp\/v2\/product_tag?post=23745"}],"curies":[{"name":"wp","href":"https:\/\/api.w.org\/{rel}","templated":true}]}}